{"id":3007,"date":"2025-09-16T08:55:54","date_gmt":"2025-09-16T08:55:54","guid":{"rendered":"https:\/\/chemsfine.com\/newsite\/?post_type=product&#038;p=3007"},"modified":"2025-12-15T09:00:58","modified_gmt":"2025-12-15T09:00:58","slug":"osta-metamfetamiineja-verkossa","status":"publish","type":"product","link":"https:\/\/buy-prescriptionz.com\/fi\/tuote\/osta-metamfetamiineja-verkossa\/","title":{"rendered":"Osta metamfetamiinia verkossa"},"content":{"rendered":"<h2>OSTA METAMFETAMIINIA VERKOSTA<\/h2>\n<p>Osta metamfetamiineja verkossa. Metamfetamiini esiintyy kahtena enantiomeerin\u00e4: levometamfetamiinina ja dekstrometamfetamiinina. Metamfetamiini viittaa varsinaisesti tiettyyn kemikaaliin, raseemiseen vapaaseen em\u00e4kseen, joka on levometamfetamiinin ja dekstrometamfetamiinin yht\u00e4 suuri seos puhtaissa amiinimuodoissaan.<\/p>\n<h3>METAMFETAMIININ OMINAISUUDET<\/h3>\n<p>Metamfetamiini on piriste, jota k\u00e4ytet\u00e4\u00e4n yleens\u00e4 valkoisena ja kitker\u00e4n makuisena jauheena tai suun kautta otettavana pillerin\u00e4. Metamfetamiini on lasinsirpaleiden, kiilt\u00e4vien, sinert\u00e4v\u00e4nvalkoisten kivien tai yksinkertaisesti valkoisten kiteiden muoto. Se on kemiallisesti samanlainen kuin amfetamiini [l\u00e4\u00e4ke, jota k\u00e4ytet\u00e4\u00e4n tarkkaavaisuus- ja ylivilkkaush\u00e4iri\u00f6n sek\u00e4 unih\u00e4iri\u00f6iden hoitoon].<\/p>\n<h3>NOUDATA SEURAAVIA VAROTOIMENPITEIT\u00c4<\/h3>\n<p>Osta metamfetamiineja verkosta. Kerro l\u00e4\u00e4k\u00e4rillesi nopeasti, jos sin\u00e4 tai perheesi huomaatte ep\u00e4tavallisia k\u00e4ytt\u00e4ytymisen muutoksia, kuten aggressiivisuuden, vihamielisyyden, kiihtyneisyyden tai \u00e4rtyneisyyden lis\u00e4\u00e4ntymist\u00e4. Jos sinulla on hallusinaatioita tai ep\u00e4tavallisia ajatuksia, varsinkin jos ne ovat uusia tai pahenevat, ota nopeasti yhteytt\u00e4 l\u00e4\u00e4k\u00e4riisi.<br \/>\nT\u00e4m\u00e4 l\u00e4\u00e4ke voi nautittuna aiheuttaa vakavia syd\u00e4n- ja verisuoniongelmia. T\u00e4m\u00e4 voi olla todenn\u00e4k\u00f6isemp\u00e4\u00e4 potilailla, joilla on suvussa syd\u00e4nsairauksia. Tarkista l\u00e4\u00e4k\u00e4rilt\u00e4si, jos sinulla on rintakipua, hengitysvaikeuksia tai py\u00f6rrytyst\u00e4 t\u00e4m\u00e4n l\u00e4\u00e4kkeen k\u00e4yt\u00f6n aikana.<\/p>\n<h3>TIETO DEXEDRINEN K\u00c4YTT\u00d6\u00d6N LIITTYVIST\u00c4 SIVUVAIKUTUKSISTA<\/h3>\n<p>Kun huumetta otetaan, kristallimetamfetamiini luo valheellisen hyvinvoinnin ja energian tunteen, joten henkil\u00f6 pyrkii ty\u00f6nt\u00e4m\u00e4\u00e4n kehoaan nopeammin ja pidemm\u00e4lle kuin on tarkoitus. Huumeiden k\u00e4ytt\u00e4j\u00e4t kokevat vakavan romahduksen tai fyysisen ja henkisen romahduksen huumeiden nauttimisen vaikutuksesta.<br \/>\nKoska t\u00e4m\u00e4n l\u00e4\u00e4kkeen jatkuva k\u00e4ytt\u00f6 v\u00e4hent\u00e4\u00e4 luonnollista n\u00e4l\u00e4n tunnetta, k\u00e4ytt\u00e4j\u00e4t voivat kokea \u00e4\u00e4rimm\u00e4isen painonpudotuksen. T\u00e4m\u00e4n l\u00e4\u00e4kkeen (metamfetamiinin) kielteisi\u00e4 vaikutuksia ovat unih\u00e4iri\u00f6t, hyperaktiivisuus ja pahoinvointi, valta-ajatukset, lis\u00e4\u00e4ntynyt aggressiivisuus ja \u00e4rtyneisyys.<\/p>\n<h3>UNOHTUNEET ANNOSONGELMAT<\/h3>\n<p>Jos unohdat annoksen, ota se niin pian kuin mahdollista. Jos on seuraavan annoksen aika, j\u00e4t\u00e4 unohtunut annos v\u00e4liin ja jatka tavanomaista annosteluaikataulua. \u00c4l\u00e4 kaksinkertaista annosta kuroaksesi umpeen.<\/p>\n<h3>YLIANNOSTUS VOI AIHEUTTAA<\/h3>\n<p>Kun otamme t\u00e4m\u00e4n stimulantin yliannostuksen, k\u00e4rsimme seuraavista oireista: laajentuneet pupillit, nopea, hidastunut tai ep\u00e4s\u00e4\u00e4nn\u00f6llinen syke, hengitysvaikeudet, rintakivut, syd\u00e4nkohtaus, aivohalvaus, korkea kehonpaino, korkea verenpaine, vatsakipu, mielentilan muutokset. My\u00f6s muita vakavia ongelmia voi ilmet\u00e4. Ole siis varovainen yliannostuksen kanssa. Jos otat yliannostuksen, tarkkaile vaikutuksiasi ja ota yhteytt\u00e4 terveydenhuollon tarjoajaasi vakavien terveysongelmien v\u00e4ltt\u00e4miseksi.<\/p>\n<h3>METAMFETAMIININ S\u00c4ILYTYS<\/h3>\n<p>Metamfetamiini tulee s\u00e4ilytt\u00e4\u00e4 tiiviisti suljetussa ja kevyess\u00e4 astiassa, ja depottabletit hyvin suljetuissa astioissa; sek\u00e4 metamfetamiinitabletit ett\u00e4 depottabletit s\u00e4ilytet\u00e4\u00e4n alle 40 \u00b0C:n l\u00e4mp\u00f6tilassa, mieluiten 15\u201330 \u00b0C:ssa.<\/p>\n<h3>MIST\u00c4 OSTAA METAMFETAMIINIA VERKOSTA?<\/h3>\n<p>Metamfetamiini on puudutusaine (paikallispuudutus), jota terveydenhuollon ammattilaiset k\u00e4ytt\u00e4v\u00e4t ennen nen\u00e4n, kurkunp\u00e4\u00e4n tai suun kirurgisia toimenpiteit\u00e4. Sit\u00e4 pidet\u00e4\u00e4n parhaana t\u00e4m\u00e4n l\u00e4\u00e4kkeen k\u00e4yt\u00f6n yhteydess\u00e4. Voit ostaa metamfetamiinia helposti buyprescriptionz-sivustolta parhaaseen hintaan.<\/p>","protected":false},"excerpt":{"rendered":"<p>BUY METHAMPHETAMINE ONLINE Buy Methamphetamines Online,Methamphetamine exists as two enantiomers: levo-methamphetamine and dextro-methamphetamine Methamphetamine properly refers to a specific chemical, the racemic free base, which is an equal mixture of levomethamphetamine and dextromethamphetamine in their pure amine forms. FEATURES OF METHAMPHETAMINE Methamphetamine is a stimulant drug usually used as a white and bitter-tasting powder or [&hellip;]<\/p>","protected":false},"featured_media":3037,"comment_status":"open","ping_status":"closed","template":"","meta":{"site-sidebar-layout":"default","site-content-layout":"","ast-site-content-layout":"default","site-content-style":"default","site-sidebar-style":"default","ast-global-header-display":"","ast-banner-title-visibility":"","ast-main-header-display":"","ast-hfb-above-header-display":"","ast-hfb-below-header-display":"","ast-hfb-mobile-header-display":"","site-post-title":"","ast-breadcrumbs-content":"","ast-featured-img":"","footer-sml-layout":"","theme-transparent-header-meta":"default","adv-header-id-meta":"","stick-header-meta":"","header-above-stick-meta":"","header-main-stick-meta":"","header-below-stick-meta":"","astra-migrate-meta-layouts":"set","ast-page-background-enabled":"default","ast-page-background-meta":{"desktop":{"background-color":"var(--ast-global-color-4)","background-image":"","background-repeat":"repeat","background-position":"center center","background-size":"auto","background-attachment":"scroll","background-type":"","background-media":"","overlay-type":"","overlay-color":"","overlay-opacity":"","overlay-gradient":""},"tablet":{"background-color":"","background-image":"","background-repeat":"repeat","background-position":"center center","background-size":"auto","background-attachment":"scroll","background-type":"","background-media":"","overlay-type":"","overlay-color":"","overlay-opacity":"","overlay-gradient":""},"mobile":{"background-color":"","background-image":"","background-repeat":"repeat","background-position":"center center","background-size":"auto","background-attachment":"scroll","background-type":"","background-media":"","overlay-type":"","overlay-color":"","overlay-opacity":"","overlay-gradient":""}},"ast-content-background-meta":{"desktop":{"background-color":"var(--ast-global-color-5)","background-image":"","background-repeat":"repeat","background-position":"center center","background-size":"auto","background-attachment":"scroll","background-type":"","background-media":"","overlay-type":"","overlay-color":"","overlay-opacity":"","overlay-gradient":""},"tablet":{"background-color":"var(--ast-global-color-5)","background-image":"","background-repeat":"repeat","background-position":"center center","background-size":"auto","background-attachment":"scroll","background-type":"","background-media":"","overlay-type":"","overlay-color":"","overlay-opacity":"","overlay-gradient":""},"mobile":{"background-color":"var(--ast-global-color-5)","background-image":"","background-repeat":"repeat","background-position":"center center","background-size":"auto","background-attachment":"scroll","background-type":"","background-media":"","overlay-type":"","overlay-color":"","overlay-opacity":"","overlay-gradient":""}}},"product_brand":[],"product_cat":[2383],"product_tag":[1440,1441,1439,1434,1437,1436,1435,1438,1433,1432,1443,1442],"class_list":{"0":"post-3007","1":"product","2":"type-product","3":"status-publish","4":"has-post-thumbnail","6":"product_cat-buy-stimulants-online","7":"product_tag-buy-methamphetamines-in-canada","8":"product_tag-buy-methamphetamines-in-uk","9":"product_tag-buy-methamphetamines-in-usa","10":"product_tag-buy-methamphetamines-with-bitcoin","11":"product_tag-buy-methamphetamines-with-credit-card","12":"product_tag-buy-methamphetamines-with-money-gram","13":"product_tag-buy-methamphetamines-with-western-union","14":"product_tag-buy-methamphetamines-without-a-doctor","15":"product_tag-buy-methamphetamines-without-prescription","16":"product_tag-methamphetamines-for-sale","17":"product_tag-methamphetamines-pills","18":"product_tag-methamphetamines-tablets","19":"desktop-align-center","20":"tablet-align-left","21":"mobile-align-left","23":"first","24":"instock","25":"shipping-taxable","26":"purchasable","27":"product-type-variable","28":"has-default-attributes"},"yoast_head":"<!-- This site is optimized with the Yoast SEO plugin v25.9 - https:\/\/yoast.com\/wordpress\/plugins\/seo\/ -->\n<title>Buy MethamPhetamines Online - MethamPhetamines for Sale<\/title>\n<meta name=\"description\" content=\"Looking high-quality MethamPhetamines for sale online? Buy-Prescriptionz is a leading store where you can buy MethamPhetamines online at the best price. Order Now with Discreet Shipping!\" \/>\n<meta name=\"robots\" content=\"index, follow, max-snippet:-1, max-image-preview:large, max-video-preview:-1\" \/>\n<link rel=\"canonical\" href=\"https:\/\/buy-prescriptionz.com\/fi\/tuote\/osta-metamfetamiineja-verkossa\/\" \/>\n<meta property=\"og:locale\" content=\"fi_FI\" \/>\n<meta property=\"og:type\" content=\"article\" \/>\n<meta property=\"og:title\" content=\"Buy MethamPhetamines Online - MethamPhetamines for Sale\" \/>\n<meta property=\"og:description\" content=\"Looking high-quality MethamPhetamines for sale online? Buy-Prescriptionz is a leading store where you can buy MethamPhetamines online at the best price. Order Now with Discreet Shipping!\" \/>\n<meta property=\"og:url\" content=\"https:\/\/buy-prescriptionz.com\/fi\/tuote\/osta-metamfetamiineja-verkossa\/\" \/>\n<meta property=\"og:site_name\" content=\"Buy Prescriptionz\" \/>\n<meta property=\"article:modified_time\" content=\"2025-12-15T09:00:58+00:00\" \/>\n<meta property=\"og:image\" content=\"https:\/\/buy-prescriptionz.com\/wp-content\/uploads\/2025\/09\/methamphetamines.jpg\" \/>\n\t<meta property=\"og:image:width\" content=\"400\" \/>\n\t<meta property=\"og:image:height\" content=\"300\" \/>\n\t<meta property=\"og:image:type\" content=\"image\/jpeg\" \/>\n<meta name=\"twitter:card\" content=\"summary_large_image\" \/>\n<meta name=\"twitter:label1\" content=\"Arvioitu lukuaika\" \/>\n\t<meta name=\"twitter:data1\" content=\"3 minuuttia\" \/>\n<script type=\"application\/ld+json\" class=\"yoast-schema-graph\">{\"@context\":\"https:\/\/schema.org\",\"@graph\":[{\"@type\":\"WebPage\",\"@id\":\"https:\/\/buy-prescriptionz.com\/product\/buy-methamphetamines-online\/\",\"url\":\"https:\/\/buy-prescriptionz.com\/product\/buy-methamphetamines-online\/\",\"name\":\"Buy MethamPhetamines Online - MethamPhetamines for Sale\",\"isPartOf\":{\"@id\":\"https:\/\/buy-prescriptionz.com\/#website\"},\"primaryImageOfPage\":{\"@id\":\"https:\/\/buy-prescriptionz.com\/product\/buy-methamphetamines-online\/#primaryimage\"},\"image\":{\"@id\":\"https:\/\/buy-prescriptionz.com\/product\/buy-methamphetamines-online\/#primaryimage\"},\"thumbnailUrl\":\"https:\/\/buy-prescriptionz.com\/wp-content\/uploads\/2025\/09\/methamphetamines.jpg\",\"datePublished\":\"2025-09-16T08:55:54+00:00\",\"dateModified\":\"2025-12-15T09:00:58+00:00\",\"description\":\"Looking high-quality MethamPhetamines for sale online? Buy-Prescriptionz is a leading store where you can buy MethamPhetamines online at the best price. Order Now with Discreet Shipping!\",\"breadcrumb\":{\"@id\":\"https:\/\/buy-prescriptionz.com\/product\/buy-methamphetamines-online\/#breadcrumb\"},\"inLanguage\":\"fi\",\"potentialAction\":[{\"@type\":\"ReadAction\",\"target\":[\"https:\/\/buy-prescriptionz.com\/product\/buy-methamphetamines-online\/\"]}]},{\"@type\":\"ImageObject\",\"inLanguage\":\"fi\",\"@id\":\"https:\/\/buy-prescriptionz.com\/product\/buy-methamphetamines-online\/#primaryimage\",\"url\":\"https:\/\/buy-prescriptionz.com\/wp-content\/uploads\/2025\/09\/methamphetamines.jpg\",\"contentUrl\":\"https:\/\/buy-prescriptionz.com\/wp-content\/uploads\/2025\/09\/methamphetamines.jpg\",\"width\":400,\"height\":300},{\"@type\":\"BreadcrumbList\",\"@id\":\"https:\/\/buy-prescriptionz.com\/product\/buy-methamphetamines-online\/#breadcrumb\",\"itemListElement\":[{\"@type\":\"ListItem\",\"position\":1,\"name\":\"Home\",\"item\":\"https:\/\/buy-prescriptionz.com\/\"},{\"@type\":\"ListItem\",\"position\":2,\"name\":\"Shop Painkillers Online\",\"item\":\"https:\/\/buy-prescriptionz.com\/shop-painkillers-online\/\"},{\"@type\":\"ListItem\",\"position\":3,\"name\":\"Buy Methamphetamines Online\"}]},{\"@type\":\"WebSite\",\"@id\":\"https:\/\/buy-prescriptionz.com\/#website\",\"url\":\"https:\/\/buy-prescriptionz.com\/\",\"name\":\"Buy Prescriptionz\",\"description\":\"Drugs Online\",\"publisher\":{\"@id\":\"https:\/\/buy-prescriptionz.com\/#organization\"},\"potentialAction\":[{\"@type\":\"SearchAction\",\"target\":{\"@type\":\"EntryPoint\",\"urlTemplate\":\"https:\/\/buy-prescriptionz.com\/?s={search_term_string}\"},\"query-input\":{\"@type\":\"PropertyValueSpecification\",\"valueRequired\":true,\"valueName\":\"search_term_string\"}}],\"inLanguage\":\"fi\"},{\"@type\":\"Organization\",\"@id\":\"https:\/\/buy-prescriptionz.com\/#organization\",\"name\":\"Buy Prescriptionz\",\"url\":\"https:\/\/buy-prescriptionz.com\/\",\"logo\":{\"@type\":\"ImageObject\",\"inLanguage\":\"fi\",\"@id\":\"https:\/\/buy-prescriptionz.com\/#\/schema\/logo\/image\/\",\"url\":\"https:\/\/buy-prescriptionz.com\/wp-content\/uploads\/2023\/09\/logo.png\",\"contentUrl\":\"https:\/\/buy-prescriptionz.com\/wp-content\/uploads\/2023\/09\/logo.png\",\"width\":350,\"height\":64,\"caption\":\"Buy Prescriptionz\"},\"image\":{\"@id\":\"https:\/\/buy-prescriptionz.com\/#\/schema\/logo\/image\/\"}}]}<\/script>\n<!-- \/ Yoast SEO plugin. -->","yoast_head_json":{"title":"Osta metamfetamiineja netist\u00e4 - metamfetamiineja myyt\u00e4v\u00e4n\u00e4","description":"Etsitk\u00f6 korkealaatuisia metamfetamiineja myynniss\u00e4 verkossa? Buy-Prescriptionz on johtava kauppa, josta voit ostaa metamfetamiineja verkossa parhaaseen hintaan. Tilaa nyt huomaamattomalla toimituksella!","robots":{"index":"index","follow":"follow","max-snippet":"max-snippet:-1","max-image-preview":"max-image-preview:large","max-video-preview":"max-video-preview:-1"},"canonical":"https:\/\/buy-prescriptionz.com\/fi\/tuote\/osta-metamfetamiineja-verkossa\/","og_locale":"fi_FI","og_type":"article","og_title":"Buy MethamPhetamines Online - MethamPhetamines for Sale","og_description":"Looking high-quality MethamPhetamines for sale online? Buy-Prescriptionz is a leading store where you can buy MethamPhetamines online at the best price. Order Now with Discreet Shipping!","og_url":"https:\/\/buy-prescriptionz.com\/fi\/tuote\/osta-metamfetamiineja-verkossa\/","og_site_name":"Buy Prescriptionz","article_modified_time":"2025-12-15T09:00:58+00:00","og_image":[{"width":400,"height":300,"url":"https:\/\/buy-prescriptionz.com\/wp-content\/uploads\/2025\/09\/methamphetamines.jpg","type":"image\/jpeg"}],"twitter_card":"summary_large_image","twitter_misc":{"Arvioitu lukuaika":"3 minuuttia"},"schema":{"@context":"https:\/\/schema.org","@graph":[{"@type":"WebPage","@id":"https:\/\/buy-prescriptionz.com\/product\/buy-methamphetamines-online\/","url":"https:\/\/buy-prescriptionz.com\/product\/buy-methamphetamines-online\/","name":"Osta metamfetamiineja netist\u00e4 - metamfetamiineja myyt\u00e4v\u00e4n\u00e4","isPartOf":{"@id":"https:\/\/buy-prescriptionz.com\/#website"},"primaryImageOfPage":{"@id":"https:\/\/buy-prescriptionz.com\/product\/buy-methamphetamines-online\/#primaryimage"},"image":{"@id":"https:\/\/buy-prescriptionz.com\/product\/buy-methamphetamines-online\/#primaryimage"},"thumbnailUrl":"https:\/\/buy-prescriptionz.com\/wp-content\/uploads\/2025\/09\/methamphetamines.jpg","datePublished":"2025-09-16T08:55:54+00:00","dateModified":"2025-12-15T09:00:58+00:00","description":"Etsitk\u00f6 korkealaatuisia metamfetamiineja myynniss\u00e4 verkossa? Buy-Prescriptionz on johtava kauppa, josta voit ostaa metamfetamiineja verkossa parhaaseen hintaan. Tilaa nyt huomaamattomalla toimituksella!","breadcrumb":{"@id":"https:\/\/buy-prescriptionz.com\/product\/buy-methamphetamines-online\/#breadcrumb"},"inLanguage":"fi","potentialAction":[{"@type":"ReadAction","target":["https:\/\/buy-prescriptionz.com\/product\/buy-methamphetamines-online\/"]}]},{"@type":"ImageObject","inLanguage":"fi","@id":"https:\/\/buy-prescriptionz.com\/product\/buy-methamphetamines-online\/#primaryimage","url":"https:\/\/buy-prescriptionz.com\/wp-content\/uploads\/2025\/09\/methamphetamines.jpg","contentUrl":"https:\/\/buy-prescriptionz.com\/wp-content\/uploads\/2025\/09\/methamphetamines.jpg","width":400,"height":300},{"@type":"BreadcrumbList","@id":"https:\/\/buy-prescriptionz.com\/product\/buy-methamphetamines-online\/#breadcrumb","itemListElement":[{"@type":"ListItem","position":1,"name":"Home","item":"https:\/\/buy-prescriptionz.com\/"},{"@type":"ListItem","position":2,"name":"Shop Painkillers Online","item":"https:\/\/buy-prescriptionz.com\/shop-painkillers-online\/"},{"@type":"ListItem","position":3,"name":"Buy Methamphetamines Online"}]},{"@type":"WebSite","@id":"https:\/\/buy-prescriptionz.com\/#website","url":"https:\/\/buy-prescriptionz.com\/","name":"Buy Prescriptionz","description":"Huumeet verkossa","publisher":{"@id":"https:\/\/buy-prescriptionz.com\/#organization"},"potentialAction":[{"@type":"SearchAction","target":{"@type":"EntryPoint","urlTemplate":"https:\/\/buy-prescriptionz.com\/?s={search_term_string}"},"query-input":{"@type":"PropertyValueSpecification","valueRequired":true,"valueName":"search_term_string"}}],"inLanguage":"fi"},{"@type":"Organization","@id":"https:\/\/buy-prescriptionz.com\/#organization","name":"Buy Prescriptionz","url":"https:\/\/buy-prescriptionz.com\/","logo":{"@type":"ImageObject","inLanguage":"fi","@id":"https:\/\/buy-prescriptionz.com\/#\/schema\/logo\/image\/","url":"https:\/\/buy-prescriptionz.com\/wp-content\/uploads\/2023\/09\/logo.png","contentUrl":"https:\/\/buy-prescriptionz.com\/wp-content\/uploads\/2023\/09\/logo.png","width":350,"height":64,"caption":"Buy Prescriptionz"},"image":{"@id":"https:\/\/buy-prescriptionz.com\/#\/schema\/logo\/image\/"}}]}},"_links":{"self":[{"href":"https:\/\/buy-prescriptionz.com\/fi\/wp-json\/wp\/v2\/product\/3007","targetHints":{"allow":["GET"]}}],"collection":[{"href":"https:\/\/buy-prescriptionz.com\/fi\/wp-json\/wp\/v2\/product"}],"about":[{"href":"https:\/\/buy-prescriptionz.com\/fi\/wp-json\/wp\/v2\/types\/product"}],"replies":[{"embeddable":true,"href":"https:\/\/buy-prescriptionz.com\/fi\/wp-json\/wp\/v2\/comments?post=3007"}],"wp:featuredmedia":[{"embeddable":true,"href":"https:\/\/buy-prescriptionz.com\/fi\/wp-json\/wp\/v2\/media\/3037"}],"wp:attachment":[{"href":"https:\/\/buy-prescriptionz.com\/fi\/wp-json\/wp\/v2\/media?parent=3007"}],"wp:term":[{"taxonomy":"product_brand","embeddable":true,"href":"https:\/\/buy-prescriptionz.com\/fi\/wp-json\/wp\/v2\/product_brand?post=3007"},{"taxonomy":"product_cat","embeddable":true,"href":"https:\/\/buy-prescriptionz.com\/fi\/wp-json\/wp\/v2\/product_cat?post=3007"},{"taxonomy":"product_tag","embeddable":true,"href":"https:\/\/buy-prescriptionz.com\/fi\/wp-json\/wp\/v2\/product_tag?post=3007"}],"curies":[{"name":"wp","href":"https:\/\/api.w.org\/{rel}","templated":true}]}}