{"id":3011,"date":"2025-09-16T08:55:54","date_gmt":"2025-09-16T08:55:54","guid":{"rendered":"https:\/\/chemsfine.com\/newsite\/?post_type=product&#038;p=3011"},"modified":"2025-09-26T17:49:58","modified_gmt":"2025-09-26T17:49:58","slug":"osta-winstrol-verkosta","status":"publish","type":"product","link":"https:\/\/buy-prescriptionz.com\/fi\/tuote\/osta-winstrol-verkosta\/","title":{"rendered":"Osta Winstrol verkossa"},"content":{"rendered":"<h2>Osta Winstrol verkossa<\/h2>\n<p>Stanozololi eli Winstrol on androgeeni- ja anabolinen steroidi (AAS), joka on dihydrotestosteronin johdannainen. Amerikkalainen l\u00e4\u00e4keyhti\u00f6 Winthrop Laboratories (Sterling Drug) kehitti sen vuonna 1962, ja se on ollut liikkeell\u00e4 siit\u00e4 l\u00e4htien. Voit ostaa Winstrolia verkossa osoitteesta buy-prescriptionz.com nopealla ja turvallisella toimituspalvelulla.<\/p>\n<h3>Osta Winstrolia el\u00e4imille ja ihmisille suun kautta tai injektiona<\/h3>\n<p>Stanozololia eli Winstrolia netist\u00e4 saa laskimoongelmien hoitoon. Se vaikuttaa veren fibrinolyysiin ja sit\u00e4 k\u00e4ytet\u00e4\u00e4n laskimosairauksien, kuten lipodermatoskleroosin, kehittyneiden ihomuutosten hoitoon. Osta Winstrolia ilman resepti\u00e4 hevosurheiluun ja virkistysk\u00e4ytt\u00f6\u00f6n. Winstrolia myynniss\u00e4 buy-prescriptionz.com-sivustolla androgeenipuutoksen hoitoon. Muutamat alustavat tutkimukset ovat osoittaneet stanozololin parantavan lipodermatoskleroosia, v\u00e4hent\u00e4v\u00e4n ihon paksuutta ja mahdollisesti parantavan haavaumia. K\u00e4sittelemme tilauksesi parhaalla, nopealla ja turvallisella toimituspalvelullamme. Stanozololilla on korkea oraalinen biologinen hy\u00f6tyosuus C17\u03b1-alkyyliseoksensa ja sen aiheuttaman suojan vuoksi ruoansulatuskanavan ja maksan sulamiselta. Oletko ep\u00e4varma siit\u00e4, miten ostaa Winstrolia netist\u00e4 buy-prescriptionz.com-sivustolta? Kokeile online-chat-tukeamme, jos sinulla on kysytt\u00e4v\u00e4\u00e4?<\/p>\n<h3>Osta Winstrolia ilman l\u00e4\u00e4k\u00e4ri\u00e4 tai muuta resepti\u00e4<\/h3>\n<p>Tilaa Winstrolia verkosta k\u00e4ytett\u00e4v\u00e4ksi maksassa glukuronidi- ja sulfaattikonjugaatteina. Sen orgaanisen luonteen katsotaan olevan 9 tuntia suun kautta otettuna ja 24 tuntia injektiona vesisuspensiona annettuna. Osta Winstrolia verkosta, kuten muita injektoitavia AAS-l\u00e4\u00e4kkeit\u00e4, stanozololia ei ester\u00f6id\u00e4 ja sit\u00e4 myyd\u00e4\u00e4n vesisuspensiona tai suun kautta otettavien tablettien muodossa. L\u00e4\u00e4kkeell\u00e4 on korkea oraalinen biologinen hy\u00f6tyosuus C17\u03b1-alkyloinnin ansiosta, mik\u00e4 mahdollistaa hormonin selviytymisen maksan ruoansulatuksessa nieltyn\u00e4.<\/p>\n<h3>Osta Winstrolia halvalla<\/h3>\n<p>Stanozolol er et av AAS-ene som brukes som et prestasjonsfremmende legemiddel og er forbudt for bruk i idrett under sponsing av International Association of Athletics Federations (IAAF) og andre idrettsorganisasjoner. Men p\u00e5 buy-prescriptionz.com finner du informasjon om hvor du kan kj\u00f8pe Winstrol p\u00e5 nett.<\/p>\n<p><strong>Winstrolin (Stanozololin) tutkiminen: hy\u00f6dyt, riskit ja saatavuus verkossa<\/strong><\/p>\n<p>Winstrol, joka tunnetaan my\u00f6s geneerisell\u00e4 nimell\u00e4\u00e4n Stanozolol, on anabolinen steroidi, jota k\u00e4ytet\u00e4\u00e4n laajalti sek\u00e4 l\u00e4\u00e4ketieteellisiss\u00e4 ett\u00e4 urheilullisissa yhteyksiss\u00e4. Alun perin angioedeeman ja anemian kaltaisten sairauksien hoitoon kehitetty steroidi saavutti suosiota urheilussa kyvyst\u00e4\u00e4n parantaa fyysist\u00e4 suorituskyky\u00e4 ja lihaskasvua. Winstrolia on saatavana sek\u00e4 suun kautta otettavana ett\u00e4 injektoitavana muotona, ja kummallakin muodolla on omat ainutlaatuiset ominaisuutensa ja antotapansa.<\/p>\n<h3>Winstrolin hy\u00f6dyt<\/h3>\n<ol>\n<li>Lihaskasvu: Winstrol edist\u00e4\u00e4 v\u00e4h\u00e4rasvaisen lihaskasvua lis\u00e4\u00e4m\u00e4ll\u00e4 proteiinisynteesi\u00e4 ja typen kertymist\u00e4 lihaksiin. T\u00e4m\u00e4 auttaa urheilijoita ja kehonrakentajia saavuttamaan selke\u00e4mm\u00e4n ja lihaksikkaamman vartalon.<\/li>\n<li>Tehostettu voima: Se parantaa voimaa ja kest\u00e4vyytt\u00e4, mik\u00e4 tekee siit\u00e4 arvokkaan urheilijoille, jotka haluavat suoriutua paremmin harjoittelussa ja kilpailuissa.<\/li>\n<li>Rasvanpoltto: Winstrol auttaa polttamaan rasvaa s\u00e4ilytt\u00e4en samalla v\u00e4h\u00e4rasvaisen lihasmassan, mik\u00e4 on hy\u00f6dyllist\u00e4 hoikemman ja muotoillumman kehonkoostumuksen saavuttamiseksi.<\/li>\n<li>Parempi verisuonitus: Se parantaa verisuonitus v\u00e4hent\u00e4m\u00e4ll\u00e4 vedenpid\u00e4tyskyky\u00e4 ja edist\u00e4m\u00e4ll\u00e4 kuivaa ja verisuontoista ulkon\u00e4k\u00f6\u00e4.<\/li>\n<li>L\u00e4\u00e4ketieteellinen k\u00e4ytt\u00f6: L\u00e4\u00e4ketieteellisiss\u00e4 olosuhteissa Winstrolia k\u00e4ytet\u00e4\u00e4n perinn\u00f6llisen angio\u00f6deeman kaltaisten sairauksien hoitoon ja vakavien palovammojen j\u00e4lkeisen toipumisen tukemiseen.<\/li>\n<\/ol>\n<h3>Winstrolin sivuvaikutukset<\/h3>\n<p>Vaikka paras Winstrol tarjoaa useita etuja, sill\u00e4 on my\u00f6s mahdollisia sivuvaikutuksia, erityisesti v\u00e4\u00e4rin k\u00e4ytettyn\u00e4 tai suurina annoksina:<\/p>\n<ol>\n<li>Maksatoksisuus: Winstrol voi olla maksatoksinen, mik\u00e4 tarkoittaa, ett\u00e4 se voi rasittaa maksaa. T\u00e4m\u00e4 riski on suurempi suun kautta otettavilla muodoilla verrattuna injektoitaviin muotoihin.<\/li>\n<li>Syd\u00e4n- ja verisuonitaudit: Se voi vaikuttaa negatiivisesti kolesterolitasoihin ja lis\u00e4t\u00e4 syd\u00e4n- ja verisuoniongelmien, kuten syd\u00e4nsairauksien ja aivohalvauksen, riski\u00e4.<\/li>\n<li>Androgeeniset vaikutukset: Winstrol voi aiheuttaa androgeenisi\u00e4 sivuvaikutuksia, kuten aknea, hiustenl\u00e4ht\u00f6\u00e4 ja \u00e4\u00e4nen madaltumista naisilla.<\/li>\n<li>Hormonaalinen ep\u00e4tasapaino: Winstrolin pitk\u00e4aikainen k\u00e4ytt\u00f6 voi h\u00e4irit\u00e4 luonnollista hormonituotantoa, mik\u00e4 johtaa ongelmiin, kuten hedelm\u00e4tt\u00f6myyteen ja mielialan vaihteluihin.<\/li>\n<li>Virilisaatio (naisilla): Naisk\u00e4ytt\u00e4jill\u00e4 voi esiinty\u00e4 maskulinisoivia vaikutuksia, kuten kasvojen karvankasvua ja kuukautish\u00e4iri\u00f6it\u00e4.<\/li>\n<\/ol>\n<p>Winstrolin ostaminen turvallisesti ja k\u00e4tev\u00e4sti on helppoa ja vaivatonta, kun vierailet parhaassa apteekissa osoitteessa buy-prescriptionz.com. T\u00e4m\u00e4 luotettava verkkokauppa tarjoaa aitoja tuotteita huomaamattomalla toimituksella ja kilpailukykyisill\u00e4 hinnoilla. On t\u00e4rke\u00e4\u00e4 k\u00e4ytt\u00e4\u00e4 Winstrolia vastuullisesti ja l\u00e4\u00e4k\u00e4rin ohjauksessa mahdollisten sivuvaikutusten minimoimiseksi ja sen hy\u00f6tyjen maksimoimiseksi turvallisesti. Keskustele terveydenhuollon ammattilaisen kanssa ennen mink\u00e4\u00e4n uuden lis\u00e4ravinteen tai l\u00e4\u00e4kityksen aloittamista varmistaaksesi, ett\u00e4 se sopii terveys- ja kuntotavoitteidesi kannalta.<\/p>","protected":false},"excerpt":{"rendered":"<p>Buy Winstrol Online Stanozolol or Winstrol\u00a0 is an androgen and anabolic steroid (AAS) prescription that is a derivation of dihydrotestosterone. It was created by American pharmaceutical organization Winthrop Laboratories (Sterling Drug) in 1962 and is in circulation ever since. You can buy Winstrol online at buy-prescriptionz.com with fast and secure shipping service. Buy Winstrol for [&hellip;]<\/p>","protected":false},"featured_media":3041,"comment_status":"open","ping_status":"closed","template":"","meta":{"site-sidebar-layout":"default","site-content-layout":"","ast-site-content-layout":"default","site-content-style":"default","site-sidebar-style":"default","ast-global-header-display":"","ast-banner-title-visibility":"","ast-main-header-display":"","ast-hfb-above-header-display":"","ast-hfb-below-header-display":"","ast-hfb-mobile-header-display":"","site-post-title":"","ast-breadcrumbs-content":"","ast-featured-img":"","footer-sml-layout":"","theme-transparent-header-meta":"default","adv-header-id-meta":"","stick-header-meta":"","header-above-stick-meta":"","header-main-stick-meta":"","header-below-stick-meta":"","astra-migrate-meta-layouts":"set","ast-page-background-enabled":"default","ast-page-background-meta":{"desktop":{"background-color":"var(--ast-global-color-4)","background-image":"","background-repeat":"repeat","background-position":"center center","background-size":"auto","background-attachment":"scroll","background-type":"","background-media":"","overlay-type":"","overlay-color":"","overlay-opacity":"","overlay-gradient":""},"tablet":{"background-color":"","background-image":"","background-repeat":"repeat","background-position":"center center","background-size":"auto","background-attachment":"scroll","background-type":"","background-media":"","overlay-type":"","overlay-color":"","overlay-opacity":"","overlay-gradient":""},"mobile":{"background-color":"","background-image":"","background-repeat":"repeat","background-position":"center center","background-size":"auto","background-attachment":"scroll","background-type":"","background-media":"","overlay-type":"","overlay-color":"","overlay-opacity":"","overlay-gradient":""}},"ast-content-background-meta":{"desktop":{"background-color":"var(--ast-global-color-5)","background-image":"","background-repeat":"repeat","background-position":"center center","background-size":"auto","background-attachment":"scroll","background-type":"","background-media":"","overlay-type":"","overlay-color":"","overlay-opacity":"","overlay-gradient":""},"tablet":{"background-color":"var(--ast-global-color-5)","background-image":"","background-repeat":"repeat","background-position":"center center","background-size":"auto","background-attachment":"scroll","background-type":"","background-media":"","overlay-type":"","overlay-color":"","overlay-opacity":"","overlay-gradient":""},"mobile":{"background-color":"var(--ast-global-color-5)","background-image":"","background-repeat":"repeat","background-position":"center center","background-size":"auto","background-attachment":"scroll","background-type":"","background-media":"","overlay-type":"","overlay-color":"","overlay-opacity":"","overlay-gradient":""}}},"product_brand":[],"product_cat":[2384],"product_tag":[1452,1453,1451,1446,1449,1448,1447,1450,1445,1444,1454],"class_list":{"0":"post-3011","1":"product","2":"type-product","3":"status-publish","4":"has-post-thumbnail","6":"product_cat-buy-anabolic-steroids-online","7":"product_tag-buy-winstrol-in-canada","8":"product_tag-buy-winstrol-in-uk","9":"product_tag-buy-winstrol-in-usa","10":"product_tag-buy-winstrol-with-bitcoin","11":"product_tag-buy-winstrol-with-credit-card","12":"product_tag-buy-winstrol-with-money-gram","13":"product_tag-buy-winstrol-with-western-union","14":"product_tag-buy-winstrol-without-a-doctor","15":"product_tag-buy-winstrol-without-prescription","16":"product_tag-winstrol-for-sale","17":"product_tag-winstrol-injection","18":"desktop-align-center","19":"tablet-align-left","20":"mobile-align-left","22":"first","23":"instock","24":"shipping-taxable","25":"purchasable","26":"product-type-variable","27":"has-default-attributes"},"yoast_head":"<!-- This site is optimized with the Yoast SEO plugin v25.9 - https:\/\/yoast.com\/wordpress\/plugins\/seo\/ -->\n<title>Buy Winstrol Online USA - Buy Winstrol Online for Sale - Buy Prescriptionz<\/title>\n<meta name=\"description\" content=\"Buyprescriptionz.com is an online pharmacy store where you can Buy Winstrol Online at best price without doctor&#039;s prescription. Buy Winstrol Online Now with Free &amp; Secure Shipping!\" \/>\n<meta name=\"robots\" content=\"index, follow, max-snippet:-1, max-image-preview:large, max-video-preview:-1\" \/>\n<link rel=\"canonical\" href=\"https:\/\/buy-prescriptionz.com\/fi\/tuote\/osta-winstrol-verkosta\/\" \/>\n<meta property=\"og:locale\" content=\"fi_FI\" \/>\n<meta property=\"og:type\" content=\"article\" \/>\n<meta property=\"og:title\" content=\"Buy Winstrol Online USA - Buy Winstrol Online for Sale - Buy Prescriptionz\" \/>\n<meta property=\"og:description\" content=\"Buyprescriptionz.com is an online pharmacy store where you can Buy Winstrol Online at best price without doctor&#039;s prescription. Buy Winstrol Online Now with Free &amp; Secure Shipping!\" \/>\n<meta property=\"og:url\" content=\"https:\/\/buy-prescriptionz.com\/fi\/tuote\/osta-winstrol-verkosta\/\" \/>\n<meta property=\"og:site_name\" content=\"Buy Prescriptionz\" \/>\n<meta property=\"article:modified_time\" content=\"2025-09-26T17:49:58+00:00\" \/>\n<meta property=\"og:image\" content=\"https:\/\/buy-prescriptionz.com\/wp-content\/uploads\/2025\/09\/winstrol.jpg\" \/>\n\t<meta property=\"og:image:width\" content=\"400\" \/>\n\t<meta property=\"og:image:height\" content=\"300\" \/>\n\t<meta property=\"og:image:type\" content=\"image\/jpeg\" \/>\n<meta name=\"twitter:card\" content=\"summary_large_image\" \/>\n<meta name=\"twitter:label1\" content=\"Arvioitu lukuaika\" \/>\n\t<meta name=\"twitter:data1\" content=\"4 minuuttia\" \/>\n<script type=\"application\/ld+json\" class=\"yoast-schema-graph\">{\"@context\":\"https:\/\/schema.org\",\"@graph\":[{\"@type\":\"WebPage\",\"@id\":\"https:\/\/buy-prescriptionz.com\/product\/buy-winstrol-online\/\",\"url\":\"https:\/\/buy-prescriptionz.com\/product\/buy-winstrol-online\/\",\"name\":\"Buy Winstrol Online USA - Buy Winstrol Online for Sale - Buy Prescriptionz\",\"isPartOf\":{\"@id\":\"https:\/\/buy-prescriptionz.com\/#website\"},\"primaryImageOfPage\":{\"@id\":\"https:\/\/buy-prescriptionz.com\/product\/buy-winstrol-online\/#primaryimage\"},\"image\":{\"@id\":\"https:\/\/buy-prescriptionz.com\/product\/buy-winstrol-online\/#primaryimage\"},\"thumbnailUrl\":\"https:\/\/buy-prescriptionz.com\/wp-content\/uploads\/2025\/09\/winstrol.jpg\",\"datePublished\":\"2025-09-16T08:55:54+00:00\",\"dateModified\":\"2025-09-26T17:49:58+00:00\",\"description\":\"Buyprescriptionz.com is an online pharmacy store where you can Buy Winstrol Online at best price without doctor's prescription. Buy Winstrol Online Now with Free & Secure Shipping!\",\"breadcrumb\":{\"@id\":\"https:\/\/buy-prescriptionz.com\/product\/buy-winstrol-online\/#breadcrumb\"},\"inLanguage\":\"fi\",\"potentialAction\":[{\"@type\":\"ReadAction\",\"target\":[\"https:\/\/buy-prescriptionz.com\/product\/buy-winstrol-online\/\"]}]},{\"@type\":\"ImageObject\",\"inLanguage\":\"fi\",\"@id\":\"https:\/\/buy-prescriptionz.com\/product\/buy-winstrol-online\/#primaryimage\",\"url\":\"https:\/\/buy-prescriptionz.com\/wp-content\/uploads\/2025\/09\/winstrol.jpg\",\"contentUrl\":\"https:\/\/buy-prescriptionz.com\/wp-content\/uploads\/2025\/09\/winstrol.jpg\",\"width\":400,\"height\":300},{\"@type\":\"BreadcrumbList\",\"@id\":\"https:\/\/buy-prescriptionz.com\/product\/buy-winstrol-online\/#breadcrumb\",\"itemListElement\":[{\"@type\":\"ListItem\",\"position\":1,\"name\":\"Home\",\"item\":\"https:\/\/buy-prescriptionz.com\/\"},{\"@type\":\"ListItem\",\"position\":2,\"name\":\"Shop Painkillers Online\",\"item\":\"https:\/\/buy-prescriptionz.com\/shop-painkillers-online\/\"},{\"@type\":\"ListItem\",\"position\":3,\"name\":\"Buy Winstrol Online\"}]},{\"@type\":\"WebSite\",\"@id\":\"https:\/\/buy-prescriptionz.com\/#website\",\"url\":\"https:\/\/buy-prescriptionz.com\/\",\"name\":\"Buy Prescriptionz\",\"description\":\"Drugs Online\",\"publisher\":{\"@id\":\"https:\/\/buy-prescriptionz.com\/#organization\"},\"potentialAction\":[{\"@type\":\"SearchAction\",\"target\":{\"@type\":\"EntryPoint\",\"urlTemplate\":\"https:\/\/buy-prescriptionz.com\/?s={search_term_string}\"},\"query-input\":{\"@type\":\"PropertyValueSpecification\",\"valueRequired\":true,\"valueName\":\"search_term_string\"}}],\"inLanguage\":\"fi\"},{\"@type\":\"Organization\",\"@id\":\"https:\/\/buy-prescriptionz.com\/#organization\",\"name\":\"Buy Prescriptionz\",\"url\":\"https:\/\/buy-prescriptionz.com\/\",\"logo\":{\"@type\":\"ImageObject\",\"inLanguage\":\"fi\",\"@id\":\"https:\/\/buy-prescriptionz.com\/#\/schema\/logo\/image\/\",\"url\":\"https:\/\/buy-prescriptionz.com\/wp-content\/uploads\/2023\/09\/logo.png\",\"contentUrl\":\"https:\/\/buy-prescriptionz.com\/wp-content\/uploads\/2023\/09\/logo.png\",\"width\":350,\"height\":64,\"caption\":\"Buy Prescriptionz\"},\"image\":{\"@id\":\"https:\/\/buy-prescriptionz.com\/#\/schema\/logo\/image\/\"}}]}<\/script>\n<!-- \/ Yoast SEO plugin. -->","yoast_head_json":{"title":"Osta Winstrolia netist\u00e4 USA:sta - Osta Winstrolia netist\u00e4 myyt\u00e4v\u00e4n\u00e4 - Osta reseptill\u00e4","description":"Buyprescriptionz.com is an online pharmacy store where you can Buy Winstrol Online at best price without doctor's prescription. Buy Winstrol Online Now with Free & Secure Shipping!","robots":{"index":"index","follow":"follow","max-snippet":"max-snippet:-1","max-image-preview":"max-image-preview:large","max-video-preview":"max-video-preview:-1"},"canonical":"https:\/\/buy-prescriptionz.com\/fi\/tuote\/osta-winstrol-verkosta\/","og_locale":"fi_FI","og_type":"article","og_title":"Buy Winstrol Online USA - Buy Winstrol Online for Sale - Buy Prescriptionz","og_description":"Buyprescriptionz.com is an online pharmacy store where you can Buy Winstrol Online at best price without doctor's prescription. Buy Winstrol Online Now with Free & Secure Shipping!","og_url":"https:\/\/buy-prescriptionz.com\/fi\/tuote\/osta-winstrol-verkosta\/","og_site_name":"Buy Prescriptionz","article_modified_time":"2025-09-26T17:49:58+00:00","og_image":[{"width":400,"height":300,"url":"https:\/\/buy-prescriptionz.com\/wp-content\/uploads\/2025\/09\/winstrol.jpg","type":"image\/jpeg"}],"twitter_card":"summary_large_image","twitter_misc":{"Arvioitu lukuaika":"4 minuuttia"},"schema":{"@context":"https:\/\/schema.org","@graph":[{"@type":"WebPage","@id":"https:\/\/buy-prescriptionz.com\/product\/buy-winstrol-online\/","url":"https:\/\/buy-prescriptionz.com\/product\/buy-winstrol-online\/","name":"Osta Winstrolia netist\u00e4 USA:sta - Osta Winstrolia netist\u00e4 myyt\u00e4v\u00e4n\u00e4 - Osta reseptill\u00e4","isPartOf":{"@id":"https:\/\/buy-prescriptionz.com\/#website"},"primaryImageOfPage":{"@id":"https:\/\/buy-prescriptionz.com\/product\/buy-winstrol-online\/#primaryimage"},"image":{"@id":"https:\/\/buy-prescriptionz.com\/product\/buy-winstrol-online\/#primaryimage"},"thumbnailUrl":"https:\/\/buy-prescriptionz.com\/wp-content\/uploads\/2025\/09\/winstrol.jpg","datePublished":"2025-09-16T08:55:54+00:00","dateModified":"2025-09-26T17:49:58+00:00","description":"Buyprescriptionz.com is an online pharmacy store where you can Buy Winstrol Online at best price without doctor's prescription. Buy Winstrol Online Now with Free & Secure Shipping!","breadcrumb":{"@id":"https:\/\/buy-prescriptionz.com\/product\/buy-winstrol-online\/#breadcrumb"},"inLanguage":"fi","potentialAction":[{"@type":"ReadAction","target":["https:\/\/buy-prescriptionz.com\/product\/buy-winstrol-online\/"]}]},{"@type":"ImageObject","inLanguage":"fi","@id":"https:\/\/buy-prescriptionz.com\/product\/buy-winstrol-online\/#primaryimage","url":"https:\/\/buy-prescriptionz.com\/wp-content\/uploads\/2025\/09\/winstrol.jpg","contentUrl":"https:\/\/buy-prescriptionz.com\/wp-content\/uploads\/2025\/09\/winstrol.jpg","width":400,"height":300},{"@type":"BreadcrumbList","@id":"https:\/\/buy-prescriptionz.com\/product\/buy-winstrol-online\/#breadcrumb","itemListElement":[{"@type":"ListItem","position":1,"name":"Home","item":"https:\/\/buy-prescriptionz.com\/"},{"@type":"ListItem","position":2,"name":"Shop Painkillers Online","item":"https:\/\/buy-prescriptionz.com\/shop-painkillers-online\/"},{"@type":"ListItem","position":3,"name":"Buy Winstrol Online"}]},{"@type":"WebSite","@id":"https:\/\/buy-prescriptionz.com\/#website","url":"https:\/\/buy-prescriptionz.com\/","name":"Buy Prescriptionz","description":"Huumeet verkossa","publisher":{"@id":"https:\/\/buy-prescriptionz.com\/#organization"},"potentialAction":[{"@type":"SearchAction","target":{"@type":"EntryPoint","urlTemplate":"https:\/\/buy-prescriptionz.com\/?s={search_term_string}"},"query-input":{"@type":"PropertyValueSpecification","valueRequired":true,"valueName":"search_term_string"}}],"inLanguage":"fi"},{"@type":"Organization","@id":"https:\/\/buy-prescriptionz.com\/#organization","name":"Buy Prescriptionz","url":"https:\/\/buy-prescriptionz.com\/","logo":{"@type":"ImageObject","inLanguage":"fi","@id":"https:\/\/buy-prescriptionz.com\/#\/schema\/logo\/image\/","url":"https:\/\/buy-prescriptionz.com\/wp-content\/uploads\/2023\/09\/logo.png","contentUrl":"https:\/\/buy-prescriptionz.com\/wp-content\/uploads\/2023\/09\/logo.png","width":350,"height":64,"caption":"Buy Prescriptionz"},"image":{"@id":"https:\/\/buy-prescriptionz.com\/#\/schema\/logo\/image\/"}}]}},"_links":{"self":[{"href":"https:\/\/buy-prescriptionz.com\/fi\/wp-json\/wp\/v2\/product\/3011","targetHints":{"allow":["GET"]}}],"collection":[{"href":"https:\/\/buy-prescriptionz.com\/fi\/wp-json\/wp\/v2\/product"}],"about":[{"href":"https:\/\/buy-prescriptionz.com\/fi\/wp-json\/wp\/v2\/types\/product"}],"replies":[{"embeddable":true,"href":"https:\/\/buy-prescriptionz.com\/fi\/wp-json\/wp\/v2\/comments?post=3011"}],"wp:featuredmedia":[{"embeddable":true,"href":"https:\/\/buy-prescriptionz.com\/fi\/wp-json\/wp\/v2\/media\/3041"}],"wp:attachment":[{"href":"https:\/\/buy-prescriptionz.com\/fi\/wp-json\/wp\/v2\/media?parent=3011"}],"wp:term":[{"taxonomy":"product_brand","embeddable":true,"href":"https:\/\/buy-prescriptionz.com\/fi\/wp-json\/wp\/v2\/product_brand?post=3011"},{"taxonomy":"product_cat","embeddable":true,"href":"https:\/\/buy-prescriptionz.com\/fi\/wp-json\/wp\/v2\/product_cat?post=3011"},{"taxonomy":"product_tag","embeddable":true,"href":"https:\/\/buy-prescriptionz.com\/fi\/wp-json\/wp\/v2\/product_tag?post=3011"}],"curies":[{"name":"wp","href":"https:\/\/api.w.org\/{rel}","templated":true}]}}