{"id":3042,"date":"2025-09-16T08:56:08","date_gmt":"2025-09-16T08:56:08","guid":{"rendered":"https:\/\/chemsfine.com\/newsite\/?post_type=product&#038;p=3042"},"modified":"2025-09-26T15:37:45","modified_gmt":"2025-09-26T15:37:45","slug":"osta-trenbolonia-verkossa","status":"publish","type":"product","link":"https:\/\/buy-prescriptionz.com\/fi\/tuote\/osta-trenbolonia-verkossa\/","title":{"rendered":"Osta Trenbolonin verkossa"},"content":{"rendered":"<h2>Osta Trenbolonin verkossa<\/h2>\n<p>Ostaa Trenbolonin verkossa Trenbolonin on androgeeni ja anabolinen steroidi nandroloni luokan. Osta Trenbolonin 10 ml verkossa el\u00e4inl\u00e4\u00e4ketieteelliseen ja kliiniseen k\u00e4ytt\u00f6\u00f6n.<\/p>\n<h3>Trenboloni: Yleiskatsaus ja hy\u00f6dyt<\/h3>\n<p>Trenboloni on voimakas anabolinen steroidi, joka tunnetaan lihaksia rakentavista ominaisuuksistaan \u200b\u200bja jota k\u00e4ytet\u00e4\u00e4n laajalti kehonrakennus- ja fitness-yhteis\u00f6ss\u00e4. Se kuuluu testosteronista johdettujen synteettisten steroidien luokkaan, ja se tunnetaan korkeista anabolisista ja androgeenisista vaikutuksistaan. Trenbolonia ei ole hyv\u00e4ksytty ihmisk\u00e4ytt\u00f6\u00f6n l\u00e4\u00e4ketieteess\u00e4, mutta se on suosittu urheilijoiden ja kehonrakentajien keskuudessa, koska se kykenee edist\u00e4m\u00e4\u00e4n lihaskasvua, lis\u00e4\u00e4m\u00e4\u00e4n voimaa ja parantamaan urheilullista suorituskyky\u00e4. Se toimii sitoutumalla kehon androgeenireseptoreihin edist\u00e4en proteiinisynteesi\u00e4 ja typen kertymist\u00e4, jotka ovat ratkaisevan t\u00e4rkeit\u00e4 lihaskasvulle ja palautumiselle.<\/p>\n<h4>Trenbolonin hy\u00f6dyt<\/h4>\n<ol>\n<li>Lihaskasvu: Paras Trenbolonin edist\u00e4\u00e4 merkitt\u00e4v\u00e4\u00e4 lihaskasvua tehostamalla proteiinisynteesi\u00e4, mik\u00e4 johtaa nopeaan lihaskasvuun ja voiman kasvuun.<\/li>\n<li>Tehostettu voima: K\u00e4ytt\u00e4j\u00e4t kokevat usein dramaattisia voimanlis\u00e4yksi\u00e4, mik\u00e4 mahdollistaa intensiivisemm\u00e4t harjoitukset ja paremman suorituskyvyn.<\/li>\n<li>Rasvanpoltto: Se auttaa polttamaan rasvaa lis\u00e4\u00e4m\u00e4ll\u00e4 aineenvaihduntaa ja edist\u00e4m\u00e4ll\u00e4 kiinte\u00e4mp\u00e4\u00e4 vartaloa.<\/li>\n<li>Parempi palautuminen: Trenboloni nopeuttaa palautumisaikoja harjoitusten v\u00e4lill\u00e4, mik\u00e4 mahdollistaa useammin ja intensiivisemmin harjoitella.<\/li>\n<\/ol>\n<p>Tehokkuutensa vuoksi Trenboloni voi aiheuttaa merkitt\u00e4vi\u00e4 sivuvaikutuksia, eik\u00e4 sit\u00e4 suositella satunnaisille tai kokemattomille k\u00e4ytt\u00e4jille. Sit\u00e4 tulisi k\u00e4ytt\u00e4\u00e4 vain l\u00e4\u00e4k\u00e4rin valvonnassa tai kokeneiden henkil\u00f6iden toimesta, jotka ymm\u00e4rt\u00e4v\u00e4t sen riskit ja hy\u00f6dyt. Jos harkitset Trenbolonin k\u00e4ytt\u00f6\u00e4, varmista, ett\u00e4 ostat sen hyv\u00e4maineisesta ja parhaasta apteekista, kuten buy-prescriptionz.com, varmistaaksesi tuotteen aitouden ja laadun.<\/p>\n<h3>Osta Trenbolonin 10 ml injektionesteisiin tai suun kautta k\u00e4ytett\u00e4v\u00e4ksi<\/h3>\n<p>Osta Trenbolonia verkossa Trenbolonilla 10 ml verkossa on sek\u00e4 anabolisia ett\u00e4 androgeenisi\u00e4 vaikutuksia. Trenbolonilla on vaikutusta lis\u00e4\u00e4m\u00e4ll\u00e4 lihasten ammoniumhiukkasten ottoa, mik\u00e4 johtaa proteiiniseoksen m\u00e4\u00e4r\u00e4n kasvuun.<br \/>\nVoit ostaa Trenbolonin 10 ml ilman l\u00e4\u00e4k\u00e4ri\u00e4, ja se voi olla ylim\u00e4\u00e4r\u00e4isi\u00e4 vaikutuksia virkist\u00e4v\u00e4 himo ja v\u00e4hent\u00e4\u00e4 nopeutta kataboliaa, kuten jokainen anabolinen steroidi hyv\u00e4ksyt\u00e4\u00e4n.<br \/>\nNyt saatavilla, Trenbolone 10 ml myyt\u00e4v\u00e4n\u00e4 buy-prescriptionz.com. Trenbolonin voi aiheuttaa laajeneminen miespuolinen valinnainen sukupuoli ominaisuuksia ilman tarvetta siirty\u00e4 asteittain voimakas androgeenin kehossa.<\/p>\n<h4>Trenbolonin kanssa 10 ml halpaan hintaan<\/h4>\n<p>Osta Trenbolonia verkossa Trenbolonin intensiteetti on moninkertaisesti testosteronin intensiteetti\u00e4 suurempi. Trenboloni sitoutuu voimakkaasti progesteronireseptoriin, ja se sitoutuu my\u00f6s glukokortikoidireseptoriin.<br \/>\nKokeile ostaa Trenbolone 10 ml huomaamattomassa pakkauksessa buy-prescriptionz.com nopealla ja turvallisella toimituksella.<\/p>\n<p>Trenboloni ja 17-epitrenboloni vapautuvat molemmat virtsaan konjugaatteina, jotka voidaan hydrolysoida beetaglukuronidaasilla. T\u00e4m\u00e4 viittaa siihen, ett\u00e4 trenboloni poistuu elimist\u00f6st\u00e4 beetaglukuronideina tai sulfaatteina. T\u00e4m\u00e4 l\u00e4\u00e4ke poistuu elimist\u00f6st\u00e4 24 tunnin kuluessa saannista.<br \/>\nMiten ostaa Trenbolonin 10 ml, t\u00e4m\u00e4 ei ole en\u00e4\u00e4 vaikeaa. Buyprescriptionz.com, voit ostaa mit\u00e4 tahansa m\u00e4\u00e4r\u00e4\u00e4 tai laatua tarvitset t\u00e4m\u00e4n l\u00e4\u00e4kkeen miss\u00e4 tahansa maailmassa turvallisessa ja testatussa ymp\u00e4rist\u00f6ss\u00e4. Mietitk\u00f6 viel\u00e4, mist\u00e4 ostaa Trenbolone 10 ml?<br \/>\nTrenboloni ohjataan aihiol\u00e4\u00e4kkeen\u00e4 esterikonjugaattina, esimerkiksi trenbolonietikkahappojohdannaisena, enantaattina tai trenboloniheksahydrobensyylikarbonaattina.<\/p>\n<p>&nbsp;<\/p>\n<h5>Osta anabolinen steroidi Trenboloniasetaatti (Tern A) Yhdysvallat, EU, Maailmanlaajuinen<\/h5>\n<p>Jos syy, jonka vuoksi olet t\u00e4ll\u00e4 sivulla on halu ostaa trenboloniasetaatti, suosittelemme, ett\u00e4 teet sen kanssamme. Etumme on valmistajan ZPHC:n laatu. Siksi sinun ei tarvitse viett\u00e4\u00e4 ylim\u00e4\u00e4r\u00e4ist\u00e4 aikaa saavuttaaksesi unelmasi t\u00e4ydellisest\u00e4 kehosta. Tarjoamme my\u00f6s erinomaista kuljetuspalvelua sek\u00e4 Yhdysvaltojen sis\u00e4ll\u00e4, Euroopassa ett\u00e4 ymp\u00e4ri maailmaa. Tiimimme toivottaa sinulle my\u00f6s menestyst\u00e4 ja uusia saavutuksia urheilussa.<\/p>","protected":false},"excerpt":{"rendered":"<p>Buy Trenbolone Online Buy Trenbolone Online Trenbolone is an androgen and anabolic steroid of the nandrolone class. Buy Trenbolone 10 ml online for veterinary and clinical use. Trenbolone: Overview and Benefits Trenbolone is a potent anabolic steroid renowned for its muscle-building properties and is widely used in the bodybuilding and fitness community. It belongs to [&hellip;]<\/p>","protected":false},"featured_media":3072,"comment_status":"open","ping_status":"closed","template":"","meta":{"site-sidebar-layout":"default","site-content-layout":"","ast-site-content-layout":"default","site-content-style":"default","site-sidebar-style":"default","ast-global-header-display":"","ast-banner-title-visibility":"","ast-main-header-display":"","ast-hfb-above-header-display":"","ast-hfb-below-header-display":"","ast-hfb-mobile-header-display":"","site-post-title":"","ast-breadcrumbs-content":"","ast-featured-img":"","footer-sml-layout":"","theme-transparent-header-meta":"default","adv-header-id-meta":"","stick-header-meta":"","header-above-stick-meta":"","header-main-stick-meta":"","header-below-stick-meta":"","astra-migrate-meta-layouts":"set","ast-page-background-enabled":"default","ast-page-background-meta":{"desktop":{"background-color":"var(--ast-global-color-4)","background-image":"","background-repeat":"repeat","background-position":"center center","background-size":"auto","background-attachment":"scroll","background-type":"","background-media":"","overlay-type":"","overlay-color":"","overlay-opacity":"","overlay-gradient":""},"tablet":{"background-color":"","background-image":"","background-repeat":"repeat","background-position":"center center","background-size":"auto","background-attachment":"scroll","background-type":"","background-media":"","overlay-type":"","overlay-color":"","overlay-opacity":"","overlay-gradient":""},"mobile":{"background-color":"","background-image":"","background-repeat":"repeat","background-position":"center center","background-size":"auto","background-attachment":"scroll","background-type":"","background-media":"","overlay-type":"","overlay-color":"","overlay-opacity":"","overlay-gradient":""}},"ast-content-background-meta":{"desktop":{"background-color":"var(--ast-global-color-5)","background-image":"","background-repeat":"repeat","background-position":"center center","background-size":"auto","background-attachment":"scroll","background-type":"","background-media":"","overlay-type":"","overlay-color":"","overlay-opacity":"","overlay-gradient":""},"tablet":{"background-color":"var(--ast-global-color-5)","background-image":"","background-repeat":"repeat","background-position":"center center","background-size":"auto","background-attachment":"scroll","background-type":"","background-media":"","overlay-type":"","overlay-color":"","overlay-opacity":"","overlay-gradient":""},"mobile":{"background-color":"var(--ast-global-color-5)","background-image":"","background-repeat":"repeat","background-position":"center center","background-size":"auto","background-attachment":"scroll","background-type":"","background-media":"","overlay-type":"","overlay-color":"","overlay-opacity":"","overlay-gradient":""}}},"product_brand":[],"product_cat":[2384],"product_tag":[1324,1325,1323,1318,1321,1320,1319,1322,1317,1316,1326],"class_list":{"0":"post-3042","1":"product","2":"type-product","3":"status-publish","4":"has-post-thumbnail","6":"product_cat-buy-anabolic-steroids-online","7":"product_tag-buy-trenbolone-in-canada","8":"product_tag-buy-trenbolone-in-uk","9":"product_tag-buy-trenbolone-in-usa","10":"product_tag-buy-trenbolone-with-bitcoin","11":"product_tag-buy-trenbolone-with-credit-card","12":"product_tag-buy-trenbolone-with-money-gram","13":"product_tag-buy-trenbolone-with-western-union","14":"product_tag-buy-trenbolone-without-a-doctor","15":"product_tag-buy-trenbolone-without-prescription","16":"product_tag-trenbolone-for-sale","17":"product_tag-trenbolone-injection","18":"desktop-align-center","19":"tablet-align-left","20":"mobile-align-left","22":"first","23":"instock","24":"shipping-taxable","25":"purchasable","26":"product-type-variable","27":"has-default-attributes"},"yoast_head":"<!-- This site is optimized with the Yoast SEO plugin v25.9 - https:\/\/yoast.com\/wordpress\/plugins\/seo\/ -->\n<title>Buy Trenbolone Online-buy trenbolone acetate injectable online<\/title>\n<meta name=\"description\" content=\"Buy Trenbolone Online,buy trenbolone acetate injectable onlinewhere can i buy trenbolonetrenbolone acetate for salebuy trenbolone acetate online\" \/>\n<meta name=\"robots\" content=\"index, follow, max-snippet:-1, max-image-preview:large, max-video-preview:-1\" \/>\n<link rel=\"canonical\" href=\"https:\/\/buy-prescriptionz.com\/fi\/tuote\/osta-trenbolonia-verkossa\/\" \/>\n<meta property=\"og:locale\" content=\"fi_FI\" \/>\n<meta property=\"og:type\" content=\"article\" \/>\n<meta property=\"og:title\" content=\"Buy Trenbolone Online-buy trenbolone acetate injectable online\" \/>\n<meta property=\"og:description\" content=\"Buy Trenbolone Online,buy trenbolone acetate injectable onlinewhere can i buy trenbolonetrenbolone acetate for salebuy trenbolone acetate online\" \/>\n<meta property=\"og:url\" content=\"https:\/\/buy-prescriptionz.com\/fi\/tuote\/osta-trenbolonia-verkossa\/\" \/>\n<meta property=\"og:site_name\" content=\"Buy Prescriptionz\" \/>\n<meta property=\"article:modified_time\" content=\"2025-09-26T15:37:45+00:00\" \/>\n<meta property=\"og:image\" content=\"https:\/\/buy-prescriptionz.com\/wp-content\/uploads\/2025\/09\/trenbolone.jpg\" \/>\n\t<meta property=\"og:image:width\" content=\"400\" \/>\n\t<meta property=\"og:image:height\" content=\"300\" \/>\n\t<meta property=\"og:image:type\" content=\"image\/jpeg\" \/>\n<meta name=\"twitter:card\" content=\"summary_large_image\" \/>\n<meta name=\"twitter:label1\" content=\"Arvioitu lukuaika\" \/>\n\t<meta name=\"twitter:data1\" content=\"3 minuuttia\" \/>\n<script type=\"application\/ld+json\" class=\"yoast-schema-graph\">{\"@context\":\"https:\/\/schema.org\",\"@graph\":[{\"@type\":\"WebPage\",\"@id\":\"https:\/\/buy-prescriptionz.com\/product\/buy-trenbolone-online\/\",\"url\":\"https:\/\/buy-prescriptionz.com\/product\/buy-trenbolone-online\/\",\"name\":\"Buy Trenbolone Online-buy trenbolone acetate injectable online\",\"isPartOf\":{\"@id\":\"https:\/\/buy-prescriptionz.com\/#website\"},\"primaryImageOfPage\":{\"@id\":\"https:\/\/buy-prescriptionz.com\/product\/buy-trenbolone-online\/#primaryimage\"},\"image\":{\"@id\":\"https:\/\/buy-prescriptionz.com\/product\/buy-trenbolone-online\/#primaryimage\"},\"thumbnailUrl\":\"https:\/\/buy-prescriptionz.com\/wp-content\/uploads\/2025\/09\/trenbolone.jpg\",\"datePublished\":\"2025-09-16T08:56:08+00:00\",\"dateModified\":\"2025-09-26T15:37:45+00:00\",\"description\":\"Buy Trenbolone Online,buy trenbolone acetate injectable onlinewhere can i buy trenbolonetrenbolone acetate for salebuy trenbolone acetate online\",\"breadcrumb\":{\"@id\":\"https:\/\/buy-prescriptionz.com\/product\/buy-trenbolone-online\/#breadcrumb\"},\"inLanguage\":\"fi\",\"potentialAction\":[{\"@type\":\"ReadAction\",\"target\":[\"https:\/\/buy-prescriptionz.com\/product\/buy-trenbolone-online\/\"]}]},{\"@type\":\"ImageObject\",\"inLanguage\":\"fi\",\"@id\":\"https:\/\/buy-prescriptionz.com\/product\/buy-trenbolone-online\/#primaryimage\",\"url\":\"https:\/\/buy-prescriptionz.com\/wp-content\/uploads\/2025\/09\/trenbolone.jpg\",\"contentUrl\":\"https:\/\/buy-prescriptionz.com\/wp-content\/uploads\/2025\/09\/trenbolone.jpg\",\"width\":400,\"height\":300},{\"@type\":\"BreadcrumbList\",\"@id\":\"https:\/\/buy-prescriptionz.com\/product\/buy-trenbolone-online\/#breadcrumb\",\"itemListElement\":[{\"@type\":\"ListItem\",\"position\":1,\"name\":\"Home\",\"item\":\"https:\/\/buy-prescriptionz.com\/\"},{\"@type\":\"ListItem\",\"position\":2,\"name\":\"Shop Painkillers Online\",\"item\":\"https:\/\/buy-prescriptionz.com\/shop-painkillers-online\/\"},{\"@type\":\"ListItem\",\"position\":3,\"name\":\"Buy Trenbolone Online\"}]},{\"@type\":\"WebSite\",\"@id\":\"https:\/\/buy-prescriptionz.com\/#website\",\"url\":\"https:\/\/buy-prescriptionz.com\/\",\"name\":\"Buy Prescriptionz\",\"description\":\"Drugs Online\",\"publisher\":{\"@id\":\"https:\/\/buy-prescriptionz.com\/#organization\"},\"potentialAction\":[{\"@type\":\"SearchAction\",\"target\":{\"@type\":\"EntryPoint\",\"urlTemplate\":\"https:\/\/buy-prescriptionz.com\/?s={search_term_string}\"},\"query-input\":{\"@type\":\"PropertyValueSpecification\",\"valueRequired\":true,\"valueName\":\"search_term_string\"}}],\"inLanguage\":\"fi\"},{\"@type\":\"Organization\",\"@id\":\"https:\/\/buy-prescriptionz.com\/#organization\",\"name\":\"Buy Prescriptionz\",\"url\":\"https:\/\/buy-prescriptionz.com\/\",\"logo\":{\"@type\":\"ImageObject\",\"inLanguage\":\"fi\",\"@id\":\"https:\/\/buy-prescriptionz.com\/#\/schema\/logo\/image\/\",\"url\":\"https:\/\/buy-prescriptionz.com\/wp-content\/uploads\/2023\/09\/logo.png\",\"contentUrl\":\"https:\/\/buy-prescriptionz.com\/wp-content\/uploads\/2023\/09\/logo.png\",\"width\":350,\"height\":64,\"caption\":\"Buy Prescriptionz\"},\"image\":{\"@id\":\"https:\/\/buy-prescriptionz.com\/#\/schema\/logo\/image\/\"}}]}<\/script>\n<!-- \/ Yoast SEO plugin. -->","yoast_head_json":{"title":"Osta trenboloni online-buy trenboloniasetaatti ruiskeena verkossa","description":"Ostaa Trenbolonin verkossa,ostaa trenboloniasetaatti injektoitava verkossaMiss\u00e4 voin ostaa trenbolonetrenboloniasetaatti myyt\u00e4v\u00e4n\u00e4ostaa trenboloniasetaatti verkossa","robots":{"index":"index","follow":"follow","max-snippet":"max-snippet:-1","max-image-preview":"max-image-preview:large","max-video-preview":"max-video-preview:-1"},"canonical":"https:\/\/buy-prescriptionz.com\/fi\/tuote\/osta-trenbolonia-verkossa\/","og_locale":"fi_FI","og_type":"article","og_title":"Buy Trenbolone Online-buy trenbolone acetate injectable online","og_description":"Buy Trenbolone Online,buy trenbolone acetate injectable onlinewhere can i buy trenbolonetrenbolone acetate for salebuy trenbolone acetate online","og_url":"https:\/\/buy-prescriptionz.com\/fi\/tuote\/osta-trenbolonia-verkossa\/","og_site_name":"Buy Prescriptionz","article_modified_time":"2025-09-26T15:37:45+00:00","og_image":[{"width":400,"height":300,"url":"https:\/\/buy-prescriptionz.com\/wp-content\/uploads\/2025\/09\/trenbolone.jpg","type":"image\/jpeg"}],"twitter_card":"summary_large_image","twitter_misc":{"Arvioitu lukuaika":"3 minuuttia"},"schema":{"@context":"https:\/\/schema.org","@graph":[{"@type":"WebPage","@id":"https:\/\/buy-prescriptionz.com\/product\/buy-trenbolone-online\/","url":"https:\/\/buy-prescriptionz.com\/product\/buy-trenbolone-online\/","name":"Osta trenboloni online-buy trenboloniasetaatti ruiskeena verkossa","isPartOf":{"@id":"https:\/\/buy-prescriptionz.com\/#website"},"primaryImageOfPage":{"@id":"https:\/\/buy-prescriptionz.com\/product\/buy-trenbolone-online\/#primaryimage"},"image":{"@id":"https:\/\/buy-prescriptionz.com\/product\/buy-trenbolone-online\/#primaryimage"},"thumbnailUrl":"https:\/\/buy-prescriptionz.com\/wp-content\/uploads\/2025\/09\/trenbolone.jpg","datePublished":"2025-09-16T08:56:08+00:00","dateModified":"2025-09-26T15:37:45+00:00","description":"Ostaa Trenbolonin verkossa,ostaa trenboloniasetaatti injektoitava verkossaMiss\u00e4 voin ostaa trenbolonetrenboloniasetaatti myyt\u00e4v\u00e4n\u00e4ostaa trenboloniasetaatti verkossa","breadcrumb":{"@id":"https:\/\/buy-prescriptionz.com\/product\/buy-trenbolone-online\/#breadcrumb"},"inLanguage":"fi","potentialAction":[{"@type":"ReadAction","target":["https:\/\/buy-prescriptionz.com\/product\/buy-trenbolone-online\/"]}]},{"@type":"ImageObject","inLanguage":"fi","@id":"https:\/\/buy-prescriptionz.com\/product\/buy-trenbolone-online\/#primaryimage","url":"https:\/\/buy-prescriptionz.com\/wp-content\/uploads\/2025\/09\/trenbolone.jpg","contentUrl":"https:\/\/buy-prescriptionz.com\/wp-content\/uploads\/2025\/09\/trenbolone.jpg","width":400,"height":300},{"@type":"BreadcrumbList","@id":"https:\/\/buy-prescriptionz.com\/product\/buy-trenbolone-online\/#breadcrumb","itemListElement":[{"@type":"ListItem","position":1,"name":"Home","item":"https:\/\/buy-prescriptionz.com\/"},{"@type":"ListItem","position":2,"name":"Shop Painkillers Online","item":"https:\/\/buy-prescriptionz.com\/shop-painkillers-online\/"},{"@type":"ListItem","position":3,"name":"Buy Trenbolone Online"}]},{"@type":"WebSite","@id":"https:\/\/buy-prescriptionz.com\/#website","url":"https:\/\/buy-prescriptionz.com\/","name":"Buy Prescriptionz","description":"Huumeet verkossa","publisher":{"@id":"https:\/\/buy-prescriptionz.com\/#organization"},"potentialAction":[{"@type":"SearchAction","target":{"@type":"EntryPoint","urlTemplate":"https:\/\/buy-prescriptionz.com\/?s={search_term_string}"},"query-input":{"@type":"PropertyValueSpecification","valueRequired":true,"valueName":"search_term_string"}}],"inLanguage":"fi"},{"@type":"Organization","@id":"https:\/\/buy-prescriptionz.com\/#organization","name":"Buy Prescriptionz","url":"https:\/\/buy-prescriptionz.com\/","logo":{"@type":"ImageObject","inLanguage":"fi","@id":"https:\/\/buy-prescriptionz.com\/#\/schema\/logo\/image\/","url":"https:\/\/buy-prescriptionz.com\/wp-content\/uploads\/2023\/09\/logo.png","contentUrl":"https:\/\/buy-prescriptionz.com\/wp-content\/uploads\/2023\/09\/logo.png","width":350,"height":64,"caption":"Buy Prescriptionz"},"image":{"@id":"https:\/\/buy-prescriptionz.com\/#\/schema\/logo\/image\/"}}]}},"_links":{"self":[{"href":"https:\/\/buy-prescriptionz.com\/fi\/wp-json\/wp\/v2\/product\/3042","targetHints":{"allow":["GET"]}}],"collection":[{"href":"https:\/\/buy-prescriptionz.com\/fi\/wp-json\/wp\/v2\/product"}],"about":[{"href":"https:\/\/buy-prescriptionz.com\/fi\/wp-json\/wp\/v2\/types\/product"}],"replies":[{"embeddable":true,"href":"https:\/\/buy-prescriptionz.com\/fi\/wp-json\/wp\/v2\/comments?post=3042"}],"wp:featuredmedia":[{"embeddable":true,"href":"https:\/\/buy-prescriptionz.com\/fi\/wp-json\/wp\/v2\/media\/3072"}],"wp:attachment":[{"href":"https:\/\/buy-prescriptionz.com\/fi\/wp-json\/wp\/v2\/media?parent=3042"}],"wp:term":[{"taxonomy":"product_brand","embeddable":true,"href":"https:\/\/buy-prescriptionz.com\/fi\/wp-json\/wp\/v2\/product_brand?post=3042"},{"taxonomy":"product_cat","embeddable":true,"href":"https:\/\/buy-prescriptionz.com\/fi\/wp-json\/wp\/v2\/product_cat?post=3042"},{"taxonomy":"product_tag","embeddable":true,"href":"https:\/\/buy-prescriptionz.com\/fi\/wp-json\/wp\/v2\/product_tag?post=3042"}],"curies":[{"name":"wp","href":"https:\/\/api.w.org\/{rel}","templated":true}]}}