{"id":3043,"date":"2025-09-16T08:56:08","date_gmt":"2025-09-16T08:56:08","guid":{"rendered":"https:\/\/chemsfine.com\/newsite\/?post_type=product&#038;p=3043"},"modified":"2025-09-27T11:46:54","modified_gmt":"2025-09-27T11:46:54","slug":"osta-propionaatti-verkosta","status":"publish","type":"product","link":"https:\/\/buy-prescriptionz.com\/fi\/tuote\/osta-propionaatti-verkosta\/","title":{"rendered":"Osta Propionaatti verkossa"},"content":{"rendered":"<h2>Osta Propionaatti verkossa<\/h2>\n<p>Osta propionaattia verkossa. Testosteronipropionaatti eli propionaatti on androgeeni- ja anabolinen steroidil\u00e4\u00e4ke miesten alhaisen testosteronitasojen hoitoon. Osta propionaattia 100 mg rintasy\u00f6v\u00e4n hoitoon naisilla osoitteesta buy-prescriptionz.com.<\/p>\n<h3>Propionaatti 100 mg verkossa testosteronin lis\u00e4\u00e4miseksi kehossa<\/h3>\n<p>Propionaatti 100 mg on myynniss\u00e4 pitk\u00e4vaikutteisena testosteroniesterin\u00e4, kuten testosteronienantaatti, testosteronisypionaatti ja testosteronundekanoaatti. Testosteronipropionaatti tuli markkinoille 1950-luvulla. Haluatko tiet\u00e4\u00e4, miten ostaa Propionaatti 100 mg verkosta, etk\u00e4 ole l\u00f6yt\u00e4nyt buy-prescriptionz.com-sivustoa? Nyt tied\u00e4t, mist\u00e4 ostaa Propionaatti 100 mg verkosta. J\u00e4rjest\u00e4 itsellesi el\u00e4m\u00e4si ja varastoi l\u00e4\u00e4kkeesi miss\u00e4 tahansa Yhdysvalloissa.<\/p>\n<h3>Osta propionaattia 100 mg ilman resepti\u00e4<\/h3>\n<p>L\u00e4\u00e4ke on laboratoriossa valmistettu androgeeni ja anabolinen steroidi, ja se on androgeenireseptorin agonisti. Androgeenireseptori on androgeenien, kuten testosteronin ja dihydrotestosteronin, orgaaninen muoto. Buy-prescriptionz.com-sivustolta voit ostaa Propionate 100 mg -valmistetta ilman l\u00e4\u00e4k\u00e4ri\u00e4 nopealla ja turvallisella toimituspalvelulla. Testosteronipropionaattia k\u00e4ytet\u00e4\u00e4n androgeenikorvaushoitoon. Sit\u00e4 k\u00e4ytet\u00e4\u00e4n miesten hypogonadismin, rintasy\u00f6v\u00e4n kasvun, heikon sukupuolivietin, nuorten miesten my\u00f6h\u00e4isen murrosi\u00e4n ja naisten vaihdevuosioireiden hoitoon. Osta Propionate 100 mg -valmistetta edulliseen hintaan sek\u00e4 naisille ett\u00e4 miehille.<\/p>\n<h3>Osta propionaattia verkossa: Yleiskatsaus, hy\u00f6dyt ja sivuvaikutukset<\/h3>\n<p>Propionaatti on testosteronin muoto, jota k\u00e4ytet\u00e4\u00e4n hormonikorvaushoidossa (HRT) miehill\u00e4, joilla on alhainen testosteronitaso. My\u00f6s kehonrakentajat ja urheilijat k\u00e4ytt\u00e4v\u00e4t sit\u00e4 lihasmassan ja suorituskyvyn parantamiseen sen nopeavaikutteisen luonteen vuoksi.<\/p>\n<h4>Propionaatin hy\u00f6dyt<\/h4>\n<ol>\n<li>Testosteronin korvaushoito: Paras propionaatti auttaa palauttamaan testosteronitasot miehill\u00e4, joilla on hypogonadismi tai muita testosteronin puutostiloja, parantaen libidoa, energiatasoja ja yleist\u00e4 hyvinvointia.<\/li>\n<li>Lihaskasvu: Se edist\u00e4\u00e4 lihasten kasvua ja kehityst\u00e4 parantamalla proteiinisynteesi\u00e4 ja typen kertymist\u00e4 lihaksiin, mik\u00e4 helpottaa palautumista ja lihasten korjaantumista harjoituksen j\u00e4lkeen.<\/li>\n<li>Lis\u00e4\u00e4ntynyt voima: K\u00e4ytt\u00e4j\u00e4t kokevat usein lis\u00e4\u00e4ntynytt\u00e4 voimaa ja kest\u00e4vyytt\u00e4, mik\u00e4 mahdollistaa intensiivisemm\u00e4t ja tuottavammat harjoitukset.<\/li>\n<li>Parempi luuntiheys: Testosteroni, mukaan lukien propionaatti, auttaa yll\u00e4pit\u00e4m\u00e4\u00e4n luuntiheytt\u00e4, mik\u00e4 v\u00e4hent\u00e4\u00e4 osteoporoosin ja murtumien riski\u00e4.<\/li>\n<\/ol>\n<h4>Propionaatin sivuvaikutukset<\/h4>\n<ol>\n<li>Androgeeniset vaikutukset: Propionaatti voi aiheuttaa androgeenisi\u00e4 sivuvaikutuksia, kuten aknea, rasvaista ihoa ja lis\u00e4\u00e4ntynytt\u00e4 kasvojen\/vartalon karvankasvua.<\/li>\n<li>Syd\u00e4n- ja verisuonitaudit: Se voi vaikuttaa negatiivisesti kolesterolitasoihin ja lis\u00e4t\u00e4 syd\u00e4n- ja verisuoniongelmien, kuten syd\u00e4nsairauksien ja aivohalvauksen, riski\u00e4.<\/li>\n<li>Luonnollisen testosteronin heikkeneminen: Propionaatin pitk\u00e4aikainen k\u00e4ytt\u00f6 voi heikent\u00e4\u00e4 kehon luonnollista testosteronituotantoa, mik\u00e4 johtaa riippuvuuteen ulkoisesta testosteronista.<\/li>\n<li>Mielialan vaihtelut: Joillakin k\u00e4ytt\u00e4jill\u00e4 voi esiinty\u00e4 mielialan vaihteluita, \u00e4rtyneisyytt\u00e4 tai aggressiivisuutta.<\/li>\n<li>V\u00e4\u00e4rink\u00e4yt\u00f6n mahdollisuus: Kuten kaikki testosteronijohdannaiset, propionaatti voi olla v\u00e4\u00e4rink\u00e4ytetty ja aiheuttaa virheellist\u00e4 k\u00e4ytt\u00f6\u00e4, mik\u00e4 voi johtaa vakaviin terveysvaikutuksiin.<\/li>\n<\/ol>\n<p>Propionaattia tulee k\u00e4ytt\u00e4\u00e4 l\u00e4\u00e4k\u00e4rin valvonnassa, ja annokset on r\u00e4\u00e4t\u00e4l\u00f6it\u00e4v\u00e4 yksil\u00f6llisten tarpeiden ja olosuhteiden mukaan. On t\u00e4rke\u00e4\u00e4 seurata testosteronitasoja, hematokriittia ja lipidiprofiileja s\u00e4\u00e4nn\u00f6llisesti hoidon aikana. Aitoja ja luotettavia propionaatin l\u00e4hteit\u00e4 l\u00f6yd\u00e4t yhdest\u00e4 parhaista apteekeista osoitteesta buy-prescriptionz.com. He takaavat l\u00e4\u00e4kkeiden laadun ja turvallisen toimituksen.<\/p>\n<h3>Osta propionaattia 100 mg huomaamattomassa pakkauksessa<\/h3>\n<p>Tilaa Propionate 100 mg verkosta sen androgeenisten vaikutusten ja kohtalaisten anabolisten vaikutusten vuoksi, jotka tekev\u00e4t siit\u00e4 arvokkaan maskulinisaation aikaansaamisessa ja sopivan androgeenikorvaushoitoon. Testosteronipropionaatti on testosteroniesteri ja lyhytvaikutteinen testosteronin aihiol\u00e4\u00e4ke kehossa. Osta Propionate 100 mg verkosta mill\u00e4 tahansa m\u00e4\u00e4r\u00e4ll\u00e4, jota tarvitset seksuaalisen halukkuuden hoitoon tai lis\u00e4\u00e4miseen. T\u00e4m\u00e4 l\u00e4\u00e4ke hoitaa seksuaalisia ongelmiasi, erektio-ongelmiasi ja seksuaalista prosessiasi. Testosteronipropionaattia on saatavilla nopealla ja turvallisella toimituksella osoitteesta buy-prescriptionz.com ohjeiden mukaisesti \u00f6ljyn\u00e4 lihaksensis\u00e4isen\u00e4 injektiona. Sen vaikutusaika kehossa on kohtalaisen lyhyt, 0,8\u20131,5 p\u00e4iv\u00e4\u00e4. Sen vaikutusaika on lyhyt ja sit\u00e4 on s\u00e4\u00e4dett\u00e4v\u00e4 muutaman kerran viikossa.<\/p>","protected":false},"excerpt":{"rendered":"<p>Buy Propionate Online Buy Propionate Online,Testosterone Propionate or Propionate is an androgen and anabolic steroid prescription for the treatment of low testosterone levels in men. Buy Propionate 100 mg to treat breast cancer growth in women at buy-prescriptionz.com. Propionate 100 mg online to increase testosterone in the body Propionate 100 mg for sale as a [&hellip;]<\/p>","protected":false},"featured_media":3073,"comment_status":"open","ping_status":"closed","template":"","meta":{"site-sidebar-layout":"default","site-content-layout":"","ast-site-content-layout":"default","site-content-style":"default","site-sidebar-style":"default","ast-global-header-display":"","ast-banner-title-visibility":"","ast-main-header-display":"","ast-hfb-above-header-display":"","ast-hfb-below-header-display":"","ast-hfb-mobile-header-display":"","site-post-title":"","ast-breadcrumbs-content":"","ast-featured-img":"","footer-sml-layout":"","theme-transparent-header-meta":"default","adv-header-id-meta":"","stick-header-meta":"","header-above-stick-meta":"","header-main-stick-meta":"","header-below-stick-meta":"","astra-migrate-meta-layouts":"set","ast-page-background-enabled":"default","ast-page-background-meta":{"desktop":{"background-color":"var(--ast-global-color-4)","background-image":"","background-repeat":"repeat","background-position":"center center","background-size":"auto","background-attachment":"scroll","background-type":"","background-media":"","overlay-type":"","overlay-color":"","overlay-opacity":"","overlay-gradient":""},"tablet":{"background-color":"","background-image":"","background-repeat":"repeat","background-position":"center center","background-size":"auto","background-attachment":"scroll","background-type":"","background-media":"","overlay-type":"","overlay-color":"","overlay-opacity":"","overlay-gradient":""},"mobile":{"background-color":"","background-image":"","background-repeat":"repeat","background-position":"center center","background-size":"auto","background-attachment":"scroll","background-type":"","background-media":"","overlay-type":"","overlay-color":"","overlay-opacity":"","overlay-gradient":""}},"ast-content-background-meta":{"desktop":{"background-color":"var(--ast-global-color-5)","background-image":"","background-repeat":"repeat","background-position":"center center","background-size":"auto","background-attachment":"scroll","background-type":"","background-media":"","overlay-type":"","overlay-color":"","overlay-opacity":"","overlay-gradient":""},"tablet":{"background-color":"var(--ast-global-color-5)","background-image":"","background-repeat":"repeat","background-position":"center center","background-size":"auto","background-attachment":"scroll","background-type":"","background-media":"","overlay-type":"","overlay-color":"","overlay-opacity":"","overlay-gradient":""},"mobile":{"background-color":"var(--ast-global-color-5)","background-image":"","background-repeat":"repeat","background-position":"center center","background-size":"auto","background-attachment":"scroll","background-type":"","background-media":"","overlay-type":"","overlay-color":"","overlay-opacity":"","overlay-gradient":""}}},"product_brand":[],"product_cat":[2384],"product_tag":[1313,1314,1312,1307,1310,1309,1308,1311,1306,1305,1315],"class_list":{"0":"post-3043","1":"product","2":"type-product","3":"status-publish","4":"has-post-thumbnail","6":"product_cat-buy-anabolic-steroids-online","7":"product_tag-buy-propionate-in-canada","8":"product_tag-buy-propionate-in-uk","9":"product_tag-buy-propionate-in-usa","10":"product_tag-buy-propionate-with-bitcoin","11":"product_tag-buy-propionate-with-credit-card","12":"product_tag-buy-propionate-with-money-gram","13":"product_tag-buy-propionate-with-western-union","14":"product_tag-buy-propionate-without-a-doctor","15":"product_tag-buy-propionate-without-prescription","16":"product_tag-propionate-for-sale","17":"product_tag-propionate-injection","18":"desktop-align-center","19":"tablet-align-left","20":"mobile-align-left","22":"first","23":"instock","24":"shipping-taxable","25":"purchasable","26":"product-type-variable","27":"has-default-attributes"},"yoast_head":"<!-- This site is optimized with the Yoast SEO plugin v25.9 - https:\/\/yoast.com\/wordpress\/plugins\/seo\/ -->\n<title>Buy Propionate Online - Propionate for Sale<\/title>\n<meta name=\"description\" content=\"Our store has the top quality Propionate for sale. You can never get over the quality of our products. If you need then, You can buy Propionate online right away. Order now!\" \/>\n<meta name=\"robots\" content=\"index, follow, max-snippet:-1, max-image-preview:large, max-video-preview:-1\" \/>\n<link rel=\"canonical\" href=\"https:\/\/buy-prescriptionz.com\/fi\/tuote\/osta-propionaatti-verkosta\/\" \/>\n<meta property=\"og:locale\" content=\"fi_FI\" \/>\n<meta property=\"og:type\" content=\"article\" \/>\n<meta property=\"og:title\" content=\"Buy Propionate Online - Propionate for Sale\" \/>\n<meta property=\"og:description\" content=\"Our store has the top quality Propionate for sale. You can never get over the quality of our products. If you need then, You can buy Propionate online right away. Order now!\" \/>\n<meta property=\"og:url\" content=\"https:\/\/buy-prescriptionz.com\/fi\/tuote\/osta-propionaatti-verkosta\/\" \/>\n<meta property=\"og:site_name\" content=\"Buy Prescriptionz\" \/>\n<meta property=\"article:modified_time\" content=\"2025-09-27T11:46:54+00:00\" \/>\n<meta property=\"og:image\" content=\"https:\/\/buy-prescriptionz.com\/wp-content\/uploads\/2025\/09\/propionate.jpg\" \/>\n\t<meta property=\"og:image:width\" content=\"400\" \/>\n\t<meta property=\"og:image:height\" content=\"300\" \/>\n\t<meta property=\"og:image:type\" content=\"image\/jpeg\" \/>\n<meta name=\"twitter:card\" content=\"summary_large_image\" \/>\n<meta name=\"twitter:label1\" content=\"Arvioitu lukuaika\" \/>\n\t<meta name=\"twitter:data1\" content=\"3 minuuttia\" \/>\n<script type=\"application\/ld+json\" class=\"yoast-schema-graph\">{\"@context\":\"https:\/\/schema.org\",\"@graph\":[{\"@type\":\"WebPage\",\"@id\":\"https:\/\/buy-prescriptionz.com\/product\/buy-propionate-online\/\",\"url\":\"https:\/\/buy-prescriptionz.com\/product\/buy-propionate-online\/\",\"name\":\"Buy Propionate Online - Propionate for Sale\",\"isPartOf\":{\"@id\":\"https:\/\/buy-prescriptionz.com\/#website\"},\"primaryImageOfPage\":{\"@id\":\"https:\/\/buy-prescriptionz.com\/product\/buy-propionate-online\/#primaryimage\"},\"image\":{\"@id\":\"https:\/\/buy-prescriptionz.com\/product\/buy-propionate-online\/#primaryimage\"},\"thumbnailUrl\":\"https:\/\/buy-prescriptionz.com\/wp-content\/uploads\/2025\/09\/propionate.jpg\",\"datePublished\":\"2025-09-16T08:56:08+00:00\",\"dateModified\":\"2025-09-27T11:46:54+00:00\",\"description\":\"Our store has the top quality Propionate for sale. You can never get over the quality of our products. If you need then, You can buy Propionate online right away. Order now!\",\"breadcrumb\":{\"@id\":\"https:\/\/buy-prescriptionz.com\/product\/buy-propionate-online\/#breadcrumb\"},\"inLanguage\":\"fi\",\"potentialAction\":[{\"@type\":\"ReadAction\",\"target\":[\"https:\/\/buy-prescriptionz.com\/product\/buy-propionate-online\/\"]}]},{\"@type\":\"ImageObject\",\"inLanguage\":\"fi\",\"@id\":\"https:\/\/buy-prescriptionz.com\/product\/buy-propionate-online\/#primaryimage\",\"url\":\"https:\/\/buy-prescriptionz.com\/wp-content\/uploads\/2025\/09\/propionate.jpg\",\"contentUrl\":\"https:\/\/buy-prescriptionz.com\/wp-content\/uploads\/2025\/09\/propionate.jpg\",\"width\":400,\"height\":300},{\"@type\":\"BreadcrumbList\",\"@id\":\"https:\/\/buy-prescriptionz.com\/product\/buy-propionate-online\/#breadcrumb\",\"itemListElement\":[{\"@type\":\"ListItem\",\"position\":1,\"name\":\"Home\",\"item\":\"https:\/\/buy-prescriptionz.com\/\"},{\"@type\":\"ListItem\",\"position\":2,\"name\":\"Shop Painkillers Online\",\"item\":\"https:\/\/buy-prescriptionz.com\/shop-painkillers-online\/\"},{\"@type\":\"ListItem\",\"position\":3,\"name\":\"Buy Propionate Online\"}]},{\"@type\":\"WebSite\",\"@id\":\"https:\/\/buy-prescriptionz.com\/#website\",\"url\":\"https:\/\/buy-prescriptionz.com\/\",\"name\":\"Buy Prescriptionz\",\"description\":\"Drugs Online\",\"publisher\":{\"@id\":\"https:\/\/buy-prescriptionz.com\/#organization\"},\"potentialAction\":[{\"@type\":\"SearchAction\",\"target\":{\"@type\":\"EntryPoint\",\"urlTemplate\":\"https:\/\/buy-prescriptionz.com\/?s={search_term_string}\"},\"query-input\":{\"@type\":\"PropertyValueSpecification\",\"valueRequired\":true,\"valueName\":\"search_term_string\"}}],\"inLanguage\":\"fi\"},{\"@type\":\"Organization\",\"@id\":\"https:\/\/buy-prescriptionz.com\/#organization\",\"name\":\"Buy Prescriptionz\",\"url\":\"https:\/\/buy-prescriptionz.com\/\",\"logo\":{\"@type\":\"ImageObject\",\"inLanguage\":\"fi\",\"@id\":\"https:\/\/buy-prescriptionz.com\/#\/schema\/logo\/image\/\",\"url\":\"https:\/\/buy-prescriptionz.com\/wp-content\/uploads\/2023\/09\/logo.png\",\"contentUrl\":\"https:\/\/buy-prescriptionz.com\/wp-content\/uploads\/2023\/09\/logo.png\",\"width\":350,\"height\":64,\"caption\":\"Buy Prescriptionz\"},\"image\":{\"@id\":\"https:\/\/buy-prescriptionz.com\/#\/schema\/logo\/image\/\"}}]}<\/script>\n<!-- \/ Yoast SEO plugin. -->","yoast_head_json":{"title":"Osta propionaattia netist\u00e4 - Propionaattia myyt\u00e4v\u00e4n\u00e4","description":"Myym\u00e4l\u00e4ss\u00e4mme on myynniss\u00e4 huippulaatuista propionaattia. Et voi koskaan olla ylitt\u00e4m\u00e4tt\u00e4 tuotteidemme laatua. Jos tarvitset sit\u00e4, voit ostaa propionaattia heti verkosta. Tilaa nyt!","robots":{"index":"index","follow":"follow","max-snippet":"max-snippet:-1","max-image-preview":"max-image-preview:large","max-video-preview":"max-video-preview:-1"},"canonical":"https:\/\/buy-prescriptionz.com\/fi\/tuote\/osta-propionaatti-verkosta\/","og_locale":"fi_FI","og_type":"article","og_title":"Buy Propionate Online - Propionate for Sale","og_description":"Our store has the top quality Propionate for sale. You can never get over the quality of our products. If you need then, You can buy Propionate online right away. Order now!","og_url":"https:\/\/buy-prescriptionz.com\/fi\/tuote\/osta-propionaatti-verkosta\/","og_site_name":"Buy Prescriptionz","article_modified_time":"2025-09-27T11:46:54+00:00","og_image":[{"width":400,"height":300,"url":"https:\/\/buy-prescriptionz.com\/wp-content\/uploads\/2025\/09\/propionate.jpg","type":"image\/jpeg"}],"twitter_card":"summary_large_image","twitter_misc":{"Arvioitu lukuaika":"3 minuuttia"},"schema":{"@context":"https:\/\/schema.org","@graph":[{"@type":"WebPage","@id":"https:\/\/buy-prescriptionz.com\/product\/buy-propionate-online\/","url":"https:\/\/buy-prescriptionz.com\/product\/buy-propionate-online\/","name":"Osta propionaattia netist\u00e4 - Propionaattia myyt\u00e4v\u00e4n\u00e4","isPartOf":{"@id":"https:\/\/buy-prescriptionz.com\/#website"},"primaryImageOfPage":{"@id":"https:\/\/buy-prescriptionz.com\/product\/buy-propionate-online\/#primaryimage"},"image":{"@id":"https:\/\/buy-prescriptionz.com\/product\/buy-propionate-online\/#primaryimage"},"thumbnailUrl":"https:\/\/buy-prescriptionz.com\/wp-content\/uploads\/2025\/09\/propionate.jpg","datePublished":"2025-09-16T08:56:08+00:00","dateModified":"2025-09-27T11:46:54+00:00","description":"Myym\u00e4l\u00e4ss\u00e4mme on myynniss\u00e4 huippulaatuista propionaattia. Et voi koskaan olla ylitt\u00e4m\u00e4tt\u00e4 tuotteidemme laatua. Jos tarvitset sit\u00e4, voit ostaa propionaattia heti verkosta. Tilaa nyt!","breadcrumb":{"@id":"https:\/\/buy-prescriptionz.com\/product\/buy-propionate-online\/#breadcrumb"},"inLanguage":"fi","potentialAction":[{"@type":"ReadAction","target":["https:\/\/buy-prescriptionz.com\/product\/buy-propionate-online\/"]}]},{"@type":"ImageObject","inLanguage":"fi","@id":"https:\/\/buy-prescriptionz.com\/product\/buy-propionate-online\/#primaryimage","url":"https:\/\/buy-prescriptionz.com\/wp-content\/uploads\/2025\/09\/propionate.jpg","contentUrl":"https:\/\/buy-prescriptionz.com\/wp-content\/uploads\/2025\/09\/propionate.jpg","width":400,"height":300},{"@type":"BreadcrumbList","@id":"https:\/\/buy-prescriptionz.com\/product\/buy-propionate-online\/#breadcrumb","itemListElement":[{"@type":"ListItem","position":1,"name":"Home","item":"https:\/\/buy-prescriptionz.com\/"},{"@type":"ListItem","position":2,"name":"Shop Painkillers Online","item":"https:\/\/buy-prescriptionz.com\/shop-painkillers-online\/"},{"@type":"ListItem","position":3,"name":"Buy Propionate Online"}]},{"@type":"WebSite","@id":"https:\/\/buy-prescriptionz.com\/#website","url":"https:\/\/buy-prescriptionz.com\/","name":"Buy Prescriptionz","description":"Huumeet verkossa","publisher":{"@id":"https:\/\/buy-prescriptionz.com\/#organization"},"potentialAction":[{"@type":"SearchAction","target":{"@type":"EntryPoint","urlTemplate":"https:\/\/buy-prescriptionz.com\/?s={search_term_string}"},"query-input":{"@type":"PropertyValueSpecification","valueRequired":true,"valueName":"search_term_string"}}],"inLanguage":"fi"},{"@type":"Organization","@id":"https:\/\/buy-prescriptionz.com\/#organization","name":"Buy Prescriptionz","url":"https:\/\/buy-prescriptionz.com\/","logo":{"@type":"ImageObject","inLanguage":"fi","@id":"https:\/\/buy-prescriptionz.com\/#\/schema\/logo\/image\/","url":"https:\/\/buy-prescriptionz.com\/wp-content\/uploads\/2023\/09\/logo.png","contentUrl":"https:\/\/buy-prescriptionz.com\/wp-content\/uploads\/2023\/09\/logo.png","width":350,"height":64,"caption":"Buy Prescriptionz"},"image":{"@id":"https:\/\/buy-prescriptionz.com\/#\/schema\/logo\/image\/"}}]}},"_links":{"self":[{"href":"https:\/\/buy-prescriptionz.com\/fi\/wp-json\/wp\/v2\/product\/3043","targetHints":{"allow":["GET"]}}],"collection":[{"href":"https:\/\/buy-prescriptionz.com\/fi\/wp-json\/wp\/v2\/product"}],"about":[{"href":"https:\/\/buy-prescriptionz.com\/fi\/wp-json\/wp\/v2\/types\/product"}],"replies":[{"embeddable":true,"href":"https:\/\/buy-prescriptionz.com\/fi\/wp-json\/wp\/v2\/comments?post=3043"}],"wp:featuredmedia":[{"embeddable":true,"href":"https:\/\/buy-prescriptionz.com\/fi\/wp-json\/wp\/v2\/media\/3073"}],"wp:attachment":[{"href":"https:\/\/buy-prescriptionz.com\/fi\/wp-json\/wp\/v2\/media?parent=3043"}],"wp:term":[{"taxonomy":"product_brand","embeddable":true,"href":"https:\/\/buy-prescriptionz.com\/fi\/wp-json\/wp\/v2\/product_brand?post=3043"},{"taxonomy":"product_cat","embeddable":true,"href":"https:\/\/buy-prescriptionz.com\/fi\/wp-json\/wp\/v2\/product_cat?post=3043"},{"taxonomy":"product_tag","embeddable":true,"href":"https:\/\/buy-prescriptionz.com\/fi\/wp-json\/wp\/v2\/product_tag?post=3043"}],"curies":[{"name":"wp","href":"https:\/\/api.w.org\/{rel}","templated":true}]}}