{"id":3044,"date":"2025-09-16T08:56:08","date_gmt":"2025-09-16T08:56:08","guid":{"rendered":"https:\/\/chemsfine.com\/newsite\/?post_type=product&#038;p=3044"},"modified":"2025-09-21T08:50:06","modified_gmt":"2025-09-21T08:50:06","slug":"osta-enantaattia-verkosta","status":"publish","type":"product","link":"https:\/\/buy-prescriptionz.com\/fi\/tuote\/osta-enantaattia-verkosta\/","title":{"rendered":"Osta Enanthate verkossa"},"content":{"rendered":"<h2>Osta Enanthate verkossa<\/h2>\n<h3>Mist\u00e4 ostaa Testosterone Enanthate verkossa injektion muodossa<\/h3>\n<p>Testosteroni Enanthate Online, <a href=\"https:\/\/buy-prescriptionz.com\/fi\/\">Enanthate<\/a> l on androgeeni- ja anabolinen steroidil\u00e4\u00e4kitys, joka on tarkoitettu miesten ja naisten tai kirurgisesti sukupuoltaan muuttaneiden henkil\u00f6iden alhaisen testosteronipitoisuuden hoitoon. Osta Testosteroni Enanthate verkossa hormonihoitoon transsukupuolisille miehille ja naisille.<br \/>\nOsta testosteroni Enanthate injektiona buy-prescriptionz.comista infuusiona lihakseen yleens\u00e4 kerran kahdesta nelj\u00e4\u00e4n viikkoon.<\/p>\n<h3>Testosteroni Enanthate myyt\u00e4v\u00e4n\u00e4<\/h3>\n<p>Testosteroni Enanthate verkossa maskuliinisuuteen, kuten ihon puhdistukseen, laajennettuun hiusten kehitykseen, \u00e4\u00e4nimuutoksiin ja kehittyneeseen seksuaaliseen haluun. Tied\u00e4tk\u00f6, miten ostaa Testosterone Enanthate verkossa? Vastaus on osoitteessa buy-prescriptionz.com.<\/p>\n<p>L\u00e4\u00e4kitys on kemiallisesti saatu androgeeni ja anabolinen steroidi, ja n\u00e4in ollen se on androgeenireseptorin agonisti, androgeenien, kuten testosteronin ja dihydrotestosteronin, orgaaninen painopiste. Voit ostaa Testosterone Enanthate ilman resepti\u00e4 ja nopeaa ja turvallista toimituspalvelua Yhdysvalloissa ja Euroopan valtioissa.<\/p>\n<p>Osta testosteroni Enanthate ilman l\u00e4\u00e4k\u00e4ri\u00e4 luotettavien androgeenisten vaikutusten ja kohtalaisten anabolisten k\u00e4ytt\u00f6tarkoitusten vuoksi, mik\u00e4 tekee siit\u00e4 arvokkaan maskuliinisuuden luomiseen ja sopivaksi androgeenikorvaushoitoon.<\/p>\n<p>Tilaa testosteroni-enantaattia verkosta testosteronia tehostavana l\u00e4\u00e4kkeen\u00e4 ja aihiol\u00e4\u00e4kkeen\u00e4 kehon testosteronitasojen lis\u00e4\u00e4miseksi. Osoitteesta buy-prescriptionz.com saat my\u00f6s t\u00e4m\u00e4n l\u00e4\u00e4kkeen irtotavarana kaikkialta valituilta alueilta. Testosteroni-enantaattia k\u00e4ytet\u00e4\u00e4n androgeenikorvaushoidossa. L\u00e4\u00e4ke on Yhdysvalloissa ehdottomasti paras miesten hypogonadismin, nuorten miesten viiv\u00e4styneen murrosi\u00e4n ja naisten testosteronitasojen hoitoon.<\/p>\n<h3>Osta testosteroni Enanthate edulliseen hintaan: Pharmakologia<\/h3>\n<p>Testosteroni enanthate on h\u00e4vitt\u00e4minen 4,5 p\u00e4iv\u00e4\u00e4 ja aika 8,5 p\u00e4iv\u00e4\u00e4, kun k\u00e4ytet\u00e4\u00e4n varastossa lihaksensis\u00e4isen\u00e4 injektiona. Ostaa Testosteroni Enanthate verkossa teid\u00e4n vaatimus k\u00e4yntej\u00e4 noin kerran viikossa, ja huomattavia muutoksia testosteronitasoja johtaa sen kanssa, jossa tasot aluksi nostetaan ja suprafysiologinen.<\/p>\n<p>Osta testosteroni Enanthate huomaamattomalla pakkauksella, jossa on nopea ja turvallinen toimituspalvelu, koska 17\u03b2-heptanoaatti on kemiallisesti saatu androstaatti steroidi ja testosteronin tyt\u00e4ryhti\u00f6. Se on androgeenin esteri; nimenomaan se on testosteronin C17\u03b2-enantaatti (heptanoaatti) esteri.<\/p>\n<h1><strong>Osta Enanthate verkossa<\/strong><\/h1>\n<p>Enantaatti, joka tunnetaan usein nimell\u00e4 testosteronienantaatti, on suosittu anabolinen steroidi, jota k\u00e4ytet\u00e4\u00e4n testosteronikorvaushoidossa ja kehonrakennuksessa. T\u00e4ss\u00e4 on kattava yleiskatsaus ja enantaanin ostamisen edut verkossa:<\/p>\n<ol>\n<li><strong>Mik\u00e4 on enantaatti?<\/strong><\/li>\n<\/ol>\n<ol>\n<li style=\"list-style-type: none;\">\n<ul>\n<li>Testosteroni Enanthate on synteettinen muoto luonnossa esiintyv\u00e4st\u00e4 testosteronihormonista.<\/li>\n<li>It&#8217;s used primarily to treat low testosterone levels in men and to improve physical performance.<\/li>\n<\/ul>\n<\/li>\n<\/ol>\n<ol start=\"2\">\n<li><strong>Forms and Dosage:<\/strong><\/li>\n<\/ol>\n<ol>\n<li style=\"list-style-type: none;\">\n<ul>\n<li>Saatavilla tyypillisesti injektoitavana muodossa.<\/li>\n<li>Annostus vaihtelee l\u00e4\u00e4ketieteellisen ohjeen ja k\u00e4ytt\u00f6tarkoituksen mukaan ja vaihtelee 50 mg:sta 400 mg:aan injektiota kohden.<\/li>\n<\/ul>\n<\/li>\n<\/ol>\n<ol start=\"3\">\n<li><strong>Vaikutusmekanismi:<\/strong><\/li>\n<\/ol>\n<ol>\n<li style=\"list-style-type: none;\">\n<ul>\n<li>Enantaatti toimii t\u00e4ydent\u00e4m\u00e4ll\u00e4 kehon luonnollista testosteronia ja auttamalla yll\u00e4pit\u00e4m\u00e4\u00e4n tasapainoisia hormonitasoja.<\/li>\n<\/ul>\n<\/li>\n<\/ol>\n<h3>Edut<\/h3>\n<ol>\n<li><strong>Lihaskasvu ja voima:<\/strong><\/li>\n<\/ol>\n<ol>\n<li style=\"list-style-type: none;\">\n<ul>\n<li>Tehostettu proteiinisynteesi: Auttaa nopeampaa lihasten korjausta ja kasvua.<\/li>\n<li>Lis\u00e4\u00e4ntynyt typen kertyminen: Ratkaiseva lihaskasvulle, koska se pit\u00e4\u00e4 lihakset anabolisessa tilassa.<\/li>\n<\/ul>\n<\/li>\n<\/ol>\n<ol start=\"2\">\n<li><strong>Parannetut palautumisajat:<\/strong><\/li>\n<\/ol>\n<ol>\n<li style=\"list-style-type: none;\">\n<ul>\n<li>Nopeampi palautuminen: V\u00e4hent\u00e4\u00e4 lihaskipuja ja nopeuttaa palautumista intensiivisist\u00e4 harjoituksista.<\/li>\n<li>Lis\u00e4\u00e4ntynyt punasolujen tuotanto: Parantaa hapen kulkeutumista lihaksiin, mik\u00e4 lis\u00e4\u00e4 kest\u00e4vyytt\u00e4 ja suorituskyky\u00e4.<\/li>\n<\/ul>\n<\/li>\n<\/ol>\n<ol start=\"3\">\n<li><strong>Rasvanpoltto:<\/strong><\/li>\n<\/ol>\n<ol>\n<li style=\"list-style-type: none;\">\n<ul>\n<li>Tehostettu aineenvaihdunta: Tehostaa rasvan aineenvaihduntaa, mik\u00e4 auttaa nopeampaan rasvanpolttoon ja s\u00e4ilytt\u00e4\u00e4 samalla v\u00e4h\u00e4rasvaisen lihasmassan.<\/li>\n<\/ul>\n<\/li>\n<\/ol>\n<ol start=\"4\">\n<li><strong>Libido ja mieliala:<\/strong><\/li>\n<\/ol>\n<ol>\n<li style=\"list-style-type: none;\">\n<ul>\n<li>Parempi libido: Auttaa palauttamaan ja parantamaan seksuaalista halua.<\/li>\n<li>Parempi mieliala: Tasapainottaa mielialaa ja torjuu alhaiseen testosteronitasoon liittyvi\u00e4 masennuksen oireita.<\/li>\n<\/ul>\n<\/li>\n<\/ol>\n<ol start=\"5\">\n<li><strong>Luun tiheys ja lujuus:<\/strong><\/li>\n<\/ol>\n<ol>\n<li style=\"list-style-type: none;\">\n<ul>\n<li>Lis\u00e4\u00e4ntynyt luuntiheys: Auttaa yll\u00e4pit\u00e4m\u00e4\u00e4n luuston terveytt\u00e4 ja ehk\u00e4isem\u00e4\u00e4n osteoporoosia.<\/li>\n<\/ul>\n<\/li>\n<\/ol>\n<p>Mist\u00e4 voin ostaa enantaattia? Enantaatin ostaminen verkosta parhaasta apteekista, buy-prescriptionz.com, tarjoaa lukuisia etuja, kuten k\u00e4tevyyden, monipuolisuuden ja kustannuss\u00e4\u00e4st\u00f6t. On eritt\u00e4in t\u00e4rke\u00e4\u00e4 ostaa luotettavista l\u00e4hteist\u00e4 tuotteen laadun ja aitouden varmistamiseksi. Keskustele aina terveydenhuollon ammattilaisen kanssa ennen mink\u00e4\u00e4n uuden l\u00e4\u00e4kityksen tai lis\u00e4ravinteen aloittamista varmistaaksesi, ett\u00e4 se sopii tarpeisiisi.<\/p>","protected":false},"excerpt":{"rendered":"<p>Buy Enanthate Online Where to buy Testosterone Enanthate online in injection form Testosterone Enanthate Online, Enanthate or Delatestryl is an androgen and anabolic steroid medication that is for the treatment of low testosterone levels in men and women or surgically sex changed individuals. Buy Testosterone Enanthate online for hormone treatment for transgender men and women. [&hellip;]<\/p>","protected":false},"featured_media":3074,"comment_status":"open","ping_status":"closed","template":"","meta":{"site-sidebar-layout":"default","site-content-layout":"","ast-site-content-layout":"default","site-content-style":"default","site-sidebar-style":"default","ast-global-header-display":"","ast-banner-title-visibility":"","ast-main-header-display":"","ast-hfb-above-header-display":"","ast-hfb-below-header-display":"","ast-hfb-mobile-header-display":"","site-post-title":"","ast-breadcrumbs-content":"","ast-featured-img":"","footer-sml-layout":"","theme-transparent-header-meta":"default","adv-header-id-meta":"","stick-header-meta":"","header-above-stick-meta":"","header-main-stick-meta":"","header-below-stick-meta":"","astra-migrate-meta-layouts":"set","ast-page-background-enabled":"default","ast-page-background-meta":{"desktop":{"background-color":"var(--ast-global-color-4)","background-image":"","background-repeat":"repeat","background-position":"center center","background-size":"auto","background-attachment":"scroll","background-type":"","background-media":"","overlay-type":"","overlay-color":"","overlay-opacity":"","overlay-gradient":""},"tablet":{"background-color":"","background-image":"","background-repeat":"repeat","background-position":"center center","background-size":"auto","background-attachment":"scroll","background-type":"","background-media":"","overlay-type":"","overlay-color":"","overlay-opacity":"","overlay-gradient":""},"mobile":{"background-color":"","background-image":"","background-repeat":"repeat","background-position":"center center","background-size":"auto","background-attachment":"scroll","background-type":"","background-media":"","overlay-type":"","overlay-color":"","overlay-opacity":"","overlay-gradient":""}},"ast-content-background-meta":{"desktop":{"background-color":"var(--ast-global-color-5)","background-image":"","background-repeat":"repeat","background-position":"center center","background-size":"auto","background-attachment":"scroll","background-type":"","background-media":"","overlay-type":"","overlay-color":"","overlay-opacity":"","overlay-gradient":""},"tablet":{"background-color":"var(--ast-global-color-5)","background-image":"","background-repeat":"repeat","background-position":"center center","background-size":"auto","background-attachment":"scroll","background-type":"","background-media":"","overlay-type":"","overlay-color":"","overlay-opacity":"","overlay-gradient":""},"mobile":{"background-color":"var(--ast-global-color-5)","background-image":"","background-repeat":"repeat","background-position":"center center","background-size":"auto","background-attachment":"scroll","background-type":"","background-media":"","overlay-type":"","overlay-color":"","overlay-opacity":"","overlay-gradient":""}}},"product_brand":[],"product_cat":[2384],"product_tag":[1302,1303,1301,1296,1299,1298,1297,1300,1295,1294,1304],"class_list":{"0":"post-3044","1":"product","2":"type-product","3":"status-publish","4":"has-post-thumbnail","6":"product_cat-buy-anabolic-steroids-online","7":"product_tag-buy-enanthate-in-canada","8":"product_tag-buy-enanthate-in-uk","9":"product_tag-buy-enanthate-in-usa","10":"product_tag-buy-enanthate-with-bitcoin","11":"product_tag-buy-enanthate-with-credit-card","12":"product_tag-buy-enanthate-with-money-gram","13":"product_tag-buy-enanthate-with-western-union","14":"product_tag-buy-enanthate-without-a-doctor","15":"product_tag-buy-enanthate-without-prescription","16":"product_tag-enanthate-for-sale","17":"product_tag-enanthate-injection","18":"desktop-align-center","19":"tablet-align-left","20":"mobile-align-left","22":"first","23":"instock","24":"shipping-taxable","25":"purchasable","26":"product-type-variable","27":"has-default-attributes"},"yoast_head":"<!-- This site is optimized with the Yoast SEO plugin v25.9 - https:\/\/yoast.com\/wordpress\/plugins\/seo\/ -->\n<title>Testosterone Enanthate Online - Testosterone enanthate,Buy Testosterone<\/title>\n<meta name=\"description\" content=\"Testosterone Enanthate Online - Testosterone;- Buy Testosterone Enanthate book online at best prices in India on Amazon.in. Read Testosterone Enanthate\" \/>\n<meta name=\"robots\" content=\"index, follow, max-snippet:-1, max-image-preview:large, max-video-preview:-1\" \/>\n<link rel=\"canonical\" href=\"https:\/\/buy-prescriptionz.com\/fi\/tuote\/osta-enantaattia-verkosta\/\" \/>\n<meta property=\"og:locale\" content=\"fi_FI\" \/>\n<meta property=\"og:type\" content=\"article\" \/>\n<meta property=\"og:title\" content=\"Testosterone Enanthate Online - Testosterone enanthate,Buy Testosterone\" \/>\n<meta property=\"og:description\" content=\"Testosterone Enanthate Online - Testosterone;- Buy Testosterone Enanthate book online at best prices in India on Amazon.in. Read Testosterone Enanthate\" \/>\n<meta property=\"og:url\" content=\"https:\/\/buy-prescriptionz.com\/fi\/tuote\/osta-enantaattia-verkosta\/\" \/>\n<meta property=\"og:site_name\" content=\"Buy Prescriptionz\" \/>\n<meta property=\"article:modified_time\" content=\"2025-09-21T08:50:06+00:00\" \/>\n<meta property=\"og:image\" content=\"https:\/\/buy-prescriptionz.com\/wp-content\/uploads\/2025\/09\/enanthate.jpg\" \/>\n\t<meta property=\"og:image:width\" content=\"400\" \/>\n\t<meta property=\"og:image:height\" content=\"300\" \/>\n\t<meta property=\"og:image:type\" content=\"image\/jpeg\" \/>\n<meta name=\"twitter:card\" content=\"summary_large_image\" \/>\n<meta name=\"twitter:label1\" content=\"Arvioitu lukuaika\" \/>\n\t<meta name=\"twitter:data1\" content=\"3 minuuttia\" \/>\n<script type=\"application\/ld+json\" class=\"yoast-schema-graph\">{\"@context\":\"https:\/\/schema.org\",\"@graph\":[{\"@type\":\"WebPage\",\"@id\":\"https:\/\/buy-prescriptionz.com\/product\/buy-enanthate-online\/\",\"url\":\"https:\/\/buy-prescriptionz.com\/product\/buy-enanthate-online\/\",\"name\":\"Testosterone Enanthate Online - Testosterone enanthate,Buy Testosterone\",\"isPartOf\":{\"@id\":\"https:\/\/buy-prescriptionz.com\/#website\"},\"primaryImageOfPage\":{\"@id\":\"https:\/\/buy-prescriptionz.com\/product\/buy-enanthate-online\/#primaryimage\"},\"image\":{\"@id\":\"https:\/\/buy-prescriptionz.com\/product\/buy-enanthate-online\/#primaryimage\"},\"thumbnailUrl\":\"https:\/\/buy-prescriptionz.com\/wp-content\/uploads\/2025\/09\/enanthate.jpg\",\"datePublished\":\"2025-09-16T08:56:08+00:00\",\"dateModified\":\"2025-09-21T08:50:06+00:00\",\"description\":\"Testosterone Enanthate Online - Testosterone;- Buy Testosterone Enanthate book online at best prices in India on Amazon.in. Read Testosterone Enanthate\",\"breadcrumb\":{\"@id\":\"https:\/\/buy-prescriptionz.com\/product\/buy-enanthate-online\/#breadcrumb\"},\"inLanguage\":\"fi\",\"potentialAction\":[{\"@type\":\"ReadAction\",\"target\":[\"https:\/\/buy-prescriptionz.com\/product\/buy-enanthate-online\/\"]}]},{\"@type\":\"ImageObject\",\"inLanguage\":\"fi\",\"@id\":\"https:\/\/buy-prescriptionz.com\/product\/buy-enanthate-online\/#primaryimage\",\"url\":\"https:\/\/buy-prescriptionz.com\/wp-content\/uploads\/2025\/09\/enanthate.jpg\",\"contentUrl\":\"https:\/\/buy-prescriptionz.com\/wp-content\/uploads\/2025\/09\/enanthate.jpg\",\"width\":400,\"height\":300},{\"@type\":\"BreadcrumbList\",\"@id\":\"https:\/\/buy-prescriptionz.com\/product\/buy-enanthate-online\/#breadcrumb\",\"itemListElement\":[{\"@type\":\"ListItem\",\"position\":1,\"name\":\"Home\",\"item\":\"https:\/\/buy-prescriptionz.com\/\"},{\"@type\":\"ListItem\",\"position\":2,\"name\":\"Shop Painkillers Online\",\"item\":\"https:\/\/buy-prescriptionz.com\/shop-painkillers-online\/\"},{\"@type\":\"ListItem\",\"position\":3,\"name\":\"Buy Enanthate Online\"}]},{\"@type\":\"WebSite\",\"@id\":\"https:\/\/buy-prescriptionz.com\/#website\",\"url\":\"https:\/\/buy-prescriptionz.com\/\",\"name\":\"Buy Prescriptionz\",\"description\":\"Drugs Online\",\"publisher\":{\"@id\":\"https:\/\/buy-prescriptionz.com\/#organization\"},\"potentialAction\":[{\"@type\":\"SearchAction\",\"target\":{\"@type\":\"EntryPoint\",\"urlTemplate\":\"https:\/\/buy-prescriptionz.com\/?s={search_term_string}\"},\"query-input\":{\"@type\":\"PropertyValueSpecification\",\"valueRequired\":true,\"valueName\":\"search_term_string\"}}],\"inLanguage\":\"fi\"},{\"@type\":\"Organization\",\"@id\":\"https:\/\/buy-prescriptionz.com\/#organization\",\"name\":\"Buy Prescriptionz\",\"url\":\"https:\/\/buy-prescriptionz.com\/\",\"logo\":{\"@type\":\"ImageObject\",\"inLanguage\":\"fi\",\"@id\":\"https:\/\/buy-prescriptionz.com\/#\/schema\/logo\/image\/\",\"url\":\"https:\/\/buy-prescriptionz.com\/wp-content\/uploads\/2023\/09\/logo.png\",\"contentUrl\":\"https:\/\/buy-prescriptionz.com\/wp-content\/uploads\/2023\/09\/logo.png\",\"width\":350,\"height\":64,\"caption\":\"Buy Prescriptionz\"},\"image\":{\"@id\":\"https:\/\/buy-prescriptionz.com\/#\/schema\/logo\/image\/\"}}]}<\/script>\n<!-- \/ Yoast SEO plugin. -->","yoast_head_json":{"title":"Testosteroni Enanthate Online - Testosteroni enanthate, Osta testosteroni","description":"Testosterone Enanthate Online - Testosterone;- Osta Testosterone Enanthate kirja verkossa parhaaseen hintaan Intiassa Amazon.in. Read Testosterone Enanthate","robots":{"index":"index","follow":"follow","max-snippet":"max-snippet:-1","max-image-preview":"max-image-preview:large","max-video-preview":"max-video-preview:-1"},"canonical":"https:\/\/buy-prescriptionz.com\/fi\/tuote\/osta-enantaattia-verkosta\/","og_locale":"fi_FI","og_type":"article","og_title":"Testosterone Enanthate Online - Testosterone enanthate,Buy Testosterone","og_description":"Testosterone Enanthate Online - Testosterone;- Buy Testosterone Enanthate book online at best prices in India on Amazon.in. Read Testosterone Enanthate","og_url":"https:\/\/buy-prescriptionz.com\/fi\/tuote\/osta-enantaattia-verkosta\/","og_site_name":"Buy Prescriptionz","article_modified_time":"2025-09-21T08:50:06+00:00","og_image":[{"width":400,"height":300,"url":"https:\/\/buy-prescriptionz.com\/wp-content\/uploads\/2025\/09\/enanthate.jpg","type":"image\/jpeg"}],"twitter_card":"summary_large_image","twitter_misc":{"Arvioitu lukuaika":"3 minuuttia"},"schema":{"@context":"https:\/\/schema.org","@graph":[{"@type":"WebPage","@id":"https:\/\/buy-prescriptionz.com\/product\/buy-enanthate-online\/","url":"https:\/\/buy-prescriptionz.com\/product\/buy-enanthate-online\/","name":"Testosteroni Enanthate Online - Testosteroni enanthate, Osta testosteroni","isPartOf":{"@id":"https:\/\/buy-prescriptionz.com\/#website"},"primaryImageOfPage":{"@id":"https:\/\/buy-prescriptionz.com\/product\/buy-enanthate-online\/#primaryimage"},"image":{"@id":"https:\/\/buy-prescriptionz.com\/product\/buy-enanthate-online\/#primaryimage"},"thumbnailUrl":"https:\/\/buy-prescriptionz.com\/wp-content\/uploads\/2025\/09\/enanthate.jpg","datePublished":"2025-09-16T08:56:08+00:00","dateModified":"2025-09-21T08:50:06+00:00","description":"Testosterone Enanthate Online - Testosterone;- Osta Testosterone Enanthate kirja verkossa parhaaseen hintaan Intiassa Amazon.in. Read Testosterone Enanthate","breadcrumb":{"@id":"https:\/\/buy-prescriptionz.com\/product\/buy-enanthate-online\/#breadcrumb"},"inLanguage":"fi","potentialAction":[{"@type":"ReadAction","target":["https:\/\/buy-prescriptionz.com\/product\/buy-enanthate-online\/"]}]},{"@type":"ImageObject","inLanguage":"fi","@id":"https:\/\/buy-prescriptionz.com\/product\/buy-enanthate-online\/#primaryimage","url":"https:\/\/buy-prescriptionz.com\/wp-content\/uploads\/2025\/09\/enanthate.jpg","contentUrl":"https:\/\/buy-prescriptionz.com\/wp-content\/uploads\/2025\/09\/enanthate.jpg","width":400,"height":300},{"@type":"BreadcrumbList","@id":"https:\/\/buy-prescriptionz.com\/product\/buy-enanthate-online\/#breadcrumb","itemListElement":[{"@type":"ListItem","position":1,"name":"Home","item":"https:\/\/buy-prescriptionz.com\/"},{"@type":"ListItem","position":2,"name":"Shop Painkillers Online","item":"https:\/\/buy-prescriptionz.com\/shop-painkillers-online\/"},{"@type":"ListItem","position":3,"name":"Buy Enanthate Online"}]},{"@type":"WebSite","@id":"https:\/\/buy-prescriptionz.com\/#website","url":"https:\/\/buy-prescriptionz.com\/","name":"Buy Prescriptionz","description":"Huumeet verkossa","publisher":{"@id":"https:\/\/buy-prescriptionz.com\/#organization"},"potentialAction":[{"@type":"SearchAction","target":{"@type":"EntryPoint","urlTemplate":"https:\/\/buy-prescriptionz.com\/?s={search_term_string}"},"query-input":{"@type":"PropertyValueSpecification","valueRequired":true,"valueName":"search_term_string"}}],"inLanguage":"fi"},{"@type":"Organization","@id":"https:\/\/buy-prescriptionz.com\/#organization","name":"Buy Prescriptionz","url":"https:\/\/buy-prescriptionz.com\/","logo":{"@type":"ImageObject","inLanguage":"fi","@id":"https:\/\/buy-prescriptionz.com\/#\/schema\/logo\/image\/","url":"https:\/\/buy-prescriptionz.com\/wp-content\/uploads\/2023\/09\/logo.png","contentUrl":"https:\/\/buy-prescriptionz.com\/wp-content\/uploads\/2023\/09\/logo.png","width":350,"height":64,"caption":"Buy Prescriptionz"},"image":{"@id":"https:\/\/buy-prescriptionz.com\/#\/schema\/logo\/image\/"}}]}},"_links":{"self":[{"href":"https:\/\/buy-prescriptionz.com\/fi\/wp-json\/wp\/v2\/product\/3044","targetHints":{"allow":["GET"]}}],"collection":[{"href":"https:\/\/buy-prescriptionz.com\/fi\/wp-json\/wp\/v2\/product"}],"about":[{"href":"https:\/\/buy-prescriptionz.com\/fi\/wp-json\/wp\/v2\/types\/product"}],"replies":[{"embeddable":true,"href":"https:\/\/buy-prescriptionz.com\/fi\/wp-json\/wp\/v2\/comments?post=3044"}],"wp:featuredmedia":[{"embeddable":true,"href":"https:\/\/buy-prescriptionz.com\/fi\/wp-json\/wp\/v2\/media\/3074"}],"wp:attachment":[{"href":"https:\/\/buy-prescriptionz.com\/fi\/wp-json\/wp\/v2\/media?parent=3044"}],"wp:term":[{"taxonomy":"product_brand","embeddable":true,"href":"https:\/\/buy-prescriptionz.com\/fi\/wp-json\/wp\/v2\/product_brand?post=3044"},{"taxonomy":"product_cat","embeddable":true,"href":"https:\/\/buy-prescriptionz.com\/fi\/wp-json\/wp\/v2\/product_cat?post=3044"},{"taxonomy":"product_tag","embeddable":true,"href":"https:\/\/buy-prescriptionz.com\/fi\/wp-json\/wp\/v2\/product_tag?post=3044"}],"curies":[{"name":"wp","href":"https:\/\/api.w.org\/{rel}","templated":true}]}}