{"id":3051,"date":"2025-09-16T08:56:09","date_gmt":"2025-09-16T08:56:09","guid":{"rendered":"https:\/\/chemsfine.com\/newsite\/?post_type=product&#038;p=3051"},"modified":"2025-09-22T05:26:12","modified_gmt":"2025-09-22T05:26:12","slug":"osta-lasix-verkosta","status":"publish","type":"product","link":"https:\/\/buy-prescriptionz.com\/fi\/tuote\/osta-lasix-verkosta\/","title":{"rendered":"Osta Lasix verkossa"},"content":{"rendered":"<h2>Osta Lasix verkossa<\/h2>\n<h3>Osta Lasix 40 mg verkosta osoitteesta buy-prescriptionz.com verenpainetautiin<\/h3>\n<p>Osta Lasix 40 mg verkossa buy-prescriptionz.com Verenpainetauti Osta Lasix verkossa,Furosemidi tai Lasix on l\u00e4\u00e4ke, joka on tarkoitettu nestem\u00e4isen erittymisen hoitoon pahoinvoinnin, maksaongelmien tai munuaissairauden vuoksi. Osta Lasix 40 mg my\u00f6s korkean verenpaineen hoitoon. Lasix 40 mg online on saatavilla infuusiona laskimoon tai suun kautta. ...<\/p>\n<h3>Osta Lasix verkossa: Hy\u00f6dyt, Sivuvaikutukset ja Yleiskatsaus<\/h3>\n<p>Lasix, joka tunnetaan my\u00f6s nimell\u00e4 furosemidi, on tehokas diureetti, jota k\u00e4ytet\u00e4\u00e4n ensisijaisesti nesteen kertymisen (turvotuksen) hoitoon, joka liittyy syd\u00e4men vajaatoimintaan, maksasairauksiin ja munuaissairauksiin. Sit\u00e4 k\u00e4ytet\u00e4\u00e4n my\u00f6s korkean verenpaineen (hypertension) hoitoon. Lasix toimii est\u00e4m\u00e4ll\u00e4 kehoa imem\u00e4st\u00e4 liikaa suolaa, jolloin suola p\u00e4\u00e4see poistumaan virtsaan.<\/p>\n<h4>Lasixin edut<\/h4>\n<ol>\n<li>V\u00e4hent\u00e4\u00e4 nesteen kertymist\u00e4: Lasix v\u00e4hent\u00e4\u00e4 tehokkaasti turvotusta ja nesteen kertymist\u00e4 kehoon, mik\u00e4 helpottaa syd\u00e4n-, maksa- tai munuaisongelmista k\u00e4rsivien potilaiden hengitt\u00e4mist\u00e4 ja liikkumista mukavammin.<\/li>\n<li>Hallitsee verenpainetautia: Edist\u00e4m\u00e4ll\u00e4 ylim\u00e4\u00e4r\u00e4isen nesteen poistumista Lasix auttaa alentamaan korkeaa verenpainetta ja v\u00e4hent\u00e4m\u00e4\u00e4n aivohalvauksen ja syd\u00e4nkohtauksen riski\u00e4.<\/li>\n<li>Ehk\u00e4isee komplikaatioita: V\u00e4hent\u00e4m\u00e4ll\u00e4 turvotusta Lasix auttaa ehk\u00e4isem\u00e4\u00e4n vaikeaan nesteen kertymiseen liittyvi\u00e4 komplikaatioita, kuten keuhkop\u00f6h\u00f6\u00e4 (nestett\u00e4 keuhkoissa) ja vaikeaa korkeaa verenpainetta.<\/li>\n<li>Nopea vaikutus: Lasix vaikuttaa nopeasti ja lievitt\u00e4\u00e4 nesteen kertymisen ja verenpainetaudin oireita, mik\u00e4 voi olla ratkaisevan t\u00e4rke\u00e4\u00e4 akuutissa ahdingossa oleville potilaille.<\/li>\n<\/ol>\n<h4>Lasixin sivuvaikutukset<\/h4>\n<ol>\n<li>Elektrolyyttih\u00e4iri\u00f6: Yleisi\u00e4 sivuvaikutuksia ovat veren alhaiset kalium-, natrium- ja magnesiumpitoisuudet, jotka voivat aiheuttaa oireita, kuten lihaskramppeja, heikkoutta ja ep\u00e4s\u00e4\u00e4nn\u00f6llist\u00e4 syd\u00e4mensykett\u00e4.<\/li>\n<li>Nestehukka: Liiallinen nestehukka voi johtaa nestehukkaan, mik\u00e4 aiheuttaa huimausta, suun kuivumista ja virtsanerityksen v\u00e4henemist\u00e4.<\/li>\n<li>Hypotensio: Lasix voi aiheuttaa merkitt\u00e4v\u00e4n verenpaineen laskun, mik\u00e4 johtaa huimaukseen tai py\u00f6rtymiseen, erityisesti nopeasti seisomaan noustessa.<\/li>\n<li>Kuulo-ongelmat: Suuret Lasix-annokset tai nopea laskimonsis\u00e4inen anto voivat johtaa tilap\u00e4iseen tai pysyv\u00e4\u00e4n kuulon heikkenemiseen.<\/li>\n<li>Allergiset reaktiot: Joillakin potilailla voi esiinty\u00e4 allergisia reaktioita, kuten ihottumaa, kutinaa tai hengitysvaikeuksia.<\/li>\n<\/ol>\n<p>On suositeltavaa ottaa Lasix l\u00e4\u00e4k\u00e4rin valvonnassa sen voimakkaiden vaikutusten ja mahdollisten haittavaikutusten vuoksi. Suositellun annoksen noudattaminen ja s\u00e4\u00e4nn\u00f6llisten tutkimusten aikatauluttaminen on ratkaisevan t\u00e4rke\u00e4\u00e4 munuaisten toiminnan ja elektrolyyttitasojen seurannan kannalta. Saadaksesi Lasixia ja saadaksesi lis\u00e4tietoja, mene osoitteeseen buy-prescriptionz.com, parhaaseen apteekkiin.<\/p>\n<h3>Lasix 40 mg myynniss\u00e4 uskomattomiin hintoihin<\/h3>\n<p>\u00c4l\u00e4 huoli siit\u00e4, miten ostat Lasix 40 mg verkosta turvotuksen ja verenpainetaudin hoitoon. Tilaa Lasix 40 mg verkosta my\u00f6s maksakirroosiin, munuaisten impedanssiin, nefroottiseen sairauteen, laskimoiden tai keuhkojen turvotuksen hoitoon, kun tarvitaan nopeaa diureesia, ja vaikean hyperkalsemian hoitoon.<\/p>\n<p>Lasix erittyy munuaisissa sylinterim\u00e4isen\u00e4 purkauksena. Pienempi\u00e4 annoksia m\u00e4\u00e4r\u00e4t\u00e4\u00e4n i\u00e4kk\u00e4\u00e4mmille potilaille oireiden lievent\u00e4miseksi, ja munuaisten vajaatoiminnassa tarvitaan suuria annoksia. Liiallinen annos voi aiheuttaa munuaisvaurioita.<\/p>\n<h3>Mist\u00e4 ostaa Lasix 40 mg verkossa yhdysvaltalaisille potilaille<\/h3>\n<p>Osta Lasix 40 mg ilman resepti\u00e4, joka vaikuttaa 1 tunnin kuluttua suun kautta otetusta l\u00e4\u00e4kkeest\u00e4, ja laskimoinfuusion j\u00e4lkeen vaikutus on noin 30 minuutin kuluttua. Tilaa nyt osoitteesta buy-prescriptionz.com nopeaa ja turvallista toimitusta varten. Diureesia esiintyy 6\u20138 tuntia suun kautta annetun injektion j\u00e4lkeen h\u00e4t\u00e4tilanteissa. Furosemidi on ei-kilpaileva GABA-A-reseptorien alatyyppikohtainen est\u00e4j\u00e4. Furosemidin on katsottu liittyv\u00e4n palautuviin GABA:n aiheuttamiin \u03b16\u03b22\u03b32-reseptorien virtauksiin \u00b5M-keskittym\u00e4ss\u00e4, mutta ei \u03b11\u03b22\u03b32-reseptoreihin. Osta Lasix 40 mg edulliseen hintaan irtotilauksille osoitteesta buy-prescriptionz.com.<\/p>\n<h3>Osta Lasix 40 mg verkossa<\/h3>\n<p>Vaikutus distaalisiin tubuluksiin on riippumaton hiilihappoanhydraasin tai aldosteronihydrokloridin est\u00e4vist\u00e4 vaikutuksista; se est\u00e4\u00e4 kortikomedullaarisen osmoottisen prosessin ja sek\u00e4 negatiivisen ett\u00e4 positiivisen vapaan veden vapautumisen. Osta Lasix 40 mg nyt ilman l\u00e4\u00e4k\u00e4ri\u00e4 nopealla ja turvallisella toimituspalvelulla osoitteesta buy-prescriptionz.com.<\/p>\n<p>Osta Lasix 40 mg huomaamattomassa pakkauksessa, kuten muutkin diureetit, se toimii rajoittamalla luminaalisen Na-K-Cl-kuljettajan toimintaa kloridikanavassa, mik\u00e4 aiheuttaa natriumin, kloridin ja kaliumin hukkaa virtsaan.<\/p>","protected":false},"excerpt":{"rendered":"<p>Buy Lasix Online Buy Lasix 40 mg online at buy-prescriptionz.com for Hypertension Buy Lasix Online,Furosemide or Lasix is a drug for treating liquid excretion because of nausea, liver issues, or kidney disease. Buy Lasix 40 mg for the treatment of high blood pressure also. Lasix 40 mg online is available for infusion into a vein [&hellip;]<\/p>","protected":false},"featured_media":3081,"comment_status":"open","ping_status":"closed","template":"","meta":{"site-sidebar-layout":"default","site-content-layout":"","ast-site-content-layout":"default","site-content-style":"default","site-sidebar-style":"default","ast-global-header-display":"","ast-banner-title-visibility":"","ast-main-header-display":"","ast-hfb-above-header-display":"","ast-hfb-below-header-display":"","ast-hfb-mobile-header-display":"","site-post-title":"","ast-breadcrumbs-content":"","ast-featured-img":"","footer-sml-layout":"","theme-transparent-header-meta":"default","adv-header-id-meta":"","stick-header-meta":"","header-above-stick-meta":"","header-main-stick-meta":"","header-below-stick-meta":"","astra-migrate-meta-layouts":"set","ast-page-background-enabled":"default","ast-page-background-meta":{"desktop":{"background-color":"var(--ast-global-color-4)","background-image":"","background-repeat":"repeat","background-position":"center center","background-size":"auto","background-attachment":"scroll","background-type":"","background-media":"","overlay-type":"","overlay-color":"","overlay-opacity":"","overlay-gradient":""},"tablet":{"background-color":"","background-image":"","background-repeat":"repeat","background-position":"center center","background-size":"auto","background-attachment":"scroll","background-type":"","background-media":"","overlay-type":"","overlay-color":"","overlay-opacity":"","overlay-gradient":""},"mobile":{"background-color":"","background-image":"","background-repeat":"repeat","background-position":"center center","background-size":"auto","background-attachment":"scroll","background-type":"","background-media":"","overlay-type":"","overlay-color":"","overlay-opacity":"","overlay-gradient":""}},"ast-content-background-meta":{"desktop":{"background-color":"var(--ast-global-color-5)","background-image":"","background-repeat":"repeat","background-position":"center center","background-size":"auto","background-attachment":"scroll","background-type":"","background-media":"","overlay-type":"","overlay-color":"","overlay-opacity":"","overlay-gradient":""},"tablet":{"background-color":"var(--ast-global-color-5)","background-image":"","background-repeat":"repeat","background-position":"center center","background-size":"auto","background-attachment":"scroll","background-type":"","background-media":"","overlay-type":"","overlay-color":"","overlay-opacity":"","overlay-gradient":""},"mobile":{"background-color":"var(--ast-global-color-5)","background-image":"","background-repeat":"repeat","background-position":"center center","background-size":"auto","background-attachment":"scroll","background-type":"","background-media":"","overlay-type":"","overlay-color":"","overlay-opacity":"","overlay-gradient":""}}},"product_brand":[],"product_cat":[2384],"product_tag":[1278,1279,1277,1272,1275,1274,1273,1276,1271,1270,1281,1280],"class_list":{"0":"post-3051","1":"product","2":"type-product","3":"status-publish","4":"has-post-thumbnail","6":"product_cat-buy-anabolic-steroids-online","7":"product_tag-buy-lasix-in-canada","8":"product_tag-buy-lasix-in-uk","9":"product_tag-buy-lasix-in-usa","10":"product_tag-buy-lasix-with-bitcoin","11":"product_tag-buy-lasix-with-credit-card","12":"product_tag-buy-lasix-with-money-gram","13":"product_tag-buy-lasix-with-western-union","14":"product_tag-buy-lasix-without-a-doctor","15":"product_tag-buy-lasix-without-prescription","16":"product_tag-lasix-for-sale","17":"product_tag-lasix-pills","18":"product_tag-lasix-tablets","19":"desktop-align-center","20":"tablet-align-left","21":"mobile-align-left","23":"first","24":"instock","25":"shipping-taxable","26":"purchasable","27":"product-type-variable","28":"has-default-attributes"},"yoast_head":"<!-- This site is optimized with the Yoast SEO plugin v25.9 - https:\/\/yoast.com\/wordpress\/plugins\/seo\/ -->\n<title>Buy Lasix Online - Lasix for Sale | Buy-Prescriptionz<\/title>\n<meta name=\"description\" content=\"Get Lasix for sale at pocket-friendly prices from our Buy-Prescriptionz store. We will help you buy lasix online. Accept your order and deliver it to you soon!\" \/>\n<meta name=\"robots\" content=\"index, follow, max-snippet:-1, max-image-preview:large, max-video-preview:-1\" \/>\n<link rel=\"canonical\" href=\"https:\/\/buy-prescriptionz.com\/fi\/tuote\/osta-lasix-verkosta\/\" \/>\n<meta property=\"og:locale\" content=\"fi_FI\" \/>\n<meta property=\"og:type\" content=\"article\" \/>\n<meta property=\"og:title\" content=\"Buy Lasix Online - Lasix for Sale | Buy-Prescriptionz\" \/>\n<meta property=\"og:description\" content=\"Get Lasix for sale at pocket-friendly prices from our Buy-Prescriptionz store. We will help you buy lasix online. Accept your order and deliver it to you soon!\" \/>\n<meta property=\"og:url\" content=\"https:\/\/buy-prescriptionz.com\/fi\/tuote\/osta-lasix-verkosta\/\" \/>\n<meta property=\"og:site_name\" content=\"Buy Prescriptionz\" \/>\n<meta property=\"article:modified_time\" content=\"2025-09-22T05:26:12+00:00\" \/>\n<meta property=\"og:image\" content=\"https:\/\/buy-prescriptionz.com\/wp-content\/uploads\/2025\/09\/lasix.jpg\" \/>\n\t<meta property=\"og:image:width\" content=\"400\" \/>\n\t<meta property=\"og:image:height\" content=\"300\" \/>\n\t<meta property=\"og:image:type\" content=\"image\/jpeg\" \/>\n<meta name=\"twitter:card\" content=\"summary_large_image\" \/>\n<meta name=\"twitter:label1\" content=\"Arvioitu lukuaika\" \/>\n\t<meta name=\"twitter:data1\" content=\"4 minuuttia\" \/>\n<script type=\"application\/ld+json\" class=\"yoast-schema-graph\">{\"@context\":\"https:\/\/schema.org\",\"@graph\":[{\"@type\":\"WebPage\",\"@id\":\"https:\/\/buy-prescriptionz.com\/product\/buy-lasix-online\/\",\"url\":\"https:\/\/buy-prescriptionz.com\/product\/buy-lasix-online\/\",\"name\":\"Buy Lasix Online - Lasix for Sale | Buy-Prescriptionz\",\"isPartOf\":{\"@id\":\"https:\/\/buy-prescriptionz.com\/#website\"},\"primaryImageOfPage\":{\"@id\":\"https:\/\/buy-prescriptionz.com\/product\/buy-lasix-online\/#primaryimage\"},\"image\":{\"@id\":\"https:\/\/buy-prescriptionz.com\/product\/buy-lasix-online\/#primaryimage\"},\"thumbnailUrl\":\"https:\/\/buy-prescriptionz.com\/wp-content\/uploads\/2025\/09\/lasix.jpg\",\"datePublished\":\"2025-09-16T08:56:09+00:00\",\"dateModified\":\"2025-09-22T05:26:12+00:00\",\"description\":\"Get Lasix for sale at pocket-friendly prices from our Buy-Prescriptionz store. We will help you buy lasix online. Accept your order and deliver it to you soon!\",\"breadcrumb\":{\"@id\":\"https:\/\/buy-prescriptionz.com\/product\/buy-lasix-online\/#breadcrumb\"},\"inLanguage\":\"fi\",\"potentialAction\":[{\"@type\":\"ReadAction\",\"target\":[\"https:\/\/buy-prescriptionz.com\/product\/buy-lasix-online\/\"]}]},{\"@type\":\"ImageObject\",\"inLanguage\":\"fi\",\"@id\":\"https:\/\/buy-prescriptionz.com\/product\/buy-lasix-online\/#primaryimage\",\"url\":\"https:\/\/buy-prescriptionz.com\/wp-content\/uploads\/2025\/09\/lasix.jpg\",\"contentUrl\":\"https:\/\/buy-prescriptionz.com\/wp-content\/uploads\/2025\/09\/lasix.jpg\",\"width\":400,\"height\":300},{\"@type\":\"BreadcrumbList\",\"@id\":\"https:\/\/buy-prescriptionz.com\/product\/buy-lasix-online\/#breadcrumb\",\"itemListElement\":[{\"@type\":\"ListItem\",\"position\":1,\"name\":\"Home\",\"item\":\"https:\/\/buy-prescriptionz.com\/\"},{\"@type\":\"ListItem\",\"position\":2,\"name\":\"Shop Painkillers Online\",\"item\":\"https:\/\/buy-prescriptionz.com\/shop-painkillers-online\/\"},{\"@type\":\"ListItem\",\"position\":3,\"name\":\"Buy Lasix Online\"}]},{\"@type\":\"WebSite\",\"@id\":\"https:\/\/buy-prescriptionz.com\/#website\",\"url\":\"https:\/\/buy-prescriptionz.com\/\",\"name\":\"Buy Prescriptionz\",\"description\":\"Drugs Online\",\"publisher\":{\"@id\":\"https:\/\/buy-prescriptionz.com\/#organization\"},\"potentialAction\":[{\"@type\":\"SearchAction\",\"target\":{\"@type\":\"EntryPoint\",\"urlTemplate\":\"https:\/\/buy-prescriptionz.com\/?s={search_term_string}\"},\"query-input\":{\"@type\":\"PropertyValueSpecification\",\"valueRequired\":true,\"valueName\":\"search_term_string\"}}],\"inLanguage\":\"fi\"},{\"@type\":\"Organization\",\"@id\":\"https:\/\/buy-prescriptionz.com\/#organization\",\"name\":\"Buy Prescriptionz\",\"url\":\"https:\/\/buy-prescriptionz.com\/\",\"logo\":{\"@type\":\"ImageObject\",\"inLanguage\":\"fi\",\"@id\":\"https:\/\/buy-prescriptionz.com\/#\/schema\/logo\/image\/\",\"url\":\"https:\/\/buy-prescriptionz.com\/wp-content\/uploads\/2023\/09\/logo.png\",\"contentUrl\":\"https:\/\/buy-prescriptionz.com\/wp-content\/uploads\/2023\/09\/logo.png\",\"width\":350,\"height\":64,\"caption\":\"Buy Prescriptionz\"},\"image\":{\"@id\":\"https:\/\/buy-prescriptionz.com\/#\/schema\/logo\/image\/\"}}]}<\/script>\n<!-- \/ Yoast SEO plugin. -->","yoast_head_json":{"title":"Osta Lasixia netist\u00e4 - Lasixia myyt\u00e4v\u00e4n\u00e4 | Buy-Prescriptionz","description":"Hanki Lasixia myynniss\u00e4 edulliseen hintaan Buy-Prescriptionz-kaupastamme. Autamme sinua ostamaan Lasixin verkosta. Hyv\u00e4ksy tilauksesi ja toimitamme sen sinulle pian!","robots":{"index":"index","follow":"follow","max-snippet":"max-snippet:-1","max-image-preview":"max-image-preview:large","max-video-preview":"max-video-preview:-1"},"canonical":"https:\/\/buy-prescriptionz.com\/fi\/tuote\/osta-lasix-verkosta\/","og_locale":"fi_FI","og_type":"article","og_title":"Buy Lasix Online - Lasix for Sale | Buy-Prescriptionz","og_description":"Get Lasix for sale at pocket-friendly prices from our Buy-Prescriptionz store. We will help you buy lasix online. Accept your order and deliver it to you soon!","og_url":"https:\/\/buy-prescriptionz.com\/fi\/tuote\/osta-lasix-verkosta\/","og_site_name":"Buy Prescriptionz","article_modified_time":"2025-09-22T05:26:12+00:00","og_image":[{"width":400,"height":300,"url":"https:\/\/buy-prescriptionz.com\/wp-content\/uploads\/2025\/09\/lasix.jpg","type":"image\/jpeg"}],"twitter_card":"summary_large_image","twitter_misc":{"Arvioitu lukuaika":"4 minuuttia"},"schema":{"@context":"https:\/\/schema.org","@graph":[{"@type":"WebPage","@id":"https:\/\/buy-prescriptionz.com\/product\/buy-lasix-online\/","url":"https:\/\/buy-prescriptionz.com\/product\/buy-lasix-online\/","name":"Osta Lasixia netist\u00e4 - Lasixia myyt\u00e4v\u00e4n\u00e4 | Buy-Prescriptionz","isPartOf":{"@id":"https:\/\/buy-prescriptionz.com\/#website"},"primaryImageOfPage":{"@id":"https:\/\/buy-prescriptionz.com\/product\/buy-lasix-online\/#primaryimage"},"image":{"@id":"https:\/\/buy-prescriptionz.com\/product\/buy-lasix-online\/#primaryimage"},"thumbnailUrl":"https:\/\/buy-prescriptionz.com\/wp-content\/uploads\/2025\/09\/lasix.jpg","datePublished":"2025-09-16T08:56:09+00:00","dateModified":"2025-09-22T05:26:12+00:00","description":"Hanki Lasixia myynniss\u00e4 edulliseen hintaan Buy-Prescriptionz-kaupastamme. Autamme sinua ostamaan Lasixin verkosta. Hyv\u00e4ksy tilauksesi ja toimitamme sen sinulle pian!","breadcrumb":{"@id":"https:\/\/buy-prescriptionz.com\/product\/buy-lasix-online\/#breadcrumb"},"inLanguage":"fi","potentialAction":[{"@type":"ReadAction","target":["https:\/\/buy-prescriptionz.com\/product\/buy-lasix-online\/"]}]},{"@type":"ImageObject","inLanguage":"fi","@id":"https:\/\/buy-prescriptionz.com\/product\/buy-lasix-online\/#primaryimage","url":"https:\/\/buy-prescriptionz.com\/wp-content\/uploads\/2025\/09\/lasix.jpg","contentUrl":"https:\/\/buy-prescriptionz.com\/wp-content\/uploads\/2025\/09\/lasix.jpg","width":400,"height":300},{"@type":"BreadcrumbList","@id":"https:\/\/buy-prescriptionz.com\/product\/buy-lasix-online\/#breadcrumb","itemListElement":[{"@type":"ListItem","position":1,"name":"Home","item":"https:\/\/buy-prescriptionz.com\/"},{"@type":"ListItem","position":2,"name":"Shop Painkillers Online","item":"https:\/\/buy-prescriptionz.com\/shop-painkillers-online\/"},{"@type":"ListItem","position":3,"name":"Buy Lasix Online"}]},{"@type":"WebSite","@id":"https:\/\/buy-prescriptionz.com\/#website","url":"https:\/\/buy-prescriptionz.com\/","name":"Buy Prescriptionz","description":"Huumeet verkossa","publisher":{"@id":"https:\/\/buy-prescriptionz.com\/#organization"},"potentialAction":[{"@type":"SearchAction","target":{"@type":"EntryPoint","urlTemplate":"https:\/\/buy-prescriptionz.com\/?s={search_term_string}"},"query-input":{"@type":"PropertyValueSpecification","valueRequired":true,"valueName":"search_term_string"}}],"inLanguage":"fi"},{"@type":"Organization","@id":"https:\/\/buy-prescriptionz.com\/#organization","name":"Buy Prescriptionz","url":"https:\/\/buy-prescriptionz.com\/","logo":{"@type":"ImageObject","inLanguage":"fi","@id":"https:\/\/buy-prescriptionz.com\/#\/schema\/logo\/image\/","url":"https:\/\/buy-prescriptionz.com\/wp-content\/uploads\/2023\/09\/logo.png","contentUrl":"https:\/\/buy-prescriptionz.com\/wp-content\/uploads\/2023\/09\/logo.png","width":350,"height":64,"caption":"Buy Prescriptionz"},"image":{"@id":"https:\/\/buy-prescriptionz.com\/#\/schema\/logo\/image\/"}}]}},"_links":{"self":[{"href":"https:\/\/buy-prescriptionz.com\/fi\/wp-json\/wp\/v2\/product\/3051","targetHints":{"allow":["GET"]}}],"collection":[{"href":"https:\/\/buy-prescriptionz.com\/fi\/wp-json\/wp\/v2\/product"}],"about":[{"href":"https:\/\/buy-prescriptionz.com\/fi\/wp-json\/wp\/v2\/types\/product"}],"replies":[{"embeddable":true,"href":"https:\/\/buy-prescriptionz.com\/fi\/wp-json\/wp\/v2\/comments?post=3051"}],"wp:featuredmedia":[{"embeddable":true,"href":"https:\/\/buy-prescriptionz.com\/fi\/wp-json\/wp\/v2\/media\/3081"}],"wp:attachment":[{"href":"https:\/\/buy-prescriptionz.com\/fi\/wp-json\/wp\/v2\/media?parent=3051"}],"wp:term":[{"taxonomy":"product_brand","embeddable":true,"href":"https:\/\/buy-prescriptionz.com\/fi\/wp-json\/wp\/v2\/product_brand?post=3051"},{"taxonomy":"product_cat","embeddable":true,"href":"https:\/\/buy-prescriptionz.com\/fi\/wp-json\/wp\/v2\/product_cat?post=3051"},{"taxonomy":"product_tag","embeddable":true,"href":"https:\/\/buy-prescriptionz.com\/fi\/wp-json\/wp\/v2\/product_tag?post=3051"}],"curies":[{"name":"wp","href":"https:\/\/api.w.org\/{rel}","templated":true}]}}