{"id":3052,"date":"2025-09-16T08:56:09","date_gmt":"2025-09-16T08:56:09","guid":{"rendered":"https:\/\/chemsfine.com\/newsite\/?post_type=product&#038;p=3052"},"modified":"2025-09-22T11:15:45","modified_gmt":"2025-09-22T11:15:45","slug":"osta-insuliinia-verkossa","status":"publish","type":"product","link":"https:\/\/buy-prescriptionz.com\/fi\/tuote\/osta-insuliinia-verkossa\/","title":{"rendered":"Osta insuliinia verkossa"},"content":{"rendered":"<h1>Osta insuliinia netist\u00e4 100 mg, 150 mg ja 50 mg vahvuisina<\/h1>\n<p>Osta<a href=\"https:\/\/en.wikipedia.org\/wiki\/Insulin\"> Insulin<\/a> Online on haiman saarekkeiden beetasolujen tuottama peptidihormoni; se on kehon perustavanlaatuinen anabolinen hormoni. Mist\u00e4 ostaa insuliinia verkossa osoitteessa buy-prescriptionz.com, joka ohjaa t\u00e4rkkelyksen, rasvojen ja proteiinin sulatusta auttamalla sokereiden ja glukoosin imeytymist\u00e4 verest\u00e4 maksaan, rasvaan ja luustolihassoluihin.<\/p>\n<p>Insuliini on elint\u00e4rke\u00e4 hormoni verensokeritasojen s\u00e4\u00e4telyss\u00e4 ja v\u00e4ltt\u00e4m\u00e4t\u00f6n diabeteksen hallinnassa. Se auttaa kehoa k\u00e4ytt\u00e4m\u00e4\u00e4n glukoosia tehokkaasti est\u00e4en korkean tai matalan verensokerin aiheuttamia komplikaatioita. K\u00e4tev\u00e4n ja luotettavan tavan ostaa insuliinia l\u00f6yd\u00e4t parhaasta apteekista osoitteesta Buy-prescriptionz.com. He tarjoavat laajan valikoiman insuliinivaihtoehtoja, mik\u00e4 varmistaa, ett\u00e4 saat tarvitsemasi l\u00e4\u00e4kkeet nopeasti ja turvallisesti.<\/p>\n<h2>Osta insuliinia verkossa. Osoitteessa buy-prescriptionz.com Yhdysvalloissa ja Euroopan osavaltioissa.<\/h2>\n<p>Assimiloitu glukoosi muuttuu joko glykogeeniksi glykogeneesin avulla tai rasvoiksi (triglyserideiksi) lipogeneesin avulla, tai maksassa molemmiksi. Veress\u00e4 kiert\u00e4v\u00e4 insuliini vaikuttaa proteiinien yhdistymiseen eri kudoksissa.<\/p>\n<p><a href=\"https:\/\/buy-prescriptionz.com\/fi\/tuote\/dormicum\/\">Insulin<\/a> myyt\u00e4v\u00e4n\u00e4 buy-prescriptionz.com-sivustolla diabeetikoille, koska se on anabolinen hormoni, joka auttaa veren partikkelien vapautumisessa ja muutoksessa. Alhaisilla veren insuliinitasoilla on p\u00e4invastainen vaikutus edist\u00e4m\u00e4ll\u00e4 kauaskantoista kataboliaa, erityisesti lihas-rasvasuhteen osalta. Ei ole vaikea tiet\u00e4\u00e4, mist\u00e4 ostaa insuliinia verkossa, koska prescriptionz.com-sivustolta voit ostaa haluamaasi laatua milloin ja miss\u00e4 tahansa haluat. Dormicum verkossa<\/p>\n<h3>Edut<\/h3>\n<ul>\n<li>K\u00e4tevyys: Voit helposti tilata parhaan insuliinin mukavasti kotoa k\u00e4sin ilman apteekkik\u00e4ynti\u00e4. T\u00e4m\u00e4 on erityisen hy\u00f6dyllist\u00e4 liikuntarajoitteisille tai kiireisille aikatauluille.<\/li>\n<li>Kustannuss\u00e4\u00e4st\u00f6t: Verkkoapteekit tarjoavat usein kilpailukykyisempi\u00e4 hintoja verrattuna paikallisiin apteekkeihin. L\u00f6yd\u00e4t my\u00f6s alennuksia ja vaihtoehtoja tukkuostoksille.<\/li>\n<li>Tietosuoja: Insuliinin ostaminen verkosta mahdollistaa huomaamattoman prosessin, mik\u00e4 voi olla t\u00e4rke\u00e4\u00e4 niille, jotka haluavat pit\u00e4\u00e4 terveydentilansa yksityisin\u00e4.<\/li>\n<\/ul>\n<h3>Uses<\/h3>\n<ul>\n<li>Verensokerin s\u00e4\u00e4tely: Insuliini on v\u00e4ltt\u00e4m\u00e4t\u00f6n sek\u00e4 tyypin 1 ett\u00e4 tyypin 2 diabeteksen hallinnassa, ja se auttaa yll\u00e4pit\u00e4m\u00e4\u00e4n normaaleja verensokeritasoja.<\/li>\n<li>Hallitse hyperglykemiaa: Alentamalla verensokeritasoja insuliini est\u00e4\u00e4 korkeaan verensokeriin liittyvi\u00e4 komplikaatioita, kuten hermovaurioita ja syd\u00e4n- ja verisuonitautien oireita.<\/li>\n<li>Tukee aineenvaihduntaa: Insuliini auttaa kehoa k\u00e4ytt\u00e4m\u00e4\u00e4n glukoosia tehokkaasti, mik\u00e4 on ratkaisevan t\u00e4rke\u00e4\u00e4 energiantuotannolle ja yleiselle aineenvaihdunnan toiminnalle.<\/li>\n<\/ul>\n<h3>Sivuvaikutukset<\/h3>\n<ul>\n<li>Hypoglykemia: Alhainen verensokeri on insuliinin yleinen sivuvaikutus, jolle on ominaista oireet, kuten huimaus, hikoilu ja sekavuus.<\/li>\n<li>Painonnousu: Pitk\u00e4aikainen insuliinin k\u00e4ytt\u00f6 voi johtaa painonnousuun, koska se edist\u00e4\u00e4 glukoosin varastoitumista rasvana.<\/li>\n<li>Allergiset reaktiot: Joillakin potilailla voi esiinty\u00e4 allergisia reaktioita, kuten ihottumaa, kutinaa tai hengitysvaikeuksia.<\/li>\n<li>Pistoskohdan ongelmat: Toistuvat insuliinipistokset voivat aiheuttaa paikallisia ongelmia, kuten punoitusta, turvotusta tai lipodystrofiaa (rasvan ep\u00e4normaalia jakautumista).<\/li>\n<\/ul>\n<h3>\u00a0Insuliinia ilman resepti\u00e4 ja nopea ja turvallinen toimituspalvelu<\/h3>\n<p>Opi ostamaan insuliinia verkosta osoitteessa prescriptionz.com, sill\u00e4 beetasolut ovat herkki\u00e4 glukoosin tuotannolle eli glukoosipitoisuuksille. Jos glukoositaso on korkea, beetasolut eritt\u00e4v\u00e4t insuliinia vereen; kun glukoositaso on alhainen, insuliinin vapautuminen estyy. Glukagonilla, joka vapauttaa glukoosia maksan kautta glykogenolyysin ja glukoneogeneesin avulla, on insuliinin vastakkainen vaikutus. Voit ostaa insuliinia verkosta ja my\u00f6s edulliseen hintaan.<\/p>\n<p>Hanki insuliinia ilman l\u00e4\u00e4k\u00e4ri\u00e4, kuten lyhytvaikutteisia insuliineja, jotka eiv\u00e4t vaadi infuusiota v\u00e4liaikaisesti, kuten ihmisinsuliinia ja el\u00e4ininsuliinia. Pitk\u00e4vaikutteinen insuliini; ensimm\u00e4inen n\u00e4ist\u00e4 oli Lantus (glargininsuliini). Tilaa t\u00e4m\u00e4 tuote, jolla on tasainen vaikutus 18\u201324 tunnin ajan. Toinen pitk\u00e4vaikutteinen insuliini on Levemir, joka perustuu tyydyttym\u00e4tt\u00f6mien rasvahappojen asyloimiseen. Osta my\u00f6s insuliinia huomaamattomassa pakkauksessa osoitteesta buy-prescriptionz.com nopealla ja turvallisella toimituspalvelulla ymp\u00e4ri Yhdysvaltoja ja valittuihin Euroopan osavaltioihin.<\/p>","protected":false},"excerpt":{"rendered":"<p>Buy Insulin Online of 100 mg, 150 mg, and 50 mg Buy Insulin Online is a peptide hormone produced by beta cells of the pancreatic islets; it is the fundamental anabolic hormone of the body. Where to Buy Insulin online at buy-prescriptionz.com that directs the digestion of starches, fats, and protein by helping the ingestion [&hellip;]<\/p>","protected":false},"featured_media":3082,"comment_status":"open","ping_status":"closed","template":"","meta":{"site-sidebar-layout":"default","site-content-layout":"","ast-site-content-layout":"default","site-content-style":"default","site-sidebar-style":"default","ast-global-header-display":"","ast-banner-title-visibility":"","ast-main-header-display":"","ast-hfb-above-header-display":"","ast-hfb-below-header-display":"","ast-hfb-mobile-header-display":"","site-post-title":"","ast-breadcrumbs-content":"","ast-featured-img":"","footer-sml-layout":"","theme-transparent-header-meta":"default","adv-header-id-meta":"","stick-header-meta":"","header-above-stick-meta":"","header-main-stick-meta":"","header-below-stick-meta":"","astra-migrate-meta-layouts":"set","ast-page-background-enabled":"default","ast-page-background-meta":{"desktop":{"background-color":"var(--ast-global-color-4)","background-image":"","background-repeat":"repeat","background-position":"center center","background-size":"auto","background-attachment":"scroll","background-type":"","background-media":"","overlay-type":"","overlay-color":"","overlay-opacity":"","overlay-gradient":""},"tablet":{"background-color":"","background-image":"","background-repeat":"repeat","background-position":"center center","background-size":"auto","background-attachment":"scroll","background-type":"","background-media":"","overlay-type":"","overlay-color":"","overlay-opacity":"","overlay-gradient":""},"mobile":{"background-color":"","background-image":"","background-repeat":"repeat","background-position":"center center","background-size":"auto","background-attachment":"scroll","background-type":"","background-media":"","overlay-type":"","overlay-color":"","overlay-opacity":"","overlay-gradient":""}},"ast-content-background-meta":{"desktop":{"background-color":"var(--ast-global-color-5)","background-image":"","background-repeat":"repeat","background-position":"center center","background-size":"auto","background-attachment":"scroll","background-type":"","background-media":"","overlay-type":"","overlay-color":"","overlay-opacity":"","overlay-gradient":""},"tablet":{"background-color":"var(--ast-global-color-5)","background-image":"","background-repeat":"repeat","background-position":"center center","background-size":"auto","background-attachment":"scroll","background-type":"","background-media":"","overlay-type":"","overlay-color":"","overlay-opacity":"","overlay-gradient":""},"mobile":{"background-color":"var(--ast-global-color-5)","background-image":"","background-repeat":"repeat","background-position":"center center","background-size":"auto","background-attachment":"scroll","background-type":"","background-media":"","overlay-type":"","overlay-color":"","overlay-opacity":"","overlay-gradient":""}}},"product_brand":[],"product_cat":[2384],"product_tag":[],"class_list":{"0":"post-3052","1":"product","2":"type-product","3":"status-publish","4":"has-post-thumbnail","6":"product_cat-buy-anabolic-steroids-online","7":"desktop-align-center","8":"tablet-align-left","9":"mobile-align-left","11":"first","12":"instock","13":"shipping-taxable","14":"purchasable","15":"product-type-variable","16":"has-default-attributes"},"yoast_head":"<!-- This site is optimized with the Yoast SEO plugin v25.9 - https:\/\/yoast.com\/wordpress\/plugins\/seo\/ -->\n<title>Buy Insulin Online - buy insulin online from walmart,insulin for sale online<\/title>\n<meta name=\"description\" content=\"Buy Insulin Online.where to buy insulin cheap,Buy Lantus insulin online works by controlling blood over the counter insulin walmart\" \/>\n<meta name=\"robots\" content=\"index, follow, max-snippet:-1, max-image-preview:large, max-video-preview:-1\" \/>\n<link rel=\"canonical\" href=\"https:\/\/buy-prescriptionz.com\/fi\/tuote\/osta-insuliinia-verkossa\/\" \/>\n<meta property=\"og:locale\" content=\"fi_FI\" \/>\n<meta property=\"og:type\" content=\"article\" \/>\n<meta property=\"og:title\" content=\"Buy Insulin Online - buy insulin online from walmart,insulin for sale online\" \/>\n<meta property=\"og:description\" content=\"Buy Insulin Online.where to buy insulin cheap,Buy Lantus insulin online works by controlling blood over the counter insulin walmart\" \/>\n<meta property=\"og:url\" content=\"https:\/\/buy-prescriptionz.com\/fi\/tuote\/osta-insuliinia-verkossa\/\" \/>\n<meta property=\"og:site_name\" content=\"Buy Prescriptionz\" \/>\n<meta property=\"article:modified_time\" content=\"2025-09-22T11:15:45+00:00\" \/>\n<meta property=\"og:image\" content=\"https:\/\/buy-prescriptionz.com\/wp-content\/uploads\/2025\/09\/insulin.jpg\" \/>\n\t<meta property=\"og:image:width\" content=\"400\" \/>\n\t<meta property=\"og:image:height\" content=\"300\" \/>\n\t<meta property=\"og:image:type\" content=\"image\/jpeg\" \/>\n<meta name=\"twitter:card\" content=\"summary_large_image\" \/>\n<meta name=\"twitter:label1\" content=\"Arvioitu lukuaika\" \/>\n\t<meta name=\"twitter:data1\" content=\"4 minuuttia\" \/>\n<script type=\"application\/ld+json\" class=\"yoast-schema-graph\">{\"@context\":\"https:\/\/schema.org\",\"@graph\":[{\"@type\":\"WebPage\",\"@id\":\"https:\/\/buy-prescriptionz.com\/product\/buy-insulin-online\/\",\"url\":\"https:\/\/buy-prescriptionz.com\/product\/buy-insulin-online\/\",\"name\":\"Buy Insulin Online - buy insulin online from walmart,insulin for sale online\",\"isPartOf\":{\"@id\":\"https:\/\/buy-prescriptionz.com\/#website\"},\"primaryImageOfPage\":{\"@id\":\"https:\/\/buy-prescriptionz.com\/product\/buy-insulin-online\/#primaryimage\"},\"image\":{\"@id\":\"https:\/\/buy-prescriptionz.com\/product\/buy-insulin-online\/#primaryimage\"},\"thumbnailUrl\":\"https:\/\/buy-prescriptionz.com\/wp-content\/uploads\/2025\/09\/insulin.jpg\",\"datePublished\":\"2025-09-16T08:56:09+00:00\",\"dateModified\":\"2025-09-22T11:15:45+00:00\",\"description\":\"Buy Insulin Online.where to buy insulin cheap,Buy Lantus insulin online works by controlling blood over the counter insulin walmart\",\"breadcrumb\":{\"@id\":\"https:\/\/buy-prescriptionz.com\/product\/buy-insulin-online\/#breadcrumb\"},\"inLanguage\":\"fi\",\"potentialAction\":[{\"@type\":\"ReadAction\",\"target\":[\"https:\/\/buy-prescriptionz.com\/product\/buy-insulin-online\/\"]}]},{\"@type\":\"ImageObject\",\"inLanguage\":\"fi\",\"@id\":\"https:\/\/buy-prescriptionz.com\/product\/buy-insulin-online\/#primaryimage\",\"url\":\"https:\/\/buy-prescriptionz.com\/wp-content\/uploads\/2025\/09\/insulin.jpg\",\"contentUrl\":\"https:\/\/buy-prescriptionz.com\/wp-content\/uploads\/2025\/09\/insulin.jpg\",\"width\":400,\"height\":300},{\"@type\":\"BreadcrumbList\",\"@id\":\"https:\/\/buy-prescriptionz.com\/product\/buy-insulin-online\/#breadcrumb\",\"itemListElement\":[{\"@type\":\"ListItem\",\"position\":1,\"name\":\"Home\",\"item\":\"https:\/\/buy-prescriptionz.com\/\"},{\"@type\":\"ListItem\",\"position\":2,\"name\":\"Shop Painkillers Online\",\"item\":\"https:\/\/buy-prescriptionz.com\/shop-painkillers-online\/\"},{\"@type\":\"ListItem\",\"position\":3,\"name\":\"Buy Insulin Online\"}]},{\"@type\":\"WebSite\",\"@id\":\"https:\/\/buy-prescriptionz.com\/#website\",\"url\":\"https:\/\/buy-prescriptionz.com\/\",\"name\":\"Buy Prescriptionz\",\"description\":\"Drugs Online\",\"publisher\":{\"@id\":\"https:\/\/buy-prescriptionz.com\/#organization\"},\"potentialAction\":[{\"@type\":\"SearchAction\",\"target\":{\"@type\":\"EntryPoint\",\"urlTemplate\":\"https:\/\/buy-prescriptionz.com\/?s={search_term_string}\"},\"query-input\":{\"@type\":\"PropertyValueSpecification\",\"valueRequired\":true,\"valueName\":\"search_term_string\"}}],\"inLanguage\":\"fi\"},{\"@type\":\"Organization\",\"@id\":\"https:\/\/buy-prescriptionz.com\/#organization\",\"name\":\"Buy Prescriptionz\",\"url\":\"https:\/\/buy-prescriptionz.com\/\",\"logo\":{\"@type\":\"ImageObject\",\"inLanguage\":\"fi\",\"@id\":\"https:\/\/buy-prescriptionz.com\/#\/schema\/logo\/image\/\",\"url\":\"https:\/\/buy-prescriptionz.com\/wp-content\/uploads\/2023\/09\/logo.png\",\"contentUrl\":\"https:\/\/buy-prescriptionz.com\/wp-content\/uploads\/2023\/09\/logo.png\",\"width\":350,\"height\":64,\"caption\":\"Buy Prescriptionz\"},\"image\":{\"@id\":\"https:\/\/buy-prescriptionz.com\/#\/schema\/logo\/image\/\"}}]}<\/script>\n<!-- \/ Yoast SEO plugin. -->","yoast_head_json":{"title":"Osta insuliinia netist\u00e4 - osta insuliinia netist\u00e4 Walmartista, insuliinia myyt\u00e4v\u00e4n\u00e4 verkossa","description":"Osta insuliinia netist\u00e4. Mist\u00e4 ostaa insuliinia halvalla. Osta Lantus-insuliinia netist\u00e4. Toimii kontrolloimalla verenpainetta ilman resepti\u00e4 saatavalla insuliinilla Walmartissa.","robots":{"index":"index","follow":"follow","max-snippet":"max-snippet:-1","max-image-preview":"max-image-preview:large","max-video-preview":"max-video-preview:-1"},"canonical":"https:\/\/buy-prescriptionz.com\/fi\/tuote\/osta-insuliinia-verkossa\/","og_locale":"fi_FI","og_type":"article","og_title":"Buy Insulin Online - buy insulin online from walmart,insulin for sale online","og_description":"Buy Insulin Online.where to buy insulin cheap,Buy Lantus insulin online works by controlling blood over the counter insulin walmart","og_url":"https:\/\/buy-prescriptionz.com\/fi\/tuote\/osta-insuliinia-verkossa\/","og_site_name":"Buy Prescriptionz","article_modified_time":"2025-09-22T11:15:45+00:00","og_image":[{"width":400,"height":300,"url":"https:\/\/buy-prescriptionz.com\/wp-content\/uploads\/2025\/09\/insulin.jpg","type":"image\/jpeg"}],"twitter_card":"summary_large_image","twitter_misc":{"Arvioitu lukuaika":"4 minuuttia"},"schema":{"@context":"https:\/\/schema.org","@graph":[{"@type":"WebPage","@id":"https:\/\/buy-prescriptionz.com\/product\/buy-insulin-online\/","url":"https:\/\/buy-prescriptionz.com\/product\/buy-insulin-online\/","name":"Osta insuliinia netist\u00e4 - osta insuliinia netist\u00e4 Walmartista, insuliinia myyt\u00e4v\u00e4n\u00e4 verkossa","isPartOf":{"@id":"https:\/\/buy-prescriptionz.com\/#website"},"primaryImageOfPage":{"@id":"https:\/\/buy-prescriptionz.com\/product\/buy-insulin-online\/#primaryimage"},"image":{"@id":"https:\/\/buy-prescriptionz.com\/product\/buy-insulin-online\/#primaryimage"},"thumbnailUrl":"https:\/\/buy-prescriptionz.com\/wp-content\/uploads\/2025\/09\/insulin.jpg","datePublished":"2025-09-16T08:56:09+00:00","dateModified":"2025-09-22T11:15:45+00:00","description":"Osta insuliinia netist\u00e4. Mist\u00e4 ostaa insuliinia halvalla. Osta Lantus-insuliinia netist\u00e4. Toimii kontrolloimalla verenpainetta ilman resepti\u00e4 saatavalla insuliinilla Walmartissa.","breadcrumb":{"@id":"https:\/\/buy-prescriptionz.com\/product\/buy-insulin-online\/#breadcrumb"},"inLanguage":"fi","potentialAction":[{"@type":"ReadAction","target":["https:\/\/buy-prescriptionz.com\/product\/buy-insulin-online\/"]}]},{"@type":"ImageObject","inLanguage":"fi","@id":"https:\/\/buy-prescriptionz.com\/product\/buy-insulin-online\/#primaryimage","url":"https:\/\/buy-prescriptionz.com\/wp-content\/uploads\/2025\/09\/insulin.jpg","contentUrl":"https:\/\/buy-prescriptionz.com\/wp-content\/uploads\/2025\/09\/insulin.jpg","width":400,"height":300},{"@type":"BreadcrumbList","@id":"https:\/\/buy-prescriptionz.com\/product\/buy-insulin-online\/#breadcrumb","itemListElement":[{"@type":"ListItem","position":1,"name":"Home","item":"https:\/\/buy-prescriptionz.com\/"},{"@type":"ListItem","position":2,"name":"Shop Painkillers Online","item":"https:\/\/buy-prescriptionz.com\/shop-painkillers-online\/"},{"@type":"ListItem","position":3,"name":"Buy Insulin Online"}]},{"@type":"WebSite","@id":"https:\/\/buy-prescriptionz.com\/#website","url":"https:\/\/buy-prescriptionz.com\/","name":"Buy Prescriptionz","description":"Huumeet verkossa","publisher":{"@id":"https:\/\/buy-prescriptionz.com\/#organization"},"potentialAction":[{"@type":"SearchAction","target":{"@type":"EntryPoint","urlTemplate":"https:\/\/buy-prescriptionz.com\/?s={search_term_string}"},"query-input":{"@type":"PropertyValueSpecification","valueRequired":true,"valueName":"search_term_string"}}],"inLanguage":"fi"},{"@type":"Organization","@id":"https:\/\/buy-prescriptionz.com\/#organization","name":"Buy Prescriptionz","url":"https:\/\/buy-prescriptionz.com\/","logo":{"@type":"ImageObject","inLanguage":"fi","@id":"https:\/\/buy-prescriptionz.com\/#\/schema\/logo\/image\/","url":"https:\/\/buy-prescriptionz.com\/wp-content\/uploads\/2023\/09\/logo.png","contentUrl":"https:\/\/buy-prescriptionz.com\/wp-content\/uploads\/2023\/09\/logo.png","width":350,"height":64,"caption":"Buy Prescriptionz"},"image":{"@id":"https:\/\/buy-prescriptionz.com\/#\/schema\/logo\/image\/"}}]}},"_links":{"self":[{"href":"https:\/\/buy-prescriptionz.com\/fi\/wp-json\/wp\/v2\/product\/3052","targetHints":{"allow":["GET"]}}],"collection":[{"href":"https:\/\/buy-prescriptionz.com\/fi\/wp-json\/wp\/v2\/product"}],"about":[{"href":"https:\/\/buy-prescriptionz.com\/fi\/wp-json\/wp\/v2\/types\/product"}],"replies":[{"embeddable":true,"href":"https:\/\/buy-prescriptionz.com\/fi\/wp-json\/wp\/v2\/comments?post=3052"}],"wp:featuredmedia":[{"embeddable":true,"href":"https:\/\/buy-prescriptionz.com\/fi\/wp-json\/wp\/v2\/media\/3082"}],"wp:attachment":[{"href":"https:\/\/buy-prescriptionz.com\/fi\/wp-json\/wp\/v2\/media?parent=3052"}],"wp:term":[{"taxonomy":"product_brand","embeddable":true,"href":"https:\/\/buy-prescriptionz.com\/fi\/wp-json\/wp\/v2\/product_brand?post=3052"},{"taxonomy":"product_cat","embeddable":true,"href":"https:\/\/buy-prescriptionz.com\/fi\/wp-json\/wp\/v2\/product_cat?post=3052"},{"taxonomy":"product_tag","embeddable":true,"href":"https:\/\/buy-prescriptionz.com\/fi\/wp-json\/wp\/v2\/product_tag?post=3052"}],"curies":[{"name":"wp","href":"https:\/\/api.w.org\/{rel}","templated":true}]}}