{"id":3057,"date":"2025-09-16T08:56:10","date_gmt":"2025-09-16T08:56:10","guid":{"rendered":"https:\/\/chemsfine.com\/newsite\/?post_type=product&#038;p=3057"},"modified":"2025-09-30T05:34:03","modified_gmt":"2025-09-30T05:34:03","slug":"osta-roksikodonia-verkossa","status":"publish","type":"product","link":"https:\/\/buy-prescriptionz.com\/fi\/tuote\/osta-roksikodonia-verkossa\/","title":{"rendered":"Osta roksikodonia verkossa"},"content":{"rendered":"<h2>Osta roksikodonia verkossa<\/h2>\n<p>Osto Roxicodone Online Osta Roxicodone Online.Roxicodone on resepti\u00e4 k\u00e4ytet\u00e4\u00e4n suoraan \u00e4\u00e4rimm\u00e4iseen tuskaan. Se on tuotemerkki suunnitellun vastuuvapauden oksikodoni, joka toimii niin kauan kuin 12 tuntia. Roxicodone sis\u00e4lt\u00e4\u00e4 dynaamista kiinnitys oksikodoni, joka on paikka ker\u00e4ys meds kutsutaan kiinte\u00e4t kipul\u00e4\u00e4kkeet tai \"kipul\u00e4\u00e4kkeet\". N\u00e4in ollen se on ...<\/p>\n<h3>Roksikodonin yleiskatsaus: Hy\u00f6dyt ja osto-opas<\/h3>\n<p>Roksikodoni on oksikodonin, tehokkaan opioidikipul\u00e4\u00e4kkeen, tuotenimi. Sit\u00e4 m\u00e4\u00e4r\u00e4t\u00e4\u00e4n ensisijaisesti kohtalaisen tai vaikean kivun hoitoon, erityisesti silloin, kun muut kivunlievitysmenetelm\u00e4t eiv\u00e4t ole riitt\u00e4vi\u00e4. Roksikodoni toimii muuttamalla aivojen kipuaistimusta, mik\u00e4 tarjoaa merkitt\u00e4v\u00e4\u00e4 helpotusta kroonisesta kivusta, leikkauksen j\u00e4lkeisest\u00e4 kivusta tai vakavasta vammasta johtuvasta kivusta k\u00e4rsiville potilaille. Se tunnetaan nopeasta vaikutuksestaan, mink\u00e4 ansiosta se on tehokas ja nopea kivunlievitysmenetelm\u00e4. Tehokkuutensa ja v\u00e4\u00e4rink\u00e4ytt\u00f6mahdollisuutensa vuoksi roksikodonia tulisi k\u00e4ytt\u00e4\u00e4 vain tiukassa l\u00e4\u00e4k\u00e4rin valvonnassa, ja sit\u00e4 m\u00e4\u00e4r\u00e4t\u00e4\u00e4n tyypillisesti lyhytaikaiseen k\u00e4ytt\u00f6\u00f6n. Lis\u00e4tietoja on osoitteessa buy-prescriptionz.com.<\/p>\n<h4>Roksikodonin hy\u00f6dyt<\/h4>\n<ol>\n<li>Tehokas kivunlievitys: Paras roksikodoni on eritt\u00e4in tehokas kohtalaisen tai vaikean kivun hoidossa.<\/li>\n<li>Nopea vaikutus: Vaikuttaa nopeasti ja lievitt\u00e4\u00e4 kipua.<\/li>\n<li>Parempi el\u00e4m\u00e4nlaatu: Lievitt\u00e4m\u00e4ll\u00e4 kipua roksikodoni auttaa parantamaan kroonisista sairauksista k\u00e4rsivien el\u00e4m\u00e4nlaatua.<\/li>\n<li>Monipuolinen k\u00e4ytt\u00f6: Sit\u00e4 voidaan k\u00e4ytt\u00e4\u00e4 erilaisiin kipuihin, mukaan lukien leikkauksen j\u00e4lkeinen ja vammaan liittyv\u00e4 kipu.<\/li>\n<li>Joustava annostus: Saatavilla eri vahvuuksina, mik\u00e4 mahdollistaa r\u00e4\u00e4t\u00e4l\u00f6idyn kivunhallinnan.<\/li>\n<\/ol>\n<h4>Roksikodonin ostaminen verkossa<\/h4>\n<p>Roxicodonen ostaminen verkosta voi olla k\u00e4tev\u00e4\u00e4, sill\u00e4 se tarjoaa kotiinkuljetuksen ja usein kilpailukykyiset hinnat. On kuitenkin t\u00e4rke\u00e4\u00e4 ostaa se luotettavista l\u00e4hteist\u00e4 l\u00e4\u00e4kkeen turvallisuuden ja aitouden varmistamiseksi. Lis\u00e4tietoja ja Roxicodonen ostamista varten soita parhaaseen apteekkiin - buy-prescriptionz.com.<\/p>\n<h3>Roksikodonin annostus<\/h3>\n<p>Osta Roxicodone verkossa Ota t\u00e4t\u00e4 l\u00e4\u00e4kett\u00e4 tarkasti l\u00e4\u00e4k\u00e4risi ohjeiden mukaisesti. Noudata my\u00f6s l\u00e4\u00e4kepakkauksen ohjeita huolellisesti. Yleisl\u00e4\u00e4k\u00e4risi p\u00e4\u00e4tt\u00e4\u00e4 sinulle sopivimman annoksen. Roxicodone-annoksen on oltava yksil\u00f6llinen. T\u00e4m\u00e4n l\u00e4\u00e4kkeen normaali annos kipua sairastaville aikuisille on seuraava:<\/p>\n<h3>Aloitusannos:<\/h3>\n<p>Pikavaikutteisten tablettien tavanomainen aloitusannos on 5\u201330 mg 4\u20136 tunnin v\u00e4lein. Potilaiden, jotka eiv\u00e4t ole aiemmin k\u00e4ytt\u00e4neet huumausaineita, tulisi aloittaa 5\u201315 mg:lla 4\u20136 tunnin v\u00e4lein. Samoin jotkut potilaat saattavat tarvita 30 mg tai jopa enemm\u00e4n.<\/p>\n<h3>Yll\u00e4pitoannos:<\/h3>\n<p>Nopea annostelu: 10\u201330 mg, kellontarkasti. \u00c4l\u00e4 pure, riko, jaa, jauha tai hajota n\u00e4it\u00e4 tabletteja, vaan ota ne kokonaisina. Tablettien rikkominen, hakkaaminen tai pureminen voi johtaa l\u00e4\u00e4kkeen nopeaan nielemiseen ja vaarallisiin oksikodonipitoisuuksiin.<\/p>\n<h3>Turvatoimenpiteet<\/h3>\n<p>Ennen roksikodonin ottamista kerro l\u00e4\u00e4keasiantuntijallesi, jos olet yliherkk\u00e4 sille; tai muille narkoottisille kipul\u00e4\u00e4kkeille (esimerkiksi oksymorfonille); tai jos sinulla on muita herkkyyksi\u00e4. T\u00e4m\u00e4 tuote voi sis\u00e4lt\u00e4\u00e4 piilevi\u00e4 yhdisteit\u00e4, jotka voivat aiheuttaa yliherkkyysreaktioita tai muita ongelmia. Voit my\u00f6s keskustella l\u00e4\u00e4keasiantuntijasi kanssa saadaksesi lis\u00e4tietoja. Ennen t\u00e4m\u00e4n l\u00e4\u00e4kkeen k\u00e4ytt\u00f6\u00e4 kerro l\u00e4\u00e4k\u00e4rillesi tai l\u00e4\u00e4keasiantuntijallesi sairaushistoriastasi, erityisesti: aivo-ongelmista, hengitysvaikeuksista, henkil\u00f6kohtaisesta tai suvussa esiintyv\u00e4st\u00e4 p\u00e4ihteiden v\u00e4\u00e4rink\u00e4yt\u00f6st\u00e4, suolisto-ongelmista, nielemisvaikeuksista, virtsaamisvaikeuksista ja haimasairaudesta.<\/p>\n<h3>Oireet<\/h3>\n<p>Yleisimpi\u00e4 roksikodonin aiheuttamia reaktioita ovat huimaus, sedaatio, pahoinvointi, oksentelu, p\u00e4\u00e4ns\u00e4rky, ihottuma, ummetus, suun kuivuminen ja hikoilu. N\u00e4iden lis\u00e4ksi muita reaktioita ovat: heikotus, syd\u00e4nkohtaus, ihottuma, kutina, masennus, ep\u00e4normaali pulssi. T\u00e4m\u00e4 l\u00e4\u00e4ke voi lannistaa hengityst\u00e4 ja sit\u00e4 k\u00e4ytet\u00e4\u00e4n varoen i\u00e4kk\u00e4ill\u00e4, heikentyneill\u00e4 potilailla ja potilailla, joilla on vakava keuhkosairaus. T\u00e4m\u00e4 l\u00e4\u00e4ke voi my\u00f6s heikent\u00e4\u00e4 ajattelukyky\u00e4 ja fyysist\u00e4 kyky\u00e4, jota tarvitaan ajamiseen tai laitteiden k\u00e4ytt\u00f6\u00f6n. Roksikodoni on taipumusriippuvuuden kehittymiseen. T\u00e4st\u00e4 johtuen henkist\u00e4 ja fyysist\u00e4 riippuvuutta voi esiinty\u00e4, mutta ne ovat ep\u00e4todenn\u00e4k\u00f6isi\u00e4, kun niit\u00e4 k\u00e4ytet\u00e4\u00e4n tilap\u00e4iseen kivunlievitykseen. Jos t\u00e4m\u00e4 l\u00e4\u00e4ke lopetetaan \u00e4killisesti pitk\u00e4aikaisen k\u00e4yt\u00f6n j\u00e4lkeen, voi esiinty\u00e4 vieroitusoireita. Siksi oksikodonin annosta tulisi v\u00e4hent\u00e4\u00e4 v\u00e4hitellen vieroitusoireiden v\u00e4ltt\u00e4miseksi.<\/p>","protected":false},"excerpt":{"rendered":"<p>Buy Roxicodone Online Buy Roxicodone Online. Roxicodone is a prescription used to direct to extreme torment. It is a brand of planned discharge oxycodone that works for as long as 12 hours. Roxicodone contains the dynamic fixing oxycodone, which has a place with a gathering of meds called solid analgesics or &#8216;painkillers. Accordingly, it is [&hellip;]<\/p>","protected":false},"featured_media":3087,"comment_status":"open","ping_status":"closed","template":"","meta":{"site-sidebar-layout":"default","site-content-layout":"","ast-site-content-layout":"default","site-content-style":"default","site-sidebar-style":"default","ast-global-header-display":"","ast-banner-title-visibility":"","ast-main-header-display":"","ast-hfb-above-header-display":"","ast-hfb-below-header-display":"","ast-hfb-mobile-header-display":"","site-post-title":"","ast-breadcrumbs-content":"","ast-featured-img":"","footer-sml-layout":"","theme-transparent-header-meta":"default","adv-header-id-meta":"","stick-header-meta":"","header-above-stick-meta":"","header-main-stick-meta":"","header-below-stick-meta":"","astra-migrate-meta-layouts":"set","ast-page-background-enabled":"default","ast-page-background-meta":{"desktop":{"background-color":"var(--ast-global-color-4)","background-image":"","background-repeat":"repeat","background-position":"center center","background-size":"auto","background-attachment":"scroll","background-type":"","background-media":"","overlay-type":"","overlay-color":"","overlay-opacity":"","overlay-gradient":""},"tablet":{"background-color":"","background-image":"","background-repeat":"repeat","background-position":"center center","background-size":"auto","background-attachment":"scroll","background-type":"","background-media":"","overlay-type":"","overlay-color":"","overlay-opacity":"","overlay-gradient":""},"mobile":{"background-color":"","background-image":"","background-repeat":"repeat","background-position":"center center","background-size":"auto","background-attachment":"scroll","background-type":"","background-media":"","overlay-type":"","overlay-color":"","overlay-opacity":"","overlay-gradient":""}},"ast-content-background-meta":{"desktop":{"background-color":"var(--ast-global-color-5)","background-image":"","background-repeat":"repeat","background-position":"center center","background-size":"auto","background-attachment":"scroll","background-type":"","background-media":"","overlay-type":"","overlay-color":"","overlay-opacity":"","overlay-gradient":""},"tablet":{"background-color":"var(--ast-global-color-5)","background-image":"","background-repeat":"repeat","background-position":"center center","background-size":"auto","background-attachment":"scroll","background-type":"","background-media":"","overlay-type":"","overlay-color":"","overlay-opacity":"","overlay-gradient":""},"mobile":{"background-color":"var(--ast-global-color-5)","background-image":"","background-repeat":"repeat","background-position":"center center","background-size":"auto","background-attachment":"scroll","background-type":"","background-media":"","overlay-type":"","overlay-color":"","overlay-opacity":"","overlay-gradient":""}}},"product_brand":[],"product_cat":[2385],"product_tag":[1218,1219,1217,1212,1215,1214,1213,1216,1211,1210,1221,1220],"class_list":{"0":"post-3057","1":"product","2":"type-product","3":"status-publish","4":"has-post-thumbnail","6":"product_cat-buy-pain-killer-pills-online","7":"product_tag-buy-roxicodone-in-canada","8":"product_tag-buy-roxicodone-in-uk","9":"product_tag-buy-roxicodone-in-usa","10":"product_tag-buy-roxicodone-with-bitcoin","11":"product_tag-buy-roxicodone-with-credit-card","12":"product_tag-buy-roxicodone-with-money-gram","13":"product_tag-buy-roxicodone-with-western-union","14":"product_tag-buy-roxicodone-without-a-doctor","15":"product_tag-buy-roxicodone-without-prescription","16":"product_tag-roxicodone-for-sale","17":"product_tag-roxicodone-pills","18":"product_tag-roxicodone-tablets","19":"desktop-align-center","20":"tablet-align-left","21":"mobile-align-left","23":"first","24":"instock","25":"shipping-taxable","26":"purchasable","27":"product-type-variable","28":"has-default-attributes"},"yoast_head":"<!-- This site is optimized with the Yoast SEO plugin v25.9 - https:\/\/yoast.com\/wordpress\/plugins\/seo\/ -->\n<title>Buy Roxicodone Online - Roxicodone for Sale - Order Roxicodone<\/title>\n<meta name=\"description\" content=\"It is the best time to visit our online store and buy Roxicodone online. We have high-quality Roxicodone for sale here at most affordable price. Meet us online and place your order today.\" \/>\n<meta name=\"robots\" content=\"index, follow, max-snippet:-1, max-image-preview:large, max-video-preview:-1\" \/>\n<link rel=\"canonical\" href=\"https:\/\/buy-prescriptionz.com\/fi\/tuote\/osta-roksikodonia-verkossa\/\" \/>\n<meta property=\"og:locale\" content=\"fi_FI\" \/>\n<meta property=\"og:type\" content=\"article\" \/>\n<meta property=\"og:title\" content=\"Buy Roxicodone Online - Roxicodone for Sale - Order Roxicodone\" \/>\n<meta property=\"og:description\" content=\"It is the best time to visit our online store and buy Roxicodone online. We have high-quality Roxicodone for sale here at most affordable price. Meet us online and place your order today.\" \/>\n<meta property=\"og:url\" content=\"https:\/\/buy-prescriptionz.com\/fi\/tuote\/osta-roksikodonia-verkossa\/\" \/>\n<meta property=\"og:site_name\" content=\"Buy Prescriptionz\" \/>\n<meta property=\"article:modified_time\" content=\"2025-09-30T05:34:03+00:00\" \/>\n<meta property=\"og:image\" content=\"https:\/\/buy-prescriptionz.com\/wp-content\/uploads\/2025\/09\/roxicodone.jpg\" \/>\n\t<meta property=\"og:image:width\" content=\"400\" \/>\n\t<meta property=\"og:image:height\" content=\"300\" \/>\n\t<meta property=\"og:image:type\" content=\"image\/jpeg\" \/>\n<meta name=\"twitter:card\" content=\"summary_large_image\" \/>\n<meta name=\"twitter:label1\" content=\"Arvioitu lukuaika\" \/>\n\t<meta name=\"twitter:data1\" content=\"4 minuuttia\" \/>\n<script type=\"application\/ld+json\" class=\"yoast-schema-graph\">{\"@context\":\"https:\/\/schema.org\",\"@graph\":[{\"@type\":\"WebPage\",\"@id\":\"https:\/\/buy-prescriptionz.com\/product\/buy-roxicodone-online\/\",\"url\":\"https:\/\/buy-prescriptionz.com\/product\/buy-roxicodone-online\/\",\"name\":\"Buy Roxicodone Online - Roxicodone for Sale - Order Roxicodone\",\"isPartOf\":{\"@id\":\"https:\/\/buy-prescriptionz.com\/#website\"},\"primaryImageOfPage\":{\"@id\":\"https:\/\/buy-prescriptionz.com\/product\/buy-roxicodone-online\/#primaryimage\"},\"image\":{\"@id\":\"https:\/\/buy-prescriptionz.com\/product\/buy-roxicodone-online\/#primaryimage\"},\"thumbnailUrl\":\"https:\/\/buy-prescriptionz.com\/wp-content\/uploads\/2025\/09\/roxicodone.jpg\",\"datePublished\":\"2025-09-16T08:56:10+00:00\",\"dateModified\":\"2025-09-30T05:34:03+00:00\",\"description\":\"It is the best time to visit our online store and buy Roxicodone online. We have high-quality Roxicodone for sale here at most affordable price. Meet us online and place your order today.\",\"breadcrumb\":{\"@id\":\"https:\/\/buy-prescriptionz.com\/product\/buy-roxicodone-online\/#breadcrumb\"},\"inLanguage\":\"fi\",\"potentialAction\":[{\"@type\":\"ReadAction\",\"target\":[\"https:\/\/buy-prescriptionz.com\/product\/buy-roxicodone-online\/\"]}]},{\"@type\":\"ImageObject\",\"inLanguage\":\"fi\",\"@id\":\"https:\/\/buy-prescriptionz.com\/product\/buy-roxicodone-online\/#primaryimage\",\"url\":\"https:\/\/buy-prescriptionz.com\/wp-content\/uploads\/2025\/09\/roxicodone.jpg\",\"contentUrl\":\"https:\/\/buy-prescriptionz.com\/wp-content\/uploads\/2025\/09\/roxicodone.jpg\",\"width\":400,\"height\":300},{\"@type\":\"BreadcrumbList\",\"@id\":\"https:\/\/buy-prescriptionz.com\/product\/buy-roxicodone-online\/#breadcrumb\",\"itemListElement\":[{\"@type\":\"ListItem\",\"position\":1,\"name\":\"Home\",\"item\":\"https:\/\/buy-prescriptionz.com\/\"},{\"@type\":\"ListItem\",\"position\":2,\"name\":\"Shop Painkillers Online\",\"item\":\"https:\/\/buy-prescriptionz.com\/shop-painkillers-online\/\"},{\"@type\":\"ListItem\",\"position\":3,\"name\":\"Buy Roxicodone Online\"}]},{\"@type\":\"WebSite\",\"@id\":\"https:\/\/buy-prescriptionz.com\/#website\",\"url\":\"https:\/\/buy-prescriptionz.com\/\",\"name\":\"Buy Prescriptionz\",\"description\":\"Drugs Online\",\"publisher\":{\"@id\":\"https:\/\/buy-prescriptionz.com\/#organization\"},\"potentialAction\":[{\"@type\":\"SearchAction\",\"target\":{\"@type\":\"EntryPoint\",\"urlTemplate\":\"https:\/\/buy-prescriptionz.com\/?s={search_term_string}\"},\"query-input\":{\"@type\":\"PropertyValueSpecification\",\"valueRequired\":true,\"valueName\":\"search_term_string\"}}],\"inLanguage\":\"fi\"},{\"@type\":\"Organization\",\"@id\":\"https:\/\/buy-prescriptionz.com\/#organization\",\"name\":\"Buy Prescriptionz\",\"url\":\"https:\/\/buy-prescriptionz.com\/\",\"logo\":{\"@type\":\"ImageObject\",\"inLanguage\":\"fi\",\"@id\":\"https:\/\/buy-prescriptionz.com\/#\/schema\/logo\/image\/\",\"url\":\"https:\/\/buy-prescriptionz.com\/wp-content\/uploads\/2023\/09\/logo.png\",\"contentUrl\":\"https:\/\/buy-prescriptionz.com\/wp-content\/uploads\/2023\/09\/logo.png\",\"width\":350,\"height\":64,\"caption\":\"Buy Prescriptionz\"},\"image\":{\"@id\":\"https:\/\/buy-prescriptionz.com\/#\/schema\/logo\/image\/\"}}]}<\/script>\n<!-- \/ Yoast SEO plugin. -->","yoast_head_json":{"title":"Osta roksikodonia verkossa - Roksikodoni myyt\u00e4v\u00e4n\u00e4 - Tilaa roksikodonia","description":"Nyt on paras aika vierailla verkkokaupassamme ja ostaa Roxicodone verkosta. Meill\u00e4 on myynniss\u00e4 korkealaatuista Roxicodonea edullisimpaan hintaan. Tapaa meid\u00e4t verkossa ja tee tilauksesi jo t\u00e4n\u00e4\u00e4n.","robots":{"index":"index","follow":"follow","max-snippet":"max-snippet:-1","max-image-preview":"max-image-preview:large","max-video-preview":"max-video-preview:-1"},"canonical":"https:\/\/buy-prescriptionz.com\/fi\/tuote\/osta-roksikodonia-verkossa\/","og_locale":"fi_FI","og_type":"article","og_title":"Buy Roxicodone Online - Roxicodone for Sale - Order Roxicodone","og_description":"It is the best time to visit our online store and buy Roxicodone online. We have high-quality Roxicodone for sale here at most affordable price. Meet us online and place your order today.","og_url":"https:\/\/buy-prescriptionz.com\/fi\/tuote\/osta-roksikodonia-verkossa\/","og_site_name":"Buy Prescriptionz","article_modified_time":"2025-09-30T05:34:03+00:00","og_image":[{"width":400,"height":300,"url":"https:\/\/buy-prescriptionz.com\/wp-content\/uploads\/2025\/09\/roxicodone.jpg","type":"image\/jpeg"}],"twitter_card":"summary_large_image","twitter_misc":{"Arvioitu lukuaika":"4 minuuttia"},"schema":{"@context":"https:\/\/schema.org","@graph":[{"@type":"WebPage","@id":"https:\/\/buy-prescriptionz.com\/product\/buy-roxicodone-online\/","url":"https:\/\/buy-prescriptionz.com\/product\/buy-roxicodone-online\/","name":"Osta roksikodonia verkossa - Roksikodoni myyt\u00e4v\u00e4n\u00e4 - Tilaa roksikodonia","isPartOf":{"@id":"https:\/\/buy-prescriptionz.com\/#website"},"primaryImageOfPage":{"@id":"https:\/\/buy-prescriptionz.com\/product\/buy-roxicodone-online\/#primaryimage"},"image":{"@id":"https:\/\/buy-prescriptionz.com\/product\/buy-roxicodone-online\/#primaryimage"},"thumbnailUrl":"https:\/\/buy-prescriptionz.com\/wp-content\/uploads\/2025\/09\/roxicodone.jpg","datePublished":"2025-09-16T08:56:10+00:00","dateModified":"2025-09-30T05:34:03+00:00","description":"Nyt on paras aika vierailla verkkokaupassamme ja ostaa Roxicodone verkosta. Meill\u00e4 on myynniss\u00e4 korkealaatuista Roxicodonea edullisimpaan hintaan. Tapaa meid\u00e4t verkossa ja tee tilauksesi jo t\u00e4n\u00e4\u00e4n.","breadcrumb":{"@id":"https:\/\/buy-prescriptionz.com\/product\/buy-roxicodone-online\/#breadcrumb"},"inLanguage":"fi","potentialAction":[{"@type":"ReadAction","target":["https:\/\/buy-prescriptionz.com\/product\/buy-roxicodone-online\/"]}]},{"@type":"ImageObject","inLanguage":"fi","@id":"https:\/\/buy-prescriptionz.com\/product\/buy-roxicodone-online\/#primaryimage","url":"https:\/\/buy-prescriptionz.com\/wp-content\/uploads\/2025\/09\/roxicodone.jpg","contentUrl":"https:\/\/buy-prescriptionz.com\/wp-content\/uploads\/2025\/09\/roxicodone.jpg","width":400,"height":300},{"@type":"BreadcrumbList","@id":"https:\/\/buy-prescriptionz.com\/product\/buy-roxicodone-online\/#breadcrumb","itemListElement":[{"@type":"ListItem","position":1,"name":"Home","item":"https:\/\/buy-prescriptionz.com\/"},{"@type":"ListItem","position":2,"name":"Shop Painkillers Online","item":"https:\/\/buy-prescriptionz.com\/shop-painkillers-online\/"},{"@type":"ListItem","position":3,"name":"Buy Roxicodone Online"}]},{"@type":"WebSite","@id":"https:\/\/buy-prescriptionz.com\/#website","url":"https:\/\/buy-prescriptionz.com\/","name":"Buy Prescriptionz","description":"Huumeet verkossa","publisher":{"@id":"https:\/\/buy-prescriptionz.com\/#organization"},"potentialAction":[{"@type":"SearchAction","target":{"@type":"EntryPoint","urlTemplate":"https:\/\/buy-prescriptionz.com\/?s={search_term_string}"},"query-input":{"@type":"PropertyValueSpecification","valueRequired":true,"valueName":"search_term_string"}}],"inLanguage":"fi"},{"@type":"Organization","@id":"https:\/\/buy-prescriptionz.com\/#organization","name":"Buy Prescriptionz","url":"https:\/\/buy-prescriptionz.com\/","logo":{"@type":"ImageObject","inLanguage":"fi","@id":"https:\/\/buy-prescriptionz.com\/#\/schema\/logo\/image\/","url":"https:\/\/buy-prescriptionz.com\/wp-content\/uploads\/2023\/09\/logo.png","contentUrl":"https:\/\/buy-prescriptionz.com\/wp-content\/uploads\/2023\/09\/logo.png","width":350,"height":64,"caption":"Buy Prescriptionz"},"image":{"@id":"https:\/\/buy-prescriptionz.com\/#\/schema\/logo\/image\/"}}]}},"_links":{"self":[{"href":"https:\/\/buy-prescriptionz.com\/fi\/wp-json\/wp\/v2\/product\/3057","targetHints":{"allow":["GET"]}}],"collection":[{"href":"https:\/\/buy-prescriptionz.com\/fi\/wp-json\/wp\/v2\/product"}],"about":[{"href":"https:\/\/buy-prescriptionz.com\/fi\/wp-json\/wp\/v2\/types\/product"}],"replies":[{"embeddable":true,"href":"https:\/\/buy-prescriptionz.com\/fi\/wp-json\/wp\/v2\/comments?post=3057"}],"wp:featuredmedia":[{"embeddable":true,"href":"https:\/\/buy-prescriptionz.com\/fi\/wp-json\/wp\/v2\/media\/3087"}],"wp:attachment":[{"href":"https:\/\/buy-prescriptionz.com\/fi\/wp-json\/wp\/v2\/media?parent=3057"}],"wp:term":[{"taxonomy":"product_brand","embeddable":true,"href":"https:\/\/buy-prescriptionz.com\/fi\/wp-json\/wp\/v2\/product_brand?post=3057"},{"taxonomy":"product_cat","embeddable":true,"href":"https:\/\/buy-prescriptionz.com\/fi\/wp-json\/wp\/v2\/product_cat?post=3057"},{"taxonomy":"product_tag","embeddable":true,"href":"https:\/\/buy-prescriptionz.com\/fi\/wp-json\/wp\/v2\/product_tag?post=3057"}],"curies":[{"name":"wp","href":"https:\/\/api.w.org\/{rel}","templated":true}]}}