{"id":3058,"date":"2025-09-16T08:56:10","date_gmt":"2025-09-16T08:56:10","guid":{"rendered":"https:\/\/chemsfine.com\/newsite\/?post_type=product&#038;p=3058"},"modified":"2025-09-25T12:45:43","modified_gmt":"2025-09-25T12:45:43","slug":"osta-ritaliinia-verkossa","status":"publish","type":"product","link":"https:\/\/buy-prescriptionz.com\/fi\/tuote\/osta-ritaliinia-verkossa\/","title":{"rendered":"Osta Ritalin verkossa"},"content":{"rendered":"<h2>Osta Ritalin verkossa<\/h2>\n<h3>Osto Ritalin Online ilman resepti\u00e4<\/h3>\n<p>Osto<a href=\"https:\/\/buy-prescriptionz.com\/fi\/\"> Ritalin<\/a> Online ilman resepti\u00e4. Aluksi Ritalin (metyylifenidaatti) on fokaalisen aistij\u00e4rjestelm\u00e4n stimulantti. Lis\u00e4ksi se vaikuttaa synteettisiin aineisiin mieless\u00e4 ja hermoissa, jotka lis\u00e4\u00e4v\u00e4t hyperaktiivisuutta ja ajokontrollia. Lis\u00e4ksi se luo sellaisia vaikutuksia kuin ter\u00e4vyyden laajentaminen tai sen yll\u00e4pit\u00e4minen, uupumuksen torjuminen ja tarkkaavaisuuden parantaminen. Samoin metatutkimukset ja houkuttelevien kaikukuvaustutkimusten metodiset tarkastukset ehdottavat, ett\u00e4 pitk\u00e4aikainen hoito ADHD-stimulanteilla (erityisesti amfetamiinilla ja metyylifenidaatilla) v\u00e4hent\u00e4\u00e4 ADHD:t\u00e4 sairastavilla yksil\u00f6ill\u00e4 havaittavia poikkeamia mielen rakenteen ja kapasiteetin normaalista poikkeamista. My\u00f6s kliinisten stimulanttitutkimusten tarkastukset ovat osoittaneet ADHD-stimulanttien pitk\u00e4aikaisen k\u00e4yt\u00f6n turvallisuuden ja riitt\u00e4vyyden ADHD:t\u00e4 sairastaville henkil\u00f6ille. Siit\u00e4 huolimatta metyylifenidaattihoidon aiheuttamien ADHD-oireiden ja henkil\u00f6kohtaisen tyytyv\u00e4isyyden parantumisen tarkka suuruus on edelleen ep\u00e4varmaa. Lopulta Osta Ritalin verkossa ilman ratkaisua Butterfly Medication Shopista.<\/p>\n<h3>Ty\u00f6paikat<\/h3>\n<p>Ritalin k\u00e4ytet\u00e4\u00e4n hoitoon kyvytt\u00f6myys keskitty\u00e4 johdonmukaisesti ongelma (ADD), harkinnan puute hyperaktiivisuus ongelma (ADHD), ja narkolepsia.<\/p>\n<h3>Mist\u00e4 saada Ritalin Online<\/h3>\n<p>Mist\u00e4 saada Ritalin Online; Voit saada Ritalin Online Buyprescriptionz. Pyyd\u00e4 Ritalin Online Buyprescriptionzilta yksinkertaisesti menem\u00e4ll\u00e4 verkkokauppaamme sivustollamme ja sis\u00e4llytt\u00e4m\u00e4ll\u00e4 Ritalin ostoskoriin. Joka tapauksessa, Kun sis\u00e4llyt\u00e4t sen toimitusautoon, ja sen j\u00e4lkeen voit jatkaa katsomista ja lis\u00e4ksi varmista, ett\u00e4 t\u00e4yt\u00e4t kuljetustietosi ilman virheit\u00e4. Lis\u00e4ksi meill\u00e4 on my\u00f6s suoraviivainen asennustekniikka, jotta potilaamme voivat tehd\u00e4 siit\u00e4 yksinkertaisemman. Lis\u00e4ksi Osta Ritalin Online verkkokaupastamme ja k\u00e4yt\u00e4 vaivattomimpia asennustekniikoita ja lis\u00e4ksi nopeaa ja huomaamatonta kuljetusta. Aihe mist\u00e4 saada Ritalin on juuri k\u00e4sitelty.<\/p>\n<h3>Ritalinin ostaminen verkossa: hy\u00f6dyt ja sivuvaikutukset<\/h3>\n<ol>\n<li>Parempi keskittymiskyky: Ritalin auttaa lis\u00e4\u00e4m\u00e4\u00e4n keskittymiskyky\u00e4 ja tarkkaavaisuutta, mik\u00e4 on erityisen hy\u00f6dyllist\u00e4 ADHD-potilaille.<\/li>\n<li>Parannettu kognitiivinen toiminta: Se voi parantaa kognitiivisia toimintoja, kuten muistia ja oppimiskyky\u00e4.<\/li>\n<li>Mielialan vakauttaminen: Ritalin voi auttaa vakauttamaan mielialan vaihteluita, mik\u00e4 tekee p\u00e4ivitt\u00e4isist\u00e4 teht\u00e4vist\u00e4 helpommin hallittavia.<\/li>\n<li>Lis\u00e4\u00e4ntynyt tuottavuus: V\u00e4hent\u00e4m\u00e4ll\u00e4 ADHD:n oireita Ritalin auttaa k\u00e4ytt\u00e4ji\u00e4 tulemaan tuottavammiksi ty\u00f6ss\u00e4\u00e4n tai opinnoissaan.<\/li>\n<li>K\u00e4tevyys: Ritalinin ostaminen verkosta voi olla k\u00e4tev\u00e4\u00e4, s\u00e4\u00e4st\u00e4\u00e4 aikaa ja tarjoaa kotiinkuljetuksen.<\/li>\n<\/ol>\n<p>Ritalinin ostaminen verkosta voi tarjota k\u00e4tevyytt\u00e4 ja yksityisyytt\u00e4. Se antaa yksil\u00f6ille mahdollisuuden saada l\u00e4\u00e4kkeens\u00e4 ilman fyysist\u00e4 k\u00e4ynti\u00e4 apteekissa. Verkkoapteekit tarjoavat usein yksityiskohtaista tietoa l\u00e4\u00e4kkeest\u00e4, mik\u00e4 auttaa k\u00e4ytt\u00e4ji\u00e4 tekem\u00e4\u00e4n tietoon perustuvia p\u00e4\u00e4t\u00f6ksi\u00e4. On kuitenkin t\u00e4rke\u00e4\u00e4 varmistaa, ett\u00e4 verkkol\u00e4hde on hyv\u00e4maineinen ja vaatii reseptin, koska t\u00e4m\u00e4 auttaa takaamaan l\u00e4\u00e4kkeen aitouden ja turvallisuuden.<\/p>\n<h4>Ritalinin sivuvaikutukset<\/h4>\n<ol>\n<li>Unettomuus: Nukahtamisvaikeudet tai unessa pysymisen vaikeus on yleinen sivuvaikutus.<\/li>\n<li>Ruokahaluttomuus: Ritalin voi v\u00e4hent\u00e4\u00e4 ruokahalua, mik\u00e4 johtaa painonpudotukseen.<\/li>\n<\/ol>\n<p>Ritalin tarjoaa merkitt\u00e4vi\u00e4 hy\u00f6tyj\u00e4 ADHD:sta k\u00e4rsiville, parantaen keskittymiskyky\u00e4 ja tuottavuutta. Se voi kuitenkin aiheuttaa sivuvaikutuksia, kuten unettomuutta ja ruokahaluttomuutta. Osta aina luotettavista l\u00e4hteist\u00e4. Lis\u00e4tietoja on osoitteessa best pharmacy store buy-prescriptionz.com.<\/p>\n<h3>Osto Ritalin (SIVUVAIKUTUKSET)<\/h3>\n<p>Ostaa Ritalin Buyprescriptionzista Attention Deficit Hyperactivity Disorderin hoitoon keskushermostosi: hyperaktiivisuus, unih\u00e4iri\u00f6, innokkuus, vapina, levottomuutta aiheuttavat sosiaaliset vaikutteet, sekavuus, fantasiat, aivokipu, hulluus, hulluus, ajatusongelma.<\/p>\n<h3>MITTAUS JA HALLINTO<\/h3>\n<p>Osto Ritalin Online meid\u00e4n Online Medical Shop ja jatkaa meid\u00e4n mittaus ja organisaatio annetaan t\u00e4\u00e4ll\u00e4 . Organisaatio annos Ritalin LA\u00ae (metyylifenidaattihydrokloridi) laajennettu vastuuvapauden tapauksissa on suun kautta j\u00e4rjestet\u00e4\u00e4n kerran p\u00e4iv\u00e4ss\u00e4 p\u00e4iv\u00e4ss\u00e4 ensimm\u00e4isen osan p\u00e4iv\u00e4\u00e4.<\/p>\n<p>Ritalin LA sek\u00e4 niiden ainetta ei pit\u00e4isi puristaa, purra tai erottaa. Lis\u00e4ksi s\u00e4ili\u00f6t voidaan varovasti avata ja ripotella rakeet lusikallisen hedelm\u00e4soseen p\u00e4\u00e4lle.<\/p>\n<p>Hedelm\u00e4sose ei my\u00f6sk\u00e4\u00e4n saisi olla l\u00e4mmint\u00e4, koska se voisi vaikuttaa t\u00e4m\u00e4n suunnitelman s\u00e4\u00e4dettyihin purkautumisominaisuuksiin. L\u00e4\u00e4kkeiden ja hedelm\u00e4soseen sekoitus pit\u00e4isi kuluttaa nopeasti kokonaan. L\u00e4\u00e4kitys ja hedelm\u00e4sose sekoitus ei pit\u00e4isi s\u00e4ilytt\u00e4\u00e4 jonkin aikaa my\u00f6hemmin. Potilaita on kannustettava pit\u00e4m\u00e4\u00e4n strateginen et\u00e4isyys seuraavista asioista<\/p>\n<h3>VASTA-AIHEET<\/h3>\n<p>Levottomuutta: Ritalin LA (metyylifenidaattihydrokloridi) laajentaa purkauss\u00e4ili\u00f6it\u00e4 on vasta-aiheinen leimattuun levottomuuteen, paineeseen ja h\u00e4iri\u00f6ihin, koska l\u00e4\u00e4kitys voi pahentaa n\u00e4it\u00e4 merkkej\u00e4.<\/p>\n<p>Glaukooma: Se on vasta-aiheinen potilaille, joilla on glaukooma.<\/p>\n<p>Tics : Se on vasta-aiheinen potilailla, joilla on motorinen tic tai joiden suvussa on Touretten h\u00e4iri\u00f6 tai p\u00e4\u00e4telm\u00e4 siit\u00e4.<\/p>","protected":false},"excerpt":{"rendered":"<p>Buy Ritalin Online Purchase Ritalin Online Without Prescription Purchase Ritalin Online Without Prescription. To start, Ritalin (methylphenidate) is a focal sensory system stimulant. Also, It influences synthetics in mind and nerves that add to hyperactivity and drive control. Further, It creates such impacts as expanding or looking after sharpness, battling exhaustion, and improving attention.\u200c Likewise, [&hellip;]<\/p>","protected":false},"featured_media":3088,"comment_status":"open","ping_status":"closed","template":"","meta":{"site-sidebar-layout":"default","site-content-layout":"","ast-site-content-layout":"default","site-content-style":"default","site-sidebar-style":"default","ast-global-header-display":"","ast-banner-title-visibility":"","ast-main-header-display":"","ast-hfb-above-header-display":"","ast-hfb-below-header-display":"","ast-hfb-mobile-header-display":"","site-post-title":"","ast-breadcrumbs-content":"","ast-featured-img":"","footer-sml-layout":"","theme-transparent-header-meta":"default","adv-header-id-meta":"","stick-header-meta":"","header-above-stick-meta":"","header-main-stick-meta":"","header-below-stick-meta":"","astra-migrate-meta-layouts":"set","ast-page-background-enabled":"default","ast-page-background-meta":{"desktop":{"background-color":"var(--ast-global-color-4)","background-image":"","background-repeat":"repeat","background-position":"center center","background-size":"auto","background-attachment":"scroll","background-type":"","background-media":"","overlay-type":"","overlay-color":"","overlay-opacity":"","overlay-gradient":""},"tablet":{"background-color":"","background-image":"","background-repeat":"repeat","background-position":"center center","background-size":"auto","background-attachment":"scroll","background-type":"","background-media":"","overlay-type":"","overlay-color":"","overlay-opacity":"","overlay-gradient":""},"mobile":{"background-color":"","background-image":"","background-repeat":"repeat","background-position":"center center","background-size":"auto","background-attachment":"scroll","background-type":"","background-media":"","overlay-type":"","overlay-color":"","overlay-opacity":"","overlay-gradient":""}},"ast-content-background-meta":{"desktop":{"background-color":"var(--ast-global-color-5)","background-image":"","background-repeat":"repeat","background-position":"center center","background-size":"auto","background-attachment":"scroll","background-type":"","background-media":"","overlay-type":"","overlay-color":"","overlay-opacity":"","overlay-gradient":""},"tablet":{"background-color":"var(--ast-global-color-5)","background-image":"","background-repeat":"repeat","background-position":"center center","background-size":"auto","background-attachment":"scroll","background-type":"","background-media":"","overlay-type":"","overlay-color":"","overlay-opacity":"","overlay-gradient":""},"mobile":{"background-color":"var(--ast-global-color-5)","background-image":"","background-repeat":"repeat","background-position":"center center","background-size":"auto","background-attachment":"scroll","background-type":"","background-media":"","overlay-type":"","overlay-color":"","overlay-opacity":"","overlay-gradient":""}}},"product_brand":[],"product_cat":[2385],"product_tag":[1242,1243,1241,1236,1239,1238,1237,1240,1235,1234,1245,1244],"class_list":{"0":"post-3058","1":"product","2":"type-product","3":"status-publish","4":"has-post-thumbnail","6":"product_cat-buy-pain-killer-pills-online","7":"product_tag-buy-ritalin-in-canada","8":"product_tag-buy-ritalin-in-uk","9":"product_tag-buy-ritalin-in-usa","10":"product_tag-buy-ritalin-with-bitcoin","11":"product_tag-buy-ritalin-with-credit-card","12":"product_tag-buy-ritalin-with-money-gram","13":"product_tag-buy-ritalin-with-western-union","14":"product_tag-buy-ritalin-without-a-doctor","15":"product_tag-buy-ritalin-without-prescription","16":"product_tag-ritalin-for-sale","17":"product_tag-ritalin-pills","18":"product_tag-ritalin-tablets","19":"desktop-align-center","20":"tablet-align-left","21":"mobile-align-left","23":"first","24":"instock","25":"shipping-taxable","26":"purchasable","27":"product-type-variable","28":"has-default-attributes"},"yoast_head":"<!-- This site is optimized with the Yoast SEO plugin v25.9 - https:\/\/yoast.com\/wordpress\/plugins\/seo\/ -->\n<title>Buy Ritalin Online for Sale @ Best Price - Buy Ritalin 10mg Online<\/title>\n<meta name=\"description\" content=\"Buy Ritalin Online, buy Ritalin (Methylphenidate) 10mg online without any prescription, If this is the question where to buy Ritalin online\" \/>\n<meta name=\"robots\" content=\"index, follow, max-snippet:-1, max-image-preview:large, max-video-preview:-1\" \/>\n<link rel=\"canonical\" href=\"https:\/\/buy-prescriptionz.com\/fi\/tuote\/osta-ritaliinia-verkossa\/\" \/>\n<meta property=\"og:locale\" content=\"fi_FI\" \/>\n<meta property=\"og:type\" content=\"article\" \/>\n<meta property=\"og:title\" content=\"Buy Ritalin Online for Sale @ Best Price - Buy Ritalin 10mg Online\" \/>\n<meta property=\"og:description\" content=\"Buy Ritalin Online, buy Ritalin (Methylphenidate) 10mg online without any prescription, If this is the question where to buy Ritalin online\" \/>\n<meta property=\"og:url\" content=\"https:\/\/buy-prescriptionz.com\/fi\/tuote\/osta-ritaliinia-verkossa\/\" \/>\n<meta property=\"og:site_name\" content=\"Buy Prescriptionz\" \/>\n<meta property=\"article:modified_time\" content=\"2025-09-25T12:45:43+00:00\" \/>\n<meta property=\"og:image\" content=\"https:\/\/buy-prescriptionz.com\/wp-content\/uploads\/2025\/09\/ritalin.jpg\" \/>\n\t<meta property=\"og:image:width\" content=\"400\" \/>\n\t<meta property=\"og:image:height\" content=\"300\" \/>\n\t<meta property=\"og:image:type\" content=\"image\/jpeg\" \/>\n<meta name=\"twitter:card\" content=\"summary_large_image\" \/>\n<meta name=\"twitter:label1\" content=\"Arvioitu lukuaika\" \/>\n\t<meta name=\"twitter:data1\" content=\"4 minuuttia\" \/>\n<script type=\"application\/ld+json\" class=\"yoast-schema-graph\">{\"@context\":\"https:\/\/schema.org\",\"@graph\":[{\"@type\":\"WebPage\",\"@id\":\"https:\/\/buy-prescriptionz.com\/product\/buy-ritalin-online\/\",\"url\":\"https:\/\/buy-prescriptionz.com\/product\/buy-ritalin-online\/\",\"name\":\"Buy Ritalin Online for Sale @ Best Price - Buy Ritalin 10mg Online\",\"isPartOf\":{\"@id\":\"https:\/\/buy-prescriptionz.com\/#website\"},\"primaryImageOfPage\":{\"@id\":\"https:\/\/buy-prescriptionz.com\/product\/buy-ritalin-online\/#primaryimage\"},\"image\":{\"@id\":\"https:\/\/buy-prescriptionz.com\/product\/buy-ritalin-online\/#primaryimage\"},\"thumbnailUrl\":\"https:\/\/buy-prescriptionz.com\/wp-content\/uploads\/2025\/09\/ritalin.jpg\",\"datePublished\":\"2025-09-16T08:56:10+00:00\",\"dateModified\":\"2025-09-25T12:45:43+00:00\",\"description\":\"Buy Ritalin Online, buy Ritalin (Methylphenidate) 10mg online without any prescription, If this is the question where to buy Ritalin online\",\"breadcrumb\":{\"@id\":\"https:\/\/buy-prescriptionz.com\/product\/buy-ritalin-online\/#breadcrumb\"},\"inLanguage\":\"fi\",\"potentialAction\":[{\"@type\":\"ReadAction\",\"target\":[\"https:\/\/buy-prescriptionz.com\/product\/buy-ritalin-online\/\"]}]},{\"@type\":\"ImageObject\",\"inLanguage\":\"fi\",\"@id\":\"https:\/\/buy-prescriptionz.com\/product\/buy-ritalin-online\/#primaryimage\",\"url\":\"https:\/\/buy-prescriptionz.com\/wp-content\/uploads\/2025\/09\/ritalin.jpg\",\"contentUrl\":\"https:\/\/buy-prescriptionz.com\/wp-content\/uploads\/2025\/09\/ritalin.jpg\",\"width\":400,\"height\":300},{\"@type\":\"BreadcrumbList\",\"@id\":\"https:\/\/buy-prescriptionz.com\/product\/buy-ritalin-online\/#breadcrumb\",\"itemListElement\":[{\"@type\":\"ListItem\",\"position\":1,\"name\":\"Home\",\"item\":\"https:\/\/buy-prescriptionz.com\/\"},{\"@type\":\"ListItem\",\"position\":2,\"name\":\"Shop Painkillers Online\",\"item\":\"https:\/\/buy-prescriptionz.com\/shop-painkillers-online\/\"},{\"@type\":\"ListItem\",\"position\":3,\"name\":\"Buy Ritalin Online\"}]},{\"@type\":\"WebSite\",\"@id\":\"https:\/\/buy-prescriptionz.com\/#website\",\"url\":\"https:\/\/buy-prescriptionz.com\/\",\"name\":\"Buy Prescriptionz\",\"description\":\"Drugs Online\",\"publisher\":{\"@id\":\"https:\/\/buy-prescriptionz.com\/#organization\"},\"potentialAction\":[{\"@type\":\"SearchAction\",\"target\":{\"@type\":\"EntryPoint\",\"urlTemplate\":\"https:\/\/buy-prescriptionz.com\/?s={search_term_string}\"},\"query-input\":{\"@type\":\"PropertyValueSpecification\",\"valueRequired\":true,\"valueName\":\"search_term_string\"}}],\"inLanguage\":\"fi\"},{\"@type\":\"Organization\",\"@id\":\"https:\/\/buy-prescriptionz.com\/#organization\",\"name\":\"Buy Prescriptionz\",\"url\":\"https:\/\/buy-prescriptionz.com\/\",\"logo\":{\"@type\":\"ImageObject\",\"inLanguage\":\"fi\",\"@id\":\"https:\/\/buy-prescriptionz.com\/#\/schema\/logo\/image\/\",\"url\":\"https:\/\/buy-prescriptionz.com\/wp-content\/uploads\/2023\/09\/logo.png\",\"contentUrl\":\"https:\/\/buy-prescriptionz.com\/wp-content\/uploads\/2023\/09\/logo.png\",\"width\":350,\"height\":64,\"caption\":\"Buy Prescriptionz\"},\"image\":{\"@id\":\"https:\/\/buy-prescriptionz.com\/#\/schema\/logo\/image\/\"}}]}<\/script>\n<!-- \/ Yoast SEO plugin. -->","yoast_head_json":{"title":"Osta Ritalin verkossa myyt\u00e4v\u00e4n\u00e4 @ Paras hinta - Osta Ritalin 10mg verkossa","description":"Osta Ritalin Online, ostaa Ritalin (Methylphenidate) 10mg verkossa ilman resepti\u00e4, Jos t\u00e4m\u00e4 on kysymys, mist\u00e4 ostaa Ritalin online","robots":{"index":"index","follow":"follow","max-snippet":"max-snippet:-1","max-image-preview":"max-image-preview:large","max-video-preview":"max-video-preview:-1"},"canonical":"https:\/\/buy-prescriptionz.com\/fi\/tuote\/osta-ritaliinia-verkossa\/","og_locale":"fi_FI","og_type":"article","og_title":"Buy Ritalin Online for Sale @ Best Price - Buy Ritalin 10mg Online","og_description":"Buy Ritalin Online, buy Ritalin (Methylphenidate) 10mg online without any prescription, If this is the question where to buy Ritalin online","og_url":"https:\/\/buy-prescriptionz.com\/fi\/tuote\/osta-ritaliinia-verkossa\/","og_site_name":"Buy Prescriptionz","article_modified_time":"2025-09-25T12:45:43+00:00","og_image":[{"width":400,"height":300,"url":"https:\/\/buy-prescriptionz.com\/wp-content\/uploads\/2025\/09\/ritalin.jpg","type":"image\/jpeg"}],"twitter_card":"summary_large_image","twitter_misc":{"Arvioitu lukuaika":"4 minuuttia"},"schema":{"@context":"https:\/\/schema.org","@graph":[{"@type":"WebPage","@id":"https:\/\/buy-prescriptionz.com\/product\/buy-ritalin-online\/","url":"https:\/\/buy-prescriptionz.com\/product\/buy-ritalin-online\/","name":"Osta Ritalin verkossa myyt\u00e4v\u00e4n\u00e4 @ Paras hinta - Osta Ritalin 10mg verkossa","isPartOf":{"@id":"https:\/\/buy-prescriptionz.com\/#website"},"primaryImageOfPage":{"@id":"https:\/\/buy-prescriptionz.com\/product\/buy-ritalin-online\/#primaryimage"},"image":{"@id":"https:\/\/buy-prescriptionz.com\/product\/buy-ritalin-online\/#primaryimage"},"thumbnailUrl":"https:\/\/buy-prescriptionz.com\/wp-content\/uploads\/2025\/09\/ritalin.jpg","datePublished":"2025-09-16T08:56:10+00:00","dateModified":"2025-09-25T12:45:43+00:00","description":"Osta Ritalin Online, ostaa Ritalin (Methylphenidate) 10mg verkossa ilman resepti\u00e4, Jos t\u00e4m\u00e4 on kysymys, mist\u00e4 ostaa Ritalin online","breadcrumb":{"@id":"https:\/\/buy-prescriptionz.com\/product\/buy-ritalin-online\/#breadcrumb"},"inLanguage":"fi","potentialAction":[{"@type":"ReadAction","target":["https:\/\/buy-prescriptionz.com\/product\/buy-ritalin-online\/"]}]},{"@type":"ImageObject","inLanguage":"fi","@id":"https:\/\/buy-prescriptionz.com\/product\/buy-ritalin-online\/#primaryimage","url":"https:\/\/buy-prescriptionz.com\/wp-content\/uploads\/2025\/09\/ritalin.jpg","contentUrl":"https:\/\/buy-prescriptionz.com\/wp-content\/uploads\/2025\/09\/ritalin.jpg","width":400,"height":300},{"@type":"BreadcrumbList","@id":"https:\/\/buy-prescriptionz.com\/product\/buy-ritalin-online\/#breadcrumb","itemListElement":[{"@type":"ListItem","position":1,"name":"Home","item":"https:\/\/buy-prescriptionz.com\/"},{"@type":"ListItem","position":2,"name":"Shop Painkillers Online","item":"https:\/\/buy-prescriptionz.com\/shop-painkillers-online\/"},{"@type":"ListItem","position":3,"name":"Buy Ritalin Online"}]},{"@type":"WebSite","@id":"https:\/\/buy-prescriptionz.com\/#website","url":"https:\/\/buy-prescriptionz.com\/","name":"Buy Prescriptionz","description":"Huumeet verkossa","publisher":{"@id":"https:\/\/buy-prescriptionz.com\/#organization"},"potentialAction":[{"@type":"SearchAction","target":{"@type":"EntryPoint","urlTemplate":"https:\/\/buy-prescriptionz.com\/?s={search_term_string}"},"query-input":{"@type":"PropertyValueSpecification","valueRequired":true,"valueName":"search_term_string"}}],"inLanguage":"fi"},{"@type":"Organization","@id":"https:\/\/buy-prescriptionz.com\/#organization","name":"Buy Prescriptionz","url":"https:\/\/buy-prescriptionz.com\/","logo":{"@type":"ImageObject","inLanguage":"fi","@id":"https:\/\/buy-prescriptionz.com\/#\/schema\/logo\/image\/","url":"https:\/\/buy-prescriptionz.com\/wp-content\/uploads\/2023\/09\/logo.png","contentUrl":"https:\/\/buy-prescriptionz.com\/wp-content\/uploads\/2023\/09\/logo.png","width":350,"height":64,"caption":"Buy Prescriptionz"},"image":{"@id":"https:\/\/buy-prescriptionz.com\/#\/schema\/logo\/image\/"}}]}},"_links":{"self":[{"href":"https:\/\/buy-prescriptionz.com\/fi\/wp-json\/wp\/v2\/product\/3058","targetHints":{"allow":["GET"]}}],"collection":[{"href":"https:\/\/buy-prescriptionz.com\/fi\/wp-json\/wp\/v2\/product"}],"about":[{"href":"https:\/\/buy-prescriptionz.com\/fi\/wp-json\/wp\/v2\/types\/product"}],"replies":[{"embeddable":true,"href":"https:\/\/buy-prescriptionz.com\/fi\/wp-json\/wp\/v2\/comments?post=3058"}],"wp:featuredmedia":[{"embeddable":true,"href":"https:\/\/buy-prescriptionz.com\/fi\/wp-json\/wp\/v2\/media\/3088"}],"wp:attachment":[{"href":"https:\/\/buy-prescriptionz.com\/fi\/wp-json\/wp\/v2\/media?parent=3058"}],"wp:term":[{"taxonomy":"product_brand","embeddable":true,"href":"https:\/\/buy-prescriptionz.com\/fi\/wp-json\/wp\/v2\/product_brand?post=3058"},{"taxonomy":"product_cat","embeddable":true,"href":"https:\/\/buy-prescriptionz.com\/fi\/wp-json\/wp\/v2\/product_cat?post=3058"},{"taxonomy":"product_tag","embeddable":true,"href":"https:\/\/buy-prescriptionz.com\/fi\/wp-json\/wp\/v2\/product_tag?post=3058"}],"curies":[{"name":"wp","href":"https:\/\/api.w.org\/{rel}","templated":true}]}}