{"id":3059,"date":"2025-09-16T08:56:10","date_gmt":"2025-09-16T08:56:10","guid":{"rendered":"https:\/\/chemsfine.com\/newsite\/?post_type=product&#038;p=3059"},"modified":"2025-09-26T14:10:43","modified_gmt":"2025-09-26T14:10:43","slug":"kalium-syanidi-1-g","status":"publish","type":"product","link":"https:\/\/buy-prescriptionz.com\/fi\/tuote\/kalium-syanidi-1-g\/","title":{"rendered":"Potassium Cyanide (1g)"},"content":{"rendered":"<h2>Osta kaliumsyanidia (1 g) verkossa<\/h2>\n<h3><span lang=\"EN-IN\" style=\"font-size: 11.0pt; line-height: 107%;\">Mik\u00e4 on kaliumsyanidi?<\/span><\/h3>\n<p><span lang=\"EN-IN\" style=\"font-size: 11.0pt;\">Kaliumsyanidi<\/span><span lang=\"EN-IN\" style=\"font-size: 11.0pt;\"> on valkoinen, kiteinen suola, jolla on kitker\u00e4 maku, jota joskus verrataan manteleihin. Se liukenee hyvin veteen ja vapauttaa syaanivetykaasua joutuessaan kosketuksiin happojen tai kosteuden kanssa. <\/span><span lang=\"EN-IN\" style=\"font-size: 11.0pt;\">Kaliumsyanidi (KCN) on eritt\u00e4in myrkyllinen yhdiste. Jopa pieni m\u00e4\u00e4r\u00e4, kuten yksi gramma, voi olla tappava. T\u00e4ss\u00e4 on joitakin t\u00e4rkeit\u00e4 tietoja kaliumsyanidista:<\/span><\/p>\n<h3>Kaliumsyanidin k\u00e4ytt\u00f6tarkoitukset<\/h3>\n<ul>\n<li>Kullankaivuu: Kaliumsyanidia k\u00e4ytet\u00e4\u00e4n kullan ja hopean erottamiseen malmeista kaivosteollisuudessa.<\/li>\n<li>Galvanointi: Sit\u00e4 k\u00e4ytet\u00e4\u00e4n galvanointiprosesseissa metallien p\u00e4\u00e4llyst\u00e4miseen kullalla tai hopealla.<\/li>\n<li>Orgaaninen synteesi: Sit\u00e4 k\u00e4ytet\u00e4\u00e4n laboratorioissa erilaisiin kemiallisiin reaktioihin ja synteesiprosesseihin.<\/li>\n<\/ul>\n<h3>Myrkyllisyys ja turvallisuus<\/h3>\n<ul>\n<li>Tappava annos: Arvioitu tappava annos ihmisille on 200\u2013300 milligrammaa. Yksi gramma on enemm\u00e4n kuin tarpeeksi aiheuttaakseen kuoleman.<\/li>\n<li>Vaikutusmekanismi: Se est\u00e4\u00e4 elimist\u00f6n kyky\u00e4 k\u00e4ytt\u00e4\u00e4 happea, mik\u00e4 johtaa solukuolemaan ja lopulta elinten vajaatoimintaan.<\/li>\n<li>Myrkytyksen oireet: N\u00e4it\u00e4 ovat p\u00e4\u00e4ns\u00e4rky, huimaus, hengenahdistus, pahoinvointi ja tajunnan menetys. V\u00e4lit\u00f6n altistuminen voi aiheuttaa nopean kuoleman, jos sit\u00e4 ei hoideta nopeasti.<\/li>\n<\/ul>\n<p>Kaliumsyanidin ostaminen verkosta, erityisesti l\u00e4hteist\u00e4 kuten buy-prescriptionz.com, on eritt\u00e4in vaarallista ja laitonta useimmissa laink\u00e4ytt\u00f6alueissa sen korkean myrkyllisyyden ja v\u00e4\u00e4rink\u00e4ytt\u00f6mahdollisuuden vuoksi. Kaliumsyanidi on valvottu aine, ja sen hankkiminen ilman asianmukaista lupaa on kielletty. T\u00e4llaiseen toimintaan osallistuminen voi johtaa vakaviin oikeudellisiin seurauksiin ja aiheuttaa merkitt\u00e4vi\u00e4 terveysriskej\u00e4. Kaikissa oikeutetuissa tapauksissa ota yhteytt\u00e4 ammattilaisiin ja laillisiin kanaviin varmistaaksesi turvallisuuden ja m\u00e4\u00e4r\u00e4ysten noudattamisen. Aseta turvallisuus ja laillisuus etusijalle mukavuuden tai luvattoman p\u00e4\u00e4syn vaarallisiin aineisiin edelle.<\/p>\n<h3>Kaliumsyanidi (1g) Verkkokuvaus<\/h3>\n<p>KALIUMISIANIDITIEDOT (1G)<br \/>\nKaliumsyanidi (1 g) on myrkyllinen ja vaarallinen aine. T\u00e4lle l\u00e4\u00e4kkeelle voi olla muitakin k\u00e4ytt\u00f6tarkoituksia, joita ei ole lueteltu t\u00e4ss\u00e4.<\/p>\n<p>MITEN K\u00c4YTET\u00c4\u00c4N K\u00c4YT\u00c4 1 G KALIUMSYANIDIA?<\/p>\n<p>Jos l\u00e4\u00e4k\u00e4risi suosittelee, sinun tulee ottaa kaliumsyanidia (1 g). Jos k\u00e4yt\u00e4t t\u00e4t\u00e4 l\u00e4\u00e4kett\u00e4, tarkista aina l\u00e4\u00e4k\u00e4rilt\u00e4si. Lue my\u00f6s l\u00e4\u00e4kityssuosituksemme tartunnan saaneille.<\/p>\n<p>Voit ottaa yhteytt\u00e4 verkkoapteekkiimme ostaaksesi kaliumsyanidia (1 g). T\u00e4m\u00e4 l\u00e4\u00e4ke on saatavilla t\u00e4\u00e4lt\u00e4 edulliseen hintaan. Tee ostoksesi heti!<\/p>\n<p>Jos olet perehtynyt muoviin, ajattelet todenn\u00e4k\u00f6isesti kaliumsyanidia. Jos olet koskaan n\u00e4hnyt tai lukenut jotain toisesta maailmansodasta, tied\u00e4t todenn\u00e4k\u00f6isesti, ett\u00e4 sotaupseerit k\u00e4yttiv\u00e4t kaliumsyanidia tappaakseen itsens\u00e4 tai muita. Natsipuolueen sotilaat ja Musta k\u00e4si ovat tunnetuimpia. Olen listannut muutamia merkitt\u00e4vi\u00e4 hahmoja, jotka olen tavannut.<\/p>\n<h3>Mik\u00e4 on kaliumsyanidi koko p\u00e4iv\u00e4n kemisti?<\/h3>\n<p>Buyprescriptionz.com on verkkosivusto, joka myy reseptil\u00e4\u00e4kkeit\u00e4. Eritt\u00e4in tappava esine toimii vapauttamalla syanidivety\u00e4, joka on my\u00f6s eritt\u00e4in myrkyllist\u00e4 ja rajoittaa kehosi kyky\u00e4 k\u00e4ytt\u00e4\u00e4 happea. On vaarallista altistaa itsesi kaliumsyanidille. Sen vaikutukset tuntuvat kaikkialla kehossa, erityisesti alhaisille happitasoille herkiss\u00e4 elimiss\u00e4, kuten syd\u00e4n- ja verisuonij\u00e4rjestelm\u00e4 (suonet ja syd\u00e4n), keskittynyt aistij\u00e4rjestelm\u00e4, joka sis\u00e4lt\u00e4\u00e4 \u00e4lyn, ja aspiraatioj\u00e4rjestelm\u00e4 (keuhkot). hopean ja kullan uuttaminen metalleista ja galvanointi ovat joitakin kaliumsyanidin kaupallisia k\u00e4ytt\u00f6tarkoituksia. Syaanivetykaasun mantelimainen tuoksu on ainutlaatuinen. Koska monet ihmiset eiv\u00e4t kuitenkaan pysty havaitsemaan sit\u00e4, se ei kuitenkaan anna riitt\u00e4v\u00e4\u00e4 varoitusta, joten siit\u00e4 on tulossa yh\u00e4 haitallisempi.<\/p>\n<h3>Ty\u00f6paikat<\/h3>\n<p>Jos olet koskaan kuullut kaliumsyanidista, yksi ensimm\u00e4isist\u00e4 mieleen tulevista asioista on itsemurha. Syyn\u00e4 on, ett\u00e4 siit\u00e4 on tullut yksi hyv\u00e4ksytyimmist\u00e4 strategioista p\u00e4\u00e4tt\u00e4\u00e4 el\u00e4m\u00e4si v\u00e4hitellen ja julmasti. Suuren KCN-m\u00e4\u00e4r\u00e4n nauttimisella on tappava vaikutus, joka tappaa sinut.<\/p>\n<p>Kaivosteollisuudessa kalium auttaa kullan ja muiden t\u00e4rkeiden metallien louhinnassa. Joka tapauksessa useiden t\u00e4rkeiden muovien, synteettisten materiaalien ja l\u00e4\u00e4kkeiden luonnollinen yhdiste ja suunnittelu on p\u00e4\u00e4sovellus. Joihinkin sovelluksiin kuuluvat kaasutus, valokuvaus, galvanointi ja ruiskutus.<\/p>\n<h3>Miten kaliumsyanidi toimii?<\/h3>\n<p>Se vaikuttaa hengityselimiin ja aiheuttaa esimerkiksi hengitysvaikeuksia. Kun KCN p\u00e4\u00e4see kehoosi, se muodostaa liukenemattoman sidoksen sytokromi c -oksidaasin kanssa, joka on elektronin vastaanottaja ja h\u00e4iritsee solun elektroninsiirtoketjua. T\u00e4m\u00e4n seurauksena solut eiv\u00e4t pysty hy\u00f6dynt\u00e4m\u00e4\u00e4n veren happea, mik\u00e4 tarkoittaa, ett\u00e4 ne eiv\u00e4t pysty tuottamaan kehosi tarvitsemaa elinvoimaa. Uneliaisuus on yksi pienten ja suorien kaliumsyanidiannosten sivuvaikutuksista. Aivovaivat ja -kipu sek\u00e4 rentoutumisvaikeudet. Kun loukkaantunut henkil\u00f6 altistuu suurille ruokam\u00e4\u00e4rille, h\u00e4n todenn\u00e4k\u00f6isesti menett\u00e4\u00e4 tunnollisuutensa l\u00e4hes v\u00e4litt\u00f6m\u00e4sti. Transsin kaltaisen tilan j\u00e4lkeen henkil\u00f6 voi saada kouristuskohtauksia ennen kuolemaansa. Runsaan glukoosin ottaminen on yksi tapa torjua kaliumsyanidin vaikutuksia. Glukoosi sitoutuu nopeasti syanidiin, jotta se voi olla vuorovaikutuksessa solujen kanssa. Joka tapauksessa ei ole takeita siit\u00e4, ett\u00e4 glukoosi lievent\u00e4\u00e4 syanidin vaikutuksia. Sill\u00e4 on kuitenkin potentiaalia v\u00e4hent\u00e4\u00e4 vaikutuksia.<\/p>\n<h3>Mit\u00e4 sivuvaikutuksia KCN:n vahingoittumisesta\/yliannostuksesta on?<\/h3>\n<p>Jos posket ovat punertavat tai vaaleanpunaiset, silm\u00e4t turvonneet tai punaiset ja vakavissa tapauksissa ihosi v\u00e4rj\u00e4ytyy hieman sinert\u00e4v\u00e4ksi, on hyv\u00e4t mahdollisuudet, ett\u00e4 k\u00e4rsit KCN-vaurioista. Kaliumsyanidin tablettimuoto on eritt\u00e4in hyvin harkittu, ja yliannostus johtaa kuolemaan. Uuttaminen, galvanointi, savustus ja valokuvaus ovat kaliumsyanidin tunnetuimpia k\u00e4ytt\u00f6tarkoituksia.<\/p>\n<h3>Mitk\u00e4 ovat kaliumsyanidin oireet?<\/h3>\n<p>Kuten aiemmin mainittiin, kaliumsyanidi, kuten natriumsyanidikin, on tappavaa ja haitallista. Jos nautit KCN:\u00e4\u00e4, se on nopeasti vaikuttava myrkky, jota voidaan k\u00e4ytt\u00e4\u00e4 pienin\u00e4 annoksina. Altistuminen suurille KCN-m\u00e4\u00e4rille on my\u00f6s vaarallista, koska se vapauttaa vaarallista HCN-kaasua, joka on tappavaa hengitettyn\u00e4. Jos altistat ihosi KCN:lle, koet polttavan tunteen, kudosvaurioita, ahdistusta ja h\u00e4iri\u00f6it\u00e4. Lis\u00e4ksi KCN:ll\u00e4 voi ihon l\u00e4pi imeytyess\u00e4\u00e4n olla myrkyllinen vaikutus koko kehoon.<\/p>\n<p><strong>Kun avaat silm\u00e4si ja n\u00e4et KCN:\u00e4\u00e4, tunnet kipua, punoitusta, vakavia palovammoja ja kudosvaurioita silm\u00e4ss\u00e4.<\/strong><\/p>\n<p>Jos nautit KCN:\u00e4\u00e4, sinulla on vatsakipua, r\u00f6yht\u00e4ily\u00e4, pahoinvointia ja ruoansulatush\u00e4iri\u00f6it\u00e4 tai mahan turvotusta. KCN:n hengitt\u00e4misell\u00e4 on omat oireensa. Hermostuneisuus, h\u00e4mmennys, heikkous, aivokipu, uneliaisuus ja tajuttomuus, syd\u00e4mentykytys, hengenahdistus ja hengenahdistus ovat lievi\u00e4 tai suoria vaikutuksia, jotka muuttavat juomisen, sylkemisen ja pahoinvoinnin nopeutta. Kouristukset, transsitilat, suurentuneet vatsat, syd\u00e4men rytmin h\u00e4mmennys, horrostila, vakavasti alhainen pulssi, syd\u00e4men vajaatoiminta, ep\u00e4normaalin nopeat, eritt\u00e4in kohtalaiset hengitykset, aspiraatio\u00f6deema, laajentuneet pupillit, ohimenev\u00e4t n\u00e4k\u00f6h\u00e4iri\u00f6t, hengitysvajaus ja neste keuhkoissa ovat vain joitakin vakavammista seurauksista. Lopuksi, ensisijainen aistij\u00e4rjestelm\u00e4si on alttiimpi syanidimyrkytykselle. Syd\u00e4n- ja verisuonij\u00e4rjestelm\u00e4 on herkempi ja vaatii suurempia syanidipitoisuuksia samojen vaikutusten aikaansaamiseksi kuin keskushermosto. Ihosi on m\u00e4rk\u00e4, viile\u00e4 ja hikinen, jos olet k\u00e4rsinyt vakavasta myrkytyksest\u00e4. 100 GRAMMAN kaliumsyanidin k\u00e4ytt\u00f6 l\u00e4ht\u00f6kohtana johtaa nopeaan ja kivuttomaan paranemiseen. , Kaliumsyanidi (1 g) verkossa.<\/p>\n<h3>Mist\u00e4 kaliumsyanidia voisi ostaa?<\/h3>\n<p>Kohtuullisina annoksina kaliumsyanidia voi ostaa verkosta erilaisina annosmuotoina, yleisimpi\u00e4 ovat tabletit. Joka tapauksessa asiakkaiden tulee olla \u00e4\u00e4rimm\u00e4isen varovaisia \u200b\u200bostaessaan KCN:\u00e4\u00e4 internetist\u00e4. Varmista aina, ett\u00e4 olet tekemisiss\u00e4 aidon ostajan kanssa. Yksi tapa tehd\u00e4 t\u00e4m\u00e4 on tehd\u00e4 niin monta kysely\u00e4 kuin koet tarpeelliseksi. Kun suuri m\u00e4\u00e4r\u00e4 ihmisi\u00e4 saapuu samaan aikaan,<\/p>\n<h3>Miksi ostaa meilt\u00e4<\/h3>\n<p>Olemme luotettava ja varma syanidikauppa l\u00e4hell\u00e4si. Ymm\u00e4rr\u00e4mme, ett\u00e4 laadukkaan ja kohtuullisen KCN:n tulisi olla helposti saatavilla. Myymme vain parasta mahdollista syanidia, mit\u00e4 markkinoilta l\u00f6ytyy. Meilt\u00e4 ostaminen on kuin asettautuisi muiden edelle. Sinun onnesi on meid\u00e4n tyytyv\u00e4isyytemme, siksi tarjoamme asiakaspalvelua yst\u00e4v\u00e4llisesti ja nopeasti, jotta pysyt tyytyv\u00e4isen\u00e4, olitpa sitten uusi tai palaava asiakas. Takaamme aina, ett\u00e4 hintamme ovat alhaiset ja pillereiden idea on paras mahdollinen. Varastossamme on laadukasta kaliumsyanidia, jota jopa me itse tarjoamme mielell\u00e4mme. <a href=\"https:\/\/en.wikipedia.org\/wiki\/Potassium_cyanide\">ostaa<\/a>.<\/p>\n<p>Miten saada syanidia netist\u00e4 Bangaloressa<br \/>\nOnko minun mahdollista myyd\u00e4 kaliumsyanidia verkossa?<br \/>\nMist\u00e4 l\u00f6yd\u00e4n kaliumsyanidia Yhdysvalloissa?<br \/>\nMist\u00e4 voin l\u00f6yt\u00e4\u00e4 syanidia? Miksi sen ostaminen on rajoitettua?<\/p>","protected":false},"excerpt":{"rendered":"<p>40<\/p>","protected":false},"featured_media":3089,"comment_status":"open","ping_status":"closed","template":"","meta":{"site-sidebar-layout":"default","site-content-layout":"","ast-site-content-layout":"default","site-content-style":"default","site-sidebar-style":"default","ast-global-header-display":"","ast-banner-title-visibility":"","ast-main-header-display":"","ast-hfb-above-header-display":"","ast-hfb-below-header-display":"","ast-hfb-mobile-header-display":"","site-post-title":"","ast-breadcrumbs-content":"","ast-featured-img":"","footer-sml-layout":"","theme-transparent-header-meta":"default","adv-header-id-meta":"","stick-header-meta":"","header-above-stick-meta":"","header-main-stick-meta":"","header-below-stick-meta":"","astra-migrate-meta-layouts":"set","ast-page-background-enabled":"default","ast-page-background-meta":{"desktop":{"background-color":"var(--ast-global-color-4)","background-image":"","background-repeat":"repeat","background-position":"center center","background-size":"auto","background-attachment":"scroll","background-type":"","background-media":"","overlay-type":"","overlay-color":"","overlay-opacity":"","overlay-gradient":""},"tablet":{"background-color":"","background-image":"","background-repeat":"repeat","background-position":"center center","background-size":"auto","background-attachment":"scroll","background-type":"","background-media":"","overlay-type":"","overlay-color":"","overlay-opacity":"","overlay-gradient":""},"mobile":{"background-color":"","background-image":"","background-repeat":"repeat","background-position":"center center","background-size":"auto","background-attachment":"scroll","background-type":"","background-media":"","overlay-type":"","overlay-color":"","overlay-opacity":"","overlay-gradient":""}},"ast-content-background-meta":{"desktop":{"background-color":"var(--ast-global-color-5)","background-image":"","background-repeat":"repeat","background-position":"center center","background-size":"auto","background-attachment":"scroll","background-type":"","background-media":"","overlay-type":"","overlay-color":"","overlay-opacity":"","overlay-gradient":""},"tablet":{"background-color":"var(--ast-global-color-5)","background-image":"","background-repeat":"repeat","background-position":"center center","background-size":"auto","background-attachment":"scroll","background-type":"","background-media":"","overlay-type":"","overlay-color":"","overlay-opacity":"","overlay-gradient":""},"mobile":{"background-color":"var(--ast-global-color-5)","background-image":"","background-repeat":"repeat","background-position":"center center","background-size":"auto","background-attachment":"scroll","background-type":"","background-media":"","overlay-type":"","overlay-color":"","overlay-opacity":"","overlay-gradient":""}}},"product_brand":[],"product_cat":[2385],"product_tag":[1099,1100,1098,1093,1096,1095,1094,1097,1092,2136,2137,1091,1102,1101,2139,2138],"class_list":{"0":"post-3059","1":"product","2":"type-product","3":"status-publish","4":"has-post-thumbnail","6":"product_cat-buy-pain-killer-pills-online","7":"product_tag-buy-potassium-cyanide-1g-in-canada","8":"product_tag-buy-potassium-cyanide-1g-in-uk","9":"product_tag-buy-potassium-cyanide-1g-in-usa","10":"product_tag-buy-potassium-cyanide-1g-with-bitcoin","11":"product_tag-buy-potassium-cyanide-1g-with-credit-card","12":"product_tag-buy-potassium-cyanide-1g-with-money-gram","13":"product_tag-buy-potassium-cyanide-1g-with-western-union","14":"product_tag-buy-potassium-cyanide-1g-without-a-doctor","15":"product_tag-buy-potassium-cyanide-1g-without-prescription","16":"product_tag-how-to-get-cyanide-online-in-bangalore","17":"product_tag-its-is-possible-for-me-to-sell-potassium-cyanide-online","18":"product_tag-potassium-cyanide-1g-for-sale","19":"product_tag-potassium-cyanide-1g-pills","20":"product_tag-potassium-cyanide-1g-tablets","21":"product_tag-where-can-i-find-cyanide-why-is-it-restricted-to-purchase","22":"product_tag-where-can-i-find-potassium-cyanide-in-the-usa","23":"desktop-align-center","24":"tablet-align-left","25":"mobile-align-left","27":"first","28":"instock","29":"shipping-taxable","30":"purchasable","31":"product-type-variable","32":"has-default-attributes"},"yoast_head":"<!-- This site is optimized with the Yoast SEO plugin v25.9 - https:\/\/yoast.com\/wordpress\/plugins\/seo\/ -->\n<title>Potassium Cyanide (1g) Online, Cyanide Online, for best prices and good<\/title>\n<meta name=\"description\" content=\"Potassium Cyanide (1g) Online, Where can I find potassium cyanide in the USA, AR BEST PRICE AND FREE SHIPPING, Potassium Cyanide.\" \/>\n<meta name=\"robots\" content=\"index, follow, max-snippet:-1, max-image-preview:large, max-video-preview:-1\" \/>\n<link rel=\"canonical\" href=\"https:\/\/buy-prescriptionz.com\/fi\/tuote\/kalium-syanidi-1-g\/\" \/>\n<meta property=\"og:locale\" content=\"fi_FI\" \/>\n<meta property=\"og:type\" content=\"article\" \/>\n<meta property=\"og:title\" content=\"Potassium Cyanide (1g) Online, Cyanide Online, for best prices and good\" \/>\n<meta property=\"og:description\" content=\"Potassium Cyanide (1g) Online, Where can I find potassium cyanide in the USA, AR BEST PRICE AND FREE SHIPPING, Potassium Cyanide.\" \/>\n<meta property=\"og:url\" content=\"https:\/\/buy-prescriptionz.com\/fi\/tuote\/kalium-syanidi-1-g\/\" \/>\n<meta property=\"og:site_name\" content=\"Buy Prescriptionz\" \/>\n<meta property=\"article:modified_time\" content=\"2025-09-26T14:10:43+00:00\" \/>\n<meta property=\"og:image\" content=\"https:\/\/buy-prescriptionz.com\/wp-content\/uploads\/2025\/09\/potassium-cyanide-1g.jpg\" \/>\n\t<meta property=\"og:image:width\" content=\"400\" \/>\n\t<meta property=\"og:image:height\" content=\"300\" \/>\n\t<meta property=\"og:image:type\" content=\"image\/jpeg\" \/>\n<meta name=\"twitter:card\" content=\"summary_large_image\" \/>\n<meta name=\"twitter:label1\" content=\"Arvioitu lukuaika\" \/>\n\t<meta name=\"twitter:data1\" content=\"7 minuuttia\" \/>\n<script type=\"application\/ld+json\" class=\"yoast-schema-graph\">{\"@context\":\"https:\/\/schema.org\",\"@graph\":[{\"@type\":\"WebPage\",\"@id\":\"https:\/\/buy-prescriptionz.com\/product\/potassium-cyanide-1g\/\",\"url\":\"https:\/\/buy-prescriptionz.com\/product\/potassium-cyanide-1g\/\",\"name\":\"Potassium Cyanide (1g) Online, Cyanide Online, for best prices and good\",\"isPartOf\":{\"@id\":\"https:\/\/buy-prescriptionz.com\/#website\"},\"primaryImageOfPage\":{\"@id\":\"https:\/\/buy-prescriptionz.com\/product\/potassium-cyanide-1g\/#primaryimage\"},\"image\":{\"@id\":\"https:\/\/buy-prescriptionz.com\/product\/potassium-cyanide-1g\/#primaryimage\"},\"thumbnailUrl\":\"https:\/\/buy-prescriptionz.com\/wp-content\/uploads\/2025\/09\/potassium-cyanide-1g.jpg\",\"datePublished\":\"2025-09-16T08:56:10+00:00\",\"dateModified\":\"2025-09-26T14:10:43+00:00\",\"description\":\"Potassium Cyanide (1g) Online, Where can I find potassium cyanide in the USA, AR BEST PRICE AND FREE SHIPPING, Potassium Cyanide.\",\"breadcrumb\":{\"@id\":\"https:\/\/buy-prescriptionz.com\/product\/potassium-cyanide-1g\/#breadcrumb\"},\"inLanguage\":\"fi\",\"potentialAction\":[{\"@type\":\"ReadAction\",\"target\":[\"https:\/\/buy-prescriptionz.com\/product\/potassium-cyanide-1g\/\"]}]},{\"@type\":\"ImageObject\",\"inLanguage\":\"fi\",\"@id\":\"https:\/\/buy-prescriptionz.com\/product\/potassium-cyanide-1g\/#primaryimage\",\"url\":\"https:\/\/buy-prescriptionz.com\/wp-content\/uploads\/2025\/09\/potassium-cyanide-1g.jpg\",\"contentUrl\":\"https:\/\/buy-prescriptionz.com\/wp-content\/uploads\/2025\/09\/potassium-cyanide-1g.jpg\",\"width\":400,\"height\":300},{\"@type\":\"BreadcrumbList\",\"@id\":\"https:\/\/buy-prescriptionz.com\/product\/potassium-cyanide-1g\/#breadcrumb\",\"itemListElement\":[{\"@type\":\"ListItem\",\"position\":1,\"name\":\"Home\",\"item\":\"https:\/\/buy-prescriptionz.com\/\"},{\"@type\":\"ListItem\",\"position\":2,\"name\":\"Shop Painkillers Online\",\"item\":\"https:\/\/buy-prescriptionz.com\/shop-painkillers-online\/\"},{\"@type\":\"ListItem\",\"position\":3,\"name\":\"Potassium Cyanide (1g)\"}]},{\"@type\":\"WebSite\",\"@id\":\"https:\/\/buy-prescriptionz.com\/#website\",\"url\":\"https:\/\/buy-prescriptionz.com\/\",\"name\":\"Buy Prescriptionz\",\"description\":\"Drugs Online\",\"publisher\":{\"@id\":\"https:\/\/buy-prescriptionz.com\/#organization\"},\"potentialAction\":[{\"@type\":\"SearchAction\",\"target\":{\"@type\":\"EntryPoint\",\"urlTemplate\":\"https:\/\/buy-prescriptionz.com\/?s={search_term_string}\"},\"query-input\":{\"@type\":\"PropertyValueSpecification\",\"valueRequired\":true,\"valueName\":\"search_term_string\"}}],\"inLanguage\":\"fi\"},{\"@type\":\"Organization\",\"@id\":\"https:\/\/buy-prescriptionz.com\/#organization\",\"name\":\"Buy Prescriptionz\",\"url\":\"https:\/\/buy-prescriptionz.com\/\",\"logo\":{\"@type\":\"ImageObject\",\"inLanguage\":\"fi\",\"@id\":\"https:\/\/buy-prescriptionz.com\/#\/schema\/logo\/image\/\",\"url\":\"https:\/\/buy-prescriptionz.com\/wp-content\/uploads\/2023\/09\/logo.png\",\"contentUrl\":\"https:\/\/buy-prescriptionz.com\/wp-content\/uploads\/2023\/09\/logo.png\",\"width\":350,\"height\":64,\"caption\":\"Buy Prescriptionz\"},\"image\":{\"@id\":\"https:\/\/buy-prescriptionz.com\/#\/schema\/logo\/image\/\"}}]}<\/script>\n<!-- \/ Yoast SEO plugin. -->","yoast_head_json":{"title":"Kaliumsyanidia (1 g) verkossa, syanidia verkossa, parhaaseen hintaan ja hyv\u00e4\u00e4n hintaan","description":"Kaliumsyanidi (1 g) verkossa, Mist\u00e4 l\u00f6yd\u00e4n kaliumsyanidia Yhdysvalloissa, PARAS HINTA JA ILMAINEN TOIMITUS, Kaliumsyanidi.","robots":{"index":"index","follow":"follow","max-snippet":"max-snippet:-1","max-image-preview":"max-image-preview:large","max-video-preview":"max-video-preview:-1"},"canonical":"https:\/\/buy-prescriptionz.com\/fi\/tuote\/kalium-syanidi-1-g\/","og_locale":"fi_FI","og_type":"article","og_title":"Potassium Cyanide (1g) Online, Cyanide Online, for best prices and good","og_description":"Potassium Cyanide (1g) Online, Where can I find potassium cyanide in the USA, AR BEST PRICE AND FREE SHIPPING, Potassium Cyanide.","og_url":"https:\/\/buy-prescriptionz.com\/fi\/tuote\/kalium-syanidi-1-g\/","og_site_name":"Buy Prescriptionz","article_modified_time":"2025-09-26T14:10:43+00:00","og_image":[{"width":400,"height":300,"url":"https:\/\/buy-prescriptionz.com\/wp-content\/uploads\/2025\/09\/potassium-cyanide-1g.jpg","type":"image\/jpeg"}],"twitter_card":"summary_large_image","twitter_misc":{"Arvioitu lukuaika":"7 minuuttia"},"schema":{"@context":"https:\/\/schema.org","@graph":[{"@type":"WebPage","@id":"https:\/\/buy-prescriptionz.com\/product\/potassium-cyanide-1g\/","url":"https:\/\/buy-prescriptionz.com\/product\/potassium-cyanide-1g\/","name":"Kaliumsyanidia (1 g) verkossa, syanidia verkossa, parhaaseen hintaan ja hyv\u00e4\u00e4n hintaan","isPartOf":{"@id":"https:\/\/buy-prescriptionz.com\/#website"},"primaryImageOfPage":{"@id":"https:\/\/buy-prescriptionz.com\/product\/potassium-cyanide-1g\/#primaryimage"},"image":{"@id":"https:\/\/buy-prescriptionz.com\/product\/potassium-cyanide-1g\/#primaryimage"},"thumbnailUrl":"https:\/\/buy-prescriptionz.com\/wp-content\/uploads\/2025\/09\/potassium-cyanide-1g.jpg","datePublished":"2025-09-16T08:56:10+00:00","dateModified":"2025-09-26T14:10:43+00:00","description":"Kaliumsyanidi (1 g) verkossa, Mist\u00e4 l\u00f6yd\u00e4n kaliumsyanidia Yhdysvalloissa, PARAS HINTA JA ILMAINEN TOIMITUS, Kaliumsyanidi.","breadcrumb":{"@id":"https:\/\/buy-prescriptionz.com\/product\/potassium-cyanide-1g\/#breadcrumb"},"inLanguage":"fi","potentialAction":[{"@type":"ReadAction","target":["https:\/\/buy-prescriptionz.com\/product\/potassium-cyanide-1g\/"]}]},{"@type":"ImageObject","inLanguage":"fi","@id":"https:\/\/buy-prescriptionz.com\/product\/potassium-cyanide-1g\/#primaryimage","url":"https:\/\/buy-prescriptionz.com\/wp-content\/uploads\/2025\/09\/potassium-cyanide-1g.jpg","contentUrl":"https:\/\/buy-prescriptionz.com\/wp-content\/uploads\/2025\/09\/potassium-cyanide-1g.jpg","width":400,"height":300},{"@type":"BreadcrumbList","@id":"https:\/\/buy-prescriptionz.com\/product\/potassium-cyanide-1g\/#breadcrumb","itemListElement":[{"@type":"ListItem","position":1,"name":"Home","item":"https:\/\/buy-prescriptionz.com\/"},{"@type":"ListItem","position":2,"name":"Shop Painkillers Online","item":"https:\/\/buy-prescriptionz.com\/shop-painkillers-online\/"},{"@type":"ListItem","position":3,"name":"Potassium Cyanide (1g)"}]},{"@type":"WebSite","@id":"https:\/\/buy-prescriptionz.com\/#website","url":"https:\/\/buy-prescriptionz.com\/","name":"Buy Prescriptionz","description":"Huumeet verkossa","publisher":{"@id":"https:\/\/buy-prescriptionz.com\/#organization"},"potentialAction":[{"@type":"SearchAction","target":{"@type":"EntryPoint","urlTemplate":"https:\/\/buy-prescriptionz.com\/?s={search_term_string}"},"query-input":{"@type":"PropertyValueSpecification","valueRequired":true,"valueName":"search_term_string"}}],"inLanguage":"fi"},{"@type":"Organization","@id":"https:\/\/buy-prescriptionz.com\/#organization","name":"Buy Prescriptionz","url":"https:\/\/buy-prescriptionz.com\/","logo":{"@type":"ImageObject","inLanguage":"fi","@id":"https:\/\/buy-prescriptionz.com\/#\/schema\/logo\/image\/","url":"https:\/\/buy-prescriptionz.com\/wp-content\/uploads\/2023\/09\/logo.png","contentUrl":"https:\/\/buy-prescriptionz.com\/wp-content\/uploads\/2023\/09\/logo.png","width":350,"height":64,"caption":"Buy Prescriptionz"},"image":{"@id":"https:\/\/buy-prescriptionz.com\/#\/schema\/logo\/image\/"}}]}},"_links":{"self":[{"href":"https:\/\/buy-prescriptionz.com\/fi\/wp-json\/wp\/v2\/product\/3059","targetHints":{"allow":["GET"]}}],"collection":[{"href":"https:\/\/buy-prescriptionz.com\/fi\/wp-json\/wp\/v2\/product"}],"about":[{"href":"https:\/\/buy-prescriptionz.com\/fi\/wp-json\/wp\/v2\/types\/product"}],"replies":[{"embeddable":true,"href":"https:\/\/buy-prescriptionz.com\/fi\/wp-json\/wp\/v2\/comments?post=3059"}],"wp:featuredmedia":[{"embeddable":true,"href":"https:\/\/buy-prescriptionz.com\/fi\/wp-json\/wp\/v2\/media\/3089"}],"wp:attachment":[{"href":"https:\/\/buy-prescriptionz.com\/fi\/wp-json\/wp\/v2\/media?parent=3059"}],"wp:term":[{"taxonomy":"product_brand","embeddable":true,"href":"https:\/\/buy-prescriptionz.com\/fi\/wp-json\/wp\/v2\/product_brand?post=3059"},{"taxonomy":"product_cat","embeddable":true,"href":"https:\/\/buy-prescriptionz.com\/fi\/wp-json\/wp\/v2\/product_cat?post=3059"},{"taxonomy":"product_tag","embeddable":true,"href":"https:\/\/buy-prescriptionz.com\/fi\/wp-json\/wp\/v2\/product_tag?post=3059"}],"curies":[{"name":"wp","href":"https:\/\/api.w.org\/{rel}","templated":true}]}}