{"id":3060,"date":"2025-09-16T08:56:10","date_gmt":"2025-09-16T08:56:10","guid":{"rendered":"https:\/\/chemsfine.com\/newsite\/?post_type=product&#038;p=3060"},"modified":"2025-09-24T14:15:45","modified_gmt":"2025-09-24T14:15:45","slug":"osta-oxycontin-verkosta","status":"publish","type":"product","link":"https:\/\/buy-prescriptionz.com\/fi\/tuote\/osta-oxycontin-verkosta\/","title":{"rendered":"Osta Oxycontin Online"},"content":{"rendered":"<h1>Osta Oxycontin Online<\/h1>\n<p>T\u00e4t\u00e4 l\u00e4\u00e4kett\u00e4 k\u00e4ytet\u00e4\u00e4n vakavan, pitk\u00e4aikaisen kivun, kuten sy\u00f6v\u00e4n aiheuttaman, lievitt\u00e4miseen. Oksikodoni on opioidipuudutteinen kipul\u00e4\u00e4ke. Se muuttaa aivoissa sit\u00e4, miten kehosi tuntee ja aistii kipua. Sinun tulisi ottaa l\u00e4\u00e4kkeen vahvempia muotoja (yli 40 milligrammaa pilleri\u00e4 kohden) vain, jos olet s\u00e4\u00e4nn\u00f6llisesti k\u00e4ytt\u00e4nyt kohtalaisia \u200b\u200btai suuria m\u00e4\u00e4ri\u00e4 opioidikipul\u00e4\u00e4kett\u00e4. Jos joku, joka ei ole k\u00e4ytt\u00e4nyt kipul\u00e4\u00e4kkeit\u00e4 s\u00e4\u00e4nn\u00f6llisesti, ottaa n\u00e4it\u00e4 m\u00e4\u00e4ri\u00e4, h\u00e4n voi ottaa yliannostuksen ja jopa kuolla. Oksikodonia depotmuotoisena ei tule k\u00e4ytt\u00e4\u00e4 liev\u00e4n kivun tai muutamassa p\u00e4iv\u00e4ss\u00e4 h\u00e4vi\u00e4v\u00e4n kivun hoitoon. Sinun ei tule k\u00e4ytt\u00e4\u00e4 t\u00e4t\u00e4 l\u00e4\u00e4kett\u00e4 \"tarvittaessa\" tai vain joskus.<\/p>\n<h2>Osta Oxycontin Online-tiede OxyCotinista<\/h2>\n<p>T\u00e4m\u00e4n l\u00e4\u00e4kkeen atomikuormaksi on m\u00e4\u00e4ritetty 315,364 g\/mol. L\u00e4\u00e4kkeiden varastointil\u00e4mp\u00f6tila on joko huoneenl\u00e4mp\u00f6tila tai 20-25oC. Jotta l\u00e4\u00e4kitys s\u00e4ilyisi pitk\u00e4\u00e4n, sit\u00e4 suositellaan s\u00e4ilytett\u00e4v\u00e4ksi alhaisessa l\u00e4mp\u00f6tilassa - 20oC:ssa, kun taas t\u00e4m\u00e4n l\u00e4\u00e4kkeen hiukkasten s\u00e4ilyvyyden tiedet\u00e4\u00e4n olevan yht\u00e4 pitk\u00e4 tai huomattavampi kuin muutama vuosi.<\/p>\n<p>Morfiinisulfaatin synteettiset reseptit ovat C18H21NO4.<\/p>\n<h3>Millaisia \u200b\u200boksikodoneja on olemassa?<\/h3>\n<p>Oksikodonia on saatavilla monilla nimill\u00e4, kuten Endone, OxyContin ja OxyNorm. Sit\u00e4 on saatavilla eri m\u00e4\u00e4rin\u00e4 ja tyyppein\u00e4, kuten: per\u00e4puikkoina, tabletteina, pillerein\u00e4 ja juomina. Jotkut seokset vaikuttavat heti. Jotkut kontrolloidusti vapauttavat l\u00e4\u00e4kkeet vaikuttavat hitaammin, joten niiden hy\u00f6dyt kest\u00e4v\u00e4t pidemp\u00e4\u00e4n. Paras oksikodoni on saatavilla vain l\u00e4\u00e4k\u00e4rin reseptill\u00e4.<\/p>\n<h3>Mitk\u00e4 muut l\u00e4\u00e4kkeet voivat heikent\u00e4\u00e4 OxyContinin tehoa?<\/h3>\n<p>Jotkut l\u00e4\u00e4kkeet voivat vaikeuttaa hengityst\u00e4 tai aiheuttaa vieroitusoireita, jos aloitat tai lopetat niiden k\u00e4yt\u00f6n. Jos k\u00e4yt\u00e4t my\u00f6s antibioottia, sienil\u00e4\u00e4kett\u00e4, syd\u00e4n- tai verenpainel\u00e4\u00e4kett\u00e4, kouristusl\u00e4\u00e4kett\u00e4 tai HIV- tai hepatiitti C -l\u00e4\u00e4kett\u00e4, sinun tulee kertoa siit\u00e4 l\u00e4\u00e4k\u00e4rillesi.<\/p>\n<p>Jos olet k\u00e4ytt\u00e4nyt t\u00e4t\u00e4 l\u00e4\u00e4kett\u00e4 pitk\u00e4\u00e4n tai suuria m\u00e4\u00e4ri\u00e4, sen \u00e4killinen lopettaminen voi johtaa vieroitusoireisiin. L\u00e4\u00e4k\u00e4risi saattaa pienent\u00e4\u00e4 annostasi hitaasti est\u00e4\u00e4kseen vieroitusoireita. Kerro l\u00e4\u00e4k\u00e4rillesi tai apteekkiin heti, jos sinulla on vieroitusoireita, kuten levottomuutta, mielentilan tai mielialan muutoksia (kuten huolta, univaikeuksia tai itsemurha-ajatuksia), vetisi\u00e4 silmi\u00e4 tai punaista nen\u00e4\u00e4, pahoinvointia, ripulia, hikoilua, lihaskipuja tai nopeita muutoksia k\u00e4ytt\u00e4ytymisess\u00e4si. Voit ostaa sen helposti parhaasta apteekista - Buy-Prescriptionz.com.<\/p>\n<h3>OxyCotinin k\u00e4ytt\u00f6<\/h3>\n<p>voi aiheuttaa riippuvuutta jopa normaaleilla annoksilla. Potilaiden tulee ottaa t\u00e4t\u00e4 l\u00e4\u00e4kityst\u00e4 juuri siten kuin asiantuntija on vahvistanut. Potilaiden ei pit\u00e4isi v\u00e4litt\u00e4\u00e4 sit\u00e4 muille henkil\u00f6ille. T\u00e4m\u00e4n l\u00e4\u00e4kityksen v\u00e4\u00e4rink\u00e4ytt\u00f6 voi aiheuttaa yliannostusta, kiinnittymist\u00e4 ja jopa ohimenev\u00e4\u00e4 vaikutusta erityisesti lapsille.<\/p>\n<p>L\u00e4\u00e4kityksen ottaminen raskauden aikana voi aiheuttaa vaarallisia vieroitusoireita syntym\u00e4tt\u00f6m\u00e4lle lapselle.<\/p>\n<p>Pysy kaukana viinasta t\u00e4m\u00e4n l\u00e4\u00e4kityksen k\u00e4yt\u00f6n aikana, koska se voi aiheuttaa tappavia reaktioita.<\/p>\n<p>Varmista, ett\u00e4 sied\u00e4t OxyContinia. Lis\u00e4ksi t\u00e4t\u00e4 l\u00e4\u00e4kityst\u00e4 ei pit\u00e4isi antaa lapsille, jotka ovat nuorempia kuin 11 vuotta.<\/p>\n<p>Ilmoita ensisijaiselle l\u00e4\u00e4k\u00e4rillesi mukana olevasta l\u00e4\u00e4kkeest\u00e4 varmistaaksesi, ett\u00e4 t\u00e4m\u00e4 l\u00e4\u00e4ke on sinulle ok<\/p>\n<p>Taustalla on aivokasvain, p\u00e4\u00e4vaurio tai kouristuskohtauksia.<\/p>\n<p>Taustalla on alkoholiorjuutta, rauhoittavaa pahoinpitely\u00e4 tai psyykkist\u00e4 ep\u00e4vakautta.<\/p>\n<p>Munuais- tai maksatulehdus<\/p>\n<p>Haiman, sappirakon tai kilpirauhasen ongelma.<\/p>\n<p>Jos k\u00e4yt\u00e4t mit\u00e4\u00e4n rauhoittavaa<\/p>\n<p>Asiakkaiden tulisi ottaa huomioon, ett\u00e4 pitk\u00e4aikainen k\u00e4ytt\u00f6 OxyContin voi vaikuttaa rikkaus kahden ihmisen. Ei ole olemassa mit\u00e4\u00e4n vakiintuneita tosiasioita siit\u00e4, ett\u00e4 n\u00e4m\u00e4 vaikutukset ovat pysyvi\u00e4.<\/p>\n<p>Imetys samalla kun k\u00e4yt\u00e4t OxyContinia ei ole suositeltavaa, koska oksikodoni voi siirty\u00e4 rintamaitoon ja aiheuttaa lapselle hengitysvaikeuksia tai hitautta.<\/p>\n<h3>OxyContinin reaktiot<\/h3>\n<p>Hakeudu hoitoon, kun huulet, kasvot, kurkku tai kieli turpoavat ja sinulla on rentoutumisvaikeuksia. Ohimeneminen voi tapahtua, jos hengitys on liian heikkoa. Oli miten oli, jos n\u00e4in tapahtuu, potilasta hoitavan henkil\u00f6n on haettava terapeuttista apua v\u00e4litt\u00f6m\u00e4sti. Eri merkit sis\u00e4lt\u00e4v\u00e4t pistem\u00e4isi\u00e4 alioppilaita ja ep\u00e4normaaleja sivuvaikutuksia, kuten h\u00e4mmennyst\u00e4, v\u00e4liin j\u00e4\u00e4vi\u00e4 kuukautisia, vakavia tukoksia, seksuaalisia kysymyksi\u00e4, kohtauksia, valkosilm\u00e4ist\u00e4 taipumusta ja joitakin muita.<\/p>\n<p>Toinen vakava reaktio on merkkej\u00e4 serotoniinih\u00e4iri\u00f6st\u00e4, kuten h\u00e4mmennyst\u00e4, levottomuutta, kuumetta, rintakipua, lihasten kiinteytt\u00e4, hengenahdistusta, hikoilua, k\u00e4velyvaikeuksia ja haurautta.<\/p>\n<p>Vanhemmat, pyyhkiytyneet, toimintakyvytt\u00f6m\u00e4t tai aliravitut kohtaavat varmasti tappavia oireita.<\/p>\n<h3>Oksikodoniannos<\/h3>\n<p>Aikuisille tarkoitettu vakioannos - CR (controlled discharge) on 10 mg, joka otetaan kellon ymp\u00e4ri. CR pahanlaatuisille potilaille, jotka valvovat tuskaa, on 20-640 mg. Normaali oletettu annos on 105 mg joka p\u00e4iv\u00e4. Oli miten oli, pahanlaatuista kasvua sairastavat potilaat, joilla on jatkuvaa tuskaa, saattavat tarvita suuria annoksia nopeasti purkautuvaa oksikodonia, koska sen odotetaan parantavan valvottua purkautumisrakennetta.<\/p>\n<p>S\u00e4\u00e4nn\u00f6llinen geriatrinen annos - nopea vastuuvapauden my\u00f6nt\u00e4minen on 2,5 mg kuin kello, joka otetaan suun kautta. CR sairauspotilaille, jotka valvovat piinaa, on 20-640 mg. Normaali ep\u00e4tarkka osa on 105 mg joka p\u00e4iv\u00e4 samoin. Sit\u00e4 tarvitseville pahanlaatuista kasvua sairastaville potilaille annetaan tarvittaessa ehk\u00e4 suurempi annos.<\/p>\n<h3>Osto OxyCotin Online<\/h3>\n<p>Se hyvin voidaan ostaa verkossa kautta verkkokaupasta kuin antaa loistava kohteita ihmisille, analyytikot, rauhoittaa myym\u00e4l\u00f6iss\u00e4 ja jokainen meid\u00e4n asiakkaita halpamainen kustannuksia. Vaihdot auttoi l\u00e4pi meid\u00e4n vaiheessa ovat suojattuja ja turvallisia.<\/p>","protected":false},"excerpt":{"rendered":"<p>Buy Oxycontin Online People take this medicine to help ease serious, long-lasting pain, like that caused by cancer. Oxycodone is an opioid anesthetic, which is a type of painkiller. What it does in the brain is change how your body feels and feels pain. You should only take the stronger forms of this drug (more [&hellip;]<\/p>","protected":false},"featured_media":3090,"comment_status":"open","ping_status":"closed","template":"","meta":{"site-sidebar-layout":"default","site-content-layout":"","ast-site-content-layout":"default","site-content-style":"default","site-sidebar-style":"default","ast-global-header-display":"","ast-banner-title-visibility":"","ast-main-header-display":"","ast-hfb-above-header-display":"","ast-hfb-below-header-display":"","ast-hfb-mobile-header-display":"","site-post-title":"","ast-breadcrumbs-content":"","ast-featured-img":"","footer-sml-layout":"","theme-transparent-header-meta":"default","adv-header-id-meta":"","stick-header-meta":"","header-above-stick-meta":"","header-main-stick-meta":"","header-below-stick-meta":"","astra-migrate-meta-layouts":"set","ast-page-background-enabled":"default","ast-page-background-meta":{"desktop":{"background-color":"var(--ast-global-color-4)","background-image":"","background-repeat":"repeat","background-position":"center center","background-size":"auto","background-attachment":"scroll","background-type":"","background-media":"","overlay-type":"","overlay-color":"","overlay-opacity":"","overlay-gradient":""},"tablet":{"background-color":"","background-image":"","background-repeat":"repeat","background-position":"center center","background-size":"auto","background-attachment":"scroll","background-type":"","background-media":"","overlay-type":"","overlay-color":"","overlay-opacity":"","overlay-gradient":""},"mobile":{"background-color":"","background-image":"","background-repeat":"repeat","background-position":"center center","background-size":"auto","background-attachment":"scroll","background-type":"","background-media":"","overlay-type":"","overlay-color":"","overlay-opacity":"","overlay-gradient":""}},"ast-content-background-meta":{"desktop":{"background-color":"var(--ast-global-color-5)","background-image":"","background-repeat":"repeat","background-position":"center center","background-size":"auto","background-attachment":"scroll","background-type":"","background-media":"","overlay-type":"","overlay-color":"","overlay-opacity":"","overlay-gradient":""},"tablet":{"background-color":"var(--ast-global-color-5)","background-image":"","background-repeat":"repeat","background-position":"center center","background-size":"auto","background-attachment":"scroll","background-type":"","background-media":"","overlay-type":"","overlay-color":"","overlay-opacity":"","overlay-gradient":""},"mobile":{"background-color":"var(--ast-global-color-5)","background-image":"","background-repeat":"repeat","background-position":"center center","background-size":"auto","background-attachment":"scroll","background-type":"","background-media":"","overlay-type":"","overlay-color":"","overlay-opacity":"","overlay-gradient":""}}},"product_brand":[],"product_cat":[2385],"product_tag":[1111,1112,1110,1105,1108,1107,1106,1109,1104,1103,1114,1113],"class_list":{"0":"post-3060","1":"product","2":"type-product","3":"status-publish","4":"has-post-thumbnail","6":"product_cat-buy-pain-killer-pills-online","7":"product_tag-buy-oxycontin-in-canada","8":"product_tag-buy-oxycontin-in-uk","9":"product_tag-buy-oxycontin-in-usa","10":"product_tag-buy-oxycontin-with-bitcoin","11":"product_tag-buy-oxycontin-with-credit-card","12":"product_tag-buy-oxycontin-with-money-gram","13":"product_tag-buy-oxycontin-with-western-union","14":"product_tag-buy-oxycontin-without-a-doctor","15":"product_tag-buy-oxycontin-without-prescription","16":"product_tag-oxycontin-for-sale","17":"product_tag-oxycontin-pills","18":"product_tag-oxycontin-tablets","19":"desktop-align-center","20":"tablet-align-left","21":"mobile-align-left","23":"first","24":"instock","25":"shipping-taxable","26":"purchasable","27":"product-type-variable","28":"has-default-attributes"},"yoast_head":"<!-- This site is optimized with the Yoast SEO plugin v25.9 - https:\/\/yoast.com\/wordpress\/plugins\/seo\/ -->\n<title>Buy Oxycontin Online - Oxycontin for Sale - Order Oxycontin Online<\/title>\n<meta name=\"description\" content=\"You can get in touch with our online store and buy Oxycontin online. We have Oxycontin for sale at cheap prices. Get yours at your place right away!\" \/>\n<meta name=\"robots\" content=\"index, follow, max-snippet:-1, max-image-preview:large, max-video-preview:-1\" \/>\n<link rel=\"canonical\" href=\"https:\/\/buy-prescriptionz.com\/fi\/tuote\/osta-oxycontin-verkosta\/\" \/>\n<meta property=\"og:locale\" content=\"fi_FI\" \/>\n<meta property=\"og:type\" content=\"article\" \/>\n<meta property=\"og:title\" content=\"Buy Oxycontin Online - Oxycontin for Sale - Order Oxycontin Online\" \/>\n<meta property=\"og:description\" content=\"You can get in touch with our online store and buy Oxycontin online. We have Oxycontin for sale at cheap prices. Get yours at your place right away!\" \/>\n<meta property=\"og:url\" content=\"https:\/\/buy-prescriptionz.com\/fi\/tuote\/osta-oxycontin-verkosta\/\" \/>\n<meta property=\"og:site_name\" content=\"Buy Prescriptionz\" \/>\n<meta property=\"article:modified_time\" content=\"2025-09-24T14:15:45+00:00\" \/>\n<meta property=\"og:image\" content=\"https:\/\/buy-prescriptionz.com\/wp-content\/uploads\/2025\/09\/oxycontin.jpg\" \/>\n\t<meta property=\"og:image:width\" content=\"400\" \/>\n\t<meta property=\"og:image:height\" content=\"300\" \/>\n\t<meta property=\"og:image:type\" content=\"image\/jpeg\" \/>\n<meta name=\"twitter:card\" content=\"summary_large_image\" \/>\n<meta name=\"twitter:label1\" content=\"Arvioitu lukuaika\" \/>\n\t<meta name=\"twitter:data1\" content=\"5 minuuttia\" \/>\n<script type=\"application\/ld+json\" class=\"yoast-schema-graph\">{\"@context\":\"https:\/\/schema.org\",\"@graph\":[{\"@type\":\"WebPage\",\"@id\":\"https:\/\/buy-prescriptionz.com\/product\/buy-oxycontin-online\/\",\"url\":\"https:\/\/buy-prescriptionz.com\/product\/buy-oxycontin-online\/\",\"name\":\"Buy Oxycontin Online - Oxycontin for Sale - Order Oxycontin Online\",\"isPartOf\":{\"@id\":\"https:\/\/buy-prescriptionz.com\/#website\"},\"primaryImageOfPage\":{\"@id\":\"https:\/\/buy-prescriptionz.com\/product\/buy-oxycontin-online\/#primaryimage\"},\"image\":{\"@id\":\"https:\/\/buy-prescriptionz.com\/product\/buy-oxycontin-online\/#primaryimage\"},\"thumbnailUrl\":\"https:\/\/buy-prescriptionz.com\/wp-content\/uploads\/2025\/09\/oxycontin.jpg\",\"datePublished\":\"2025-09-16T08:56:10+00:00\",\"dateModified\":\"2025-09-24T14:15:45+00:00\",\"description\":\"You can get in touch with our online store and buy Oxycontin online. We have Oxycontin for sale at cheap prices. Get yours at your place right away!\",\"breadcrumb\":{\"@id\":\"https:\/\/buy-prescriptionz.com\/product\/buy-oxycontin-online\/#breadcrumb\"},\"inLanguage\":\"fi\",\"potentialAction\":[{\"@type\":\"ReadAction\",\"target\":[\"https:\/\/buy-prescriptionz.com\/product\/buy-oxycontin-online\/\"]}]},{\"@type\":\"ImageObject\",\"inLanguage\":\"fi\",\"@id\":\"https:\/\/buy-prescriptionz.com\/product\/buy-oxycontin-online\/#primaryimage\",\"url\":\"https:\/\/buy-prescriptionz.com\/wp-content\/uploads\/2025\/09\/oxycontin.jpg\",\"contentUrl\":\"https:\/\/buy-prescriptionz.com\/wp-content\/uploads\/2025\/09\/oxycontin.jpg\",\"width\":400,\"height\":300},{\"@type\":\"BreadcrumbList\",\"@id\":\"https:\/\/buy-prescriptionz.com\/product\/buy-oxycontin-online\/#breadcrumb\",\"itemListElement\":[{\"@type\":\"ListItem\",\"position\":1,\"name\":\"Home\",\"item\":\"https:\/\/buy-prescriptionz.com\/\"},{\"@type\":\"ListItem\",\"position\":2,\"name\":\"Shop Painkillers Online\",\"item\":\"https:\/\/buy-prescriptionz.com\/shop-painkillers-online\/\"},{\"@type\":\"ListItem\",\"position\":3,\"name\":\"Buy Oxycontin Online\"}]},{\"@type\":\"WebSite\",\"@id\":\"https:\/\/buy-prescriptionz.com\/#website\",\"url\":\"https:\/\/buy-prescriptionz.com\/\",\"name\":\"Buy Prescriptionz\",\"description\":\"Drugs Online\",\"publisher\":{\"@id\":\"https:\/\/buy-prescriptionz.com\/#organization\"},\"potentialAction\":[{\"@type\":\"SearchAction\",\"target\":{\"@type\":\"EntryPoint\",\"urlTemplate\":\"https:\/\/buy-prescriptionz.com\/?s={search_term_string}\"},\"query-input\":{\"@type\":\"PropertyValueSpecification\",\"valueRequired\":true,\"valueName\":\"search_term_string\"}}],\"inLanguage\":\"fi\"},{\"@type\":\"Organization\",\"@id\":\"https:\/\/buy-prescriptionz.com\/#organization\",\"name\":\"Buy Prescriptionz\",\"url\":\"https:\/\/buy-prescriptionz.com\/\",\"logo\":{\"@type\":\"ImageObject\",\"inLanguage\":\"fi\",\"@id\":\"https:\/\/buy-prescriptionz.com\/#\/schema\/logo\/image\/\",\"url\":\"https:\/\/buy-prescriptionz.com\/wp-content\/uploads\/2023\/09\/logo.png\",\"contentUrl\":\"https:\/\/buy-prescriptionz.com\/wp-content\/uploads\/2023\/09\/logo.png\",\"width\":350,\"height\":64,\"caption\":\"Buy Prescriptionz\"},\"image\":{\"@id\":\"https:\/\/buy-prescriptionz.com\/#\/schema\/logo\/image\/\"}}]}<\/script>\n<!-- \/ Yoast SEO plugin. -->","yoast_head_json":{"title":"Osta Oxycontin verkossa - Oxycontin myyt\u00e4v\u00e4n\u00e4 - Tilaa Oxycontin verkossa","description":"Voit ottaa yhteytt\u00e4 verkkokauppaamme ja ostaa Oxycontin-tuotteita verkosta. Meill\u00e4 on Oxycontin-tuotteita myynniss\u00e4 edulliseen hintaan. Hanki omasi heti kotiisi!","robots":{"index":"index","follow":"follow","max-snippet":"max-snippet:-1","max-image-preview":"max-image-preview:large","max-video-preview":"max-video-preview:-1"},"canonical":"https:\/\/buy-prescriptionz.com\/fi\/tuote\/osta-oxycontin-verkosta\/","og_locale":"fi_FI","og_type":"article","og_title":"Buy Oxycontin Online - Oxycontin for Sale - Order Oxycontin Online","og_description":"You can get in touch with our online store and buy Oxycontin online. We have Oxycontin for sale at cheap prices. Get yours at your place right away!","og_url":"https:\/\/buy-prescriptionz.com\/fi\/tuote\/osta-oxycontin-verkosta\/","og_site_name":"Buy Prescriptionz","article_modified_time":"2025-09-24T14:15:45+00:00","og_image":[{"width":400,"height":300,"url":"https:\/\/buy-prescriptionz.com\/wp-content\/uploads\/2025\/09\/oxycontin.jpg","type":"image\/jpeg"}],"twitter_card":"summary_large_image","twitter_misc":{"Arvioitu lukuaika":"5 minuuttia"},"schema":{"@context":"https:\/\/schema.org","@graph":[{"@type":"WebPage","@id":"https:\/\/buy-prescriptionz.com\/product\/buy-oxycontin-online\/","url":"https:\/\/buy-prescriptionz.com\/product\/buy-oxycontin-online\/","name":"Osta Oxycontin verkossa - Oxycontin myyt\u00e4v\u00e4n\u00e4 - Tilaa Oxycontin verkossa","isPartOf":{"@id":"https:\/\/buy-prescriptionz.com\/#website"},"primaryImageOfPage":{"@id":"https:\/\/buy-prescriptionz.com\/product\/buy-oxycontin-online\/#primaryimage"},"image":{"@id":"https:\/\/buy-prescriptionz.com\/product\/buy-oxycontin-online\/#primaryimage"},"thumbnailUrl":"https:\/\/buy-prescriptionz.com\/wp-content\/uploads\/2025\/09\/oxycontin.jpg","datePublished":"2025-09-16T08:56:10+00:00","dateModified":"2025-09-24T14:15:45+00:00","description":"Voit ottaa yhteytt\u00e4 verkkokauppaamme ja ostaa Oxycontin-tuotteita verkosta. Meill\u00e4 on Oxycontin-tuotteita myynniss\u00e4 edulliseen hintaan. Hanki omasi heti kotiisi!","breadcrumb":{"@id":"https:\/\/buy-prescriptionz.com\/product\/buy-oxycontin-online\/#breadcrumb"},"inLanguage":"fi","potentialAction":[{"@type":"ReadAction","target":["https:\/\/buy-prescriptionz.com\/product\/buy-oxycontin-online\/"]}]},{"@type":"ImageObject","inLanguage":"fi","@id":"https:\/\/buy-prescriptionz.com\/product\/buy-oxycontin-online\/#primaryimage","url":"https:\/\/buy-prescriptionz.com\/wp-content\/uploads\/2025\/09\/oxycontin.jpg","contentUrl":"https:\/\/buy-prescriptionz.com\/wp-content\/uploads\/2025\/09\/oxycontin.jpg","width":400,"height":300},{"@type":"BreadcrumbList","@id":"https:\/\/buy-prescriptionz.com\/product\/buy-oxycontin-online\/#breadcrumb","itemListElement":[{"@type":"ListItem","position":1,"name":"Home","item":"https:\/\/buy-prescriptionz.com\/"},{"@type":"ListItem","position":2,"name":"Shop Painkillers Online","item":"https:\/\/buy-prescriptionz.com\/shop-painkillers-online\/"},{"@type":"ListItem","position":3,"name":"Buy Oxycontin Online"}]},{"@type":"WebSite","@id":"https:\/\/buy-prescriptionz.com\/#website","url":"https:\/\/buy-prescriptionz.com\/","name":"Buy Prescriptionz","description":"Huumeet verkossa","publisher":{"@id":"https:\/\/buy-prescriptionz.com\/#organization"},"potentialAction":[{"@type":"SearchAction","target":{"@type":"EntryPoint","urlTemplate":"https:\/\/buy-prescriptionz.com\/?s={search_term_string}"},"query-input":{"@type":"PropertyValueSpecification","valueRequired":true,"valueName":"search_term_string"}}],"inLanguage":"fi"},{"@type":"Organization","@id":"https:\/\/buy-prescriptionz.com\/#organization","name":"Buy Prescriptionz","url":"https:\/\/buy-prescriptionz.com\/","logo":{"@type":"ImageObject","inLanguage":"fi","@id":"https:\/\/buy-prescriptionz.com\/#\/schema\/logo\/image\/","url":"https:\/\/buy-prescriptionz.com\/wp-content\/uploads\/2023\/09\/logo.png","contentUrl":"https:\/\/buy-prescriptionz.com\/wp-content\/uploads\/2023\/09\/logo.png","width":350,"height":64,"caption":"Buy Prescriptionz"},"image":{"@id":"https:\/\/buy-prescriptionz.com\/#\/schema\/logo\/image\/"}}]}},"_links":{"self":[{"href":"https:\/\/buy-prescriptionz.com\/fi\/wp-json\/wp\/v2\/product\/3060","targetHints":{"allow":["GET"]}}],"collection":[{"href":"https:\/\/buy-prescriptionz.com\/fi\/wp-json\/wp\/v2\/product"}],"about":[{"href":"https:\/\/buy-prescriptionz.com\/fi\/wp-json\/wp\/v2\/types\/product"}],"replies":[{"embeddable":true,"href":"https:\/\/buy-prescriptionz.com\/fi\/wp-json\/wp\/v2\/comments?post=3060"}],"wp:featuredmedia":[{"embeddable":true,"href":"https:\/\/buy-prescriptionz.com\/fi\/wp-json\/wp\/v2\/media\/3090"}],"wp:attachment":[{"href":"https:\/\/buy-prescriptionz.com\/fi\/wp-json\/wp\/v2\/media?parent=3060"}],"wp:term":[{"taxonomy":"product_brand","embeddable":true,"href":"https:\/\/buy-prescriptionz.com\/fi\/wp-json\/wp\/v2\/product_brand?post=3060"},{"taxonomy":"product_cat","embeddable":true,"href":"https:\/\/buy-prescriptionz.com\/fi\/wp-json\/wp\/v2\/product_cat?post=3060"},{"taxonomy":"product_tag","embeddable":true,"href":"https:\/\/buy-prescriptionz.com\/fi\/wp-json\/wp\/v2\/product_tag?post=3060"}],"curies":[{"name":"wp","href":"https:\/\/api.w.org\/{rel}","templated":true}]}}