{"id":3061,"date":"2025-09-16T08:56:10","date_gmt":"2025-09-16T08:56:10","guid":{"rendered":"https:\/\/chemsfine.com\/newsite\/?post_type=product&#038;p=3061"},"modified":"2025-09-24T14:12:05","modified_gmt":"2025-09-24T14:12:05","slug":"osta-oksikodoni-apap-wattson-labs-verkossa","status":"publish","type":"product","link":"https:\/\/buy-prescriptionz.com\/fi\/tuote\/osta-oksikodoni-apap-wattson-labs-verkossa\/","title":{"rendered":"Osta Oxycodone - Apap (Wattson Labs) verkossa."},"content":{"rendered":"<h2>Osta Oxycodone - Apap (Wattson Labs) verkossa.<\/h2>\n<h3>Osta oksikodonia verkossa - Osta oksikodonia - Apap (Wattson Labs) verkossa.<\/h3>\n<p>Osta oksikodonia \u2013 Apap (Wattson Labs) verkossa, osta oksikodonia verkossa T\u00c4\u00c4LT\u00c4 parhaasta verkkoapteekista. Altruism Pharmacy on paras verkkoapteekki oksikodonin tilaamiseen verkossa. Oksikodoni on puolisynteettinen narkoottinen aine, joka on sekoitettu tebaiinista, persialaisessa unikossa esiintyv\u00e4st\u00e4 narkoottisesta alkaloidista ja yhdest\u00e4 monista oopiumiunikon alkaloideista. Se on kohtuullisen vahva narkoottinen kipul\u00e4\u00e4ke (suun kautta yleens\u00e4 1,5 kertaa voimakkaampi kuin morfiini), ja sen on useimmiten osoitettu lievitt\u00e4v\u00e4n kohtalaista tai vakavaa kipua. Oksikodoni on puhdas agonistinen narkoottinen aine, jonka ensisijainen parantava vaikutus on kivunlievitys. Muut narkoottisten agonistien luokkaan kuuluvat aineet sis\u00e4lt\u00e4v\u00e4t aineita, kuten morfiinia, hydromorfonia, fentanyyli\u00e4, kodeiinia ja hydrokodonia. Narkoottisten agonistien farmakologisiin vaikutuksiin kuuluvat anksiolyysi, riemu, rentoutumisen tunteet, hengitysvaikeudet, tukkoisuus, mioosi ja n\u00e4r\u00e4stys, sek\u00e4 kivuttomuus. Kuten kaikkien puhtaiden narkoottisten agonististen kipul\u00e4\u00e4kkeiden kohdalla, annoksen kasvaessa on vaikutusta. Osta oksikodonia \u2013 Apap (Wattson Labs) verkossa \u00a0 Kivuton, toisin kuin sekoitettujen agonistien\/kilpailijoiden tai ei-narkoottisten kipul\u00e4\u00e4kkeiden kanssa, joissa kipua lievitt\u00e4v\u00e4 vaikutus heikkenee laajenevien annosten my\u00f6t\u00e4 \u2013 osta oksikodonia verkossa lievitt\u00e4\u00e4ksesi kohtalaista tai vakavaa kipua.<\/p>\n<h3>Ostaminen Oxycodone Online laillisesti<\/h3>\n<p>Osta oksikodonia \u2013 Apap (Wattson Labs) verkossa, oksikodonin ostaminen verkossa laillisesti on mahdollista t\u00e4\u00e4ll\u00e4 Buy-prescriptionz-verkkokaupassa. Osta oksikodonia verkossa Buy-prescriptionzist\u00e4 ja annostuksesi tulee suhteuttaa kivun vakavuuteen ja potilaan reaktioon. Joskus voi olla t\u00e4rke\u00e4\u00e4 ylitt\u00e4\u00e4 alla m\u00e4\u00e4r\u00e4tty vakioannos.<\/p>\n<h3>Oksikodonin ottaminen:<\/h3>\n<p>Lue apteekkihenkil\u00f6kunnan antama l\u00e4\u00e4keopas aina, kun saat uusintal\u00e4\u00e4kityksen tai aloitat oksikodonin\/asetaminofeenin k\u00e4yt\u00f6n. Jos sinulla on kysytt\u00e4v\u00e4\u00e4, ota yhteytt\u00e4 l\u00e4\u00e4k\u00e4riin tai apteekkiin.<\/p>\n<p>Ota t\u00e4m\u00e4 l\u00e4\u00e4ke suun kautta l\u00e4\u00e4k\u00e4rin ohjeiden mukaan. T\u00e4t\u00e4 l\u00e4\u00e4kett\u00e4 voidaan k\u00e4ytt\u00e4\u00e4 aterioiden kanssa tai ilman niit\u00e4. L\u00e4\u00e4kkeen ottaminen aterioiden yhteydess\u00e4 voi auttaa, jos sinulla on pahoinvointia. Kysy l\u00e4\u00e4k\u00e4rilt\u00e4si tai apteekista lis\u00e4tietoja pahoinvoinnin v\u00e4hent\u00e4miseen tarkoitetuista menetelmist\u00e4 (esim. asetu alas, jos voit sy\u00f6d\u00e4 tai juoda greippimehua t\u00e4m\u00e4n l\u00e4\u00e4kkeen k\u00e4yt\u00f6n aikana, ja v\u00e4lt\u00e4 sit\u00e4 sitten. Greippi voi lis\u00e4t\u00e4 t\u00e4m\u00e4n l\u00e4\u00e4kkeen haittavaikutusten mahdollisuutta. Ota l\u00e4\u00e4kett\u00e4 viel\u00e4 yhdest\u00e4 kahteen tuntia ja liikuta p\u00e4\u00e4t\u00e4 mahdollisimman v\u00e4h\u00e4n). Jos l\u00e4\u00e4k\u00e4ri tai apteekkihenkil\u00f6kunta on sit\u00e4 mielt\u00e4, ett\u00e4 sinulla on kysytt\u00e4v\u00e4\u00e4, keskustele apteekkihenkil\u00f6kunnan tai l\u00e4\u00e4k\u00e4rin kanssa.<\/p>\n<p>Jos k\u00e4yt\u00e4t oksikodonia nestem\u00e4isess\u00e4 muodossa, mittaa suositeltu annos tarkasti l\u00e4\u00e4kemittalaitteella. Talouslusikka ei v\u00e4ltt\u00e4m\u00e4tt\u00e4 anna oikeaa annosta, joten v\u00e4lt\u00e4 sellaisen k\u00e4ytt\u00f6\u00e4. Annoskoko m\u00e4\u00e4r\u00e4ytyy terveydentilasi ja hoitoreaktiosi mukaan. \u00c4l\u00e4 koskaan ota enemp\u00e4\u00e4 l\u00e4\u00e4kett\u00e4 kuin on suositeltu, \u00e4l\u00e4k\u00e4 koskaan k\u00e4yt\u00e4 sit\u00e4 pidemp\u00e4\u00e4n kuin on suositeltu. Lopeta l\u00e4\u00e4kkeen k\u00e4ytt\u00f6 ohjeiden mukaisesti, kun sinua kehotetaan tekem\u00e4\u00e4n niin.<\/p>\n<h3>(Mittaus ja hallinto)<\/h3>\n<p>Kun kyseess\u00e4 on asteittain paheneva vakava tuska tai potilailla, jotka ovat osoittautuneet sietokykyisiksi huumausaineiden kipua lievitt\u00e4v\u00e4lle vaikutukselle. Jos kipu on jatkuvaa, huumausaineita on annettava tavanomaisin v\u00e4liajoin nonstop-kalenterissa.<\/p>\n<h3>Osto Oxycodone pillereit\u00e4 verkossa (Mahdolliset sivuvaikutukset)<\/h3>\n<p>Purchase Oxycodone Pills Online from Buy-prescriptionz Online store. This is the Best spot you can Buy Oxycodone Pills Online and have it conveyed to you in a couple of hours. Purchase Oxycodone Online from Our Pharmacy and furthermore know that it accompanies some symptoms, for example, ;<\/p>\n<p>Vilunv\u00e4ristykset<\/p>\n<p>kylm\u00e4 hiki<\/p>\n<p>h\u00e4mmennys<\/p>\n<p>hankala tai vaivalloinen rentouttava<\/p>\n<p>huimaus, py\u00f6rtyminen tai sekavuus, kun noustaan yht\u00e4kki\u00e4 yl\u00f6s makuu- tai istuma-asennosta.<\/p>\n<p>kuume<\/p>\n<p>rintakeh\u00e4n mukavuus<\/p>\n<p>nykiminen<\/p>\n<h3>Oksikodonin sivuvaikutukset<\/h3>\n<p>Oksikodonin ottamisen oireita voivat olla huimaus, py\u00f6rrytys, ummetus, pahoinvointi tai uneliaisuus. Kun t\u00e4t\u00e4 l\u00e4\u00e4kett\u00e4 on k\u00e4ytetty jonkin aikaa, jotkut n\u00e4ist\u00e4 haittavaikutuksista voivat h\u00e4vit\u00e4. Ilmoita v\u00e4litt\u00f6m\u00e4sti apteekkihenkil\u00f6kunnalle tai l\u00e4\u00e4k\u00e4rille, jos jokin n\u00e4ist\u00e4 haittavaikutuksista jatkuu tai pahenee. Sy\u00f6 ravintokuitua, juo riitt\u00e4v\u00e4sti vett\u00e4 ja liiku ummetuksen v\u00e4ltt\u00e4miseksi. Lis\u00e4ksi saatat tarvita ulostusl\u00e4\u00e4kett\u00e4. Kysy apteekista, mink\u00e4 tyyppinen ulostusl\u00e4\u00e4ke sopii sinulle parhaiten.<\/p>\n<p>Kun nouset istuma- tai makuuasennosta, tee se varovasti v\u00e4hent\u00e4\u00e4ksesi huimauksen ja huimauksen riski\u00e4. Muista, ett\u00e4 l\u00e4\u00e4k\u00e4risi on suositellut t\u00e4t\u00e4 l\u00e4\u00e4kett\u00e4, koska h\u00e4n uskoo sen auttavan sinua enemm\u00e4n kuin aiheuttavan negatiivisia sivuvaikutuksia. Monet t\u00e4m\u00e4n l\u00e4\u00e4kkeen k\u00e4ytt\u00e4j\u00e4t eiv\u00e4t ole raportoineet merkitt\u00e4vist\u00e4 haittavaikutuksista.<\/p>\n<p>Voit hankkia parhaan oksikodonin \u2013 APAP:n \u2013 verkosta osoitteesta buy-prescriptionz.com. T\u00e4m\u00e4 l\u00e4\u00e4ke vahvistaa tehokkaan kipul\u00e4\u00e4kkeen oksikodonin vaikutuksia yhdess\u00e4 parasetamolin (APAP) kanssa. Koska sill\u00e4 on riippuvuuspotentiaalia ja haittavaikutuksia, on v\u00e4ltt\u00e4m\u00e4t\u00f6nt\u00e4, ett\u00e4 t\u00e4t\u00e4 l\u00e4\u00e4kett\u00e4 k\u00e4ytet\u00e4\u00e4n l\u00e4\u00e4k\u00e4rin valvonnassa. Parhaasta apteekista ostaminen takaa, ett\u00e4 ostamasi tuote on aito. Hakeudu aina l\u00e4\u00e4k\u00e4rin hoitoon varmistaaksesi, ett\u00e4 t\u00e4m\u00e4 l\u00e4\u00e4ke sopii sinulle, ja selvitt\u00e4\u00e4ksesi oikean annostuksen ja mahdolliset vaarat.<\/p>\n<h3>VASTA-AIHEET<\/h3>\n<p>Osto Oxycodone Online, kuitenkin jatkaa mukana vasta-aiheita. Tabletteja ei pit\u00e4isi ohjata potilaille, joilla on tiedossa \u00e4\u00e4rimm\u00e4inen herkkyys oksikodonille, parasetamolille tai jollekin muulle t\u00e4m\u00e4n tuotteen osalle. Oksikodoni on vasta-aiheinen kaikissa olosuhteissa, joissa huumausaineet ovat vasta-aiheisia, mukaan lukien potilaat, joilla on huomattava hengitysvaikeus (valvomattomissa olosuhteissa tai elvytysv\u00e4lineiden puuttuessa) ja potilaat, joilla on voimakas tai \u00e4\u00e4rimm\u00e4inen keuhkoastma tai hyperkarbia. Oksikodoni on vasta-aiheinen, jos ep\u00e4ill\u00e4\u00e4n tai tiedet\u00e4\u00e4n, ett\u00e4 potilaalla on invalidoitunut ileus.  Osta Oksikodoni - Apap (Wattson Labs) verkossa.<\/p>","protected":false},"excerpt":{"rendered":"<p>Buy Oxycodone &#8211; Apap (Wattson Labs) Online Purchase Oxycodone Online-Buy Oxycodone &#8211; Apap (Wattson Labs) Online Buy Oxycodone &#8211; Apap (Wattson Labs) Online, Purchase Oxycodone Online HERE from the Best Online Pharmacy. Altruism Pharmacy is the Best Online Pharmacy to Order Oxycodone Online. Oxycodone is a semisynthetic narcotic blended from thebaine, a narcotic alkaloid found [&hellip;]<\/p>","protected":false},"featured_media":3091,"comment_status":"open","ping_status":"closed","template":"","meta":{"site-sidebar-layout":"default","site-content-layout":"","ast-site-content-layout":"default","site-content-style":"default","site-sidebar-style":"default","ast-global-header-display":"","ast-banner-title-visibility":"","ast-main-header-display":"","ast-hfb-above-header-display":"","ast-hfb-below-header-display":"","ast-hfb-mobile-header-display":"","site-post-title":"","ast-breadcrumbs-content":"","ast-featured-img":"","footer-sml-layout":"","theme-transparent-header-meta":"default","adv-header-id-meta":"","stick-header-meta":"","header-above-stick-meta":"","header-main-stick-meta":"","header-below-stick-meta":"","astra-migrate-meta-layouts":"set","ast-page-background-enabled":"default","ast-page-background-meta":{"desktop":{"background-color":"var(--ast-global-color-4)","background-image":"","background-repeat":"repeat","background-position":"center center","background-size":"auto","background-attachment":"scroll","background-type":"","background-media":"","overlay-type":"","overlay-color":"","overlay-opacity":"","overlay-gradient":""},"tablet":{"background-color":"","background-image":"","background-repeat":"repeat","background-position":"center center","background-size":"auto","background-attachment":"scroll","background-type":"","background-media":"","overlay-type":"","overlay-color":"","overlay-opacity":"","overlay-gradient":""},"mobile":{"background-color":"","background-image":"","background-repeat":"repeat","background-position":"center center","background-size":"auto","background-attachment":"scroll","background-type":"","background-media":"","overlay-type":"","overlay-color":"","overlay-opacity":"","overlay-gradient":""}},"ast-content-background-meta":{"desktop":{"background-color":"var(--ast-global-color-5)","background-image":"","background-repeat":"repeat","background-position":"center center","background-size":"auto","background-attachment":"scroll","background-type":"","background-media":"","overlay-type":"","overlay-color":"","overlay-opacity":"","overlay-gradient":""},"tablet":{"background-color":"var(--ast-global-color-5)","background-image":"","background-repeat":"repeat","background-position":"center center","background-size":"auto","background-attachment":"scroll","background-type":"","background-media":"","overlay-type":"","overlay-color":"","overlay-opacity":"","overlay-gradient":""},"mobile":{"background-color":"var(--ast-global-color-5)","background-image":"","background-repeat":"repeat","background-position":"center center","background-size":"auto","background-attachment":"scroll","background-type":"","background-media":"","overlay-type":"","overlay-color":"","overlay-opacity":"","overlay-gradient":""}}},"product_brand":[],"product_cat":[2385],"product_tag":[1123,1124,1122,1117,1120,1119,1118,1121,1116,1115,1126,1125],"class_list":{"0":"post-3061","1":"product","2":"type-product","3":"status-publish","4":"has-post-thumbnail","6":"product_cat-buy-pain-killer-pills-online","7":"product_tag-buy-oxycodone-apap-wattson-labs-in-canada","8":"product_tag-buy-oxycodone-apap-wattson-labs-in-uk","9":"product_tag-buy-oxycodone-apap-wattson-labs-in-usa","10":"product_tag-buy-oxycodone-apap-wattson-labs-with-bitcoin","11":"product_tag-buy-oxycodone-apap-wattson-labs-with-credit-card","12":"product_tag-buy-oxycodone-apap-wattson-labs-with-money-gram","13":"product_tag-buy-oxycodone-apap-wattson-labs-with-western-union","14":"product_tag-buy-oxycodone-apap-wattson-labs-without-a-doctor","15":"product_tag-buy-oxycodone-apap-wattson-labs-without-prescription","16":"product_tag-oxycodone-apap-wattson-labs-for-sale","17":"product_tag-oxycodone-apap-wattson-labs-pills","18":"product_tag-oxycodone-apap-wattson-labs-tablets","19":"desktop-align-center","20":"tablet-align-left","21":"mobile-align-left","23":"first","24":"instock","25":"shipping-taxable","26":"purchasable","27":"product-type-variable","28":"has-default-attributes"},"yoast_head":"<!-- This site is optimized with the Yoast SEO plugin v25.9 - https:\/\/yoast.com\/wordpress\/plugins\/seo\/ -->\n<title>Buy Oxycodone Apap (Physicians Tc.) Online - Oxycodone Apap (Physicians Tc.) for Sale<\/title>\n<meta name=\"description\" content=\"We are the leading store available with Oxycodone for sale. If you wish to buy Oxycodone Apap (Physicians Tc.), contact us right away and get the order delivered. Order Now!\" \/>\n<meta name=\"robots\" content=\"index, follow, max-snippet:-1, max-image-preview:large, max-video-preview:-1\" \/>\n<link rel=\"canonical\" href=\"https:\/\/buy-prescriptionz.com\/fi\/tuote\/osta-oksikodoni-apap-wattson-labs-verkossa\/\" \/>\n<meta property=\"og:locale\" content=\"fi_FI\" \/>\n<meta property=\"og:type\" content=\"article\" \/>\n<meta property=\"og:title\" content=\"Buy Oxycodone Apap (Physicians Tc.) Online - Oxycodone Apap (Physicians Tc.) for Sale\" \/>\n<meta property=\"og:description\" content=\"We are the leading store available with Oxycodone for sale. If you wish to buy Oxycodone Apap (Physicians Tc.), contact us right away and get the order delivered. Order Now!\" \/>\n<meta property=\"og:url\" content=\"https:\/\/buy-prescriptionz.com\/fi\/tuote\/osta-oksikodoni-apap-wattson-labs-verkossa\/\" \/>\n<meta property=\"og:site_name\" content=\"Buy Prescriptionz\" \/>\n<meta property=\"article:modified_time\" content=\"2025-09-24T14:12:05+00:00\" \/>\n<meta property=\"og:image\" content=\"https:\/\/buy-prescriptionz.com\/wp-content\/uploads\/2025\/09\/oxycodone-apap-wattson-labs.jpg\" \/>\n\t<meta property=\"og:image:width\" content=\"400\" \/>\n\t<meta property=\"og:image:height\" content=\"300\" \/>\n\t<meta property=\"og:image:type\" content=\"image\/jpeg\" \/>\n<meta name=\"twitter:card\" content=\"summary_large_image\" \/>\n<meta name=\"twitter:label1\" content=\"Arvioitu lukuaika\" \/>\n\t<meta name=\"twitter:data1\" content=\"5 minuuttia\" \/>\n<script type=\"application\/ld+json\" class=\"yoast-schema-graph\">{\"@context\":\"https:\/\/schema.org\",\"@graph\":[{\"@type\":\"WebPage\",\"@id\":\"https:\/\/buy-prescriptionz.com\/product\/buy-oxycodone-apap-wattson-labs-online\/\",\"url\":\"https:\/\/buy-prescriptionz.com\/product\/buy-oxycodone-apap-wattson-labs-online\/\",\"name\":\"Buy Oxycodone Apap (Physicians Tc.) Online - Oxycodone Apap (Physicians Tc.) for Sale\",\"isPartOf\":{\"@id\":\"https:\/\/buy-prescriptionz.com\/#website\"},\"primaryImageOfPage\":{\"@id\":\"https:\/\/buy-prescriptionz.com\/product\/buy-oxycodone-apap-wattson-labs-online\/#primaryimage\"},\"image\":{\"@id\":\"https:\/\/buy-prescriptionz.com\/product\/buy-oxycodone-apap-wattson-labs-online\/#primaryimage\"},\"thumbnailUrl\":\"https:\/\/buy-prescriptionz.com\/wp-content\/uploads\/2025\/09\/oxycodone-apap-wattson-labs.jpg\",\"datePublished\":\"2025-09-16T08:56:10+00:00\",\"dateModified\":\"2025-09-24T14:12:05+00:00\",\"description\":\"We are the leading store available with Oxycodone for sale. If you wish to buy Oxycodone Apap (Physicians Tc.), contact us right away and get the order delivered. Order Now!\",\"breadcrumb\":{\"@id\":\"https:\/\/buy-prescriptionz.com\/product\/buy-oxycodone-apap-wattson-labs-online\/#breadcrumb\"},\"inLanguage\":\"fi\",\"potentialAction\":[{\"@type\":\"ReadAction\",\"target\":[\"https:\/\/buy-prescriptionz.com\/product\/buy-oxycodone-apap-wattson-labs-online\/\"]}]},{\"@type\":\"ImageObject\",\"inLanguage\":\"fi\",\"@id\":\"https:\/\/buy-prescriptionz.com\/product\/buy-oxycodone-apap-wattson-labs-online\/#primaryimage\",\"url\":\"https:\/\/buy-prescriptionz.com\/wp-content\/uploads\/2025\/09\/oxycodone-apap-wattson-labs.jpg\",\"contentUrl\":\"https:\/\/buy-prescriptionz.com\/wp-content\/uploads\/2025\/09\/oxycodone-apap-wattson-labs.jpg\",\"width\":400,\"height\":300},{\"@type\":\"BreadcrumbList\",\"@id\":\"https:\/\/buy-prescriptionz.com\/product\/buy-oxycodone-apap-wattson-labs-online\/#breadcrumb\",\"itemListElement\":[{\"@type\":\"ListItem\",\"position\":1,\"name\":\"Home\",\"item\":\"https:\/\/buy-prescriptionz.com\/\"},{\"@type\":\"ListItem\",\"position\":2,\"name\":\"Shop Painkillers Online\",\"item\":\"https:\/\/buy-prescriptionz.com\/shop-painkillers-online\/\"},{\"@type\":\"ListItem\",\"position\":3,\"name\":\"Buy Oxycodone &#8211; Apap (Wattson Labs) Online\"}]},{\"@type\":\"WebSite\",\"@id\":\"https:\/\/buy-prescriptionz.com\/#website\",\"url\":\"https:\/\/buy-prescriptionz.com\/\",\"name\":\"Buy Prescriptionz\",\"description\":\"Drugs Online\",\"publisher\":{\"@id\":\"https:\/\/buy-prescriptionz.com\/#organization\"},\"potentialAction\":[{\"@type\":\"SearchAction\",\"target\":{\"@type\":\"EntryPoint\",\"urlTemplate\":\"https:\/\/buy-prescriptionz.com\/?s={search_term_string}\"},\"query-input\":{\"@type\":\"PropertyValueSpecification\",\"valueRequired\":true,\"valueName\":\"search_term_string\"}}],\"inLanguage\":\"fi\"},{\"@type\":\"Organization\",\"@id\":\"https:\/\/buy-prescriptionz.com\/#organization\",\"name\":\"Buy Prescriptionz\",\"url\":\"https:\/\/buy-prescriptionz.com\/\",\"logo\":{\"@type\":\"ImageObject\",\"inLanguage\":\"fi\",\"@id\":\"https:\/\/buy-prescriptionz.com\/#\/schema\/logo\/image\/\",\"url\":\"https:\/\/buy-prescriptionz.com\/wp-content\/uploads\/2023\/09\/logo.png\",\"contentUrl\":\"https:\/\/buy-prescriptionz.com\/wp-content\/uploads\/2023\/09\/logo.png\",\"width\":350,\"height\":64,\"caption\":\"Buy Prescriptionz\"},\"image\":{\"@id\":\"https:\/\/buy-prescriptionz.com\/#\/schema\/logo\/image\/\"}}]}<\/script>\n<!-- \/ Yoast SEO plugin. -->","yoast_head_json":{"title":"Osta Oxycodone Apap (Physicians Tc.) netist\u00e4 - Oxycodone Apap (Physicians Tc.) myyt\u00e4v\u00e4n\u00e4","description":"Olemme johtava oksikodonia myyv\u00e4 kauppa. Jos haluat ostaa oksikodonia Apapia (Physicians Tc.), ota meihin yhteytt\u00e4 heti ja tilaa tilauksesi toimitettavaksi. Tilaa nyt!","robots":{"index":"index","follow":"follow","max-snippet":"max-snippet:-1","max-image-preview":"max-image-preview:large","max-video-preview":"max-video-preview:-1"},"canonical":"https:\/\/buy-prescriptionz.com\/fi\/tuote\/osta-oksikodoni-apap-wattson-labs-verkossa\/","og_locale":"fi_FI","og_type":"article","og_title":"Buy Oxycodone Apap (Physicians Tc.) Online - Oxycodone Apap (Physicians Tc.) for Sale","og_description":"We are the leading store available with Oxycodone for sale. If you wish to buy Oxycodone Apap (Physicians Tc.), contact us right away and get the order delivered. Order Now!","og_url":"https:\/\/buy-prescriptionz.com\/fi\/tuote\/osta-oksikodoni-apap-wattson-labs-verkossa\/","og_site_name":"Buy Prescriptionz","article_modified_time":"2025-09-24T14:12:05+00:00","og_image":[{"width":400,"height":300,"url":"https:\/\/buy-prescriptionz.com\/wp-content\/uploads\/2025\/09\/oxycodone-apap-wattson-labs.jpg","type":"image\/jpeg"}],"twitter_card":"summary_large_image","twitter_misc":{"Arvioitu lukuaika":"5 minuuttia"},"schema":{"@context":"https:\/\/schema.org","@graph":[{"@type":"WebPage","@id":"https:\/\/buy-prescriptionz.com\/product\/buy-oxycodone-apap-wattson-labs-online\/","url":"https:\/\/buy-prescriptionz.com\/product\/buy-oxycodone-apap-wattson-labs-online\/","name":"Osta Oxycodone Apap (Physicians Tc.) netist\u00e4 - Oxycodone Apap (Physicians Tc.) myyt\u00e4v\u00e4n\u00e4","isPartOf":{"@id":"https:\/\/buy-prescriptionz.com\/#website"},"primaryImageOfPage":{"@id":"https:\/\/buy-prescriptionz.com\/product\/buy-oxycodone-apap-wattson-labs-online\/#primaryimage"},"image":{"@id":"https:\/\/buy-prescriptionz.com\/product\/buy-oxycodone-apap-wattson-labs-online\/#primaryimage"},"thumbnailUrl":"https:\/\/buy-prescriptionz.com\/wp-content\/uploads\/2025\/09\/oxycodone-apap-wattson-labs.jpg","datePublished":"2025-09-16T08:56:10+00:00","dateModified":"2025-09-24T14:12:05+00:00","description":"Olemme johtava oksikodonia myyv\u00e4 kauppa. Jos haluat ostaa oksikodonia Apapia (Physicians Tc.), ota meihin yhteytt\u00e4 heti ja tilaa tilauksesi toimitettavaksi. Tilaa nyt!","breadcrumb":{"@id":"https:\/\/buy-prescriptionz.com\/product\/buy-oxycodone-apap-wattson-labs-online\/#breadcrumb"},"inLanguage":"fi","potentialAction":[{"@type":"ReadAction","target":["https:\/\/buy-prescriptionz.com\/product\/buy-oxycodone-apap-wattson-labs-online\/"]}]},{"@type":"ImageObject","inLanguage":"fi","@id":"https:\/\/buy-prescriptionz.com\/product\/buy-oxycodone-apap-wattson-labs-online\/#primaryimage","url":"https:\/\/buy-prescriptionz.com\/wp-content\/uploads\/2025\/09\/oxycodone-apap-wattson-labs.jpg","contentUrl":"https:\/\/buy-prescriptionz.com\/wp-content\/uploads\/2025\/09\/oxycodone-apap-wattson-labs.jpg","width":400,"height":300},{"@type":"BreadcrumbList","@id":"https:\/\/buy-prescriptionz.com\/product\/buy-oxycodone-apap-wattson-labs-online\/#breadcrumb","itemListElement":[{"@type":"ListItem","position":1,"name":"Home","item":"https:\/\/buy-prescriptionz.com\/"},{"@type":"ListItem","position":2,"name":"Shop Painkillers Online","item":"https:\/\/buy-prescriptionz.com\/shop-painkillers-online\/"},{"@type":"ListItem","position":3,"name":"Buy Oxycodone &#8211; Apap (Wattson Labs) Online"}]},{"@type":"WebSite","@id":"https:\/\/buy-prescriptionz.com\/#website","url":"https:\/\/buy-prescriptionz.com\/","name":"Buy Prescriptionz","description":"Huumeet verkossa","publisher":{"@id":"https:\/\/buy-prescriptionz.com\/#organization"},"potentialAction":[{"@type":"SearchAction","target":{"@type":"EntryPoint","urlTemplate":"https:\/\/buy-prescriptionz.com\/?s={search_term_string}"},"query-input":{"@type":"PropertyValueSpecification","valueRequired":true,"valueName":"search_term_string"}}],"inLanguage":"fi"},{"@type":"Organization","@id":"https:\/\/buy-prescriptionz.com\/#organization","name":"Buy Prescriptionz","url":"https:\/\/buy-prescriptionz.com\/","logo":{"@type":"ImageObject","inLanguage":"fi","@id":"https:\/\/buy-prescriptionz.com\/#\/schema\/logo\/image\/","url":"https:\/\/buy-prescriptionz.com\/wp-content\/uploads\/2023\/09\/logo.png","contentUrl":"https:\/\/buy-prescriptionz.com\/wp-content\/uploads\/2023\/09\/logo.png","width":350,"height":64,"caption":"Buy Prescriptionz"},"image":{"@id":"https:\/\/buy-prescriptionz.com\/#\/schema\/logo\/image\/"}}]}},"_links":{"self":[{"href":"https:\/\/buy-prescriptionz.com\/fi\/wp-json\/wp\/v2\/product\/3061","targetHints":{"allow":["GET"]}}],"collection":[{"href":"https:\/\/buy-prescriptionz.com\/fi\/wp-json\/wp\/v2\/product"}],"about":[{"href":"https:\/\/buy-prescriptionz.com\/fi\/wp-json\/wp\/v2\/types\/product"}],"replies":[{"embeddable":true,"href":"https:\/\/buy-prescriptionz.com\/fi\/wp-json\/wp\/v2\/comments?post=3061"}],"wp:featuredmedia":[{"embeddable":true,"href":"https:\/\/buy-prescriptionz.com\/fi\/wp-json\/wp\/v2\/media\/3091"}],"wp:attachment":[{"href":"https:\/\/buy-prescriptionz.com\/fi\/wp-json\/wp\/v2\/media?parent=3061"}],"wp:term":[{"taxonomy":"product_brand","embeddable":true,"href":"https:\/\/buy-prescriptionz.com\/fi\/wp-json\/wp\/v2\/product_brand?post=3061"},{"taxonomy":"product_cat","embeddable":true,"href":"https:\/\/buy-prescriptionz.com\/fi\/wp-json\/wp\/v2\/product_cat?post=3061"},{"taxonomy":"product_tag","embeddable":true,"href":"https:\/\/buy-prescriptionz.com\/fi\/wp-json\/wp\/v2\/product_tag?post=3061"}],"curies":[{"name":"wp","href":"https:\/\/api.w.org\/{rel}","templated":true}]}}