{"id":3064,"date":"2025-09-16T08:56:10","date_gmt":"2025-09-16T08:56:10","guid":{"rendered":"https:\/\/chemsfine.com\/newsite\/?post_type=product&#038;p=3064"},"modified":"2025-09-24T10:04:29","modified_gmt":"2025-09-24T10:04:29","slug":"osta-norco-tabletteja-verkosta","status":"publish","type":"product","link":"https:\/\/buy-prescriptionz.com\/fi\/tuote\/osta-norco-tabletteja-verkosta\/","title":{"rendered":"Osta Norco Tabs verkossa"},"content":{"rendered":"<h2>Osta Norco Tabs verkossa<\/h2>\n<h3>Mik\u00e4 on Norco?<\/h3>\n<p>Norco-tableteissa yhdistet\u00e4\u00e4n asetaminofeenia ja hydrokodonia. Yksi opioidikipul\u00e4\u00e4ketyyppi on hydrokodoni. Narkoottinen aine on toinen nimitys opioidille. V\u00e4hemm\u00e4n tehokas kipua lievitt\u00e4v\u00e4 asetaminofeeni voimistaa hydrokodonin vaikutuksia.<\/p>\n<h3>Osta NORCO (KELTAISIA TABLETTEJA) VERKOSTA<\/h3>\n<p>Osto NORCO (KELTAINEN TABS) ONLINE Osta Norco Tabs Online, Norco (Keltainen Tabs) on sekoitus l\u00e4\u00e4ke parasetamolia ja hydrokodonia, jolla on paikka ker\u00e4ys huumausaineiden kipul\u00e4\u00e4kkeiden (opiaatit). Keltaiset tabletit ovat riitt\u00e4v\u00e4n vahvoja v\u00e4hent\u00e4m\u00e4\u00e4n vakavaa jatkuvaa tuskaa potilailla, koska pahanlaatuinen kasvu, kuten Osta Norco Tabs Online olosuhteet ja ...<\/p>\n<h3>Miten minun pit\u00e4isi k\u00e4ytt\u00e4\u00e4 Norcoa?<\/h3>\n<p>Noudata Norcon ohjeita tarkasti. Noudata l\u00e4\u00e4kkeesi etiketiss\u00e4 olevia ohjeita. \u00c4l\u00e4 koskaan k\u00e4yt\u00e4 t\u00e4t\u00e4 l\u00e4\u00e4kett\u00e4 pidemp\u00e4\u00e4n kuin on suositeltu tai suurempina annoksina. Yliannostus voi johtaa kuolemaan tai maksavaurioon. Kerro l\u00e4\u00e4k\u00e4rillesi, jos l\u00e4\u00e4ke ei n\u00e4yt\u00e4 lievitt\u00e4v\u00e4n kipua yht\u00e4 tehokkaasti. Jopa normaaleilla annoksilla hydrokodoni voi aiheuttaa riippuvuutta. \u00c4l\u00e4 koskaan anna t\u00e4t\u00e4 l\u00e4\u00e4kett\u00e4 kenellek\u00e4\u00e4n muulle, etenk\u00e4\u00e4n jos heill\u00e4 on ollut huumeriippuvuus tai v\u00e4\u00e4rink\u00e4ytt\u00f6. Erityisesti tapauksissa, joissa lapset tai muut henkil\u00f6t k\u00e4ytt\u00e4v\u00e4t l\u00e4\u00e4kett\u00e4 ilman resepti\u00e4, huumausaineiden v\u00e4\u00e4rink\u00e4ytt\u00f6 voi johtaa riippuvuuteen, yliannostukseen tai kuolemaan. Norcon luovuttaminen tai myyminen on laitonta.<\/p>\n<p>Kerro l\u00e4\u00e4k\u00e4rille etuk\u00e4teen, jos aiot k\u00e4ytt\u00e4\u00e4 t\u00e4t\u00e4 l\u00e4\u00e4kett\u00e4, jos tarvitset leikkausta tai muita l\u00e4\u00e4ketieteellisi\u00e4 tutkimuksia. Saatat joutua pit\u00e4m\u00e4\u00e4n pienen tauon l\u00e4\u00e4kkeen ottamisesta. \u00c4l\u00e4 lopeta l\u00e4\u00e4kkeen k\u00e4ytt\u00f6\u00e4 \u00e4killisesti pitk\u00e4aikaisen k\u00e4yt\u00f6n j\u00e4lkeen, sill\u00e4 se voi aiheuttaa ep\u00e4miellytt\u00e4vi\u00e4 vieroitusoireita. Kysy l\u00e4\u00e4k\u00e4rilt\u00e4si, miten Norcon k\u00e4ytt\u00f6 lopetetaan turvallisesti.<\/p>\n<p>Paras Norco tulee s\u00e4ilytt\u00e4\u00e4 huoneenl\u00e4mm\u00f6ss\u00e4 ja poissa l\u00e4mm\u00f6st\u00e4 ja kosteudesta. Kirjaa yl\u00f6s, kuinka paljon l\u00e4\u00e4kett\u00e4 otat jokaisesta uudesta pullosta. Koska hydrokodoni on v\u00e4\u00e4rink\u00e4ytt\u00f6aine, sinun tulee olla valppaana l\u00e4\u00e4kkeesi sopimattoman tai reseptivapaan k\u00e4yt\u00f6n varalta. Varmista, ett\u00e4 saat samoja pillereit\u00e4 \u2013 t\u00e4sm\u00e4lleen samaa tyyppi\u00e4 ja merkki\u00e4 \u2013 jotka l\u00e4\u00e4k\u00e4risi on m\u00e4\u00e4r\u00e4nnyt, tarkistamalla aina pullo. Jos haluat luotettavan ja k\u00e4tev\u00e4n l\u00e4hteen ostaa Norcoa verkosta, valitse Buy-prescriptionz.com. Laajan valikoiman aitoja l\u00e4\u00e4kkeit\u00e4, kilpailukykyiset hinnat, turvalliset maksutapahtumat ja erinomainen asiakaspalvelu tekev\u00e4t Buy-prescriptionz.comista yhden parhaista apteekeista ja takaa saumattoman ostokokemuksen. K\u00e4y Buy-prescriptionz.com-sivustolla jo t\u00e4n\u00e4\u00e4n ja t\u00e4yt\u00e4 reseptil\u00e4\u00e4ketarpeesi luottavaisin mielin.<\/p>\n<h3>Norcoa m\u00e4\u00e4r\u00e4t\u00e4\u00e4n henkil\u00f6ille, jotka kokevat:<\/h3>\n<p>\u2022 Lihaskrampit<\/p>\n<p>\u2022 Vamman aiheuttamat kivut.<\/p>\n<h3>Varotoimenpiteet<\/h3>\n<p>\u2022 Norcoa ei suojata raskauden aikana, koska se voi aiheuttaa ep\u00e4muodostumia syntym\u00e4tt\u00f6m\u00e4lle lapselle.<\/p>\n<p>\u2022 Alkoholin tai Maryjanen k\u00e4ytt\u00f6\u00e4 t\u00e4m\u00e4n l\u00e4\u00e4kkeen kanssa on huolellisesti rajoitettava.<\/p>\n<p>\u2022 Norco ei ole tarkoitettu syd\u00e4n- ja keuhkosairauksista k\u00e4rsiville potilaille.<\/p>\n<h3>Reaktiot<\/h3>\n<p>- Huimaus,<\/p>\n<p>- P\u00e4\u00e4ns\u00e4rky<\/p>\n<p>\u2022 Kouristuskohtaukset<\/p>\n<p>\u2022 Turvotus.<\/p>\n<h3>Varoitukset<\/h3>\n<p>Hydrokodoni voi hidastaa tai pys\u00e4ytt\u00e4\u00e4 hengityksen. \u00c4l\u00e4 koskaan k\u00e4yt\u00e4 Norcoa pidemp\u00e4\u00e4n kuin suositellaan tai suuremmilla annoksilla. Jopa normaaleilla annoksilla opioidikipul\u00e4\u00e4kkeet voivat aiheuttaa riippuvuutta. \u00c4l\u00e4 koskaan anna Norcoa kenellek\u00e4\u00e4n toiselle, etenk\u00e4\u00e4n jos heill\u00e4 on ollut huumeriippuvuus tai v\u00e4\u00e4rink\u00e4ytt\u00f6. Varmista, ett\u00e4 l\u00e4\u00e4ke pidet\u00e4\u00e4n poissa muiden ulottuvilta. Erityisesti tapauksissa, joissa lapset tai muut henkil\u00f6t k\u00e4ytt\u00e4v\u00e4t l\u00e4\u00e4kett\u00e4 ilman resepti\u00e4, huumausaineiden v\u00e4\u00e4rink\u00e4ytt\u00f6 voi johtaa riippuvuuteen, yliannostukseen tai kuolemaan.<\/p>\n<p>Jos MAO-est\u00e4j\u00e4\u00e4, kuten isokarboksatsidia, linetsolidia, metyleenisinist\u00e4 injektiota, feneltsiini\u00e4, rasagiliinia, selegiliinia tai tranyylisypromiinia, on k\u00e4ytetty edellisen 14 p\u00e4iv\u00e4n aikana, v\u00e4lt\u00e4 Norcon k\u00e4ytt\u00f6\u00e4.<\/p>","protected":false},"excerpt":{"rendered":"<p>Buy Norco Tabs Online What is Norco? Acetaminophen and hydrocodone are combined in Norco tabs. One kind of opioid painkiller is hydrocodone. A narcotic is another term for an opioid. The less effective analgesic acetaminophen intensifies the effects of hydrocodone. Purchase NORCO (YELLOW TABS) ONLINE Buy Norco Tabs Online, Norco (Yellow Tabs) is a blend [&hellip;]<\/p>","protected":false},"featured_media":3094,"comment_status":"open","ping_status":"closed","template":"","meta":{"site-sidebar-layout":"default","site-content-layout":"","ast-site-content-layout":"default","site-content-style":"default","site-sidebar-style":"default","ast-global-header-display":"","ast-banner-title-visibility":"","ast-main-header-display":"","ast-hfb-above-header-display":"","ast-hfb-below-header-display":"","ast-hfb-mobile-header-display":"","site-post-title":"","ast-breadcrumbs-content":"","ast-featured-img":"","footer-sml-layout":"","theme-transparent-header-meta":"default","adv-header-id-meta":"","stick-header-meta":"","header-above-stick-meta":"","header-main-stick-meta":"","header-below-stick-meta":"","astra-migrate-meta-layouts":"set","ast-page-background-enabled":"default","ast-page-background-meta":{"desktop":{"background-color":"var(--ast-global-color-4)","background-image":"","background-repeat":"repeat","background-position":"center center","background-size":"auto","background-attachment":"scroll","background-type":"","background-media":"","overlay-type":"","overlay-color":"","overlay-opacity":"","overlay-gradient":""},"tablet":{"background-color":"","background-image":"","background-repeat":"repeat","background-position":"center center","background-size":"auto","background-attachment":"scroll","background-type":"","background-media":"","overlay-type":"","overlay-color":"","overlay-opacity":"","overlay-gradient":""},"mobile":{"background-color":"","background-image":"","background-repeat":"repeat","background-position":"center center","background-size":"auto","background-attachment":"scroll","background-type":"","background-media":"","overlay-type":"","overlay-color":"","overlay-opacity":"","overlay-gradient":""}},"ast-content-background-meta":{"desktop":{"background-color":"var(--ast-global-color-5)","background-image":"","background-repeat":"repeat","background-position":"center center","background-size":"auto","background-attachment":"scroll","background-type":"","background-media":"","overlay-type":"","overlay-color":"","overlay-opacity":"","overlay-gradient":""},"tablet":{"background-color":"var(--ast-global-color-5)","background-image":"","background-repeat":"repeat","background-position":"center center","background-size":"auto","background-attachment":"scroll","background-type":"","background-media":"","overlay-type":"","overlay-color":"","overlay-opacity":"","overlay-gradient":""},"mobile":{"background-color":"var(--ast-global-color-5)","background-image":"","background-repeat":"repeat","background-position":"center center","background-size":"auto","background-attachment":"scroll","background-type":"","background-media":"","overlay-type":"","overlay-color":"","overlay-opacity":"","overlay-gradient":""}}},"product_brand":[],"product_cat":[2385],"product_tag":[1159,1160,1158,1153,1156,1155,1154,1157,1152,1151,1162,1161],"class_list":{"0":"post-3064","1":"product","2":"type-product","3":"status-publish","4":"has-post-thumbnail","6":"product_cat-buy-pain-killer-pills-online","7":"product_tag-buy-norco-yellow-tabs-in-canada","8":"product_tag-buy-norco-yellow-tabs-in-uk","9":"product_tag-buy-norco-yellow-tabs-in-usa","10":"product_tag-buy-norco-yellow-tabs-with-bitcoin","11":"product_tag-buy-norco-yellow-tabs-with-credit-card","12":"product_tag-buy-norco-yellow-tabs-with-money-gram","13":"product_tag-buy-norco-yellow-tabs-with-western-union","14":"product_tag-buy-norco-yellow-tabs-without-a-doctor","15":"product_tag-buy-norco-yellow-tabs-without-prescription","16":"product_tag-norco-yellow-tabs-for-sale","17":"product_tag-norco-yellow-tabs-pills","18":"product_tag-norco-yellow-tabs-tablets","19":"desktop-align-center","20":"tablet-align-left","21":"mobile-align-left","23":"first","24":"instock","25":"shipping-taxable","26":"purchasable","27":"product-type-variable","28":"has-default-attributes"},"yoast_head":"<!-- This site is optimized with the Yoast SEO plugin v25.9 - https:\/\/yoast.com\/wordpress\/plugins\/seo\/ -->\n<title>Buy Norco Tabs Online - Norco Tabs for Sale - Order Norco Tabs<\/title>\n<meta name=\"description\" content=\"Your requirement to buy Norco Tabs online can be fulfilled at our online store as we have Norco Tabs for sale here. Place your order and get affordable deals every day. Order Now!\" \/>\n<meta name=\"robots\" content=\"index, follow, max-snippet:-1, max-image-preview:large, max-video-preview:-1\" \/>\n<link rel=\"canonical\" href=\"https:\/\/buy-prescriptionz.com\/fi\/tuote\/osta-norco-tabletteja-verkosta\/\" \/>\n<meta property=\"og:locale\" content=\"fi_FI\" \/>\n<meta property=\"og:type\" content=\"article\" \/>\n<meta property=\"og:title\" content=\"Buy Norco Tabs Online - Norco Tabs for Sale - Order Norco Tabs\" \/>\n<meta property=\"og:description\" content=\"Your requirement to buy Norco Tabs online can be fulfilled at our online store as we have Norco Tabs for sale here. Place your order and get affordable deals every day. Order Now!\" \/>\n<meta property=\"og:url\" content=\"https:\/\/buy-prescriptionz.com\/fi\/tuote\/osta-norco-tabletteja-verkosta\/\" \/>\n<meta property=\"og:site_name\" content=\"Buy Prescriptionz\" \/>\n<meta property=\"article:modified_time\" content=\"2025-09-24T10:04:29+00:00\" \/>\n<meta property=\"og:image\" content=\"https:\/\/buy-prescriptionz.com\/wp-content\/uploads\/2025\/09\/norco-yellow-tabs.jpg\" \/>\n\t<meta property=\"og:image:width\" content=\"400\" \/>\n\t<meta property=\"og:image:height\" content=\"300\" \/>\n\t<meta property=\"og:image:type\" content=\"image\/jpeg\" \/>\n<meta name=\"twitter:card\" content=\"summary_large_image\" \/>\n<meta name=\"twitter:label1\" content=\"Arvioitu lukuaika\" \/>\n\t<meta name=\"twitter:data1\" content=\"3 minuuttia\" \/>\n<script type=\"application\/ld+json\" class=\"yoast-schema-graph\">{\"@context\":\"https:\/\/schema.org\",\"@graph\":[{\"@type\":\"WebPage\",\"@id\":\"https:\/\/buy-prescriptionz.com\/product\/buy-norco-tabs-online\/\",\"url\":\"https:\/\/buy-prescriptionz.com\/product\/buy-norco-tabs-online\/\",\"name\":\"Buy Norco Tabs Online - Norco Tabs for Sale - Order Norco Tabs\",\"isPartOf\":{\"@id\":\"https:\/\/buy-prescriptionz.com\/#website\"},\"primaryImageOfPage\":{\"@id\":\"https:\/\/buy-prescriptionz.com\/product\/buy-norco-tabs-online\/#primaryimage\"},\"image\":{\"@id\":\"https:\/\/buy-prescriptionz.com\/product\/buy-norco-tabs-online\/#primaryimage\"},\"thumbnailUrl\":\"https:\/\/buy-prescriptionz.com\/wp-content\/uploads\/2025\/09\/norco-yellow-tabs.jpg\",\"datePublished\":\"2025-09-16T08:56:10+00:00\",\"dateModified\":\"2025-09-24T10:04:29+00:00\",\"description\":\"Your requirement to buy Norco Tabs online can be fulfilled at our online store as we have Norco Tabs for sale here. Place your order and get affordable deals every day. Order Now!\",\"breadcrumb\":{\"@id\":\"https:\/\/buy-prescriptionz.com\/product\/buy-norco-tabs-online\/#breadcrumb\"},\"inLanguage\":\"fi\",\"potentialAction\":[{\"@type\":\"ReadAction\",\"target\":[\"https:\/\/buy-prescriptionz.com\/product\/buy-norco-tabs-online\/\"]}]},{\"@type\":\"ImageObject\",\"inLanguage\":\"fi\",\"@id\":\"https:\/\/buy-prescriptionz.com\/product\/buy-norco-tabs-online\/#primaryimage\",\"url\":\"https:\/\/buy-prescriptionz.com\/wp-content\/uploads\/2025\/09\/norco-yellow-tabs.jpg\",\"contentUrl\":\"https:\/\/buy-prescriptionz.com\/wp-content\/uploads\/2025\/09\/norco-yellow-tabs.jpg\",\"width\":400,\"height\":300},{\"@type\":\"BreadcrumbList\",\"@id\":\"https:\/\/buy-prescriptionz.com\/product\/buy-norco-tabs-online\/#breadcrumb\",\"itemListElement\":[{\"@type\":\"ListItem\",\"position\":1,\"name\":\"Home\",\"item\":\"https:\/\/buy-prescriptionz.com\/\"},{\"@type\":\"ListItem\",\"position\":2,\"name\":\"Shop Painkillers Online\",\"item\":\"https:\/\/buy-prescriptionz.com\/shop-painkillers-online\/\"},{\"@type\":\"ListItem\",\"position\":3,\"name\":\"Buy Norco Tabs Online\"}]},{\"@type\":\"WebSite\",\"@id\":\"https:\/\/buy-prescriptionz.com\/#website\",\"url\":\"https:\/\/buy-prescriptionz.com\/\",\"name\":\"Buy Prescriptionz\",\"description\":\"Drugs Online\",\"publisher\":{\"@id\":\"https:\/\/buy-prescriptionz.com\/#organization\"},\"potentialAction\":[{\"@type\":\"SearchAction\",\"target\":{\"@type\":\"EntryPoint\",\"urlTemplate\":\"https:\/\/buy-prescriptionz.com\/?s={search_term_string}\"},\"query-input\":{\"@type\":\"PropertyValueSpecification\",\"valueRequired\":true,\"valueName\":\"search_term_string\"}}],\"inLanguage\":\"fi\"},{\"@type\":\"Organization\",\"@id\":\"https:\/\/buy-prescriptionz.com\/#organization\",\"name\":\"Buy Prescriptionz\",\"url\":\"https:\/\/buy-prescriptionz.com\/\",\"logo\":{\"@type\":\"ImageObject\",\"inLanguage\":\"fi\",\"@id\":\"https:\/\/buy-prescriptionz.com\/#\/schema\/logo\/image\/\",\"url\":\"https:\/\/buy-prescriptionz.com\/wp-content\/uploads\/2023\/09\/logo.png\",\"contentUrl\":\"https:\/\/buy-prescriptionz.com\/wp-content\/uploads\/2023\/09\/logo.png\",\"width\":350,\"height\":64,\"caption\":\"Buy Prescriptionz\"},\"image\":{\"@id\":\"https:\/\/buy-prescriptionz.com\/#\/schema\/logo\/image\/\"}}]}<\/script>\n<!-- \/ Yoast SEO plugin. -->","yoast_head_json":{"title":"Osta Norco-tabletteja verkossa - Norco-tabletteja myyt\u00e4v\u00e4n\u00e4 - Tilaa Norco-tabletteja","description":"Tarvitsetko ostaa Norco-tabletteja verkosta? Voit t\u00e4ytt\u00e4\u00e4 sen verkkokaupastamme, sill\u00e4 meill\u00e4 on Norco-tabletteja myynniss\u00e4 t\u00e4\u00e4ll\u00e4. Tee tilauksesi ja saat edullisia tarjouksia joka p\u00e4iv\u00e4. Tilaa nyt!","robots":{"index":"index","follow":"follow","max-snippet":"max-snippet:-1","max-image-preview":"max-image-preview:large","max-video-preview":"max-video-preview:-1"},"canonical":"https:\/\/buy-prescriptionz.com\/fi\/tuote\/osta-norco-tabletteja-verkosta\/","og_locale":"fi_FI","og_type":"article","og_title":"Buy Norco Tabs Online - Norco Tabs for Sale - Order Norco Tabs","og_description":"Your requirement to buy Norco Tabs online can be fulfilled at our online store as we have Norco Tabs for sale here. Place your order and get affordable deals every day. Order Now!","og_url":"https:\/\/buy-prescriptionz.com\/fi\/tuote\/osta-norco-tabletteja-verkosta\/","og_site_name":"Buy Prescriptionz","article_modified_time":"2025-09-24T10:04:29+00:00","og_image":[{"width":400,"height":300,"url":"https:\/\/buy-prescriptionz.com\/wp-content\/uploads\/2025\/09\/norco-yellow-tabs.jpg","type":"image\/jpeg"}],"twitter_card":"summary_large_image","twitter_misc":{"Arvioitu lukuaika":"3 minuuttia"},"schema":{"@context":"https:\/\/schema.org","@graph":[{"@type":"WebPage","@id":"https:\/\/buy-prescriptionz.com\/product\/buy-norco-tabs-online\/","url":"https:\/\/buy-prescriptionz.com\/product\/buy-norco-tabs-online\/","name":"Osta Norco-tabletteja verkossa - Norco-tabletteja myyt\u00e4v\u00e4n\u00e4 - Tilaa Norco-tabletteja","isPartOf":{"@id":"https:\/\/buy-prescriptionz.com\/#website"},"primaryImageOfPage":{"@id":"https:\/\/buy-prescriptionz.com\/product\/buy-norco-tabs-online\/#primaryimage"},"image":{"@id":"https:\/\/buy-prescriptionz.com\/product\/buy-norco-tabs-online\/#primaryimage"},"thumbnailUrl":"https:\/\/buy-prescriptionz.com\/wp-content\/uploads\/2025\/09\/norco-yellow-tabs.jpg","datePublished":"2025-09-16T08:56:10+00:00","dateModified":"2025-09-24T10:04:29+00:00","description":"Tarvitsetko ostaa Norco-tabletteja verkosta? Voit t\u00e4ytt\u00e4\u00e4 sen verkkokaupastamme, sill\u00e4 meill\u00e4 on Norco-tabletteja myynniss\u00e4 t\u00e4\u00e4ll\u00e4. Tee tilauksesi ja saat edullisia tarjouksia joka p\u00e4iv\u00e4. Tilaa nyt!","breadcrumb":{"@id":"https:\/\/buy-prescriptionz.com\/product\/buy-norco-tabs-online\/#breadcrumb"},"inLanguage":"fi","potentialAction":[{"@type":"ReadAction","target":["https:\/\/buy-prescriptionz.com\/product\/buy-norco-tabs-online\/"]}]},{"@type":"ImageObject","inLanguage":"fi","@id":"https:\/\/buy-prescriptionz.com\/product\/buy-norco-tabs-online\/#primaryimage","url":"https:\/\/buy-prescriptionz.com\/wp-content\/uploads\/2025\/09\/norco-yellow-tabs.jpg","contentUrl":"https:\/\/buy-prescriptionz.com\/wp-content\/uploads\/2025\/09\/norco-yellow-tabs.jpg","width":400,"height":300},{"@type":"BreadcrumbList","@id":"https:\/\/buy-prescriptionz.com\/product\/buy-norco-tabs-online\/#breadcrumb","itemListElement":[{"@type":"ListItem","position":1,"name":"Home","item":"https:\/\/buy-prescriptionz.com\/"},{"@type":"ListItem","position":2,"name":"Shop Painkillers Online","item":"https:\/\/buy-prescriptionz.com\/shop-painkillers-online\/"},{"@type":"ListItem","position":3,"name":"Buy Norco Tabs Online"}]},{"@type":"WebSite","@id":"https:\/\/buy-prescriptionz.com\/#website","url":"https:\/\/buy-prescriptionz.com\/","name":"Buy Prescriptionz","description":"Huumeet verkossa","publisher":{"@id":"https:\/\/buy-prescriptionz.com\/#organization"},"potentialAction":[{"@type":"SearchAction","target":{"@type":"EntryPoint","urlTemplate":"https:\/\/buy-prescriptionz.com\/?s={search_term_string}"},"query-input":{"@type":"PropertyValueSpecification","valueRequired":true,"valueName":"search_term_string"}}],"inLanguage":"fi"},{"@type":"Organization","@id":"https:\/\/buy-prescriptionz.com\/#organization","name":"Buy Prescriptionz","url":"https:\/\/buy-prescriptionz.com\/","logo":{"@type":"ImageObject","inLanguage":"fi","@id":"https:\/\/buy-prescriptionz.com\/#\/schema\/logo\/image\/","url":"https:\/\/buy-prescriptionz.com\/wp-content\/uploads\/2023\/09\/logo.png","contentUrl":"https:\/\/buy-prescriptionz.com\/wp-content\/uploads\/2023\/09\/logo.png","width":350,"height":64,"caption":"Buy Prescriptionz"},"image":{"@id":"https:\/\/buy-prescriptionz.com\/#\/schema\/logo\/image\/"}}]}},"_links":{"self":[{"href":"https:\/\/buy-prescriptionz.com\/fi\/wp-json\/wp\/v2\/product\/3064","targetHints":{"allow":["GET"]}}],"collection":[{"href":"https:\/\/buy-prescriptionz.com\/fi\/wp-json\/wp\/v2\/product"}],"about":[{"href":"https:\/\/buy-prescriptionz.com\/fi\/wp-json\/wp\/v2\/types\/product"}],"replies":[{"embeddable":true,"href":"https:\/\/buy-prescriptionz.com\/fi\/wp-json\/wp\/v2\/comments?post=3064"}],"wp:featuredmedia":[{"embeddable":true,"href":"https:\/\/buy-prescriptionz.com\/fi\/wp-json\/wp\/v2\/media\/3094"}],"wp:attachment":[{"href":"https:\/\/buy-prescriptionz.com\/fi\/wp-json\/wp\/v2\/media?parent=3064"}],"wp:term":[{"taxonomy":"product_brand","embeddable":true,"href":"https:\/\/buy-prescriptionz.com\/fi\/wp-json\/wp\/v2\/product_brand?post=3064"},{"taxonomy":"product_cat","embeddable":true,"href":"https:\/\/buy-prescriptionz.com\/fi\/wp-json\/wp\/v2\/product_cat?post=3064"},{"taxonomy":"product_tag","embeddable":true,"href":"https:\/\/buy-prescriptionz.com\/fi\/wp-json\/wp\/v2\/product_tag?post=3064"}],"curies":[{"name":"wp","href":"https:\/\/api.w.org\/{rel}","templated":true}]}}