{"id":3065,"date":"2025-09-16T08:56:10","date_gmt":"2025-09-16T08:56:10","guid":{"rendered":"https:\/\/chemsfine.com\/newsite\/?post_type=product&#038;p=3065"},"modified":"2025-09-24T06:50:48","modified_gmt":"2025-09-24T06:50:48","slug":"osta-nitratsepaami-nipam-online-3","status":"publish","type":"product","link":"https:\/\/buy-prescriptionz.com\/fi\/tuote\/osta-nitratsepaami-nipam-online-3\/","title":{"rendered":"Osta nitratsepaamia (Nipam) verkossa"},"content":{"rendered":"<h2>Osta nitratsepaamia (Nipam) verkossa<\/h2>\n<h3>Osta nitratsepaamia (Nipam) verkossa Yleist\u00e4:<\/h3>\n<p>osta-nitratsepaamia-nipamia-verkosta, Nitratsepaami on rauhoittava l\u00e4\u00e4ke, jota k\u00e4ytet\u00e4\u00e4n lyhytaikaisesti unen edist\u00e4miseen. Se kuuluu bentsodiatsepiinien ryhm\u00e4\u00e4n. Sit\u00e4 k\u00e4ytet\u00e4\u00e4n enimm\u00e4kseen vakavissa, toimintakyky\u00e4 heikent\u00e4viss\u00e4 tai \u00e4\u00e4rimm\u00e4ist\u00e4 ahdistusta aiheuttavissa tapauksissa.<\/p>\n<p>Nitrazepam 5mg -l\u00e4\u00e4kkeen hinta on paljon alhaisempi kuin v\u00e4hitt\u00e4ismyyntihinta. Pyyd\u00e4 ammattilaisen m\u00e4\u00e4r\u00e4\u00e4mi\u00e4 reseptej\u00e4, jotka vaativat v\u00e4h\u00e4n tai ei ollenkaan vaivaa laillisilta ja luotettavilta Yhdysvalloissa. Nitrazepam voi aiheuttaa horjumista, laiskuutta tai n\u00e4k\u00f6h\u00e4iri\u00f6it\u00e4. N\u00e4m\u00e4 vaikutukset voivat olla vakavampia, jos otat sit\u00e4 alkoholin tai tiettyjen l\u00e4\u00e4kkeiden kanssa. K\u00e4yt\u00e4 Nitrazepamia varoen. \u00c4l\u00e4 aja autoa tai tee muita mahdollisesti vaarallisia asioita, ennen kuin tied\u00e4t, miten reagoit siihen. Jatka valppautta Nitrazepamin ottamisen j\u00e4lkeisen\u00e4 aamuna. \u00c4l\u00e4 juo alkoholia tai k\u00e4yt\u00e4 l\u00e4\u00e4kkeit\u00e4, jotka voivat aiheuttaa laiskuutta (esim. rauhoittavia l\u00e4\u00e4kkeit\u00e4, lihasrelaksantteja), kun k\u00e4yt\u00e4t Nitrazepamia; se voi lis\u00e4t\u00e4 heid\u00e4n ominaisuuksiaan. Kysy l\u00e4\u00e4keasiantuntijaltasi, jos sinulla on kysytt\u00e4v\u00e4\u00e4 siit\u00e4, mitk\u00e4 l\u00e4\u00e4kkeet voivat aiheuttaa uneliaisuutta. Yleisi\u00e4 oireita, kuten sekavuutta, horjumista, koordinaatiovaikeuksia ja muistih\u00e4iri\u00f6it\u00e4, esiintyy usein tunnin sis\u00e4ll\u00e4 Nitrazepamin ottamisesta. Muista ottaa Nitrazepam juuri ennen nukkumaanmenoa tai jo s\u00e4ngyss\u00e4 ollessasi. T\u00e4m\u00e4 lievitt\u00e4\u00e4 n\u00e4it\u00e4 oireita. Nitratsepaami voi palovammata sinua auringossa voimakkaammin. Pysy kaukana auringosta, aurinkolampuista tai solariumeista, kunnes tied\u00e4t, miten reagoit nitratsepaamiin. K\u00e4yt\u00e4 aurinkovoidetta tai suojavaatetusta, jos aiot olla ulkona pidemp\u00e4\u00e4n kuin lyhyen aikaa. Kerro yleisl\u00e4\u00e4k\u00e4rillesi tai hammasl\u00e4\u00e4k\u00e4rillesi, ett\u00e4 k\u00e4yt\u00e4t nitratsepaamia, ennen kuin saat hoitoa tai hammashoitoa, ensiapua tai l\u00e4\u00e4ketieteellist\u00e4 toimenpidett\u00e4. T\u00e4m\u00e4 tuote saattaa sis\u00e4lt\u00e4\u00e4 tartrasiiniv\u00e4riainetta. T\u00e4m\u00e4 voi aiheuttaa ep\u00e4suotuisan allergisen reaktion joillakin potilailla. Jos sinulla on joskus ollut yliherkkyysreaktio tartrasiinille, kysy, sis\u00e4lt\u00e4\u00e4k\u00f6 tuotteesi tartrasiinia. \u00c4l\u00e4 ota suurempaa annosta kuin suositeltua \u00e4l\u00e4k\u00e4 k\u00e4yt\u00e4 pidemp\u00e4\u00e4n kuin on suositeltu keskustelematta ensin yleisl\u00e4\u00e4k\u00e4risi kanssa. Saatat kokea nukahtamisvaivoja 1-2 y\u00f6n ajan nitratsepaamin k\u00e4yt\u00f6n lopettamisen j\u00e4lkeen. Jos se jatkuu, ota yhteytt\u00e4 yleisl\u00e4\u00e4k\u00e4riisi.<\/p>\n<h3>Osto Nitratsepaami (Nipam) 5mg<\/h3>\n<p>Osta Nitratsepaami (Nipam) Online, Voit ostaa Nitrazepam verkossa (Nipam) 5mg pyynt\u00f6 t\u00e4\u00e4ll\u00e4, meill\u00e4 on erinomainen Nitrazepam (Mogadon) 5mg pillereit\u00e4. ostaa Nitrazepam (Nipam) 5mg Online ilman l\u00e4\u00e4kett\u00e4.<\/p>\n<p><strong>Osto Nitrazepam (Nipam) 5mg Online by Best Online ilman resepti\u00e4 Site.<\/strong><\/p>\n<p>Nitratsepaami (Nipam) 5mg<\/p>\n<p>Huippuluokan nitratsepaami (Nipam) 5mg pillereit\u00e4 (Nipam)<\/p>\n<p>Yleinen toimitus<\/p>\n<p>Harkittu pakkaaminen<\/p>\n<p>Live-tuki<\/p>\n<p>100% Tyytyv\u00e4isyystakuu<\/p>\n<p><strong>Osto Nitrazepam verkossa (Nipam) 5mg by Best Online ilman resepti\u00e4 Site.<\/strong><\/p>\n<p>TARJOAMME MERENTAKAISIA PALVELUJA TURVALLISEN MERENKULUN KOTIOVELLESI!<\/p>\n<p>Voit suorittaa maksun luotto- ja pankkikortilla.<\/p>\n<p>EMS \/ USPS Express Discreet TrackAble Toimitus yleinen alue.<\/p>\n<p>Nitratsepaami (Nipam) 5mg k\u00e4ytet\u00e4\u00e4n hallintaan j\u00e4nnityksen ongelma, ohimenev\u00e4 apua sivuvaikutuksia hermostuneisuus tai levottomuus liittyv\u00e4t misery.buy-nitrazepam-nipam-online<\/p>\n<h3>Tietoja Nipam 5 MG -tabletista<\/h3>\n<p>Nipam 5 MG -tabletti on hypnoottinen bentsodiatsepaami, jota k\u00e4ytet\u00e4\u00e4n infantiilien kouristusten ja unettomuuden hoitoon. On eritt\u00e4in suositeltavaa, ett\u00e4 henkil\u00f6 ei k\u00e4yt\u00e4 parasta Nipam 5 MG -tablettia, jos h\u00e4nell\u00e4 on keuhkoahtaumataudin oireita, allergioita, korkea silm\u00e4npaine tai vakava maksavaurio. T\u00e4m\u00e4 l\u00e4\u00e4ke voi auttaa my\u00f6s mielialah\u00e4iri\u00f6ihin, alkoholin vieroitusoireisiin, luustolihasrelaksantteihin ja kohtauksia aiheuttaviin sairauksiin.<br \/>\n<strong><br \/>\n<\/strong>Nipam 5 MG -tablettia annetaan edelleen raskaana oleville naisille, vaikka on olemassa riski, ett\u00e4 se voi vahingoittaa syntym\u00e4t\u00f6nt\u00e4 lasta, jos sit\u00e4 k\u00e4ytet\u00e4\u00e4n raskauden aikana. T\u00e4m\u00e4 johtuu siit\u00e4, ett\u00e4 mahdolliset hy\u00f6dyt ovat selv\u00e4sti suuremmat kuin riskit.<\/p>\n<h3><strong>Miten summa tulisi ottaa?<\/strong><\/h3>\n<p>Jos unohdat ottaa Nipam 5 MG -tabletin, ota se heti kun muistat. Jos on melkein aika seuraavalle annokselle, \u00e4l\u00e4 ota unohtunutta annosta. \u00c4l\u00e4 ota kahta annosta kerralla korvataksesi unohtamasi annoksen.<\/p>\n<p><strong>\u00bfExisten instrucciones en caso de sobredosis?<\/strong><\/p>\n<p>Jos ep\u00e4ilet, ett\u00e4 joku on ottanut yliannostuksen, hakeudu ensiapuun tai soita l\u00e4\u00e4k\u00e4rillesi. Tiedot perustuvat l\u00e4\u00e4kkeen suolapitoisuuteen. L\u00e4\u00e4kett\u00e4 voidaan k\u00e4ytt\u00e4\u00e4 eri tavoin ja sill\u00e4 voi olla erilaisia \u200b\u200bvaikutuksia eri ihmisill\u00e4. Ennen l\u00e4\u00e4kkeen ottamista sinun tulee keskustella psykiatrin kanssa.<\/p>\n<p><strong>T\u00e4rkeit\u00e4 tietoja Nipam 5 MG -tabletista <\/strong><\/p>\n<p>Kuinka kauan vaikutus kest\u00e4\u00e4?<\/p>\n<p>Yleens\u00e4 t\u00e4m\u00e4n l\u00e4\u00e4kkeen vaikutukset kest\u00e4v\u00e4t 6\u20138 tuntia.<\/p>\n<p>Milloin taistelu alkaa?<\/p>\n<p>Voit huomata l\u00e4\u00e4kkeen vaikutuksen 30\u201360 minuutin kuluttua.<\/p>\n<p>Onko mit\u00e4\u00e4n merkkej\u00e4 raskaudesta?<\/p>\n<p>Raskaana olevien naisten ei tule k\u00e4ytt\u00e4\u00e4 t\u00e4t\u00e4 l\u00e4\u00e4kett\u00e4. Nipam 5 MG -tabletti l\u00e4p\u00e4isee istukan. Suuhalkioita on raportoitu, mutta uudemmat tiedot eiv\u00e4t tue yhteytt\u00e4 huumeiden k\u00e4yt\u00f6n ja suuhalkioiden v\u00e4lill\u00e4. Muita raportoituja synnynn\u00e4isi\u00e4 ep\u00e4muodostumia ovat nivustyr\u00e4t, syd\u00e4nviat, selk\u00e4rankahalkio, kasvonpiirteiden muutokset, luustoviat ja monet muut. My\u00f6s hypotoniaa ja vieroitusoireita on raportoitu l\u00e4hell\u00e4 synnytyst\u00e4 k\u00e4ytetyn l\u00e4\u00e4kkeen j\u00e4lkeen.<\/p>\n<p>Tuleeko siit\u00e4 tapa?<\/p>\n<p>Taipumusta muodostaa tapoja on kuvattu.<\/p>\n<p>Onko mit\u00e4\u00e4n vinkkej\u00e4 imetykseen?<\/p>\n<p>Imett\u00e4vien naisten ei tule k\u00e4ytt\u00e4\u00e4 t\u00e4t\u00e4 l\u00e4\u00e4kett\u00e4. 5 mg:n Nipam-tabletti voi eritty\u00e4 rintamaitoon.<\/p>\n<p>Onko juomassa turvallista?<\/p>\n<p>Bentsodiatsepiineihin on yhdistetty additiivinen keskushermostollinen alakuloisuus; v\u00e4lt\u00e4 tai juo v\u00e4hemm\u00e4n alkoholia.<\/p>\n<p>Onko ok ajaa t\u00e4m\u00e4n l\u00e4\u00e4kkeen ottamisen j\u00e4lkeen?<\/p>\n<p>T\u00e4ll\u00e4 l\u00e4\u00e4kkeell\u00e4 on sivuvaikutuksia, jotka aiheuttavat tajunnan menetyksen. Siksi potilaan ei tule ajaa, jos h\u00e4n tuntee olonsa huonoksi, kuten on unelias, h\u00e4nell\u00e4 on huimausta tai n\u00e4k\u00f6vaikeuksia.<\/p>\n<p>Muuttaako t\u00e4m\u00e4 munuaisten toimintaa?<\/p>\n<p>Ei voida dialysoida (0\u20135 %); ylim\u00e4\u00e4r\u00e4ist\u00e4 annosta ei tarvita.<\/p>\n<p>Muuttaako t\u00e4m\u00e4 maksan toimintaa?<\/p>\n<p>\u00c4l\u00e4 k\u00e4yt\u00e4 sit\u00e4, jos sinulla on kirroosi tai vakava tai akuutti maksasairaus; pienenn\u00e4 m\u00e4\u00e4r\u00e4 puoleen.<\/p>\n<p>Jos ep\u00e4ilet, ett\u00e4 joku on ottanut yliannostuksen, hakeudu ensiapuun tai soita l\u00e4\u00e4k\u00e4rillesi. Tiedot perustuvat l\u00e4\u00e4kkeen suolapitoisuuteen. L\u00e4\u00e4kett\u00e4 voidaan k\u00e4ytt\u00e4\u00e4 eri tavoin ja sill\u00e4 voi olla erilaisia \u200b\u200bvaikutuksia eri ihmisill\u00e4. Ennen l\u00e4\u00e4kkeen ottamista sinun tulee keskustella psykiatrin kanssa.<\/p>\n<h3>Miten l\u00e4het\u00e4mme niput?<\/h3>\n<p>Pakkaamme niput varovasti volframi- ja hiilipapereilla v\u00e4ltty\u00e4ksemme lentokoneterminaalien perinteisilt\u00e4 r\u00f6ntgenkoneilta. Niput t\u00e4ytet\u00e4\u00e4n virheett\u00f6m\u00e4sti siunauspapereilla ulkopuolelta.<\/p>\n<h3>Miten se voi toimia?<\/h3>\n<p>Osta nitratsepaami (Nipam) Online, Nitratsepaami on paikka ker\u00e4ys l\u00e4\u00e4kkeiden kutsutaan bentsodiatsepiinit. Se seuraa aivojen reseptoreihin (GABA-reseptoreihin) aiheuttaen GABA (gamma-aminovoibutyyri) -nimisen yhdisteen saapumisen. GABA on merkitt\u00e4v\u00e4 est\u00e4v\u00e4 aine aivoissa, joka liittyy uneliaisuuden aikaansaamiseen sek\u00e4 levottomuuden ja kohtausten hallintaan.<\/p>\n<p>Nitratsepaami vaikuttaa laajentamalla GABA:n liikett\u00e4 ja siten v\u00e4hent\u00e4m\u00e4ll\u00e4 tiettyjen mielenalueiden toimintaa. T\u00e4m\u00e4 johtaa vaisuuteen, j\u00e4nnityksen v\u00e4henemiseen ja lihasten rentoutumiseen.<\/p>\n<p>Nitratsepaamia k\u00e4ytet\u00e4\u00e4n tavallisimmin unih\u00e4iri\u00f6n hoitoon. Se v\u00e4hent\u00e4\u00e4 nukahtamiseen kuluvaa aikaa ja y\u00f6llisi\u00e4 her\u00e4\u00e4misi\u00e4 sek\u00e4 laajentaa lep\u00e4\u00e4miseen k\u00e4ytetyn ajan kokonaissummaa. Koska nitratsepaami pysyy elimist\u00f6ss\u00e4 dynaamisena pitk\u00e4\u00e4n, v\u00e4symyst\u00e4 voi esiinty\u00e4 seuraavana p\u00e4iv\u00e4n\u00e4. osta-nitratsepaami-nipam-online<\/p>\n<h3>Miksi Nipam 5 MG -tablettia k\u00e4ytet\u00e4\u00e4n unettomuuteen?<\/h3>\n<p>Jos ep\u00e4ilet, ett\u00e4 joku on ottanut yliannostuksen, hakeudu ensiapuun tai soita l\u00e4\u00e4k\u00e4rillesi. Tiedot perustuvat l\u00e4\u00e4kkeen suolapitoisuuteen. L\u00e4\u00e4kett\u00e4 voidaan k\u00e4ytt\u00e4\u00e4 eri tavoin ja sill\u00e4 voi olla erilaisia \u200b\u200bvaikutuksia eri ihmisill\u00e4. Ennen l\u00e4\u00e4kkeen ottamista sinun tulee keskustella psykiatrin kanssa.<\/p>","protected":false},"excerpt":{"rendered":"<p>Buy Nitrazepam (Nipam) Online Buy Nitrazepam (Nipam) Online\u00a0General Information: buy-nitrazepam-nipam-online, Nitrazepam is a sedative medication which is used in the short-term to help people sleep. It belongs to a group of drugs called benzodiazepines. It is mostly used in cases which are severe, disabling or causing extreme distress The medicine cost on Buy Nitrazepam 5mg [&hellip;]<\/p>","protected":false},"featured_media":3095,"comment_status":"open","ping_status":"closed","template":"","meta":{"site-sidebar-layout":"default","site-content-layout":"","ast-site-content-layout":"default","site-content-style":"default","site-sidebar-style":"default","ast-global-header-display":"","ast-banner-title-visibility":"","ast-main-header-display":"","ast-hfb-above-header-display":"","ast-hfb-below-header-display":"","ast-hfb-mobile-header-display":"","site-post-title":"","ast-breadcrumbs-content":"","ast-featured-img":"","footer-sml-layout":"","theme-transparent-header-meta":"default","adv-header-id-meta":"","stick-header-meta":"","header-above-stick-meta":"","header-main-stick-meta":"","header-below-stick-meta":"","astra-migrate-meta-layouts":"set","ast-page-background-enabled":"default","ast-page-background-meta":{"desktop":{"background-color":"var(--ast-global-color-4)","background-image":"","background-repeat":"repeat","background-position":"center center","background-size":"auto","background-attachment":"scroll","background-type":"","background-media":"","overlay-type":"","overlay-color":"","overlay-opacity":"","overlay-gradient":""},"tablet":{"background-color":"","background-image":"","background-repeat":"repeat","background-position":"center center","background-size":"auto","background-attachment":"scroll","background-type":"","background-media":"","overlay-type":"","overlay-color":"","overlay-opacity":"","overlay-gradient":""},"mobile":{"background-color":"","background-image":"","background-repeat":"repeat","background-position":"center center","background-size":"auto","background-attachment":"scroll","background-type":"","background-media":"","overlay-type":"","overlay-color":"","overlay-opacity":"","overlay-gradient":""}},"ast-content-background-meta":{"desktop":{"background-color":"var(--ast-global-color-5)","background-image":"","background-repeat":"repeat","background-position":"center center","background-size":"auto","background-attachment":"scroll","background-type":"","background-media":"","overlay-type":"","overlay-color":"","overlay-opacity":"","overlay-gradient":""},"tablet":{"background-color":"var(--ast-global-color-5)","background-image":"","background-repeat":"repeat","background-position":"center center","background-size":"auto","background-attachment":"scroll","background-type":"","background-media":"","overlay-type":"","overlay-color":"","overlay-opacity":"","overlay-gradient":""},"mobile":{"background-color":"var(--ast-global-color-5)","background-image":"","background-repeat":"repeat","background-position":"center center","background-size":"auto","background-attachment":"scroll","background-type":"","background-media":"","overlay-type":"","overlay-color":"","overlay-opacity":"","overlay-gradient":""}}},"product_brand":[],"product_cat":[2385],"product_tag":[1087,1088,1086,1081,1084,1083,1082,1085,1080,1079,1090,1089],"class_list":{"0":"post-3065","1":"product","2":"type-product","3":"status-publish","4":"has-post-thumbnail","6":"product_cat-buy-pain-killer-pills-online","7":"product_tag-buy-nitrazeoam-nipam-in-canada","8":"product_tag-buy-nitrazeoam-nipam-in-uk","9":"product_tag-buy-nitrazeoam-nipam-in-usa","10":"product_tag-buy-nitrazeoam-nipam-with-bitcoin","11":"product_tag-buy-nitrazeoam-nipam-with-credit-card","12":"product_tag-buy-nitrazeoam-nipam-with-money-gram","13":"product_tag-buy-nitrazeoam-nipam-with-western-union","14":"product_tag-buy-nitrazeoam-nipam-without-a-doctor","15":"product_tag-buy-nitrazeoam-nipam-without-prescription","16":"product_tag-nitrazeoam-nipam-for-sale","17":"product_tag-nitrazeoam-nipam-pills","18":"product_tag-nitrazeoam-nipam-tablets","19":"desktop-align-center","20":"tablet-align-left","21":"mobile-align-left","23":"first","24":"instock","25":"shipping-taxable","26":"purchasable","27":"product-type-variable","28":"has-default-attributes"},"yoast_head":"<!-- This site is optimized with the Yoast SEO plugin v25.9 - https:\/\/yoast.com\/wordpress\/plugins\/seo\/ -->\n<title>Buy Nitrazepam (Nipam) Online - Sleeping Pills Vendor<\/title>\n<meta name=\"description\" content=\"Buy Nitrazepam (Nipam) Online, Nitrazepam-5-MG and there variants. Check for ... Nitrazepam 5 MG This composition has 44 Products ... NIPAM 5MG TAB\" \/>\n<meta name=\"robots\" content=\"index, follow, max-snippet:-1, max-image-preview:large, max-video-preview:-1\" \/>\n<link rel=\"canonical\" href=\"https:\/\/buy-prescriptionz.com\/fi\/tuote\/osta-nitratsepaami-nipam-online-3\/\" \/>\n<meta property=\"og:locale\" content=\"fi_FI\" \/>\n<meta property=\"og:type\" content=\"article\" \/>\n<meta property=\"og:title\" content=\"Buy Nitrazepam (Nipam) Online - Sleeping Pills Vendor\" \/>\n<meta property=\"og:description\" content=\"Buy Nitrazepam (Nipam) Online, Nitrazepam-5-MG and there variants. Check for ... Nitrazepam 5 MG This composition has 44 Products ... NIPAM 5MG TAB\" \/>\n<meta property=\"og:url\" content=\"https:\/\/buy-prescriptionz.com\/fi\/tuote\/osta-nitratsepaami-nipam-online-3\/\" \/>\n<meta property=\"og:site_name\" content=\"Buy Prescriptionz\" \/>\n<meta property=\"article:modified_time\" content=\"2025-09-24T06:50:48+00:00\" \/>\n<meta property=\"og:image\" content=\"https:\/\/buy-prescriptionz.com\/wp-content\/uploads\/2025\/09\/nitrazeoam-nipam.jpg\" \/>\n\t<meta property=\"og:image:width\" content=\"400\" \/>\n\t<meta property=\"og:image:height\" content=\"300\" \/>\n\t<meta property=\"og:image:type\" content=\"image\/jpeg\" \/>\n<meta name=\"twitter:card\" content=\"summary_large_image\" \/>\n<meta name=\"twitter:label1\" content=\"Arvioitu lukuaika\" \/>\n\t<meta name=\"twitter:data1\" content=\"6 minuuttia\" \/>\n<script type=\"application\/ld+json\" class=\"yoast-schema-graph\">{\"@context\":\"https:\/\/schema.org\",\"@graph\":[{\"@type\":\"WebPage\",\"@id\":\"https:\/\/buy-prescriptionz.com\/product\/buy-nitrazepam-nipam-online\/\",\"url\":\"https:\/\/buy-prescriptionz.com\/product\/buy-nitrazepam-nipam-online\/\",\"name\":\"Buy Nitrazepam (Nipam) Online - Sleeping Pills Vendor\",\"isPartOf\":{\"@id\":\"https:\/\/buy-prescriptionz.com\/#website\"},\"primaryImageOfPage\":{\"@id\":\"https:\/\/buy-prescriptionz.com\/product\/buy-nitrazepam-nipam-online\/#primaryimage\"},\"image\":{\"@id\":\"https:\/\/buy-prescriptionz.com\/product\/buy-nitrazepam-nipam-online\/#primaryimage\"},\"thumbnailUrl\":\"https:\/\/buy-prescriptionz.com\/wp-content\/uploads\/2025\/09\/nitrazeoam-nipam.jpg\",\"datePublished\":\"2025-09-16T08:56:10+00:00\",\"dateModified\":\"2025-09-24T06:50:48+00:00\",\"description\":\"Buy Nitrazepam (Nipam) Online, Nitrazepam-5-MG and there variants. Check for ... Nitrazepam 5 MG This composition has 44 Products ... NIPAM 5MG TAB\",\"breadcrumb\":{\"@id\":\"https:\/\/buy-prescriptionz.com\/product\/buy-nitrazepam-nipam-online\/#breadcrumb\"},\"inLanguage\":\"fi\",\"potentialAction\":[{\"@type\":\"ReadAction\",\"target\":[\"https:\/\/buy-prescriptionz.com\/product\/buy-nitrazepam-nipam-online\/\"]}]},{\"@type\":\"ImageObject\",\"inLanguage\":\"fi\",\"@id\":\"https:\/\/buy-prescriptionz.com\/product\/buy-nitrazepam-nipam-online\/#primaryimage\",\"url\":\"https:\/\/buy-prescriptionz.com\/wp-content\/uploads\/2025\/09\/nitrazeoam-nipam.jpg\",\"contentUrl\":\"https:\/\/buy-prescriptionz.com\/wp-content\/uploads\/2025\/09\/nitrazeoam-nipam.jpg\",\"width\":400,\"height\":300},{\"@type\":\"BreadcrumbList\",\"@id\":\"https:\/\/buy-prescriptionz.com\/product\/buy-nitrazepam-nipam-online\/#breadcrumb\",\"itemListElement\":[{\"@type\":\"ListItem\",\"position\":1,\"name\":\"Home\",\"item\":\"https:\/\/buy-prescriptionz.com\/\"},{\"@type\":\"ListItem\",\"position\":2,\"name\":\"Shop Painkillers Online\",\"item\":\"https:\/\/buy-prescriptionz.com\/shop-painkillers-online\/\"},{\"@type\":\"ListItem\",\"position\":3,\"name\":\"Buy Nitrazepam (Nipam) Online\"}]},{\"@type\":\"WebSite\",\"@id\":\"https:\/\/buy-prescriptionz.com\/#website\",\"url\":\"https:\/\/buy-prescriptionz.com\/\",\"name\":\"Buy Prescriptionz\",\"description\":\"Drugs Online\",\"publisher\":{\"@id\":\"https:\/\/buy-prescriptionz.com\/#organization\"},\"potentialAction\":[{\"@type\":\"SearchAction\",\"target\":{\"@type\":\"EntryPoint\",\"urlTemplate\":\"https:\/\/buy-prescriptionz.com\/?s={search_term_string}\"},\"query-input\":{\"@type\":\"PropertyValueSpecification\",\"valueRequired\":true,\"valueName\":\"search_term_string\"}}],\"inLanguage\":\"fi\"},{\"@type\":\"Organization\",\"@id\":\"https:\/\/buy-prescriptionz.com\/#organization\",\"name\":\"Buy Prescriptionz\",\"url\":\"https:\/\/buy-prescriptionz.com\/\",\"logo\":{\"@type\":\"ImageObject\",\"inLanguage\":\"fi\",\"@id\":\"https:\/\/buy-prescriptionz.com\/#\/schema\/logo\/image\/\",\"url\":\"https:\/\/buy-prescriptionz.com\/wp-content\/uploads\/2023\/09\/logo.png\",\"contentUrl\":\"https:\/\/buy-prescriptionz.com\/wp-content\/uploads\/2023\/09\/logo.png\",\"width\":350,\"height\":64,\"caption\":\"Buy Prescriptionz\"},\"image\":{\"@id\":\"https:\/\/buy-prescriptionz.com\/#\/schema\/logo\/image\/\"}}]}<\/script>\n<!-- \/ Yoast SEO plugin. -->","yoast_head_json":{"title":"Osta nitratsepaami (Nipam) verkossa - unil\u00e4\u00e4kkeiden myyj\u00e4","description":"Osta Nitratsepaami (Nipam) verkossa, Nitrazepam-5-MG ja sen muunnokset. Tarkista ... Nitratsepaami 5 MG T\u00e4ss\u00e4 koostumuksessa on 44 tuotetta ... NIPAM 5 MG TAB","robots":{"index":"index","follow":"follow","max-snippet":"max-snippet:-1","max-image-preview":"max-image-preview:large","max-video-preview":"max-video-preview:-1"},"canonical":"https:\/\/buy-prescriptionz.com\/fi\/tuote\/osta-nitratsepaami-nipam-online-3\/","og_locale":"fi_FI","og_type":"article","og_title":"Buy Nitrazepam (Nipam) Online - Sleeping Pills Vendor","og_description":"Buy Nitrazepam (Nipam) Online, Nitrazepam-5-MG and there variants. Check for ... Nitrazepam 5 MG This composition has 44 Products ... NIPAM 5MG TAB","og_url":"https:\/\/buy-prescriptionz.com\/fi\/tuote\/osta-nitratsepaami-nipam-online-3\/","og_site_name":"Buy Prescriptionz","article_modified_time":"2025-09-24T06:50:48+00:00","og_image":[{"width":400,"height":300,"url":"https:\/\/buy-prescriptionz.com\/wp-content\/uploads\/2025\/09\/nitrazeoam-nipam.jpg","type":"image\/jpeg"}],"twitter_card":"summary_large_image","twitter_misc":{"Arvioitu lukuaika":"6 minuuttia"},"schema":{"@context":"https:\/\/schema.org","@graph":[{"@type":"WebPage","@id":"https:\/\/buy-prescriptionz.com\/product\/buy-nitrazepam-nipam-online\/","url":"https:\/\/buy-prescriptionz.com\/product\/buy-nitrazepam-nipam-online\/","name":"Osta nitratsepaami (Nipam) verkossa - unil\u00e4\u00e4kkeiden myyj\u00e4","isPartOf":{"@id":"https:\/\/buy-prescriptionz.com\/#website"},"primaryImageOfPage":{"@id":"https:\/\/buy-prescriptionz.com\/product\/buy-nitrazepam-nipam-online\/#primaryimage"},"image":{"@id":"https:\/\/buy-prescriptionz.com\/product\/buy-nitrazepam-nipam-online\/#primaryimage"},"thumbnailUrl":"https:\/\/buy-prescriptionz.com\/wp-content\/uploads\/2025\/09\/nitrazeoam-nipam.jpg","datePublished":"2025-09-16T08:56:10+00:00","dateModified":"2025-09-24T06:50:48+00:00","description":"Osta Nitratsepaami (Nipam) verkossa, Nitrazepam-5-MG ja sen muunnokset. Tarkista ... Nitratsepaami 5 MG T\u00e4ss\u00e4 koostumuksessa on 44 tuotetta ... NIPAM 5 MG TAB","breadcrumb":{"@id":"https:\/\/buy-prescriptionz.com\/product\/buy-nitrazepam-nipam-online\/#breadcrumb"},"inLanguage":"fi","potentialAction":[{"@type":"ReadAction","target":["https:\/\/buy-prescriptionz.com\/product\/buy-nitrazepam-nipam-online\/"]}]},{"@type":"ImageObject","inLanguage":"fi","@id":"https:\/\/buy-prescriptionz.com\/product\/buy-nitrazepam-nipam-online\/#primaryimage","url":"https:\/\/buy-prescriptionz.com\/wp-content\/uploads\/2025\/09\/nitrazeoam-nipam.jpg","contentUrl":"https:\/\/buy-prescriptionz.com\/wp-content\/uploads\/2025\/09\/nitrazeoam-nipam.jpg","width":400,"height":300},{"@type":"BreadcrumbList","@id":"https:\/\/buy-prescriptionz.com\/product\/buy-nitrazepam-nipam-online\/#breadcrumb","itemListElement":[{"@type":"ListItem","position":1,"name":"Home","item":"https:\/\/buy-prescriptionz.com\/"},{"@type":"ListItem","position":2,"name":"Shop Painkillers Online","item":"https:\/\/buy-prescriptionz.com\/shop-painkillers-online\/"},{"@type":"ListItem","position":3,"name":"Buy Nitrazepam (Nipam) Online"}]},{"@type":"WebSite","@id":"https:\/\/buy-prescriptionz.com\/#website","url":"https:\/\/buy-prescriptionz.com\/","name":"Buy Prescriptionz","description":"Huumeet verkossa","publisher":{"@id":"https:\/\/buy-prescriptionz.com\/#organization"},"potentialAction":[{"@type":"SearchAction","target":{"@type":"EntryPoint","urlTemplate":"https:\/\/buy-prescriptionz.com\/?s={search_term_string}"},"query-input":{"@type":"PropertyValueSpecification","valueRequired":true,"valueName":"search_term_string"}}],"inLanguage":"fi"},{"@type":"Organization","@id":"https:\/\/buy-prescriptionz.com\/#organization","name":"Buy Prescriptionz","url":"https:\/\/buy-prescriptionz.com\/","logo":{"@type":"ImageObject","inLanguage":"fi","@id":"https:\/\/buy-prescriptionz.com\/#\/schema\/logo\/image\/","url":"https:\/\/buy-prescriptionz.com\/wp-content\/uploads\/2023\/09\/logo.png","contentUrl":"https:\/\/buy-prescriptionz.com\/wp-content\/uploads\/2023\/09\/logo.png","width":350,"height":64,"caption":"Buy Prescriptionz"},"image":{"@id":"https:\/\/buy-prescriptionz.com\/#\/schema\/logo\/image\/"}}]}},"_links":{"self":[{"href":"https:\/\/buy-prescriptionz.com\/fi\/wp-json\/wp\/v2\/product\/3065","targetHints":{"allow":["GET"]}}],"collection":[{"href":"https:\/\/buy-prescriptionz.com\/fi\/wp-json\/wp\/v2\/product"}],"about":[{"href":"https:\/\/buy-prescriptionz.com\/fi\/wp-json\/wp\/v2\/types\/product"}],"replies":[{"embeddable":true,"href":"https:\/\/buy-prescriptionz.com\/fi\/wp-json\/wp\/v2\/comments?post=3065"}],"wp:featuredmedia":[{"embeddable":true,"href":"https:\/\/buy-prescriptionz.com\/fi\/wp-json\/wp\/v2\/media\/3095"}],"wp:attachment":[{"href":"https:\/\/buy-prescriptionz.com\/fi\/wp-json\/wp\/v2\/media?parent=3065"}],"wp:term":[{"taxonomy":"product_brand","embeddable":true,"href":"https:\/\/buy-prescriptionz.com\/fi\/wp-json\/wp\/v2\/product_brand?post=3065"},{"taxonomy":"product_cat","embeddable":true,"href":"https:\/\/buy-prescriptionz.com\/fi\/wp-json\/wp\/v2\/product_cat?post=3065"},{"taxonomy":"product_tag","embeddable":true,"href":"https:\/\/buy-prescriptionz.com\/fi\/wp-json\/wp\/v2\/product_tag?post=3065"}],"curies":[{"name":"wp","href":"https:\/\/api.w.org\/{rel}","templated":true}]}}