{"id":3067,"date":"2025-09-16T08:56:11","date_gmt":"2025-09-16T08:56:11","guid":{"rendered":"https:\/\/chemsfine.com\/newsite\/?post_type=product&#038;p=3067"},"modified":"2025-09-29T10:42:33","modified_gmt":"2025-09-29T10:42:33","slug":"osta-lorazepam-ativania-verkossa","status":"publish","type":"product","link":"https:\/\/buy-prescriptionz.com\/fi\/tuote\/osta-lorazepam-ativania-verkossa\/","title":{"rendered":"Osta Loratsepaamia (Ativan) verkossa"},"content":{"rendered":"<h2>Osta Loratsepaamia (Ativan) verkossa<\/h2>\n<p>Loratsepaami kuuluu bentsodiatsepiineiksi kutsuttujen l\u00e4\u00e4kkeiden luokkaan. Loratsepaamia voidaan k\u00e4ytt\u00e4\u00e4 tilap\u00e4iseen lievitykseen, eli suuren j\u00e4nnityksen oireisiin. Se est\u00e4\u00e4 aivojen hermojen v\u00e4list\u00e4 yhteytt\u00e4. Jotkut potilaat ovat kokeneet lievitt\u00e4v\u00e4\u00e4 levottomuutta noin 30 minuutin ajan Loratsepaami-l\u00e4\u00e4kkeen ottamisen j\u00e4lkeen. Viiv\u00e4styneisiin kohtauksiin voidaan k\u00e4ytt\u00e4\u00e4 injektoitavaa Loratsepaamia perushoitona. Loratsepaami-l\u00e4\u00e4kkeen avulla levottomuutta, levottomuutta ja kohtauksia voidaan hoitaa nopeasti. T\u00e4m\u00e4 l\u00e4\u00e4ke on helposti saatavilla verkosta. Vaikutus ilmenee my\u00f6s heti k\u00e4yt\u00f6n j\u00e4lkeen; t\u00e4m\u00e4 voi aiheuttaa rentoutumista terveydentilassa.<\/p>\n<h3>WHAT PRECAUTIONS SHOULD ONE TAKE WHILE TAKING LORAZEPAM?<\/h3>\n<p>Osta Lorazepam (Ativan) verkossa, Osta Lorazepam (Ativan) verkossa, Jos henkil\u00f6ll\u00e4 on hengitysvaikeuksia, keuhko- tai munuaisvaurioita, syd\u00e4nsairauksia, uneliaisuutta tai impotenssia, Lorazepam voi auttaa n\u00e4ihin tiloihin. Raskautta suunnittelevien tai raskaana olevien naisten ei tule ottaa t\u00e4t\u00e4 tablettia tai heid\u00e4n on neuvoteltava terveysneuvojan kanssa ennen Lorazepamin k\u00e4ytt\u00f6\u00e4.<\/p>\n<p>Reseptil\u00e4\u00e4ke Lorazepam-tablettia k\u00e4ytet\u00e4\u00e4n ahdistuneisuush\u00e4iri\u00f6iden, kuten paniikkikohtausten, sosiaalisten fobioiden, pakko-oireisen h\u00e4iri\u00f6n (OCD) ja yleistyneen ahdistuneisuush\u00e4iri\u00f6n (jolle on ominaista liiallinen huoli tai levottomuus), hoitoon. Lis\u00e4ksi sit\u00e4 k\u00e4ytet\u00e4\u00e4n ahdistusoireiden tilap\u00e4iseen lievitt\u00e4miseen.<\/p>\n<p>Ahdistusoireita, kuten levottomuutta, nopeaa hengityst\u00e4, kohonnutta sykett\u00e4, runsasta hikoilua, vapinaa, heikkoutta ja keskittymiskyvyn menetyst\u00e4, lievitt\u00e4\u00e4 yksi milligramma parasta Loratsepaamia. Ruokaa voidaan nauttia samanaikaisesti l\u00e4\u00e4kkeen kanssa tai ilman. Auttaaksesi kehoa yll\u00e4pit\u00e4m\u00e4\u00e4n tasaista l\u00e4\u00e4kem\u00e4\u00e4r\u00e4\u00e4, ota se samaan aikaan joka p\u00e4iv\u00e4. Koska t\u00e4ll\u00e4 l\u00e4\u00e4kkeell\u00e4 on merkitt\u00e4v\u00e4 riippuvuuden muodostumispotentiaali, ota sit\u00e4 l\u00e4\u00e4k\u00e4risi suositteleman annostuksen ja keston mukaisesti.<\/p>\n<h3>Harkitse mahdollisuutta, ett\u00e4 YKSI henkil\u00f6 ottaa yliannostuksen TAI JOKA J\u00c4\u00c4 OTTAMAAN LORAZEPAAMIA.<\/h3>\n<p>Osta Lorazepam (Ativan) verkossa. Jos Lorazepam-annos unohtuu, tabletti voidaan ottaa normaalisti, mutta ei kannata ottaa kaksinkertaista annosta, jos seuraavan annoksen aika on l\u00e4hell\u00e4. Loratsepaamia voi k\u00e4ytt\u00e4\u00e4 v\u00e4\u00e4rin, joten yliannostuksen riski on suuri. Siksi on haettava ensiapua v\u00e4litt\u00f6m\u00e4sti.<\/p>\n<p><strong>ATIVAN-TABLETIN HY\u00d6DYT LYHYTAIKAISEN HOIDON<\/strong><\/p>\n<p>Liiallisen huolen ja ahdistuksen tunteet, jotka saattavat nousta esiin stressaavissa tilanteissa, kuten ty\u00f6haastattelussa tai kokeessa, v\u00e4henev\u00e4t ottamalla parasta Lorazepam-tablettia. Lis\u00e4ksi se voi v\u00e4hent\u00e4\u00e4 levottomuutta, v\u00e4symyst\u00e4, keskittymisvaikeuksia ja levottomuutta. T\u00e4m\u00e4n seurauksena pystyt hoitamaan jokap\u00e4iv\u00e4isi\u00e4 asioitasi vaivattomasti ja tuottavammin. Vaikka olosi tuntuisi hyv\u00e4lt\u00e4, jatka l\u00e4\u00e4kkeen ottamista. \u00c4killiset lopettamiset voivat aiheuttaa vakavia ongelmia.<\/p>\n<p>Lis\u00e4\u00e4m\u00e4ll\u00e4 aivojen GABA-nimisen kemikaalin m\u00e4\u00e4r\u00e4\u00e4 Lorazepam-tabletti v\u00e4hent\u00e4\u00e4 useiden ahdistuneisuush\u00e4iri\u00f6iden, kuten yleistyneen ahdistuneisuush\u00e4iri\u00f6n ja pakko-oireisen h\u00e4iri\u00f6n, oireita. T\u00e4m\u00e4 pys\u00e4ytt\u00e4\u00e4 ep\u00e4normaalit ahdistusoireet, kuten v\u00e4symyksen, \u00e4rtyneisyyden, levottomuuden, keskittymisvaikeudet ja unih\u00e4iri\u00f6t. Se rauhoittaa sinua ja parantaa ongelmanratkaisutaitojasi. Tasapainoinen ruokavalio ja liikunta voivat auttaa pirist\u00e4m\u00e4\u00e4n mielialaasi. Jatka l\u00e4\u00e4kkeen ottamista, kunnes l\u00e4\u00e4k\u00e4risi antaa sinulle luvan.<\/p>\n<p><strong>TABLETIN SIVUVAIKUTUKSET K\u00c4YT\u00d6N AIKANA<\/strong><\/p>\n<p>Suurin osa haittavaikutuksista h\u00e4vi\u00e4\u00e4, kun kehosi tottuu l\u00e4\u00e4kkeeseen, eik\u00e4 l\u00e4\u00e4kehoitoa tarvita. Ota yhteytt\u00e4 l\u00e4\u00e4k\u00e4riin, jos ne jatkuvat tai jos olet niist\u00e4 huolissasi.<\/p>\n<p><strong>Yleisi\u00e4 loratsepaamin sivuvaikutuksia<\/strong><\/p>\n<p>Huimaus\/sedaatio<\/p>\n<p>Kipu\/V\u00e4symys<\/p>\n<p>heikentyneet lihakset\/v\u00e4symys<\/p>\n<p>Loratsepaami, joka tunnetaan yleisesti nimell\u00e4 Ativan, on tehokas l\u00e4\u00e4ke ahdistuksen ja muiden siihen liittyvien tilojen hallintaan. T\u00e4t\u00e4 l\u00e4\u00e4kett\u00e4 tarvitsevat voivat k\u00e4tev\u00e4sti ostaa Lorazepamia verkosta parhaasta apteekista, Buy-prescriptionz.comista. T\u00e4m\u00e4 luotettava alusta varmistaa, ett\u00e4 saat tarvitsemasi l\u00e4\u00e4kkeet nopeasti ja turvallisesti.<\/p>","protected":false},"excerpt":{"rendered":"<p>Buy Lorazepam (Ativan) Online Lorazepam is from the class of meds which is called as benzodiazepines. Lorazepam can be utilized for transient alleviation, which is for the indications of a great deal of tension. It hinders the correspondence between the nerves of the cerebrum. A few people have encountered accommodating measure of progress in the [&hellip;]<\/p>","protected":false},"featured_media":3097,"comment_status":"open","ping_status":"closed","template":"","meta":{"site-sidebar-layout":"default","site-content-layout":"","ast-site-content-layout":"default","site-content-style":"default","site-sidebar-style":"default","ast-global-header-display":"","ast-banner-title-visibility":"","ast-main-header-display":"","ast-hfb-above-header-display":"","ast-hfb-below-header-display":"","ast-hfb-mobile-header-display":"","site-post-title":"","ast-breadcrumbs-content":"","ast-featured-img":"","footer-sml-layout":"","theme-transparent-header-meta":"default","adv-header-id-meta":"","stick-header-meta":"","header-above-stick-meta":"","header-main-stick-meta":"","header-below-stick-meta":"","astra-migrate-meta-layouts":"set","ast-page-background-enabled":"default","ast-page-background-meta":{"desktop":{"background-color":"var(--ast-global-color-4)","background-image":"","background-repeat":"repeat","background-position":"center center","background-size":"auto","background-attachment":"scroll","background-type":"","background-media":"","overlay-type":"","overlay-color":"","overlay-opacity":"","overlay-gradient":""},"tablet":{"background-color":"","background-image":"","background-repeat":"repeat","background-position":"center center","background-size":"auto","background-attachment":"scroll","background-type":"","background-media":"","overlay-type":"","overlay-color":"","overlay-opacity":"","overlay-gradient":""},"mobile":{"background-color":"","background-image":"","background-repeat":"repeat","background-position":"center center","background-size":"auto","background-attachment":"scroll","background-type":"","background-media":"","overlay-type":"","overlay-color":"","overlay-opacity":"","overlay-gradient":""}},"ast-content-background-meta":{"desktop":{"background-color":"var(--ast-global-color-5)","background-image":"","background-repeat":"repeat","background-position":"center center","background-size":"auto","background-attachment":"scroll","background-type":"","background-media":"","overlay-type":"","overlay-color":"","overlay-opacity":"","overlay-gradient":""},"tablet":{"background-color":"var(--ast-global-color-5)","background-image":"","background-repeat":"repeat","background-position":"center center","background-size":"auto","background-attachment":"scroll","background-type":"","background-media":"","overlay-type":"","overlay-color":"","overlay-opacity":"","overlay-gradient":""},"mobile":{"background-color":"var(--ast-global-color-5)","background-image":"","background-repeat":"repeat","background-position":"center center","background-size":"auto","background-attachment":"scroll","background-type":"","background-media":"","overlay-type":"","overlay-color":"","overlay-opacity":"","overlay-gradient":""}}},"product_brand":[],"product_cat":[2385],"product_tag":[1182,1183,1181,1176,1179,1178,1177,1180,1175,1174,1185,1184],"class_list":{"0":"post-3067","1":"product","2":"type-product","3":"status-publish","4":"has-post-thumbnail","6":"product_cat-buy-pain-killer-pills-online","7":"product_tag-buy-lorazepam-ativan-in-canada","8":"product_tag-buy-lorazepam-ativan-in-uk","9":"product_tag-buy-lorazepam-ativan-in-usa","10":"product_tag-buy-lorazepam-ativan-with-bitcoin","11":"product_tag-buy-lorazepam-ativan-with-credit-card","12":"product_tag-buy-lorazepam-ativan-with-money-gram","13":"product_tag-buy-lorazepam-ativan-with-western-union","14":"product_tag-buy-lorazepam-ativan-without-a-doctor","15":"product_tag-buy-lorazepam-ativan-without-prescription","16":"product_tag-lorazepam-ativan-for-sale","17":"product_tag-lorazepam-ativan-pills","18":"product_tag-lorazepam-ativan-tablets","19":"desktop-align-center","20":"tablet-align-left","21":"mobile-align-left","23":"first","24":"instock","25":"shipping-taxable","26":"purchasable","27":"product-type-variable","28":"has-default-attributes"},"yoast_head":"<!-- This site is optimized with the Yoast SEO plugin v25.9 - https:\/\/yoast.com\/wordpress\/plugins\/seo\/ -->\n<title>Buy Lorazepam (Ativan) Online - Buy Prescriptionz<\/title>\n<meta name=\"description\" content=\"Buy Lorazepam (Ativan) OnlineBuy Lorazepam (Ativan) Online at best price without doctor&#039;s prescription. Buy Lorazepam (Ativan) Online lorazepam-ativan\" \/>\n<meta name=\"robots\" content=\"index, follow, max-snippet:-1, max-image-preview:large, max-video-preview:-1\" \/>\n<link rel=\"canonical\" href=\"https:\/\/buy-prescriptionz.com\/fi\/tuote\/osta-lorazepam-ativania-verkossa\/\" \/>\n<meta property=\"og:locale\" content=\"fi_FI\" \/>\n<meta property=\"og:type\" content=\"article\" \/>\n<meta property=\"og:title\" content=\"Buy Lorazepam (Ativan) Online - Buy Prescriptionz\" \/>\n<meta property=\"og:description\" content=\"Buy Lorazepam (Ativan) OnlineBuy Lorazepam (Ativan) Online at best price without doctor&#039;s prescription. Buy Lorazepam (Ativan) Online lorazepam-ativan\" \/>\n<meta property=\"og:url\" content=\"https:\/\/buy-prescriptionz.com\/fi\/tuote\/osta-lorazepam-ativania-verkossa\/\" \/>\n<meta property=\"og:site_name\" content=\"Buy Prescriptionz\" \/>\n<meta property=\"article:modified_time\" content=\"2025-09-29T10:42:33+00:00\" \/>\n<meta property=\"og:image\" content=\"https:\/\/buy-prescriptionz.com\/wp-content\/uploads\/2025\/09\/lorazepam-ativan.jpg\" \/>\n\t<meta property=\"og:image:width\" content=\"400\" \/>\n\t<meta property=\"og:image:height\" content=\"300\" \/>\n\t<meta property=\"og:image:type\" content=\"image\/jpeg\" \/>\n<meta name=\"twitter:card\" content=\"summary_large_image\" \/>\n<meta name=\"twitter:label1\" content=\"Arvioitu lukuaika\" \/>\n\t<meta name=\"twitter:data1\" content=\"3 minuuttia\" \/>\n<script type=\"application\/ld+json\" class=\"yoast-schema-graph\">{\"@context\":\"https:\/\/schema.org\",\"@graph\":[{\"@type\":\"WebPage\",\"@id\":\"https:\/\/buy-prescriptionz.com\/product\/buy-lorazepam-ativan-online\/\",\"url\":\"https:\/\/buy-prescriptionz.com\/product\/buy-lorazepam-ativan-online\/\",\"name\":\"Buy Lorazepam (Ativan) Online - Buy Prescriptionz\",\"isPartOf\":{\"@id\":\"https:\/\/buy-prescriptionz.com\/#website\"},\"primaryImageOfPage\":{\"@id\":\"https:\/\/buy-prescriptionz.com\/product\/buy-lorazepam-ativan-online\/#primaryimage\"},\"image\":{\"@id\":\"https:\/\/buy-prescriptionz.com\/product\/buy-lorazepam-ativan-online\/#primaryimage\"},\"thumbnailUrl\":\"https:\/\/buy-prescriptionz.com\/wp-content\/uploads\/2025\/09\/lorazepam-ativan.jpg\",\"datePublished\":\"2025-09-16T08:56:11+00:00\",\"dateModified\":\"2025-09-29T10:42:33+00:00\",\"description\":\"Buy Lorazepam (Ativan) OnlineBuy Lorazepam (Ativan) Online at best price without doctor's prescription. Buy Lorazepam (Ativan) Online lorazepam-ativan\",\"breadcrumb\":{\"@id\":\"https:\/\/buy-prescriptionz.com\/product\/buy-lorazepam-ativan-online\/#breadcrumb\"},\"inLanguage\":\"fi\",\"potentialAction\":[{\"@type\":\"ReadAction\",\"target\":[\"https:\/\/buy-prescriptionz.com\/product\/buy-lorazepam-ativan-online\/\"]}]},{\"@type\":\"ImageObject\",\"inLanguage\":\"fi\",\"@id\":\"https:\/\/buy-prescriptionz.com\/product\/buy-lorazepam-ativan-online\/#primaryimage\",\"url\":\"https:\/\/buy-prescriptionz.com\/wp-content\/uploads\/2025\/09\/lorazepam-ativan.jpg\",\"contentUrl\":\"https:\/\/buy-prescriptionz.com\/wp-content\/uploads\/2025\/09\/lorazepam-ativan.jpg\",\"width\":400,\"height\":300},{\"@type\":\"BreadcrumbList\",\"@id\":\"https:\/\/buy-prescriptionz.com\/product\/buy-lorazepam-ativan-online\/#breadcrumb\",\"itemListElement\":[{\"@type\":\"ListItem\",\"position\":1,\"name\":\"Home\",\"item\":\"https:\/\/buy-prescriptionz.com\/\"},{\"@type\":\"ListItem\",\"position\":2,\"name\":\"Shop Painkillers Online\",\"item\":\"https:\/\/buy-prescriptionz.com\/shop-painkillers-online\/\"},{\"@type\":\"ListItem\",\"position\":3,\"name\":\"Buy Lorazepam (Ativan) Online\"}]},{\"@type\":\"WebSite\",\"@id\":\"https:\/\/buy-prescriptionz.com\/#website\",\"url\":\"https:\/\/buy-prescriptionz.com\/\",\"name\":\"Buy Prescriptionz\",\"description\":\"Drugs Online\",\"publisher\":{\"@id\":\"https:\/\/buy-prescriptionz.com\/#organization\"},\"potentialAction\":[{\"@type\":\"SearchAction\",\"target\":{\"@type\":\"EntryPoint\",\"urlTemplate\":\"https:\/\/buy-prescriptionz.com\/?s={search_term_string}\"},\"query-input\":{\"@type\":\"PropertyValueSpecification\",\"valueRequired\":true,\"valueName\":\"search_term_string\"}}],\"inLanguage\":\"fi\"},{\"@type\":\"Organization\",\"@id\":\"https:\/\/buy-prescriptionz.com\/#organization\",\"name\":\"Buy Prescriptionz\",\"url\":\"https:\/\/buy-prescriptionz.com\/\",\"logo\":{\"@type\":\"ImageObject\",\"inLanguage\":\"fi\",\"@id\":\"https:\/\/buy-prescriptionz.com\/#\/schema\/logo\/image\/\",\"url\":\"https:\/\/buy-prescriptionz.com\/wp-content\/uploads\/2023\/09\/logo.png\",\"contentUrl\":\"https:\/\/buy-prescriptionz.com\/wp-content\/uploads\/2023\/09\/logo.png\",\"width\":350,\"height\":64,\"caption\":\"Buy Prescriptionz\"},\"image\":{\"@id\":\"https:\/\/buy-prescriptionz.com\/#\/schema\/logo\/image\/\"}}]}<\/script>\n<!-- \/ Yoast SEO plugin. -->","yoast_head_json":{"title":"Osta Lorazepamia (Ativania) Netist\u00e4 - Osta Reseptej\u00e4","description":"Buy Lorazepam (Ativan) OnlineBuy Lorazepam (Ativan) Online at best price without doctor's prescription. Buy Lorazepam (Ativan) Online lorazepam-ativan","robots":{"index":"index","follow":"follow","max-snippet":"max-snippet:-1","max-image-preview":"max-image-preview:large","max-video-preview":"max-video-preview:-1"},"canonical":"https:\/\/buy-prescriptionz.com\/fi\/tuote\/osta-lorazepam-ativania-verkossa\/","og_locale":"fi_FI","og_type":"article","og_title":"Buy Lorazepam (Ativan) Online - Buy Prescriptionz","og_description":"Buy Lorazepam (Ativan) OnlineBuy Lorazepam (Ativan) Online at best price without doctor's prescription. Buy Lorazepam (Ativan) Online lorazepam-ativan","og_url":"https:\/\/buy-prescriptionz.com\/fi\/tuote\/osta-lorazepam-ativania-verkossa\/","og_site_name":"Buy Prescriptionz","article_modified_time":"2025-09-29T10:42:33+00:00","og_image":[{"width":400,"height":300,"url":"https:\/\/buy-prescriptionz.com\/wp-content\/uploads\/2025\/09\/lorazepam-ativan.jpg","type":"image\/jpeg"}],"twitter_card":"summary_large_image","twitter_misc":{"Arvioitu lukuaika":"3 minuuttia"},"schema":{"@context":"https:\/\/schema.org","@graph":[{"@type":"WebPage","@id":"https:\/\/buy-prescriptionz.com\/product\/buy-lorazepam-ativan-online\/","url":"https:\/\/buy-prescriptionz.com\/product\/buy-lorazepam-ativan-online\/","name":"Osta Lorazepamia (Ativania) Netist\u00e4 - Osta Reseptej\u00e4","isPartOf":{"@id":"https:\/\/buy-prescriptionz.com\/#website"},"primaryImageOfPage":{"@id":"https:\/\/buy-prescriptionz.com\/product\/buy-lorazepam-ativan-online\/#primaryimage"},"image":{"@id":"https:\/\/buy-prescriptionz.com\/product\/buy-lorazepam-ativan-online\/#primaryimage"},"thumbnailUrl":"https:\/\/buy-prescriptionz.com\/wp-content\/uploads\/2025\/09\/lorazepam-ativan.jpg","datePublished":"2025-09-16T08:56:11+00:00","dateModified":"2025-09-29T10:42:33+00:00","description":"Buy Lorazepam (Ativan) OnlineBuy Lorazepam (Ativan) Online at best price without doctor's prescription. Buy Lorazepam (Ativan) Online lorazepam-ativan","breadcrumb":{"@id":"https:\/\/buy-prescriptionz.com\/product\/buy-lorazepam-ativan-online\/#breadcrumb"},"inLanguage":"fi","potentialAction":[{"@type":"ReadAction","target":["https:\/\/buy-prescriptionz.com\/product\/buy-lorazepam-ativan-online\/"]}]},{"@type":"ImageObject","inLanguage":"fi","@id":"https:\/\/buy-prescriptionz.com\/product\/buy-lorazepam-ativan-online\/#primaryimage","url":"https:\/\/buy-prescriptionz.com\/wp-content\/uploads\/2025\/09\/lorazepam-ativan.jpg","contentUrl":"https:\/\/buy-prescriptionz.com\/wp-content\/uploads\/2025\/09\/lorazepam-ativan.jpg","width":400,"height":300},{"@type":"BreadcrumbList","@id":"https:\/\/buy-prescriptionz.com\/product\/buy-lorazepam-ativan-online\/#breadcrumb","itemListElement":[{"@type":"ListItem","position":1,"name":"Home","item":"https:\/\/buy-prescriptionz.com\/"},{"@type":"ListItem","position":2,"name":"Shop Painkillers Online","item":"https:\/\/buy-prescriptionz.com\/shop-painkillers-online\/"},{"@type":"ListItem","position":3,"name":"Buy Lorazepam (Ativan) Online"}]},{"@type":"WebSite","@id":"https:\/\/buy-prescriptionz.com\/#website","url":"https:\/\/buy-prescriptionz.com\/","name":"Buy Prescriptionz","description":"Huumeet verkossa","publisher":{"@id":"https:\/\/buy-prescriptionz.com\/#organization"},"potentialAction":[{"@type":"SearchAction","target":{"@type":"EntryPoint","urlTemplate":"https:\/\/buy-prescriptionz.com\/?s={search_term_string}"},"query-input":{"@type":"PropertyValueSpecification","valueRequired":true,"valueName":"search_term_string"}}],"inLanguage":"fi"},{"@type":"Organization","@id":"https:\/\/buy-prescriptionz.com\/#organization","name":"Buy Prescriptionz","url":"https:\/\/buy-prescriptionz.com\/","logo":{"@type":"ImageObject","inLanguage":"fi","@id":"https:\/\/buy-prescriptionz.com\/#\/schema\/logo\/image\/","url":"https:\/\/buy-prescriptionz.com\/wp-content\/uploads\/2023\/09\/logo.png","contentUrl":"https:\/\/buy-prescriptionz.com\/wp-content\/uploads\/2023\/09\/logo.png","width":350,"height":64,"caption":"Buy Prescriptionz"},"image":{"@id":"https:\/\/buy-prescriptionz.com\/#\/schema\/logo\/image\/"}}]}},"_links":{"self":[{"href":"https:\/\/buy-prescriptionz.com\/fi\/wp-json\/wp\/v2\/product\/3067","targetHints":{"allow":["GET"]}}],"collection":[{"href":"https:\/\/buy-prescriptionz.com\/fi\/wp-json\/wp\/v2\/product"}],"about":[{"href":"https:\/\/buy-prescriptionz.com\/fi\/wp-json\/wp\/v2\/types\/product"}],"replies":[{"embeddable":true,"href":"https:\/\/buy-prescriptionz.com\/fi\/wp-json\/wp\/v2\/comments?post=3067"}],"wp:featuredmedia":[{"embeddable":true,"href":"https:\/\/buy-prescriptionz.com\/fi\/wp-json\/wp\/v2\/media\/3097"}],"wp:attachment":[{"href":"https:\/\/buy-prescriptionz.com\/fi\/wp-json\/wp\/v2\/media?parent=3067"}],"wp:term":[{"taxonomy":"product_brand","embeddable":true,"href":"https:\/\/buy-prescriptionz.com\/fi\/wp-json\/wp\/v2\/product_brand?post=3067"},{"taxonomy":"product_cat","embeddable":true,"href":"https:\/\/buy-prescriptionz.com\/fi\/wp-json\/wp\/v2\/product_cat?post=3067"},{"taxonomy":"product_tag","embeddable":true,"href":"https:\/\/buy-prescriptionz.com\/fi\/wp-json\/wp\/v2\/product_tag?post=3067"}],"curies":[{"name":"wp","href":"https:\/\/api.w.org\/{rel}","templated":true}]}}