{"id":3068,"date":"2025-09-16T08:56:11","date_gmt":"2025-09-16T08:56:11","guid":{"rendered":"https:\/\/chemsfine.com\/newsite\/?post_type=product&#038;p=3068"},"modified":"2025-09-22T05:24:47","modified_gmt":"2025-09-22T05:24:47","slug":"osta-ketaset-verkosta","status":"publish","type":"product","link":"https:\/\/buy-prescriptionz.com\/fi\/tuote\/osta-ketaset-verkosta\/","title":{"rendered":"Osta Ketaset verkossa"},"content":{"rendered":"<h2>Osta Ketaset verkossa<\/h2>\n<p>Osta Ketaset verkossa. Ketaset on erinomainen l\u00e4\u00e4ke anestesian indusointiin. T\u00e4t\u00e4 tuotetta k\u00e4ytet\u00e4\u00e4n ennen mink\u00e4\u00e4nlaista hoitoa tai l\u00e4\u00e4ketieteellist\u00e4 toimenpidett\u00e4. T\u00e4ll\u00e4 tuotteella voi olla my\u00f6s muita k\u00e4ytt\u00f6tarkoituksia, joita ei ole mainittu t\u00e4ss\u00e4.<\/p>\n<h3>Kuinka k\u00e4ytt\u00e4\u00e4 Ketasettia?<\/h3>\n<p>Ketaset on injektoitava tuote, joten tuo t\u00e4m\u00e4 lihaksiisi injektion kautta. T\u00e4m\u00e4 on yleens\u00e4 hy\u00f6dynt\u00e4\u00e4 asiantuntijoiden tekem\u00e4ll\u00e4 potilaat uneliaaksi, jotta he eiv\u00e4t tunne kipua l\u00e4\u00e4ketieteellisen toimenpiteen aikana.<\/p>\n<p>Osta Ketaset parhaaseen mahdolliseen hintaan verkkoapteekistamme jo t\u00e4n\u00e4\u00e4n. Tilauksesi saapuu sinulle lyhyess\u00e4 ajassa. Tarjoa vaatimuksesi nyt!<\/p>\n<h3>Osta Ketaset verkossa<\/h3>\n<p>Ketaset on valvottu aine ymp\u00e4ri maailmaa, mink\u00e4 vuoksi sit\u00e4 ei ole mahdollista ostaa avoimesti ilman l\u00e4\u00e4k\u00e4rin asianmukaista resepti\u00e4, joten on parasta ostaa ketaset verkossa tavallisten verkkokauppojen kautta sen sijaan, ett\u00e4 ostaisit sen kaduilta, koska se on turvallisempaa ja kaikki tehdyt tilaukset ovat huomaamattomia ja suojattuja vahvojen yksityisyydensuojatoimenpiteiden avulla.<br \/>\nVoit k\u00e4ytt\u00e4\u00e4 mahdollisuutta ostaa verkkokaupoistamme, koska Ketaset-tilaukset hoidetaan myym\u00e4l\u00e4ss\u00e4mme huomaamattomasti, eik\u00e4 n\u00e4iden tilausten salassapitoa vaaranneta miss\u00e4\u00e4n olosuhteissa.<\/p>\n<h3>Mik\u00e4 on Ketaset?<\/h3>\n<p>Ketaset on yksi monista ketamiinin tuotenimist\u00e4, joka on anestesial\u00e4\u00e4ke, ja se luokitellaan eri luokkiin, kuten NDMA-reseptoriantagonistit, masennusl\u00e4\u00e4ke, anestesia ja hallusinogeeni. Ketaset-valmisteen laaja kategorialuettelo osoittaa, ett\u00e4 sit\u00e4 k\u00e4ytet\u00e4\u00e4n laajalti eri tarkoituksiin, vaikka sit\u00e4 k\u00e4ytet\u00e4\u00e4nkin p\u00e4\u00e4asiassa anestesian aikaansaamiseen.<br \/>\nKetasetin kemia<br \/>\nL\u00e4\u00e4kkeen IUPAC-nimi on \"(RS)-2-(2-kloorifenyyli)-2-(metyyliamino)sykloheksanoni\" ja CAS-numero 6740-88-1. L\u00e4\u00e4kkeen molekyylikaava on C13H16ClNO, kun taas ketasetin molekyylipaino on 237,725 g\/mol.<br \/>\nL\u00e4\u00e4kkeen riippuvuus on kohtalainen.<\/p>\n<h3>Ketasetin k\u00e4ytt\u00f6<\/h3>\n<p>Ketasetin k\u00e4ytt\u00f6tarkoitukset ovat laajat, sill\u00e4 sit\u00e4 k\u00e4ytet\u00e4\u00e4n sek\u00e4 ihmisten ett\u00e4 el\u00e4inten hoitoon. Ihmisill\u00e4 Ketasettia k\u00e4ytet\u00e4\u00e4n eri tarkoituksiin, kuten anestesian aikaansaamiseen, masennusl\u00e4\u00e4kkeen\u00e4 ja kipul\u00e4\u00e4kkeen\u00e4. Ketaset aiheuttaa annosteltaessa rauhoittumisen ja anestesian potilaille, jos l\u00e4\u00e4kett\u00e4 on annettu huomattava m\u00e4\u00e4r\u00e4.<br \/>\nKetasetilla on masennusl\u00e4\u00e4kkeit\u00e4, ja sit\u00e4 k\u00e4ytet\u00e4\u00e4n aiheuttamaan ahdistusta lievitt\u00e4vi\u00e4 ja lihaksia rentouttavia vaikutuksia tehohoitoyksik\u00f6iss\u00e4 s\u00e4ilytett\u00e4ville potilaille. L\u00e4\u00e4kkeen vaikutus on sellainen, ett\u00e4 se ei vaikuta aivojen ja syd\u00e4men toimintaan annosteltaessa.<br \/>\nT\u00e4t\u00e4 l\u00e4\u00e4kett\u00e4 tiedet\u00e4\u00e4n k\u00e4ytett\u00e4v\u00e4n my\u00f6s stressin v\u00e4hent\u00e4miseen ja muistin siirt\u00e4miseen. Ketasetin tiedet\u00e4\u00e4n my\u00f6s ihmisten k\u00e4ytt\u00e4v\u00e4n sit\u00e4 virkistystarkoituksiin, koska se voi tuottaa sellaisia vaikutuksia kuin egon paisuminen, tunteiden tukahduttaminen ja raittiuden tunne.<br \/>\nKlikkaa t\u00e4st\u00e4 ostaa ketamiinia verkossa<\/p>\n<h3>Ketasetin vaikutukset<\/h3>\n<p>Ketasetin vaikutukset vaihtelevat fyysisist\u00e4, psykologisista ja subjektiivisista vaikutuksista. Ketaset aiheuttaa levottomuutta ja hallusinaatioita, kun l\u00e4\u00e4kitys loppuu. My\u00f6s korkea verenpaine on yhdistetty ketaset-valmisteen k\u00e4ytt\u00f6\u00f6n.<br \/>\nJoitakin muita ketasetin aiheuttamia vaikutuksia ovat kardiovaskulaariset, ruoansulatuskanavan ja hengitysteiden vaikutukset. Syd\u00e4n- ja verisuonivaikutuksiin kuuluvat muutokset hermostossa. Ruoansulatuskanavan vaikutuksiin kuuluvat oksentelu ja pahoinvointi, ja n\u00e4it\u00e4 vaikutuksia havaitaan yleens\u00e4 noin 25% potilaista, joille on annettu ketasettia anestesiatarkoituksiin. Hengitystievaikutuksiin kuuluu keuhkoputkia laajentava vaikutus, jossa hengitystie menett\u00e4\u00e4 kitkaa ja ilmavirran vastus hengitystien kautta v\u00e4henee. T\u00e4m\u00e4 johtaa lis\u00e4\u00e4ntyneeseen ilmavirtaukseen keuhkoihin, mik\u00e4 voi olla haitallista vakavissa syiss\u00e4.<br \/>\nL\u00e4\u00e4kkeen k\u00e4yt\u00f6st\u00e4 virkistystarkoituksiin on my\u00f6s pid\u00e4tt\u00e4ydytty, sill\u00e4 ymp\u00e4ri maailmaa on kirjattu kuolemantapauksia, joissa ketasettia on k\u00e4ytetty ilman asianmukaista neuvontaa.<\/p>\n<h3>Ketaset-injektio<\/h3>\n<p>Ketamiini- tai ketaset-injektiota voidaan k\u00e4ytt\u00e4\u00e4 potilaiden anestesian aikaansaamiseksi. Ketaset-injektion etuna on se, ett\u00e4 sen turvallisuusmarginaali on suurempi ja vaikutus on nopea.<br \/>\nKlikkaa t\u00e4st\u00e4 ostaaksesi Focalin XR<\/p>\n<h3><strong>KETASET brief<\/strong><\/h3>\n<p>Kissoilla KETASETia voidaan k\u00e4ytt\u00e4\u00e4 niiden pit\u00e4miseen paikallaan tai ainoana puudutuksena lyhyiss\u00e4, koe- tai pieniss\u00e4 leikkauksissa, jotka eiv\u00e4t vaadi lihasten rentouttamista. Ihmisapinoilla sit\u00e4 voidaan k\u00e4ytt\u00e4\u00e4 niiden pit\u00e4miseen paikallaan.<\/p>\n<h3>Ketaset myyt\u00e4v\u00e4n\u00e4<\/h3>\n<p>Verkkokauppamme on yksi ketamiinihuumeen t\u00e4rkeimmist\u00e4 l\u00e4hteist\u00e4, ja toimitamme niit\u00e4 ymp\u00e4ri maailmaa vakiotoimituspalvelumme kautta. Kaikki puhtaan ketamiinin muodot, kuten Ketaset, ketalar, jauhe jne. ovat saatavilla verkkokaupastamme.<\/p>\n<h3><strong>Annostus ja antaminen<\/strong><\/h3>\n<p>Al inyectarse en el m\u00fasculo, KETASET es bien aceptado por gatos y animales no humanos. Antes de iniciar la sedaci\u00f3n o la restricci\u00f3n con KETASET, no es necesario ayunar. Sin embargo, si se est\u00e1 preparando para una cirug\u00eda opcional, debe evitar comer durante al menos seis horas antes de administrar KETASET.<\/p>\n<p>Anestesia ei v\u00e4ltt\u00e4m\u00e4tt\u00e4 kest\u00e4 yht\u00e4 kauan kissoilla, jotka eiv\u00e4t ole viel\u00e4 t\u00e4ysin kasvaneet. Ihmisen alle 24 tunnin ik\u00e4isi\u00e4 vastasyntyneit\u00e4 apinoita on vaikea pit\u00e4\u00e4 pystyss\u00e4. Kuten muidenkin anestesia-aineiden, KETASETin vaikutus vaihtelee henkil\u00f6ihin jonkin verran riippuen m\u00e4\u00e4r\u00e4st\u00e4, yleisest\u00e4 terveydentilasta ja i\u00e4st\u00e4. T\u00e4st\u00e4 syyst\u00e4 ei ole mahdollista antaa tarkkoja annossuosituksia.<\/p>\n<p><strong>Annostiedot<\/strong><\/p>\n<p>Kissoille suositellaan 11 mg\/kg (5 mg\/lb) annosta niiden hillitsemiseksi.<\/p>\n<p>22\u201333 mg\/kg (10\u201315 mg\/lb) on hyv\u00e4 annosalue anestesiaan, joka toimii hyvin pieniss\u00e4 tai diagnostisissa leikkauksissa, joissa ei tarvitse rentouttaa lihaksia.<\/p>","protected":false},"excerpt":{"rendered":"<p>Buy Ketaset Online Buy Ketaset Online ,Ketaset is an extraordinary medicine for inducing anaesthesia. This item is utilized just before any therapeutic methodology or medical procedure. There might likewise be different employments of this item that are not talked here. How To Use Ketaset? Ketaset is an injectable item, so bring this into your muscles [&hellip;]<\/p>","protected":false},"featured_media":3098,"comment_status":"open","ping_status":"closed","template":"","meta":{"site-sidebar-layout":"default","site-content-layout":"","ast-site-content-layout":"default","site-content-style":"default","site-sidebar-style":"default","ast-global-header-display":"","ast-banner-title-visibility":"","ast-main-header-display":"","ast-hfb-above-header-display":"","ast-hfb-below-header-display":"","ast-hfb-mobile-header-display":"","site-post-title":"","ast-breadcrumbs-content":"","ast-featured-img":"","footer-sml-layout":"","theme-transparent-header-meta":"default","adv-header-id-meta":"","stick-header-meta":"","header-above-stick-meta":"","header-main-stick-meta":"","header-below-stick-meta":"","astra-migrate-meta-layouts":"set","ast-page-background-enabled":"default","ast-page-background-meta":{"desktop":{"background-color":"var(--ast-global-color-4)","background-image":"","background-repeat":"repeat","background-position":"center center","background-size":"auto","background-attachment":"scroll","background-type":"","background-media":"","overlay-type":"","overlay-color":"","overlay-opacity":"","overlay-gradient":""},"tablet":{"background-color":"","background-image":"","background-repeat":"repeat","background-position":"center center","background-size":"auto","background-attachment":"scroll","background-type":"","background-media":"","overlay-type":"","overlay-color":"","overlay-opacity":"","overlay-gradient":""},"mobile":{"background-color":"","background-image":"","background-repeat":"repeat","background-position":"center center","background-size":"auto","background-attachment":"scroll","background-type":"","background-media":"","overlay-type":"","overlay-color":"","overlay-opacity":"","overlay-gradient":""}},"ast-content-background-meta":{"desktop":{"background-color":"var(--ast-global-color-5)","background-image":"","background-repeat":"repeat","background-position":"center center","background-size":"auto","background-attachment":"scroll","background-type":"","background-media":"","overlay-type":"","overlay-color":"","overlay-opacity":"","overlay-gradient":""},"tablet":{"background-color":"var(--ast-global-color-5)","background-image":"","background-repeat":"repeat","background-position":"center center","background-size":"auto","background-attachment":"scroll","background-type":"","background-media":"","overlay-type":"","overlay-color":"","overlay-opacity":"","overlay-gradient":""},"mobile":{"background-color":"var(--ast-global-color-5)","background-image":"","background-repeat":"repeat","background-position":"center center","background-size":"auto","background-attachment":"scroll","background-type":"","background-media":"","overlay-type":"","overlay-color":"","overlay-opacity":"","overlay-gradient":""}}},"product_brand":[],"product_cat":[2385],"product_tag":[1075,1076,1074,1069,1072,1071,1070,1073,1068,1067,1078,1077],"class_list":{"0":"post-3068","1":"product","2":"type-product","3":"status-publish","4":"has-post-thumbnail","6":"product_cat-buy-pain-killer-pills-online","7":"product_tag-buy-ketaset-in-canada","8":"product_tag-buy-ketaset-in-uk","9":"product_tag-buy-ketaset-in-usa","10":"product_tag-buy-ketaset-with-bitcoin","11":"product_tag-buy-ketaset-with-credit-card","12":"product_tag-buy-ketaset-with-money-gram","13":"product_tag-buy-ketaset-with-western-union","14":"product_tag-buy-ketaset-without-a-doctor","15":"product_tag-buy-ketaset-without-prescription","16":"product_tag-ketaset-for-sale","17":"product_tag-ketaset-pills","18":"product_tag-ketaset-tablets","19":"desktop-align-center","20":"tablet-align-left","21":"mobile-align-left","23":"first","24":"instock","25":"featured","26":"shipping-taxable","27":"purchasable","28":"product-type-variable","29":"has-default-attributes"},"yoast_head":"<!-- This site is optimized with the Yoast SEO plugin v25.9 - https:\/\/yoast.com\/wordpress\/plugins\/seo\/ -->\n<title>Buy Ketaset Online - Ketaset for Sale | Buy-Prescriptionz<\/title>\n<meta name=\"description\" content=\"Looking to buy Ketaset online at a reasonable price? Visit our reputable online chemical store and get Ketaset for sale today. Place an order now and get the best rate in our store.\" \/>\n<meta name=\"robots\" content=\"index, follow, max-snippet:-1, max-image-preview:large, max-video-preview:-1\" \/>\n<link rel=\"canonical\" href=\"https:\/\/buy-prescriptionz.com\/fi\/tuote\/osta-ketaset-verkosta\/\" \/>\n<meta property=\"og:locale\" content=\"fi_FI\" \/>\n<meta property=\"og:type\" content=\"article\" \/>\n<meta property=\"og:title\" content=\"Buy Ketaset Online - Ketaset for Sale | Buy-Prescriptionz\" \/>\n<meta property=\"og:description\" content=\"Looking to buy Ketaset online at a reasonable price? Visit our reputable online chemical store and get Ketaset for sale today. Place an order now and get the best rate in our store.\" \/>\n<meta property=\"og:url\" content=\"https:\/\/buy-prescriptionz.com\/fi\/tuote\/osta-ketaset-verkosta\/\" \/>\n<meta property=\"og:site_name\" content=\"Buy Prescriptionz\" \/>\n<meta property=\"article:modified_time\" content=\"2025-09-22T05:24:47+00:00\" \/>\n<meta property=\"og:image\" content=\"https:\/\/buy-prescriptionz.com\/wp-content\/uploads\/2025\/09\/ketaset.jpeg\" \/>\n\t<meta property=\"og:image:width\" content=\"400\" \/>\n\t<meta property=\"og:image:height\" content=\"300\" \/>\n\t<meta property=\"og:image:type\" content=\"image\/jpeg\" \/>\n<meta name=\"twitter:card\" content=\"summary_large_image\" \/>\n<meta name=\"twitter:label1\" content=\"Arvioitu lukuaika\" \/>\n\t<meta name=\"twitter:data1\" content=\"5 minuuttia\" \/>\n<script type=\"application\/ld+json\" class=\"yoast-schema-graph\">{\"@context\":\"https:\/\/schema.org\",\"@graph\":[{\"@type\":\"WebPage\",\"@id\":\"https:\/\/buy-prescriptionz.com\/product\/buy-ketaset-online\/\",\"url\":\"https:\/\/buy-prescriptionz.com\/product\/buy-ketaset-online\/\",\"name\":\"Buy Ketaset Online - Ketaset for Sale | Buy-Prescriptionz\",\"isPartOf\":{\"@id\":\"https:\/\/buy-prescriptionz.com\/#website\"},\"primaryImageOfPage\":{\"@id\":\"https:\/\/buy-prescriptionz.com\/product\/buy-ketaset-online\/#primaryimage\"},\"image\":{\"@id\":\"https:\/\/buy-prescriptionz.com\/product\/buy-ketaset-online\/#primaryimage\"},\"thumbnailUrl\":\"https:\/\/buy-prescriptionz.com\/wp-content\/uploads\/2025\/09\/ketaset.jpeg\",\"datePublished\":\"2025-09-16T08:56:11+00:00\",\"dateModified\":\"2025-09-22T05:24:47+00:00\",\"description\":\"Looking to buy Ketaset online at a reasonable price? Visit our reputable online chemical store and get Ketaset for sale today. Place an order now and get the best rate in our store.\",\"breadcrumb\":{\"@id\":\"https:\/\/buy-prescriptionz.com\/product\/buy-ketaset-online\/#breadcrumb\"},\"inLanguage\":\"fi\",\"potentialAction\":[{\"@type\":\"ReadAction\",\"target\":[\"https:\/\/buy-prescriptionz.com\/product\/buy-ketaset-online\/\"]}]},{\"@type\":\"ImageObject\",\"inLanguage\":\"fi\",\"@id\":\"https:\/\/buy-prescriptionz.com\/product\/buy-ketaset-online\/#primaryimage\",\"url\":\"https:\/\/buy-prescriptionz.com\/wp-content\/uploads\/2025\/09\/ketaset.jpeg\",\"contentUrl\":\"https:\/\/buy-prescriptionz.com\/wp-content\/uploads\/2025\/09\/ketaset.jpeg\",\"width\":400,\"height\":300},{\"@type\":\"BreadcrumbList\",\"@id\":\"https:\/\/buy-prescriptionz.com\/product\/buy-ketaset-online\/#breadcrumb\",\"itemListElement\":[{\"@type\":\"ListItem\",\"position\":1,\"name\":\"Home\",\"item\":\"https:\/\/buy-prescriptionz.com\/\"},{\"@type\":\"ListItem\",\"position\":2,\"name\":\"Shop Painkillers Online\",\"item\":\"https:\/\/buy-prescriptionz.com\/shop-painkillers-online\/\"},{\"@type\":\"ListItem\",\"position\":3,\"name\":\"Buy Ketaset Online\"}]},{\"@type\":\"WebSite\",\"@id\":\"https:\/\/buy-prescriptionz.com\/#website\",\"url\":\"https:\/\/buy-prescriptionz.com\/\",\"name\":\"Buy Prescriptionz\",\"description\":\"Drugs Online\",\"publisher\":{\"@id\":\"https:\/\/buy-prescriptionz.com\/#organization\"},\"potentialAction\":[{\"@type\":\"SearchAction\",\"target\":{\"@type\":\"EntryPoint\",\"urlTemplate\":\"https:\/\/buy-prescriptionz.com\/?s={search_term_string}\"},\"query-input\":{\"@type\":\"PropertyValueSpecification\",\"valueRequired\":true,\"valueName\":\"search_term_string\"}}],\"inLanguage\":\"fi\"},{\"@type\":\"Organization\",\"@id\":\"https:\/\/buy-prescriptionz.com\/#organization\",\"name\":\"Buy Prescriptionz\",\"url\":\"https:\/\/buy-prescriptionz.com\/\",\"logo\":{\"@type\":\"ImageObject\",\"inLanguage\":\"fi\",\"@id\":\"https:\/\/buy-prescriptionz.com\/#\/schema\/logo\/image\/\",\"url\":\"https:\/\/buy-prescriptionz.com\/wp-content\/uploads\/2023\/09\/logo.png\",\"contentUrl\":\"https:\/\/buy-prescriptionz.com\/wp-content\/uploads\/2023\/09\/logo.png\",\"width\":350,\"height\":64,\"caption\":\"Buy Prescriptionz\"},\"image\":{\"@id\":\"https:\/\/buy-prescriptionz.com\/#\/schema\/logo\/image\/\"}}]}<\/script>\n<!-- \/ Yoast SEO plugin. -->","yoast_head_json":{"title":"Osta Ketaset netist\u00e4 - Ketaset myyt\u00e4v\u00e4n\u00e4 | Buy-Prescriptionz","description":"Haluatko ostaa Ketasetia verkosta kohtuulliseen hintaan? K\u00e4y hyv\u00e4maineisessa kemikaalien verkkokaupassamme ja tilaa Ketaset jo t\u00e4n\u00e4\u00e4n. Tee tilaus nyt ja saat parhaan hinnan kaupassamme.","robots":{"index":"index","follow":"follow","max-snippet":"max-snippet:-1","max-image-preview":"max-image-preview:large","max-video-preview":"max-video-preview:-1"},"canonical":"https:\/\/buy-prescriptionz.com\/fi\/tuote\/osta-ketaset-verkosta\/","og_locale":"fi_FI","og_type":"article","og_title":"Buy Ketaset Online - Ketaset for Sale | Buy-Prescriptionz","og_description":"Looking to buy Ketaset online at a reasonable price? Visit our reputable online chemical store and get Ketaset for sale today. Place an order now and get the best rate in our store.","og_url":"https:\/\/buy-prescriptionz.com\/fi\/tuote\/osta-ketaset-verkosta\/","og_site_name":"Buy Prescriptionz","article_modified_time":"2025-09-22T05:24:47+00:00","og_image":[{"width":400,"height":300,"url":"https:\/\/buy-prescriptionz.com\/wp-content\/uploads\/2025\/09\/ketaset.jpeg","type":"image\/jpeg"}],"twitter_card":"summary_large_image","twitter_misc":{"Arvioitu lukuaika":"5 minuuttia"},"schema":{"@context":"https:\/\/schema.org","@graph":[{"@type":"WebPage","@id":"https:\/\/buy-prescriptionz.com\/product\/buy-ketaset-online\/","url":"https:\/\/buy-prescriptionz.com\/product\/buy-ketaset-online\/","name":"Osta Ketaset netist\u00e4 - Ketaset myyt\u00e4v\u00e4n\u00e4 | Buy-Prescriptionz","isPartOf":{"@id":"https:\/\/buy-prescriptionz.com\/#website"},"primaryImageOfPage":{"@id":"https:\/\/buy-prescriptionz.com\/product\/buy-ketaset-online\/#primaryimage"},"image":{"@id":"https:\/\/buy-prescriptionz.com\/product\/buy-ketaset-online\/#primaryimage"},"thumbnailUrl":"https:\/\/buy-prescriptionz.com\/wp-content\/uploads\/2025\/09\/ketaset.jpeg","datePublished":"2025-09-16T08:56:11+00:00","dateModified":"2025-09-22T05:24:47+00:00","description":"Haluatko ostaa Ketasetia verkosta kohtuulliseen hintaan? K\u00e4y hyv\u00e4maineisessa kemikaalien verkkokaupassamme ja tilaa Ketaset jo t\u00e4n\u00e4\u00e4n. Tee tilaus nyt ja saat parhaan hinnan kaupassamme.","breadcrumb":{"@id":"https:\/\/buy-prescriptionz.com\/product\/buy-ketaset-online\/#breadcrumb"},"inLanguage":"fi","potentialAction":[{"@type":"ReadAction","target":["https:\/\/buy-prescriptionz.com\/product\/buy-ketaset-online\/"]}]},{"@type":"ImageObject","inLanguage":"fi","@id":"https:\/\/buy-prescriptionz.com\/product\/buy-ketaset-online\/#primaryimage","url":"https:\/\/buy-prescriptionz.com\/wp-content\/uploads\/2025\/09\/ketaset.jpeg","contentUrl":"https:\/\/buy-prescriptionz.com\/wp-content\/uploads\/2025\/09\/ketaset.jpeg","width":400,"height":300},{"@type":"BreadcrumbList","@id":"https:\/\/buy-prescriptionz.com\/product\/buy-ketaset-online\/#breadcrumb","itemListElement":[{"@type":"ListItem","position":1,"name":"Home","item":"https:\/\/buy-prescriptionz.com\/"},{"@type":"ListItem","position":2,"name":"Shop Painkillers Online","item":"https:\/\/buy-prescriptionz.com\/shop-painkillers-online\/"},{"@type":"ListItem","position":3,"name":"Buy Ketaset Online"}]},{"@type":"WebSite","@id":"https:\/\/buy-prescriptionz.com\/#website","url":"https:\/\/buy-prescriptionz.com\/","name":"Buy Prescriptionz","description":"Huumeet verkossa","publisher":{"@id":"https:\/\/buy-prescriptionz.com\/#organization"},"potentialAction":[{"@type":"SearchAction","target":{"@type":"EntryPoint","urlTemplate":"https:\/\/buy-prescriptionz.com\/?s={search_term_string}"},"query-input":{"@type":"PropertyValueSpecification","valueRequired":true,"valueName":"search_term_string"}}],"inLanguage":"fi"},{"@type":"Organization","@id":"https:\/\/buy-prescriptionz.com\/#organization","name":"Buy Prescriptionz","url":"https:\/\/buy-prescriptionz.com\/","logo":{"@type":"ImageObject","inLanguage":"fi","@id":"https:\/\/buy-prescriptionz.com\/#\/schema\/logo\/image\/","url":"https:\/\/buy-prescriptionz.com\/wp-content\/uploads\/2023\/09\/logo.png","contentUrl":"https:\/\/buy-prescriptionz.com\/wp-content\/uploads\/2023\/09\/logo.png","width":350,"height":64,"caption":"Buy Prescriptionz"},"image":{"@id":"https:\/\/buy-prescriptionz.com\/#\/schema\/logo\/image\/"}}]}},"_links":{"self":[{"href":"https:\/\/buy-prescriptionz.com\/fi\/wp-json\/wp\/v2\/product\/3068","targetHints":{"allow":["GET"]}}],"collection":[{"href":"https:\/\/buy-prescriptionz.com\/fi\/wp-json\/wp\/v2\/product"}],"about":[{"href":"https:\/\/buy-prescriptionz.com\/fi\/wp-json\/wp\/v2\/types\/product"}],"replies":[{"embeddable":true,"href":"https:\/\/buy-prescriptionz.com\/fi\/wp-json\/wp\/v2\/comments?post=3068"}],"wp:featuredmedia":[{"embeddable":true,"href":"https:\/\/buy-prescriptionz.com\/fi\/wp-json\/wp\/v2\/media\/3098"}],"wp:attachment":[{"href":"https:\/\/buy-prescriptionz.com\/fi\/wp-json\/wp\/v2\/media?parent=3068"}],"wp:term":[{"taxonomy":"product_brand","embeddable":true,"href":"https:\/\/buy-prescriptionz.com\/fi\/wp-json\/wp\/v2\/product_brand?post=3068"},{"taxonomy":"product_cat","embeddable":true,"href":"https:\/\/buy-prescriptionz.com\/fi\/wp-json\/wp\/v2\/product_cat?post=3068"},{"taxonomy":"product_tag","embeddable":true,"href":"https:\/\/buy-prescriptionz.com\/fi\/wp-json\/wp\/v2\/product_tag?post=3068"}],"curies":[{"name":"wp","href":"https:\/\/api.w.org\/{rel}","templated":true}]}}