{"id":3069,"date":"2025-09-16T08:56:11","date_gmt":"2025-09-16T08:56:11","guid":{"rendered":"https:\/\/chemsfine.com\/newsite\/?post_type=product&#038;p=3069"},"modified":"2025-09-22T05:22:06","modified_gmt":"2025-09-22T05:22:06","slug":"osta-ketalaari-injektio-verkosta","status":"publish","type":"product","link":"https:\/\/buy-prescriptionz.com\/fi\/tuote\/osta-ketalaari-injektio-verkosta\/","title":{"rendered":"Osta Ketalar-injektio verkossa"},"content":{"rendered":"<h2>Osta Ketalar-injektio verkossa<\/h2>\n<p>Osta Ketalar verkossa ilman resepti\u00e4 Buyprescriptionz.comista. Ketalar-injektio tuottaa \u00e4killisen huuman, joka kest\u00e4\u00e4 noin tunnin. Se alkaa noin 2-5 minuuttia sen j\u00e4lkeen, kun annos on poltettu tai nielty. Mutta injektiolla se tapahtuu noin 30 sekunnin kuluttua injektion antamisesta.<\/p>\n<p>La primera sensaci\u00f3n de euforia que experimenta el usuario es una relajaci\u00f3n abrumadora, a veces descrita como un subid\u00f3n corporal. Algunos usuarios sienten que flotan, mientras que otros incluso lo describen como estar fuera de sus cuerpos. Muchos experimentan alucinaciones que pueden durar m\u00e1s que los efectos de la anestesia. Compre Ketalar en l\u00ednea sin receta. Dosis m\u00e1s altas pueden producir efectos m\u00e1s intensos, y los usuarios reportan una separaci\u00f3n total y absoluta de sus cuerpos. Los efectos son similares a los descritos por personas que han tenido experiencias cercanas a la muerte, y se describe como estar en el \"agujero K\".<\/p>\n<h3>MIT\u00c4 KETALAR-INJEKTIOINNISTA VOI OLLA HYV\u00c4<\/h3>\n<p>50 mg\/ml Ketalar Yleisesti k\u00e4ytett\u00e4v\u00e4 rauhoittava l\u00e4\u00e4ke, jota annetaan injektiona. T\u00e4t\u00e4 l\u00e4\u00e4kett\u00e4 k\u00e4ytt\u00e4\u00e4 erikoisl\u00e4\u00e4k\u00e4ri, jota kutsutaan anestesial\u00e4\u00e4k\u00e4riksi, saadakseen ihmiset menett\u00e4m\u00e4\u00e4n tajuntansa ja tunnon tilap\u00e4isesti suurten leikkausten aikana sairaalaymp\u00e4rist\u00f6ss\u00e4. Se on yleens\u00e4 eritt\u00e4in turvallinen, vaikuttaa melko nopeasti ja mahdollistaa hoidon etenemisen aiheuttamatta kipua tai stressi\u00e4.<\/p>\n<h3>KETALAAR-INJEKTION K\u00c4YTT\u00d6OHJEET<\/h3>\n<p>L\u00e4\u00e4k\u00e4ri tai sairaanhoitaja antaa sinulle parhaan Ketalar-pistoksen. \u00c4l\u00e4 huolehdi itsest\u00e4si.<\/p>\n<h3>MITEN INJEKTIOT TOIMII<\/h3>\n<p>50 mg\/ml Ketalaria. Yleisanestesia annetaan injektiona. Se toimii menett\u00e4m\u00e4ll\u00e4 tajuntasi lyhyeksi ajaksi. T\u00e4m\u00e4 mahdollistaa leikkausten tekemisen ilman kipua tai stressi\u00e4.<\/p>\n<h3>KETAMIINIHYDROKLORIDI-INJEKTION SIVUVAIKUTUKSET<\/h3>\n<p>L\u00e4\u00e4kkeell\u00e4 on tietysti sivuvaikutuksia, jotka voivat olla varsin syv\u00e4llisi\u00e4. Lyhytaikaisiin sivuvaikutuksiin kuuluvat pahat hallusinaatiot. Kuten kaikkien psykotrooppisten l\u00e4\u00e4kkeiden kohdalla, hallusinaatioiden miellytt\u00e4vyys riippuu k\u00e4ytt\u00e4j\u00e4n mielentilasta, ja jos k\u00e4ytt\u00e4j\u00e4 pyrkii pakenemaan onnettomuutta, hallusinaatiot ovat todenn\u00e4k\u00f6isesti ep\u00e4miellytt\u00e4vi\u00e4. Osta Ketalar verkossa ilman resepti\u00e4 t\u00e4\u00e4lt\u00e4 nettiapteekistamme.<\/p>\n<p><strong>Ketamiinihydrokloridi-injektion sivuvaikutuksia ovat luonnollisesti:<\/strong><\/p>\n<p>Uneliaisuus.<br \/>\nLis\u00e4\u00e4ntynyt syke.<br \/>\nKohonnut verenpaine.<br \/>\nSuuret annokset ketamiinia voivat johtaa siihen, mit\u00e4 jotkut kuvaavat \"K-aukoksi\", johon voi kuulua voimakkaita ja ep\u00e4miellytt\u00e4vi\u00e4 visuaalisia ja auditiivisia hallusinaatioita yhdistettyn\u00e4 huomattavaan derealisaatioon ja pelottavaan irrottautumiseen todellisuudesta.<\/p>\n<h3>Kuinka paljon Ketalaria minun pit\u00e4isi ottaa?<\/h3>\n<p>Se on valmistettu hieman happamasta (pH 3,5\u20135,5) steriilist\u00e4 liuoksesta, joka voidaan pist\u00e4\u00e4 suonensis\u00e4isesti tai lihakseen. Se on saatavana 10, 50 tai 100 mg ketamiiniem\u00e4st\u00e4 millilitrassa, ja s\u00e4il\u00f6nt\u00e4aineena lis\u00e4t\u00e4\u00e4n enint\u00e4\u00e4n 0,1 mg\/ml fenerolia (bentsetoniumkloridia). Suolakloridia k\u00e4ytettiin 10 mg\/ml nesteen isotoniseksi tekemiseen. Potilaita on tarkkailtava, kunnes sivuvaikutukset h\u00e4vi\u00e4v\u00e4t. On mahdollista, ett\u00e4 l\u00e4\u00e4ke aiheuttaa riippuvuutta.<\/p>\n<h3>Mitk\u00e4 muut l\u00e4\u00e4kkeet, aineet tai ravintolis\u00e4t toimivat Ketalarin kanssa?<\/h3>\n<p>Ketalar ei v\u00e4ltt\u00e4m\u00e4tt\u00e4 toimi yht\u00e4 hyvin barbituraattien tai l\u00e4\u00e4kkeiden kanssa. Kerro l\u00e4\u00e4k\u00e4rillesi kaikista k\u00e4ytt\u00e4mist\u00e4si l\u00e4\u00e4kkeist\u00e4 ja vitamiineista. Ketalar Raskauden ja imetyksen aikana raskaana olevat naiset tai synnytt\u00e4v\u00e4t eiv\u00e4t saa k\u00e4ytt\u00e4\u00e4 Ketalar-injektiota, eik\u00e4 sit\u00e4 ole testattu alle 16-vuotiailla lapsilla. Aitoja Ketalar-injektioita varten k\u00e4y parhaassa apteekissa osoitteessa Buy-Prescriptionz.com. He tarjoavat korkealaatuisia l\u00e4\u00e4kkeit\u00e4 nopealla toimituksella ja luotettavalla palvelulla. Luota Buy-Prescriptionz.com-sivustoon l\u00e4\u00e4ketieteellisten tarpeidesi osalta ja varmista turvallinen ja luotettava Ketalar-injektioiden l\u00e4hde.<\/p>","protected":false},"excerpt":{"rendered":"<p>Buy Ketalar Injection Online Buy Ketalar Online Without Prescription at buy-prescriptionz.com. Ketalar Injection produces an abrupt high that lasts for about an hour. It starts around 2 to 5 minutes after the dose has been smoked or swallowed. But with injection, it happens around 30 seconds after the injection has occurred. The first feeling of [&hellip;]<\/p>","protected":false},"featured_media":3099,"comment_status":"open","ping_status":"closed","template":"","meta":{"site-sidebar-layout":"default","site-content-layout":"","ast-site-content-layout":"default","site-content-style":"default","site-sidebar-style":"default","ast-global-header-display":"","ast-banner-title-visibility":"","ast-main-header-display":"","ast-hfb-above-header-display":"","ast-hfb-below-header-display":"","ast-hfb-mobile-header-display":"","site-post-title":"","ast-breadcrumbs-content":"","ast-featured-img":"","footer-sml-layout":"","theme-transparent-header-meta":"default","adv-header-id-meta":"","stick-header-meta":"","header-above-stick-meta":"","header-main-stick-meta":"","header-below-stick-meta":"","astra-migrate-meta-layouts":"set","ast-page-background-enabled":"default","ast-page-background-meta":{"desktop":{"background-color":"var(--ast-global-color-4)","background-image":"","background-repeat":"repeat","background-position":"center center","background-size":"auto","background-attachment":"scroll","background-type":"","background-media":"","overlay-type":"","overlay-color":"","overlay-opacity":"","overlay-gradient":""},"tablet":{"background-color":"","background-image":"","background-repeat":"repeat","background-position":"center center","background-size":"auto","background-attachment":"scroll","background-type":"","background-media":"","overlay-type":"","overlay-color":"","overlay-opacity":"","overlay-gradient":""},"mobile":{"background-color":"","background-image":"","background-repeat":"repeat","background-position":"center center","background-size":"auto","background-attachment":"scroll","background-type":"","background-media":"","overlay-type":"","overlay-color":"","overlay-opacity":"","overlay-gradient":""}},"ast-content-background-meta":{"desktop":{"background-color":"var(--ast-global-color-5)","background-image":"","background-repeat":"repeat","background-position":"center center","background-size":"auto","background-attachment":"scroll","background-type":"","background-media":"","overlay-type":"","overlay-color":"","overlay-opacity":"","overlay-gradient":""},"tablet":{"background-color":"var(--ast-global-color-5)","background-image":"","background-repeat":"repeat","background-position":"center center","background-size":"auto","background-attachment":"scroll","background-type":"","background-media":"","overlay-type":"","overlay-color":"","overlay-opacity":"","overlay-gradient":""},"mobile":{"background-color":"var(--ast-global-color-5)","background-image":"","background-repeat":"repeat","background-position":"center center","background-size":"auto","background-attachment":"scroll","background-type":"","background-media":"","overlay-type":"","overlay-color":"","overlay-opacity":"","overlay-gradient":""}}},"product_brand":[],"product_cat":[2385],"product_tag":[1063,1064,1062,1057,1060,1059,1058,1061,1056,1055,1066,1065],"class_list":{"0":"post-3069","1":"product","2":"type-product","3":"status-publish","4":"has-post-thumbnail","6":"product_cat-buy-pain-killer-pills-online","7":"product_tag-buy-ketalar-injection-in-canada","8":"product_tag-buy-ketalar-injection-in-uk","9":"product_tag-buy-ketalar-injection-in-usa","10":"product_tag-buy-ketalar-injection-with-bitcoin","11":"product_tag-buy-ketalar-injection-with-credit-card","12":"product_tag-buy-ketalar-injection-with-money-gram","13":"product_tag-buy-ketalar-injection-with-western-union","14":"product_tag-buy-ketalar-injection-without-a-doctor","15":"product_tag-buy-ketalar-injection-without-prescription","16":"product_tag-ketalar-injection-for-sale","17":"product_tag-ketalar-injection-pills","18":"product_tag-ketalar-injection-tablets","19":"desktop-align-center","20":"tablet-align-left","21":"mobile-align-left","23":"first","24":"instock","25":"shipping-taxable","26":"purchasable","27":"product-type-variable","28":"has-default-attributes"},"yoast_head":"<!-- This site is optimized with the Yoast SEO plugin v25.9 - https:\/\/yoast.com\/wordpress\/plugins\/seo\/ -->\n<title>Buy Ketalar Injection Online USA - Buy Ketalar Injection Online for Sale - Buy Prescriptionz<\/title>\n<meta name=\"description\" content=\"Buyprescriptionz.com is an online pharmacy store where you can Buy Ketalar Injection Online at best price without doctor&#039;s prescription. Buy Ketalar Injection Online Now with Free &amp; Secure Shipping!\" \/>\n<meta name=\"robots\" content=\"index, follow, max-snippet:-1, max-image-preview:large, max-video-preview:-1\" \/>\n<link rel=\"canonical\" href=\"https:\/\/buy-prescriptionz.com\/fi\/tuote\/osta-ketalaari-injektio-verkosta\/\" \/>\n<meta property=\"og:locale\" content=\"fi_FI\" \/>\n<meta property=\"og:type\" content=\"article\" \/>\n<meta property=\"og:title\" content=\"Buy Ketalar Injection Online USA - Buy Ketalar Injection Online for Sale - Buy Prescriptionz\" \/>\n<meta property=\"og:description\" content=\"Buyprescriptionz.com is an online pharmacy store where you can Buy Ketalar Injection Online at best price without doctor&#039;s prescription. Buy Ketalar Injection Online Now with Free &amp; Secure Shipping!\" \/>\n<meta property=\"og:url\" content=\"https:\/\/buy-prescriptionz.com\/fi\/tuote\/osta-ketalaari-injektio-verkosta\/\" \/>\n<meta property=\"og:site_name\" content=\"Buy Prescriptionz\" \/>\n<meta property=\"article:modified_time\" content=\"2025-09-22T05:22:06+00:00\" \/>\n<meta property=\"og:image\" content=\"https:\/\/buy-prescriptionz.com\/wp-content\/uploads\/2025\/09\/ketalar-injection.jpg\" \/>\n\t<meta property=\"og:image:width\" content=\"400\" \/>\n\t<meta property=\"og:image:height\" content=\"300\" \/>\n\t<meta property=\"og:image:type\" content=\"image\/jpeg\" \/>\n<meta name=\"twitter:card\" content=\"summary_large_image\" \/>\n<meta name=\"twitter:label1\" content=\"Arvioitu lukuaika\" \/>\n\t<meta name=\"twitter:data1\" content=\"3 minuuttia\" \/>\n<script type=\"application\/ld+json\" class=\"yoast-schema-graph\">{\"@context\":\"https:\/\/schema.org\",\"@graph\":[{\"@type\":\"WebPage\",\"@id\":\"https:\/\/buy-prescriptionz.com\/product\/buy-ketalar-injection-online\/\",\"url\":\"https:\/\/buy-prescriptionz.com\/product\/buy-ketalar-injection-online\/\",\"name\":\"Buy Ketalar Injection Online USA - Buy Ketalar Injection Online for Sale - Buy Prescriptionz\",\"isPartOf\":{\"@id\":\"https:\/\/buy-prescriptionz.com\/#website\"},\"primaryImageOfPage\":{\"@id\":\"https:\/\/buy-prescriptionz.com\/product\/buy-ketalar-injection-online\/#primaryimage\"},\"image\":{\"@id\":\"https:\/\/buy-prescriptionz.com\/product\/buy-ketalar-injection-online\/#primaryimage\"},\"thumbnailUrl\":\"https:\/\/buy-prescriptionz.com\/wp-content\/uploads\/2025\/09\/ketalar-injection.jpg\",\"datePublished\":\"2025-09-16T08:56:11+00:00\",\"dateModified\":\"2025-09-22T05:22:06+00:00\",\"description\":\"Buyprescriptionz.com is an online pharmacy store where you can Buy Ketalar Injection Online at best price without doctor's prescription. Buy Ketalar Injection Online Now with Free & Secure Shipping!\",\"breadcrumb\":{\"@id\":\"https:\/\/buy-prescriptionz.com\/product\/buy-ketalar-injection-online\/#breadcrumb\"},\"inLanguage\":\"fi\",\"potentialAction\":[{\"@type\":\"ReadAction\",\"target\":[\"https:\/\/buy-prescriptionz.com\/product\/buy-ketalar-injection-online\/\"]}]},{\"@type\":\"ImageObject\",\"inLanguage\":\"fi\",\"@id\":\"https:\/\/buy-prescriptionz.com\/product\/buy-ketalar-injection-online\/#primaryimage\",\"url\":\"https:\/\/buy-prescriptionz.com\/wp-content\/uploads\/2025\/09\/ketalar-injection.jpg\",\"contentUrl\":\"https:\/\/buy-prescriptionz.com\/wp-content\/uploads\/2025\/09\/ketalar-injection.jpg\",\"width\":400,\"height\":300},{\"@type\":\"BreadcrumbList\",\"@id\":\"https:\/\/buy-prescriptionz.com\/product\/buy-ketalar-injection-online\/#breadcrumb\",\"itemListElement\":[{\"@type\":\"ListItem\",\"position\":1,\"name\":\"Home\",\"item\":\"https:\/\/buy-prescriptionz.com\/\"},{\"@type\":\"ListItem\",\"position\":2,\"name\":\"Shop Painkillers Online\",\"item\":\"https:\/\/buy-prescriptionz.com\/shop-painkillers-online\/\"},{\"@type\":\"ListItem\",\"position\":3,\"name\":\"Buy Ketalar Injection Online\"}]},{\"@type\":\"WebSite\",\"@id\":\"https:\/\/buy-prescriptionz.com\/#website\",\"url\":\"https:\/\/buy-prescriptionz.com\/\",\"name\":\"Buy Prescriptionz\",\"description\":\"Drugs Online\",\"publisher\":{\"@id\":\"https:\/\/buy-prescriptionz.com\/#organization\"},\"potentialAction\":[{\"@type\":\"SearchAction\",\"target\":{\"@type\":\"EntryPoint\",\"urlTemplate\":\"https:\/\/buy-prescriptionz.com\/?s={search_term_string}\"},\"query-input\":{\"@type\":\"PropertyValueSpecification\",\"valueRequired\":true,\"valueName\":\"search_term_string\"}}],\"inLanguage\":\"fi\"},{\"@type\":\"Organization\",\"@id\":\"https:\/\/buy-prescriptionz.com\/#organization\",\"name\":\"Buy Prescriptionz\",\"url\":\"https:\/\/buy-prescriptionz.com\/\",\"logo\":{\"@type\":\"ImageObject\",\"inLanguage\":\"fi\",\"@id\":\"https:\/\/buy-prescriptionz.com\/#\/schema\/logo\/image\/\",\"url\":\"https:\/\/buy-prescriptionz.com\/wp-content\/uploads\/2023\/09\/logo.png\",\"contentUrl\":\"https:\/\/buy-prescriptionz.com\/wp-content\/uploads\/2023\/09\/logo.png\",\"width\":350,\"height\":64,\"caption\":\"Buy Prescriptionz\"},\"image\":{\"@id\":\"https:\/\/buy-prescriptionz.com\/#\/schema\/logo\/image\/\"}}]}<\/script>\n<!-- \/ Yoast SEO plugin. -->","yoast_head_json":{"title":"Osta Ketalar-injektiota netist\u00e4 USA:sta - Osta Ketalar-injektiota netist\u00e4 myyt\u00e4v\u00e4n\u00e4 - Osta reseptil\u00e4\u00e4kkeesi","description":"Buyprescriptionz.com on verkkoapteekki, jossa voit ostaa Ketalar-injektio verkossa parhaaseen hintaan ilman l\u00e4\u00e4k\u00e4rin m\u00e4\u00e4r\u00e4yst\u00e4. Osta Ketalar Injection Online nyt ilmainen ja turvallinen toimitus!","robots":{"index":"index","follow":"follow","max-snippet":"max-snippet:-1","max-image-preview":"max-image-preview:large","max-video-preview":"max-video-preview:-1"},"canonical":"https:\/\/buy-prescriptionz.com\/fi\/tuote\/osta-ketalaari-injektio-verkosta\/","og_locale":"fi_FI","og_type":"article","og_title":"Buy Ketalar Injection Online USA - Buy Ketalar Injection Online for Sale - Buy Prescriptionz","og_description":"Buyprescriptionz.com is an online pharmacy store where you can Buy Ketalar Injection Online at best price without doctor's prescription. Buy Ketalar Injection Online Now with Free & Secure Shipping!","og_url":"https:\/\/buy-prescriptionz.com\/fi\/tuote\/osta-ketalaari-injektio-verkosta\/","og_site_name":"Buy Prescriptionz","article_modified_time":"2025-09-22T05:22:06+00:00","og_image":[{"width":400,"height":300,"url":"https:\/\/buy-prescriptionz.com\/wp-content\/uploads\/2025\/09\/ketalar-injection.jpg","type":"image\/jpeg"}],"twitter_card":"summary_large_image","twitter_misc":{"Arvioitu lukuaika":"3 minuuttia"},"schema":{"@context":"https:\/\/schema.org","@graph":[{"@type":"WebPage","@id":"https:\/\/buy-prescriptionz.com\/product\/buy-ketalar-injection-online\/","url":"https:\/\/buy-prescriptionz.com\/product\/buy-ketalar-injection-online\/","name":"Osta Ketalar-injektiota netist\u00e4 USA:sta - Osta Ketalar-injektiota netist\u00e4 myyt\u00e4v\u00e4n\u00e4 - Osta reseptil\u00e4\u00e4kkeesi","isPartOf":{"@id":"https:\/\/buy-prescriptionz.com\/#website"},"primaryImageOfPage":{"@id":"https:\/\/buy-prescriptionz.com\/product\/buy-ketalar-injection-online\/#primaryimage"},"image":{"@id":"https:\/\/buy-prescriptionz.com\/product\/buy-ketalar-injection-online\/#primaryimage"},"thumbnailUrl":"https:\/\/buy-prescriptionz.com\/wp-content\/uploads\/2025\/09\/ketalar-injection.jpg","datePublished":"2025-09-16T08:56:11+00:00","dateModified":"2025-09-22T05:22:06+00:00","description":"Buyprescriptionz.com on verkkoapteekki, jossa voit ostaa Ketalar-injektio verkossa parhaaseen hintaan ilman l\u00e4\u00e4k\u00e4rin m\u00e4\u00e4r\u00e4yst\u00e4. Osta Ketalar Injection Online nyt ilmainen ja turvallinen toimitus!","breadcrumb":{"@id":"https:\/\/buy-prescriptionz.com\/product\/buy-ketalar-injection-online\/#breadcrumb"},"inLanguage":"fi","potentialAction":[{"@type":"ReadAction","target":["https:\/\/buy-prescriptionz.com\/product\/buy-ketalar-injection-online\/"]}]},{"@type":"ImageObject","inLanguage":"fi","@id":"https:\/\/buy-prescriptionz.com\/product\/buy-ketalar-injection-online\/#primaryimage","url":"https:\/\/buy-prescriptionz.com\/wp-content\/uploads\/2025\/09\/ketalar-injection.jpg","contentUrl":"https:\/\/buy-prescriptionz.com\/wp-content\/uploads\/2025\/09\/ketalar-injection.jpg","width":400,"height":300},{"@type":"BreadcrumbList","@id":"https:\/\/buy-prescriptionz.com\/product\/buy-ketalar-injection-online\/#breadcrumb","itemListElement":[{"@type":"ListItem","position":1,"name":"Home","item":"https:\/\/buy-prescriptionz.com\/"},{"@type":"ListItem","position":2,"name":"Shop Painkillers Online","item":"https:\/\/buy-prescriptionz.com\/shop-painkillers-online\/"},{"@type":"ListItem","position":3,"name":"Buy Ketalar Injection Online"}]},{"@type":"WebSite","@id":"https:\/\/buy-prescriptionz.com\/#website","url":"https:\/\/buy-prescriptionz.com\/","name":"Buy Prescriptionz","description":"Huumeet verkossa","publisher":{"@id":"https:\/\/buy-prescriptionz.com\/#organization"},"potentialAction":[{"@type":"SearchAction","target":{"@type":"EntryPoint","urlTemplate":"https:\/\/buy-prescriptionz.com\/?s={search_term_string}"},"query-input":{"@type":"PropertyValueSpecification","valueRequired":true,"valueName":"search_term_string"}}],"inLanguage":"fi"},{"@type":"Organization","@id":"https:\/\/buy-prescriptionz.com\/#organization","name":"Buy Prescriptionz","url":"https:\/\/buy-prescriptionz.com\/","logo":{"@type":"ImageObject","inLanguage":"fi","@id":"https:\/\/buy-prescriptionz.com\/#\/schema\/logo\/image\/","url":"https:\/\/buy-prescriptionz.com\/wp-content\/uploads\/2023\/09\/logo.png","contentUrl":"https:\/\/buy-prescriptionz.com\/wp-content\/uploads\/2023\/09\/logo.png","width":350,"height":64,"caption":"Buy Prescriptionz"},"image":{"@id":"https:\/\/buy-prescriptionz.com\/#\/schema\/logo\/image\/"}}]}},"_links":{"self":[{"href":"https:\/\/buy-prescriptionz.com\/fi\/wp-json\/wp\/v2\/product\/3069","targetHints":{"allow":["GET"]}}],"collection":[{"href":"https:\/\/buy-prescriptionz.com\/fi\/wp-json\/wp\/v2\/product"}],"about":[{"href":"https:\/\/buy-prescriptionz.com\/fi\/wp-json\/wp\/v2\/types\/product"}],"replies":[{"embeddable":true,"href":"https:\/\/buy-prescriptionz.com\/fi\/wp-json\/wp\/v2\/comments?post=3069"}],"wp:featuredmedia":[{"embeddable":true,"href":"https:\/\/buy-prescriptionz.com\/fi\/wp-json\/wp\/v2\/media\/3099"}],"wp:attachment":[{"href":"https:\/\/buy-prescriptionz.com\/fi\/wp-json\/wp\/v2\/media?parent=3069"}],"wp:term":[{"taxonomy":"product_brand","embeddable":true,"href":"https:\/\/buy-prescriptionz.com\/fi\/wp-json\/wp\/v2\/product_brand?post=3069"},{"taxonomy":"product_cat","embeddable":true,"href":"https:\/\/buy-prescriptionz.com\/fi\/wp-json\/wp\/v2\/product_cat?post=3069"},{"taxonomy":"product_tag","embeddable":true,"href":"https:\/\/buy-prescriptionz.com\/fi\/wp-json\/wp\/v2\/product_tag?post=3069"}],"curies":[{"name":"wp","href":"https:\/\/api.w.org\/{rel}","templated":true}]}}