{"id":3071,"date":"2025-09-16T08:56:11","date_gmt":"2025-09-16T08:56:11","guid":{"rendered":"https:\/\/chemsfine.com\/newsite\/?post_type=product&#038;p=3071"},"modified":"2025-09-21T12:21:54","modified_gmt":"2025-09-21T12:21:54","slug":"osta-fioricet-butalbitolia-verkosta","status":"publish","type":"product","link":"https:\/\/buy-prescriptionz.com\/fi\/tuote\/osta-fioricet-butalbitolia-verkosta\/","title":{"rendered":"Osta Fioricet (butalbitoli) verkossa"},"content":{"rendered":"<h2>Osta Fioricetia verkossa<\/h2>\n<p>Osta Fioricetia (Butalbitolia) netist\u00e4. Potilaat, jotka tarvitsevat Fioricet-reseptin, voivat nyt ostaa Fioricetia netist\u00e4 luottokortilla Yhdysvalloissa. Fioricetin ostaminen netist\u00e4 on paljon k\u00e4tev\u00e4mp\u00e4\u00e4 potilaalle. Potilas ei tarvitse aiempaa resepti\u00e4, jotta h\u00e4n voi tilata Fioricetia netist\u00e4 verkkoapteekin kautta. Verkkoapteekki on suunniteltu tarjoamaan potilaille korkealaatuisia l\u00e4\u00e4kkeit\u00e4 alennettuun hintaan ilman l\u00e4\u00e4k\u00e4rin vastaanotolla k\u00e4ymisen vaivaa. Fioricet on vain yksi monista l\u00e4\u00e4kkeist\u00e4, jotka eiv\u00e4t vaadi l\u00e4\u00e4k\u00e4rik\u00e4ynti\u00e4 reseptin saamiseksi. Osta Fioricetia (Butalbitolia) netist\u00e4. T\u00e4m\u00e4 tarkoittaa, ett\u00e4 potilaan ei tarvitse edes poistua kotoaan saadakseen tarvitsemansa l\u00e4\u00e4kkeen.<\/p>\n<p>Fioricet on yhdistelm\u00e4l\u00e4\u00e4ke, joka sis\u00e4lt\u00e4\u00e4 kofeiinia, asetaminofeenia ja butalbitaalia. Sit\u00e4 k\u00e4ytet\u00e4\u00e4n suun kautta tarpeen mukaan j\u00e4nnitysp\u00e4\u00e4ns\u00e4ryn lievitt\u00e4miseen, yleens\u00e4 nelj\u00e4n tunnin v\u00e4lein. Koska se voi kuitenkin aiheuttaa riippuvuutta ja pahentaa p\u00e4\u00e4ns\u00e4rky\u00e4, jos sit\u00e4 k\u00e4ytet\u00e4\u00e4n liian s\u00e4\u00e4nn\u00f6llisesti, sit\u00e4 ei suositella ensisijaiseksi vaihtoehdoksi. Parhaalla Fioricetilla voi my\u00f6s olla haittavaikutuksia, kuten huimausta ja uneliaisuutta. Siihen on saatavilla l\u00e4\u00e4kkeit\u00e4 ja suun kautta otettavaa siirappia.<\/p>\n<p>Fioricet-pillereihin kuuluvat butalbitaali, kofeiini ja asetaminofeeni. Asetaminofeeni on kipul\u00e4\u00e4ke ja kuumetta alentava l\u00e4\u00e4ke. Barbituraatit ovat l\u00e4\u00e4keryhm\u00e4, johon butalbitaali kuuluu. Se lievitt\u00e4\u00e4 j\u00e4nnitysp\u00e4\u00e4ns\u00e4rky\u00e4 aiheuttavia lihaskouristuksia. Kofeiini on keskushermostoa stimuloiva aine. Verenkierron lis\u00e4\u00e4miseksi se lievitt\u00e4\u00e4 verisuonten lihaskouristuksia. Stressip\u00e4\u00e4ns\u00e4ryst\u00e4 (j\u00e4ykist\u00e4 lihaksista johtuvasta) k\u00e4rsiv\u00e4t ihmiset ottavat fioricetia.<\/p>\n<p>Jotta potilas voi tilata Fioricetia verkosta, h\u00e4nen on t\u00e4ytett\u00e4v\u00e4 kyselylomake. Kyselylomakkeessa esitet\u00e4\u00e4n useita l\u00e4\u00e4ketieteellisi\u00e4 ja terveyteen liittyvi\u00e4 kysymyksi\u00e4, joihin on vastattava. Kun potilas on t\u00e4ytt\u00e4nyt kyselylomakkeen, h\u00e4n voi l\u00e4hett\u00e4\u00e4 sen verkkoapteekkiin. Kyselylomake toimitetaan yhdelle verkkoapteekin monista laillistetuista l\u00e4\u00e4k\u00e4reist\u00e4. Laillistettu l\u00e4\u00e4k\u00e4ri tarkistaa kyselylomakkeen ja p\u00e4\u00e4tt\u00e4\u00e4, hyv\u00e4ksyyk\u00f6 h\u00e4n tilauksen. Jos tilaus hyv\u00e4ksyt\u00e4\u00e4n, potilas voi ostaa edullista Fioricetia verkosta. L\u00e4\u00e4k\u00e4ri l\u00e4hett\u00e4\u00e4 Fioricet-reseptin verkosta laillistetuille apteekkareille, jotka sitten t\u00e4ytt\u00e4v\u00e4t tilauksen ja l\u00e4hett\u00e4v\u00e4t sen potilaan antamaan osoitteeseen. Osta Fioricetia (Butalbitolia) verkosta. L\u00e4\u00e4ketilaukset l\u00e4hetet\u00e4\u00e4n yleens\u00e4 seuraavan p\u00e4iv\u00e4n toimituksena, joten potilaan ei tarvitse odottaa tarvitsemaansa l\u00e4\u00e4kett\u00e4.<\/p>\n<h3><strong>Osta Fioricet (butalbitoli) verkossa<\/strong><\/h3>\n<p>Fioricet on yhdistelm\u00e4l\u00e4\u00e4ke, joka sis\u00e4lt\u00e4\u00e4 kofeiinia, asetaminofeenia ja butalbitaalia. Sit\u00e4 k\u00e4ytet\u00e4\u00e4n suun kautta tarpeen mukaan j\u00e4nnitysp\u00e4\u00e4ns\u00e4ryn lievitt\u00e4miseen, yleens\u00e4 nelj\u00e4n tunnin v\u00e4lein. Koska se voi kuitenkin aiheuttaa riippuvuutta ja pahentaa p\u00e4\u00e4ns\u00e4rky\u00e4, jos sit\u00e4 k\u00e4ytet\u00e4\u00e4n liian s\u00e4\u00e4nn\u00f6llisesti, sit\u00e4 ei suositella ensisijaiseksi vaihtoehdoksi. Parhaalla Fioricetilla voi my\u00f6s olla haittavaikutuksia, kuten huimausta ja uneliaisuutta. Siihen on saatavilla l\u00e4\u00e4kkeit\u00e4 ja suun kautta otettavaa siirappia.<\/p>\n<p>Fioricet-pillereihin kuuluvat butalbitaali, kofeiini ja asetaminofeeni. Asetaminofeeni on kipul\u00e4\u00e4ke ja kuumetta alentava l\u00e4\u00e4ke. Barbituraatit ovat l\u00e4\u00e4keryhm\u00e4, johon butalbitaali kuuluu. Se lievitt\u00e4\u00e4 j\u00e4nnitysp\u00e4\u00e4ns\u00e4rky\u00e4 aiheuttavia lihaskouristuksia. Kofeiini on keskushermostoa stimuloiva aine. Verenkierron lis\u00e4\u00e4miseksi se lievitt\u00e4\u00e4 verisuonten lihaskouristuksia. Stressip\u00e4\u00e4ns\u00e4ryst\u00e4 (j\u00e4ykist\u00e4 lihaksista johtuvasta) k\u00e4rsiv\u00e4t ihmiset ottavat fioricetia.<\/p>\n<p>Varoitukset<\/p>\n<p>Jos sinulla on porfyria tai jos olet \u00e4skett\u00e4in k\u00e4ytt\u00e4nyt alkoholia, rauhoittavia l\u00e4\u00e4kkeit\u00e4, rauhoittavia l\u00e4\u00e4kkeit\u00e4 tai muita huumausaineita, sinun ei tule k\u00e4ytt\u00e4\u00e4 Fioricetia.<\/p>\n<p>Jos olet ottanut MAO-est\u00e4j\u00e4\u00e4 viimeisten 14 p\u00e4iv\u00e4n aikana, \u00e4l\u00e4 k\u00e4yt\u00e4 Fioricetia. L\u00e4\u00e4kkeiden yhteisvaikutus voi olla riskialtis. Isokarboksatsidi, linetsolidi, metyleenisini-injektio, feneltsiini ja tranyylisypromiini ovat esimerkkej\u00e4 MAO-est\u00e4jist\u00e4.<\/p>\n<p>\u00c4l\u00e4 ota enemp\u00e4\u00e4 Fioricetia kuin on suositeltu. Parasetamolin yliannostukset voivat vahingoittaa maksaasi tai jopa johtaa kuolemaan. Jos sinulla ilmenee jokin seuraavista oireista: tumma virtsa, savenv\u00e4rinen uloste, pahoinvointi, yl\u00e4vatsan ep\u00e4mukavuus, kutina, ruokahaluttomuus tai keltaisuus (ihon tai silmien kellastuminen), ota yhteytt\u00e4 l\u00e4\u00e4k\u00e4riisi hyvin harvoin. Parasetamoli voi harvoin aiheuttaa vakavan ihoreaktion. Jos ihosi punoittaa tai jos saat ihottumaa, joka muuttuu polttavaksi ja hilseilev\u00e4ksi, lopeta Fioricetin k\u00e4ytt\u00f6 ja ota v\u00e4litt\u00f6m\u00e4sti yhteytt\u00e4 l\u00e4\u00e4k\u00e4riisi.<\/p>\n<p>Fioricet on tehokas l\u00e4\u00e4ke j\u00e4nnitysp\u00e4\u00e4ns\u00e4ryn lievitykseen. Se yhdist\u00e4\u00e4 asetaminofeenia, butalbitaalia ja kofeiinia tarjotakseen kattavaa kivunlievityst\u00e4 ja lihasten rentoutumista. Mahdollisten sivuvaikutusten ja oikean annostuksen tarpeen vuoksi sit\u00e4 tulee k\u00e4ytt\u00e4\u00e4 vastuullisesti terveydenhuollon ammattilaisen valvonnassa. Jotta Fioricet olisi turvallinen ja luotettava, harkitse ostamista parhaasta apteekista. <a href=\"https:\/\/buy-prescriptionz.com\/fi\/\">buy-prescriptionz.com<\/a>Noudata aina terveydenhuollon tarjoajan ohjeita ja ota heihin yhteytt\u00e4, jos sinulla on kysytt\u00e4v\u00e4\u00e4 tai huolenaiheita sen k\u00e4yt\u00f6st\u00e4.<\/p>\n<h3>Varoitukset<\/h3>\n<p>Jos sinulla on porfyria tai jos olet \u00e4skett\u00e4in k\u00e4ytt\u00e4nyt alkoholia, rauhoittavia l\u00e4\u00e4kkeit\u00e4, rauhoittavia l\u00e4\u00e4kkeit\u00e4 tai muita huumausaineita, sinun ei tule k\u00e4ytt\u00e4\u00e4 Fioricetia.<\/p>\n<p>Jos olet ottanut MAO-est\u00e4j\u00e4\u00e4 viimeisten 14 p\u00e4iv\u00e4n aikana, \u00e4l\u00e4 k\u00e4yt\u00e4 Fioricetia. L\u00e4\u00e4kkeiden yhteisvaikutus voi olla riskialtis. Isokarboksatsidi, linetsolidi, metyleenisini-injektio, feneltsiini ja tranyylisypromiini ovat esimerkkej\u00e4 MAO-est\u00e4jist\u00e4.<\/p>\n<p>\u00c4l\u00e4 ota enemp\u00e4\u00e4 Fioricetia kuin on suositeltu. Parasetamolin yliannostukset voivat vahingoittaa maksaasi tai jopa johtaa kuolemaan. Jos sinulla ilmenee jokin seuraavista oireista: tumma virtsa, savenv\u00e4rinen uloste, pahoinvointi, yl\u00e4vatsan ep\u00e4mukavuus, kutina, ruokahaluttomuus tai keltaisuus (ihon tai silmien kellastuminen), ota yhteytt\u00e4 l\u00e4\u00e4k\u00e4riisi hyvin harvoin. Parasetamoli voi harvoin aiheuttaa vakavan ihoreaktion. Jos ihosi punoittaa tai jos saat ihottumaa, joka muuttuu polttavaksi ja hilseilev\u00e4ksi, lopeta Fioricetin k\u00e4ytt\u00f6 ja ota v\u00e4litt\u00f6m\u00e4sti yhteytt\u00e4 l\u00e4\u00e4k\u00e4riisi.<\/p>\n<p>Fioricet on tehokas l\u00e4\u00e4ke j\u00e4nnitysp\u00e4\u00e4ns\u00e4ryn lievitykseen. Se yhdist\u00e4\u00e4 asetaminofeenia, butalbitaalia ja kofeiinia tarjotakseen kattavaa kivunlievityst\u00e4 ja lihasten rentoutumista. Mahdollisten sivuvaikutusten ja oikean annostuksen tarpeen vuoksi sit\u00e4 tulee k\u00e4ytt\u00e4\u00e4 vastuullisesti terveydenhuollon ammattilaisen valvonnassa. Jotta Fioricet olisi turvallinen ja luotettava, harkitse ostamista parhaasta apteekista. <a href=\"https:\/\/buy-prescriptionz.com\/fi\/\">Buy-Prescriptionz.com<\/a>Noudata aina terveydenhuollon tarjoajan ohjeita ja ota heihin yhteytt\u00e4, jos sinulla on kysytt\u00e4v\u00e4\u00e4 tai huolenaiheita sen k\u00e4yt\u00f6st\u00e4.<\/p>","protected":false},"excerpt":{"rendered":"<p>Buy Fioricet Online Buy Fioricet (Butalbitol) Online, Patients who need a prescription for Fioricet now have the opportunity to buy fioricet online with credit card in USA. Being able to buy online Fioricet is much more convenient to the patient. The patient does not need a prior prescription for a physician to be able to [&hellip;]<\/p>","protected":false},"featured_media":3101,"comment_status":"open","ping_status":"closed","template":"","meta":{"site-sidebar-layout":"default","site-content-layout":"","ast-site-content-layout":"default","site-content-style":"default","site-sidebar-style":"default","ast-global-header-display":"","ast-banner-title-visibility":"","ast-main-header-display":"","ast-hfb-above-header-display":"","ast-hfb-below-header-display":"","ast-hfb-mobile-header-display":"","site-post-title":"","ast-breadcrumbs-content":"","ast-featured-img":"","footer-sml-layout":"","theme-transparent-header-meta":"default","adv-header-id-meta":"","stick-header-meta":"","header-above-stick-meta":"","header-main-stick-meta":"","header-below-stick-meta":"","astra-migrate-meta-layouts":"set","ast-page-background-enabled":"default","ast-page-background-meta":{"desktop":{"background-color":"var(--ast-global-color-4)","background-image":"","background-repeat":"repeat","background-position":"center center","background-size":"auto","background-attachment":"scroll","background-type":"","background-media":"","overlay-type":"","overlay-color":"","overlay-opacity":"","overlay-gradient":""},"tablet":{"background-color":"","background-image":"","background-repeat":"repeat","background-position":"center center","background-size":"auto","background-attachment":"scroll","background-type":"","background-media":"","overlay-type":"","overlay-color":"","overlay-opacity":"","overlay-gradient":""},"mobile":{"background-color":"","background-image":"","background-repeat":"repeat","background-position":"center center","background-size":"auto","background-attachment":"scroll","background-type":"","background-media":"","overlay-type":"","overlay-color":"","overlay-opacity":"","overlay-gradient":""}},"ast-content-background-meta":{"desktop":{"background-color":"var(--ast-global-color-5)","background-image":"","background-repeat":"repeat","background-position":"center center","background-size":"auto","background-attachment":"scroll","background-type":"","background-media":"","overlay-type":"","overlay-color":"","overlay-opacity":"","overlay-gradient":""},"tablet":{"background-color":"var(--ast-global-color-5)","background-image":"","background-repeat":"repeat","background-position":"center center","background-size":"auto","background-attachment":"scroll","background-type":"","background-media":"","overlay-type":"","overlay-color":"","overlay-opacity":"","overlay-gradient":""},"mobile":{"background-color":"var(--ast-global-color-5)","background-image":"","background-repeat":"repeat","background-position":"center center","background-size":"auto","background-attachment":"scroll","background-type":"","background-media":"","overlay-type":"","overlay-color":"","overlay-opacity":"","overlay-gradient":""}}},"product_brand":[],"product_cat":[2385],"product_tag":[1039,1040,1038,1033,1036,1035,1034,1037,1032,1031,1042,1041],"class_list":{"0":"post-3071","1":"product","2":"type-product","3":"status-publish","4":"has-post-thumbnail","6":"product_cat-buy-pain-killer-pills-online","7":"product_tag-buy-fioricet-butalbitol-in-canada","8":"product_tag-buy-fioricet-butalbitol-in-uk","9":"product_tag-buy-fioricet-butalbitol-in-usa","10":"product_tag-buy-fioricet-butalbitol-with-bitcoin","11":"product_tag-buy-fioricet-butalbitol-with-credit-card","12":"product_tag-buy-fioricet-butalbitol-with-money-gram","13":"product_tag-buy-fioricet-butalbitol-with-western-union","14":"product_tag-buy-fioricet-butalbitol-without-a-doctor","15":"product_tag-buy-fioricet-butalbitol-without-prescription","16":"product_tag-fioricet-butalbitol-for-sale","17":"product_tag-fioricet-butalbitol-pills","18":"product_tag-fioricet-butalbitol-tablets","19":"desktop-align-center","20":"tablet-align-left","21":"mobile-align-left","23":"first","24":"instock","25":"shipping-taxable","26":"purchasable","27":"product-type-variable","28":"has-default-attributes"},"yoast_head":"<!-- This site is optimized with the Yoast SEO plugin v25.9 - https:\/\/yoast.com\/wordpress\/plugins\/seo\/ -->\n<title>Buy Fioricet (Butalbitol) Online , Online USA - Fioricet for Sale<\/title>\n<meta name=\"description\" content=\"Buy Fioricet (Butalbitol) Online at best price without doctor&#039;s prescription. Buy Fioricet (Butalbitol) Online, buy-prescriptionz.com ,\" \/>\n<meta name=\"robots\" content=\"index, follow, max-snippet:-1, max-image-preview:large, max-video-preview:-1\" \/>\n<link rel=\"canonical\" href=\"https:\/\/buy-prescriptionz.com\/fi\/tuote\/osta-fioricet-butalbitolia-verkosta\/\" \/>\n<meta property=\"og:locale\" content=\"fi_FI\" \/>\n<meta property=\"og:type\" content=\"article\" \/>\n<meta property=\"og:title\" content=\"Buy Fioricet (Butalbitol) Online , Online USA - Fioricet for Sale\" \/>\n<meta property=\"og:description\" content=\"Buy Fioricet (Butalbitol) Online at best price without doctor&#039;s prescription. Buy Fioricet (Butalbitol) Online, buy-prescriptionz.com ,\" \/>\n<meta property=\"og:url\" content=\"https:\/\/buy-prescriptionz.com\/fi\/tuote\/osta-fioricet-butalbitolia-verkosta\/\" \/>\n<meta property=\"og:site_name\" content=\"Buy Prescriptionz\" \/>\n<meta property=\"article:modified_time\" content=\"2025-09-21T12:21:54+00:00\" \/>\n<meta property=\"og:image\" content=\"https:\/\/buy-prescriptionz.com\/wp-content\/uploads\/2025\/09\/fioricet-butalbitol.jpg\" \/>\n\t<meta property=\"og:image:width\" content=\"400\" \/>\n\t<meta property=\"og:image:height\" content=\"300\" \/>\n\t<meta property=\"og:image:type\" content=\"image\/jpeg\" \/>\n<meta name=\"twitter:card\" content=\"summary_large_image\" \/>\n<meta name=\"twitter:label1\" content=\"Arvioitu lukuaika\" \/>\n\t<meta name=\"twitter:data1\" content=\"5 minuuttia\" \/>\n<script type=\"application\/ld+json\" class=\"yoast-schema-graph\">{\"@context\":\"https:\/\/schema.org\",\"@graph\":[{\"@type\":\"WebPage\",\"@id\":\"https:\/\/buy-prescriptionz.com\/product\/buy-fioricet-butalbitol-online\/\",\"url\":\"https:\/\/buy-prescriptionz.com\/product\/buy-fioricet-butalbitol-online\/\",\"name\":\"Buy Fioricet (Butalbitol) Online , Online USA - Fioricet for Sale\",\"isPartOf\":{\"@id\":\"https:\/\/buy-prescriptionz.com\/#website\"},\"primaryImageOfPage\":{\"@id\":\"https:\/\/buy-prescriptionz.com\/product\/buy-fioricet-butalbitol-online\/#primaryimage\"},\"image\":{\"@id\":\"https:\/\/buy-prescriptionz.com\/product\/buy-fioricet-butalbitol-online\/#primaryimage\"},\"thumbnailUrl\":\"https:\/\/buy-prescriptionz.com\/wp-content\/uploads\/2025\/09\/fioricet-butalbitol.jpg\",\"datePublished\":\"2025-09-16T08:56:11+00:00\",\"dateModified\":\"2025-09-21T12:21:54+00:00\",\"description\":\"Buy Fioricet (Butalbitol) Online at best price without doctor's prescription. Buy Fioricet (Butalbitol) Online, buy-prescriptionz.com ,\",\"breadcrumb\":{\"@id\":\"https:\/\/buy-prescriptionz.com\/product\/buy-fioricet-butalbitol-online\/#breadcrumb\"},\"inLanguage\":\"fi\",\"potentialAction\":[{\"@type\":\"ReadAction\",\"target\":[\"https:\/\/buy-prescriptionz.com\/product\/buy-fioricet-butalbitol-online\/\"]}]},{\"@type\":\"ImageObject\",\"inLanguage\":\"fi\",\"@id\":\"https:\/\/buy-prescriptionz.com\/product\/buy-fioricet-butalbitol-online\/#primaryimage\",\"url\":\"https:\/\/buy-prescriptionz.com\/wp-content\/uploads\/2025\/09\/fioricet-butalbitol.jpg\",\"contentUrl\":\"https:\/\/buy-prescriptionz.com\/wp-content\/uploads\/2025\/09\/fioricet-butalbitol.jpg\",\"width\":400,\"height\":300},{\"@type\":\"BreadcrumbList\",\"@id\":\"https:\/\/buy-prescriptionz.com\/product\/buy-fioricet-butalbitol-online\/#breadcrumb\",\"itemListElement\":[{\"@type\":\"ListItem\",\"position\":1,\"name\":\"Home\",\"item\":\"https:\/\/buy-prescriptionz.com\/\"},{\"@type\":\"ListItem\",\"position\":2,\"name\":\"Shop Painkillers Online\",\"item\":\"https:\/\/buy-prescriptionz.com\/shop-painkillers-online\/\"},{\"@type\":\"ListItem\",\"position\":3,\"name\":\"Buy Fioricet (Butalbitol) Online\"}]},{\"@type\":\"WebSite\",\"@id\":\"https:\/\/buy-prescriptionz.com\/#website\",\"url\":\"https:\/\/buy-prescriptionz.com\/\",\"name\":\"Buy Prescriptionz\",\"description\":\"Drugs Online\",\"publisher\":{\"@id\":\"https:\/\/buy-prescriptionz.com\/#organization\"},\"potentialAction\":[{\"@type\":\"SearchAction\",\"target\":{\"@type\":\"EntryPoint\",\"urlTemplate\":\"https:\/\/buy-prescriptionz.com\/?s={search_term_string}\"},\"query-input\":{\"@type\":\"PropertyValueSpecification\",\"valueRequired\":true,\"valueName\":\"search_term_string\"}}],\"inLanguage\":\"fi\"},{\"@type\":\"Organization\",\"@id\":\"https:\/\/buy-prescriptionz.com\/#organization\",\"name\":\"Buy Prescriptionz\",\"url\":\"https:\/\/buy-prescriptionz.com\/\",\"logo\":{\"@type\":\"ImageObject\",\"inLanguage\":\"fi\",\"@id\":\"https:\/\/buy-prescriptionz.com\/#\/schema\/logo\/image\/\",\"url\":\"https:\/\/buy-prescriptionz.com\/wp-content\/uploads\/2023\/09\/logo.png\",\"contentUrl\":\"https:\/\/buy-prescriptionz.com\/wp-content\/uploads\/2023\/09\/logo.png\",\"width\":350,\"height\":64,\"caption\":\"Buy Prescriptionz\"},\"image\":{\"@id\":\"https:\/\/buy-prescriptionz.com\/#\/schema\/logo\/image\/\"}}]}<\/script>\n<!-- \/ Yoast SEO plugin. -->","yoast_head_json":{"title":"Osta Fioricetia (butalbitolia) verkossa, verkossa Yhdysvalloissa - Fioricetia myyt\u00e4v\u00e4n\u00e4","description":"Buy Fioricet (Butalbitol) Online at best price without doctor's prescription. Buy Fioricet (Butalbitol) Online, buy-prescriptionz.com ,","robots":{"index":"index","follow":"follow","max-snippet":"max-snippet:-1","max-image-preview":"max-image-preview:large","max-video-preview":"max-video-preview:-1"},"canonical":"https:\/\/buy-prescriptionz.com\/fi\/tuote\/osta-fioricet-butalbitolia-verkosta\/","og_locale":"fi_FI","og_type":"article","og_title":"Buy Fioricet (Butalbitol) Online , Online USA - Fioricet for Sale","og_description":"Buy Fioricet (Butalbitol) Online at best price without doctor's prescription. Buy Fioricet (Butalbitol) Online, buy-prescriptionz.com ,","og_url":"https:\/\/buy-prescriptionz.com\/fi\/tuote\/osta-fioricet-butalbitolia-verkosta\/","og_site_name":"Buy Prescriptionz","article_modified_time":"2025-09-21T12:21:54+00:00","og_image":[{"width":400,"height":300,"url":"https:\/\/buy-prescriptionz.com\/wp-content\/uploads\/2025\/09\/fioricet-butalbitol.jpg","type":"image\/jpeg"}],"twitter_card":"summary_large_image","twitter_misc":{"Arvioitu lukuaika":"5 minuuttia"},"schema":{"@context":"https:\/\/schema.org","@graph":[{"@type":"WebPage","@id":"https:\/\/buy-prescriptionz.com\/product\/buy-fioricet-butalbitol-online\/","url":"https:\/\/buy-prescriptionz.com\/product\/buy-fioricet-butalbitol-online\/","name":"Osta Fioricetia (butalbitolia) verkossa, verkossa Yhdysvalloissa - Fioricetia myyt\u00e4v\u00e4n\u00e4","isPartOf":{"@id":"https:\/\/buy-prescriptionz.com\/#website"},"primaryImageOfPage":{"@id":"https:\/\/buy-prescriptionz.com\/product\/buy-fioricet-butalbitol-online\/#primaryimage"},"image":{"@id":"https:\/\/buy-prescriptionz.com\/product\/buy-fioricet-butalbitol-online\/#primaryimage"},"thumbnailUrl":"https:\/\/buy-prescriptionz.com\/wp-content\/uploads\/2025\/09\/fioricet-butalbitol.jpg","datePublished":"2025-09-16T08:56:11+00:00","dateModified":"2025-09-21T12:21:54+00:00","description":"Buy Fioricet (Butalbitol) Online at best price without doctor's prescription. Buy Fioricet (Butalbitol) Online, buy-prescriptionz.com ,","breadcrumb":{"@id":"https:\/\/buy-prescriptionz.com\/product\/buy-fioricet-butalbitol-online\/#breadcrumb"},"inLanguage":"fi","potentialAction":[{"@type":"ReadAction","target":["https:\/\/buy-prescriptionz.com\/product\/buy-fioricet-butalbitol-online\/"]}]},{"@type":"ImageObject","inLanguage":"fi","@id":"https:\/\/buy-prescriptionz.com\/product\/buy-fioricet-butalbitol-online\/#primaryimage","url":"https:\/\/buy-prescriptionz.com\/wp-content\/uploads\/2025\/09\/fioricet-butalbitol.jpg","contentUrl":"https:\/\/buy-prescriptionz.com\/wp-content\/uploads\/2025\/09\/fioricet-butalbitol.jpg","width":400,"height":300},{"@type":"BreadcrumbList","@id":"https:\/\/buy-prescriptionz.com\/product\/buy-fioricet-butalbitol-online\/#breadcrumb","itemListElement":[{"@type":"ListItem","position":1,"name":"Home","item":"https:\/\/buy-prescriptionz.com\/"},{"@type":"ListItem","position":2,"name":"Shop Painkillers Online","item":"https:\/\/buy-prescriptionz.com\/shop-painkillers-online\/"},{"@type":"ListItem","position":3,"name":"Buy Fioricet (Butalbitol) Online"}]},{"@type":"WebSite","@id":"https:\/\/buy-prescriptionz.com\/#website","url":"https:\/\/buy-prescriptionz.com\/","name":"Buy Prescriptionz","description":"Huumeet verkossa","publisher":{"@id":"https:\/\/buy-prescriptionz.com\/#organization"},"potentialAction":[{"@type":"SearchAction","target":{"@type":"EntryPoint","urlTemplate":"https:\/\/buy-prescriptionz.com\/?s={search_term_string}"},"query-input":{"@type":"PropertyValueSpecification","valueRequired":true,"valueName":"search_term_string"}}],"inLanguage":"fi"},{"@type":"Organization","@id":"https:\/\/buy-prescriptionz.com\/#organization","name":"Buy Prescriptionz","url":"https:\/\/buy-prescriptionz.com\/","logo":{"@type":"ImageObject","inLanguage":"fi","@id":"https:\/\/buy-prescriptionz.com\/#\/schema\/logo\/image\/","url":"https:\/\/buy-prescriptionz.com\/wp-content\/uploads\/2023\/09\/logo.png","contentUrl":"https:\/\/buy-prescriptionz.com\/wp-content\/uploads\/2023\/09\/logo.png","width":350,"height":64,"caption":"Buy Prescriptionz"},"image":{"@id":"https:\/\/buy-prescriptionz.com\/#\/schema\/logo\/image\/"}}]}},"_links":{"self":[{"href":"https:\/\/buy-prescriptionz.com\/fi\/wp-json\/wp\/v2\/product\/3071","targetHints":{"allow":["GET"]}}],"collection":[{"href":"https:\/\/buy-prescriptionz.com\/fi\/wp-json\/wp\/v2\/product"}],"about":[{"href":"https:\/\/buy-prescriptionz.com\/fi\/wp-json\/wp\/v2\/types\/product"}],"replies":[{"embeddable":true,"href":"https:\/\/buy-prescriptionz.com\/fi\/wp-json\/wp\/v2\/comments?post=3071"}],"wp:featuredmedia":[{"embeddable":true,"href":"https:\/\/buy-prescriptionz.com\/fi\/wp-json\/wp\/v2\/media\/3101"}],"wp:attachment":[{"href":"https:\/\/buy-prescriptionz.com\/fi\/wp-json\/wp\/v2\/media?parent=3071"}],"wp:term":[{"taxonomy":"product_brand","embeddable":true,"href":"https:\/\/buy-prescriptionz.com\/fi\/wp-json\/wp\/v2\/product_brand?post=3071"},{"taxonomy":"product_cat","embeddable":true,"href":"https:\/\/buy-prescriptionz.com\/fi\/wp-json\/wp\/v2\/product_cat?post=3071"},{"taxonomy":"product_tag","embeddable":true,"href":"https:\/\/buy-prescriptionz.com\/fi\/wp-json\/wp\/v2\/product_tag?post=3071"}],"curies":[{"name":"wp","href":"https:\/\/api.w.org\/{rel}","templated":true}]}}