{"id":3107,"date":"2025-09-16T08:56:25","date_gmt":"2025-09-16T08:56:25","guid":{"rendered":"https:\/\/chemsfine.com\/newsite\/?post_type=product&#038;p=3107"},"modified":"2025-09-17T06:23:23","modified_gmt":"2025-09-17T06:23:23","slug":"osta-kortametasoni-50ml","status":"publish","type":"product","link":"https:\/\/buy-prescriptionz.com\/fi\/tuote\/osta-kortametasoni-50ml\/","title":{"rendered":"Osta Cortamethasone 50ml"},"content":{"rendered":"<h2>Osta kortametasonia \u2013 50 ml verkossa<\/h2>\n<p><strong>Osta kortametasoni 50ml, viite<\/strong>: Cortamethasone \u2013 50 ml<br \/>\n<strong>Condition<\/strong>: New product<br \/>\n<strong>Koostumus:<\/strong><br \/>\nDeksametasoni 1 mg<br \/>\nBentsyylialkoholi (E1519) .... 10 mg<br \/>\nApuaine QSP 1 ml<br \/>\nL\u00e4\u00e4kemuoto<br \/>\nInjektoitava liuos.<br \/>\nKliiniset tiedot<\/p>\n<p>Kortametasonia, joka todenn\u00e4k\u00f6isesti viittaa kortikosteroidiin, k\u00e4ytet\u00e4\u00e4n yleisesti el\u00e4inl\u00e4\u00e4ketieteess\u00e4 tulehduksen ja allergisten reaktioiden hoitoon. Sen k\u00e4ytt\u00f6 kilpahevosilla voi kuitenkin olla kiistanalaista sen mahdollisten suorituskyky\u00e4 parantavien vaikutusten vuoksi. Jos harkitset parhaan kortametasonin k\u00e4ytt\u00f6\u00e4 kilpahevoselle, on eritt\u00e4in t\u00e4rke\u00e4\u00e4 noudattaa lakis\u00e4\u00e4teisi\u00e4 m\u00e4\u00e4r\u00e4yksi\u00e4 ja ohjeita, sill\u00e4 v\u00e4\u00e4r\u00e4 k\u00e4ytt\u00f6 voi johtaa seuraamuksiin ja terveysriskeihin el\u00e4imelle.<\/p>\n<p>Kohde-el\u00e4imet: Hevoset, kameli, nautakarja, vuohet, siat, koirat ja kissat.<\/p>\n<p><strong>Keskeiset kohdat kortametasonin k\u00e4yt\u00f6ss\u00e4 kilpahevosilla:<\/strong><\/p>\n<p>Kysy el\u00e4inl\u00e4\u00e4k\u00e4rilt\u00e4 neuvoa: Kysy aina ammattilaisen neuvoa ennen mink\u00e4\u00e4n l\u00e4\u00e4kkeen antamista varmistaaksesi, ett\u00e4 se on turvallinen ja sopiva hevosen tilaan.<\/p>\n<p>Annostus ja antotapa: Noudata m\u00e4\u00e4r\u00e4tty\u00e4 annostusta huolellisesti. Yliannostus tai v\u00e4\u00e4r\u00e4 k\u00e4ytt\u00f6 voi aiheuttaa vakavia sivuvaikutuksia.<\/p>\n<p>S\u00e4\u00e4nn\u00f6t: Tarkista tapahtumaa hallinnoivan kilpailuviranomaisen s\u00e4\u00e4nn\u00f6t. Monilla kilpailulautakunnilla on tiukat s\u00e4\u00e4nn\u00f6t steroidien k\u00e4yt\u00f6st\u00e4 reilun kilpailun ja el\u00e4inten hyvinvoinnin varmistamiseksi.<\/p>\n<p>Varoaika: Kilpailuja edelt\u00e4\u00e4 yleens\u00e4 varoaika, jonka aikana l\u00e4\u00e4kett\u00e4 ei saa antaa. T\u00e4m\u00e4 auttaa est\u00e4m\u00e4\u00e4n ep\u00e4reilun edun saamisen ja varmistaa hevosen terveyden.<\/p>\n<p>Mahdolliset sivuvaikutukset: Ole tietoinen mahdollisista sivuvaikutuksista, kuten immuunij\u00e4rjestelm\u00e4n heikkenemisest\u00e4, lis\u00e4\u00e4ntyneest\u00e4 infektioriskist\u00e4 ja muista terveysongelmista.<\/p>\n<p>Eettiset n\u00e4k\u00f6kohdat: Ota huomioon suorituskyky\u00e4 parantavien l\u00e4\u00e4kkeiden k\u00e4yt\u00f6n eettisyys. Hevosen hyvinvoinnin tulisi aina olla etusijalla.<\/p>\n<p>Kortametasonin k\u00e4ytt\u00f6 kilpahevosilla voi auttaa hallitsemaan tulehdusta ja allergisia reaktioita, mutta se on teht\u00e4v\u00e4 el\u00e4inl\u00e4\u00e4k\u00e4rin valvonnassa ja viranomaisohjeiden mukaisesti. Aseta aina hevosen terveys ja hyvinvointi etusijalle ja varmista kilpailus\u00e4\u00e4nt\u00f6jen noudattaminen.<\/p>\n<h3>Mist\u00e4 ostaa kortametasonia 50ml<\/h3>\n<p>Kun haluat ostaa Cortamethasone 50ml, on t\u00e4rke\u00e4\u00e4 ostaa hyv\u00e4maineisesta l\u00e4hteest\u00e4.\u00a0<a href=\"https:\/\/buy-prescriptionz.com\/fi\/\">buy-prescriptionz.com<\/a>\u00a0on luotettava verkkoapteekki, joka tarjoaa laajan valikoiman l\u00e4\u00e4kkeit\u00e4, mukaan lukien Cortamethasone 50ml. Tilaamalla parhaasta apteekista buy-prescriptionz.com voit olla varma, ett\u00e4 saat korkealaatuisia l\u00e4\u00e4kkeit\u00e4 kilpailukykyiseen hintaan.<\/p>\n<h3>Keskeiset kohdat kortametasonin k\u00e4yt\u00f6ss\u00e4 kilpahevosilla:<\/h3>\n<p>Kysy el\u00e4inl\u00e4\u00e4k\u00e4rilt\u00e4 neuvoa: Kysy aina ammattilaisen neuvoa ennen mink\u00e4\u00e4n l\u00e4\u00e4kkeen antamista varmistaaksesi, ett\u00e4 se on turvallinen ja sopiva hevosen tilaan.<\/p>\n<p>Annostus ja antotapa: Noudata m\u00e4\u00e4r\u00e4tty\u00e4 annostusta huolellisesti. Yliannostus tai v\u00e4\u00e4r\u00e4 k\u00e4ytt\u00f6 voi aiheuttaa vakavia sivuvaikutuksia.<\/p>\n<p>S\u00e4\u00e4nn\u00f6t: Tarkista tapahtumaa hallinnoivan kilpailuviranomaisen s\u00e4\u00e4nn\u00f6t. Monilla kilpailulautakunnilla on tiukat s\u00e4\u00e4nn\u00f6t steroidien k\u00e4yt\u00f6st\u00e4 reilun kilpailun ja el\u00e4inten hyvinvoinnin varmistamiseksi.<\/p>\n<p>Varoaika: Kilpailuja edelt\u00e4\u00e4 yleens\u00e4 varoaika, jonka aikana l\u00e4\u00e4kett\u00e4 ei saa antaa. T\u00e4m\u00e4 auttaa est\u00e4m\u00e4\u00e4n ep\u00e4reilun edun saamisen ja varmistaa hevosen terveyden.<\/p>\n<p>Mahdolliset sivuvaikutukset: Ole tietoinen mahdollisista sivuvaikutuksista, kuten immuunij\u00e4rjestelm\u00e4n heikkenemisest\u00e4, lis\u00e4\u00e4ntyneest\u00e4 infektioriskist\u00e4 ja muista terveysongelmista.<\/p>\n<p>Eettiset n\u00e4k\u00f6kohdat: Ota huomioon suorituskyky\u00e4 parantavien l\u00e4\u00e4kkeiden k\u00e4yt\u00f6n eettisyys. Hevosen hyvinvoinnin tulisi aina olla etusijalla.<\/p>\n<p>Kortametasonin k\u00e4ytt\u00f6 kilpahevosilla voi auttaa hallitsemaan tulehdusta ja allergisia reaktioita, mutta se on teht\u00e4v\u00e4 el\u00e4inl\u00e4\u00e4k\u00e4rin valvonnassa ja viranomaisohjeiden mukaisesti. Aseta aina hevosen terveys ja hyvinvointi etusijalle ja varmista kilpailus\u00e4\u00e4nt\u00f6jen noudattaminen.<\/p>\n<h3>Mist\u00e4 ostaa kortametasonia 50ml<\/h3>\n<p>Kun haluat ostaa Cortamethasone 50ml, on t\u00e4rke\u00e4\u00e4 ostaa hyv\u00e4maineisesta l\u00e4hteest\u00e4.\u00a0<a href=\"https:\/\/buy-prescriptionz.com\/fi\/\">Buy-Prescriptionz.com<\/a>\u00a0on luotettava verkkoapteekki, joka tarjoaa laajan valikoiman l\u00e4\u00e4kkeit\u00e4, mukaan lukien Cortamethasone 50ml. Tilaamalla parhaasta apteekista buy-prescriptionz.com voit olla varma, ett\u00e4 saat korkealaatuisia l\u00e4\u00e4kkeit\u00e4 kilpailukykyiseen hintaan.<\/p>\n<pre>Buy Cortamethasone 50ml For Sale\r\n\r\n#Dexacortyl 100ml \/ #Vetacortyl 5ml \/ #Fluvet 50ml \/ #Synedem 25ml \/ #Edemax 30ml\r\n#Dexametasona 10ml \/ #Abhayrab 0.5ml \/ #Equicistan 100ml \/ #Fructosa C 100ml \/ #Overxicam 50ml\r\n#Fatrocortin 100ml \/ #Chromactiv 100ml \/ #ATP -2 50ml \/ #Atox Prix 50ml \/ #Niglumine 50ml<\/pre>\n<h3>Buy Cortamethasone 50ml For Sale<\/h3>\n<p>#Caliercortin 50ml \/ #Fructosa 50R 100ml \/ #Dexa 2 100ml \/ #Cortamethasone 50ml \/ #Hepagen 100ml<br \/>\n#Ornitil 100ml \/ #Coromin 20ml \/ #Genixine 100ml \/ #ITPP 60ml \/ #Pentosan Platinum 18ml<br \/>\n#Pentosan Gold 50ml \/ #Pentosan 50ml \/ #Ozone 100ml \/ #Ketoprofen 50ml \/ #Jurosenic 100ml<br \/>\n#DMG 100ml \/ #Clenbuterol 50ml \/ #Adrenal Cortex 100ml \/ #Pentosan Platinum 18ml \/ #F.A.F 100ml<br \/>\n#Mitachondral 100ml \/ #Bronchial Dilator 60ml \/ #Enerselen 100ml \/ #Blast Off Red 10ml \/ #Blast Off Extreme 30ml<br \/>\n#Python 10ml \/ #Dexacare 50ml \/ #Super Shot 10ml \/ #Predef 2X 100ml \/ #Adrenal Cortex 50ml<\/p>","protected":false},"excerpt":{"rendered":"<p>CORTAMETHASONE (VETOQUINOL) - 50ML Se on Vetoquinol Dexa, 1mg \/ ml, erinomainen tuote rotuun, vaikuttaa moniin el\u00e4imen j\u00e4rjestelmiin ja tuloksena on huomattava suorituskyvyn kasvu.<\/p>\n<p><strong>Koostumus:<\/strong><\/p>\n<p>Deksametasoni 1 mg<br \/>\nBentsyylialkoholi (E1519) .... 10 mg<br \/>\nApuaine QSP 1 ml<\/p>\n<p><strong>L\u00e4\u00e4kemuoto<\/strong><\/p>\n<p>Injektoitava liuos.<\/p>\n<p><strong>Kliiniset tiedot<\/strong><\/p>\n<p>Kohdelajit: Hevoset, kamelit, naudat, vuohet, siat, koirat ja kissat.<\/p>\n<p>K\u00e4ytt\u00f6aiheet, kohdelajit eriteltyn\u00e4<\/p>\n<p>Hevosilla, naudoilla, vuohilla, sioilla, koirilla ja kissoilla:<br \/>\n- Tulehduksellisten, allergisten tai shokkitilojen hoito.<\/p>\n<p>Naudoilla ja vuohilla:<br \/>\n- Primaarisen ketoosin hoito (asetonemia, raskaustoksemia).<br \/>\n- Synnytyksen k\u00e4ynnist\u00e4minen.<\/p>\n<p>Hevosel\u00e4imiss\u00e4:<br \/>\n- Nivelten tulehdustilojen hoito.<\/p>\n<p><strong>Haitta-aiheet<\/strong><br \/>\nEi saa k\u00e4ytt\u00e4\u00e4 el\u00e4imille, jotka k\u00e4rsiv\u00e4t diabetes mellituksesta, hyperadrenokortismist\u00e4, munuaisten vajaatoiminnasta ja syd\u00e4men vajaatoiminnasta tai jotka k\u00e4rsiv\u00e4t mahahaavasta.<br \/>\nEi saa k\u00e4ytt\u00e4\u00e4 el\u00e4imille, joilla on tartuntatauti, ellei samanaikaisesti anneta asianmukaista tartuntal\u00e4\u00e4kityst\u00e4.<\/p>\n<p>KORTAMETASONI (VETOKINOLI) - 50 ML<\/p>\n<p><strong>Erityisvaroitukset kutakin kohdelajia varten<\/strong><\/p>\n<p>Hevosilla ja kameleilla deksametasonia tulisi k\u00e4ytt\u00e4\u00e4 vain taudin alussa laminiitin aikana.<br \/>\nKatso kohta \"K\u00e4ytt\u00f6 raskauden, imetyksen tai muninnan aikana\".<\/p>\n<p><strong>Erityiset varotoimenpiteet k\u00e4ytt\u00f6\u00e4 varten<\/strong><\/p>\n<p>I) Erityiset varotoimenpiteet el\u00e4imille k\u00e4ytt\u00f6\u00e4 varten<\/p>\n<p>Kortikosteroidien antaminen tiineyden loppuvaiheessa voi johtaa ennenaikaiseen synnytykseen tai aborttiin m\u00e4rehtij\u00f6ill\u00e4.<br \/>\nLukuun ottamatta asetonemiaa ja synnytyksen k\u00e4ynnist\u00e4mist\u00e4 kortikosteroidien teht\u00e4v\u00e4n\u00e4 on pikemminkin parantaa kuin parantaa. Siksi on suositeltavaa diagnosoida ja hoitaa perussairaus. Kun sit\u00e4 k\u00e4ytet\u00e4\u00e4n sokin hoitoon, verenkierron yll\u00e4pit\u00e4miseksi on annettava suonensis\u00e4ist\u00e4 nestett\u00e4; happo-em\u00e4s-arvio on teht\u00e4v\u00e4.<\/p>\n<p>Erityiset varotoimenpiteet, jotka el\u00e4inl\u00e4\u00e4kett\u00e4 el\u00e4imille antavan henkil\u00f6n on toteutettava.<\/p>\n<p>Jos injektio tapahtuu vahingossa, hakeudu v\u00e4litt\u00f6m\u00e4sti l\u00e4\u00e4k\u00e4rin hoitoon ja n\u00e4yt\u00e4 pakkausseloste.<br \/>\nHenkil\u00f6iden, joilla on tunnettu yliherkkyys vaikuttavalle aineelle tai jollekin apuaineelle, on v\u00e4ltett\u00e4v\u00e4 kosketusta el\u00e4inl\u00e4\u00e4kkeen kanssa.<br \/>\nRaskaana olevien naisten ei pid\u00e4 k\u00e4sitell\u00e4 t\u00e4t\u00e4 el\u00e4inl\u00e4\u00e4kett\u00e4.<\/p>\n<p><strong>Ei-toivotut vaikutukset (esiintymistiheys ja vakavuus)<\/strong><\/p>\n<p>Pitk\u00e4aikaisessa k\u00e4yt\u00f6ss\u00e4 kortikosteroidit, kuten deksametasoni, voivat aiheuttaa iatrogeenista hyperkortisismia, polyuropolydipsiaa (PUPD), immunosuppressiota, bulimiaa ja elimist\u00f6n lipidivarastojen uudelleenjakautumista.<br \/>\nKortikosteroidien k\u00e4ytt\u00f6 imett\u00e4ville naudoille ja vuohille voi johtaa maidontuotannon tilap\u00e4iseen v\u00e4henemiseen.<br \/>\nSynnytyksen k\u00e4ynnist\u00e4minen kortikosteroideilla saattaa liitty\u00e4 j\u00e4lkel\u00e4isten elinkelpoisuuden v\u00e4henemiseen ja istukan retentioiden lis\u00e4\u00e4ntymiseen.<\/p>\n<p><strong>KORTAMETASONI (VETOKINOLI) - 50 ML<\/strong><\/p>\n<p><strong>K\u00e4ytt\u00f6 raskauden, imetyksen tai muninnan aikana<\/strong><\/p>\n<p>Laboratorioel\u00e4imill\u00e4 tehdyt tutkimukset ovat osoittaneet alkiontoksisia vaikutuksia.<br \/>\nKortikosteroidien k\u00e4ytt\u00f6\u00e4 tiineille naaraspuolisille el\u00e4imille ei suositella, paitsi m\u00e4rehtij\u00f6ille synnytyksen k\u00e4ynnist\u00e4miseksi tiineyden viimeisen kolmanneksen aikana.<\/p>\n<p><strong>L\u00e4\u00e4keaineiden yhteisvaikutukset ja muut yhteisvaikutuksen muodot<\/strong><\/p>\n<p>Vaikuttaa useisiin el\u00e4imen j\u00e4rjestelmiin, ja tuloksena on huomattava suorituskyvyn kasvu.<\/p>\n<p>Koska kortikosteroidit voivat heikent\u00e4\u00e4 immuunivastetta rokotuksille, deksametasonia ei pid\u00e4 antaa samanaikaisesti rokotteiden kanssa.<br \/>\nEi-steroidisten tulehduskipul\u00e4\u00e4kkeiden samanaikainen k\u00e4ytt\u00f6 voi lis\u00e4t\u00e4 ruoansulatuskanavan haavaumien riski\u00e4.<\/p>\n<p><strong>Annostus ja antotapa kaikki lajit<\/strong><\/p>\n<p>Laskimonsis\u00e4inen tai lihaksensis\u00e4inen k\u00e4ytt\u00f6.<br \/>\nHevonen, kameli, nauta, vuohi, sika 0,04-0,10 mg \/ kg (4-10 ml \/ 100 kg).<br \/>\nKoirat, kissat 0,05-0,10 mg \/ kg (0,5-1 ml \/ 10 kg).<\/p>","protected":false},"featured_media":3137,"comment_status":"open","ping_status":"closed","template":"","meta":{"site-sidebar-layout":"default","site-content-layout":"","ast-site-content-layout":"default","site-content-style":"default","site-sidebar-style":"default","ast-global-header-display":"","ast-banner-title-visibility":"","ast-main-header-display":"","ast-hfb-above-header-display":"","ast-hfb-below-header-display":"","ast-hfb-mobile-header-display":"","site-post-title":"","ast-breadcrumbs-content":"","ast-featured-img":"","footer-sml-layout":"","theme-transparent-header-meta":"default","adv-header-id-meta":"","stick-header-meta":"","header-above-stick-meta":"","header-main-stick-meta":"","header-below-stick-meta":"","astra-migrate-meta-layouts":"set","ast-page-background-enabled":"default","ast-page-background-meta":{"desktop":{"background-color":"var(--ast-global-color-4)","background-image":"","background-repeat":"repeat","background-position":"center center","background-size":"auto","background-attachment":"scroll","background-type":"","background-media":"","overlay-type":"","overlay-color":"","overlay-opacity":"","overlay-gradient":""},"tablet":{"background-color":"","background-image":"","background-repeat":"repeat","background-position":"center center","background-size":"auto","background-attachment":"scroll","background-type":"","background-media":"","overlay-type":"","overlay-color":"","overlay-opacity":"","overlay-gradient":""},"mobile":{"background-color":"","background-image":"","background-repeat":"repeat","background-position":"center center","background-size":"auto","background-attachment":"scroll","background-type":"","background-media":"","overlay-type":"","overlay-color":"","overlay-opacity":"","overlay-gradient":""}},"ast-content-background-meta":{"desktop":{"background-color":"var(--ast-global-color-5)","background-image":"","background-repeat":"repeat","background-position":"center center","background-size":"auto","background-attachment":"scroll","background-type":"","background-media":"","overlay-type":"","overlay-color":"","overlay-opacity":"","overlay-gradient":""},"tablet":{"background-color":"var(--ast-global-color-5)","background-image":"","background-repeat":"repeat","background-position":"center center","background-size":"auto","background-attachment":"scroll","background-type":"","background-media":"","overlay-type":"","overlay-color":"","overlay-opacity":"","overlay-gradient":""},"mobile":{"background-color":"var(--ast-global-color-5)","background-image":"","background-repeat":"repeat","background-position":"center center","background-size":"auto","background-attachment":"scroll","background-type":"","background-media":"","overlay-type":"","overlay-color":"","overlay-opacity":"","overlay-gradient":""}}},"product_brand":[],"product_cat":[2384,2146],"product_tag":[2281,2284,2279,2282,2283,2280,2285,2162,2286],"class_list":{"0":"post-3107","1":"product","2":"type-product","3":"status-publish","4":"has-post-thumbnail","6":"product_cat-buy-anabolic-steroids-online","7":"product_cat-buy-cortamethasone-50ml-online","8":"product_tag-animals-corticoides-for-sale","9":"product_tag-animalscorticosteroid","10":"product_tag-buy-animal-steroids-for-sale","11":"product_tag-buy-animals-pain-killers-for-sale","12":"product_tag-buy-animals-racing-drugs-online","13":"product_tag-buy-cortamethasone-for-sale","14":"product_tag-buy-dexacortyl-100ml-online","15":"product_tag-buy-dexaphenylarthrite-online","16":"product_tag-order-fluvet-50ml","17":"desktop-align-center","18":"tablet-align-left","19":"mobile-align-left","21":"first","22":"instock","23":"shipping-taxable","24":"purchasable","25":"product-type-variable","26":"has-default-attributes"},"yoast_head":"<!-- This site is optimized with the Yoast SEO plugin v25.9 - https:\/\/yoast.com\/wordpress\/plugins\/seo\/ -->\n<title>Buy Cortamethasone 50ml, Order Cortamethasone 50ml online<\/title>\n<meta name=\"description\" content=\"Buy Cortamethasone 50ml | BUY DEXACORTYL 100ML ONLINE | ORDER FLUVET 50ML | SHOP SYNEDEM ONLINE | PURCHASE CORTAMETHASONE ONLINE\" \/>\n<meta name=\"robots\" content=\"index, follow, max-snippet:-1, max-image-preview:large, max-video-preview:-1\" \/>\n<link rel=\"canonical\" href=\"https:\/\/buy-prescriptionz.com\/fi\/tuote\/osta-kortametasoni-50ml\/\" \/>\n<meta property=\"og:locale\" content=\"fi_FI\" \/>\n<meta property=\"og:type\" content=\"article\" \/>\n<meta property=\"og:title\" content=\"Buy Cortamethasone 50ml, Order Cortamethasone 50ml online\" \/>\n<meta property=\"og:description\" content=\"Buy Cortamethasone 50ml | BUY DEXACORTYL 100ML ONLINE | ORDER FLUVET 50ML | SHOP SYNEDEM ONLINE | PURCHASE CORTAMETHASONE ONLINE\" \/>\n<meta property=\"og:url\" content=\"https:\/\/buy-prescriptionz.com\/fi\/tuote\/osta-kortametasoni-50ml\/\" \/>\n<meta property=\"og:site_name\" content=\"Buy Prescriptionz\" \/>\n<meta property=\"article:modified_time\" content=\"2025-09-17T06:23:23+00:00\" \/>\n<meta property=\"og:image\" content=\"https:\/\/buy-prescriptionz.com\/wp-content\/uploads\/2025\/09\/cata1.jpg\" \/>\n\t<meta property=\"og:image:width\" content=\"750\" \/>\n\t<meta property=\"og:image:height\" content=\"580\" \/>\n\t<meta property=\"og:image:type\" content=\"image\/jpeg\" \/>\n<meta name=\"twitter:card\" content=\"summary_large_image\" \/>\n<meta name=\"twitter:label1\" content=\"Arvioitu lukuaika\" \/>\n\t<meta name=\"twitter:data1\" content=\"4 minuuttia\" \/>\n<script type=\"application\/ld+json\" class=\"yoast-schema-graph\">{\"@context\":\"https:\/\/schema.org\",\"@graph\":[{\"@type\":\"WebPage\",\"@id\":\"https:\/\/buy-prescriptionz.com\/cs\/produkt\/koupit-cortamethasone-50ml\/\",\"url\":\"https:\/\/buy-prescriptionz.com\/cs\/produkt\/koupit-cortamethasone-50ml\/\",\"name\":\"Buy Cortamethasone 50ml, Order Cortamethasone 50ml online\",\"isPartOf\":{\"@id\":\"https:\/\/buy-prescriptionz.com\/#website\"},\"primaryImageOfPage\":{\"@id\":\"https:\/\/buy-prescriptionz.com\/cs\/produkt\/koupit-cortamethasone-50ml\/#primaryimage\"},\"image\":{\"@id\":\"https:\/\/buy-prescriptionz.com\/cs\/produkt\/koupit-cortamethasone-50ml\/#primaryimage\"},\"thumbnailUrl\":\"https:\/\/buy-prescriptionz.com\/wp-content\/uploads\/2025\/09\/cata1.jpg\",\"datePublished\":\"2025-09-16T08:56:25+00:00\",\"dateModified\":\"2025-09-17T06:23:23+00:00\",\"description\":\"Buy Cortamethasone 50ml | BUY DEXACORTYL 100ML ONLINE | ORDER FLUVET 50ML | SHOP SYNEDEM ONLINE | PURCHASE CORTAMETHASONE ONLINE\",\"breadcrumb\":{\"@id\":\"https:\/\/buy-prescriptionz.com\/cs\/produkt\/koupit-cortamethasone-50ml\/#breadcrumb\"},\"inLanguage\":\"fi\",\"potentialAction\":[{\"@type\":\"ReadAction\",\"target\":[\"https:\/\/buy-prescriptionz.com\/cs\/produkt\/koupit-cortamethasone-50ml\/\"]}]},{\"@type\":\"ImageObject\",\"inLanguage\":\"fi\",\"@id\":\"https:\/\/buy-prescriptionz.com\/cs\/produkt\/koupit-cortamethasone-50ml\/#primaryimage\",\"url\":\"https:\/\/buy-prescriptionz.com\/wp-content\/uploads\/2025\/09\/cata1.jpg\",\"contentUrl\":\"https:\/\/buy-prescriptionz.com\/wp-content\/uploads\/2025\/09\/cata1.jpg\",\"width\":750,\"height\":580},{\"@type\":\"BreadcrumbList\",\"@id\":\"https:\/\/buy-prescriptionz.com\/cs\/produkt\/koupit-cortamethasone-50ml\/#breadcrumb\",\"itemListElement\":[{\"@type\":\"ListItem\",\"position\":1,\"name\":\"Home\",\"item\":\"https:\/\/buy-prescriptionz.com\/\"},{\"@type\":\"ListItem\",\"position\":2,\"name\":\"Shop Painkillers Online\",\"item\":\"https:\/\/buy-prescriptionz.com\/shop-painkillers-online\/\"},{\"@type\":\"ListItem\",\"position\":3,\"name\":\"Buy Cortamethasone 50ml\"}]},{\"@type\":\"WebSite\",\"@id\":\"https:\/\/buy-prescriptionz.com\/#website\",\"url\":\"https:\/\/buy-prescriptionz.com\/\",\"name\":\"Buy Prescriptionz\",\"description\":\"Drugs Online\",\"publisher\":{\"@id\":\"https:\/\/buy-prescriptionz.com\/#organization\"},\"potentialAction\":[{\"@type\":\"SearchAction\",\"target\":{\"@type\":\"EntryPoint\",\"urlTemplate\":\"https:\/\/buy-prescriptionz.com\/?s={search_term_string}\"},\"query-input\":{\"@type\":\"PropertyValueSpecification\",\"valueRequired\":true,\"valueName\":\"search_term_string\"}}],\"inLanguage\":\"fi\"},{\"@type\":\"Organization\",\"@id\":\"https:\/\/buy-prescriptionz.com\/#organization\",\"name\":\"Buy Prescriptionz\",\"url\":\"https:\/\/buy-prescriptionz.com\/\",\"logo\":{\"@type\":\"ImageObject\",\"inLanguage\":\"fi\",\"@id\":\"https:\/\/buy-prescriptionz.com\/#\/schema\/logo\/image\/\",\"url\":\"https:\/\/buy-prescriptionz.com\/wp-content\/uploads\/2023\/09\/logo.png\",\"contentUrl\":\"https:\/\/buy-prescriptionz.com\/wp-content\/uploads\/2023\/09\/logo.png\",\"width\":350,\"height\":64,\"caption\":\"Buy Prescriptionz\"},\"image\":{\"@id\":\"https:\/\/buy-prescriptionz.com\/#\/schema\/logo\/image\/\"}}]}<\/script>\n<!-- \/ Yoast SEO plugin. -->","yoast_head_json":{"title":"Osta Cortamethasone 50ml, tilaa Cortamethasone 50ml verkosta","description":"Osta kortametasonia 50ml | OSTA DEXACORTYL 100ml VERKOSTA | TILAA FLUVET 50ml | OSTA SYNEDEM VERKOSTA | OSTA KORTAMETASONI VERKOSTA","robots":{"index":"index","follow":"follow","max-snippet":"max-snippet:-1","max-image-preview":"max-image-preview:large","max-video-preview":"max-video-preview:-1"},"canonical":"https:\/\/buy-prescriptionz.com\/fi\/tuote\/osta-kortametasoni-50ml\/","og_locale":"fi_FI","og_type":"article","og_title":"Buy Cortamethasone 50ml, Order Cortamethasone 50ml online","og_description":"Buy Cortamethasone 50ml | BUY DEXACORTYL 100ML ONLINE | ORDER FLUVET 50ML | SHOP SYNEDEM ONLINE | PURCHASE CORTAMETHASONE ONLINE","og_url":"https:\/\/buy-prescriptionz.com\/fi\/tuote\/osta-kortametasoni-50ml\/","og_site_name":"Buy Prescriptionz","article_modified_time":"2025-09-17T06:23:23+00:00","og_image":[{"width":750,"height":580,"url":"https:\/\/buy-prescriptionz.com\/wp-content\/uploads\/2025\/09\/cata1.jpg","type":"image\/jpeg"}],"twitter_card":"summary_large_image","twitter_misc":{"Arvioitu lukuaika":"4 minuuttia"},"schema":{"@context":"https:\/\/schema.org","@graph":[{"@type":"WebPage","@id":"https:\/\/buy-prescriptionz.com\/cs\/produkt\/koupit-cortamethasone-50ml\/","url":"https:\/\/buy-prescriptionz.com\/cs\/produkt\/koupit-cortamethasone-50ml\/","name":"Osta Cortamethasone 50ml, tilaa Cortamethasone 50ml verkosta","isPartOf":{"@id":"https:\/\/buy-prescriptionz.com\/#website"},"primaryImageOfPage":{"@id":"https:\/\/buy-prescriptionz.com\/cs\/produkt\/koupit-cortamethasone-50ml\/#primaryimage"},"image":{"@id":"https:\/\/buy-prescriptionz.com\/cs\/produkt\/koupit-cortamethasone-50ml\/#primaryimage"},"thumbnailUrl":"https:\/\/buy-prescriptionz.com\/wp-content\/uploads\/2025\/09\/cata1.jpg","datePublished":"2025-09-16T08:56:25+00:00","dateModified":"2025-09-17T06:23:23+00:00","description":"Osta kortametasonia 50ml | OSTA DEXACORTYL 100ml VERKOSTA | TILAA FLUVET 50ml | OSTA SYNEDEM VERKOSTA | OSTA KORTAMETASONI VERKOSTA","breadcrumb":{"@id":"https:\/\/buy-prescriptionz.com\/cs\/produkt\/koupit-cortamethasone-50ml\/#breadcrumb"},"inLanguage":"fi","potentialAction":[{"@type":"ReadAction","target":["https:\/\/buy-prescriptionz.com\/cs\/produkt\/koupit-cortamethasone-50ml\/"]}]},{"@type":"ImageObject","inLanguage":"fi","@id":"https:\/\/buy-prescriptionz.com\/cs\/produkt\/koupit-cortamethasone-50ml\/#primaryimage","url":"https:\/\/buy-prescriptionz.com\/wp-content\/uploads\/2025\/09\/cata1.jpg","contentUrl":"https:\/\/buy-prescriptionz.com\/wp-content\/uploads\/2025\/09\/cata1.jpg","width":750,"height":580},{"@type":"BreadcrumbList","@id":"https:\/\/buy-prescriptionz.com\/cs\/produkt\/koupit-cortamethasone-50ml\/#breadcrumb","itemListElement":[{"@type":"ListItem","position":1,"name":"Home","item":"https:\/\/buy-prescriptionz.com\/"},{"@type":"ListItem","position":2,"name":"Shop Painkillers Online","item":"https:\/\/buy-prescriptionz.com\/shop-painkillers-online\/"},{"@type":"ListItem","position":3,"name":"Buy Cortamethasone 50ml"}]},{"@type":"WebSite","@id":"https:\/\/buy-prescriptionz.com\/#website","url":"https:\/\/buy-prescriptionz.com\/","name":"Buy Prescriptionz","description":"Huumeet verkossa","publisher":{"@id":"https:\/\/buy-prescriptionz.com\/#organization"},"potentialAction":[{"@type":"SearchAction","target":{"@type":"EntryPoint","urlTemplate":"https:\/\/buy-prescriptionz.com\/?s={search_term_string}"},"query-input":{"@type":"PropertyValueSpecification","valueRequired":true,"valueName":"search_term_string"}}],"inLanguage":"fi"},{"@type":"Organization","@id":"https:\/\/buy-prescriptionz.com\/#organization","name":"Buy Prescriptionz","url":"https:\/\/buy-prescriptionz.com\/","logo":{"@type":"ImageObject","inLanguage":"fi","@id":"https:\/\/buy-prescriptionz.com\/#\/schema\/logo\/image\/","url":"https:\/\/buy-prescriptionz.com\/wp-content\/uploads\/2023\/09\/logo.png","contentUrl":"https:\/\/buy-prescriptionz.com\/wp-content\/uploads\/2023\/09\/logo.png","width":350,"height":64,"caption":"Buy Prescriptionz"},"image":{"@id":"https:\/\/buy-prescriptionz.com\/#\/schema\/logo\/image\/"}}]}},"_links":{"self":[{"href":"https:\/\/buy-prescriptionz.com\/fi\/wp-json\/wp\/v2\/product\/3107","targetHints":{"allow":["GET"]}}],"collection":[{"href":"https:\/\/buy-prescriptionz.com\/fi\/wp-json\/wp\/v2\/product"}],"about":[{"href":"https:\/\/buy-prescriptionz.com\/fi\/wp-json\/wp\/v2\/types\/product"}],"replies":[{"embeddable":true,"href":"https:\/\/buy-prescriptionz.com\/fi\/wp-json\/wp\/v2\/comments?post=3107"}],"wp:featuredmedia":[{"embeddable":true,"href":"https:\/\/buy-prescriptionz.com\/fi\/wp-json\/wp\/v2\/media\/3137"}],"wp:attachment":[{"href":"https:\/\/buy-prescriptionz.com\/fi\/wp-json\/wp\/v2\/media?parent=3107"}],"wp:term":[{"taxonomy":"product_brand","embeddable":true,"href":"https:\/\/buy-prescriptionz.com\/fi\/wp-json\/wp\/v2\/product_brand?post=3107"},{"taxonomy":"product_cat","embeddable":true,"href":"https:\/\/buy-prescriptionz.com\/fi\/wp-json\/wp\/v2\/product_cat?post=3107"},{"taxonomy":"product_tag","embeddable":true,"href":"https:\/\/buy-prescriptionz.com\/fi\/wp-json\/wp\/v2\/product_tag?post=3107"}],"curies":[{"name":"wp","href":"https:\/\/api.w.org\/{rel}","templated":true}]}}