{"id":976,"date":"2019-05-08T05:42:12","date_gmt":"2019-05-08T05:42:12","guid":{"rendered":"https:\/\/buyprescriptionz.com\/?page_id=976"},"modified":"2019-05-08T05:42:12","modified_gmt":"2019-05-08T05:42:12","slug":"actavis-promethazine","status":"publish","type":"page","link":"https:\/\/buy-prescriptionz.com\/fr\/actavis-promethazine\/","title":{"rendered":"Actavis Promethazine"},"content":{"rendered":"<p style=\"text-align: justify;\"><strong>Acheter Actavis Promethazine en ligne\u00a0<\/strong>as<strong>\u00a0<\/strong>Prom\u00e9thazine avec cod\u00e9ine, la boisson violette<\/p>\n<p style=\"text-align: justify;\">La prom\u00e9thazine est un antihistaminique original obtenu. Il est utilis\u00e9 pour traiter les hypersensibilit\u00e9s, les troubles du repos et les naus\u00e9es. Il peut \u00eatre utilis\u00e9 pour calmer les personnes contrari\u00e9es ou anxieuses. Elle est disponible par voie orale sous forme de sirop, de suppositoire rectal ou d'infusion dans un muscle. Maintenant,\u00a0<strong>acheter Actavis Promethazine \u00e0 un prix avantageux\u00a0<\/strong>pour une livraison en 2-4 jours \u00e0 votre domicile.<\/p>\n<h3 style=\"text-align: justify;\">Conna\u00eetre l'historique pour acheter Actavis Promethazine<\/h3>\n<p style=\"text-align: justify;\">La prom\u00e9thazine a \u00e9t\u00e9 fabriqu\u00e9e dans les ann\u00e9es 1940 par un groupe de chercheurs des laboratoires Rh\u00f4ne-Poulenc. C'est un m\u00e9dicament conventionnel et est disponible sous de nombreuses marques dans le monde. Chez Buyprescriptionz.com, nous ramenons le m\u00e9lange pr\u00e9f\u00e9r\u00e9 sur le march\u00e9 \u00e0 des prix abordables, et vous pouvez\u00a0<strong>Commander Actavis Promethazine en ligne.<\/strong><\/p>\n<p style=\"text-align: justify;\">La cod\u00e9ine est un s\u00e9datif utilis\u00e9 pour traiter la douleur et la diarrh\u00e9e. Il est g\u00e9n\u00e9ralement utilis\u00e9 pour obtenir un soulagement en douceur de la douleur intense. Avec le parac\u00e9tamol (ac\u00e9taminoph\u00e8ne) ou un m\u00e9dicament non st\u00e9ro\u00efdien att\u00e9nuant, il augmente son utilisation pour les exp\u00e9riences \u00e9motionnelles chez les jeunes ou les adultes - Actavis<strong>\u00a0Prom\u00e9thazine \u00e0 vendre\u00a0<\/strong>sur Buyprescriptionz.com \u00e0 des prix incroyables et en vrac.<\/p>\n<h3 style=\"text-align: justify;\">Fournisseur l\u00e9gitime d'Actavis Prom\u00e9thazine en ligne<\/h3>\n<p style=\"text-align: justify;\">Buyprescriptionz.com fournit la boisson violette ou l'Actavis Promethazine avec cod\u00e9ine dans le monde entier en 5 ml par bouteille. Tu peux\u00a0<strong>acheter Actavis Prom\u00e9thazine sans m\u00e9decin\u00a0<\/strong>chez Buyprescriptionz Online-Apotheke.<\/p>\n<p style=\"text-align: justify;\">Les ingr\u00e9dients sur\u00a0<strong>achat\u00a0<\/strong>de\u00a0<strong>Actavis Prom\u00e9thazine en ligne :<\/strong><\/p>\n<ul style=\"text-align: justify;\">\n<li>Chlorhydrate de prom\u00e9thazine : 6,25 mg<\/li>\n<li>Phosphate de cod\u00e9ine : 10 mg<\/li>\n<li>Alcool : 7 %<\/li>\n<li>Validit\u00e9 : 2 ans<\/li>\n<li>Disponibilit\u00e9 : 1622-62-44 8 oz (150 $), 16 oz (220 $) et 32 \u200b\u200boz (330 $)<\/li>\n<\/ul>\n<p style=\"text-align: justify;\"><strong>Comment acheter Actavis Prom\u00e9thazine en ligne\u00a0<\/strong>et\u00a0<strong>o\u00f9 acheter en ligne\u00a0<\/strong>\u00e0 des prix raisonnables, cela doit vous passer par la t\u00eate en lisant cette page. Eh bien, nous avons la disponibilit\u00e9 de votre boisson violette pr\u00e9f\u00e9r\u00e9e avec\u00a0<strong>service d'exp\u00e9dition rapide et s\u00e9curis\u00e9\u00a0<\/strong>c'est aussi \u00e0 propos\u00a0<strong>acheter avec un emballage discret.<\/strong><\/p>\n<p style=\"text-align: justify;\">Nous avons le\u00a0<strong>un service de livraison rapide et s\u00e9curis\u00e9\u00a0<\/strong>via UPS, Express Delivery, FedEx et EMS.\u00a0<strong>Acheter sans ordonnance\u00a0<\/strong>the<strong>\u00a0<\/strong>chlorhydrate de prom\u00e9thazine fort qui est une poudre cristalline blanche \u00e0 jaune p\u00e2m\u00e9e, \u00e0 toutes fins utiles, non parfum\u00e9e, m\u00e9lang\u00e9e \u00e0 de la cod\u00e9ine. Nous maintenons une oxydation mod\u00e9r\u00e9e. Son sel chlorhydrate est un solvant dans l'eau et, dans une certaine mesure, soluble dans la liqueur.<\/p>","protected":false},"excerpt":{"rendered":"<p>Buy Actavis Promethazine online\u00a0as\u00a0Promethazine with Codeine, the purple drink Promethazine is an original antihistamine obtained. It is in use to treat hypersensitivities, trouble resting, and nausea. It might be for quieting individuals who are upset or anxious. It is accessible by mouth as a syrup, as a rectal suppository, or by infusion into a muscle. [&hellip;]<\/p>","protected":false},"author":1,"featured_media":0,"parent":0,"menu_order":0,"comment_status":"open","ping_status":"open","template":"","meta":{"site-sidebar-layout":"default","site-content-layout":"","ast-site-content-layout":"default","site-content-style":"default","site-sidebar-style":"default","ast-global-header-display":"","ast-banner-title-visibility":"","ast-main-header-display":"","ast-hfb-above-header-display":"","ast-hfb-below-header-display":"","ast-hfb-mobile-header-display":"","site-post-title":"","ast-breadcrumbs-content":"","ast-featured-img":"","footer-sml-layout":"","theme-transparent-header-meta":"","adv-header-id-meta":"","stick-header-meta":"","header-above-stick-meta":"","header-main-stick-meta":"","header-below-stick-meta":"","astra-migrate-meta-layouts":"default","ast-page-background-enabled":"default","ast-page-background-meta":{"desktop":{"background-color":"var(--ast-global-color-4)","background-image":"","background-repeat":"repeat","background-position":"center center","background-size":"auto","background-attachment":"scroll","background-type":"","background-media":"","overlay-type":"","overlay-color":"","overlay-opacity":"","overlay-gradient":""},"tablet":{"background-color":"","background-image":"","background-repeat":"repeat","background-position":"center center","background-size":"auto","background-attachment":"scroll","background-type":"","background-media":"","overlay-type":"","overlay-color":"","overlay-opacity":"","overlay-gradient":""},"mobile":{"background-color":"","background-image":"","background-repeat":"repeat","background-position":"center center","background-size":"auto","background-attachment":"scroll","background-type":"","background-media":"","overlay-type":"","overlay-color":"","overlay-opacity":"","overlay-gradient":""}},"ast-content-background-meta":{"desktop":{"background-color":"var(--ast-global-color-5)","background-image":"","background-repeat":"repeat","background-position":"center center","background-size":"auto","background-attachment":"scroll","background-type":"","background-media":"","overlay-type":"","overlay-color":"","overlay-opacity":"","overlay-gradient":""},"tablet":{"background-color":"var(--ast-global-color-5)","background-image":"","background-repeat":"repeat","background-position":"center center","background-size":"auto","background-attachment":"scroll","background-type":"","background-media":"","overlay-type":"","overlay-color":"","overlay-opacity":"","overlay-gradient":""},"mobile":{"background-color":"var(--ast-global-color-5)","background-image":"","background-repeat":"repeat","background-position":"center center","background-size":"auto","background-attachment":"scroll","background-type":"","background-media":"","overlay-type":"","overlay-color":"","overlay-opacity":"","overlay-gradient":""}},"footnotes":""},"class_list":["post-976","page","type-page","status-publish","hentry"],"yoast_head":"<!-- This site is optimized with the Yoast SEO plugin v25.9 - https:\/\/yoast.com\/wordpress\/plugins\/seo\/ -->\n<title>Actavis Promethazine - Buy Prescriptionz<\/title>\n<meta name=\"robots\" content=\"index, follow, max-snippet:-1, max-image-preview:large, max-video-preview:-1\" \/>\n<link rel=\"canonical\" href=\"https:\/\/buy-prescriptionz.com\/fr\/actavis-promethazine\/\" \/>\n<meta property=\"og:locale\" content=\"fr_FR\" \/>\n<meta property=\"og:type\" content=\"article\" \/>\n<meta property=\"og:title\" content=\"Actavis Promethazine - Buy Prescriptionz\" \/>\n<meta property=\"og:description\" content=\"Buy Actavis Promethazine online\u00a0as\u00a0Promethazine with Codeine, the purple drink Promethazine is an original antihistamine obtained. It is in use to treat hypersensitivities, trouble resting, and nausea. It might be for quieting individuals who are upset or anxious. It is accessible by mouth as a syrup, as a rectal suppository, or by infusion into a muscle. [&hellip;]\" \/>\n<meta property=\"og:url\" content=\"https:\/\/buy-prescriptionz.com\/fr\/actavis-promethazine\/\" \/>\n<meta property=\"og:site_name\" content=\"Buy Prescriptionz\" \/>\n<meta name=\"twitter:card\" content=\"summary_large_image\" \/>\n<meta name=\"twitter:label1\" content=\"Dur\u00e9e de lecture estim\u00e9e\" \/>\n\t<meta name=\"twitter:data1\" content=\"2 minutes\" \/>\n<script type=\"application\/ld+json\" class=\"yoast-schema-graph\">{\"@context\":\"https:\/\/schema.org\",\"@graph\":[{\"@type\":\"WebPage\",\"@id\":\"https:\/\/buy-prescriptionz.com\/actavis-promethazine\/\",\"url\":\"https:\/\/buy-prescriptionz.com\/actavis-promethazine\/\",\"name\":\"Actavis Promethazine - Buy Prescriptionz\",\"isPartOf\":{\"@id\":\"https:\/\/buy-prescriptionz.com\/#website\"},\"datePublished\":\"2019-05-08T05:42:12+00:00\",\"breadcrumb\":{\"@id\":\"https:\/\/buy-prescriptionz.com\/actavis-promethazine\/#breadcrumb\"},\"inLanguage\":\"fr-FR\",\"potentialAction\":[{\"@type\":\"ReadAction\",\"target\":[\"https:\/\/buy-prescriptionz.com\/actavis-promethazine\/\"]}]},{\"@type\":\"BreadcrumbList\",\"@id\":\"https:\/\/buy-prescriptionz.com\/actavis-promethazine\/#breadcrumb\",\"itemListElement\":[{\"@type\":\"ListItem\",\"position\":1,\"name\":\"Home\",\"item\":\"https:\/\/buy-prescriptionz.com\/\"},{\"@type\":\"ListItem\",\"position\":2,\"name\":\"Actavis Promethazine\"}]},{\"@type\":\"WebSite\",\"@id\":\"https:\/\/buy-prescriptionz.com\/#website\",\"url\":\"https:\/\/buy-prescriptionz.com\/\",\"name\":\"Buy Prescriptionz\",\"description\":\"Drugs Online\",\"publisher\":{\"@id\":\"https:\/\/buy-prescriptionz.com\/#organization\"},\"potentialAction\":[{\"@type\":\"SearchAction\",\"target\":{\"@type\":\"EntryPoint\",\"urlTemplate\":\"https:\/\/buy-prescriptionz.com\/?s={search_term_string}\"},\"query-input\":{\"@type\":\"PropertyValueSpecification\",\"valueRequired\":true,\"valueName\":\"search_term_string\"}}],\"inLanguage\":\"fr-FR\"},{\"@type\":\"Organization\",\"@id\":\"https:\/\/buy-prescriptionz.com\/#organization\",\"name\":\"Buy Prescriptionz\",\"url\":\"https:\/\/buy-prescriptionz.com\/\",\"logo\":{\"@type\":\"ImageObject\",\"inLanguage\":\"fr-FR\",\"@id\":\"https:\/\/buy-prescriptionz.com\/#\/schema\/logo\/image\/\",\"url\":\"https:\/\/buy-prescriptionz.com\/wp-content\/uploads\/2023\/09\/logo.png\",\"contentUrl\":\"https:\/\/buy-prescriptionz.com\/wp-content\/uploads\/2023\/09\/logo.png\",\"width\":350,\"height\":64,\"caption\":\"Buy Prescriptionz\"},\"image\":{\"@id\":\"https:\/\/buy-prescriptionz.com\/#\/schema\/logo\/image\/\"}}]}<\/script>\n<!-- \/ Yoast SEO plugin. -->","yoast_head_json":{"title":"Actavis Promethazine - Buy Prescriptionz","robots":{"index":"index","follow":"follow","max-snippet":"max-snippet:-1","max-image-preview":"max-image-preview:large","max-video-preview":"max-video-preview:-1"},"canonical":"https:\/\/buy-prescriptionz.com\/fr\/actavis-promethazine\/","og_locale":"fr_FR","og_type":"article","og_title":"Actavis Promethazine - Buy Prescriptionz","og_description":"Buy Actavis Promethazine online\u00a0as\u00a0Promethazine with Codeine, the purple drink Promethazine is an original antihistamine obtained. It is in use to treat hypersensitivities, trouble resting, and nausea. It might be for quieting individuals who are upset or anxious. It is accessible by mouth as a syrup, as a rectal suppository, or by infusion into a muscle. [&hellip;]","og_url":"https:\/\/buy-prescriptionz.com\/fr\/actavis-promethazine\/","og_site_name":"Buy Prescriptionz","twitter_card":"summary_large_image","twitter_misc":{"Dur\u00e9e de lecture estim\u00e9e":"2 minutes"},"schema":{"@context":"https:\/\/schema.org","@graph":[{"@type":"WebPage","@id":"https:\/\/buy-prescriptionz.com\/actavis-promethazine\/","url":"https:\/\/buy-prescriptionz.com\/actavis-promethazine\/","name":"Actavis Promethazine - Buy Prescriptionz","isPartOf":{"@id":"https:\/\/buy-prescriptionz.com\/#website"},"datePublished":"2019-05-08T05:42:12+00:00","breadcrumb":{"@id":"https:\/\/buy-prescriptionz.com\/actavis-promethazine\/#breadcrumb"},"inLanguage":"fr-FR","potentialAction":[{"@type":"ReadAction","target":["https:\/\/buy-prescriptionz.com\/actavis-promethazine\/"]}]},{"@type":"BreadcrumbList","@id":"https:\/\/buy-prescriptionz.com\/actavis-promethazine\/#breadcrumb","itemListElement":[{"@type":"ListItem","position":1,"name":"Home","item":"https:\/\/buy-prescriptionz.com\/"},{"@type":"ListItem","position":2,"name":"Actavis Promethazine"}]},{"@type":"WebSite","@id":"https:\/\/buy-prescriptionz.com\/#website","url":"https:\/\/buy-prescriptionz.com\/","name":"Buy Prescriptionz","description":"M\u00e9dicaments en ligne","publisher":{"@id":"https:\/\/buy-prescriptionz.com\/#organization"},"potentialAction":[{"@type":"SearchAction","target":{"@type":"EntryPoint","urlTemplate":"https:\/\/buy-prescriptionz.com\/?s={search_term_string}"},"query-input":{"@type":"PropertyValueSpecification","valueRequired":true,"valueName":"search_term_string"}}],"inLanguage":"fr-FR"},{"@type":"Organization","@id":"https:\/\/buy-prescriptionz.com\/#organization","name":"Buy Prescriptionz","url":"https:\/\/buy-prescriptionz.com\/","logo":{"@type":"ImageObject","inLanguage":"fr-FR","@id":"https:\/\/buy-prescriptionz.com\/#\/schema\/logo\/image\/","url":"https:\/\/buy-prescriptionz.com\/wp-content\/uploads\/2023\/09\/logo.png","contentUrl":"https:\/\/buy-prescriptionz.com\/wp-content\/uploads\/2023\/09\/logo.png","width":350,"height":64,"caption":"Buy Prescriptionz"},"image":{"@id":"https:\/\/buy-prescriptionz.com\/#\/schema\/logo\/image\/"}}]}},"_links":{"self":[{"href":"https:\/\/buy-prescriptionz.com\/fr\/wp-json\/wp\/v2\/pages\/976","targetHints":{"allow":["GET"]}}],"collection":[{"href":"https:\/\/buy-prescriptionz.com\/fr\/wp-json\/wp\/v2\/pages"}],"about":[{"href":"https:\/\/buy-prescriptionz.com\/fr\/wp-json\/wp\/v2\/types\/page"}],"author":[{"embeddable":true,"href":"https:\/\/buy-prescriptionz.com\/fr\/wp-json\/wp\/v2\/users\/1"}],"replies":[{"embeddable":true,"href":"https:\/\/buy-prescriptionz.com\/fr\/wp-json\/wp\/v2\/comments?post=976"}],"version-history":[{"count":0,"href":"https:\/\/buy-prescriptionz.com\/fr\/wp-json\/wp\/v2\/pages\/976\/revisions"}],"wp:attachment":[{"href":"https:\/\/buy-prescriptionz.com\/fr\/wp-json\/wp\/v2\/media?parent=976"}],"curies":[{"name":"wp","href":"https:\/\/api.w.org\/{rel}","templated":true}]}}