{"id":978,"date":"2019-05-08T05:46:53","date_gmt":"2019-05-08T05:46:53","guid":{"rendered":"https:\/\/buyprescriptionz.com\/?page_id=978"},"modified":"2019-05-08T05:46:53","modified_gmt":"2019-05-08T05:46:53","slug":"ayurvedic-urea","status":"publish","type":"page","link":"https:\/\/buy-prescriptionz.com\/fr\/ayurvedic-urea\/","title":{"rendered":"Ur\u00e9e ayurv\u00e9dique"},"content":{"rendered":"<h3 style=\"text-align: justify;\">Qu'est-ce que l'ur\u00e9e ayurv\u00e9dique chez Buyprescriptionz Pharmacy ?<\/h3>\n<p style=\"text-align: justify;\">L'ur\u00e9e ayurv\u00e9dique est le m\u00e9dicament l\u00e9gitime pour augmenter la taille disponible dans le monde qui n'a pas d'effets secondaires, mais il a un effet limit\u00e9 sur l'\u00e2ge de 16 \u00e0 40 ans. Tu peux\u00a0<strong>buy Ayurvedic Urea online\u00a0<\/strong>en liquide et en poudre, et cela peut ne pas \u00eatre bon march\u00e9.<\/p>\n<p style=\"text-align: justify;\"><strong>Dhatrumurgasiniy : herbe magique de l'Himalaya<\/strong><\/p>\n<p style=\"text-align: justify;\"><strong>Acheter de l'ur\u00e9e ayurv\u00e9dique\u00a0<\/strong>avec l'herbe magique comme ingr\u00e9dient principal. C'est dans la caract\u00e9risation comme l'une des herbes les plus rares trouv\u00e9es dans les \u00e9tendues sauvages \u00e9paisses de l'Himalaya autour du N\u00e9pal, en Asie du Sud. Nous avons\u00a0<strong>Ur\u00e9e ayurv\u00e9dique en ligne\u00a0<\/strong>\u00e0 des prix abordables.<\/p>\n<p style=\"text-align: justify;\"><strong>Ur\u00e9e ayurv\u00e9dique \u00e0 vendre \u00e0 partir de\u00a0<\/strong>La maison magique de l'Asie du Sud pour les herbes et la biodiversit\u00e9 gr\u00e9sillante, id\u00e9ale pour les yeux. Dhatrumurgasiniy est une herbe co\u00fbteuse trouv\u00e9e et n'est pas disponible que le safran.\u00a0<strong>Comment acheter de l'ur\u00e9e ayurv\u00e9dique en ligne,\u00a0<\/strong>c'est simple, commandez votre quantit\u00e9 sur buy-prescriptionz.com.<\/p>\n<p style=\"text-align: justify;\"><strong>Obtenir des mesures\u00a0: l'ingr\u00e9dient principal de l'ur\u00e9e ayurv\u00e9dique<\/strong><\/p>\n<p style=\"text-align: justify;\">Cela peut \u00eatre la meilleure option pour vous de savoir\u00a0<strong>o\u00f9 acheter de l'ur\u00e9e ayurv\u00e9dique en ligne<\/strong>\u00a0avec un effort consolid\u00e9 du fournisseur officiel d'ur\u00e9e ayurv\u00e9dique \u00e0 buy-prescriptionz.com. Avec nous, vous pouvez\u00a0<strong>acheter de l'ur\u00e9e ayurv\u00e9dique sans ordonnance\u00a0<\/strong>et<strong>\u00a0au m\u00e9decin\u00a0<\/strong>\u00e0 toute quantit\u00e9 et qualit\u00e9 demand\u00e9es.<\/p>\n<h3 style=\"text-align: justify;\">Comment fonctionne l'ur\u00e9e ayurv\u00e9dique lorsqu'elle est achet\u00e9e en ligne\u00a0?<\/h3>\n<p style=\"text-align: justify;\">L'ur\u00e9e ayurv\u00e9dique agit en aidant la croissance des cellules dans les os humains et la formation de nouvelles cellules dans les os.<\/p>\n<p style=\"text-align: justify;\">Les domaines cibl\u00e9s sont les v\u00f4tres\u00a0<strong>commande\u00a0<\/strong>de\u00a0<strong>Ur\u00e9e ayurv\u00e9dique en ligne<\/strong>\u00a0sont les jambes (5 pouces max), la moelle \u00e9pini\u00e8re (3 pouces max) et le cou (1 pouce max).<\/p>\n<p style=\"text-align: justify;\"><strong>Notre ur\u00e9e ayurv\u00e9dique est disponible en poudre, liquide et herbe et comprend des microbes qui aident \u00e0 la cr\u00e9ation rapide de cellules osseuses. Ces microbes sont vus en changement avec Dhatrumurgasiniy de la mani\u00e8re suivante\u00a0:<\/strong><\/p>\n<ul style=\"text-align: justify;\">\n<li>Tissu conservateur<\/li>\n<li>Tissu spongieux<\/li>\n<li>Tissu sous-chondral<\/li>\n<li>ost\u00e9oblastes<\/li>\n<li>Ost\u00e9oclaste<\/li>\n<li>Ost\u00e9ocytes<\/li>\n<li>H\u00e9matopo\u00ef\u00e9tique<\/li>\n<\/ul>\n<p style=\"text-align: justify;\">Le montant d'admission pour se concentrer et atteindre votre objectif tout en\u00a0<strong>Acheter de l'ur\u00e9e ayurv\u00e9dique en ligne \u00e0 bas prix avec un emballage discret\u00a0<\/strong>et avec<strong>\u00a0service d'exp\u00e9dition rapide et s\u00e9curis\u00e9.<\/strong><\/p>\n<p style=\"text-align: justify;\"><strong>Nous livrons les m\u00e9dicaments avec notre\u00a0service de livraison rapide et s\u00e9curis\u00e9\u00a0dans la quantit\u00e9 et le prix suivants\u00a0:<\/strong><\/p>\n<ul>\n<li style=\"text-align: justify;\">2 pouces (10kg) = 1500$<\/li>\n<li style=\"text-align: justify;\">4 pouces (25kg) = 2500$<\/li>\n<li style=\"text-align: justify;\">6 pouces (42 kg) = 4 000 $<\/li>\n<li style=\"text-align: justify;\">8 pouces (56 kg) = 6 000 $<\/li>\n<\/ul>","protected":false},"excerpt":{"rendered":"<p>What is Ayurvedic Urea at Buyprescriptionz Pharmacy? Ayurvedic Urea is the legit height increasing medication available in the world that has no side-effects, but it has limited working on age from 16-40 years. You can\u00a0buy Ayurvedic Urea online\u00a0in liquid and powder, and it may not come cheap. Dhatrumurgasiniy: Magical Herb from the Himalayas Buy Ayurvedic [&hellip;]<\/p>","protected":false},"author":1,"featured_media":0,"parent":0,"menu_order":0,"comment_status":"open","ping_status":"open","template":"","meta":{"site-sidebar-layout":"default","site-content-layout":"","ast-site-content-layout":"default","site-content-style":"default","site-sidebar-style":"default","ast-global-header-display":"","ast-banner-title-visibility":"","ast-main-header-display":"","ast-hfb-above-header-display":"","ast-hfb-below-header-display":"","ast-hfb-mobile-header-display":"","site-post-title":"","ast-breadcrumbs-content":"","ast-featured-img":"","footer-sml-layout":"","theme-transparent-header-meta":"","adv-header-id-meta":"","stick-header-meta":"","header-above-stick-meta":"","header-main-stick-meta":"","header-below-stick-meta":"","astra-migrate-meta-layouts":"default","ast-page-background-enabled":"default","ast-page-background-meta":{"desktop":{"background-color":"var(--ast-global-color-4)","background-image":"","background-repeat":"repeat","background-position":"center center","background-size":"auto","background-attachment":"scroll","background-type":"","background-media":"","overlay-type":"","overlay-color":"","overlay-opacity":"","overlay-gradient":""},"tablet":{"background-color":"","background-image":"","background-repeat":"repeat","background-position":"center center","background-size":"auto","background-attachment":"scroll","background-type":"","background-media":"","overlay-type":"","overlay-color":"","overlay-opacity":"","overlay-gradient":""},"mobile":{"background-color":"","background-image":"","background-repeat":"repeat","background-position":"center center","background-size":"auto","background-attachment":"scroll","background-type":"","background-media":"","overlay-type":"","overlay-color":"","overlay-opacity":"","overlay-gradient":""}},"ast-content-background-meta":{"desktop":{"background-color":"var(--ast-global-color-5)","background-image":"","background-repeat":"repeat","background-position":"center center","background-size":"auto","background-attachment":"scroll","background-type":"","background-media":"","overlay-type":"","overlay-color":"","overlay-opacity":"","overlay-gradient":""},"tablet":{"background-color":"var(--ast-global-color-5)","background-image":"","background-repeat":"repeat","background-position":"center center","background-size":"auto","background-attachment":"scroll","background-type":"","background-media":"","overlay-type":"","overlay-color":"","overlay-opacity":"","overlay-gradient":""},"mobile":{"background-color":"var(--ast-global-color-5)","background-image":"","background-repeat":"repeat","background-position":"center center","background-size":"auto","background-attachment":"scroll","background-type":"","background-media":"","overlay-type":"","overlay-color":"","overlay-opacity":"","overlay-gradient":""}},"footnotes":""},"class_list":["post-978","page","type-page","status-publish","hentry"],"yoast_head":"<!-- This site is optimized with the Yoast SEO plugin v25.9 - https:\/\/yoast.com\/wordpress\/plugins\/seo\/ -->\n<title>Ayurvedic Urea - Buy Prescriptionz<\/title>\n<meta name=\"robots\" content=\"index, follow, max-snippet:-1, max-image-preview:large, max-video-preview:-1\" \/>\n<link rel=\"canonical\" href=\"https:\/\/buy-prescriptionz.com\/fr\/ayurvedic-urea\/\" \/>\n<meta property=\"og:locale\" content=\"fr_FR\" \/>\n<meta property=\"og:type\" content=\"article\" \/>\n<meta property=\"og:title\" content=\"Ayurvedic Urea - Buy Prescriptionz\" \/>\n<meta property=\"og:description\" content=\"What is Ayurvedic Urea at Buyprescriptionz Pharmacy? Ayurvedic Urea is the legit height increasing medication available in the world that has no side-effects, but it has limited working on age from 16-40 years. You can\u00a0buy Ayurvedic Urea online\u00a0in liquid and powder, and it may not come cheap. Dhatrumurgasiniy: Magical Herb from the Himalayas Buy Ayurvedic [&hellip;]\" \/>\n<meta property=\"og:url\" content=\"https:\/\/buy-prescriptionz.com\/fr\/ayurvedic-urea\/\" \/>\n<meta property=\"og:site_name\" content=\"Buy Prescriptionz\" \/>\n<meta name=\"twitter:card\" content=\"summary_large_image\" \/>\n<meta name=\"twitter:label1\" content=\"Dur\u00e9e de lecture estim\u00e9e\" \/>\n\t<meta name=\"twitter:data1\" content=\"2 minutes\" \/>\n<script type=\"application\/ld+json\" class=\"yoast-schema-graph\">{\"@context\":\"https:\/\/schema.org\",\"@graph\":[{\"@type\":\"WebPage\",\"@id\":\"https:\/\/buy-prescriptionz.com\/ayurvedic-urea\/\",\"url\":\"https:\/\/buy-prescriptionz.com\/ayurvedic-urea\/\",\"name\":\"Ayurvedic Urea - Buy Prescriptionz\",\"isPartOf\":{\"@id\":\"https:\/\/buy-prescriptionz.com\/#website\"},\"datePublished\":\"2019-05-08T05:46:53+00:00\",\"breadcrumb\":{\"@id\":\"https:\/\/buy-prescriptionz.com\/ayurvedic-urea\/#breadcrumb\"},\"inLanguage\":\"fr-FR\",\"potentialAction\":[{\"@type\":\"ReadAction\",\"target\":[\"https:\/\/buy-prescriptionz.com\/ayurvedic-urea\/\"]}]},{\"@type\":\"BreadcrumbList\",\"@id\":\"https:\/\/buy-prescriptionz.com\/ayurvedic-urea\/#breadcrumb\",\"itemListElement\":[{\"@type\":\"ListItem\",\"position\":1,\"name\":\"Home\",\"item\":\"https:\/\/buy-prescriptionz.com\/\"},{\"@type\":\"ListItem\",\"position\":2,\"name\":\"Ayurvedic Urea\"}]},{\"@type\":\"WebSite\",\"@id\":\"https:\/\/buy-prescriptionz.com\/#website\",\"url\":\"https:\/\/buy-prescriptionz.com\/\",\"name\":\"Buy Prescriptionz\",\"description\":\"Drugs Online\",\"publisher\":{\"@id\":\"https:\/\/buy-prescriptionz.com\/#organization\"},\"potentialAction\":[{\"@type\":\"SearchAction\",\"target\":{\"@type\":\"EntryPoint\",\"urlTemplate\":\"https:\/\/buy-prescriptionz.com\/?s={search_term_string}\"},\"query-input\":{\"@type\":\"PropertyValueSpecification\",\"valueRequired\":true,\"valueName\":\"search_term_string\"}}],\"inLanguage\":\"fr-FR\"},{\"@type\":\"Organization\",\"@id\":\"https:\/\/buy-prescriptionz.com\/#organization\",\"name\":\"Buy Prescriptionz\",\"url\":\"https:\/\/buy-prescriptionz.com\/\",\"logo\":{\"@type\":\"ImageObject\",\"inLanguage\":\"fr-FR\",\"@id\":\"https:\/\/buy-prescriptionz.com\/#\/schema\/logo\/image\/\",\"url\":\"https:\/\/buy-prescriptionz.com\/wp-content\/uploads\/2023\/09\/logo.png\",\"contentUrl\":\"https:\/\/buy-prescriptionz.com\/wp-content\/uploads\/2023\/09\/logo.png\",\"width\":350,\"height\":64,\"caption\":\"Buy Prescriptionz\"},\"image\":{\"@id\":\"https:\/\/buy-prescriptionz.com\/#\/schema\/logo\/image\/\"}}]}<\/script>\n<!-- \/ Yoast SEO plugin. -->","yoast_head_json":{"title":"Ayurvedic Urea - Buy Prescriptionz","robots":{"index":"index","follow":"follow","max-snippet":"max-snippet:-1","max-image-preview":"max-image-preview:large","max-video-preview":"max-video-preview:-1"},"canonical":"https:\/\/buy-prescriptionz.com\/fr\/ayurvedic-urea\/","og_locale":"fr_FR","og_type":"article","og_title":"Ayurvedic Urea - Buy Prescriptionz","og_description":"What is Ayurvedic Urea at Buyprescriptionz Pharmacy? Ayurvedic Urea is the legit height increasing medication available in the world that has no side-effects, but it has limited working on age from 16-40 years. You can\u00a0buy Ayurvedic Urea online\u00a0in liquid and powder, and it may not come cheap. Dhatrumurgasiniy: Magical Herb from the Himalayas Buy Ayurvedic [&hellip;]","og_url":"https:\/\/buy-prescriptionz.com\/fr\/ayurvedic-urea\/","og_site_name":"Buy Prescriptionz","twitter_card":"summary_large_image","twitter_misc":{"Dur\u00e9e de lecture estim\u00e9e":"2 minutes"},"schema":{"@context":"https:\/\/schema.org","@graph":[{"@type":"WebPage","@id":"https:\/\/buy-prescriptionz.com\/ayurvedic-urea\/","url":"https:\/\/buy-prescriptionz.com\/ayurvedic-urea\/","name":"Ayurvedic Urea - Buy Prescriptionz","isPartOf":{"@id":"https:\/\/buy-prescriptionz.com\/#website"},"datePublished":"2019-05-08T05:46:53+00:00","breadcrumb":{"@id":"https:\/\/buy-prescriptionz.com\/ayurvedic-urea\/#breadcrumb"},"inLanguage":"fr-FR","potentialAction":[{"@type":"ReadAction","target":["https:\/\/buy-prescriptionz.com\/ayurvedic-urea\/"]}]},{"@type":"BreadcrumbList","@id":"https:\/\/buy-prescriptionz.com\/ayurvedic-urea\/#breadcrumb","itemListElement":[{"@type":"ListItem","position":1,"name":"Home","item":"https:\/\/buy-prescriptionz.com\/"},{"@type":"ListItem","position":2,"name":"Ayurvedic Urea"}]},{"@type":"WebSite","@id":"https:\/\/buy-prescriptionz.com\/#website","url":"https:\/\/buy-prescriptionz.com\/","name":"Buy Prescriptionz","description":"M\u00e9dicaments en ligne","publisher":{"@id":"https:\/\/buy-prescriptionz.com\/#organization"},"potentialAction":[{"@type":"SearchAction","target":{"@type":"EntryPoint","urlTemplate":"https:\/\/buy-prescriptionz.com\/?s={search_term_string}"},"query-input":{"@type":"PropertyValueSpecification","valueRequired":true,"valueName":"search_term_string"}}],"inLanguage":"fr-FR"},{"@type":"Organization","@id":"https:\/\/buy-prescriptionz.com\/#organization","name":"Buy Prescriptionz","url":"https:\/\/buy-prescriptionz.com\/","logo":{"@type":"ImageObject","inLanguage":"fr-FR","@id":"https:\/\/buy-prescriptionz.com\/#\/schema\/logo\/image\/","url":"https:\/\/buy-prescriptionz.com\/wp-content\/uploads\/2023\/09\/logo.png","contentUrl":"https:\/\/buy-prescriptionz.com\/wp-content\/uploads\/2023\/09\/logo.png","width":350,"height":64,"caption":"Buy Prescriptionz"},"image":{"@id":"https:\/\/buy-prescriptionz.com\/#\/schema\/logo\/image\/"}}]}},"_links":{"self":[{"href":"https:\/\/buy-prescriptionz.com\/fr\/wp-json\/wp\/v2\/pages\/978","targetHints":{"allow":["GET"]}}],"collection":[{"href":"https:\/\/buy-prescriptionz.com\/fr\/wp-json\/wp\/v2\/pages"}],"about":[{"href":"https:\/\/buy-prescriptionz.com\/fr\/wp-json\/wp\/v2\/types\/page"}],"author":[{"embeddable":true,"href":"https:\/\/buy-prescriptionz.com\/fr\/wp-json\/wp\/v2\/users\/1"}],"replies":[{"embeddable":true,"href":"https:\/\/buy-prescriptionz.com\/fr\/wp-json\/wp\/v2\/comments?post=978"}],"version-history":[{"count":0,"href":"https:\/\/buy-prescriptionz.com\/fr\/wp-json\/wp\/v2\/pages\/978\/revisions"}],"wp:attachment":[{"href":"https:\/\/buy-prescriptionz.com\/fr\/wp-json\/wp\/v2\/media?parent=978"}],"curies":[{"name":"wp","href":"https:\/\/api.w.org\/{rel}","templated":true}]}}