{"id":986,"date":"2019-05-08T05:53:37","date_gmt":"2019-05-08T05:53:37","guid":{"rendered":"https:\/\/buyprescriptionz.com\/?page_id=986"},"modified":"2019-05-08T05:53:37","modified_gmt":"2019-05-08T05:53:37","slug":"payment","status":"publish","type":"page","link":"https:\/\/buy-prescriptionz.com\/fr\/payment\/","title":{"rendered":"Paiement"},"content":{"rendered":"<p style=\"text-align: justify;\">Chez Buyprescriptionz Pharmacy, les modes de paiement sont faciles \u00e0 utiliser et \u00e0 effectuer. Il y a toujours des mises \u00e0 niveau de la passerelle de paiement pour rendre les paiements s\u00e9curis\u00e9s et anonymes pour nos clients. Nous ajoutons plus d'options \u00e0 nos m\u00e9thodes de paiement car nous savons que faire un paiement en ligne devrait \u00eatre pratique et plus simple que jamais.<\/p>\n<p style=\"text-align: justify;\">Buyprescriptionz online Pharmacy est l'endroit o\u00f9 acheter des m\u00e9dicaments en ligne sans ordonnance et m\u00e9decin \u00e0 tout moment et n'importe o\u00f9 pour passer une commande. \u00c0 l'heure actuelle, nous acceptons les paiements de quatre passerelles de paiement, \u00e0 savoir\u00a0:<\/p>\n<h3 style=\"text-align: justify;\">Western union<\/h3>\n<p style=\"text-align: justify;\">Western Union est un service de paiement global disponible pour tous les pays r\u00e9pertori\u00e9s dans le monde. Vous pouvez visiter n'importe quel magasin Western Union pour votre commande de m\u00e9dicaments en ligne et y envoyer le paiement. Notez que l'envoi du montant en ligne via Western Union n'est pas pris en charge par nous. Veuillez passer par les informations de paiement ci-dessous pour payer apr\u00e8s la commande :<\/p>\n<p style=\"text-align: justify;\"><strong>Nom\u00a0: Exemple<\/strong><\/p>\n<p style=\"text-align: justify;\"><strong>Pays\u00a0: \u00c9tats-Unis<\/strong><\/p>\n<p style=\"text-align: justify;\"><strong>Ville: Lake City<\/strong><\/p>\n<p style=\"text-align: justify;\"><strong>Code postal : 32055<\/strong><\/p>\n<p style=\"text-align: justify;\">Montant : Montant de votre commande<\/p>\n<h3 style=\"text-align: justify;\">Bitcoins (10\u00a0% de r\u00e9duction)<\/h3>\n<p style=\"text-align: justify;\">\u00c0 l'heure actuelle, nous estimons qu'il s'agit de la meilleure option de paiement disponible chez nous. Il offre un haut niveau de confidentialit\u00e9 et de s\u00e9curit\u00e9 \u00e0 nos clients lorsqu'ils ach\u00e8tent des m\u00e9dicaments en ligne. Vous pouvez payer via Bitcoin Cash, Ethereum, LiteCoin et DogeCoin. Il existe des sites Web pour acheter des Bitcoins en ligne. Et, avec ce mode de paiement, vous b\u00e9n\u00e9ficierez d'une r\u00e9duction de 10 %.<\/p>\n<h3 style=\"text-align: justify;\">MoneyGram<\/h3>\n<p style=\"text-align: justify;\">MoneyGram est un autre fournisseur mondial de services de paiement par lequel vous pouvez nous envoyer le paiement de votre commande. Vous pouvez vous rendre dans n'importe quel magasin MoneyGram de votre r\u00e9gion et nous envoyer le paiement de votre commande dans un emballage discret. Pour plus de d\u00e9tails sur ce mode de paiement, veuillez nous envoyer un e-mail avec les d\u00e9tails de votre commande : info@buy-prescriptionz.com. Si vous ne recevez pas les informations de paiement MoneyGram dans les cinq minutes, dites-le nous aussi.<\/p>","protected":false},"excerpt":{"rendered":"<p>At Buyprescriptionz Pharmacy, payments modes are easy to use and make. There are always payment gateway upgrades to make payments secure and anonymous for our clients. We are adding more options to our payment methods because we know making a payment online should come handy and simple than ever. Buyprescriptionz online Pharmacy is where to [&hellip;]<\/p>","protected":false},"author":1,"featured_media":0,"parent":0,"menu_order":0,"comment_status":"open","ping_status":"open","template":"","meta":{"site-sidebar-layout":"default","site-content-layout":"","ast-site-content-layout":"default","site-content-style":"default","site-sidebar-style":"default","ast-global-header-display":"","ast-banner-title-visibility":"","ast-main-header-display":"","ast-hfb-above-header-display":"","ast-hfb-below-header-display":"","ast-hfb-mobile-header-display":"","site-post-title":"","ast-breadcrumbs-content":"","ast-featured-img":"","footer-sml-layout":"","theme-transparent-header-meta":"","adv-header-id-meta":"","stick-header-meta":"","header-above-stick-meta":"","header-main-stick-meta":"","header-below-stick-meta":"","astra-migrate-meta-layouts":"default","ast-page-background-enabled":"default","ast-page-background-meta":{"desktop":{"background-color":"var(--ast-global-color-4)","background-image":"","background-repeat":"repeat","background-position":"center center","background-size":"auto","background-attachment":"scroll","background-type":"","background-media":"","overlay-type":"","overlay-color":"","overlay-opacity":"","overlay-gradient":""},"tablet":{"background-color":"","background-image":"","background-repeat":"repeat","background-position":"center center","background-size":"auto","background-attachment":"scroll","background-type":"","background-media":"","overlay-type":"","overlay-color":"","overlay-opacity":"","overlay-gradient":""},"mobile":{"background-color":"","background-image":"","background-repeat":"repeat","background-position":"center center","background-size":"auto","background-attachment":"scroll","background-type":"","background-media":"","overlay-type":"","overlay-color":"","overlay-opacity":"","overlay-gradient":""}},"ast-content-background-meta":{"desktop":{"background-color":"var(--ast-global-color-5)","background-image":"","background-repeat":"repeat","background-position":"center center","background-size":"auto","background-attachment":"scroll","background-type":"","background-media":"","overlay-type":"","overlay-color":"","overlay-opacity":"","overlay-gradient":""},"tablet":{"background-color":"var(--ast-global-color-5)","background-image":"","background-repeat":"repeat","background-position":"center center","background-size":"auto","background-attachment":"scroll","background-type":"","background-media":"","overlay-type":"","overlay-color":"","overlay-opacity":"","overlay-gradient":""},"mobile":{"background-color":"var(--ast-global-color-5)","background-image":"","background-repeat":"repeat","background-position":"center center","background-size":"auto","background-attachment":"scroll","background-type":"","background-media":"","overlay-type":"","overlay-color":"","overlay-opacity":"","overlay-gradient":""}},"footnotes":""},"class_list":["post-986","page","type-page","status-publish","hentry"],"yoast_head":"<!-- This site is optimized with the Yoast SEO plugin v25.9 - https:\/\/yoast.com\/wordpress\/plugins\/seo\/ -->\n<title>Payment - Buy Prescriptionz<\/title>\n<meta name=\"robots\" content=\"index, follow, max-snippet:-1, max-image-preview:large, max-video-preview:-1\" \/>\n<link rel=\"canonical\" href=\"https:\/\/buy-prescriptionz.com\/fr\/payment\/\" \/>\n<meta property=\"og:locale\" content=\"fr_FR\" \/>\n<meta property=\"og:type\" content=\"article\" \/>\n<meta property=\"og:title\" content=\"Payment - Buy Prescriptionz\" \/>\n<meta property=\"og:description\" content=\"At Buyprescriptionz Pharmacy, payments modes are easy to use and make. There are always payment gateway upgrades to make payments secure and anonymous for our clients. We are adding more options to our payment methods because we know making a payment online should come handy and simple than ever. Buyprescriptionz online Pharmacy is where to [&hellip;]\" \/>\n<meta property=\"og:url\" content=\"https:\/\/buy-prescriptionz.com\/fr\/payment\/\" \/>\n<meta property=\"og:site_name\" content=\"Buy Prescriptionz\" \/>\n<meta name=\"twitter:card\" content=\"summary_large_image\" \/>\n<meta name=\"twitter:label1\" content=\"Dur\u00e9e de lecture estim\u00e9e\" \/>\n\t<meta name=\"twitter:data1\" content=\"1 minute\" \/>\n<script type=\"application\/ld+json\" class=\"yoast-schema-graph\">{\"@context\":\"https:\/\/schema.org\",\"@graph\":[{\"@type\":\"WebPage\",\"@id\":\"https:\/\/buy-prescriptionz.com\/payment\/\",\"url\":\"https:\/\/buy-prescriptionz.com\/payment\/\",\"name\":\"Payment - Buy Prescriptionz\",\"isPartOf\":{\"@id\":\"https:\/\/buy-prescriptionz.com\/#website\"},\"datePublished\":\"2019-05-08T05:53:37+00:00\",\"breadcrumb\":{\"@id\":\"https:\/\/buy-prescriptionz.com\/payment\/#breadcrumb\"},\"inLanguage\":\"fr-FR\",\"potentialAction\":[{\"@type\":\"ReadAction\",\"target\":[\"https:\/\/buy-prescriptionz.com\/payment\/\"]}]},{\"@type\":\"BreadcrumbList\",\"@id\":\"https:\/\/buy-prescriptionz.com\/payment\/#breadcrumb\",\"itemListElement\":[{\"@type\":\"ListItem\",\"position\":1,\"name\":\"Home\",\"item\":\"https:\/\/buy-prescriptionz.com\/\"},{\"@type\":\"ListItem\",\"position\":2,\"name\":\"Payment\"}]},{\"@type\":\"WebSite\",\"@id\":\"https:\/\/buy-prescriptionz.com\/#website\",\"url\":\"https:\/\/buy-prescriptionz.com\/\",\"name\":\"Buy Prescriptionz\",\"description\":\"Drugs Online\",\"publisher\":{\"@id\":\"https:\/\/buy-prescriptionz.com\/#organization\"},\"potentialAction\":[{\"@type\":\"SearchAction\",\"target\":{\"@type\":\"EntryPoint\",\"urlTemplate\":\"https:\/\/buy-prescriptionz.com\/?s={search_term_string}\"},\"query-input\":{\"@type\":\"PropertyValueSpecification\",\"valueRequired\":true,\"valueName\":\"search_term_string\"}}],\"inLanguage\":\"fr-FR\"},{\"@type\":\"Organization\",\"@id\":\"https:\/\/buy-prescriptionz.com\/#organization\",\"name\":\"Buy Prescriptionz\",\"url\":\"https:\/\/buy-prescriptionz.com\/\",\"logo\":{\"@type\":\"ImageObject\",\"inLanguage\":\"fr-FR\",\"@id\":\"https:\/\/buy-prescriptionz.com\/#\/schema\/logo\/image\/\",\"url\":\"https:\/\/buy-prescriptionz.com\/wp-content\/uploads\/2023\/09\/logo.png\",\"contentUrl\":\"https:\/\/buy-prescriptionz.com\/wp-content\/uploads\/2023\/09\/logo.png\",\"width\":350,\"height\":64,\"caption\":\"Buy Prescriptionz\"},\"image\":{\"@id\":\"https:\/\/buy-prescriptionz.com\/#\/schema\/logo\/image\/\"}}]}<\/script>\n<!-- \/ Yoast SEO plugin. -->","yoast_head_json":{"title":"Payment - Buy Prescriptionz","robots":{"index":"index","follow":"follow","max-snippet":"max-snippet:-1","max-image-preview":"max-image-preview:large","max-video-preview":"max-video-preview:-1"},"canonical":"https:\/\/buy-prescriptionz.com\/fr\/payment\/","og_locale":"fr_FR","og_type":"article","og_title":"Payment - Buy Prescriptionz","og_description":"At Buyprescriptionz Pharmacy, payments modes are easy to use and make. There are always payment gateway upgrades to make payments secure and anonymous for our clients. We are adding more options to our payment methods because we know making a payment online should come handy and simple than ever. Buyprescriptionz online Pharmacy is where to [&hellip;]","og_url":"https:\/\/buy-prescriptionz.com\/fr\/payment\/","og_site_name":"Buy Prescriptionz","twitter_card":"summary_large_image","twitter_misc":{"Dur\u00e9e de lecture estim\u00e9e":"1 minute"},"schema":{"@context":"https:\/\/schema.org","@graph":[{"@type":"WebPage","@id":"https:\/\/buy-prescriptionz.com\/payment\/","url":"https:\/\/buy-prescriptionz.com\/payment\/","name":"Payment - Buy Prescriptionz","isPartOf":{"@id":"https:\/\/buy-prescriptionz.com\/#website"},"datePublished":"2019-05-08T05:53:37+00:00","breadcrumb":{"@id":"https:\/\/buy-prescriptionz.com\/payment\/#breadcrumb"},"inLanguage":"fr-FR","potentialAction":[{"@type":"ReadAction","target":["https:\/\/buy-prescriptionz.com\/payment\/"]}]},{"@type":"BreadcrumbList","@id":"https:\/\/buy-prescriptionz.com\/payment\/#breadcrumb","itemListElement":[{"@type":"ListItem","position":1,"name":"Home","item":"https:\/\/buy-prescriptionz.com\/"},{"@type":"ListItem","position":2,"name":"Payment"}]},{"@type":"WebSite","@id":"https:\/\/buy-prescriptionz.com\/#website","url":"https:\/\/buy-prescriptionz.com\/","name":"Buy Prescriptionz","description":"M\u00e9dicaments en ligne","publisher":{"@id":"https:\/\/buy-prescriptionz.com\/#organization"},"potentialAction":[{"@type":"SearchAction","target":{"@type":"EntryPoint","urlTemplate":"https:\/\/buy-prescriptionz.com\/?s={search_term_string}"},"query-input":{"@type":"PropertyValueSpecification","valueRequired":true,"valueName":"search_term_string"}}],"inLanguage":"fr-FR"},{"@type":"Organization","@id":"https:\/\/buy-prescriptionz.com\/#organization","name":"Buy Prescriptionz","url":"https:\/\/buy-prescriptionz.com\/","logo":{"@type":"ImageObject","inLanguage":"fr-FR","@id":"https:\/\/buy-prescriptionz.com\/#\/schema\/logo\/image\/","url":"https:\/\/buy-prescriptionz.com\/wp-content\/uploads\/2023\/09\/logo.png","contentUrl":"https:\/\/buy-prescriptionz.com\/wp-content\/uploads\/2023\/09\/logo.png","width":350,"height":64,"caption":"Buy Prescriptionz"},"image":{"@id":"https:\/\/buy-prescriptionz.com\/#\/schema\/logo\/image\/"}}]}},"_links":{"self":[{"href":"https:\/\/buy-prescriptionz.com\/fr\/wp-json\/wp\/v2\/pages\/986","targetHints":{"allow":["GET"]}}],"collection":[{"href":"https:\/\/buy-prescriptionz.com\/fr\/wp-json\/wp\/v2\/pages"}],"about":[{"href":"https:\/\/buy-prescriptionz.com\/fr\/wp-json\/wp\/v2\/types\/page"}],"author":[{"embeddable":true,"href":"https:\/\/buy-prescriptionz.com\/fr\/wp-json\/wp\/v2\/users\/1"}],"replies":[{"embeddable":true,"href":"https:\/\/buy-prescriptionz.com\/fr\/wp-json\/wp\/v2\/comments?post=986"}],"version-history":[{"count":0,"href":"https:\/\/buy-prescriptionz.com\/fr\/wp-json\/wp\/v2\/pages\/986\/revisions"}],"wp:attachment":[{"href":"https:\/\/buy-prescriptionz.com\/fr\/wp-json\/wp\/v2\/media?parent=986"}],"curies":[{"name":"wp","href":"https:\/\/api.w.org\/{rel}","templated":true}]}}