{"id":2943,"date":"2025-09-16T08:55:29","date_gmt":"2025-09-16T08:55:29","guid":{"rendered":"https:\/\/chemsfine.com\/newsite\/?post_type=product&#038;p=2943"},"modified":"2025-09-23T14:06:48","modified_gmt":"2025-09-23T14:06:48","slug":"acheter-des-pilules-de-nembutal-en-ligne","status":"publish","type":"product","link":"https:\/\/buy-prescriptionz.com\/fr\/produit\/acheter-des-pilules-de-nembutal-en-ligne\/","title":{"rendered":"Acheter des pilules de Nembutal en ligne"},"content":{"rendered":"<h2>ACHETER DES COMPRIM\u00c9S DE NEMBUTAL<\/h2>\n<p>ACHETER LES PILULES DE NEMBUTAL ACHETER LES PILULES DE NEMBUTAL ; La solution de Nembutal sodique (pentobarbital sodique injectable) est une solution st\u00e9rile pour injection intraveineuse ou intramusculaire. Chaque mL contient 50 mg de pentobarbital sodique, dans un v\u00e9hicule compos\u00e9 de propyl\u00e8neglycol, 40%, d'alcool, 10% et d'eau pour injection, au volume. Le pH est ajust\u00e9 \u00e0 environ 9,5 avec de l'acide chlorhydrique et\/ou du sodium ...<\/p>\n<p>Le sel de sodium se pr\u00e9sente sous la forme d'une poudre blanche l\u00e9g\u00e8rement am\u00e8re, facilement soluble dans l'eau et l'alcool, mais pratiquement insoluble dans le benz\u00e8ne et l'\u00e9ther. Les barbituriques peuvent induire tous les degr\u00e9s d'alt\u00e9ration de l'humeur du syst\u00e8me nerveux central, de l'excitation \u00e0 la s\u00e9dation l\u00e9g\u00e8re, en passant par l'hypnose et le coma profond. Un surdosage peut entra\u00eener la mort. \u00c0 doses th\u00e9rapeutiques suffisamment \u00e9lev\u00e9es, les barbituriques induisent une anesth\u00e9sie. Ils d\u00e9priment le cortex sensoriel, diminuent l'activit\u00e9 motrice, alt\u00e8rent la fonction c\u00e9r\u00e9belleuse et provoquent somnolence, s\u00e9dation et hypnose.<\/p>\n<p>Le sommeil induit par les barbituriques diff\u00e8re du sommeil physiologique. Des \u00e9tudes en laboratoire du sommeil ont d\u00e9montr\u00e9 que les barbituriques r\u00e9duisent la dur\u00e9e du sommeil paradoxal (REM) ou r\u00eave. De plus, les stades III et IV du sommeil sont diminu\u00e9s. Apr\u00e8s un arr\u00eat brutal des barbituriques utilis\u00e9s r\u00e9guli\u00e8rement, les patients peuvent pr\u00e9senter une augmentation marqu\u00e9e des r\u00eaves, des cauchemars et\/ou de l'insomnie. Par cons\u00e9quent, il est recommand\u00e9 de cesser l'administration d'une dose th\u00e9rapeutique unique sur une p\u00e9riode de 5 ou 6 jours afin de r\u00e9duire le rebond du sommeil paradoxal et les troubles du sommeil qui contribuent au syndrome de sevrage m\u00e9dicamenteux (par exemple, r\u00e9duire la dose de 3 \u00e0 2 doses par jour pendant une semaine).<\/p>\n<p class=\"p1\"><span class=\"s1\">Acheter des analg\u00e9siques bon march\u00e9 en ligne, Lortab acheter en ligne, commander des analg\u00e9siques en ligne, commander des analg\u00e9siques en ligne. Acheter des analg\u00e9siques en ligne sans ordonnance,\u00a0<\/span>Les barbituriques sont des d\u00e9presseurs non s\u00e9lectifs du syst\u00e8me nerveux central, principalement utilis\u00e9s comme hypnotiques s\u00e9datifs et anticonvulsivants \u00e0 doses subhypnotiques. Les barbituriques et leurs sels de sodium sont soumis \u00e0 un contr\u00f4le en vertu de la loi f\u00e9d\u00e9rale sur les substances contr\u00f4l\u00e9es (voir la section \u00ab\u00a0Abus et d\u00e9pendance aux drogues\u00a0\u00bb). Les sels de sodium de l'amobarbital, du pentobarbital, du ph\u00e9nobarbital et du s\u00e9cobarbital sont disponibles sous forme de solutions parent\u00e9rales st\u00e9riles. Les barbituriques sont des d\u00e9riv\u00e9s de pyrimidine substitu\u00e9s dont la structure de base commune est l'acide barbiturique, une substance sans activit\u00e9 sur le syst\u00e8me nerveux central (SNC). Cette activit\u00e9 sur le SNC est obtenue par substitution de groupes alkyle, alc\u00e9nyle ou aryle sur le cycle pyrimidine.<\/p>\n<h3>Pilules de Nembutal<\/h3>\n<p>Le Nembutal, aussi appel\u00e9 pentobarbital, est un m\u00e9dicament utilis\u00e9 \u00e0 diverses fins, notamment pour la s\u00e9dation et le traitement des crises d'\u00e9pilepsie. Voici un aper\u00e7u d\u00e9taill\u00e9 de ses bienfaits, de son utilisation et de sa posologie\u00a0:<\/p>\n<h3>Avantages des pilules de Nembutal<\/h3>\n<ul>\n<li>Propri\u00e9t\u00e9s s\u00e9datives : Il induit somnolence et relaxation, ce qui le rend utile pour traiter l'insomnie ou l'anxi\u00e9t\u00e9 avant les interventions chirurgicales.<\/li>\n<li>Effets anticonvulsivants : Le Nembutal aide \u00e0 contr\u00f4ler les crises dans des conditions comme l\u2019\u00e9pilepsie.<\/li>\n<li>Euthanasie : Parfois utilis\u00e9e dans les pratiques v\u00e9t\u00e9rinaires pour une euthanasie humaine.<\/li>\n<\/ul>\n<h3>Utilisation des pilules de Nembutal<\/h3>\n<ul>\n<li>Insomnie et anxi\u00e9t\u00e9 : Administration orale avant le coucher pour la s\u00e9dation.<\/li>\n<li>Contr\u00f4le des crises : utilisation intraveineuse pour un d\u00e9but rapide et une gestion efficace des crises.<\/li>\n<li>Euthanasie : Administr\u00e9e sous stricte surveillance m\u00e9dicale pour une euthanasie humaine.<\/li>\n<\/ul>\n<h3>Directives posologiques<\/h3>\n<ul>\n<li>Insomnie : G\u00e9n\u00e9ralement 50 \u00e0 100 mg pris par voie orale au coucher.<\/li>\n<li>Crises : les doses intraveineuses varient de 100 \u00e0 200 mg, ajust\u00e9es en fonction de la r\u00e9ponse.<\/li>\n<li>Euthanasie : Administr\u00e9e \u00e0 des doses plus \u00e9lev\u00e9es sous surveillance m\u00e9dicale stricte.<\/li>\n<\/ul>\n<p>Les comprim\u00e9s de Nembutal sont pr\u00e9cieux pour leurs propri\u00e9t\u00e9s s\u00e9datives, anticonvulsivantes et euthanasiantes. Ils soulagent l'insomnie, l'anxi\u00e9t\u00e9 et les crises d'\u00e9pilepsie, et offrent une fin de vie paisible aux animaux de compagnie. Pour un acc\u00e8s fiable au Nembutal et \u00e0 d'autres produits pharmaceutiques, connectez-vous en ligne \u00e0 la meilleure pharmacie. <a href=\"http:\/\/buy-prescriptionz.com\/fr\/\">buy-prescriptionz.com<\/a>.<\/p>\n<h3>O\u00d9 :<\/h3>\n<ul class=\"tagchecklist\" role=\"list\">\n<li><button id=\"product_tag-check-num-0\" class=\"ntdelbutton\" type=\"button\"><span class=\"screen-reader-text\">Remove term: best quality Nembutal pills online<\/span><\/button>\u00a0Pilules Nembutal de la meilleure qualit\u00e9 en ligne<\/li>\n<li><button id=\"product_tag-check-num-1\" class=\"ntdelbutton\" type=\"button\"><span class=\"screen-reader-text\">Remove term: Buy Nembutal pills online<\/span><\/button>\u00a0Achetez des pilules de Nembutal en ligne<\/li>\n<li><button id=\"product_tag-check-num-2\" class=\"ntdelbutton\" type=\"button\"><span class=\"screen-reader-text\">Remove term: cheap Nembutal pills online<\/span><\/button>\u00a0pilules de Nembutal bon march\u00e9 en ligne<\/li>\n<li><button id=\"product_tag-check-num-3\" class=\"ntdelbutton\" type=\"button\"><span class=\"screen-reader-text\">Remove term: free shipping Nembutal pills online<\/span><\/button>\u00a0livraison gratuite de pilules Nembutal en ligne<\/li>\n<li><button id=\"product_tag-check-num-4\" class=\"ntdelbutton\" type=\"button\"><span class=\"screen-reader-text\">Remove term: genuine supplies Nembutal pills online<\/span><\/button>\u00a0fournitures authentiques pilules Nembutal en ligne<\/li>\n<li><button id=\"product_tag-check-num-5\" class=\"ntdelbutton\" type=\"button\"><span class=\"screen-reader-text\">Remove term: how to buy Nembutal pills online<\/span><\/button>\u00a0comment acheter des pilules de Nembutal en ligne<\/li>\n<li><button id=\"product_tag-check-num-6\" class=\"ntdelbutton\" type=\"button\"><span class=\"screen-reader-text\">Remove term: purchase Nembutal pills online<\/span><\/button>\u00a0acheter des pilules de Nembutal en ligne<\/li>\n<li><button id=\"product_tag-check-num-7\" class=\"ntdelbutton\" type=\"button\"><span class=\"screen-reader-text\">Remove term: reliable Nembutal pills online<\/span><\/button>\u00a0pilules Nembutal fiables en ligne<\/li>\n<li><button id=\"product_tag-check-num-8\" class=\"ntdelbutton\" type=\"button\"><span class=\"screen-reader-text\">Remove term: where to buy Nembutal pills online<\/span><\/button>\u00a0o\u00f9 acheter des pilules de Nembutal en ligne<\/li>\n<li><button id=\"product_tag-check-num-9\" class=\"ntdelbutton\" type=\"button\"><span class=\"screen-reader-text\">Remove term: wholesale price Nembutal pills online<\/span><\/button>\u00a0prix de gros pilules Nembutal en ligne<\/li>\n<\/ul>","protected":false},"excerpt":{"rendered":"<p>BUY NEMBUTAL PILLS BUY NEMBUTAL PILLS; Nembutal Sodium Solution (pentobarbital sodium injection) is a sterile solution for intravenous or intramuscular injection. Each mL contains pentobarbital sodium 50 mg, in a vehicle of propylene glycol, 40%, alcohol, 10% and water for injection, to volume. The pH is adjusted to approximately 9.5 with hydrochloric acid and\/or sodium [&hellip;]<\/p>","protected":false},"featured_media":2973,"comment_status":"open","ping_status":"closed","template":"","meta":{"site-sidebar-layout":"default","site-content-layout":"","ast-site-content-layout":"default","site-content-style":"default","site-sidebar-style":"default","ast-global-header-display":"","ast-banner-title-visibility":"","ast-main-header-display":"","ast-hfb-above-header-display":"","ast-hfb-below-header-display":"","ast-hfb-mobile-header-display":"","site-post-title":"","ast-breadcrumbs-content":"","ast-featured-img":"","footer-sml-layout":"","theme-transparent-header-meta":"default","adv-header-id-meta":"","stick-header-meta":"","header-above-stick-meta":"","header-main-stick-meta":"","header-below-stick-meta":"","astra-migrate-meta-layouts":"set","ast-page-background-enabled":"default","ast-page-background-meta":{"desktop":{"background-color":"var(--ast-global-color-4)","background-image":"","background-repeat":"repeat","background-position":"center center","background-size":"auto","background-attachment":"scroll","background-type":"","background-media":"","overlay-type":"","overlay-color":"","overlay-opacity":"","overlay-gradient":""},"tablet":{"background-color":"","background-image":"","background-repeat":"repeat","background-position":"center center","background-size":"auto","background-attachment":"scroll","background-type":"","background-media":"","overlay-type":"","overlay-color":"","overlay-opacity":"","overlay-gradient":""},"mobile":{"background-color":"","background-image":"","background-repeat":"repeat","background-position":"center center","background-size":"auto","background-attachment":"scroll","background-type":"","background-media":"","overlay-type":"","overlay-color":"","overlay-opacity":"","overlay-gradient":""}},"ast-content-background-meta":{"desktop":{"background-color":"var(--ast-global-color-5)","background-image":"","background-repeat":"repeat","background-position":"center center","background-size":"auto","background-attachment":"scroll","background-type":"","background-media":"","overlay-type":"","overlay-color":"","overlay-opacity":"","overlay-gradient":""},"tablet":{"background-color":"var(--ast-global-color-5)","background-image":"","background-repeat":"repeat","background-position":"center center","background-size":"auto","background-attachment":"scroll","background-type":"","background-media":"","overlay-type":"","overlay-color":"","overlay-opacity":"","overlay-gradient":""},"mobile":{"background-color":"var(--ast-global-color-5)","background-image":"","background-repeat":"repeat","background-position":"center center","background-size":"auto","background-attachment":"scroll","background-type":"","background-media":"","overlay-type":"","overlay-color":"","overlay-opacity":"","overlay-gradient":""}}},"product_brand":[],"product_cat":[15],"product_tag":[1914,1915,1913,1908,1911,1910,1909,1912,1907,1916,1906],"class_list":{"0":"post-2943","1":"product","2":"type-product","3":"status-publish","4":"has-post-thumbnail","6":"product_cat-buy-prescription-drugs","7":"product_tag-buy-nembutal-pills-in-canada","8":"product_tag-buy-nembutal-pills-in-uk","9":"product_tag-buy-nembutal-pills-in-usa","10":"product_tag-buy-nembutal-pills-with-bitcoin","11":"product_tag-buy-nembutal-pills-with-credit-card","12":"product_tag-buy-nembutal-pills-with-money-gram","13":"product_tag-buy-nembutal-pills-with-western-union","14":"product_tag-buy-nembutal-pills-without-a-doctor","15":"product_tag-buy-nembutal-pills-without-prescription","16":"product_tag-nembutal-pills","17":"product_tag-nembutal-pills-for-sale","18":"desktop-align-center","19":"tablet-align-left","20":"mobile-align-left","22":"first","23":"instock","24":"shipping-taxable","25":"purchasable","26":"product-type-variable","27":"has-default-attributes"},"yoast_head":"<!-- This site is optimized with the Yoast SEO plugin v25.9 - https:\/\/yoast.com\/wordpress\/plugins\/seo\/ -->\n<title>Buy Nembutal Pills Online - BUY NEMBUTAL PILLS ONLINE NOW<\/title>\n<meta name=\"description\" content=\"Purchase Nembutal pills online from us. We provide Nembutal pills at wholesale price, and also we offer free shipping when you order Nembutal pills online.\" \/>\n<meta name=\"robots\" content=\"index, follow, max-snippet:-1, max-image-preview:large, max-video-preview:-1\" \/>\n<link rel=\"canonical\" href=\"https:\/\/buy-prescriptionz.com\/fr\/produit\/acheter-des-pilules-de-nembutal-en-ligne\/\" \/>\n<meta property=\"og:locale\" content=\"fr_FR\" \/>\n<meta property=\"og:type\" content=\"article\" \/>\n<meta property=\"og:title\" content=\"Buy Nembutal Pills Online - BUY NEMBUTAL PILLS ONLINE NOW\" \/>\n<meta property=\"og:description\" content=\"Purchase Nembutal pills online from us. We provide Nembutal pills at wholesale price, and also we offer free shipping when you order Nembutal pills online.\" \/>\n<meta property=\"og:url\" content=\"https:\/\/buy-prescriptionz.com\/fr\/produit\/acheter-des-pilules-de-nembutal-en-ligne\/\" \/>\n<meta property=\"og:site_name\" content=\"Buy Prescriptionz\" \/>\n<meta property=\"article:modified_time\" content=\"2025-09-23T14:06:48+00:00\" \/>\n<meta property=\"og:image\" content=\"https:\/\/buy-prescriptionz.com\/wp-content\/uploads\/2025\/09\/Buy-Nembutal-pills-online.jpeg\" \/>\n\t<meta property=\"og:image:width\" content=\"600\" \/>\n\t<meta property=\"og:image:height\" content=\"400\" \/>\n\t<meta property=\"og:image:type\" content=\"image\/jpeg\" \/>\n<meta name=\"twitter:card\" content=\"summary_large_image\" \/>\n<meta name=\"twitter:label1\" content=\"Dur\u00e9e de lecture estim\u00e9e\" \/>\n\t<meta name=\"twitter:data1\" content=\"4 minutes\" \/>\n<script type=\"application\/ld+json\" class=\"yoast-schema-graph\">{\"@context\":\"https:\/\/schema.org\",\"@graph\":[{\"@type\":\"WebPage\",\"@id\":\"https:\/\/buy-prescriptionz.com\/product\/buy-nembutal-pills-online\/\",\"url\":\"https:\/\/buy-prescriptionz.com\/product\/buy-nembutal-pills-online\/\",\"name\":\"Buy Nembutal Pills Online - BUY NEMBUTAL PILLS ONLINE NOW\",\"isPartOf\":{\"@id\":\"https:\/\/buy-prescriptionz.com\/#website\"},\"primaryImageOfPage\":{\"@id\":\"https:\/\/buy-prescriptionz.com\/product\/buy-nembutal-pills-online\/#primaryimage\"},\"image\":{\"@id\":\"https:\/\/buy-prescriptionz.com\/product\/buy-nembutal-pills-online\/#primaryimage\"},\"thumbnailUrl\":\"https:\/\/buy-prescriptionz.com\/wp-content\/uploads\/2025\/09\/Buy-Nembutal-pills-online.jpeg\",\"datePublished\":\"2025-09-16T08:55:29+00:00\",\"dateModified\":\"2025-09-23T14:06:48+00:00\",\"description\":\"Purchase Nembutal pills online from us. We provide Nembutal pills at wholesale price, and also we offer free shipping when you order Nembutal pills online.\",\"breadcrumb\":{\"@id\":\"https:\/\/buy-prescriptionz.com\/product\/buy-nembutal-pills-online\/#breadcrumb\"},\"inLanguage\":\"fr-FR\",\"potentialAction\":[{\"@type\":\"ReadAction\",\"target\":[\"https:\/\/buy-prescriptionz.com\/product\/buy-nembutal-pills-online\/\"]}]},{\"@type\":\"ImageObject\",\"inLanguage\":\"fr-FR\",\"@id\":\"https:\/\/buy-prescriptionz.com\/product\/buy-nembutal-pills-online\/#primaryimage\",\"url\":\"https:\/\/buy-prescriptionz.com\/wp-content\/uploads\/2025\/09\/Buy-Nembutal-pills-online.jpeg\",\"contentUrl\":\"https:\/\/buy-prescriptionz.com\/wp-content\/uploads\/2025\/09\/Buy-Nembutal-pills-online.jpeg\",\"width\":600,\"height\":400},{\"@type\":\"BreadcrumbList\",\"@id\":\"https:\/\/buy-prescriptionz.com\/product\/buy-nembutal-pills-online\/#breadcrumb\",\"itemListElement\":[{\"@type\":\"ListItem\",\"position\":1,\"name\":\"Home\",\"item\":\"https:\/\/buy-prescriptionz.com\/\"},{\"@type\":\"ListItem\",\"position\":2,\"name\":\"Shop Painkillers Online\",\"item\":\"https:\/\/buy-prescriptionz.com\/shop-painkillers-online\/\"},{\"@type\":\"ListItem\",\"position\":3,\"name\":\"Buy Nembutal Pills Online\"}]},{\"@type\":\"WebSite\",\"@id\":\"https:\/\/buy-prescriptionz.com\/#website\",\"url\":\"https:\/\/buy-prescriptionz.com\/\",\"name\":\"Buy Prescriptionz\",\"description\":\"Drugs Online\",\"publisher\":{\"@id\":\"https:\/\/buy-prescriptionz.com\/#organization\"},\"potentialAction\":[{\"@type\":\"SearchAction\",\"target\":{\"@type\":\"EntryPoint\",\"urlTemplate\":\"https:\/\/buy-prescriptionz.com\/?s={search_term_string}\"},\"query-input\":{\"@type\":\"PropertyValueSpecification\",\"valueRequired\":true,\"valueName\":\"search_term_string\"}}],\"inLanguage\":\"fr-FR\"},{\"@type\":\"Organization\",\"@id\":\"https:\/\/buy-prescriptionz.com\/#organization\",\"name\":\"Buy Prescriptionz\",\"url\":\"https:\/\/buy-prescriptionz.com\/\",\"logo\":{\"@type\":\"ImageObject\",\"inLanguage\":\"fr-FR\",\"@id\":\"https:\/\/buy-prescriptionz.com\/#\/schema\/logo\/image\/\",\"url\":\"https:\/\/buy-prescriptionz.com\/wp-content\/uploads\/2023\/09\/logo.png\",\"contentUrl\":\"https:\/\/buy-prescriptionz.com\/wp-content\/uploads\/2023\/09\/logo.png\",\"width\":350,\"height\":64,\"caption\":\"Buy Prescriptionz\"},\"image\":{\"@id\":\"https:\/\/buy-prescriptionz.com\/#\/schema\/logo\/image\/\"}}]}<\/script>\n<!-- \/ Yoast SEO plugin. -->","yoast_head_json":{"title":"Acheter des pilules Nembutal en ligne - ACHETER DES PILULES NEMBUTAL EN LIGNE MAINTENANT","description":"Achetez des comprim\u00e9s de Nembutal en ligne. Nous les proposons \u00e0 prix de gros et offrons la livraison gratuite pour toute commande en ligne.","robots":{"index":"index","follow":"follow","max-snippet":"max-snippet:-1","max-image-preview":"max-image-preview:large","max-video-preview":"max-video-preview:-1"},"canonical":"https:\/\/buy-prescriptionz.com\/fr\/produit\/acheter-des-pilules-de-nembutal-en-ligne\/","og_locale":"fr_FR","og_type":"article","og_title":"Buy Nembutal Pills Online - BUY NEMBUTAL PILLS ONLINE NOW","og_description":"Purchase Nembutal pills online from us. We provide Nembutal pills at wholesale price, and also we offer free shipping when you order Nembutal pills online.","og_url":"https:\/\/buy-prescriptionz.com\/fr\/produit\/acheter-des-pilules-de-nembutal-en-ligne\/","og_site_name":"Buy Prescriptionz","article_modified_time":"2025-09-23T14:06:48+00:00","og_image":[{"width":600,"height":400,"url":"https:\/\/buy-prescriptionz.com\/wp-content\/uploads\/2025\/09\/Buy-Nembutal-pills-online.jpeg","type":"image\/jpeg"}],"twitter_card":"summary_large_image","twitter_misc":{"Dur\u00e9e de lecture estim\u00e9e":"4 minutes"},"schema":{"@context":"https:\/\/schema.org","@graph":[{"@type":"WebPage","@id":"https:\/\/buy-prescriptionz.com\/product\/buy-nembutal-pills-online\/","url":"https:\/\/buy-prescriptionz.com\/product\/buy-nembutal-pills-online\/","name":"Acheter des pilules Nembutal en ligne - ACHETER DES PILULES NEMBUTAL EN LIGNE MAINTENANT","isPartOf":{"@id":"https:\/\/buy-prescriptionz.com\/#website"},"primaryImageOfPage":{"@id":"https:\/\/buy-prescriptionz.com\/product\/buy-nembutal-pills-online\/#primaryimage"},"image":{"@id":"https:\/\/buy-prescriptionz.com\/product\/buy-nembutal-pills-online\/#primaryimage"},"thumbnailUrl":"https:\/\/buy-prescriptionz.com\/wp-content\/uploads\/2025\/09\/Buy-Nembutal-pills-online.jpeg","datePublished":"2025-09-16T08:55:29+00:00","dateModified":"2025-09-23T14:06:48+00:00","description":"Achetez des comprim\u00e9s de Nembutal en ligne. Nous les proposons \u00e0 prix de gros et offrons la livraison gratuite pour toute commande en ligne.","breadcrumb":{"@id":"https:\/\/buy-prescriptionz.com\/product\/buy-nembutal-pills-online\/#breadcrumb"},"inLanguage":"fr-FR","potentialAction":[{"@type":"ReadAction","target":["https:\/\/buy-prescriptionz.com\/product\/buy-nembutal-pills-online\/"]}]},{"@type":"ImageObject","inLanguage":"fr-FR","@id":"https:\/\/buy-prescriptionz.com\/product\/buy-nembutal-pills-online\/#primaryimage","url":"https:\/\/buy-prescriptionz.com\/wp-content\/uploads\/2025\/09\/Buy-Nembutal-pills-online.jpeg","contentUrl":"https:\/\/buy-prescriptionz.com\/wp-content\/uploads\/2025\/09\/Buy-Nembutal-pills-online.jpeg","width":600,"height":400},{"@type":"BreadcrumbList","@id":"https:\/\/buy-prescriptionz.com\/product\/buy-nembutal-pills-online\/#breadcrumb","itemListElement":[{"@type":"ListItem","position":1,"name":"Home","item":"https:\/\/buy-prescriptionz.com\/"},{"@type":"ListItem","position":2,"name":"Shop Painkillers Online","item":"https:\/\/buy-prescriptionz.com\/shop-painkillers-online\/"},{"@type":"ListItem","position":3,"name":"Buy Nembutal Pills Online"}]},{"@type":"WebSite","@id":"https:\/\/buy-prescriptionz.com\/#website","url":"https:\/\/buy-prescriptionz.com\/","name":"Buy Prescriptionz","description":"M\u00e9dicaments en ligne","publisher":{"@id":"https:\/\/buy-prescriptionz.com\/#organization"},"potentialAction":[{"@type":"SearchAction","target":{"@type":"EntryPoint","urlTemplate":"https:\/\/buy-prescriptionz.com\/?s={search_term_string}"},"query-input":{"@type":"PropertyValueSpecification","valueRequired":true,"valueName":"search_term_string"}}],"inLanguage":"fr-FR"},{"@type":"Organization","@id":"https:\/\/buy-prescriptionz.com\/#organization","name":"Buy Prescriptionz","url":"https:\/\/buy-prescriptionz.com\/","logo":{"@type":"ImageObject","inLanguage":"fr-FR","@id":"https:\/\/buy-prescriptionz.com\/#\/schema\/logo\/image\/","url":"https:\/\/buy-prescriptionz.com\/wp-content\/uploads\/2023\/09\/logo.png","contentUrl":"https:\/\/buy-prescriptionz.com\/wp-content\/uploads\/2023\/09\/logo.png","width":350,"height":64,"caption":"Buy Prescriptionz"},"image":{"@id":"https:\/\/buy-prescriptionz.com\/#\/schema\/logo\/image\/"}}]}},"_links":{"self":[{"href":"https:\/\/buy-prescriptionz.com\/fr\/wp-json\/wp\/v2\/product\/2943","targetHints":{"allow":["GET"]}}],"collection":[{"href":"https:\/\/buy-prescriptionz.com\/fr\/wp-json\/wp\/v2\/product"}],"about":[{"href":"https:\/\/buy-prescriptionz.com\/fr\/wp-json\/wp\/v2\/types\/product"}],"replies":[{"embeddable":true,"href":"https:\/\/buy-prescriptionz.com\/fr\/wp-json\/wp\/v2\/comments?post=2943"}],"wp:featuredmedia":[{"embeddable":true,"href":"https:\/\/buy-prescriptionz.com\/fr\/wp-json\/wp\/v2\/media\/2973"}],"wp:attachment":[{"href":"https:\/\/buy-prescriptionz.com\/fr\/wp-json\/wp\/v2\/media?parent=2943"}],"wp:term":[{"taxonomy":"product_brand","embeddable":true,"href":"https:\/\/buy-prescriptionz.com\/fr\/wp-json\/wp\/v2\/product_brand?post=2943"},{"taxonomy":"product_cat","embeddable":true,"href":"https:\/\/buy-prescriptionz.com\/fr\/wp-json\/wp\/v2\/product_cat?post=2943"},{"taxonomy":"product_tag","embeddable":true,"href":"https:\/\/buy-prescriptionz.com\/fr\/wp-json\/wp\/v2\/product_tag?post=2943"}],"curies":[{"name":"wp","href":"https:\/\/api.w.org\/{rel}","templated":true}]}}