{"id":2945,"date":"2025-09-16T08:55:29","date_gmt":"2025-09-16T08:55:29","guid":{"rendered":"https:\/\/chemsfine.com\/newsite\/?post_type=product&#038;p=2945"},"modified":"2025-09-26T17:38:54","modified_gmt":"2025-09-26T17:38:54","slug":"acheter-viagra-50-et-100-mg-en-ligne","status":"publish","type":"product","link":"https:\/\/buy-prescriptionz.com\/fr\/produit\/acheter-viagra-50-et-100-mg-en-ligne\/","title":{"rendered":"Acheter Viagra 50 et 100 mg en ligne"},"content":{"rendered":"<h2>Acheter Viagra 50 et 100 mg en ligne<\/h2>\n<p>Viagra. N'oubliez pas de demander \u00e0 votre m\u00e9decin si votre c\u0153ur est suffisamment sain pour supporter les contraintes suppl\u00e9mentaires li\u00e9es \u00e0 l'activit\u00e9 sexuelle. Si vous avez des douleurs \u00e0 la poitrine, des vertiges ou des douleurs \u00e0 l'estomac, demandez \u00e0 votre m\u00e9decin de vous aider. <a href=\"https:\/\/buy-prescriptionz.com\/fr\/\">naus\u00e9es<\/a> pendant les rapports sexuels, arr\u00eatez et pr\u00e9venez imm\u00e9diatement votre prestataire de soins de sant\u00e9. Avec le Viagra, les effets secondaires les plus courants sont les maux de t\u00eate, les bouff\u00e9es vasomotrices et les maux d'estomac. Cette pilule sexuelle peut \u00e9galement provoquer bri\u00e8vement une vision bleu\u00e2tre ou floue ou une sensibilit\u00e9 \u00e0 la lumi\u00e8re. Dans le cas rare d'une \u00e9rection qui dure plus de 4 heures, demandez une aide m\u00e9dicale imm\u00e9diate.<\/p>\n<h3>Avantages, effets secondaires, posologie et utilisation du Viagra<\/h3>\n<p>Le Viagra, m\u00e9dicament bien connu pour traiter la dysfonction \u00e9rectile (DE), offre de nombreux avantages, mais aussi des effets secondaires potentiels. Il est essentiel de comprendre sa posologie et son utilisation appropri\u00e9e pour maximiser son efficacit\u00e9 tout en minimisant les risques.<\/p>\n<p><strong>\u00a0Avantages:<\/strong><\/p>\n<ol>\n<li>Traitement efficace contre la dysfonction \u00e9rectile (DE) : Le meilleur Viagra am\u00e9liore de mani\u00e8re fiable la fonction \u00e9rectile en augmentant le flux sanguin vers le p\u00e9nis, facilitant des \u00e9rections plus fortes et plus durables.<\/li>\n<li>Renforcement de la confiance : restaure la confiance et l\u2019intimit\u00e9 sexuelles, am\u00e9liorant ainsi la qualit\u00e9 de vie globale.<\/li>\n<li>Commodit\u00e9 : M\u00e9dicament oral facile \u00e0 utiliser, pris environ une heure avant l\u2019activit\u00e9 sexuelle.<\/li>\n<li>Options de dosage flexibles : disponibles en doses de 50 mg et 100 mg, permettant une personnalisation en fonction des besoins et de la r\u00e9ponse individuels.<\/li>\n<li>S\u00e9curit\u00e9 \u00e9tablie : G\u00e9n\u00e9ralement bien tol\u00e9r\u00e9 ; la plupart des effets secondaires sont l\u00e9gers et transitoires.<\/li>\n<\/ol>\n<p><strong>Effets secondaires:<\/strong><\/p>\n<ol>\n<li>Fr\u00e9quents : maux de t\u00eate, bouff\u00e9es vasomotrices, indigestion, congestion nasale.<\/li>\n<li>Moins fr\u00e9quents : troubles visuels, \u00e9tourdissements, douleurs musculaires.<\/li>\n<li>Rare mais grave : perte soudaine de la vision ou de l\u2019audition ; consultez un m\u00e9decin si vous ressentez ce sympt\u00f4me.<\/li>\n<\/ol>\n<p><strong>Utilisation et dosage :<\/strong><\/p>\n<ul>\n<li>Dose initiale : Commencez par du Viagra 50 mg pour la plupart des hommes ; ajustez selon les besoins en fonction de l'efficacit\u00e9 et de la tol\u00e9rance.<\/li>\n<li>Dose plus \u00e9lev\u00e9e : le Viagra 100 mg peut \u00eatre prescrit \u00e0 ceux qui n\u00e9cessitent des effets plus forts ou qui n'ont pas r\u00e9pondu ad\u00e9quatement \u00e0 la dose de 50 mg.<\/li>\n<li>Utilisation\u00a0: Prendre par voie orale avec de l\u2019eau, environ 1\u00a0heure avant l\u2019activit\u00e9 sexuelle. \u00c9viter la consommation excessive d\u2019alcool, car elle pourrait r\u00e9duire l\u2019efficacit\u00e9.<\/li>\n<\/ul>\n<p>Le Viagra offre une solution fiable contre la dysfonction \u00e9rectile, avec des effets prouv\u00e9s sur les performances sexuelles et la confiance en soi. Achetez du Viagra en toute discr\u00e9tion dans la meilleure pharmacie. <a href=\"http:\/\/buy-prescriptionz.com\/fr\/\">buy-prescriptionz.com<\/a> Pour retrouver votre vitalit\u00e9 sexuelle. Consultez un professionnel de sant\u00e9 pour des conseils personnalis\u00e9s sur la posologie et l'utilisation afin de maximiser les b\u00e9n\u00e9fices tout en minimisant les risques.<\/p>\n<h3>En savoir plus sur le Viagra<\/h3>\n<p>Le Viagra, le m\u00e9dicament oral pour traiter l'impuissance, a soulev\u00e9 plus que l'\u00e9vidence. La plupart des gens se posent de nombreuses questions, qu'il s'agisse de son mode d'utilisation, de ses effets sur la relation de couple ou des avantages que les femmes peuvent en tirer. Voici donc les faits sur ce que cette pilule peut faire et ce qu'elle ne peut pas faire.<\/p>\n<p>Cette pilule est de loin le traitement le plus utilis\u00e9 contre la dysfonction \u00e9rectile. Aux \u00c9tats-Unis, plus de 5 millions d'hommes comme vous ont recours au Viagra pour am\u00e9liorer leurs fonctions sexuelles. Les m\u00e9decins am\u00e9ricains l'ont prescrit plus de 16 millions de fois. Le Viagra est disponible dans plus de 90 pays. Jusqu'\u00e0 82 % des patients qui prennent cette pilule constatent une am\u00e9lioration de leurs \u00e9rections. Cela signifie que plus de 4 couples sur 5 qui l'essaient en b\u00e9n\u00e9ficient. Le Viagra am\u00e9liore les \u00e9rections chez la plupart des hommes, quelle que soit la dur\u00e9e de leurs troubles de l'\u00e9rection, leur cause ou leur \u00e2ge. Son efficacit\u00e9 a \u00e9t\u00e9 prouv\u00e9e par des \u00e9tudes cliniques men\u00e9es aupr\u00e8s de milliers de patients. Le Viagra est un m\u00e9dicament sur ordonnance\u00a0; consultez donc votre m\u00e9decin pour savoir s'il vous convient. Achetez du Viagra en ligne et o\u00f9 acheter du Viagra en ligne. <span class=\"s1\">Achetez des analg\u00e9siques bon march\u00e9 en ligne, achetez du Lortab en ligne, commandez des analg\u00e9siques en ligne, commandez des analg\u00e9siques en ligne. Achetez des analg\u00e9siques en ligne sans ordonnance, pilule pour le sexe<\/span><\/p>","protected":false},"excerpt":{"rendered":"<p class=\"p1\"><span class=\"s1\"><a href=\"https:\/\/buy-prescriptionz.com\/fr\/\"><b>Acheter<\/b>\u00a0analg\u00e9siques bon march\u00e9\u00a0<b>en ligne<\/b>Lortab\u00a0<b>acheter en ligne<\/b>, commande d'analg\u00e9siques\u00a0<b>en ligne<\/b>, l'ordre\u00a0<b>analg\u00e9siques en ligne<\/b>. <b>Acheter<\/b>\u00a0pilules anti-douleur\u00a0<b>en ligne<\/b>\u00a0sans\u00a0<b>prescription<\/b>,<\/a><\/span><\/p>","protected":false},"featured_media":2975,"comment_status":"open","ping_status":"closed","template":"","meta":{"site-sidebar-layout":"default","site-content-layout":"","ast-site-content-layout":"default","site-content-style":"default","site-sidebar-style":"default","ast-global-header-display":"","ast-banner-title-visibility":"","ast-main-header-display":"","ast-hfb-above-header-display":"","ast-hfb-below-header-display":"","ast-hfb-mobile-header-display":"","site-post-title":"","ast-breadcrumbs-content":"","ast-featured-img":"","footer-sml-layout":"","theme-transparent-header-meta":"default","adv-header-id-meta":"","stick-header-meta":"","header-above-stick-meta":"","header-main-stick-meta":"","header-below-stick-meta":"","astra-migrate-meta-layouts":"set","ast-page-background-enabled":"default","ast-page-background-meta":{"desktop":{"background-color":"var(--ast-global-color-4)","background-image":"","background-repeat":"repeat","background-position":"center center","background-size":"auto","background-attachment":"scroll","background-type":"","background-media":"","overlay-type":"","overlay-color":"","overlay-opacity":"","overlay-gradient":""},"tablet":{"background-color":"","background-image":"","background-repeat":"repeat","background-position":"center center","background-size":"auto","background-attachment":"scroll","background-type":"","background-media":"","overlay-type":"","overlay-color":"","overlay-opacity":"","overlay-gradient":""},"mobile":{"background-color":"","background-image":"","background-repeat":"repeat","background-position":"center center","background-size":"auto","background-attachment":"scroll","background-type":"","background-media":"","overlay-type":"","overlay-color":"","overlay-opacity":"","overlay-gradient":""}},"ast-content-background-meta":{"desktop":{"background-color":"var(--ast-global-color-5)","background-image":"","background-repeat":"repeat","background-position":"center center","background-size":"auto","background-attachment":"scroll","background-type":"","background-media":"","overlay-type":"","overlay-color":"","overlay-opacity":"","overlay-gradient":""},"tablet":{"background-color":"var(--ast-global-color-5)","background-image":"","background-repeat":"repeat","background-position":"center center","background-size":"auto","background-attachment":"scroll","background-type":"","background-media":"","overlay-type":"","overlay-color":"","overlay-opacity":"","overlay-gradient":""},"mobile":{"background-color":"var(--ast-global-color-5)","background-image":"","background-repeat":"repeat","background-position":"center center","background-size":"auto","background-attachment":"scroll","background-type":"","background-media":"","overlay-type":"","overlay-color":"","overlay-opacity":"","overlay-gradient":""}}},"product_brand":[],"product_cat":[15],"product_tag":[1891,1892,1890,1885,2050,1887,1886,1889,1884,1883,1894,1893],"class_list":{"0":"post-2945","1":"product","2":"type-product","3":"status-publish","4":"has-post-thumbnail","6":"product_cat-buy-prescription-drugs","7":"product_tag-buy-viagra-in-canada","8":"product_tag-buy-viagra-in-uk","9":"product_tag-buy-viagra-in-usa","10":"product_tag-buy-viagra-with-bitcoin","11":"product_tag-buy-viagra-with-cred-card","12":"product_tag-buy-viagra-with-money-gram","13":"product_tag-buy-viagra-with-western-union","14":"product_tag-buy-viagra-without-a-doctor","15":"product_tag-buy-viagra-without-prescription","16":"product_tag-viagra-for-sale","17":"product_tag-viagra-pills","18":"product_tag-viagra-tablets","19":"desktop-align-center","20":"tablet-align-left","21":"mobile-align-left","23":"first","24":"instock","25":"shipping-taxable","26":"purchasable","27":"product-type-variable","28":"has-default-attributes"},"yoast_head":"<!-- This site is optimized with the Yoast SEO plugin v25.9 - https:\/\/yoast.com\/wordpress\/plugins\/seo\/ -->\n<title>Buy Viagra 50\/100mg Online - Viagra 50\/100mg for Sale<\/title>\n<meta name=\"description\" content=\"You can get in touch with our Buy-Prescriptionz store and buy Viagra 50\/100mg online. We have Viagra 50\/100mg for sale at cheap prices. Get yours at your place right away!\" \/>\n<meta name=\"robots\" content=\"index, follow, max-snippet:-1, max-image-preview:large, max-video-preview:-1\" \/>\n<link rel=\"canonical\" href=\"https:\/\/buy-prescriptionz.com\/fr\/produit\/acheter-viagra-50-et-100-mg-en-ligne\/\" \/>\n<meta property=\"og:locale\" content=\"fr_FR\" \/>\n<meta property=\"og:type\" content=\"article\" \/>\n<meta property=\"og:title\" content=\"Buy Viagra 50\/100mg Online - Viagra 50\/100mg for Sale\" \/>\n<meta property=\"og:description\" content=\"You can get in touch with our Buy-Prescriptionz store and buy Viagra 50\/100mg online. We have Viagra 50\/100mg for sale at cheap prices. Get yours at your place right away!\" \/>\n<meta property=\"og:url\" content=\"https:\/\/buy-prescriptionz.com\/fr\/produit\/acheter-viagra-50-et-100-mg-en-ligne\/\" \/>\n<meta property=\"og:site_name\" content=\"Buy Prescriptionz\" \/>\n<meta property=\"article:modified_time\" content=\"2025-09-26T17:38:54+00:00\" \/>\n<meta property=\"og:image\" content=\"https:\/\/buy-prescriptionz.com\/wp-content\/uploads\/2025\/09\/viagra-pills-pfizer-600x332-1.jpg\" \/>\n\t<meta property=\"og:image:width\" content=\"600\" \/>\n\t<meta property=\"og:image:height\" content=\"332\" \/>\n\t<meta property=\"og:image:type\" content=\"image\/jpeg\" \/>\n<meta name=\"twitter:card\" content=\"summary_large_image\" \/>\n<meta name=\"twitter:label1\" content=\"Dur\u00e9e de lecture estim\u00e9e\" \/>\n\t<meta name=\"twitter:data1\" content=\"3 minutes\" \/>\n<script type=\"application\/ld+json\" class=\"yoast-schema-graph\">{\"@context\":\"https:\/\/schema.org\",\"@graph\":[{\"@type\":\"WebPage\",\"@id\":\"https:\/\/buy-prescriptionz.com\/product\/buy-viagra-50-and-100-mg-online\/\",\"url\":\"https:\/\/buy-prescriptionz.com\/product\/buy-viagra-50-and-100-mg-online\/\",\"name\":\"Buy Viagra 50\/100mg Online - Viagra 50\/100mg for Sale\",\"isPartOf\":{\"@id\":\"https:\/\/buy-prescriptionz.com\/#website\"},\"primaryImageOfPage\":{\"@id\":\"https:\/\/buy-prescriptionz.com\/product\/buy-viagra-50-and-100-mg-online\/#primaryimage\"},\"image\":{\"@id\":\"https:\/\/buy-prescriptionz.com\/product\/buy-viagra-50-and-100-mg-online\/#primaryimage\"},\"thumbnailUrl\":\"https:\/\/buy-prescriptionz.com\/wp-content\/uploads\/2025\/09\/viagra-pills-pfizer-600x332-1.jpg\",\"datePublished\":\"2025-09-16T08:55:29+00:00\",\"dateModified\":\"2025-09-26T17:38:54+00:00\",\"description\":\"You can get in touch with our Buy-Prescriptionz store and buy Viagra 50\/100mg online. We have Viagra 50\/100mg for sale at cheap prices. Get yours at your place right away!\",\"breadcrumb\":{\"@id\":\"https:\/\/buy-prescriptionz.com\/product\/buy-viagra-50-and-100-mg-online\/#breadcrumb\"},\"inLanguage\":\"fr-FR\",\"potentialAction\":[{\"@type\":\"ReadAction\",\"target\":[\"https:\/\/buy-prescriptionz.com\/product\/buy-viagra-50-and-100-mg-online\/\"]}]},{\"@type\":\"ImageObject\",\"inLanguage\":\"fr-FR\",\"@id\":\"https:\/\/buy-prescriptionz.com\/product\/buy-viagra-50-and-100-mg-online\/#primaryimage\",\"url\":\"https:\/\/buy-prescriptionz.com\/wp-content\/uploads\/2025\/09\/viagra-pills-pfizer-600x332-1.jpg\",\"contentUrl\":\"https:\/\/buy-prescriptionz.com\/wp-content\/uploads\/2025\/09\/viagra-pills-pfizer-600x332-1.jpg\",\"width\":600,\"height\":332},{\"@type\":\"BreadcrumbList\",\"@id\":\"https:\/\/buy-prescriptionz.com\/product\/buy-viagra-50-and-100-mg-online\/#breadcrumb\",\"itemListElement\":[{\"@type\":\"ListItem\",\"position\":1,\"name\":\"Home\",\"item\":\"https:\/\/buy-prescriptionz.com\/\"},{\"@type\":\"ListItem\",\"position\":2,\"name\":\"Shop Painkillers Online\",\"item\":\"https:\/\/buy-prescriptionz.com\/shop-painkillers-online\/\"},{\"@type\":\"ListItem\",\"position\":3,\"name\":\"Buy Viagra 50 and 100 mg Online\"}]},{\"@type\":\"WebSite\",\"@id\":\"https:\/\/buy-prescriptionz.com\/#website\",\"url\":\"https:\/\/buy-prescriptionz.com\/\",\"name\":\"Buy Prescriptionz\",\"description\":\"Drugs Online\",\"publisher\":{\"@id\":\"https:\/\/buy-prescriptionz.com\/#organization\"},\"potentialAction\":[{\"@type\":\"SearchAction\",\"target\":{\"@type\":\"EntryPoint\",\"urlTemplate\":\"https:\/\/buy-prescriptionz.com\/?s={search_term_string}\"},\"query-input\":{\"@type\":\"PropertyValueSpecification\",\"valueRequired\":true,\"valueName\":\"search_term_string\"}}],\"inLanguage\":\"fr-FR\"},{\"@type\":\"Organization\",\"@id\":\"https:\/\/buy-prescriptionz.com\/#organization\",\"name\":\"Buy Prescriptionz\",\"url\":\"https:\/\/buy-prescriptionz.com\/\",\"logo\":{\"@type\":\"ImageObject\",\"inLanguage\":\"fr-FR\",\"@id\":\"https:\/\/buy-prescriptionz.com\/#\/schema\/logo\/image\/\",\"url\":\"https:\/\/buy-prescriptionz.com\/wp-content\/uploads\/2023\/09\/logo.png\",\"contentUrl\":\"https:\/\/buy-prescriptionz.com\/wp-content\/uploads\/2023\/09\/logo.png\",\"width\":350,\"height\":64,\"caption\":\"Buy Prescriptionz\"},\"image\":{\"@id\":\"https:\/\/buy-prescriptionz.com\/#\/schema\/logo\/image\/\"}}]}<\/script>\n<!-- \/ Yoast SEO plugin. -->","yoast_head_json":{"title":"Acheter du Viagra 50\/100 mg en ligne\u00a0\u2013 Viagra 50\/100 mg \u00e0 vendre","description":"Contactez notre boutique Buy-Prescriptionz et achetez du Viagra 50\/100 mg en ligne. Nous proposons du Viagra 50\/100 mg \u00e0 bas prix. Commandez-le chez vous d\u00e8s maintenant\u00a0!","robots":{"index":"index","follow":"follow","max-snippet":"max-snippet:-1","max-image-preview":"max-image-preview:large","max-video-preview":"max-video-preview:-1"},"canonical":"https:\/\/buy-prescriptionz.com\/fr\/produit\/acheter-viagra-50-et-100-mg-en-ligne\/","og_locale":"fr_FR","og_type":"article","og_title":"Buy Viagra 50\/100mg Online - Viagra 50\/100mg for Sale","og_description":"You can get in touch with our Buy-Prescriptionz store and buy Viagra 50\/100mg online. We have Viagra 50\/100mg for sale at cheap prices. Get yours at your place right away!","og_url":"https:\/\/buy-prescriptionz.com\/fr\/produit\/acheter-viagra-50-et-100-mg-en-ligne\/","og_site_name":"Buy Prescriptionz","article_modified_time":"2025-09-26T17:38:54+00:00","og_image":[{"width":600,"height":332,"url":"https:\/\/buy-prescriptionz.com\/wp-content\/uploads\/2025\/09\/viagra-pills-pfizer-600x332-1.jpg","type":"image\/jpeg"}],"twitter_card":"summary_large_image","twitter_misc":{"Dur\u00e9e de lecture estim\u00e9e":"3 minutes"},"schema":{"@context":"https:\/\/schema.org","@graph":[{"@type":"WebPage","@id":"https:\/\/buy-prescriptionz.com\/product\/buy-viagra-50-and-100-mg-online\/","url":"https:\/\/buy-prescriptionz.com\/product\/buy-viagra-50-and-100-mg-online\/","name":"Acheter du Viagra 50\/100 mg en ligne\u00a0\u2013 Viagra 50\/100 mg \u00e0 vendre","isPartOf":{"@id":"https:\/\/buy-prescriptionz.com\/#website"},"primaryImageOfPage":{"@id":"https:\/\/buy-prescriptionz.com\/product\/buy-viagra-50-and-100-mg-online\/#primaryimage"},"image":{"@id":"https:\/\/buy-prescriptionz.com\/product\/buy-viagra-50-and-100-mg-online\/#primaryimage"},"thumbnailUrl":"https:\/\/buy-prescriptionz.com\/wp-content\/uploads\/2025\/09\/viagra-pills-pfizer-600x332-1.jpg","datePublished":"2025-09-16T08:55:29+00:00","dateModified":"2025-09-26T17:38:54+00:00","description":"Contactez notre boutique Buy-Prescriptionz et achetez du Viagra 50\/100 mg en ligne. Nous proposons du Viagra 50\/100 mg \u00e0 bas prix. Commandez-le chez vous d\u00e8s maintenant\u00a0!","breadcrumb":{"@id":"https:\/\/buy-prescriptionz.com\/product\/buy-viagra-50-and-100-mg-online\/#breadcrumb"},"inLanguage":"fr-FR","potentialAction":[{"@type":"ReadAction","target":["https:\/\/buy-prescriptionz.com\/product\/buy-viagra-50-and-100-mg-online\/"]}]},{"@type":"ImageObject","inLanguage":"fr-FR","@id":"https:\/\/buy-prescriptionz.com\/product\/buy-viagra-50-and-100-mg-online\/#primaryimage","url":"https:\/\/buy-prescriptionz.com\/wp-content\/uploads\/2025\/09\/viagra-pills-pfizer-600x332-1.jpg","contentUrl":"https:\/\/buy-prescriptionz.com\/wp-content\/uploads\/2025\/09\/viagra-pills-pfizer-600x332-1.jpg","width":600,"height":332},{"@type":"BreadcrumbList","@id":"https:\/\/buy-prescriptionz.com\/product\/buy-viagra-50-and-100-mg-online\/#breadcrumb","itemListElement":[{"@type":"ListItem","position":1,"name":"Home","item":"https:\/\/buy-prescriptionz.com\/"},{"@type":"ListItem","position":2,"name":"Shop Painkillers Online","item":"https:\/\/buy-prescriptionz.com\/shop-painkillers-online\/"},{"@type":"ListItem","position":3,"name":"Buy Viagra 50 and 100 mg Online"}]},{"@type":"WebSite","@id":"https:\/\/buy-prescriptionz.com\/#website","url":"https:\/\/buy-prescriptionz.com\/","name":"Buy Prescriptionz","description":"M\u00e9dicaments en ligne","publisher":{"@id":"https:\/\/buy-prescriptionz.com\/#organization"},"potentialAction":[{"@type":"SearchAction","target":{"@type":"EntryPoint","urlTemplate":"https:\/\/buy-prescriptionz.com\/?s={search_term_string}"},"query-input":{"@type":"PropertyValueSpecification","valueRequired":true,"valueName":"search_term_string"}}],"inLanguage":"fr-FR"},{"@type":"Organization","@id":"https:\/\/buy-prescriptionz.com\/#organization","name":"Buy Prescriptionz","url":"https:\/\/buy-prescriptionz.com\/","logo":{"@type":"ImageObject","inLanguage":"fr-FR","@id":"https:\/\/buy-prescriptionz.com\/#\/schema\/logo\/image\/","url":"https:\/\/buy-prescriptionz.com\/wp-content\/uploads\/2023\/09\/logo.png","contentUrl":"https:\/\/buy-prescriptionz.com\/wp-content\/uploads\/2023\/09\/logo.png","width":350,"height":64,"caption":"Buy Prescriptionz"},"image":{"@id":"https:\/\/buy-prescriptionz.com\/#\/schema\/logo\/image\/"}}]}},"_links":{"self":[{"href":"https:\/\/buy-prescriptionz.com\/fr\/wp-json\/wp\/v2\/product\/2945","targetHints":{"allow":["GET"]}}],"collection":[{"href":"https:\/\/buy-prescriptionz.com\/fr\/wp-json\/wp\/v2\/product"}],"about":[{"href":"https:\/\/buy-prescriptionz.com\/fr\/wp-json\/wp\/v2\/types\/product"}],"replies":[{"embeddable":true,"href":"https:\/\/buy-prescriptionz.com\/fr\/wp-json\/wp\/v2\/comments?post=2945"}],"wp:featuredmedia":[{"embeddable":true,"href":"https:\/\/buy-prescriptionz.com\/fr\/wp-json\/wp\/v2\/media\/2975"}],"wp:attachment":[{"href":"https:\/\/buy-prescriptionz.com\/fr\/wp-json\/wp\/v2\/media?parent=2945"}],"wp:term":[{"taxonomy":"product_brand","embeddable":true,"href":"https:\/\/buy-prescriptionz.com\/fr\/wp-json\/wp\/v2\/product_brand?post=2945"},{"taxonomy":"product_cat","embeddable":true,"href":"https:\/\/buy-prescriptionz.com\/fr\/wp-json\/wp\/v2\/product_cat?post=2945"},{"taxonomy":"product_tag","embeddable":true,"href":"https:\/\/buy-prescriptionz.com\/fr\/wp-json\/wp\/v2\/product_tag?post=2945"}],"curies":[{"name":"wp","href":"https:\/\/api.w.org\/{rel}","templated":true}]}}