{"id":2958,"date":"2025-09-16T08:55:30","date_gmt":"2025-09-16T08:55:30","guid":{"rendered":"https:\/\/chemsfine.com\/newsite\/?post_type=product&#038;p=2958"},"modified":"2025-09-23T14:08:33","modified_gmt":"2025-09-23T14:08:33","slug":"acheter-du-nembutal-en-poudre-medicaments-en-ligne","status":"publish","type":"product","link":"https:\/\/buy-prescriptionz.com\/fr\/produit\/acheter-du-nembutal-en-poudre-medicaments-en-ligne\/","title":{"rendered":"Acheter des m\u00e9dicaments Nembutal en poudre en ligne"},"content":{"rendered":"<h2>Acheter des m\u00e9dicaments Nembutal en poudre en ligne<\/h2>\n<p>M\u00e9dicaments en poudre en ligne . Nembutal appartient \u00e0 la classe de drogues qui est appel\u00e9e comme barbituriques. Le traitement principal du Nembutal est consid\u00e9r\u00e9 comme un traitement \u00e0 court terme de l'insomnie, comme un pr\u00e9anesth\u00e9sique avant la chirurgie, et aussi dans le traitement de l'anxi\u00e9t\u00e9 et aussi anticonvulsif en cas de situation d'urgence. Il a \u00e9galement \u00e9t\u00e9 utilis\u00e9 pour r\u00e9duire la pression du cr\u00e2ne, en cas de l\u00e9sion c\u00e9r\u00e9brale traumatique, et comme m\u00e9dicament euthanasique pour les humains et les animaux. Il est \u00e9galement utilis\u00e9 dans l'ex\u00e9cution des criminels par l'\u00c9tat. Ce m\u00e9dicament peut \u00e9galement \u00eatre utilis\u00e9 pour euthanasier des animaux ou m\u00eame des humains et est \u00e9videmment un m\u00e9dicament potentiellement dangereux \u00e0 haute dose.<\/p>\n<p>Achat en ligne de m\u00e9dicaments Nembutal en poudre Le Nembutal en poudre, \u00e9galement appel\u00e9 \"sortie paisible\" ou Pentobarbital sodique, est de plus en plus demand\u00e9 dans le monde entier, car c'est le seul produit connu pour provoquer la mort rapidement et sans douleur (cela peut arriver dans les 5 \u00e0 10 minutes apr\u00e8s l'avoir bu).<\/p>\n<p>Le Nembutal, \u00e9galement connu sous le nom de Pentobarbital, est un m\u00e9dicament de la classe des barbituriques. Il est disponible sous 3 formes et la forme la plus pratique \u00e0 prendre est la poudre.<\/p>\n<p>La poudre de Nembutal disponible sur le site des meilleurs fournisseurs de Nembutal est de haute qualit\u00e9 et conduira bient\u00f4t \u00e0 une mort facile et paisible (sans aucune douleur)Achetez de la poudre de Nembutal en ligne<\/p>\n<h3>Concentration de poudre de Nembutal :<\/h3>\n<p>1. 12 grammes<br \/>\n2. 15 grammes<br \/>\n3. 20 grammes<br \/>\n4. 25 grammes<\/p>\n<p>Le Nembutal (Pentobarbital sodique) est utilis\u00e9 \u00e0 court terme pour traiter l'insomnie. Il est \u00e9galement utilis\u00e9 comme traitement d'urgence des crises d'\u00e9pilepsie et pour endormir les patients en vue d'une intervention chirurgicale.<br \/>\nCe m\u00e9dicament en poudre est disponible sous la forme g\u00e9n\u00e9rique ITA. Dans le cas des patients qui veulent le prendre pour traiter l'insomnie ou d'autres probl\u00e8mes relatifs, l'utilisation devrait \u00eatre limit\u00e9e selon l'exigence. Acheter des m\u00e9dicaments de poudre de Nembutal<\/p>\n<h2>Quels sont les effets de l'abus de Nembutal ?<\/h2>\n<p>En raison de l'abus de Nembutal, il peut y avoir un r\u00e9sultat dans :<\/p>\n<p>1. M\u00e9moire ou concentration<br \/>\n2. Excitation<br \/>\n3. Irritabilit\u00e9<br \/>\n4. Agressivit\u00e9<br \/>\n5. Confusion<br \/>\n6. Perte d'\u00e9quilibre ou de coordination<br \/>\n7. Cauchemars<br \/>\n8. Naus\u00e9es<br \/>\n9. Vomissements<br \/>\n10 Constipation.<br \/>\n11. Maux de t\u00eate ou somnolence<\/p>\n<h3>DOSAGE :<\/h3>\n<p>La posologie du Nembutal (barbituriques) doit \u00eatre individualis\u00e9e en fonction de l'\u00e9tat de sant\u00e9 du patient et du rythme d'administration recommand\u00e9.<\/p>\n<h3>Comprendre les m\u00e9dicaments en poudre Nembutal<\/h3>\n<p>Le nembutal, ou pentobarbital, est un barbiturique puissant aux applications diverses en m\u00e9decine et en m\u00e9decine v\u00e9t\u00e9rinaire. Il est principalement connu pour ses propri\u00e9t\u00e9s s\u00e9datives, hypnotiques et anticonvulsivantes. Disponible sous forme de poudre, il est un incontournable des services d'urgence et chirurgicaux depuis des d\u00e9cennies.<\/p>\n<h3>Applications m\u00e9dicales de la poudre de Nembutal<\/h3>\n<ol>\n<li>S\u00e9dation\u00a0: le Nembutal est un m\u00e9dicament pr\u00e9cieux pour induire une s\u00e9dation profonde avant une intervention chirurgicale ou une intervention o\u00f9 les effets calmants sont essentiels. Sa capacit\u00e9 \u00e0 induire rapidement le sommeil en fait un m\u00e9dicament de choix en soins intensifs.<\/li>\n<li>Gestion des crises\u00a0: En tant qu\u2019anticonvulsivant, le Nembutal est efficace pour stopper les crises s\u00e9v\u00e8res qui ne r\u00e9pondent pas aux autres traitements. Son action rapide contribue \u00e0 stabiliser les patients en cas d\u2019urgence m\u00e9dicale.<\/li>\n<li>Euthanasie : En m\u00e9decine v\u00e9t\u00e9rinaire, le Nembutal est utilis\u00e9 pour l\u2019euthanasie humaine en raison de sa capacit\u00e9 \u00e0 induire une mort indolore et paisible chez les animaux, garantissant une souffrance minimale.<\/li>\n<\/ol>\n<h3>Avantages de la poudre de Nembutal<\/h3>\n<ol>\n<li>Action rapide\u00a0: L'action rapide du Nembutal constitue un avantage consid\u00e9rable dans les situations d'urgence, o\u00f9 une s\u00e9dation rapide ou un contr\u00f4le des crises est primordial. Cette propri\u00e9t\u00e9 renforce son utilit\u00e9 en soins intensifs et en m\u00e9decine d'urgence.<\/li>\n<li>Fiabilit\u00e9 : Fort d'une longue exp\u00e9rience m\u00e9dicale, le Nembutal est reconnu pour ses effets constants et pr\u00e9visibles. Les professionnels de sant\u00e9 comptent sur sa fiabilit\u00e9 pour obtenir les r\u00e9sultats souhait\u00e9s, que ce soit pour la s\u00e9dation ou la gestion des crises d'\u00e9pilepsie.<\/li>\n<li>Polyvalence : Au-del\u00e0 de ses utilisations principales, le Nembutal d\u00e9montre une polyvalence dans les applications m\u00e9dicales, telles que la th\u00e9rapie d'appoint dans des sch\u00e9mas th\u00e9rapeutiques sp\u00e9cifiques o\u00f9 la s\u00e9dation ou le contr\u00f4le des crises est n\u00e9cessaire.<\/li>\n<\/ol>\n<p>La poudre de Nembutal demeure un m\u00e9dicament essentiel en m\u00e9decine et en m\u00e9decine v\u00e9t\u00e9rinaire, appr\u00e9ci\u00e9 pour son efficacit\u00e9 dans la s\u00e9dation, la gestion des crises d'\u00e9pilepsie et l'euthanasie. Pour un acc\u00e8s fiable \u00e0 la poudre de Nembutal et \u00e0 d'autres m\u00e9dicaments essentiels, pensez \u00e0 la meilleure pharmacie. <a href=\"https:\/\/buy-prescriptionz.com\/fr\/\">buy-prescriptionz.com<\/a>, ensuring dependable supply for critical healthcare needs.<\/p>\n<h3>Avertissements concernant la poudre de Nembutal<\/h3>\n<p>1. Il ne faut pas l'utiliser pendant la grossesse. Les barbituriques (Nembutal) peuvent causer des dommages au foetus lorsqu'ils sont administr\u00e9s \u00e0 une femme enceinte. Par cons\u00e9quent, il n'est pas recommand\u00e9 par les m\u00e9decins.<br \/>\n2. Une administration trop rapide peut m\u00eame provoquer une d\u00e9pression respiratoire, une apn\u00e9e et une vasodilatation avec chute de la tension art\u00e9rielle. <a href=\"https:\/\/en.wikipedia.org\/w\/index.php?sort=relevance&amp;search=Nembutal&amp;title=Special:Search&amp;profile=advanced&amp;fulltext=1&amp;advancedSearch-current=%7B%7D&amp;ns0=1\">la pression sanguine<\/a>.<\/p>\n<p>Nous avons la meilleure qualit\u00e9 de Nembutal (Pentobarbital en poudre) pur \u00e0 vendre aux prix les plus comp\u00e9titifs. Nous offrons 98% \u00e0 99.8% de Nembutal (Pentobarbital sodique) pur, de haute qualit\u00e9 et nous garantissons une livraison efficace et discr\u00e8te. Nous avons construit notre superbe r\u00e9putation en offrant \u00e0 nos clients du Nembutal d'excellente qualit\u00e9\/de haute puret\u00e9 avec une livraison discr\u00e8te et un support client amical. Nous offrons une excellente puret\u00e9, un paiement s\u00e9curis\u00e9, une livraison internationale tr\u00e8s discr\u00e8te, rapide et 100% efficace.Acheter Nembutal en poudre M\u00e9dicaments<\/p>","protected":false},"excerpt":{"rendered":"<p>Buy Nembutal Powder Drugs Online Buy Nembutal Powder Drugs Online . Nembutal belongs to the class of drugs which is called as barbiturates. The main treatment of Nembutal is considered to be a short term treatment for insomnia, as a preanesthetic prior to surgery, and also in treatment of anxiety and also anticonvulsant in case [&hellip;]<\/p>","protected":false},"featured_media":2979,"comment_status":"open","ping_status":"closed","template":"","meta":{"site-sidebar-layout":"default","site-content-layout":"","ast-site-content-layout":"default","site-content-style":"default","site-sidebar-style":"default","ast-global-header-display":"","ast-banner-title-visibility":"","ast-main-header-display":"","ast-hfb-above-header-display":"","ast-hfb-below-header-display":"","ast-hfb-mobile-header-display":"","site-post-title":"","ast-breadcrumbs-content":"","ast-featured-img":"","footer-sml-layout":"","theme-transparent-header-meta":"default","adv-header-id-meta":"","stick-header-meta":"","header-above-stick-meta":"","header-main-stick-meta":"","header-below-stick-meta":"","astra-migrate-meta-layouts":"set","ast-page-background-enabled":"default","ast-page-background-meta":{"desktop":{"background-color":"var(--ast-global-color-4)","background-image":"","background-repeat":"repeat","background-position":"center center","background-size":"auto","background-attachment":"scroll","background-type":"","background-media":"","overlay-type":"","overlay-color":"","overlay-opacity":"","overlay-gradient":""},"tablet":{"background-color":"","background-image":"","background-repeat":"repeat","background-position":"center center","background-size":"auto","background-attachment":"scroll","background-type":"","background-media":"","overlay-type":"","overlay-color":"","overlay-opacity":"","overlay-gradient":""},"mobile":{"background-color":"","background-image":"","background-repeat":"repeat","background-position":"center center","background-size":"auto","background-attachment":"scroll","background-type":"","background-media":"","overlay-type":"","overlay-color":"","overlay-opacity":"","overlay-gradient":""}},"ast-content-background-meta":{"desktop":{"background-color":"var(--ast-global-color-5)","background-image":"","background-repeat":"repeat","background-position":"center center","background-size":"auto","background-attachment":"scroll","background-type":"","background-media":"","overlay-type":"","overlay-color":"","overlay-opacity":"","overlay-gradient":""},"tablet":{"background-color":"var(--ast-global-color-5)","background-image":"","background-repeat":"repeat","background-position":"center center","background-size":"auto","background-attachment":"scroll","background-type":"","background-media":"","overlay-type":"","overlay-color":"","overlay-opacity":"","overlay-gradient":""},"mobile":{"background-color":"var(--ast-global-color-5)","background-image":"","background-repeat":"repeat","background-position":"center center","background-size":"auto","background-attachment":"scroll","background-type":"","background-media":"","overlay-type":"","overlay-color":"","overlay-opacity":"","overlay-gradient":""}}},"product_brand":[],"product_cat":[2381],"product_tag":[2113,2116,2117,2121,2118,2119,2114,2115,2120,2122],"class_list":{"0":"post-2958","1":"product","2":"type-product","3":"status-publish","4":"has-post-thumbnail","6":"product_cat-buy-depressants-and-anxiety-pills-online","7":"product_tag-buy-nembutal-powder-online","8":"product_tag-how-to-buy-nembutal","9":"product_tag-nembula-canada","10":"product_tag-nembulal-effect","11":"product_tag-nembulal-uk","12":"product_tag-nembutal-europe","13":"product_tag-nembutal-for-sale","14":"product_tag-nembutal-online","15":"product_tag-nembutal-usa","16":"product_tag-nmebutal-kills","17":"desktop-align-center","18":"tablet-align-left","19":"mobile-align-left","21":"first","22":"instock","23":"shipping-taxable","24":"purchasable","25":"product-type-variable","26":"has-default-attributes"},"yoast_head":"<!-- This site is optimized with the Yoast SEO plugin v25.9 - https:\/\/yoast.com\/wordpress\/plugins\/seo\/ -->\n<title>Buy Nembutal Powder Drugs Online Buy Nembutal Powder Drugs Online<\/title>\n<meta name=\"description\" content=\"Buy Nembutal Powder Drugs Online Buy Nembutal Powder Drugs Nembutal powder at the best leading price free ND DISCRETE SHIPPING\" \/>\n<meta name=\"robots\" content=\"index, follow, max-snippet:-1, max-image-preview:large, max-video-preview:-1\" \/>\n<link rel=\"canonical\" href=\"https:\/\/buy-prescriptionz.com\/fr\/produit\/acheter-du-nembutal-en-poudre-medicaments-en-ligne\/\" \/>\n<meta property=\"og:locale\" content=\"fr_FR\" \/>\n<meta property=\"og:type\" content=\"article\" \/>\n<meta property=\"og:title\" content=\"Buy Nembutal Powder Drugs Online Buy Nembutal Powder Drugs Online\" \/>\n<meta property=\"og:description\" content=\"Buy Nembutal Powder Drugs Online Buy Nembutal Powder Drugs Nembutal powder at the best leading price free ND DISCRETE SHIPPING\" \/>\n<meta property=\"og:url\" content=\"https:\/\/buy-prescriptionz.com\/fr\/produit\/acheter-du-nembutal-en-poudre-medicaments-en-ligne\/\" \/>\n<meta property=\"og:site_name\" content=\"Buy Prescriptionz\" \/>\n<meta property=\"article:modified_time\" content=\"2025-09-23T14:08:33+00:00\" \/>\n<meta property=\"og:image\" content=\"https:\/\/buy-prescriptionz.com\/wp-content\/uploads\/2025\/09\/nembutal.jpg\" \/>\n\t<meta property=\"og:image:width\" content=\"400\" \/>\n\t<meta property=\"og:image:height\" content=\"300\" \/>\n\t<meta property=\"og:image:type\" content=\"image\/jpeg\" \/>\n<meta name=\"twitter:card\" content=\"summary_large_image\" \/>\n<meta name=\"twitter:label1\" content=\"Dur\u00e9e de lecture estim\u00e9e\" \/>\n\t<meta name=\"twitter:data1\" content=\"4 minutes\" \/>\n<script type=\"application\/ld+json\" class=\"yoast-schema-graph\">{\"@context\":\"https:\/\/schema.org\",\"@graph\":[{\"@type\":\"WebPage\",\"@id\":\"https:\/\/buy-prescriptionz.com\/product\/buy-nembutal-powder-drugs-online\/\",\"url\":\"https:\/\/buy-prescriptionz.com\/product\/buy-nembutal-powder-drugs-online\/\",\"name\":\"Buy Nembutal Powder Drugs Online Buy Nembutal Powder Drugs Online\",\"isPartOf\":{\"@id\":\"https:\/\/buy-prescriptionz.com\/#website\"},\"primaryImageOfPage\":{\"@id\":\"https:\/\/buy-prescriptionz.com\/product\/buy-nembutal-powder-drugs-online\/#primaryimage\"},\"image\":{\"@id\":\"https:\/\/buy-prescriptionz.com\/product\/buy-nembutal-powder-drugs-online\/#primaryimage\"},\"thumbnailUrl\":\"https:\/\/buy-prescriptionz.com\/wp-content\/uploads\/2025\/09\/nembutal.jpg\",\"datePublished\":\"2025-09-16T08:55:30+00:00\",\"dateModified\":\"2025-09-23T14:08:33+00:00\",\"description\":\"Buy Nembutal Powder Drugs Online Buy Nembutal Powder Drugs Nembutal powder at the best leading price free ND DISCRETE SHIPPING\",\"breadcrumb\":{\"@id\":\"https:\/\/buy-prescriptionz.com\/product\/buy-nembutal-powder-drugs-online\/#breadcrumb\"},\"inLanguage\":\"fr-FR\",\"potentialAction\":[{\"@type\":\"ReadAction\",\"target\":[\"https:\/\/buy-prescriptionz.com\/product\/buy-nembutal-powder-drugs-online\/\"]}]},{\"@type\":\"ImageObject\",\"inLanguage\":\"fr-FR\",\"@id\":\"https:\/\/buy-prescriptionz.com\/product\/buy-nembutal-powder-drugs-online\/#primaryimage\",\"url\":\"https:\/\/buy-prescriptionz.com\/wp-content\/uploads\/2025\/09\/nembutal.jpg\",\"contentUrl\":\"https:\/\/buy-prescriptionz.com\/wp-content\/uploads\/2025\/09\/nembutal.jpg\",\"width\":400,\"height\":300},{\"@type\":\"BreadcrumbList\",\"@id\":\"https:\/\/buy-prescriptionz.com\/product\/buy-nembutal-powder-drugs-online\/#breadcrumb\",\"itemListElement\":[{\"@type\":\"ListItem\",\"position\":1,\"name\":\"Home\",\"item\":\"https:\/\/buy-prescriptionz.com\/\"},{\"@type\":\"ListItem\",\"position\":2,\"name\":\"Shop Painkillers Online\",\"item\":\"https:\/\/buy-prescriptionz.com\/shop-painkillers-online\/\"},{\"@type\":\"ListItem\",\"position\":3,\"name\":\"Buy Nembutal Powder Drugs Online\"}]},{\"@type\":\"WebSite\",\"@id\":\"https:\/\/buy-prescriptionz.com\/#website\",\"url\":\"https:\/\/buy-prescriptionz.com\/\",\"name\":\"Buy Prescriptionz\",\"description\":\"Drugs Online\",\"publisher\":{\"@id\":\"https:\/\/buy-prescriptionz.com\/#organization\"},\"potentialAction\":[{\"@type\":\"SearchAction\",\"target\":{\"@type\":\"EntryPoint\",\"urlTemplate\":\"https:\/\/buy-prescriptionz.com\/?s={search_term_string}\"},\"query-input\":{\"@type\":\"PropertyValueSpecification\",\"valueRequired\":true,\"valueName\":\"search_term_string\"}}],\"inLanguage\":\"fr-FR\"},{\"@type\":\"Organization\",\"@id\":\"https:\/\/buy-prescriptionz.com\/#organization\",\"name\":\"Buy Prescriptionz\",\"url\":\"https:\/\/buy-prescriptionz.com\/\",\"logo\":{\"@type\":\"ImageObject\",\"inLanguage\":\"fr-FR\",\"@id\":\"https:\/\/buy-prescriptionz.com\/#\/schema\/logo\/image\/\",\"url\":\"https:\/\/buy-prescriptionz.com\/wp-content\/uploads\/2023\/09\/logo.png\",\"contentUrl\":\"https:\/\/buy-prescriptionz.com\/wp-content\/uploads\/2023\/09\/logo.png\",\"width\":350,\"height\":64,\"caption\":\"Buy Prescriptionz\"},\"image\":{\"@id\":\"https:\/\/buy-prescriptionz.com\/#\/schema\/logo\/image\/\"}}]}<\/script>\n<!-- \/ Yoast SEO plugin. -->","yoast_head_json":{"title":"Acheter des m\u00e9dicaments en poudre Nembutal en ligne Acheter des m\u00e9dicaments en poudre Nembutal en ligne","description":"Acheter Nembutal en poudre M\u00e9dicaments en ligne Acheter Nembutal en poudre M\u00e9dicaments Nembutal en poudre au meilleur prix gratuit ND LIVRAISON DISCRETE","robots":{"index":"index","follow":"follow","max-snippet":"max-snippet:-1","max-image-preview":"max-image-preview:large","max-video-preview":"max-video-preview:-1"},"canonical":"https:\/\/buy-prescriptionz.com\/fr\/produit\/acheter-du-nembutal-en-poudre-medicaments-en-ligne\/","og_locale":"fr_FR","og_type":"article","og_title":"Buy Nembutal Powder Drugs Online Buy Nembutal Powder Drugs Online","og_description":"Buy Nembutal Powder Drugs Online Buy Nembutal Powder Drugs Nembutal powder at the best leading price free ND DISCRETE SHIPPING","og_url":"https:\/\/buy-prescriptionz.com\/fr\/produit\/acheter-du-nembutal-en-poudre-medicaments-en-ligne\/","og_site_name":"Buy Prescriptionz","article_modified_time":"2025-09-23T14:08:33+00:00","og_image":[{"width":400,"height":300,"url":"https:\/\/buy-prescriptionz.com\/wp-content\/uploads\/2025\/09\/nembutal.jpg","type":"image\/jpeg"}],"twitter_card":"summary_large_image","twitter_misc":{"Dur\u00e9e de lecture estim\u00e9e":"4 minutes"},"schema":{"@context":"https:\/\/schema.org","@graph":[{"@type":"WebPage","@id":"https:\/\/buy-prescriptionz.com\/product\/buy-nembutal-powder-drugs-online\/","url":"https:\/\/buy-prescriptionz.com\/product\/buy-nembutal-powder-drugs-online\/","name":"Acheter des m\u00e9dicaments en poudre Nembutal en ligne Acheter des m\u00e9dicaments en poudre Nembutal en ligne","isPartOf":{"@id":"https:\/\/buy-prescriptionz.com\/#website"},"primaryImageOfPage":{"@id":"https:\/\/buy-prescriptionz.com\/product\/buy-nembutal-powder-drugs-online\/#primaryimage"},"image":{"@id":"https:\/\/buy-prescriptionz.com\/product\/buy-nembutal-powder-drugs-online\/#primaryimage"},"thumbnailUrl":"https:\/\/buy-prescriptionz.com\/wp-content\/uploads\/2025\/09\/nembutal.jpg","datePublished":"2025-09-16T08:55:30+00:00","dateModified":"2025-09-23T14:08:33+00:00","description":"Acheter Nembutal en poudre M\u00e9dicaments en ligne Acheter Nembutal en poudre M\u00e9dicaments Nembutal en poudre au meilleur prix gratuit ND LIVRAISON DISCRETE","breadcrumb":{"@id":"https:\/\/buy-prescriptionz.com\/product\/buy-nembutal-powder-drugs-online\/#breadcrumb"},"inLanguage":"fr-FR","potentialAction":[{"@type":"ReadAction","target":["https:\/\/buy-prescriptionz.com\/product\/buy-nembutal-powder-drugs-online\/"]}]},{"@type":"ImageObject","inLanguage":"fr-FR","@id":"https:\/\/buy-prescriptionz.com\/product\/buy-nembutal-powder-drugs-online\/#primaryimage","url":"https:\/\/buy-prescriptionz.com\/wp-content\/uploads\/2025\/09\/nembutal.jpg","contentUrl":"https:\/\/buy-prescriptionz.com\/wp-content\/uploads\/2025\/09\/nembutal.jpg","width":400,"height":300},{"@type":"BreadcrumbList","@id":"https:\/\/buy-prescriptionz.com\/product\/buy-nembutal-powder-drugs-online\/#breadcrumb","itemListElement":[{"@type":"ListItem","position":1,"name":"Home","item":"https:\/\/buy-prescriptionz.com\/"},{"@type":"ListItem","position":2,"name":"Shop Painkillers Online","item":"https:\/\/buy-prescriptionz.com\/shop-painkillers-online\/"},{"@type":"ListItem","position":3,"name":"Buy Nembutal Powder Drugs Online"}]},{"@type":"WebSite","@id":"https:\/\/buy-prescriptionz.com\/#website","url":"https:\/\/buy-prescriptionz.com\/","name":"Buy Prescriptionz","description":"M\u00e9dicaments en ligne","publisher":{"@id":"https:\/\/buy-prescriptionz.com\/#organization"},"potentialAction":[{"@type":"SearchAction","target":{"@type":"EntryPoint","urlTemplate":"https:\/\/buy-prescriptionz.com\/?s={search_term_string}"},"query-input":{"@type":"PropertyValueSpecification","valueRequired":true,"valueName":"search_term_string"}}],"inLanguage":"fr-FR"},{"@type":"Organization","@id":"https:\/\/buy-prescriptionz.com\/#organization","name":"Buy Prescriptionz","url":"https:\/\/buy-prescriptionz.com\/","logo":{"@type":"ImageObject","inLanguage":"fr-FR","@id":"https:\/\/buy-prescriptionz.com\/#\/schema\/logo\/image\/","url":"https:\/\/buy-prescriptionz.com\/wp-content\/uploads\/2023\/09\/logo.png","contentUrl":"https:\/\/buy-prescriptionz.com\/wp-content\/uploads\/2023\/09\/logo.png","width":350,"height":64,"caption":"Buy Prescriptionz"},"image":{"@id":"https:\/\/buy-prescriptionz.com\/#\/schema\/logo\/image\/"}}]}},"_links":{"self":[{"href":"https:\/\/buy-prescriptionz.com\/fr\/wp-json\/wp\/v2\/product\/2958","targetHints":{"allow":["GET"]}}],"collection":[{"href":"https:\/\/buy-prescriptionz.com\/fr\/wp-json\/wp\/v2\/product"}],"about":[{"href":"https:\/\/buy-prescriptionz.com\/fr\/wp-json\/wp\/v2\/types\/product"}],"replies":[{"embeddable":true,"href":"https:\/\/buy-prescriptionz.com\/fr\/wp-json\/wp\/v2\/comments?post=2958"}],"wp:featuredmedia":[{"embeddable":true,"href":"https:\/\/buy-prescriptionz.com\/fr\/wp-json\/wp\/v2\/media\/2979"}],"wp:attachment":[{"href":"https:\/\/buy-prescriptionz.com\/fr\/wp-json\/wp\/v2\/media?parent=2958"}],"wp:term":[{"taxonomy":"product_brand","embeddable":true,"href":"https:\/\/buy-prescriptionz.com\/fr\/wp-json\/wp\/v2\/product_brand?post=2958"},{"taxonomy":"product_cat","embeddable":true,"href":"https:\/\/buy-prescriptionz.com\/fr\/wp-json\/wp\/v2\/product_cat?post=2958"},{"taxonomy":"product_tag","embeddable":true,"href":"https:\/\/buy-prescriptionz.com\/fr\/wp-json\/wp\/v2\/product_tag?post=2958"}],"curies":[{"name":"wp","href":"https:\/\/api.w.org\/{rel}","templated":true}]}}