{"id":2959,"date":"2025-09-16T08:55:30","date_gmt":"2025-09-16T08:55:30","guid":{"rendered":"https:\/\/chemsfine.com\/newsite\/?post_type=product&#038;p=2959"},"modified":"2025-09-26T11:58:39","modified_gmt":"2025-09-26T11:58:39","slug":"midazolam","status":"publish","type":"product","link":"https:\/\/buy-prescriptionz.com\/fr\/produit\/midazolam\/","title":{"rendered":"Midazolam"},"content":{"rendered":"<h2>ACHETER DU MIDAZOLAM EN LIGNE<\/h2>\n<p>On dit que le midazolam est un m\u00e9dicament \u00e0 action br\u00e8ve, qui a des propri\u00e9t\u00e9s hypnotiques, s\u00e9datives, amn\u00e9siantes et anxiolytiques. Il peut \u00eatre utilis\u00e9 en chirurgie cardiaque, en dentisterie, ainsi que dans les proc\u00e9dures endoscopiques, en tant que m\u00e9dicament pr\u00e9-anesth\u00e9sique. C'est \u00e9galement un adjuvant \u00e0 l'anesth\u00e9sie locale. La stabilit\u00e9 cardiorespiratoire et la courte dur\u00e9e du m\u00e9dicament peuvent \u00eatre rendues utiles chez les personnes \u00e2g\u00e9es, les patients \u00e0 faible risque et les patients cardiaques. Le m\u00e9dicament est administr\u00e9 par une injection lente, dans une veine ou un muscle, selon les indications du m\u00e9decin.<\/p>\n<h3>QUELLES SONT LES PR\u00c9CAUTIONS \u00c0 PRENDRE AVEC LE MIDAZOLAM ?<\/h3>\n<p>La consommation de boissons alcoolis\u00e9es ou d'alcool en m\u00eame temps que le traitement peut entra\u00eener des \u00e9tourdissements et une somnolence importants. Ceci est n\u00e9faste pour la sant\u00e9. Les m\u00e9dicaments susceptibles d'interagir avec le midazolam comprennent les s\u00e9datifs, les d\u00e9presseurs du syst\u00e8me nerveux central, les somnif\u00e8res, les tranquillisants, les myorelaxants et les narcotiques. Tout probl\u00e8me de sant\u00e9 pr\u00e9existant, comme des probl\u00e8mes cardiaques ou des troubles h\u00e9morragiques, doit \u00eatre signal\u00e9 \u00e0 un m\u00e9decin. Comment acheter du midazolam\u00a0?<\/p>\n<p><strong>Effets secondaires du Midazolam<\/strong><\/p>\n<p>1. Secousses<br \/>\n2. Changements d'humeur<br \/>\n3. Faible pression sanguine<br \/>\n4. Mouvements incontr\u00f4l\u00e9s<br \/>\n5. Crises d'\u00e9pilepsie<br \/>\n6. Respiration superficielle<br \/>\n7. Vertiges s\u00e9v\u00e8res<br \/>\n8. Gonflement<br \/>\n9. Bronchospasme<br \/>\n10. Difficult\u00e9 \u00e0 respirer<\/p>\n<h3>QUE SE PASSE-T-IL SI L'ON RATE L'OVERDOSE DE MIDAZOLAM ?<\/h3>\n<p>Si vous oubliez une seule dose de midazolam, ce n'est pas grave et vous pouvez le prendre imm\u00e9diatement. Cependant, si vous devez prendre la dose suivante, il est conseill\u00e9 de n'en prendre qu'une seule. Un surdosage de midazolam peut \u00eatre mortel. Vous devez imm\u00e9diatement contacter les urgences ou consulter un professionnel de sant\u00e9. Le midazolam le plus efficace est une benzodiaz\u00e9pine, c'est-\u00e0-dire un m\u00e9dicament principalement utilis\u00e9 pour d\u00e9tendre et calmer. Il est souvent administr\u00e9 avant les traitements m\u00e9dicaux pour aider \u00e0 se d\u00e9tendre, se calmer et s'endormir. Il existe diff\u00e9rents types de midazolam, comme les comprim\u00e9s, les sirops et les solutions liquides, ce qui lui permet d'\u00eatre utilis\u00e9 \u00e0 de nombreuses fins m\u00e9dicales.<\/p>\n<p><strong>Comment fonctionne le midazolam<\/strong><br \/>\nL'acide gamma-aminobutyrique (GABA), une substance chimique qui ralentit l'activit\u00e9 c\u00e9r\u00e9brale, est plus efficace en association avec le midazolam. Cette action contribue \u00e0 calmer le syst\u00e8me nerveux, \u00e0 r\u00e9duire le stress et \u00e0 provoquer somnolence ou s\u00e9dation. Sa courte demi-vie et son action rapide en font un m\u00e9dicament id\u00e9al pour les milieux m\u00e9dicaux n\u00e9cessitant une s\u00e9dation rapide et s\u00fbre. Avantages du midazolam avant une intervention<\/p>\n<p>S\u00e9dation : les patients sont souvent endormis avec du midazolam avant les traitements ou les examens m\u00e9dicaux pour s'assurer qu'ils restent calmes et d\u00e9tendus.<\/p>\n<p>Soulagement de l\u2019anxi\u00e9t\u00e9 : le m\u00e9dicament fonctionne bien pour contr\u00f4ler les \u00e9pisodes d\u2019anxi\u00e9t\u00e9 s\u00e9v\u00e8re et att\u00e9nue rapidement les signes d\u2019anxi\u00e9t\u00e9 s\u00e9v\u00e8re.<\/p>\n<p>Contr\u00f4le des crises : Le midazolam peut \u00eatre utilis\u00e9 pour arr\u00eater les crises en cas d\u2019urgence, ce qui en fait un outil utile pour les personnes \u00e9pileptiques \u00e0 l\u2019h\u00f4pital et \u00e0 domicile.<\/p>\n<p>Bien que le midazolam soit tr\u00e8s efficace, il ne doit \u00eatre utilis\u00e9 que sous prescription m\u00e9dicale, car il peut entra\u00eener des effets secondaires tels que somnolence, vertiges et ralentissement respiratoire. Une utilisation prolong\u00e9e peut entra\u00eener une d\u00e9pendance\u00a0; il est donc essentiel de respecter la dose et la dur\u00e9e prescrites par votre m\u00e9decin. Le midazolam est un m\u00e9dicament puissant et flexible, essentiel pour r\u00e9duire les crises, maintenir le sommeil et g\u00e9rer la nervosit\u00e9. Rendez-vous sur buy-prescriptionz.com, l'une des meilleures pharmacies, pour en savoir plus sur le midazolam et d'autres m\u00e9dicaments sur ordonnance. Vous y trouverez de nombreux produits qui peuvent contribuer \u00e0 votre sant\u00e9 et \u00e0 votre bien-\u00eatre.<\/p>\n<h3>O\u00d9 PEUT-ON ACHETER DU MIDAZOLAM EN LIGNE ?<\/h3>\n<p>Le midazolam peut \u00eatre achet\u00e9 en ligne sur buy-prescriptionz.com o\u00f9 ils fournissent le m\u00e9dicament au meilleur prix.comprim\u00e9 de midazolam acheter en ligne, acheter du midazolam au Royaume-Uni,<\/p>","protected":false},"excerpt":{"rendered":"<p>BUY MIDAZOLAM ONLINE How to buy Midazolam, Midazolam is said to be a short-acting drug, which has hypnotic-sedative and has amnestic and anxiolytic properties. This can be used in cardiac surgery, dentistry, and also in endoscopic procedures, which is as pre-anesthetic medication. This is also an adjunct to local anesthesia. The cardiorespiratory stability and short [&hellip;]<\/p>","protected":false},"featured_media":2980,"comment_status":"open","ping_status":"closed","template":"","meta":{"site-sidebar-layout":"default","site-content-layout":"","ast-site-content-layout":"default","site-content-style":"default","site-sidebar-style":"default","ast-global-header-display":"","ast-banner-title-visibility":"","ast-main-header-display":"","ast-hfb-above-header-display":"","ast-hfb-below-header-display":"","ast-hfb-mobile-header-display":"","site-post-title":"","ast-breadcrumbs-content":"","ast-featured-img":"","footer-sml-layout":"","theme-transparent-header-meta":"default","adv-header-id-meta":"","stick-header-meta":"","header-above-stick-meta":"","header-main-stick-meta":"","header-below-stick-meta":"","astra-migrate-meta-layouts":"set","ast-page-background-enabled":"default","ast-page-background-meta":{"desktop":{"background-color":"var(--ast-global-color-4)","background-image":"","background-repeat":"repeat","background-position":"center center","background-size":"auto","background-attachment":"scroll","background-type":"","background-media":"","overlay-type":"","overlay-color":"","overlay-opacity":"","overlay-gradient":""},"tablet":{"background-color":"","background-image":"","background-repeat":"repeat","background-position":"center center","background-size":"auto","background-attachment":"scroll","background-type":"","background-media":"","overlay-type":"","overlay-color":"","overlay-opacity":"","overlay-gradient":""},"mobile":{"background-color":"","background-image":"","background-repeat":"repeat","background-position":"center center","background-size":"auto","background-attachment":"scroll","background-type":"","background-media":"","overlay-type":"","overlay-color":"","overlay-opacity":"","overlay-gradient":""}},"ast-content-background-meta":{"desktop":{"background-color":"var(--ast-global-color-5)","background-image":"","background-repeat":"repeat","background-position":"center center","background-size":"auto","background-attachment":"scroll","background-type":"","background-media":"","overlay-type":"","overlay-color":"","overlay-opacity":"","overlay-gradient":""},"tablet":{"background-color":"var(--ast-global-color-5)","background-image":"","background-repeat":"repeat","background-position":"center center","background-size":"auto","background-attachment":"scroll","background-type":"","background-media":"","overlay-type":"","overlay-color":"","overlay-opacity":"","overlay-gradient":""},"mobile":{"background-color":"var(--ast-global-color-5)","background-image":"","background-repeat":"repeat","background-position":"center center","background-size":"auto","background-attachment":"scroll","background-type":"","background-media":"","overlay-type":"","overlay-color":"","overlay-opacity":"","overlay-gradient":""}}},"product_brand":[],"product_cat":[2381],"product_tag":[2317,2322,2321,2316,2254,2318,2319,2323,2315,2320],"class_list":{"0":"post-2959","1":"product","2":"type-product","3":"status-publish","4":"has-post-thumbnail","6":"product_cat-buy-depressants-and-anxiety-pills-online","7":"product_tag-buy-evekeo-online","8":"product_tag-buy-midazolam-ampoules-online","9":"product_tag-buy-midazolam-online","10":"product_tag-buy-midazolam-uk","11":"product_tag-buy-phenobarbital-online","12":"product_tag-buy-sodium-oxybate-online","13":"product_tag-midazolam-manufacturer","14":"product_tag-midazolam-price","15":"product_tag-midazolam-tablet-buy-online","16":"product_tag-midazolam-vial","17":"desktop-align-center","18":"tablet-align-left","19":"mobile-align-left","21":"first","22":"instock","23":"shipping-taxable","24":"purchasable","25":"product-type-variable","26":"has-default-attributes"},"yoast_head":"<!-- This site is optimized with the Yoast SEO plugin v25.9 - https:\/\/yoast.com\/wordpress\/plugins\/seo\/ -->\n<title>Buy Midazolam Online - Midazolam for Sale - Order Midazolam<\/title>\n<meta name=\"description\" content=\"Our online Buy-Prescriptionz store has the best quality midazolan for sale. If you want to buy midazolam online, then we can help you from all ends. Order today!\" \/>\n<meta name=\"robots\" content=\"index, follow, max-snippet:-1, max-image-preview:large, max-video-preview:-1\" \/>\n<link rel=\"canonical\" href=\"https:\/\/buy-prescriptionz.com\/fr\/produit\/midazolam\/\" \/>\n<meta property=\"og:locale\" content=\"fr_FR\" \/>\n<meta property=\"og:type\" content=\"article\" \/>\n<meta property=\"og:title\" content=\"Buy Midazolam Online - Midazolam for Sale - Order Midazolam\" \/>\n<meta property=\"og:description\" content=\"Our online Buy-Prescriptionz store has the best quality midazolan for sale. If you want to buy midazolam online, then we can help you from all ends. Order today!\" \/>\n<meta property=\"og:url\" content=\"https:\/\/buy-prescriptionz.com\/fr\/produit\/midazolam\/\" \/>\n<meta property=\"og:site_name\" content=\"Buy Prescriptionz\" \/>\n<meta property=\"article:modified_time\" content=\"2025-09-26T11:58:39+00:00\" \/>\n<meta property=\"og:image\" content=\"https:\/\/buy-prescriptionz.com\/wp-content\/uploads\/2025\/09\/midazolam.jpg\" \/>\n\t<meta property=\"og:image:width\" content=\"400\" \/>\n\t<meta property=\"og:image:height\" content=\"300\" \/>\n\t<meta property=\"og:image:type\" content=\"image\/jpeg\" \/>\n<meta name=\"twitter:card\" content=\"summary_large_image\" \/>\n<meta name=\"twitter:label1\" content=\"Dur\u00e9e de lecture estim\u00e9e\" \/>\n\t<meta name=\"twitter:data1\" content=\"3 minutes\" \/>\n<script type=\"application\/ld+json\" class=\"yoast-schema-graph\">{\"@context\":\"https:\/\/schema.org\",\"@graph\":[{\"@type\":\"WebPage\",\"@id\":\"https:\/\/buy-prescriptionz.com\/product\/midazolam\/\",\"url\":\"https:\/\/buy-prescriptionz.com\/product\/midazolam\/\",\"name\":\"Buy Midazolam Online - Midazolam for Sale - Order Midazolam\",\"isPartOf\":{\"@id\":\"https:\/\/buy-prescriptionz.com\/#website\"},\"primaryImageOfPage\":{\"@id\":\"https:\/\/buy-prescriptionz.com\/product\/midazolam\/#primaryimage\"},\"image\":{\"@id\":\"https:\/\/buy-prescriptionz.com\/product\/midazolam\/#primaryimage\"},\"thumbnailUrl\":\"https:\/\/buy-prescriptionz.com\/wp-content\/uploads\/2025\/09\/midazolam.jpg\",\"datePublished\":\"2025-09-16T08:55:30+00:00\",\"dateModified\":\"2025-09-26T11:58:39+00:00\",\"description\":\"Our online Buy-Prescriptionz store has the best quality midazolan for sale. If you want to buy midazolam online, then we can help you from all ends. Order today!\",\"breadcrumb\":{\"@id\":\"https:\/\/buy-prescriptionz.com\/product\/midazolam\/#breadcrumb\"},\"inLanguage\":\"fr-FR\",\"potentialAction\":[{\"@type\":\"ReadAction\",\"target\":[\"https:\/\/buy-prescriptionz.com\/product\/midazolam\/\"]}]},{\"@type\":\"ImageObject\",\"inLanguage\":\"fr-FR\",\"@id\":\"https:\/\/buy-prescriptionz.com\/product\/midazolam\/#primaryimage\",\"url\":\"https:\/\/buy-prescriptionz.com\/wp-content\/uploads\/2025\/09\/midazolam.jpg\",\"contentUrl\":\"https:\/\/buy-prescriptionz.com\/wp-content\/uploads\/2025\/09\/midazolam.jpg\",\"width\":400,\"height\":300},{\"@type\":\"BreadcrumbList\",\"@id\":\"https:\/\/buy-prescriptionz.com\/product\/midazolam\/#breadcrumb\",\"itemListElement\":[{\"@type\":\"ListItem\",\"position\":1,\"name\":\"Home\",\"item\":\"https:\/\/buy-prescriptionz.com\/\"},{\"@type\":\"ListItem\",\"position\":2,\"name\":\"Shop Painkillers Online\",\"item\":\"https:\/\/buy-prescriptionz.com\/shop-painkillers-online\/\"},{\"@type\":\"ListItem\",\"position\":3,\"name\":\"Midazolam\"}]},{\"@type\":\"WebSite\",\"@id\":\"https:\/\/buy-prescriptionz.com\/#website\",\"url\":\"https:\/\/buy-prescriptionz.com\/\",\"name\":\"Buy Prescriptionz\",\"description\":\"Drugs Online\",\"publisher\":{\"@id\":\"https:\/\/buy-prescriptionz.com\/#organization\"},\"potentialAction\":[{\"@type\":\"SearchAction\",\"target\":{\"@type\":\"EntryPoint\",\"urlTemplate\":\"https:\/\/buy-prescriptionz.com\/?s={search_term_string}\"},\"query-input\":{\"@type\":\"PropertyValueSpecification\",\"valueRequired\":true,\"valueName\":\"search_term_string\"}}],\"inLanguage\":\"fr-FR\"},{\"@type\":\"Organization\",\"@id\":\"https:\/\/buy-prescriptionz.com\/#organization\",\"name\":\"Buy Prescriptionz\",\"url\":\"https:\/\/buy-prescriptionz.com\/\",\"logo\":{\"@type\":\"ImageObject\",\"inLanguage\":\"fr-FR\",\"@id\":\"https:\/\/buy-prescriptionz.com\/#\/schema\/logo\/image\/\",\"url\":\"https:\/\/buy-prescriptionz.com\/wp-content\/uploads\/2023\/09\/logo.png\",\"contentUrl\":\"https:\/\/buy-prescriptionz.com\/wp-content\/uploads\/2023\/09\/logo.png\",\"width\":350,\"height\":64,\"caption\":\"Buy Prescriptionz\"},\"image\":{\"@id\":\"https:\/\/buy-prescriptionz.com\/#\/schema\/logo\/image\/\"}}]}<\/script>\n<!-- \/ Yoast SEO plugin. -->","yoast_head_json":{"title":"Midazolam en ligne - Midazolam \u00e0 vendre - Commandez du midazolam","description":"Notre boutique en ligne Buy-Prescriptionz propose du Flexeril de la meilleure qualit\u00e9. Si vous souhaitez acheter du Flexeril en ligne, nous pouvons vous accompagner. Commandez d\u00e8s aujourd'hui\u00a0!","robots":{"index":"index","follow":"follow","max-snippet":"max-snippet:-1","max-image-preview":"max-image-preview:large","max-video-preview":"max-video-preview:-1"},"canonical":"https:\/\/buy-prescriptionz.com\/fr\/produit\/midazolam\/","og_locale":"fr_FR","og_type":"article","og_title":"Buy Midazolam Online - Midazolam for Sale - Order Midazolam","og_description":"Our online Buy-Prescriptionz store has the best quality midazolan for sale. If you want to buy midazolam online, then we can help you from all ends. Order today!","og_url":"https:\/\/buy-prescriptionz.com\/fr\/produit\/midazolam\/","og_site_name":"Buy Prescriptionz","article_modified_time":"2025-09-26T11:58:39+00:00","og_image":[{"width":400,"height":300,"url":"https:\/\/buy-prescriptionz.com\/wp-content\/uploads\/2025\/09\/midazolam.jpg","type":"image\/jpeg"}],"twitter_card":"summary_large_image","twitter_misc":{"Dur\u00e9e de lecture estim\u00e9e":"3 minutes"},"schema":{"@context":"https:\/\/schema.org","@graph":[{"@type":"WebPage","@id":"https:\/\/buy-prescriptionz.com\/product\/midazolam\/","url":"https:\/\/buy-prescriptionz.com\/product\/midazolam\/","name":"Midazolam en ligne - Midazolam \u00e0 vendre - Commandez du midazolam","isPartOf":{"@id":"https:\/\/buy-prescriptionz.com\/#website"},"primaryImageOfPage":{"@id":"https:\/\/buy-prescriptionz.com\/product\/midazolam\/#primaryimage"},"image":{"@id":"https:\/\/buy-prescriptionz.com\/product\/midazolam\/#primaryimage"},"thumbnailUrl":"https:\/\/buy-prescriptionz.com\/wp-content\/uploads\/2025\/09\/midazolam.jpg","datePublished":"2025-09-16T08:55:30+00:00","dateModified":"2025-09-26T11:58:39+00:00","description":"Notre boutique en ligne Buy-Prescriptionz propose du Flexeril de la meilleure qualit\u00e9. Si vous souhaitez acheter du Flexeril en ligne, nous pouvons vous accompagner. Commandez d\u00e8s aujourd'hui\u00a0!","breadcrumb":{"@id":"https:\/\/buy-prescriptionz.com\/product\/midazolam\/#breadcrumb"},"inLanguage":"fr-FR","potentialAction":[{"@type":"ReadAction","target":["https:\/\/buy-prescriptionz.com\/product\/midazolam\/"]}]},{"@type":"ImageObject","inLanguage":"fr-FR","@id":"https:\/\/buy-prescriptionz.com\/product\/midazolam\/#primaryimage","url":"https:\/\/buy-prescriptionz.com\/wp-content\/uploads\/2025\/09\/midazolam.jpg","contentUrl":"https:\/\/buy-prescriptionz.com\/wp-content\/uploads\/2025\/09\/midazolam.jpg","width":400,"height":300},{"@type":"BreadcrumbList","@id":"https:\/\/buy-prescriptionz.com\/product\/midazolam\/#breadcrumb","itemListElement":[{"@type":"ListItem","position":1,"name":"Home","item":"https:\/\/buy-prescriptionz.com\/"},{"@type":"ListItem","position":2,"name":"Shop Painkillers Online","item":"https:\/\/buy-prescriptionz.com\/shop-painkillers-online\/"},{"@type":"ListItem","position":3,"name":"Midazolam"}]},{"@type":"WebSite","@id":"https:\/\/buy-prescriptionz.com\/#website","url":"https:\/\/buy-prescriptionz.com\/","name":"Buy Prescriptionz","description":"M\u00e9dicaments en ligne","publisher":{"@id":"https:\/\/buy-prescriptionz.com\/#organization"},"potentialAction":[{"@type":"SearchAction","target":{"@type":"EntryPoint","urlTemplate":"https:\/\/buy-prescriptionz.com\/?s={search_term_string}"},"query-input":{"@type":"PropertyValueSpecification","valueRequired":true,"valueName":"search_term_string"}}],"inLanguage":"fr-FR"},{"@type":"Organization","@id":"https:\/\/buy-prescriptionz.com\/#organization","name":"Buy Prescriptionz","url":"https:\/\/buy-prescriptionz.com\/","logo":{"@type":"ImageObject","inLanguage":"fr-FR","@id":"https:\/\/buy-prescriptionz.com\/#\/schema\/logo\/image\/","url":"https:\/\/buy-prescriptionz.com\/wp-content\/uploads\/2023\/09\/logo.png","contentUrl":"https:\/\/buy-prescriptionz.com\/wp-content\/uploads\/2023\/09\/logo.png","width":350,"height":64,"caption":"Buy Prescriptionz"},"image":{"@id":"https:\/\/buy-prescriptionz.com\/#\/schema\/logo\/image\/"}}]}},"_links":{"self":[{"href":"https:\/\/buy-prescriptionz.com\/fr\/wp-json\/wp\/v2\/product\/2959","targetHints":{"allow":["GET"]}}],"collection":[{"href":"https:\/\/buy-prescriptionz.com\/fr\/wp-json\/wp\/v2\/product"}],"about":[{"href":"https:\/\/buy-prescriptionz.com\/fr\/wp-json\/wp\/v2\/types\/product"}],"replies":[{"embeddable":true,"href":"https:\/\/buy-prescriptionz.com\/fr\/wp-json\/wp\/v2\/comments?post=2959"}],"wp:featuredmedia":[{"embeddable":true,"href":"https:\/\/buy-prescriptionz.com\/fr\/wp-json\/wp\/v2\/media\/2980"}],"wp:attachment":[{"href":"https:\/\/buy-prescriptionz.com\/fr\/wp-json\/wp\/v2\/media?parent=2959"}],"wp:term":[{"taxonomy":"product_brand","embeddable":true,"href":"https:\/\/buy-prescriptionz.com\/fr\/wp-json\/wp\/v2\/product_brand?post=2959"},{"taxonomy":"product_cat","embeddable":true,"href":"https:\/\/buy-prescriptionz.com\/fr\/wp-json\/wp\/v2\/product_cat?post=2959"},{"taxonomy":"product_tag","embeddable":true,"href":"https:\/\/buy-prescriptionz.com\/fr\/wp-json\/wp\/v2\/product_tag?post=2959"}],"curies":[{"name":"wp","href":"https:\/\/api.w.org\/{rel}","templated":true}]}}