{"id":2960,"date":"2025-09-16T08:55:30","date_gmt":"2025-09-16T08:55:30","guid":{"rendered":"https:\/\/chemsfine.com\/newsite\/?post_type=product&#038;p=2960"},"modified":"2025-09-23T06:55:21","modified_gmt":"2025-09-23T06:55:21","slug":"acheter-du-lorazepam-en-ligne","status":"publish","type":"product","link":"https:\/\/buy-prescriptionz.com\/fr\/produit\/acheter-du-lorazepam-en-ligne\/","title":{"rendered":"Acheter Lorazepam en ligne"},"content":{"rendered":"<h2>ACHETER DU LORAZ\u00c9PAM EN LIGNE<\/h2>\n<h3>Pourquoi acheter du Lorazepam en ligne ?<\/h3>\n<p>Achetez de l'Ativan en ligne. Le loraz\u00e9pam appartient \u00e0 la classe des benzodiaz\u00e9pines. Il peut \u00eatre utilis\u00e9 pour un soulagement \u00e0 court terme des sympt\u00f4mes d'anxi\u00e9t\u00e9 importante. Il ralentit la communication entre les nerfs du cerveau. Certaines personnes ont constat\u00e9 une am\u00e9lioration significative de l'anxi\u00e9t\u00e9, pendant environ une demi-heure apr\u00e8s la prise de loraz\u00e9pam. Pour les crises prolong\u00e9es, le loraz\u00e9pam injectable peut \u00eatre utilis\u00e9 en traitement initial. Gr\u00e2ce au loraz\u00e9pam, la somnolence, l'anxi\u00e9t\u00e9 et les crises peuvent \u00eatre trait\u00e9es rapidement. Ce m\u00e9dicament est facilement disponible en ligne. La r\u00e9ponse est imm\u00e9diate apr\u00e8s la prise, ce qui peut entra\u00eener une am\u00e9lioration de la sant\u00e9.<\/p>\n<h3>QUELLES SONT LES PR\u00c9CAUTIONS \u00c0 PRENDRE LORS DE LA PRISE DE LORAZ\u00c9PAM ?<\/h3>\n<p>Si vous souffrez de probl\u00e8mes respiratoires, de dysfonctionnement pulmonaire ou r\u00e9nal, de maladie cardiaque, de troubles du sommeil ou d'impuissance, le loraz\u00e9pam peut interagir avec ces affections. Les femmes d\u00e9sirant une grossesse ou enceintes ne doivent pas prendre ce comprim\u00e9, ou consulter un professionnel de sant\u00e9 avant de prendre du loraz\u00e9pam. Acheter de l'Ativan en ligne<\/p>\n<h3>QUE FAIRE SI L'ON FAIT UNE OVERDOSE OU SI L'ON OUBLIE DE PRENDRE DU LORAZ\u00c9PAM ?<\/h3>\n<p>Si l'on manque une dose de Lorazepam, on peut prendre le comprim\u00e9 \u00e0 ce moment-l\u00e0 mais on ne doit pas prendre la double dose, s'il y a le temps de la dose suivante.<br \/>\nLe Lorazepam peut faire l'objet d'abus et c'est pour cette raison qu'il y a beaucoup de risques de surdosage. C'est pour cette raison qu'il faut imm\u00e9diatement demander une aide d'urgence.<\/p>\n<h3>O\u00d9 PEUT-ON ACHETER DU LORAZ\u00c9PAM EN LIGNE ?<\/h3>\n<p>Si vous avez besoin de Lorazepam, vous pouvez l'acheter au meilleur prix sur buy-prescriptionz.com.<\/p>\n<h3>Pr\u00e9sentation et avantages du loraz\u00e9pam<\/h3>\n<p>Le loraz\u00e9pam est un m\u00e9dicament de la famille des benzodiaz\u00e9pines, largement utilis\u00e9 pour ses effets calmants et s\u00e9datifs. Il est principalement prescrit pour le traitement des troubles anxieux, de l'insomnie et des crises d'\u00e9pilepsie. En renfor\u00e7ant les effets d'une substance chimique naturelle de l'organisme appel\u00e9e GABA, le loraz\u00e9pam contribue \u00e0 r\u00e9duire l'anxi\u00e9t\u00e9 et \u00e0 favoriser la relaxation.<\/p>\n<h3>Traitement des troubles anxieux<\/h3>\n<p>Un autre avantage important du clonaz\u00e9pam est son efficacit\u00e9 dans le traitement des troubles anxieux. Il soulage rapidement les sympt\u00f4mes tels que l'inqui\u00e9tude excessive, l'agitation et la tension. Son effet calmant peut aider les personnes \u00e0 se sentir plus d\u00e9tendues et moins anxieuses, ce qui est particuli\u00e8rement b\u00e9n\u00e9fique pour les personnes souffrant d'anxi\u00e9t\u00e9 chronique.<\/p>\n<h3>G\u00e9rer l'insomnie<\/h3>\n<p>Le loraz\u00e9pam est \u00e9galement couramment prescrit pour traiter l'insomnie, notamment lorsqu'elle est associ\u00e9e \u00e0 l'anxi\u00e9t\u00e9. Ses propri\u00e9t\u00e9s s\u00e9datives aident \u00e0 s'endormir plus rapidement et \u00e0 rester endormi plus longtemps, procurant ainsi un sommeil plus r\u00e9parateur. Ce traitement est particuli\u00e8rement b\u00e9n\u00e9fique pour les personnes souffrant de troubles du sommeil dus au stress ou \u00e0 l'anxi\u00e9t\u00e9.<\/p>\n<h3>Contr\u00f4le des crises<\/h3>\n<p>Outre le traitement de l'anxi\u00e9t\u00e9 et de l'insomnie, le loraz\u00e9pam est utilis\u00e9 pour g\u00e9rer les troubles \u00e9pileptiques. Il peut aider \u00e0 contr\u00f4ler et \u00e0 pr\u00e9venir les crises en calmant l'activit\u00e9 c\u00e9r\u00e9brale anormale. Il est donc un m\u00e9dicament important pour les personnes souffrant d'\u00e9pilepsie ou d'autres affections li\u00e9es aux crises.<\/p>\n<p>Le loraz\u00e9pam est un m\u00e9dicament puissant utilis\u00e9 pour traiter l'anxi\u00e9t\u00e9, l'insomnie et les crises d'\u00e9pilepsie, am\u00e9liorant ainsi la sant\u00e9 mentale et physique. Il offre de nombreux bienfaits qui peuvent grandement am\u00e9liorer votre qualit\u00e9 de vie. Pour acheter du loraz\u00e9pam, rendez-vous sur buy-prescriptionz.com, la meilleure pharmacie du pays. Vous y trouverez une vari\u00e9t\u00e9 de m\u00e9dicaments sur ordonnance disponibles \u00e0 l'achat en ligne.<\/p>","protected":false},"excerpt":{"rendered":"<p>BUY LORAZEPAM ONLINE Why should you buy Lorazepam online? Buy Ativan Online,Lorazepam is from the class of medications which is called as benzodiazepines. Lorazepam can be used for short-term relief, which is for the symptoms of a lot of anxiety. It slows down the communication between the nerves of the brain. Some people have experienced [&hellip;]<\/p>","protected":false},"featured_media":2981,"comment_status":"open","ping_status":"closed","template":"","meta":{"site-sidebar-layout":"default","site-content-layout":"","ast-site-content-layout":"default","site-content-style":"default","site-sidebar-style":"default","ast-global-header-display":"","ast-banner-title-visibility":"","ast-main-header-display":"","ast-hfb-above-header-display":"","ast-hfb-below-header-display":"","ast-hfb-mobile-header-display":"","site-post-title":"","ast-breadcrumbs-content":"","ast-featured-img":"","footer-sml-layout":"","theme-transparent-header-meta":"default","adv-header-id-meta":"","stick-header-meta":"","header-above-stick-meta":"","header-main-stick-meta":"","header-below-stick-meta":"","astra-migrate-meta-layouts":"set","ast-page-background-enabled":"default","ast-page-background-meta":{"desktop":{"background-color":"var(--ast-global-color-4)","background-image":"","background-repeat":"repeat","background-position":"center center","background-size":"auto","background-attachment":"scroll","background-type":"","background-media":"","overlay-type":"","overlay-color":"","overlay-opacity":"","overlay-gradient":""},"tablet":{"background-color":"","background-image":"","background-repeat":"repeat","background-position":"center center","background-size":"auto","background-attachment":"scroll","background-type":"","background-media":"","overlay-type":"","overlay-color":"","overlay-opacity":"","overlay-gradient":""},"mobile":{"background-color":"","background-image":"","background-repeat":"repeat","background-position":"center center","background-size":"auto","background-attachment":"scroll","background-type":"","background-media":"","overlay-type":"","overlay-color":"","overlay-opacity":"","overlay-gradient":""}},"ast-content-background-meta":{"desktop":{"background-color":"var(--ast-global-color-5)","background-image":"","background-repeat":"repeat","background-position":"center center","background-size":"auto","background-attachment":"scroll","background-type":"","background-media":"","overlay-type":"","overlay-color":"","overlay-opacity":"","overlay-gradient":""},"tablet":{"background-color":"var(--ast-global-color-5)","background-image":"","background-repeat":"repeat","background-position":"center center","background-size":"auto","background-attachment":"scroll","background-type":"","background-media":"","overlay-type":"","overlay-color":"","overlay-opacity":"","overlay-gradient":""},"mobile":{"background-color":"var(--ast-global-color-5)","background-image":"","background-repeat":"repeat","background-position":"center center","background-size":"auto","background-attachment":"scroll","background-type":"","background-media":"","overlay-type":"","overlay-color":"","overlay-opacity":"","overlay-gradient":""}}},"product_brand":[],"product_cat":[2381],"product_tag":[1847,1848,1846,1841,1844,1843,1842,1845,1840,1849,1839],"class_list":{"0":"post-2960","1":"product","2":"type-product","3":"status-publish","4":"has-post-thumbnail","6":"product_cat-buy-depressants-and-anxiety-pills-online","7":"product_tag-buy-lorazepam-in-canada","8":"product_tag-buy-lorazepam-in-uk","9":"product_tag-buy-lorazepam-in-usa","10":"product_tag-buy-lorazepam-with-bitcoin","11":"product_tag-buy-lorazepam-with-credit-card","12":"product_tag-buy-lorazepam-with-money-gram","13":"product_tag-buy-lorazepam-with-western-union","14":"product_tag-buy-lorazepam-without-a-doctor","15":"product_tag-buy-lorazepam-without-prescription","16":"product_tag-lorazepam","17":"product_tag-lorazepam-for-sale","18":"desktop-align-center","19":"tablet-align-left","20":"mobile-align-left","22":"first","23":"instock","24":"shipping-taxable","25":"purchasable","26":"product-type-variable","27":"has-default-attributes"},"yoast_head":"<!-- This site is optimized with the Yoast SEO plugin v25.9 - https:\/\/yoast.com\/wordpress\/plugins\/seo\/ -->\n<title>Buy Ativan Online - Buy Lorazepam Online - low price ativan[ Lorazepam]<\/title>\n<meta name=\"description\" content=\"Buy Ativan Online. Besides, Ativan also know as Lorazepam . Additionally, Buy lorazepam online Try not to take this drug to much . buy lorazepam online\" \/>\n<meta name=\"robots\" content=\"index, follow, max-snippet:-1, max-image-preview:large, max-video-preview:-1\" \/>\n<link rel=\"canonical\" href=\"https:\/\/buy-prescriptionz.com\/fr\/produit\/acheter-du-lorazepam-en-ligne\/\" \/>\n<meta property=\"og:locale\" content=\"fr_FR\" \/>\n<meta property=\"og:type\" content=\"article\" \/>\n<meta property=\"og:title\" content=\"Buy Ativan Online - Buy Lorazepam Online - low price ativan[ Lorazepam]\" \/>\n<meta property=\"og:description\" content=\"Buy Ativan Online. Besides, Ativan also know as Lorazepam . Additionally, Buy lorazepam online Try not to take this drug to much . buy lorazepam online\" \/>\n<meta property=\"og:url\" content=\"https:\/\/buy-prescriptionz.com\/fr\/produit\/acheter-du-lorazepam-en-ligne\/\" \/>\n<meta property=\"og:site_name\" content=\"Buy Prescriptionz\" \/>\n<meta property=\"article:modified_time\" content=\"2025-09-23T06:55:21+00:00\" \/>\n<meta property=\"og:image\" content=\"https:\/\/buy-prescriptionz.com\/wp-content\/uploads\/2025\/09\/lorazepam.jpg\" \/>\n\t<meta property=\"og:image:width\" content=\"400\" \/>\n\t<meta property=\"og:image:height\" content=\"300\" \/>\n\t<meta property=\"og:image:type\" content=\"image\/jpeg\" \/>\n<meta name=\"twitter:card\" content=\"summary_large_image\" \/>\n<meta name=\"twitter:label1\" content=\"Dur\u00e9e de lecture estim\u00e9e\" \/>\n\t<meta name=\"twitter:data1\" content=\"3 minutes\" \/>\n<script type=\"application\/ld+json\" class=\"yoast-schema-graph\">{\"@context\":\"https:\/\/schema.org\",\"@graph\":[{\"@type\":\"WebPage\",\"@id\":\"https:\/\/buy-prescriptionz.com\/product\/buy-lorazepam-online\/\",\"url\":\"https:\/\/buy-prescriptionz.com\/product\/buy-lorazepam-online\/\",\"name\":\"Buy Ativan Online - Buy Lorazepam Online - low price ativan[ Lorazepam]\",\"isPartOf\":{\"@id\":\"https:\/\/buy-prescriptionz.com\/#website\"},\"primaryImageOfPage\":{\"@id\":\"https:\/\/buy-prescriptionz.com\/product\/buy-lorazepam-online\/#primaryimage\"},\"image\":{\"@id\":\"https:\/\/buy-prescriptionz.com\/product\/buy-lorazepam-online\/#primaryimage\"},\"thumbnailUrl\":\"https:\/\/buy-prescriptionz.com\/wp-content\/uploads\/2025\/09\/lorazepam.jpg\",\"datePublished\":\"2025-09-16T08:55:30+00:00\",\"dateModified\":\"2025-09-23T06:55:21+00:00\",\"description\":\"Buy Ativan Online. Besides, Ativan also know as Lorazepam . Additionally, Buy lorazepam online Try not to take this drug to much . buy lorazepam online\",\"breadcrumb\":{\"@id\":\"https:\/\/buy-prescriptionz.com\/product\/buy-lorazepam-online\/#breadcrumb\"},\"inLanguage\":\"fr-FR\",\"potentialAction\":[{\"@type\":\"ReadAction\",\"target\":[\"https:\/\/buy-prescriptionz.com\/product\/buy-lorazepam-online\/\"]}]},{\"@type\":\"ImageObject\",\"inLanguage\":\"fr-FR\",\"@id\":\"https:\/\/buy-prescriptionz.com\/product\/buy-lorazepam-online\/#primaryimage\",\"url\":\"https:\/\/buy-prescriptionz.com\/wp-content\/uploads\/2025\/09\/lorazepam.jpg\",\"contentUrl\":\"https:\/\/buy-prescriptionz.com\/wp-content\/uploads\/2025\/09\/lorazepam.jpg\",\"width\":400,\"height\":300},{\"@type\":\"BreadcrumbList\",\"@id\":\"https:\/\/buy-prescriptionz.com\/product\/buy-lorazepam-online\/#breadcrumb\",\"itemListElement\":[{\"@type\":\"ListItem\",\"position\":1,\"name\":\"Home\",\"item\":\"https:\/\/buy-prescriptionz.com\/\"},{\"@type\":\"ListItem\",\"position\":2,\"name\":\"Shop Painkillers Online\",\"item\":\"https:\/\/buy-prescriptionz.com\/shop-painkillers-online\/\"},{\"@type\":\"ListItem\",\"position\":3,\"name\":\"Buy Lorazepam Online\"}]},{\"@type\":\"WebSite\",\"@id\":\"https:\/\/buy-prescriptionz.com\/#website\",\"url\":\"https:\/\/buy-prescriptionz.com\/\",\"name\":\"Buy Prescriptionz\",\"description\":\"Drugs Online\",\"publisher\":{\"@id\":\"https:\/\/buy-prescriptionz.com\/#organization\"},\"potentialAction\":[{\"@type\":\"SearchAction\",\"target\":{\"@type\":\"EntryPoint\",\"urlTemplate\":\"https:\/\/buy-prescriptionz.com\/?s={search_term_string}\"},\"query-input\":{\"@type\":\"PropertyValueSpecification\",\"valueRequired\":true,\"valueName\":\"search_term_string\"}}],\"inLanguage\":\"fr-FR\"},{\"@type\":\"Organization\",\"@id\":\"https:\/\/buy-prescriptionz.com\/#organization\",\"name\":\"Buy Prescriptionz\",\"url\":\"https:\/\/buy-prescriptionz.com\/\",\"logo\":{\"@type\":\"ImageObject\",\"inLanguage\":\"fr-FR\",\"@id\":\"https:\/\/buy-prescriptionz.com\/#\/schema\/logo\/image\/\",\"url\":\"https:\/\/buy-prescriptionz.com\/wp-content\/uploads\/2023\/09\/logo.png\",\"contentUrl\":\"https:\/\/buy-prescriptionz.com\/wp-content\/uploads\/2023\/09\/logo.png\",\"width\":350,\"height\":64,\"caption\":\"Buy Prescriptionz\"},\"image\":{\"@id\":\"https:\/\/buy-prescriptionz.com\/#\/schema\/logo\/image\/\"}}]}<\/script>\n<!-- \/ Yoast SEO plugin. -->","yoast_head_json":{"title":"Acheter de l'Ativan en ligne - Acheter du Lorazepam en ligne - prix bas de l'Ativan [ Lorazepam ].","description":"Acheter Ativan en ligne. En outre, Ativan est \u00e9galement connu sous le nom de Lorazepam. En outre, Buy lorazepam online Essayez de ne pas prendre ce m\u00e9dicament en trop grande quantit\u00e9. buy lorazepam online","robots":{"index":"index","follow":"follow","max-snippet":"max-snippet:-1","max-image-preview":"max-image-preview:large","max-video-preview":"max-video-preview:-1"},"canonical":"https:\/\/buy-prescriptionz.com\/fr\/produit\/acheter-du-lorazepam-en-ligne\/","og_locale":"fr_FR","og_type":"article","og_title":"Buy Ativan Online - Buy Lorazepam Online - low price ativan[ Lorazepam]","og_description":"Buy Ativan Online. Besides, Ativan also know as Lorazepam . Additionally, Buy lorazepam online Try not to take this drug to much . buy lorazepam online","og_url":"https:\/\/buy-prescriptionz.com\/fr\/produit\/acheter-du-lorazepam-en-ligne\/","og_site_name":"Buy Prescriptionz","article_modified_time":"2025-09-23T06:55:21+00:00","og_image":[{"width":400,"height":300,"url":"https:\/\/buy-prescriptionz.com\/wp-content\/uploads\/2025\/09\/lorazepam.jpg","type":"image\/jpeg"}],"twitter_card":"summary_large_image","twitter_misc":{"Dur\u00e9e de lecture estim\u00e9e":"3 minutes"},"schema":{"@context":"https:\/\/schema.org","@graph":[{"@type":"WebPage","@id":"https:\/\/buy-prescriptionz.com\/product\/buy-lorazepam-online\/","url":"https:\/\/buy-prescriptionz.com\/product\/buy-lorazepam-online\/","name":"Acheter de l'Ativan en ligne - Acheter du Lorazepam en ligne - prix bas de l'Ativan [ Lorazepam ].","isPartOf":{"@id":"https:\/\/buy-prescriptionz.com\/#website"},"primaryImageOfPage":{"@id":"https:\/\/buy-prescriptionz.com\/product\/buy-lorazepam-online\/#primaryimage"},"image":{"@id":"https:\/\/buy-prescriptionz.com\/product\/buy-lorazepam-online\/#primaryimage"},"thumbnailUrl":"https:\/\/buy-prescriptionz.com\/wp-content\/uploads\/2025\/09\/lorazepam.jpg","datePublished":"2025-09-16T08:55:30+00:00","dateModified":"2025-09-23T06:55:21+00:00","description":"Acheter Ativan en ligne. En outre, Ativan est \u00e9galement connu sous le nom de Lorazepam. En outre, Buy lorazepam online Essayez de ne pas prendre ce m\u00e9dicament en trop grande quantit\u00e9. buy lorazepam online","breadcrumb":{"@id":"https:\/\/buy-prescriptionz.com\/product\/buy-lorazepam-online\/#breadcrumb"},"inLanguage":"fr-FR","potentialAction":[{"@type":"ReadAction","target":["https:\/\/buy-prescriptionz.com\/product\/buy-lorazepam-online\/"]}]},{"@type":"ImageObject","inLanguage":"fr-FR","@id":"https:\/\/buy-prescriptionz.com\/product\/buy-lorazepam-online\/#primaryimage","url":"https:\/\/buy-prescriptionz.com\/wp-content\/uploads\/2025\/09\/lorazepam.jpg","contentUrl":"https:\/\/buy-prescriptionz.com\/wp-content\/uploads\/2025\/09\/lorazepam.jpg","width":400,"height":300},{"@type":"BreadcrumbList","@id":"https:\/\/buy-prescriptionz.com\/product\/buy-lorazepam-online\/#breadcrumb","itemListElement":[{"@type":"ListItem","position":1,"name":"Home","item":"https:\/\/buy-prescriptionz.com\/"},{"@type":"ListItem","position":2,"name":"Shop Painkillers Online","item":"https:\/\/buy-prescriptionz.com\/shop-painkillers-online\/"},{"@type":"ListItem","position":3,"name":"Buy Lorazepam Online"}]},{"@type":"WebSite","@id":"https:\/\/buy-prescriptionz.com\/#website","url":"https:\/\/buy-prescriptionz.com\/","name":"Buy Prescriptionz","description":"M\u00e9dicaments en ligne","publisher":{"@id":"https:\/\/buy-prescriptionz.com\/#organization"},"potentialAction":[{"@type":"SearchAction","target":{"@type":"EntryPoint","urlTemplate":"https:\/\/buy-prescriptionz.com\/?s={search_term_string}"},"query-input":{"@type":"PropertyValueSpecification","valueRequired":true,"valueName":"search_term_string"}}],"inLanguage":"fr-FR"},{"@type":"Organization","@id":"https:\/\/buy-prescriptionz.com\/#organization","name":"Buy Prescriptionz","url":"https:\/\/buy-prescriptionz.com\/","logo":{"@type":"ImageObject","inLanguage":"fr-FR","@id":"https:\/\/buy-prescriptionz.com\/#\/schema\/logo\/image\/","url":"https:\/\/buy-prescriptionz.com\/wp-content\/uploads\/2023\/09\/logo.png","contentUrl":"https:\/\/buy-prescriptionz.com\/wp-content\/uploads\/2023\/09\/logo.png","width":350,"height":64,"caption":"Buy Prescriptionz"},"image":{"@id":"https:\/\/buy-prescriptionz.com\/#\/schema\/logo\/image\/"}}]}},"_links":{"self":[{"href":"https:\/\/buy-prescriptionz.com\/fr\/wp-json\/wp\/v2\/product\/2960","targetHints":{"allow":["GET"]}}],"collection":[{"href":"https:\/\/buy-prescriptionz.com\/fr\/wp-json\/wp\/v2\/product"}],"about":[{"href":"https:\/\/buy-prescriptionz.com\/fr\/wp-json\/wp\/v2\/types\/product"}],"replies":[{"embeddable":true,"href":"https:\/\/buy-prescriptionz.com\/fr\/wp-json\/wp\/v2\/comments?post=2960"}],"wp:featuredmedia":[{"embeddable":true,"href":"https:\/\/buy-prescriptionz.com\/fr\/wp-json\/wp\/v2\/media\/2981"}],"wp:attachment":[{"href":"https:\/\/buy-prescriptionz.com\/fr\/wp-json\/wp\/v2\/media?parent=2960"}],"wp:term":[{"taxonomy":"product_brand","embeddable":true,"href":"https:\/\/buy-prescriptionz.com\/fr\/wp-json\/wp\/v2\/product_brand?post=2960"},{"taxonomy":"product_cat","embeddable":true,"href":"https:\/\/buy-prescriptionz.com\/fr\/wp-json\/wp\/v2\/product_cat?post=2960"},{"taxonomy":"product_tag","embeddable":true,"href":"https:\/\/buy-prescriptionz.com\/fr\/wp-json\/wp\/v2\/product_tag?post=2960"}],"curies":[{"name":"wp","href":"https:\/\/api.w.org\/{rel}","templated":true}]}}