{"id":2982,"date":"2025-09-16T08:55:51","date_gmt":"2025-09-16T08:55:51","guid":{"rendered":"https:\/\/chemsfine.com\/newsite\/?post_type=product&#038;p=2982"},"modified":"2025-09-20T12:20:33","modified_gmt":"2025-09-20T12:20:33","slug":"acheter-clonazepam-en-ligne","status":"publish","type":"product","link":"https:\/\/buy-prescriptionz.com\/fr\/produit\/acheter-clonazepam-en-ligne\/","title":{"rendered":"Acheter du Clonazepam en ligne"},"content":{"rendered":"<h2>Acheter du clonaz\u00e9pam en ligne\u00a0: Qu'est-ce que le clonaz\u00e9pam\u00a0?<\/h2>\n<p>Qu'est-ce que le Clonazepam Acheter du Clonazepam en ligne Le Clonazepam est utilis\u00e9 pour contr\u00f4ler certains types de crises d'\u00e9pilepsie et peut \u00eatre utilis\u00e9 seul ou avec d'autres m\u00e9dicaments. Il peut \u00e9galement \u00eatre utilis\u00e9 pour soulager les attaques de panique. Le clonaz\u00e9pam appartient \u00e0 une classe de m\u00e9dicaments appel\u00e9e benzodiaz\u00e9pines. Il r\u00e9duit l'activit\u00e9 \u00e9lectrique anormale du cerveau. Qu'est-ce que ...<\/p>\n<h3>En quoi consistent les caract\u00e9ristiques du Clonazepam ?<\/h3>\n<p>Le clonaz\u00e9pam a de nombreuses utilisations th\u00e9rapeutiques o\u00f9 il rel\u00e8ve de la cat\u00e9gorie des benzodiaz\u00e9pines. Il peut \u00eatre utilis\u00e9 pour :<\/p>\n<p>1. Contr\u00f4ler le trouble \u00e9pileptique<br \/>\n2. Contr\u00f4ler le trouble anxieux<br \/>\n3. Agir comme une aide au sommeil<\/p>\n<h3>Quelles sont les pr\u00e9cautions \u00e0 prendre lors de l'utilisation du Clonaz\u00e9pam ?<\/h3>\n<p>1. Avant de prendre du Clonazepam, il faut informer le m\u00e9decin de ses conditions pr\u00e9-m\u00e9dicales telles que des probl\u00e8mes respiratoires, des troubles mentaux, des maladies r\u00e9nales ou pulmonaires, etc.<br \/>\n2. Il est dangereux de prendre de la marijuana ou de l'alcool avec le Clonazepam. Il est dangereux car il peut vous rendre tr\u00e8s \u00e9tourdi.<\/p>\n<h3>Que se passe-t-il en cas d'oubli ou d'overdose de Clonazepam ?<\/h3>\n<p>1. Si une personne oublie de prendre sa dose de Clonaz\u00e9pam, elle doit la prendre au moment o\u00f9 elle s'en souvient, mais elle ne doit pas la prendre avec la dose suivante.<br \/>\n2. Un surdosage de clonaz\u00e9pam peut \u00eatre imminent. Il est donc conseill\u00e9 d'appeler les urgences ou de consulter un professionnel de sant\u00e9 afin d'\u00e9viter toute complication.<\/p>\n<h3>En quoi consistent les caract\u00e9ristiques du Clonazepam ?<\/h3>\n<p>Voici les effets secondaires qui peuvent se produire en raison du Clonaz\u00e9pam, comme :<\/p>\n<p>1. Cauchemars<br \/>\n2. Hallucinations<br \/>\n3. Troubles de la m\u00e9moire \u00e0 court terme<br \/>\n4. Confusion mentale<br \/>\n5. Changements d'humeur radicaux<br \/>\n6. Irritabilit\u00e9<\/p>\n<h3>Pr\u00e9sentation et avantages du clonaz\u00e9pam<\/h3>\n<p>Le clonaz\u00e9pam est un m\u00e9dicament appartenant \u00e0 la classe des benzodiaz\u00e9pines. Il est couramment prescrit pour le traitement des crises d'\u00e9pilepsie, des troubles paniques et de l'anxi\u00e9t\u00e9. Il agit en calmant le cerveau et les nerfs, ce qui contribue \u00e0 r\u00e9duire la fr\u00e9quence et la gravit\u00e9 des crises et des attaques de panique.<\/p>\n<p>L'une des principales utilisations du clonaz\u00e9pam est la prise en charge des troubles convulsifs, comme l'\u00e9pilepsie. Il contribue \u00e0 pr\u00e9venir et \u00e0 contr\u00f4ler les crises en stabilisant l'activit\u00e9 \u00e9lectrique c\u00e9r\u00e9brale. Il est donc essentiel pour les personnes \u00e9pileptiques, leur permettant de mieux contr\u00f4ler leur maladie et d'am\u00e9liorer leur qualit\u00e9 de vie.<\/p>\n<p>Le clonaz\u00e9pam est \u00e9galement largement utilis\u00e9 pour traiter le trouble panique, caract\u00e9ris\u00e9 par des \u00e9pisodes soudains et inattendus de peur intense. Ces \u00e9pisodes peuvent \u00eatre invalidants et perturber les activit\u00e9s quotidiennes. En r\u00e9duisant l'activit\u00e9 c\u00e9r\u00e9brale anormale \u00e0 l'origine de ces crises de panique, le clonaz\u00e9pam aide les personnes \u00e0 mieux g\u00e9rer leurs sympt\u00f4mes, leur permettant ainsi de mener une vie plus normale et productive.<\/p>\n<p>Un autre avantage important du clonaz\u00e9pam est son efficacit\u00e9 dans le traitement des troubles anxieux. Il soulage rapidement les sympt\u00f4mes tels que l'inqui\u00e9tude excessive, l'agitation et la tension. Son effet calmant peut aider les personnes \u00e0 se sentir plus d\u00e9tendues et moins anxieuses, ce qui est particuli\u00e8rement b\u00e9n\u00e9fique pour les personnes souffrant d'anxi\u00e9t\u00e9 chronique.<\/p>\n<p>Outre ses utilisations principales, le clonaz\u00e9pam peut \u00e9galement \u00eatre prescrit pour d'autres affections, selon l'avis d'un professionnel de la sant\u00e9. Cependant, il est important d'utiliser ce m\u00e9dicament sous surveillance m\u00e9dicale en raison du risque de d\u00e9pendance et d'autres effets secondaires.<\/p>\n<p>Le clonaz\u00e9pam offre des bienfaits pr\u00e9cieux aux personnes souffrant de crises d'\u00e9pilepsie, de troubles paniques et d'anxi\u00e9t\u00e9. Sa capacit\u00e9 \u00e0 stabiliser l'activit\u00e9 c\u00e9r\u00e9brale et \u00e0 soulager rapidement les sympt\u00f4mes en fait un m\u00e9dicament essentiel pour de nombreuses personnes. Si vous envisagez le clonaz\u00e9pam pour votre traitement, consultez un professionnel de sant\u00e9 pour obtenir des conseils avis\u00e9s.<\/p>\n<h3><strong>O\u00f9 puis-je acheter du clonaz\u00e9pam ?<\/strong><\/h3>\n<p>Pour une source pratique et fiable pour acheter du clonaz\u00e9pam, visitez la meilleure pharmacie <a href=\"https:\/\/buy-prescriptionz.com\/fr\/\">buy-prescriptionz.com<\/a>Ils offrent une large gamme de m\u00e9dicaments sur ordonnance pour r\u00e9pondre \u00e0 vos besoins de sant\u00e9.<\/p>\n<h3>O\u00f9 peut-on acheter du Clonazepam en ligne ?<\/h3>\n<p>On peut acheter Clonazepam chez Buy Prescriptionz pour le meilleur prix. Vous pouvez commander le meilleur des m\u00e9dicaments ici maintenant !<\/p>","protected":false},"excerpt":{"rendered":"<p>Buy Clonazepam Online: What is Clonazepam Buy Clonazepam Online Clonazepam is used to control certain types of seizures and can be used alone or with other medications. It can also be used to relieve panic attacks. Clonazepam comes in a class of medication which is called as benzodiazepines. It reduces the abnormal electric activity in [&hellip;]<\/p>","protected":false},"featured_media":3012,"comment_status":"open","ping_status":"closed","template":"","meta":{"site-sidebar-layout":"default","site-content-layout":"","ast-site-content-layout":"default","site-content-style":"default","site-sidebar-style":"default","ast-global-header-display":"","ast-banner-title-visibility":"","ast-main-header-display":"","ast-hfb-above-header-display":"","ast-hfb-below-header-display":"","ast-hfb-mobile-header-display":"","site-post-title":"","ast-breadcrumbs-content":"","ast-featured-img":"","footer-sml-layout":"","theme-transparent-header-meta":"default","adv-header-id-meta":"","stick-header-meta":"","header-above-stick-meta":"","header-main-stick-meta":"","header-below-stick-meta":"","astra-migrate-meta-layouts":"set","ast-page-background-enabled":"default","ast-page-background-meta":{"desktop":{"background-color":"var(--ast-global-color-4)","background-image":"","background-repeat":"repeat","background-position":"center center","background-size":"auto","background-attachment":"scroll","background-type":"","background-media":"","overlay-type":"","overlay-color":"","overlay-opacity":"","overlay-gradient":""},"tablet":{"background-color":"","background-image":"","background-repeat":"repeat","background-position":"center center","background-size":"auto","background-attachment":"scroll","background-type":"","background-media":"","overlay-type":"","overlay-color":"","overlay-opacity":"","overlay-gradient":""},"mobile":{"background-color":"","background-image":"","background-repeat":"repeat","background-position":"center center","background-size":"auto","background-attachment":"scroll","background-type":"","background-media":"","overlay-type":"","overlay-color":"","overlay-opacity":"","overlay-gradient":""}},"ast-content-background-meta":{"desktop":{"background-color":"var(--ast-global-color-5)","background-image":"","background-repeat":"repeat","background-position":"center center","background-size":"auto","background-attachment":"scroll","background-type":"","background-media":"","overlay-type":"","overlay-color":"","overlay-opacity":"","overlay-gradient":""},"tablet":{"background-color":"var(--ast-global-color-5)","background-image":"","background-repeat":"repeat","background-position":"center center","background-size":"auto","background-attachment":"scroll","background-type":"","background-media":"","overlay-type":"","overlay-color":"","overlay-opacity":"","overlay-gradient":""},"mobile":{"background-color":"var(--ast-global-color-5)","background-image":"","background-repeat":"repeat","background-position":"center center","background-size":"auto","background-attachment":"scroll","background-type":"","background-media":"","overlay-type":"","overlay-color":"","overlay-opacity":"","overlay-gradient":""}}},"product_brand":[],"product_cat":[2381],"product_tag":[1858,1859,1857,1852,1855,1854,1853,1856,1851,1850,1860],"class_list":{"0":"post-2982","1":"product","2":"type-product","3":"status-publish","4":"has-post-thumbnail","6":"product_cat-buy-depressants-and-anxiety-pills-online","7":"product_tag-buy-clonazepam-in-canada","8":"product_tag-buy-clonazepam-in-uk","9":"product_tag-buy-clonazepam-in-usa","10":"product_tag-buy-clonazepam-with-bitcoin","11":"product_tag-buy-clonazepam-with-credit-card","12":"product_tag-buy-clonazepam-with-money-gram","13":"product_tag-buy-clonazepam-with-western-union","14":"product_tag-buy-clonazepam-without-a-doctor","15":"product_tag-buy-clonazepam-without-prescription","16":"product_tag-clonazepam-for-sale","17":"product_tag-clonazepam-pills","18":"desktop-align-center","19":"tablet-align-left","20":"mobile-align-left","22":"first","23":"instock","24":"shipping-taxable","25":"purchasable","26":"product-type-variable","27":"has-default-attributes"},"yoast_head":"<!-- This site is optimized with the Yoast SEO plugin v25.9 - https:\/\/yoast.com\/wordpress\/plugins\/seo\/ -->\n<title>Buy Clonazepam Online, Buy Rivotril Online, Purchase Rivotril<\/title>\n<meta name=\"description\" content=\"Buy clonazepam online.Buy klonopin online, buy clonazepam online, buy clonazepam, Buy klonopin online legally, buy klonopin, buy klonopin online reviews\" \/>\n<meta name=\"robots\" content=\"index, follow, max-snippet:-1, max-image-preview:large, max-video-preview:-1\" \/>\n<link rel=\"canonical\" href=\"https:\/\/buy-prescriptionz.com\/fr\/produit\/acheter-clonazepam-en-ligne\/\" \/>\n<meta property=\"og:locale\" content=\"fr_FR\" \/>\n<meta property=\"og:type\" content=\"article\" \/>\n<meta property=\"og:title\" content=\"Buy Clonazepam Online, Buy Rivotril Online, Purchase Rivotril\" \/>\n<meta property=\"og:description\" content=\"Buy clonazepam online.Buy klonopin online, buy clonazepam online, buy clonazepam, Buy klonopin online legally, buy klonopin, buy klonopin online reviews\" \/>\n<meta property=\"og:url\" content=\"https:\/\/buy-prescriptionz.com\/fr\/produit\/acheter-clonazepam-en-ligne\/\" \/>\n<meta property=\"og:site_name\" content=\"Buy Prescriptionz\" \/>\n<meta property=\"article:modified_time\" content=\"2025-09-20T12:20:33+00:00\" \/>\n<meta property=\"og:image\" content=\"https:\/\/buy-prescriptionz.com\/wp-content\/uploads\/2025\/09\/clonazepam.jpg\" \/>\n\t<meta property=\"og:image:width\" content=\"400\" \/>\n\t<meta property=\"og:image:height\" content=\"300\" \/>\n\t<meta property=\"og:image:type\" content=\"image\/jpeg\" \/>\n<meta name=\"twitter:card\" content=\"summary_large_image\" \/>\n<meta name=\"twitter:label1\" content=\"Dur\u00e9e de lecture estim\u00e9e\" \/>\n\t<meta name=\"twitter:data1\" content=\"3 minutes\" \/>\n<script type=\"application\/ld+json\" class=\"yoast-schema-graph\">{\"@context\":\"https:\/\/schema.org\",\"@graph\":[{\"@type\":\"WebPage\",\"@id\":\"https:\/\/buy-prescriptionz.com\/product\/buy-clonazepam-online\/\",\"url\":\"https:\/\/buy-prescriptionz.com\/product\/buy-clonazepam-online\/\",\"name\":\"Buy Clonazepam Online, Buy Rivotril Online, Purchase Rivotril\",\"isPartOf\":{\"@id\":\"https:\/\/buy-prescriptionz.com\/#website\"},\"primaryImageOfPage\":{\"@id\":\"https:\/\/buy-prescriptionz.com\/product\/buy-clonazepam-online\/#primaryimage\"},\"image\":{\"@id\":\"https:\/\/buy-prescriptionz.com\/product\/buy-clonazepam-online\/#primaryimage\"},\"thumbnailUrl\":\"https:\/\/buy-prescriptionz.com\/wp-content\/uploads\/2025\/09\/clonazepam.jpg\",\"datePublished\":\"2025-09-16T08:55:51+00:00\",\"dateModified\":\"2025-09-20T12:20:33+00:00\",\"description\":\"Buy clonazepam online.Buy klonopin online, buy clonazepam online, buy clonazepam, Buy klonopin online legally, buy klonopin, buy klonopin online reviews\",\"breadcrumb\":{\"@id\":\"https:\/\/buy-prescriptionz.com\/product\/buy-clonazepam-online\/#breadcrumb\"},\"inLanguage\":\"fr-FR\",\"potentialAction\":[{\"@type\":\"ReadAction\",\"target\":[\"https:\/\/buy-prescriptionz.com\/product\/buy-clonazepam-online\/\"]}]},{\"@type\":\"ImageObject\",\"inLanguage\":\"fr-FR\",\"@id\":\"https:\/\/buy-prescriptionz.com\/product\/buy-clonazepam-online\/#primaryimage\",\"url\":\"https:\/\/buy-prescriptionz.com\/wp-content\/uploads\/2025\/09\/clonazepam.jpg\",\"contentUrl\":\"https:\/\/buy-prescriptionz.com\/wp-content\/uploads\/2025\/09\/clonazepam.jpg\",\"width\":400,\"height\":300},{\"@type\":\"BreadcrumbList\",\"@id\":\"https:\/\/buy-prescriptionz.com\/product\/buy-clonazepam-online\/#breadcrumb\",\"itemListElement\":[{\"@type\":\"ListItem\",\"position\":1,\"name\":\"Home\",\"item\":\"https:\/\/buy-prescriptionz.com\/\"},{\"@type\":\"ListItem\",\"position\":2,\"name\":\"Shop Painkillers Online\",\"item\":\"https:\/\/buy-prescriptionz.com\/shop-painkillers-online\/\"},{\"@type\":\"ListItem\",\"position\":3,\"name\":\"Buy Clonazepam Online\"}]},{\"@type\":\"WebSite\",\"@id\":\"https:\/\/buy-prescriptionz.com\/#website\",\"url\":\"https:\/\/buy-prescriptionz.com\/\",\"name\":\"Buy Prescriptionz\",\"description\":\"Drugs Online\",\"publisher\":{\"@id\":\"https:\/\/buy-prescriptionz.com\/#organization\"},\"potentialAction\":[{\"@type\":\"SearchAction\",\"target\":{\"@type\":\"EntryPoint\",\"urlTemplate\":\"https:\/\/buy-prescriptionz.com\/?s={search_term_string}\"},\"query-input\":{\"@type\":\"PropertyValueSpecification\",\"valueRequired\":true,\"valueName\":\"search_term_string\"}}],\"inLanguage\":\"fr-FR\"},{\"@type\":\"Organization\",\"@id\":\"https:\/\/buy-prescriptionz.com\/#organization\",\"name\":\"Buy Prescriptionz\",\"url\":\"https:\/\/buy-prescriptionz.com\/\",\"logo\":{\"@type\":\"ImageObject\",\"inLanguage\":\"fr-FR\",\"@id\":\"https:\/\/buy-prescriptionz.com\/#\/schema\/logo\/image\/\",\"url\":\"https:\/\/buy-prescriptionz.com\/wp-content\/uploads\/2023\/09\/logo.png\",\"contentUrl\":\"https:\/\/buy-prescriptionz.com\/wp-content\/uploads\/2023\/09\/logo.png\",\"width\":350,\"height\":64,\"caption\":\"Buy Prescriptionz\"},\"image\":{\"@id\":\"https:\/\/buy-prescriptionz.com\/#\/schema\/logo\/image\/\"}}]}<\/script>\n<!-- \/ Yoast SEO plugin. -->","yoast_head_json":{"title":"Acheter Clonazepam en ligne, Acheter Rivotril en ligne, Acheter Rivotril","description":"Acheter du clonaz\u00e9pam en ligne, acheter du klonopin en ligne, acheter du clonaz\u00e9pam en ligne, acheter du clonaz\u00e9pam, acheter du klonopin en ligne l\u00e9galement, acheter du klonopin, acheter du klonopin en ligne commentaires","robots":{"index":"index","follow":"follow","max-snippet":"max-snippet:-1","max-image-preview":"max-image-preview:large","max-video-preview":"max-video-preview:-1"},"canonical":"https:\/\/buy-prescriptionz.com\/fr\/produit\/acheter-clonazepam-en-ligne\/","og_locale":"fr_FR","og_type":"article","og_title":"Buy Clonazepam Online, Buy Rivotril Online, Purchase Rivotril","og_description":"Buy clonazepam online.Buy klonopin online, buy clonazepam online, buy clonazepam, Buy klonopin online legally, buy klonopin, buy klonopin online reviews","og_url":"https:\/\/buy-prescriptionz.com\/fr\/produit\/acheter-clonazepam-en-ligne\/","og_site_name":"Buy Prescriptionz","article_modified_time":"2025-09-20T12:20:33+00:00","og_image":[{"width":400,"height":300,"url":"https:\/\/buy-prescriptionz.com\/wp-content\/uploads\/2025\/09\/clonazepam.jpg","type":"image\/jpeg"}],"twitter_card":"summary_large_image","twitter_misc":{"Dur\u00e9e de lecture estim\u00e9e":"3 minutes"},"schema":{"@context":"https:\/\/schema.org","@graph":[{"@type":"WebPage","@id":"https:\/\/buy-prescriptionz.com\/product\/buy-clonazepam-online\/","url":"https:\/\/buy-prescriptionz.com\/product\/buy-clonazepam-online\/","name":"Acheter Clonazepam en ligne, Acheter Rivotril en ligne, Acheter Rivotril","isPartOf":{"@id":"https:\/\/buy-prescriptionz.com\/#website"},"primaryImageOfPage":{"@id":"https:\/\/buy-prescriptionz.com\/product\/buy-clonazepam-online\/#primaryimage"},"image":{"@id":"https:\/\/buy-prescriptionz.com\/product\/buy-clonazepam-online\/#primaryimage"},"thumbnailUrl":"https:\/\/buy-prescriptionz.com\/wp-content\/uploads\/2025\/09\/clonazepam.jpg","datePublished":"2025-09-16T08:55:51+00:00","dateModified":"2025-09-20T12:20:33+00:00","description":"Acheter du clonaz\u00e9pam en ligne, acheter du klonopin en ligne, acheter du clonaz\u00e9pam en ligne, acheter du clonaz\u00e9pam, acheter du klonopin en ligne l\u00e9galement, acheter du klonopin, acheter du klonopin en ligne commentaires","breadcrumb":{"@id":"https:\/\/buy-prescriptionz.com\/product\/buy-clonazepam-online\/#breadcrumb"},"inLanguage":"fr-FR","potentialAction":[{"@type":"ReadAction","target":["https:\/\/buy-prescriptionz.com\/product\/buy-clonazepam-online\/"]}]},{"@type":"ImageObject","inLanguage":"fr-FR","@id":"https:\/\/buy-prescriptionz.com\/product\/buy-clonazepam-online\/#primaryimage","url":"https:\/\/buy-prescriptionz.com\/wp-content\/uploads\/2025\/09\/clonazepam.jpg","contentUrl":"https:\/\/buy-prescriptionz.com\/wp-content\/uploads\/2025\/09\/clonazepam.jpg","width":400,"height":300},{"@type":"BreadcrumbList","@id":"https:\/\/buy-prescriptionz.com\/product\/buy-clonazepam-online\/#breadcrumb","itemListElement":[{"@type":"ListItem","position":1,"name":"Home","item":"https:\/\/buy-prescriptionz.com\/"},{"@type":"ListItem","position":2,"name":"Shop Painkillers Online","item":"https:\/\/buy-prescriptionz.com\/shop-painkillers-online\/"},{"@type":"ListItem","position":3,"name":"Buy Clonazepam Online"}]},{"@type":"WebSite","@id":"https:\/\/buy-prescriptionz.com\/#website","url":"https:\/\/buy-prescriptionz.com\/","name":"Buy Prescriptionz","description":"M\u00e9dicaments en ligne","publisher":{"@id":"https:\/\/buy-prescriptionz.com\/#organization"},"potentialAction":[{"@type":"SearchAction","target":{"@type":"EntryPoint","urlTemplate":"https:\/\/buy-prescriptionz.com\/?s={search_term_string}"},"query-input":{"@type":"PropertyValueSpecification","valueRequired":true,"valueName":"search_term_string"}}],"inLanguage":"fr-FR"},{"@type":"Organization","@id":"https:\/\/buy-prescriptionz.com\/#organization","name":"Buy Prescriptionz","url":"https:\/\/buy-prescriptionz.com\/","logo":{"@type":"ImageObject","inLanguage":"fr-FR","@id":"https:\/\/buy-prescriptionz.com\/#\/schema\/logo\/image\/","url":"https:\/\/buy-prescriptionz.com\/wp-content\/uploads\/2023\/09\/logo.png","contentUrl":"https:\/\/buy-prescriptionz.com\/wp-content\/uploads\/2023\/09\/logo.png","width":350,"height":64,"caption":"Buy Prescriptionz"},"image":{"@id":"https:\/\/buy-prescriptionz.com\/#\/schema\/logo\/image\/"}}]}},"_links":{"self":[{"href":"https:\/\/buy-prescriptionz.com\/fr\/wp-json\/wp\/v2\/product\/2982","targetHints":{"allow":["GET"]}}],"collection":[{"href":"https:\/\/buy-prescriptionz.com\/fr\/wp-json\/wp\/v2\/product"}],"about":[{"href":"https:\/\/buy-prescriptionz.com\/fr\/wp-json\/wp\/v2\/types\/product"}],"replies":[{"embeddable":true,"href":"https:\/\/buy-prescriptionz.com\/fr\/wp-json\/wp\/v2\/comments?post=2982"}],"wp:featuredmedia":[{"embeddable":true,"href":"https:\/\/buy-prescriptionz.com\/fr\/wp-json\/wp\/v2\/media\/3012"}],"wp:attachment":[{"href":"https:\/\/buy-prescriptionz.com\/fr\/wp-json\/wp\/v2\/media?parent=2982"}],"wp:term":[{"taxonomy":"product_brand","embeddable":true,"href":"https:\/\/buy-prescriptionz.com\/fr\/wp-json\/wp\/v2\/product_brand?post=2982"},{"taxonomy":"product_cat","embeddable":true,"href":"https:\/\/buy-prescriptionz.com\/fr\/wp-json\/wp\/v2\/product_cat?post=2982"},{"taxonomy":"product_tag","embeddable":true,"href":"https:\/\/buy-prescriptionz.com\/fr\/wp-json\/wp\/v2\/product_tag?post=2982"}],"curies":[{"name":"wp","href":"https:\/\/api.w.org\/{rel}","templated":true}]}}