{"id":2983,"date":"2025-09-16T08:55:51","date_gmt":"2025-09-16T08:55:51","guid":{"rendered":"https:\/\/chemsfine.com\/newsite\/?post_type=product&#038;p=2983"},"modified":"2025-09-24T06:26:41","modified_gmt":"2025-09-24T06:26:41","slug":"achetez-nirvana-en-ligne","status":"publish","type":"product","link":"https:\/\/buy-prescriptionz.com\/fr\/produit\/achetez-nirvana-en-ligne\/","title":{"rendered":"Acheter Niravam en ligne"},"content":{"rendered":"<h2>Acheter Niravam en ligne<\/h2>\n<p>Achetez Niravam (g\u00e9n\u00e9rique). Utilis\u00e9 pour traiter les troubles paniques et l'anxi\u00e9t\u00e9, Niravam vous aide \u00e0 rester calme et serein. Achetez Niravam en ligne sans ordonnance et laissez-le agir sur votre cerveau et vos nerfs pour soulager les sympt\u00f4mes des crises mentionn\u00e9es.<\/p>\n<p><strong>Utilisations\u00a0<\/strong>- Traite les troubles de la panique<\/p>\n<p><strong>Effets secondaires\u00a0<\/strong>- Vertiges, augmentation de la production de salive Acheter Niravam (G\u00e9n\u00e9rique)<\/p>\n<p>Si vous avez besoin d'un m\u00e9dicament, vous pouvez \u00e9galement rechercher Niravam en ligne. Ne prenez pas ce m\u00e9dicament avec un repas riche en graisses, car cela ralentirait son absorption. Achetez Niravam et trouvez \u00e9galement Niravam en vente pour acc\u00e9der au m\u00eame m\u00e9dicament \u00e0 des prix plus bas. Niravam est un m\u00e9dicament oral \u00e0 dissolution rapide utilis\u00e9 pour traiter l'anxi\u00e9t\u00e9 et les troubles paniques. Il contient de l'alprazolam, une benzodiaz\u00e9pine qui renforce les effets d'une substance chimique naturelle de l'organisme appel\u00e9e acide gamma-aminobutyrique (GABA). Ce m\u00e9dicament aide \u00e0 calmer le syst\u00e8me nerveux et \u00e0 soulager les sympt\u00f4mes d'anxi\u00e9t\u00e9.<\/p>\n<h3>Comment fonctionne Niravam<\/h3>\n<p>Le meilleur Niravam est unique car il se dissout rapidement sur la langue, facilitant ainsi la d\u00e9glutition des comprim\u00e9s pour les personnes ayant des difficult\u00e9s. Une fois dissous, le m\u00e9dicament est rapidement absorb\u00e9 dans la circulation sanguine, procurant un soulagement rapide de l'anxi\u00e9t\u00e9 et des crises de panique. Cette action rapide est particuli\u00e8rement b\u00e9n\u00e9fique lors des \u00e9pisodes d'anxi\u00e9t\u00e9 aigu\u00eb.<\/p>\n<h3>Avantages du Niravam<\/h3>\n<ol>\n<li>Soulagement rapide : la formule \u00e0 dissolution rapide de Niravam offre un soulagement presque imm\u00e9diat de l\u2019anxi\u00e9t\u00e9 et des crises de panique, ce qui est crucial lors d\u2019\u00e9pisodes graves.<\/li>\n<li>Administration pratique : la facilit\u00e9 d\u2019utilisation sans avoir besoin d\u2019eau fait de Niravam une option pratique pour ceux qui ont besoin d\u2019un soulagement rapide de l\u2019anxi\u00e9t\u00e9 en d\u00e9placement.<\/li>\n<li>Traitement efficace : L\u2019alprazolam, l\u2019ingr\u00e9dient actif de Niravam, est bien document\u00e9 pour son efficacit\u00e9 dans le traitement du trouble d\u2019anxi\u00e9t\u00e9 g\u00e9n\u00e9ralis\u00e9e (TAG) et du trouble panique, aidant \u00e0 r\u00e9duire les sympt\u00f4mes et \u00e0 am\u00e9liorer la qualit\u00e9 de vie.<\/li>\n<\/ol>\n<h3>Consid\u00e9rations et effets secondaires<\/h3>\n<p>Bien que Niravam soit efficace, il est important de l'utiliser conform\u00e9ment \u00e0 la prescription d'un professionnel de sant\u00e9. Les effets secondaires potentiels incluent somnolence, vertiges et d\u00e9pendance en cas d'utilisation prolong\u00e9e. Il est crucial de suivre les instructions de votre m\u00e9decin afin de minimiser les risques et d'optimiser les b\u00e9n\u00e9fices. Niravam offre une solution pratique et efficace aux personnes souffrant d'anxi\u00e9t\u00e9 et de troubles paniques, procurant un soulagement rapide au moment le plus n\u00e9cessaire. Pour plus d'informations sur Niravam et d'autres m\u00e9dicaments sur ordonnance, consultez la meilleure pharmacie. <a href=\"https:\/\/buy-prescriptionz.com\/fr\/\">buy-prescriptionz.com<\/a>Ils offrent une vari\u00e9t\u00e9 de produits pour soutenir votre sant\u00e9 et votre bien-\u00eatre.<\/p>","protected":false},"excerpt":{"rendered":"<p>Buy Niravam Online Buy Niravam (Generic) ,Used to treat panic disorders as well as anxiety, Niravam lets you stay calm and composed. Buy Niravam online without prescription and let the drug act on your brain and nerve so as to relieve you from the symptoms of mentioned attacks. Uses\u00a0\u2013 Treats panic disorders Side effects\u00a0\u2013 Dizziness, [&hellip;]<\/p>","protected":false},"featured_media":3013,"comment_status":"open","ping_status":"closed","template":"","meta":{"site-sidebar-layout":"default","site-content-layout":"","ast-site-content-layout":"default","site-content-style":"default","site-sidebar-style":"default","ast-global-header-display":"","ast-banner-title-visibility":"","ast-main-header-display":"","ast-hfb-above-header-display":"","ast-hfb-below-header-display":"","ast-hfb-mobile-header-display":"","site-post-title":"","ast-breadcrumbs-content":"","ast-featured-img":"","footer-sml-layout":"","theme-transparent-header-meta":"default","adv-header-id-meta":"","stick-header-meta":"","header-above-stick-meta":"","header-main-stick-meta":"","header-below-stick-meta":"","astra-migrate-meta-layouts":"set","ast-page-background-enabled":"default","ast-page-background-meta":{"desktop":{"background-color":"var(--ast-global-color-4)","background-image":"","background-repeat":"repeat","background-position":"center center","background-size":"auto","background-attachment":"scroll","background-type":"","background-media":"","overlay-type":"","overlay-color":"","overlay-opacity":"","overlay-gradient":""},"tablet":{"background-color":"","background-image":"","background-repeat":"repeat","background-position":"center center","background-size":"auto","background-attachment":"scroll","background-type":"","background-media":"","overlay-type":"","overlay-color":"","overlay-opacity":"","overlay-gradient":""},"mobile":{"background-color":"","background-image":"","background-repeat":"repeat","background-position":"center center","background-size":"auto","background-attachment":"scroll","background-type":"","background-media":"","overlay-type":"","overlay-color":"","overlay-opacity":"","overlay-gradient":""}},"ast-content-background-meta":{"desktop":{"background-color":"var(--ast-global-color-5)","background-image":"","background-repeat":"repeat","background-position":"center center","background-size":"auto","background-attachment":"scroll","background-type":"","background-media":"","overlay-type":"","overlay-color":"","overlay-opacity":"","overlay-gradient":""},"tablet":{"background-color":"var(--ast-global-color-5)","background-image":"","background-repeat":"repeat","background-position":"center center","background-size":"auto","background-attachment":"scroll","background-type":"","background-media":"","overlay-type":"","overlay-color":"","overlay-opacity":"","overlay-gradient":""},"mobile":{"background-color":"var(--ast-global-color-5)","background-image":"","background-repeat":"repeat","background-position":"center center","background-size":"auto","background-attachment":"scroll","background-type":"","background-media":"","overlay-type":"","overlay-color":"","overlay-opacity":"","overlay-gradient":""}}},"product_brand":[],"product_cat":[2381],"product_tag":[1836,1837,1835,1830,1833,1832,1831,1834,1829,1828,1838],"class_list":{"0":"post-2983","1":"product","2":"type-product","3":"status-publish","4":"has-post-thumbnail","6":"product_cat-buy-depressants-and-anxiety-pills-online","7":"product_tag-buy-niravam-in-canada","8":"product_tag-buy-niravam-in-uk","9":"product_tag-buy-niravam-in-usa","10":"product_tag-buy-niravam-with-bitcoin","11":"product_tag-buy-niravam-with-credit-card","12":"product_tag-buy-niravam-with-money-gram","13":"product_tag-buy-niravam-with-western-union","14":"product_tag-buy-niravam-without-a-doctor","15":"product_tag-buy-niravam-without-prescription","16":"product_tag-niravam-for-sale","17":"product_tag-niravam-tablets","18":"desktop-align-center","19":"tablet-align-left","20":"mobile-align-left","22":"first","23":"instock","24":"shipping-taxable","25":"purchasable","26":"product-type-variable","27":"has-default-attributes"},"yoast_head":"<!-- This site is optimized with the Yoast SEO plugin v25.9 - https:\/\/yoast.com\/wordpress\/plugins\/seo\/ -->\n<title>Buy Niravam (Generic) | Best Online Prices &amp; Good Deals<\/title>\n<meta name=\"description\" content=\"Buy Niravam (Generic) , niravam for sale online. Where to order niravam where to buy no prescription meds.Niravam 2mg (Alprazolam) tablets online\" \/>\n<meta name=\"robots\" content=\"index, follow, max-snippet:-1, max-image-preview:large, max-video-preview:-1\" \/>\n<link rel=\"canonical\" href=\"https:\/\/buy-prescriptionz.com\/fr\/produit\/achetez-nirvana-en-ligne\/\" \/>\n<meta property=\"og:locale\" content=\"fr_FR\" \/>\n<meta property=\"og:type\" content=\"article\" \/>\n<meta property=\"og:title\" content=\"Buy Niravam (Generic) | Best Online Prices &amp; Good Deals\" \/>\n<meta property=\"og:description\" content=\"Buy Niravam (Generic) , niravam for sale online. Where to order niravam where to buy no prescription meds.Niravam 2mg (Alprazolam) tablets online\" \/>\n<meta property=\"og:url\" content=\"https:\/\/buy-prescriptionz.com\/fr\/produit\/achetez-nirvana-en-ligne\/\" \/>\n<meta property=\"og:site_name\" content=\"Buy Prescriptionz\" \/>\n<meta property=\"article:modified_time\" content=\"2025-09-24T06:26:41+00:00\" \/>\n<meta property=\"og:image\" content=\"https:\/\/buy-prescriptionz.com\/wp-content\/uploads\/2025\/09\/niravam.jpg\" \/>\n\t<meta property=\"og:image:width\" content=\"400\" \/>\n\t<meta property=\"og:image:height\" content=\"300\" \/>\n\t<meta property=\"og:image:type\" content=\"image\/jpeg\" \/>\n<meta name=\"twitter:card\" content=\"summary_large_image\" \/>\n<meta name=\"twitter:label1\" content=\"Dur\u00e9e de lecture estim\u00e9e\" \/>\n\t<meta name=\"twitter:data1\" content=\"2 minutes\" \/>\n<script type=\"application\/ld+json\" class=\"yoast-schema-graph\">{\"@context\":\"https:\/\/schema.org\",\"@graph\":[{\"@type\":\"WebPage\",\"@id\":\"https:\/\/buy-prescriptionz.com\/product\/buy-niravam-online\/\",\"url\":\"https:\/\/buy-prescriptionz.com\/product\/buy-niravam-online\/\",\"name\":\"Buy Niravam (Generic) | Best Online Prices & Good Deals\",\"isPartOf\":{\"@id\":\"https:\/\/buy-prescriptionz.com\/#website\"},\"primaryImageOfPage\":{\"@id\":\"https:\/\/buy-prescriptionz.com\/product\/buy-niravam-online\/#primaryimage\"},\"image\":{\"@id\":\"https:\/\/buy-prescriptionz.com\/product\/buy-niravam-online\/#primaryimage\"},\"thumbnailUrl\":\"https:\/\/buy-prescriptionz.com\/wp-content\/uploads\/2025\/09\/niravam.jpg\",\"datePublished\":\"2025-09-16T08:55:51+00:00\",\"dateModified\":\"2025-09-24T06:26:41+00:00\",\"description\":\"Buy Niravam (Generic) , niravam for sale online. Where to order niravam where to buy no prescription meds.Niravam 2mg (Alprazolam) tablets online\",\"breadcrumb\":{\"@id\":\"https:\/\/buy-prescriptionz.com\/product\/buy-niravam-online\/#breadcrumb\"},\"inLanguage\":\"fr-FR\",\"potentialAction\":[{\"@type\":\"ReadAction\",\"target\":[\"https:\/\/buy-prescriptionz.com\/product\/buy-niravam-online\/\"]}]},{\"@type\":\"ImageObject\",\"inLanguage\":\"fr-FR\",\"@id\":\"https:\/\/buy-prescriptionz.com\/product\/buy-niravam-online\/#primaryimage\",\"url\":\"https:\/\/buy-prescriptionz.com\/wp-content\/uploads\/2025\/09\/niravam.jpg\",\"contentUrl\":\"https:\/\/buy-prescriptionz.com\/wp-content\/uploads\/2025\/09\/niravam.jpg\",\"width\":400,\"height\":300},{\"@type\":\"BreadcrumbList\",\"@id\":\"https:\/\/buy-prescriptionz.com\/product\/buy-niravam-online\/#breadcrumb\",\"itemListElement\":[{\"@type\":\"ListItem\",\"position\":1,\"name\":\"Home\",\"item\":\"https:\/\/buy-prescriptionz.com\/\"},{\"@type\":\"ListItem\",\"position\":2,\"name\":\"Shop Painkillers Online\",\"item\":\"https:\/\/buy-prescriptionz.com\/shop-painkillers-online\/\"},{\"@type\":\"ListItem\",\"position\":3,\"name\":\"Buy Niravam Online\"}]},{\"@type\":\"WebSite\",\"@id\":\"https:\/\/buy-prescriptionz.com\/#website\",\"url\":\"https:\/\/buy-prescriptionz.com\/\",\"name\":\"Buy Prescriptionz\",\"description\":\"Drugs Online\",\"publisher\":{\"@id\":\"https:\/\/buy-prescriptionz.com\/#organization\"},\"potentialAction\":[{\"@type\":\"SearchAction\",\"target\":{\"@type\":\"EntryPoint\",\"urlTemplate\":\"https:\/\/buy-prescriptionz.com\/?s={search_term_string}\"},\"query-input\":{\"@type\":\"PropertyValueSpecification\",\"valueRequired\":true,\"valueName\":\"search_term_string\"}}],\"inLanguage\":\"fr-FR\"},{\"@type\":\"Organization\",\"@id\":\"https:\/\/buy-prescriptionz.com\/#organization\",\"name\":\"Buy Prescriptionz\",\"url\":\"https:\/\/buy-prescriptionz.com\/\",\"logo\":{\"@type\":\"ImageObject\",\"inLanguage\":\"fr-FR\",\"@id\":\"https:\/\/buy-prescriptionz.com\/#\/schema\/logo\/image\/\",\"url\":\"https:\/\/buy-prescriptionz.com\/wp-content\/uploads\/2023\/09\/logo.png\",\"contentUrl\":\"https:\/\/buy-prescriptionz.com\/wp-content\/uploads\/2023\/09\/logo.png\",\"width\":350,\"height\":64,\"caption\":\"Buy Prescriptionz\"},\"image\":{\"@id\":\"https:\/\/buy-prescriptionz.com\/#\/schema\/logo\/image\/\"}}]}<\/script>\n<!-- \/ Yoast SEO plugin. -->","yoast_head_json":{"title":"Buy Niravam (Generic) | Best Online Prices &amp; Good Deals","description":"Acheter Niravam (G\u00e9n\u00e9rique) , niravam for sale online. Niravam 2mg (Alprazolam), comprim\u00e9s en ligne.","robots":{"index":"index","follow":"follow","max-snippet":"max-snippet:-1","max-image-preview":"max-image-preview:large","max-video-preview":"max-video-preview:-1"},"canonical":"https:\/\/buy-prescriptionz.com\/fr\/produit\/achetez-nirvana-en-ligne\/","og_locale":"fr_FR","og_type":"article","og_title":"Buy Niravam (Generic) | Best Online Prices & Good Deals","og_description":"Buy Niravam (Generic) , niravam for sale online. Where to order niravam where to buy no prescription meds.Niravam 2mg (Alprazolam) tablets online","og_url":"https:\/\/buy-prescriptionz.com\/fr\/produit\/achetez-nirvana-en-ligne\/","og_site_name":"Buy Prescriptionz","article_modified_time":"2025-09-24T06:26:41+00:00","og_image":[{"width":400,"height":300,"url":"https:\/\/buy-prescriptionz.com\/wp-content\/uploads\/2025\/09\/niravam.jpg","type":"image\/jpeg"}],"twitter_card":"summary_large_image","twitter_misc":{"Dur\u00e9e de lecture estim\u00e9e":"2 minutes"},"schema":{"@context":"https:\/\/schema.org","@graph":[{"@type":"WebPage","@id":"https:\/\/buy-prescriptionz.com\/product\/buy-niravam-online\/","url":"https:\/\/buy-prescriptionz.com\/product\/buy-niravam-online\/","name":"Buy Niravam (Generic) | Best Online Prices &amp; Good Deals","isPartOf":{"@id":"https:\/\/buy-prescriptionz.com\/#website"},"primaryImageOfPage":{"@id":"https:\/\/buy-prescriptionz.com\/product\/buy-niravam-online\/#primaryimage"},"image":{"@id":"https:\/\/buy-prescriptionz.com\/product\/buy-niravam-online\/#primaryimage"},"thumbnailUrl":"https:\/\/buy-prescriptionz.com\/wp-content\/uploads\/2025\/09\/niravam.jpg","datePublished":"2025-09-16T08:55:51+00:00","dateModified":"2025-09-24T06:26:41+00:00","description":"Acheter Niravam (G\u00e9n\u00e9rique) , niravam for sale online. Niravam 2mg (Alprazolam), comprim\u00e9s en ligne.","breadcrumb":{"@id":"https:\/\/buy-prescriptionz.com\/product\/buy-niravam-online\/#breadcrumb"},"inLanguage":"fr-FR","potentialAction":[{"@type":"ReadAction","target":["https:\/\/buy-prescriptionz.com\/product\/buy-niravam-online\/"]}]},{"@type":"ImageObject","inLanguage":"fr-FR","@id":"https:\/\/buy-prescriptionz.com\/product\/buy-niravam-online\/#primaryimage","url":"https:\/\/buy-prescriptionz.com\/wp-content\/uploads\/2025\/09\/niravam.jpg","contentUrl":"https:\/\/buy-prescriptionz.com\/wp-content\/uploads\/2025\/09\/niravam.jpg","width":400,"height":300},{"@type":"BreadcrumbList","@id":"https:\/\/buy-prescriptionz.com\/product\/buy-niravam-online\/#breadcrumb","itemListElement":[{"@type":"ListItem","position":1,"name":"Home","item":"https:\/\/buy-prescriptionz.com\/"},{"@type":"ListItem","position":2,"name":"Shop Painkillers Online","item":"https:\/\/buy-prescriptionz.com\/shop-painkillers-online\/"},{"@type":"ListItem","position":3,"name":"Buy Niravam Online"}]},{"@type":"WebSite","@id":"https:\/\/buy-prescriptionz.com\/#website","url":"https:\/\/buy-prescriptionz.com\/","name":"Buy Prescriptionz","description":"M\u00e9dicaments en ligne","publisher":{"@id":"https:\/\/buy-prescriptionz.com\/#organization"},"potentialAction":[{"@type":"SearchAction","target":{"@type":"EntryPoint","urlTemplate":"https:\/\/buy-prescriptionz.com\/?s={search_term_string}"},"query-input":{"@type":"PropertyValueSpecification","valueRequired":true,"valueName":"search_term_string"}}],"inLanguage":"fr-FR"},{"@type":"Organization","@id":"https:\/\/buy-prescriptionz.com\/#organization","name":"Buy Prescriptionz","url":"https:\/\/buy-prescriptionz.com\/","logo":{"@type":"ImageObject","inLanguage":"fr-FR","@id":"https:\/\/buy-prescriptionz.com\/#\/schema\/logo\/image\/","url":"https:\/\/buy-prescriptionz.com\/wp-content\/uploads\/2023\/09\/logo.png","contentUrl":"https:\/\/buy-prescriptionz.com\/wp-content\/uploads\/2023\/09\/logo.png","width":350,"height":64,"caption":"Buy Prescriptionz"},"image":{"@id":"https:\/\/buy-prescriptionz.com\/#\/schema\/logo\/image\/"}}]}},"_links":{"self":[{"href":"https:\/\/buy-prescriptionz.com\/fr\/wp-json\/wp\/v2\/product\/2983","targetHints":{"allow":["GET"]}}],"collection":[{"href":"https:\/\/buy-prescriptionz.com\/fr\/wp-json\/wp\/v2\/product"}],"about":[{"href":"https:\/\/buy-prescriptionz.com\/fr\/wp-json\/wp\/v2\/types\/product"}],"replies":[{"embeddable":true,"href":"https:\/\/buy-prescriptionz.com\/fr\/wp-json\/wp\/v2\/comments?post=2983"}],"wp:featuredmedia":[{"embeddable":true,"href":"https:\/\/buy-prescriptionz.com\/fr\/wp-json\/wp\/v2\/media\/3013"}],"wp:attachment":[{"href":"https:\/\/buy-prescriptionz.com\/fr\/wp-json\/wp\/v2\/media?parent=2983"}],"wp:term":[{"taxonomy":"product_brand","embeddable":true,"href":"https:\/\/buy-prescriptionz.com\/fr\/wp-json\/wp\/v2\/product_brand?post=2983"},{"taxonomy":"product_cat","embeddable":true,"href":"https:\/\/buy-prescriptionz.com\/fr\/wp-json\/wp\/v2\/product_cat?post=2983"},{"taxonomy":"product_tag","embeddable":true,"href":"https:\/\/buy-prescriptionz.com\/fr\/wp-json\/wp\/v2\/product_tag?post=2983"}],"curies":[{"name":"wp","href":"https:\/\/api.w.org\/{rel}","templated":true}]}}