{"id":2985,"date":"2025-09-16T08:55:51","date_gmt":"2025-09-16T08:55:51","guid":{"rendered":"https:\/\/chemsfine.com\/newsite\/?post_type=product&#038;p=2985"},"modified":"2026-01-30T13:59:44","modified_gmt":"2026-01-30T13:59:44","slug":"alprazolam","status":"publish","type":"product","link":"https:\/\/buy-prescriptionz.com\/fr\/produit\/alprazolam\/","title":{"rendered":"Alprazolam"},"content":{"rendered":"<h2 style=\"text-align: justify;\">ACHETER DE L'ALPRAZOLAM EN LIGNE<\/h2>\n<p style=\"text-align: justify;\">BUY ALPRAZOLAM ONLINE Buy alprazolam online, L'alprazolam est une benzodiaz\u00e9pine courante dans le milieu m\u00e9dical qui est \u00e9galement prise \u00e0 des fins r\u00e9cr\u00e9atives. Il est normalement utilis\u00e9 pour l'anxi\u00e9t\u00e9 et les troubles paniques, bien qu'il ait des propri\u00e9t\u00e9s antid\u00e9pressives. Ses effets r\u00e9cr\u00e9atifs sont l'anxiolyse, la d\u00e9sinhibition et l'euphorie. FEUILLES L'alprazolam est utilis\u00e9 pour le traitement de l'anxi\u00e9t\u00e9 et ...<\/p>\n<p style=\"text-align: justify;\">Ses effets r\u00e9cr\u00e9atifs sont l'anxiolyse, la d\u00e9sinhibition et l'euphorie.<\/p>\n<h3>Pr\u00e9sentation de l'alprazolam<\/h3>\n<p>L'alprazolam est utilis\u00e9 pour le traitement de l'anxi\u00e9t\u00e9 et des troubles paniques. Il appartient \u00e0 une classe de m\u00e9dicaments appel\u00e9s benzodiaz\u00e9pines qui agissent sur le cerveau et les nerfs pour produire un effet calmant. Il agit en renfor\u00e7ant les effets d'une certaine substance chimique naturelle dans le corps humain.<\/p>\n<h3>Utilisations de l'alprazolam<\/h3>\n<ol>\n<li><strong>Troubles anxieux<\/strong>: La <strong>meilleur Alprazolam <\/strong>est couramment prescrit pour g\u00e9rer les troubles anxieux, en soulageant les sympt\u00f4mes tels que l\u2019inqui\u00e9tude excessive, l\u2019agitation et l\u2019irritabilit\u00e9.<\/li>\n<li><strong>Troubles paniques<\/strong>:Il est efficace dans le traitement des troubles paniques, qui se caract\u00e9risent par des crises soudaines de peur et d\u2019inqui\u00e9tude intenses.<\/li>\n<li><strong>Soulagement \u00e0 court terme<\/strong>:Souvent utilis\u00e9 pour la gestion \u00e0 court terme des sympt\u00f4mes d\u2019anxi\u00e9t\u00e9 pendant que des plans de traitement \u00e0 long terme sont mis en place.<\/li>\n<\/ol>\n<h3>Avantages de l'alprazolam<\/h3>\n<ol>\n<li><strong>Soulagement rapide<\/strong>:L'alprazolam est connu pour sa nature \u00e0 action rapide, procurant un soulagement rapide des sympt\u00f4mes d'anxi\u00e9t\u00e9 et de panique.<\/li>\n<li><strong>Am\u00e9liore la qualit\u00e9 de vie<\/strong>:En g\u00e9rant efficacement les sympt\u00f4mes, on peut am\u00e9liorer consid\u00e9rablement la qualit\u00e9 de vie des personnes souffrant de troubles anxieux.<\/li>\n<li><strong>Bien \u00e9tudi\u00e9<\/strong>:L'alprazolam a \u00e9t\u00e9 largement \u00e9tudi\u00e9 et utilis\u00e9 pendant des d\u00e9cennies, ce qui en fait un m\u00e9dicament bien compris et fiable dans la communaut\u00e9 m\u00e9dicale.<\/li>\n<\/ol>\n<h3>Consid\u00e9rations importantes<\/h3>\n<ol>\n<li><strong>D\u00e9pendance<\/strong>:Il existe un risque de d\u00e9pendance en cas d'utilisation prolong\u00e9e, c'est pourquoi il est g\u00e9n\u00e9ralement prescrit pour une utilisation \u00e0 court terme.<\/li>\n<li><strong>Effets secondaires<\/strong>Les effets secondaires courants comprennent la somnolence, les \u00e9tourdissements et une augmentation de la production de salive. Il est important de respecter la posologie et les recommandations prescrites pour minimiser ces effets.<\/li>\n<li><strong>Interactions<\/strong>:L\u2019alprazolam peut interagir avec d\u2019autres m\u00e9dicaments et substances, il est donc essentiel d\u2019informer votre m\u00e9decin de tous les m\u00e9dicaments que vous prenez.<\/li>\n<\/ol>\n<p>L'alprazolam est un m\u00e9dicament pr\u00e9cieux pour les personnes souffrant d'anxi\u00e9t\u00e9 et de troubles paniques, offrant un soulagement rapide et efficace. Cependant, il est essentiel de l'utiliser sous surveillance m\u00e9dicale en raison du risque de d\u00e9pendance et d'effets secondaires. Pour acheter de l'alprazolam en toute s\u00e9curit\u00e9 et en toute simplicit\u00e9, consultez l'une des meilleures pharmacies. <a href=\"https:\/\/buy-prescriptionz.com\/fr\/\">buy-prescriptionz.com<\/a>.<\/p>\n<h3 style=\"text-align: justify;\">FEATURES<\/h3>\n<p style=\"text-align: justify;\">L'alprazolam est utilis\u00e9 pour le traitement de l'anxi\u00e9t\u00e9 et des troubles paniques. Il appartient \u00e0 une classe de m\u00e9dicaments appel\u00e9s benzodiaz\u00e9pines qui agissent sur le cerveau et les nerfs pour produire un effet calmant. Il agit en renfor\u00e7ant les effets d'une certaine substance chimique naturelle dans le corps humain.<\/p>\n<h3 style=\"text-align: justify;\">PR\u00c9CAUTIONS<\/h3>\n<p style=\"text-align: justify;\">Avant de prendre ce m\u00e9dicament, dites \u00e0 votre m\u00e9decin ou \u00e0 votre pharmacien si vous \u00eates allergique \u00e0 ce produit ou \u00e0 d'autres benzodiaz\u00e9pines (comme le diaz\u00e9pam, le loraz\u00e9pam) ou si vous avez d'autres allergies. Ce produit peut contenir des ingr\u00e9dients inactifs qui provoquent des r\u00e9actions allergiques ou d'autres probl\u00e8mes.Achat d'alprazolam en ligne<\/p>\n<p style=\"text-align: justify;\">Il passe dans le lait maternel et peut avoir des effets ind\u00e9sirables sur le nourrisson. L'allaitement pendant l'utilisation de ce m\u00e9dicament n'est pas recommand\u00e9. Consultez votre m\u00e9decin avant d'allaiter.<\/p>\n<h3 style=\"text-align: justify;\">EFFETS SECONDAIRES<\/h3>\n<p style=\"text-align: justify;\">\u2022 Somnolence<br \/>\nFatigue<br \/>\nD'autres effets secondaires incluent<br \/>\nProbl\u00e8mes de m\u00e9moire<br \/>\n\u2022 Speech problems<br \/>\n- Constipation<br \/>\n\u2022 Changes in weight<br \/>\n\u2022 Addiction (d\u00e9pendance)<br \/>\n- Maux de t\u00eate<br \/>\n- Constipation<br \/>\n- S\u00e9cheresse buccale<\/p>\n<h3 style=\"text-align: justify;\">SURDOSAGE<\/h3>\n<p style=\"text-align: justify;\">Symptomen fan oerdosis kinne omfetsje: slimme slaperigheid, fertrage \/ fermindere refleksen, fertrage sykheljen, ferlies fan bewustw\u00eazen.<\/p>\n<p style=\"text-align: justify;\">En cas de suspicion de surdosage, contactez imm\u00e9diatement un m\u00e9decin.<\/p>\n<h3 style=\"text-align: justify;\">DOSE OUBLI\u00c9E<\/h3>\n<p style=\"text-align: justify;\">Si vous oubliez une dose, prenez-la d\u00e8s que possible. Si c'est l'heure de la dose suivante, sautez la dose oubli\u00e9e et reprenez votre sch\u00e9ma posologique habituel. Ne doublez pas la dose pour vous rattraper.<\/p>\n<h3 style=\"text-align: justify;\">STOCKAGE<\/h3>\n<p style=\"text-align: justify;\">Conservez l'Alprazolam \u00e0 temp\u00e9rature ambiante, \u00e0 l'abri de la lumi\u00e8re et de l'humidit\u00e9. Ne pas conserver dans la salle de bain. Gardez tous les m\u00e9dicaments hors de la port\u00e9e des enfants et des animaux de compagnie. Ne jetez pas ces m\u00e9dicaments dans les toilettes et ne les versez pas dans un drain, sauf si on vous le demande.<\/p>\n<h3 style=\"text-align: justify;\">O\u00d9 ACHETER DE L'ALPRAZOLAM EN LIGNE ?<\/h3>\n<p style=\"text-align: justify;\">buy-prescriptionz.com est la meilleure pharmacie pour l'alprazolam. Achetez de l'alprazolam en ligne sans ordonnance sur Buyprescriptionz au meilleur prix.<\/p>","protected":false},"excerpt":{"rendered":"<p>BUY ALPRAZOLAM ONLINE Buy alprazolam online, Alprazolam drug is a common benzodiazepine in medical settings that is also taken for the recreational purposes. It\u2019s normally used for anxiety and panic disorder, though it has antidepressant properties. Its recreational effects consist of anxiolysis, disinhibition, and euphoria. Overview of Alprazolam Alprazolam is a prescription medication primarily used [&hellip;]<\/p>","protected":false},"featured_media":3015,"comment_status":"open","ping_status":"closed","template":"","meta":{"site-sidebar-layout":"default","site-content-layout":"","ast-site-content-layout":"default","site-content-style":"default","site-sidebar-style":"default","ast-global-header-display":"","ast-banner-title-visibility":"","ast-main-header-display":"","ast-hfb-above-header-display":"","ast-hfb-below-header-display":"","ast-hfb-mobile-header-display":"","site-post-title":"","ast-breadcrumbs-content":"","ast-featured-img":"","footer-sml-layout":"","theme-transparent-header-meta":"","adv-header-id-meta":"","stick-header-meta":"","header-above-stick-meta":"","header-main-stick-meta":"","header-below-stick-meta":"","astra-migrate-meta-layouts":"default","ast-page-background-enabled":"default","ast-page-background-meta":{"desktop":{"background-color":"var(--ast-global-color-4)","background-image":"","background-repeat":"repeat","background-position":"center center","background-size":"auto","background-attachment":"scroll","background-type":"","background-media":"","overlay-type":"","overlay-color":"","overlay-opacity":"","overlay-gradient":""},"tablet":{"background-color":"","background-image":"","background-repeat":"repeat","background-position":"center center","background-size":"auto","background-attachment":"scroll","background-type":"","background-media":"","overlay-type":"","overlay-color":"","overlay-opacity":"","overlay-gradient":""},"mobile":{"background-color":"","background-image":"","background-repeat":"repeat","background-position":"center center","background-size":"auto","background-attachment":"scroll","background-type":"","background-media":"","overlay-type":"","overlay-color":"","overlay-opacity":"","overlay-gradient":""}},"ast-content-background-meta":{"desktop":{"background-color":"var(--ast-global-color-5)","background-image":"","background-repeat":"repeat","background-position":"center center","background-size":"auto","background-attachment":"scroll","background-type":"","background-media":"","overlay-type":"","overlay-color":"","overlay-opacity":"","overlay-gradient":""},"tablet":{"background-color":"var(--ast-global-color-5)","background-image":"","background-repeat":"repeat","background-position":"center center","background-size":"auto","background-attachment":"scroll","background-type":"","background-media":"","overlay-type":"","overlay-color":"","overlay-opacity":"","overlay-gradient":""},"mobile":{"background-color":"var(--ast-global-color-5)","background-image":"","background-repeat":"repeat","background-position":"center center","background-size":"auto","background-attachment":"scroll","background-type":"","background-media":"","overlay-type":"","overlay-color":"","overlay-opacity":"","overlay-gradient":""}}},"product_brand":[],"product_cat":[2381],"product_tag":[1807,1815,1816,1814,1809,1812,1811,1810,1813,1808],"class_list":{"0":"post-2985","1":"product","2":"type-product","3":"status-publish","4":"has-post-thumbnail","6":"product_cat-buy-depressants-and-anxiety-pills-online","7":"product_tag-alprazolam-for-sale","8":"product_tag-buy-alprazolam-in-canada","9":"product_tag-buy-alprazolam-in-uk","10":"product_tag-buy-alprazolam-in-usa","11":"product_tag-buy-alprazolam-with-bitcoin","12":"product_tag-buy-alprazolam-with-credit-card","13":"product_tag-buy-alprazolam-with-money-gram","14":"product_tag-buy-alprazolam-with-western-union","15":"product_tag-buy-alprazolam-without-a-doctor","16":"product_tag-buy-alprazolam-without-prescription","17":"desktop-align-center","18":"tablet-align-left","19":"mobile-align-left","21":"first","22":"instock","23":"shipping-taxable","24":"purchasable","25":"product-type-variable","26":"has-default-attributes"},"yoast_head":"<!-- This site is optimized with the Yoast SEO plugin v25.9 - https:\/\/yoast.com\/wordpress\/plugins\/seo\/ -->\n<title>Buy alprazolam online - Order alprazolam online , alprazolam<\/title>\n<meta name=\"description\" content=\"Buy alprazolam online, BUY ALPRAZOLAM ONLINE, NO PRESCRIPTION REQUIRED, WHERE TO BUY alprazolam ONLINE OVERNIGHT SHIPPING BUY CHEAP\" \/>\n<meta name=\"robots\" content=\"index, follow, max-snippet:-1, max-image-preview:large, max-video-preview:-1\" \/>\n<link rel=\"canonical\" href=\"https:\/\/buy-prescriptionz.com\/fr\/produit\/alprazolam\/\" \/>\n<meta property=\"og:locale\" content=\"fr_FR\" \/>\n<meta property=\"og:type\" content=\"article\" \/>\n<meta property=\"og:title\" content=\"Buy alprazolam online - Order alprazolam online , alprazolam\" \/>\n<meta property=\"og:description\" content=\"Buy alprazolam online, BUY ALPRAZOLAM ONLINE, NO PRESCRIPTION REQUIRED, WHERE TO BUY alprazolam ONLINE OVERNIGHT SHIPPING BUY CHEAP\" \/>\n<meta property=\"og:url\" content=\"https:\/\/buy-prescriptionz.com\/fr\/produit\/alprazolam\/\" \/>\n<meta property=\"og:site_name\" content=\"Buy Prescriptionz\" \/>\n<meta property=\"article:modified_time\" content=\"2026-01-30T13:59:44+00:00\" \/>\n<meta property=\"og:image\" content=\"https:\/\/buy-prescriptionz.com\/wp-content\/uploads\/2025\/09\/alprazolam.jpg\" \/>\n\t<meta property=\"og:image:width\" content=\"400\" \/>\n\t<meta property=\"og:image:height\" content=\"300\" \/>\n\t<meta property=\"og:image:type\" content=\"image\/jpeg\" \/>\n<meta name=\"twitter:card\" content=\"summary_large_image\" \/>\n<meta name=\"twitter:label1\" content=\"Dur\u00e9e de lecture estim\u00e9e\" \/>\n\t<meta name=\"twitter:data1\" content=\"3 minutes\" \/>\n<script type=\"application\/ld+json\" class=\"yoast-schema-graph\">{\"@context\":\"https:\/\/schema.org\",\"@graph\":[{\"@type\":\"WebPage\",\"@id\":\"https:\/\/buy-prescriptionz.com\/cs\/produkt\/alprazolam\/\",\"url\":\"https:\/\/buy-prescriptionz.com\/cs\/produkt\/alprazolam\/\",\"name\":\"Buy alprazolam online - Order alprazolam online , alprazolam\",\"isPartOf\":{\"@id\":\"https:\/\/buy-prescriptionz.com\/#website\"},\"primaryImageOfPage\":{\"@id\":\"https:\/\/buy-prescriptionz.com\/cs\/produkt\/alprazolam\/#primaryimage\"},\"image\":{\"@id\":\"https:\/\/buy-prescriptionz.com\/cs\/produkt\/alprazolam\/#primaryimage\"},\"thumbnailUrl\":\"https:\/\/buy-prescriptionz.com\/wp-content\/uploads\/2025\/09\/alprazolam.jpg\",\"datePublished\":\"2025-09-16T08:55:51+00:00\",\"dateModified\":\"2026-01-30T13:59:44+00:00\",\"description\":\"Buy alprazolam online, BUY ALPRAZOLAM ONLINE, NO PRESCRIPTION REQUIRED, WHERE TO BUY alprazolam ONLINE OVERNIGHT SHIPPING BUY CHEAP\",\"breadcrumb\":{\"@id\":\"https:\/\/buy-prescriptionz.com\/cs\/produkt\/alprazolam\/#breadcrumb\"},\"inLanguage\":\"fr-FR\",\"potentialAction\":[{\"@type\":\"ReadAction\",\"target\":[\"https:\/\/buy-prescriptionz.com\/cs\/produkt\/alprazolam\/\"]}]},{\"@type\":\"ImageObject\",\"inLanguage\":\"fr-FR\",\"@id\":\"https:\/\/buy-prescriptionz.com\/cs\/produkt\/alprazolam\/#primaryimage\",\"url\":\"https:\/\/buy-prescriptionz.com\/wp-content\/uploads\/2025\/09\/alprazolam.jpg\",\"contentUrl\":\"https:\/\/buy-prescriptionz.com\/wp-content\/uploads\/2025\/09\/alprazolam.jpg\",\"width\":400,\"height\":300},{\"@type\":\"BreadcrumbList\",\"@id\":\"https:\/\/buy-prescriptionz.com\/cs\/produkt\/alprazolam\/#breadcrumb\",\"itemListElement\":[{\"@type\":\"ListItem\",\"position\":1,\"name\":\"Home\",\"item\":\"https:\/\/buy-prescriptionz.com\/\"},{\"@type\":\"ListItem\",\"position\":2,\"name\":\"Shop Painkillers Online\",\"item\":\"https:\/\/buy-prescriptionz.com\/shop-painkillers-online\/\"},{\"@type\":\"ListItem\",\"position\":3,\"name\":\"Alprazolam\"}]},{\"@type\":\"WebSite\",\"@id\":\"https:\/\/buy-prescriptionz.com\/#website\",\"url\":\"https:\/\/buy-prescriptionz.com\/\",\"name\":\"Buy Prescriptionz\",\"description\":\"Drugs Online\",\"publisher\":{\"@id\":\"https:\/\/buy-prescriptionz.com\/#organization\"},\"potentialAction\":[{\"@type\":\"SearchAction\",\"target\":{\"@type\":\"EntryPoint\",\"urlTemplate\":\"https:\/\/buy-prescriptionz.com\/?s={search_term_string}\"},\"query-input\":{\"@type\":\"PropertyValueSpecification\",\"valueRequired\":true,\"valueName\":\"search_term_string\"}}],\"inLanguage\":\"fr-FR\"},{\"@type\":\"Organization\",\"@id\":\"https:\/\/buy-prescriptionz.com\/#organization\",\"name\":\"Buy Prescriptionz\",\"url\":\"https:\/\/buy-prescriptionz.com\/\",\"logo\":{\"@type\":\"ImageObject\",\"inLanguage\":\"fr-FR\",\"@id\":\"https:\/\/buy-prescriptionz.com\/#\/schema\/logo\/image\/\",\"url\":\"https:\/\/buy-prescriptionz.com\/wp-content\/uploads\/2023\/09\/logo.png\",\"contentUrl\":\"https:\/\/buy-prescriptionz.com\/wp-content\/uploads\/2023\/09\/logo.png\",\"width\":350,\"height\":64,\"caption\":\"Buy Prescriptionz\"},\"image\":{\"@id\":\"https:\/\/buy-prescriptionz.com\/#\/schema\/logo\/image\/\"}}]}<\/script>\n<!-- \/ Yoast SEO plugin. -->","yoast_head_json":{"title":"Acheter de l'alprazolam en ligne - Commander de l'alprazolam en ligne, alprazolam","description":"Achetez de l'alprazolam en ligne, achetez de l'alprazolam en ligne, sans ordonnance, o\u00f9 acheter de l'alprazolam en ligne, livraison le lendemain, achetez \u00e0 bas prix","robots":{"index":"index","follow":"follow","max-snippet":"max-snippet:-1","max-image-preview":"max-image-preview:large","max-video-preview":"max-video-preview:-1"},"canonical":"https:\/\/buy-prescriptionz.com\/fr\/produit\/alprazolam\/","og_locale":"fr_FR","og_type":"article","og_title":"Buy alprazolam online - Order alprazolam online , alprazolam","og_description":"Buy alprazolam online, BUY ALPRAZOLAM ONLINE, NO PRESCRIPTION REQUIRED, WHERE TO BUY alprazolam ONLINE OVERNIGHT SHIPPING BUY CHEAP","og_url":"https:\/\/buy-prescriptionz.com\/fr\/produit\/alprazolam\/","og_site_name":"Buy Prescriptionz","article_modified_time":"2026-01-30T13:59:44+00:00","og_image":[{"width":400,"height":300,"url":"https:\/\/buy-prescriptionz.com\/wp-content\/uploads\/2025\/09\/alprazolam.jpg","type":"image\/jpeg"}],"twitter_card":"summary_large_image","twitter_misc":{"Dur\u00e9e de lecture estim\u00e9e":"3 minutes"},"schema":{"@context":"https:\/\/schema.org","@graph":[{"@type":"WebPage","@id":"https:\/\/buy-prescriptionz.com\/cs\/produkt\/alprazolam\/","url":"https:\/\/buy-prescriptionz.com\/cs\/produkt\/alprazolam\/","name":"Acheter de l'alprazolam en ligne - Commander de l'alprazolam en ligne, alprazolam","isPartOf":{"@id":"https:\/\/buy-prescriptionz.com\/#website"},"primaryImageOfPage":{"@id":"https:\/\/buy-prescriptionz.com\/cs\/produkt\/alprazolam\/#primaryimage"},"image":{"@id":"https:\/\/buy-prescriptionz.com\/cs\/produkt\/alprazolam\/#primaryimage"},"thumbnailUrl":"https:\/\/buy-prescriptionz.com\/wp-content\/uploads\/2025\/09\/alprazolam.jpg","datePublished":"2025-09-16T08:55:51+00:00","dateModified":"2026-01-30T13:59:44+00:00","description":"Achetez de l'alprazolam en ligne, achetez de l'alprazolam en ligne, sans ordonnance, o\u00f9 acheter de l'alprazolam en ligne, livraison le lendemain, achetez \u00e0 bas prix","breadcrumb":{"@id":"https:\/\/buy-prescriptionz.com\/cs\/produkt\/alprazolam\/#breadcrumb"},"inLanguage":"fr-FR","potentialAction":[{"@type":"ReadAction","target":["https:\/\/buy-prescriptionz.com\/cs\/produkt\/alprazolam\/"]}]},{"@type":"ImageObject","inLanguage":"fr-FR","@id":"https:\/\/buy-prescriptionz.com\/cs\/produkt\/alprazolam\/#primaryimage","url":"https:\/\/buy-prescriptionz.com\/wp-content\/uploads\/2025\/09\/alprazolam.jpg","contentUrl":"https:\/\/buy-prescriptionz.com\/wp-content\/uploads\/2025\/09\/alprazolam.jpg","width":400,"height":300},{"@type":"BreadcrumbList","@id":"https:\/\/buy-prescriptionz.com\/cs\/produkt\/alprazolam\/#breadcrumb","itemListElement":[{"@type":"ListItem","position":1,"name":"Home","item":"https:\/\/buy-prescriptionz.com\/"},{"@type":"ListItem","position":2,"name":"Shop Painkillers Online","item":"https:\/\/buy-prescriptionz.com\/shop-painkillers-online\/"},{"@type":"ListItem","position":3,"name":"Alprazolam"}]},{"@type":"WebSite","@id":"https:\/\/buy-prescriptionz.com\/#website","url":"https:\/\/buy-prescriptionz.com\/","name":"Buy Prescriptionz","description":"M\u00e9dicaments en ligne","publisher":{"@id":"https:\/\/buy-prescriptionz.com\/#organization"},"potentialAction":[{"@type":"SearchAction","target":{"@type":"EntryPoint","urlTemplate":"https:\/\/buy-prescriptionz.com\/?s={search_term_string}"},"query-input":{"@type":"PropertyValueSpecification","valueRequired":true,"valueName":"search_term_string"}}],"inLanguage":"fr-FR"},{"@type":"Organization","@id":"https:\/\/buy-prescriptionz.com\/#organization","name":"Buy Prescriptionz","url":"https:\/\/buy-prescriptionz.com\/","logo":{"@type":"ImageObject","inLanguage":"fr-FR","@id":"https:\/\/buy-prescriptionz.com\/#\/schema\/logo\/image\/","url":"https:\/\/buy-prescriptionz.com\/wp-content\/uploads\/2023\/09\/logo.png","contentUrl":"https:\/\/buy-prescriptionz.com\/wp-content\/uploads\/2023\/09\/logo.png","width":350,"height":64,"caption":"Buy Prescriptionz"},"image":{"@id":"https:\/\/buy-prescriptionz.com\/#\/schema\/logo\/image\/"}}]}},"_links":{"self":[{"href":"https:\/\/buy-prescriptionz.com\/fr\/wp-json\/wp\/v2\/product\/2985","targetHints":{"allow":["GET"]}}],"collection":[{"href":"https:\/\/buy-prescriptionz.com\/fr\/wp-json\/wp\/v2\/product"}],"about":[{"href":"https:\/\/buy-prescriptionz.com\/fr\/wp-json\/wp\/v2\/types\/product"}],"replies":[{"embeddable":true,"href":"https:\/\/buy-prescriptionz.com\/fr\/wp-json\/wp\/v2\/comments?post=2985"}],"wp:featuredmedia":[{"embeddable":true,"href":"https:\/\/buy-prescriptionz.com\/fr\/wp-json\/wp\/v2\/media\/3015"}],"wp:attachment":[{"href":"https:\/\/buy-prescriptionz.com\/fr\/wp-json\/wp\/v2\/media?parent=2985"}],"wp:term":[{"taxonomy":"product_brand","embeddable":true,"href":"https:\/\/buy-prescriptionz.com\/fr\/wp-json\/wp\/v2\/product_brand?post=2985"},{"taxonomy":"product_cat","embeddable":true,"href":"https:\/\/buy-prescriptionz.com\/fr\/wp-json\/wp\/v2\/product_cat?post=2985"},{"taxonomy":"product_tag","embeddable":true,"href":"https:\/\/buy-prescriptionz.com\/fr\/wp-json\/wp\/v2\/product_tag?post=2985"}],"curies":[{"name":"wp","href":"https:\/\/api.w.org\/{rel}","templated":true}]}}