{"id":2986,"date":"2025-09-16T08:55:51","date_gmt":"2025-09-16T08:55:51","guid":{"rendered":"https:\/\/chemsfine.com\/newsite\/?post_type=product&#038;p=2986"},"modified":"2026-04-20T05:58:05","modified_gmt":"2026-04-20T05:58:05","slug":"acheter-du-diazepam-en-ligne","status":"publish","type":"product","link":"https:\/\/buy-prescriptionz.com\/fr\/produit\/acheter-du-diazepam-en-ligne\/","title":{"rendered":"Acheter du Diazepam en ligne"},"content":{"rendered":"<h2>Acheter du diaz\u00e9pam en ligne : Pourquoi devriez-vous acheter du diaz\u00e9pam en ligne ?<\/h2>\n<p>Le diaz\u00e9pam est consid\u00e9r\u00e9 comme une benzodiaz\u00e9pine qui poss\u00e8de des propri\u00e9t\u00e9s anticonvulsivantes, s\u00e9datives, anxiolytiques, amn\u00e9siantes et myorelaxantes et qui a une longue dur\u00e9e d'action. Ses actions sont m\u00e9di\u00e9es par l'augmentation de l'activit\u00e9 de l'acide gamma-aminobutyrique (GABA). Cela augmente la fr\u00e9quence d'ouverture du canal chlorure, ce qui permet ensuite le flux d'ions chlorure dans les neurones. Cela conduit finalement \u00e0 l'hyperpolarisation de la membrane et diminue \u00e9galement l'excitabilit\u00e9 neuronale. Ce comprim\u00e9 peut traiter la maladie de la masse v\u00e9h\u00e9mente, et est recommand\u00e9 aux patients par les m\u00e9decins.<\/p>\n<h3>Quelles sont les caract\u00e9ristiques du Diazepam ?<\/h3>\n<p>Le comprim\u00e9 oral Diazepam peut \u00eatre utilis\u00e9 pour traiter les conditions suivantes, par exemple :<\/p>\n<p>1. Un traitement compl\u00e9mentaire pour les spasmes des muscles squelettiques<br \/>\n2. Sympt\u00f4mes du sevrage alcoolique comme les tremblements et l'agitation<br \/>\n3. Un traitement compl\u00e9mentaire pour les types de crises<\/p>\n<h3>Quelles sont les pr\u00e9cautions \u00e0 prendre avec le Diazepam ?<\/h3>\n<p>Il peut y avoir un risque \u00e0 prendre du Diazepam pendant la grossesse et l'allaitement et c'est pour cette raison que ce m\u00e9dicament doit \u00eatre \u00e9vit\u00e9 pendant cette phase. Ce m\u00e9dicament peut r\u00e9agir avec d'autres m\u00e9dicaments comme les narcotiques, les ph\u00e9nothiazines, les barbituriques, les narcotiques, les antid\u00e9presseurs et les inhibiteurs de la MAO.<\/p>\n<p>Le diaz\u00e9pam, le meilleur m\u00e9dicament, augmente les effets du neurotransmetteur acide gamma-aminobutyrique (GABA) dans le cerveau. Il en r\u00e9sulte un effet calmant qui contribue \u00e0 r\u00e9duire l'anxi\u00e9t\u00e9, les spasmes musculaires et les crises d'\u00e9pilepsie.<\/p>\n<h3>Principales utilisations du diaz\u00e9pam<\/h3>\n<ul>\n<li>Gestion de l\u2019anxi\u00e9t\u00e9 : le diaz\u00e9pam est souvent utilis\u00e9 pour traiter les troubles anxieux, aidant \u00e0 r\u00e9duire les sympt\u00f4mes et \u00e0 favoriser la relaxation.<\/li>\n<li>Soulagement des spasmes musculaires : Il est efficace pour d\u00e9tendre les spasmes musculaires et la spasticit\u00e9 li\u00e9s \u00e0 des affections telles que la paralysie c\u00e9r\u00e9brale, la scl\u00e9rose en plaques et les blessures.<\/li>\n<li>Traitement des crises : le diaz\u00e9pam aide \u00e0 contr\u00f4ler et \u00e0 pr\u00e9venir les crises, en particulier chez les personnes \u00e9pileptiques.<\/li>\n<li>Sevrage alcoolique : il aide \u00e0 g\u00e9rer les sympt\u00f4mes de sevrage alcoolique, r\u00e9duisant ainsi le risque de complications graves li\u00e9es au sevrage.<\/li>\n<\/ul>\n<h3>Avantages du diaz\u00e9pam<\/h3>\n<ul>\n<li>Action rapide : le diaz\u00e9pam agit rapidement pour soulager les sympt\u00f4mes d\u2019anxi\u00e9t\u00e9 et les spasmes musculaires.<\/li>\n<li>Applications multiples : Il est utile dans le traitement d\u2019un large \u00e9ventail de conditions, notamment l\u2019anxi\u00e9t\u00e9, les spasmes musculaires, les crises d\u2019\u00e9pilepsie et le sevrage alcoolique.<\/li>\n<li>Recherche approfondie : Le m\u00e9dicament a \u00e9t\u00e9 soigneusement \u00e9tudi\u00e9, garantissant son efficacit\u00e9 et sa s\u00e9curit\u00e9 lorsqu'il est utilis\u00e9 correctement.<\/li>\n<\/ul>\n<p>Le diaz\u00e9pam est un m\u00e9dicament tr\u00e8s efficace pour traiter l'anxi\u00e9t\u00e9, les spasmes musculaires et les crises d'\u00e9pilepsie. Son action rapide et son innocuit\u00e9 bien document\u00e9e en font une option fiable pour de nombreux patients. Pour plus d'informations ou pour acheter du diaz\u00e9pam, rendez-vous dans la meilleure pharmacie. <a href=\"https:\/\/buy-prescriptionz.com\/fr\/\">buy-prescriptionz.com<\/a>.<\/p>\n<h3>Quels sont les effets secondaires du Diazepam ?<\/h3>\n<p>Les effets secondaires courants de ce m\u00e9dicament sont les suivants :<\/p>\n<p>\u2022 Somnolence<br \/>\n- Sentiment d'irritabilit\u00e9 ou d'agitation<br \/>\n- Faiblesse musculaire<br \/>\n- Troubles de l'\u00e9locution<br \/>\n- Bouche s\u00e8che ou bave<br \/>\n- Aucune capacit\u00e9 \u00e0 contr\u00f4ler les mouvements musculaires<\/p>\n<p>Si ces effets ind\u00e9sirables ne disparaissent pas ou s'aggravent, il faut en parler au pharmacien ou au m\u00e9decin.<\/p>\n<h3>O\u00f9 acheter du Diazepam en ligne ?<\/h3>\n<p>On peut acheter Diazepam sur Buyprescriptionz.com. Le Diazepam est disponible \u00e0 la vente en ligne au meilleur prix.<\/p>","protected":false},"excerpt":{"rendered":"<p>Buy Diazepam Online: Why should you buy Diazepam online? Diazepam is considered to be a benzodiazepine which has anticonvulsant, sedative, anxiolytic, amnesic properties, and muscle relaxant and has a long duration of action. The actions of it are mediated, which is with the enhancement of the Gamma-Aminobutyric Acid (GABA) activity. This increases the frequency of [&hellip;]<\/p>","protected":false},"featured_media":3016,"comment_status":"open","ping_status":"closed","template":"","meta":{"site-sidebar-layout":"default","site-content-layout":"","ast-site-content-layout":"default","site-content-style":"default","site-sidebar-style":"default","ast-global-header-display":"","ast-banner-title-visibility":"","ast-main-header-display":"","ast-hfb-above-header-display":"","ast-hfb-below-header-display":"","ast-hfb-mobile-header-display":"","site-post-title":"","ast-breadcrumbs-content":"","ast-featured-img":"","footer-sml-layout":"","theme-transparent-header-meta":"default","adv-header-id-meta":"","stick-header-meta":"","header-above-stick-meta":"","header-main-stick-meta":"","header-below-stick-meta":"","astra-migrate-meta-layouts":"set","ast-page-background-enabled":"default","ast-page-background-meta":{"desktop":{"background-color":"var(--ast-global-color-4)","background-image":"","background-repeat":"repeat","background-position":"center center","background-size":"auto","background-attachment":"scroll","background-type":"","background-media":"","overlay-type":"","overlay-color":"","overlay-opacity":"","overlay-gradient":""},"tablet":{"background-color":"","background-image":"","background-repeat":"repeat","background-position":"center center","background-size":"auto","background-attachment":"scroll","background-type":"","background-media":"","overlay-type":"","overlay-color":"","overlay-opacity":"","overlay-gradient":""},"mobile":{"background-color":"","background-image":"","background-repeat":"repeat","background-position":"center center","background-size":"auto","background-attachment":"scroll","background-type":"","background-media":"","overlay-type":"","overlay-color":"","overlay-opacity":"","overlay-gradient":""}},"ast-content-background-meta":{"desktop":{"background-color":"var(--ast-global-color-5)","background-image":"","background-repeat":"repeat","background-position":"center center","background-size":"auto","background-attachment":"scroll","background-type":"","background-media":"","overlay-type":"","overlay-color":"","overlay-opacity":"","overlay-gradient":""},"tablet":{"background-color":"var(--ast-global-color-5)","background-image":"","background-repeat":"repeat","background-position":"center center","background-size":"auto","background-attachment":"scroll","background-type":"","background-media":"","overlay-type":"","overlay-color":"","overlay-opacity":"","overlay-gradient":""},"mobile":{"background-color":"var(--ast-global-color-5)","background-image":"","background-repeat":"repeat","background-position":"center center","background-size":"auto","background-attachment":"scroll","background-type":"","background-media":"","overlay-type":"","overlay-color":"","overlay-opacity":"","overlay-gradient":""}}},"product_brand":[],"product_cat":[2381],"product_tag":[1804,1805,1803,1798,1801,1800,1799,1802,1797,1806,1796],"class_list":{"0":"post-2986","1":"product","2":"type-product","3":"status-publish","4":"has-post-thumbnail","6":"product_cat-buy-depressants-and-anxiety-pills-online","7":"product_tag-buy-diazepam-in-canada","8":"product_tag-buy-diazepam-in-uk","9":"product_tag-buy-diazepam-in-usa","10":"product_tag-buy-diazepam-with-bitcoin","11":"product_tag-buy-diazepam-with-credit-card","12":"product_tag-buy-diazepam-with-money-gram","13":"product_tag-buy-diazepam-with-western-union","14":"product_tag-buy-diazepam-without-a-doctor","15":"product_tag-buy-diazepam-without-prescription","16":"product_tag-diazepam","17":"product_tag-diazepam-for-sale","18":"desktop-align-center","19":"tablet-align-left","20":"mobile-align-left","22":"first","23":"instock","24":"shipping-taxable","25":"purchasable","26":"product-type-variable","27":"has-default-attributes"},"yoast_head":"<!-- This site is optimized with the Yoast SEO plugin v25.9 - https:\/\/yoast.com\/wordpress\/plugins\/seo\/ -->\n<title>Buy Diazepam Online USA - Buy Diazepam Online for Sale - Buy Prescriptionz<\/title>\n<meta name=\"description\" content=\"Buyprescriptionz.com is an online pharmacy store where you can Buy Diazepam Online at best price without doctor&#039;s prescription. Buy Diazepam Online Now with Free &amp; Secure Shipping!\" \/>\n<meta name=\"robots\" content=\"index, follow, max-snippet:-1, max-image-preview:large, max-video-preview:-1\" \/>\n<link rel=\"canonical\" href=\"https:\/\/buy-prescriptionz.com\/fr\/produit\/acheter-du-diazepam-en-ligne\/\" \/>\n<meta property=\"og:locale\" content=\"fr_FR\" \/>\n<meta property=\"og:type\" content=\"article\" \/>\n<meta property=\"og:title\" content=\"Buy Diazepam Online USA - Buy Diazepam Online for Sale - Buy Prescriptionz\" \/>\n<meta property=\"og:description\" content=\"Buyprescriptionz.com is an online pharmacy store where you can Buy Diazepam Online at best price without doctor&#039;s prescription. Buy Diazepam Online Now with Free &amp; Secure Shipping!\" \/>\n<meta property=\"og:url\" content=\"https:\/\/buy-prescriptionz.com\/fr\/produit\/acheter-du-diazepam-en-ligne\/\" \/>\n<meta property=\"og:site_name\" content=\"Buy Prescriptionz\" \/>\n<meta property=\"article:modified_time\" content=\"2026-04-20T05:58:05+00:00\" \/>\n<meta property=\"og:image\" content=\"https:\/\/buy-prescriptionz.com\/wp-content\/uploads\/2025\/09\/diazepam.jpg\" \/>\n\t<meta property=\"og:image:width\" content=\"400\" \/>\n\t<meta property=\"og:image:height\" content=\"300\" \/>\n\t<meta property=\"og:image:type\" content=\"image\/jpeg\" \/>\n<meta name=\"twitter:card\" content=\"summary_large_image\" \/>\n<meta name=\"twitter:label1\" content=\"Dur\u00e9e de lecture estim\u00e9e\" \/>\n\t<meta name=\"twitter:data1\" content=\"3 minutes\" \/>\n<script type=\"application\/ld+json\" class=\"yoast-schema-graph\">{\"@context\":\"https:\/\/schema.org\",\"@graph\":[{\"@type\":\"WebPage\",\"@id\":\"https:\/\/buy-prescriptionz.com\/product\/buy-diazepam-online\/\",\"url\":\"https:\/\/buy-prescriptionz.com\/product\/buy-diazepam-online\/\",\"name\":\"Buy Diazepam Online USA - Buy Diazepam Online for Sale - Buy Prescriptionz\",\"isPartOf\":{\"@id\":\"https:\/\/buy-prescriptionz.com\/#website\"},\"primaryImageOfPage\":{\"@id\":\"https:\/\/buy-prescriptionz.com\/product\/buy-diazepam-online\/#primaryimage\"},\"image\":{\"@id\":\"https:\/\/buy-prescriptionz.com\/product\/buy-diazepam-online\/#primaryimage\"},\"thumbnailUrl\":\"https:\/\/buy-prescriptionz.com\/wp-content\/uploads\/2025\/09\/diazepam.jpg\",\"datePublished\":\"2025-09-16T08:55:51+00:00\",\"dateModified\":\"2026-04-20T05:58:05+00:00\",\"description\":\"Buyprescriptionz.com is an online pharmacy store where you can Buy Diazepam Online at best price without doctor's prescription. Buy Diazepam Online Now with Free & Secure Shipping!\",\"breadcrumb\":{\"@id\":\"https:\/\/buy-prescriptionz.com\/product\/buy-diazepam-online\/#breadcrumb\"},\"inLanguage\":\"fr-FR\",\"potentialAction\":[{\"@type\":\"ReadAction\",\"target\":[\"https:\/\/buy-prescriptionz.com\/product\/buy-diazepam-online\/\"]}]},{\"@type\":\"ImageObject\",\"inLanguage\":\"fr-FR\",\"@id\":\"https:\/\/buy-prescriptionz.com\/product\/buy-diazepam-online\/#primaryimage\",\"url\":\"https:\/\/buy-prescriptionz.com\/wp-content\/uploads\/2025\/09\/diazepam.jpg\",\"contentUrl\":\"https:\/\/buy-prescriptionz.com\/wp-content\/uploads\/2025\/09\/diazepam.jpg\",\"width\":400,\"height\":300},{\"@type\":\"BreadcrumbList\",\"@id\":\"https:\/\/buy-prescriptionz.com\/product\/buy-diazepam-online\/#breadcrumb\",\"itemListElement\":[{\"@type\":\"ListItem\",\"position\":1,\"name\":\"Home\",\"item\":\"https:\/\/buy-prescriptionz.com\/\"},{\"@type\":\"ListItem\",\"position\":2,\"name\":\"Shop Painkillers Online\",\"item\":\"https:\/\/buy-prescriptionz.com\/shop-painkillers-online\/\"},{\"@type\":\"ListItem\",\"position\":3,\"name\":\"Buy Diazepam Online\"}]},{\"@type\":\"WebSite\",\"@id\":\"https:\/\/buy-prescriptionz.com\/#website\",\"url\":\"https:\/\/buy-prescriptionz.com\/\",\"name\":\"Buy Prescriptionz\",\"description\":\"Drugs Online\",\"publisher\":{\"@id\":\"https:\/\/buy-prescriptionz.com\/#organization\"},\"potentialAction\":[{\"@type\":\"SearchAction\",\"target\":{\"@type\":\"EntryPoint\",\"urlTemplate\":\"https:\/\/buy-prescriptionz.com\/?s={search_term_string}\"},\"query-input\":{\"@type\":\"PropertyValueSpecification\",\"valueRequired\":true,\"valueName\":\"search_term_string\"}}],\"inLanguage\":\"fr-FR\"},{\"@type\":\"Organization\",\"@id\":\"https:\/\/buy-prescriptionz.com\/#organization\",\"name\":\"Buy Prescriptionz\",\"url\":\"https:\/\/buy-prescriptionz.com\/\",\"logo\":{\"@type\":\"ImageObject\",\"inLanguage\":\"fr-FR\",\"@id\":\"https:\/\/buy-prescriptionz.com\/#\/schema\/logo\/image\/\",\"url\":\"https:\/\/buy-prescriptionz.com\/wp-content\/uploads\/2023\/09\/logo.png\",\"contentUrl\":\"https:\/\/buy-prescriptionz.com\/wp-content\/uploads\/2023\/09\/logo.png\",\"width\":350,\"height\":64,\"caption\":\"Buy Prescriptionz\"},\"image\":{\"@id\":\"https:\/\/buy-prescriptionz.com\/#\/schema\/logo\/image\/\"}}]}<\/script>\n<!-- \/ Yoast SEO plugin. -->","yoast_head_json":{"title":"Acheter du diaz\u00e9pam en ligne aux \u00c9tats-Unis\u00a0- Acheter du diaz\u00e9pam en ligne \u00e0 vendre\u00a0- Acheter des ordonnances","description":"Buyprescriptionz.com est une pharmacie en ligne o\u00f9 vous pouvez acheter Diazepam en ligne au meilleur prix sans ordonnance m\u00e9dicale. Achetez Diazepam en ligne maintenant avec une livraison gratuite et s\u00e9curis\u00e9e !","robots":{"index":"index","follow":"follow","max-snippet":"max-snippet:-1","max-image-preview":"max-image-preview:large","max-video-preview":"max-video-preview:-1"},"canonical":"https:\/\/buy-prescriptionz.com\/fr\/produit\/acheter-du-diazepam-en-ligne\/","og_locale":"fr_FR","og_type":"article","og_title":"Buy Diazepam Online USA - Buy Diazepam Online for Sale - Buy Prescriptionz","og_description":"Buyprescriptionz.com is an online pharmacy store where you can Buy Diazepam Online at best price without doctor's prescription. Buy Diazepam Online Now with Free & Secure Shipping!","og_url":"https:\/\/buy-prescriptionz.com\/fr\/produit\/acheter-du-diazepam-en-ligne\/","og_site_name":"Buy Prescriptionz","article_modified_time":"2026-04-20T05:58:05+00:00","og_image":[{"width":400,"height":300,"url":"https:\/\/buy-prescriptionz.com\/wp-content\/uploads\/2025\/09\/diazepam.jpg","type":"image\/jpeg"}],"twitter_card":"summary_large_image","twitter_misc":{"Dur\u00e9e de lecture estim\u00e9e":"3 minutes"},"schema":{"@context":"https:\/\/schema.org","@graph":[{"@type":"WebPage","@id":"https:\/\/buy-prescriptionz.com\/product\/buy-diazepam-online\/","url":"https:\/\/buy-prescriptionz.com\/product\/buy-diazepam-online\/","name":"Acheter du diaz\u00e9pam en ligne aux \u00c9tats-Unis\u00a0- Acheter du diaz\u00e9pam en ligne \u00e0 vendre\u00a0- Acheter des ordonnances","isPartOf":{"@id":"https:\/\/buy-prescriptionz.com\/#website"},"primaryImageOfPage":{"@id":"https:\/\/buy-prescriptionz.com\/product\/buy-diazepam-online\/#primaryimage"},"image":{"@id":"https:\/\/buy-prescriptionz.com\/product\/buy-diazepam-online\/#primaryimage"},"thumbnailUrl":"https:\/\/buy-prescriptionz.com\/wp-content\/uploads\/2025\/09\/diazepam.jpg","datePublished":"2025-09-16T08:55:51+00:00","dateModified":"2026-04-20T05:58:05+00:00","description":"Buyprescriptionz.com est une pharmacie en ligne o\u00f9 vous pouvez acheter Diazepam en ligne au meilleur prix sans ordonnance m\u00e9dicale. Achetez Diazepam en ligne maintenant avec une livraison gratuite et s\u00e9curis\u00e9e !","breadcrumb":{"@id":"https:\/\/buy-prescriptionz.com\/product\/buy-diazepam-online\/#breadcrumb"},"inLanguage":"fr-FR","potentialAction":[{"@type":"ReadAction","target":["https:\/\/buy-prescriptionz.com\/product\/buy-diazepam-online\/"]}]},{"@type":"ImageObject","inLanguage":"fr-FR","@id":"https:\/\/buy-prescriptionz.com\/product\/buy-diazepam-online\/#primaryimage","url":"https:\/\/buy-prescriptionz.com\/wp-content\/uploads\/2025\/09\/diazepam.jpg","contentUrl":"https:\/\/buy-prescriptionz.com\/wp-content\/uploads\/2025\/09\/diazepam.jpg","width":400,"height":300},{"@type":"BreadcrumbList","@id":"https:\/\/buy-prescriptionz.com\/product\/buy-diazepam-online\/#breadcrumb","itemListElement":[{"@type":"ListItem","position":1,"name":"Home","item":"https:\/\/buy-prescriptionz.com\/"},{"@type":"ListItem","position":2,"name":"Shop Painkillers Online","item":"https:\/\/buy-prescriptionz.com\/shop-painkillers-online\/"},{"@type":"ListItem","position":3,"name":"Buy Diazepam Online"}]},{"@type":"WebSite","@id":"https:\/\/buy-prescriptionz.com\/#website","url":"https:\/\/buy-prescriptionz.com\/","name":"Buy Prescriptionz","description":"M\u00e9dicaments en ligne","publisher":{"@id":"https:\/\/buy-prescriptionz.com\/#organization"},"potentialAction":[{"@type":"SearchAction","target":{"@type":"EntryPoint","urlTemplate":"https:\/\/buy-prescriptionz.com\/?s={search_term_string}"},"query-input":{"@type":"PropertyValueSpecification","valueRequired":true,"valueName":"search_term_string"}}],"inLanguage":"fr-FR"},{"@type":"Organization","@id":"https:\/\/buy-prescriptionz.com\/#organization","name":"Buy Prescriptionz","url":"https:\/\/buy-prescriptionz.com\/","logo":{"@type":"ImageObject","inLanguage":"fr-FR","@id":"https:\/\/buy-prescriptionz.com\/#\/schema\/logo\/image\/","url":"https:\/\/buy-prescriptionz.com\/wp-content\/uploads\/2023\/09\/logo.png","contentUrl":"https:\/\/buy-prescriptionz.com\/wp-content\/uploads\/2023\/09\/logo.png","width":350,"height":64,"caption":"Buy Prescriptionz"},"image":{"@id":"https:\/\/buy-prescriptionz.com\/#\/schema\/logo\/image\/"}}]}},"_links":{"self":[{"href":"https:\/\/buy-prescriptionz.com\/fr\/wp-json\/wp\/v2\/product\/2986","targetHints":{"allow":["GET"]}}],"collection":[{"href":"https:\/\/buy-prescriptionz.com\/fr\/wp-json\/wp\/v2\/product"}],"about":[{"href":"https:\/\/buy-prescriptionz.com\/fr\/wp-json\/wp\/v2\/types\/product"}],"replies":[{"embeddable":true,"href":"https:\/\/buy-prescriptionz.com\/fr\/wp-json\/wp\/v2\/comments?post=2986"}],"wp:featuredmedia":[{"embeddable":true,"href":"https:\/\/buy-prescriptionz.com\/fr\/wp-json\/wp\/v2\/media\/3016"}],"wp:attachment":[{"href":"https:\/\/buy-prescriptionz.com\/fr\/wp-json\/wp\/v2\/media?parent=2986"}],"wp:term":[{"taxonomy":"product_brand","embeddable":true,"href":"https:\/\/buy-prescriptionz.com\/fr\/wp-json\/wp\/v2\/product_brand?post=2986"},{"taxonomy":"product_cat","embeddable":true,"href":"https:\/\/buy-prescriptionz.com\/fr\/wp-json\/wp\/v2\/product_cat?post=2986"},{"taxonomy":"product_tag","embeddable":true,"href":"https:\/\/buy-prescriptionz.com\/fr\/wp-json\/wp\/v2\/product_tag?post=2986"}],"curies":[{"name":"wp","href":"https:\/\/api.w.org\/{rel}","templated":true}]}}