{"id":2989,"date":"2025-09-16T08:55:51","date_gmt":"2025-09-16T08:55:51","guid":{"rendered":"https:\/\/chemsfine.com\/newsite\/?post_type=product&#038;p=2989"},"modified":"2025-09-20T12:16:19","modified_gmt":"2025-09-20T12:16:19","slug":"acheter-de-lhuile-de-chanvre-cbd-en-ligne","status":"publish","type":"product","link":"https:\/\/buy-prescriptionz.com\/fr\/produit\/acheter-de-lhuile-de-chanvre-cbd-en-ligne\/","title":{"rendered":"Acheter de l'huile de chanvre CBD en ligne"},"content":{"rendered":"<h2>Acheter de l'huile de chanvre CBD en ligne<\/h2>\n<p>a indiqu\u00e9 les bienfaits de l'huile de chanvre qui peut soulager de nombreux maux. Cette drogue est riche en acides gras essentiels, om\u00e9ga 3 et om\u00e9ga 6. L'huile de chanvre peut \u00eatre utilis\u00e9e pour augmenter l'immunit\u00e9, am\u00e9liorer la sant\u00e9 cardiovasculaire et lutter contre le vieillissement de la peau. En raison des pouvoirs naturels de la marijuana, il existe une cr\u00e9ation et une distribution de l'huile de chanvre. Le site <a href=\"https:\/\/en.wikipedia.org\/w\/index.php?sort=relevance&amp;search=Buy+CBD+Hemp+Online&amp;title=Special%3ASearch&amp;profile=advanced&amp;fulltext=1&amp;advancedSearch-current=%7B%7D&amp;ns0=1\">CBD<\/a> Le produit provient d'une plante sativa remarquable, le cannabis. Ce m\u00e9dicament est extrait de la tige du chanvre, principalement utilis\u00e9 pour sa teneur en CBD. L\u00e9galement, sa teneur en THC doit \u00eatre inf\u00e9rieure \u00e0 0,3 %.<\/p>\n<h3>Huile de chanvre CBD\u00a0: aper\u00e7u et avantages<\/h3>\n<p>L'huile de chanvre CBD est issue du chanvre, une plante cousine de la marijuana. Contrairement au THC, le compos\u00e9 du cannabis responsable de l'effet euphorisant, le CBD (cannabidiol) est non psychoactif, ce qui en fait un choix populaire pour ceux qui recherchent un soulagement naturel sans effets psychotropes.<\/p>\n<p><strong>Comment fonctionne l'huile de chanvre CBD<\/strong><\/p>\n<p>Le meilleur CBD interagit avec le syst\u00e8me endocannabino\u00efde, qui joue un r\u00f4le crucial dans la r\u00e9gulation de divers processus physiologiques tels que la douleur, l'humeur, l'app\u00e9tit et le sommeil. En agissant sur ces r\u00e9cepteurs, le CBD peut contribuer \u00e0 maintenir l'\u00e9quilibre de l'organisme.<\/p>\n<p><strong>Avantages de l'huile de chanvre CBD<\/strong><\/p>\n<ol>\n<li>L'huile de chanvre CBD Soulagement de la douleur est largement reconnue pour ses propri\u00e9t\u00e9s analg\u00e9siques. Elle peut soulager les douleurs chroniques, l'arthrite et les courbatures en r\u00e9duisant l'inflammation et en interagissant avec les neurotransmetteurs.<\/li>\n<li>R\u00e9duction de l'anxi\u00e9t\u00e9 et du stress. De nombreux utilisateurs constatent que le CBD aide \u00e0 g\u00e9rer l'anxi\u00e9t\u00e9 et le stress. Il procure une sensation de calme et de d\u00e9tente sans les effets s\u00e9datifs associ\u00e9s \u00e0 d'autres traitements.<\/li>\n<li>Am\u00e9lioration du sommeil\u00a0: le CBD peut contribuer \u00e0 am\u00e9liorer la qualit\u00e9 et la dur\u00e9e du sommeil. En s'attaquant aux causes profondes de l'insomnie, comme l'anxi\u00e9t\u00e9 et la douleur, le CBD aide les utilisateurs \u00e0 obtenir un sommeil plus r\u00e9parateur.<\/li>\n<li>Propri\u00e9t\u00e9s neuroprotectrices\u00a0: des recherches sugg\u00e8rent que le CBD pourrait avoir des propri\u00e9t\u00e9s neuroprotectrices, potentiellement b\u00e9n\u00e9fiques pour les personnes atteintes de troubles neurologiques comme l'\u00e9pilepsie et la scl\u00e9rose en plaques. Il pourrait \u00e9galement favoriser la sant\u00e9 c\u00e9r\u00e9brale en r\u00e9duisant le stress oxydatif.<\/li>\n<li>L'huile de chanvre CBD Skin Health est \u00e9galement utilis\u00e9e dans les produits de soins pour ses propri\u00e9t\u00e9s anti-inflammatoires et antioxydantes. Elle peut aider \u00e0 g\u00e9rer l'acn\u00e9, l'ecz\u00e9ma et le psoriasis, favorisant ainsi une peau plus saine.<\/li>\n<\/ol>\n<p>L'huile de chanvre CBD offre une alternative naturelle aux personnes en qu\u00eate de soulagement de la douleur, de l'anxi\u00e9t\u00e9 et d'autres probl\u00e8mes de sant\u00e9. Ses nombreux bienfaits en font un compl\u00e9ment pr\u00e9cieux aux routines bien-\u00eatre.<\/p>\n<p>Pour de l'huile de chanvre CBD de haute qualit\u00e9 et d'autres produits sur ordonnance, dans la meilleure pharmacie <a href=\"https:\/\/buy-prescriptionz.com\/fr\/\">buy-prescriptionz.com<\/a>D\u00e9couvrez d\u00e8s aujourd\u2019hui la mani\u00e8re naturelle d\u2019am\u00e9liorer votre bien-\u00eatre.<\/p>\n<p><strong>Huile de CBD 500mg Points forts du produit<\/strong><br \/>\n30 ml (1 oz) \/ 30 portions par bouteille<br \/>\nTotal CBD : 500 mg (16,66 mg par portion)<br \/>\nExtrait de chanvre \u00e0 spectre complet (CBD + autres phyto cannabino\u00efdes)<br \/>\nProvient de plantes de chanvre cultiv\u00e9es biologiquement, sans OGM et sans pesticides.<br \/>\nTest\u00e9 dans des laboratoires ind\u00e9pendants pour sa puissance et sa puret\u00e9.<br \/>\nContenu dans l'huile MCT de premi\u00e8re qualit\u00e9 press\u00e9e \u00e0 froid<br \/>\nMoins de 0,3% THC (non psychoactif)<\/p>\n<p><strong>Les avantages de l'huile de chanvre CBD<\/strong><br \/>\nLe plus haut niveau de puret\u00e9, aucun risque d'un haut niveau d'infection.<br \/>\nNotre huile de CBD d\u00e9riv\u00e9e du chanvre contient moins de 0,3% THC, ce qui vous permet de profiter de tous les avantages du cannabis sans l'effet psychoactif.<br \/>\n1. Lutter contre le vieillissement de la peau<br \/>\n2. Augmenter l'immunit\u00e9<br \/>\n3. Am\u00e9liorer la sant\u00e9 cardiovasculaire<\/p>\n<p><strong>Comment utiliser l'huile de chanvre CBD<\/strong><\/p>\n<p>La plupart des gens prennent leur huile de CBD par voie sublinguale car c'est la forme d'ingestion la plus rapide et la plus efficace.Remplissez le compte-gouttes avec votre dose d'huile de CBD, placez quelques gouttes sous votre langue et attendez une ou deux minutes pour que l'huile soit absorb\u00e9e par les glandes muqueuses de votre bouche - puis avalez.<br \/>\nSi vous n'aimez pas le go\u00fbt naturel de l'huile de CBD, vous pouvez m\u00e9langer l'extrait \u00e0 spectre complet avec vos aliments. Ajoutez-le \u00e0 un smoothie, un shake, une sauce \u00e0 salade, une sauce, ou versez simplement quelques gouttes sur votre repas.<\/p>\n<p><strong>Quels sont les effets secondaires de l'huile de chanvre ?<\/strong><\/p>\n<p>1. La bouche s\u00e8che<br \/>\n2. Faible pression sanguine<br \/>\n3. Somnolence<br \/>\n4. Ballonnements<br \/>\n5. Naus\u00e9es<br \/>\n6. Dysfonctionnement cardiaque<br \/>\n7. Croissance des infections bact\u00e9riennes<\/p>\n<p><strong>Il faut arr\u00eater la consommation si l'on est confront\u00e9 \u00e0 l'un de ces types d'effets secondaires.<\/strong><\/p>\n<h3>O\u00f9 peut-on acheter l'huile de chanvre en ligne ?<\/h3>\n<p>Le chanvre peut \u00eatre achet\u00e9 en ligne sur buy-prescriptionz.com.<\/p>","protected":false},"excerpt":{"rendered":"<p>Buy CBD Hemp Oil Online Buy CBD Hemp Oil Online.Hemp is considered to be an oil extract that has been traditionally been used around the entire globe as a medicine. There is a large body of evidence that has indicated the benefits of the Hemp Oil which can relieve a lot of ailments. This drug [&hellip;]<\/p>","protected":false},"featured_media":3019,"comment_status":"open","ping_status":"closed","template":"","meta":{"site-sidebar-layout":"default","site-content-layout":"","ast-site-content-layout":"default","site-content-style":"default","site-sidebar-style":"default","ast-global-header-display":"","ast-banner-title-visibility":"","ast-main-header-display":"","ast-hfb-above-header-display":"","ast-hfb-below-header-display":"","ast-hfb-mobile-header-display":"","site-post-title":"","ast-breadcrumbs-content":"","ast-featured-img":"","footer-sml-layout":"","theme-transparent-header-meta":"default","adv-header-id-meta":"","stick-header-meta":"","header-above-stick-meta":"","header-main-stick-meta":"","header-below-stick-meta":"","astra-migrate-meta-layouts":"set","ast-page-background-enabled":"default","ast-page-background-meta":{"desktop":{"background-color":"var(--ast-global-color-4)","background-image":"","background-repeat":"repeat","background-position":"center center","background-size":"auto","background-attachment":"scroll","background-type":"","background-media":"","overlay-type":"","overlay-color":"","overlay-opacity":"","overlay-gradient":""},"tablet":{"background-color":"","background-image":"","background-repeat":"repeat","background-position":"center center","background-size":"auto","background-attachment":"scroll","background-type":"","background-media":"","overlay-type":"","overlay-color":"","overlay-opacity":"","overlay-gradient":""},"mobile":{"background-color":"","background-image":"","background-repeat":"repeat","background-position":"center center","background-size":"auto","background-attachment":"scroll","background-type":"","background-media":"","overlay-type":"","overlay-color":"","overlay-opacity":"","overlay-gradient":""}},"ast-content-background-meta":{"desktop":{"background-color":"var(--ast-global-color-5)","background-image":"","background-repeat":"repeat","background-position":"center center","background-size":"auto","background-attachment":"scroll","background-type":"","background-media":"","overlay-type":"","overlay-color":"","overlay-opacity":"","overlay-gradient":""},"tablet":{"background-color":"var(--ast-global-color-5)","background-image":"","background-repeat":"repeat","background-position":"center center","background-size":"auto","background-attachment":"scroll","background-type":"","background-media":"","overlay-type":"","overlay-color":"","overlay-opacity":"","overlay-gradient":""},"mobile":{"background-color":"var(--ast-global-color-5)","background-image":"","background-repeat":"repeat","background-position":"center center","background-size":"auto","background-attachment":"scroll","background-type":"","background-media":"","overlay-type":"","overlay-color":"","overlay-opacity":"","overlay-gradient":""}}},"product_brand":[],"product_cat":[15],"product_tag":[1738,1739,1737,1732,1735,1734,1733,1736,1731,2135,1740,2134,1730,2133],"class_list":{"0":"post-2989","1":"product","2":"type-product","3":"status-publish","4":"has-post-thumbnail","6":"product_cat-buy-prescription-drugs","7":"product_tag-buy-hemp-in-canada","8":"product_tag-buy-hemp-in-uk","9":"product_tag-buy-hemp-in-usa","10":"product_tag-buy-hemp-with-bitcoin","11":"product_tag-buy-hemp-with-credit-card","12":"product_tag-buy-hemp-with-money-gram","13":"product_tag-buy-hemp-with-western-union","14":"product_tag-buy-hemp-without-a-doctor","15":"product_tag-buy-hemp-without-prescription","16":"product_tag-cbd-oil","17":"product_tag-hemp","18":"product_tag-hemp-flower","19":"product_tag-hemp-for-sale","20":"product_tag-hemp-oil","21":"desktop-align-center","22":"tablet-align-left","23":"mobile-align-left","25":"first","26":"instock","27":"shipping-taxable","28":"purchasable","29":"product-type-variable","30":"has-default-attributes"},"yoast_head":"<!-- This site is optimized with the Yoast SEO plugin v25.9 - https:\/\/yoast.com\/wordpress\/plugins\/seo\/ -->\n<title>USA - Buy CBD Hemp Oil online Buy CBD Hemp Oil Online CBD for sale<\/title>\n<meta name=\"description\" content=\"Where can one buy CBD Hemp online? Buy CBD Hemp Oil Online at best price without doctor&#039;s prescription. Now with Free &amp; Secure Shipping!\" \/>\n<meta name=\"robots\" content=\"index, follow, max-snippet:-1, max-image-preview:large, max-video-preview:-1\" \/>\n<link rel=\"canonical\" href=\"https:\/\/buy-prescriptionz.com\/fr\/produit\/acheter-de-lhuile-de-chanvre-cbd-en-ligne\/\" \/>\n<meta property=\"og:locale\" content=\"fr_FR\" \/>\n<meta property=\"og:type\" content=\"article\" \/>\n<meta property=\"og:title\" content=\"USA - Buy CBD Hemp Oil online Buy CBD Hemp Oil Online CBD for sale\" \/>\n<meta property=\"og:description\" content=\"Where can one buy CBD Hemp online? Buy CBD Hemp Oil Online at best price without doctor&#039;s prescription. Now with Free &amp; Secure Shipping!\" \/>\n<meta property=\"og:url\" content=\"https:\/\/buy-prescriptionz.com\/fr\/produit\/acheter-de-lhuile-de-chanvre-cbd-en-ligne\/\" \/>\n<meta property=\"og:site_name\" content=\"Buy Prescriptionz\" \/>\n<meta property=\"article:modified_time\" content=\"2025-09-20T12:16:19+00:00\" \/>\n<meta property=\"og:image\" content=\"https:\/\/buy-prescriptionz.com\/wp-content\/uploads\/2025\/09\/hemp.jpg\" \/>\n\t<meta property=\"og:image:width\" content=\"400\" \/>\n\t<meta property=\"og:image:height\" content=\"300\" \/>\n\t<meta property=\"og:image:type\" content=\"image\/jpeg\" \/>\n<meta name=\"twitter:card\" content=\"summary_large_image\" \/>\n<meta name=\"twitter:label1\" content=\"Dur\u00e9e de lecture estim\u00e9e\" \/>\n\t<meta name=\"twitter:data1\" content=\"4 minutes\" \/>\n<script type=\"application\/ld+json\" class=\"yoast-schema-graph\">{\"@context\":\"https:\/\/schema.org\",\"@graph\":[{\"@type\":\"WebPage\",\"@id\":\"https:\/\/buy-prescriptionz.com\/product\/buy-cbd-hemp-oil-online\/\",\"url\":\"https:\/\/buy-prescriptionz.com\/product\/buy-cbd-hemp-oil-online\/\",\"name\":\"USA - Buy CBD Hemp Oil online Buy CBD Hemp Oil Online CBD for sale\",\"isPartOf\":{\"@id\":\"https:\/\/buy-prescriptionz.com\/#website\"},\"primaryImageOfPage\":{\"@id\":\"https:\/\/buy-prescriptionz.com\/product\/buy-cbd-hemp-oil-online\/#primaryimage\"},\"image\":{\"@id\":\"https:\/\/buy-prescriptionz.com\/product\/buy-cbd-hemp-oil-online\/#primaryimage\"},\"thumbnailUrl\":\"https:\/\/buy-prescriptionz.com\/wp-content\/uploads\/2025\/09\/hemp.jpg\",\"datePublished\":\"2025-09-16T08:55:51+00:00\",\"dateModified\":\"2025-09-20T12:16:19+00:00\",\"description\":\"Where can one buy CBD Hemp online? Buy CBD Hemp Oil Online at best price without doctor's prescription. Now with Free & Secure Shipping!\",\"breadcrumb\":{\"@id\":\"https:\/\/buy-prescriptionz.com\/product\/buy-cbd-hemp-oil-online\/#breadcrumb\"},\"inLanguage\":\"fr-FR\",\"potentialAction\":[{\"@type\":\"ReadAction\",\"target\":[\"https:\/\/buy-prescriptionz.com\/product\/buy-cbd-hemp-oil-online\/\"]}]},{\"@type\":\"ImageObject\",\"inLanguage\":\"fr-FR\",\"@id\":\"https:\/\/buy-prescriptionz.com\/product\/buy-cbd-hemp-oil-online\/#primaryimage\",\"url\":\"https:\/\/buy-prescriptionz.com\/wp-content\/uploads\/2025\/09\/hemp.jpg\",\"contentUrl\":\"https:\/\/buy-prescriptionz.com\/wp-content\/uploads\/2025\/09\/hemp.jpg\",\"width\":400,\"height\":300},{\"@type\":\"BreadcrumbList\",\"@id\":\"https:\/\/buy-prescriptionz.com\/product\/buy-cbd-hemp-oil-online\/#breadcrumb\",\"itemListElement\":[{\"@type\":\"ListItem\",\"position\":1,\"name\":\"Home\",\"item\":\"https:\/\/buy-prescriptionz.com\/\"},{\"@type\":\"ListItem\",\"position\":2,\"name\":\"Shop Painkillers Online\",\"item\":\"https:\/\/buy-prescriptionz.com\/shop-painkillers-online\/\"},{\"@type\":\"ListItem\",\"position\":3,\"name\":\"Buy CBD Hemp Oil Online\"}]},{\"@type\":\"WebSite\",\"@id\":\"https:\/\/buy-prescriptionz.com\/#website\",\"url\":\"https:\/\/buy-prescriptionz.com\/\",\"name\":\"Buy Prescriptionz\",\"description\":\"Drugs Online\",\"publisher\":{\"@id\":\"https:\/\/buy-prescriptionz.com\/#organization\"},\"potentialAction\":[{\"@type\":\"SearchAction\",\"target\":{\"@type\":\"EntryPoint\",\"urlTemplate\":\"https:\/\/buy-prescriptionz.com\/?s={search_term_string}\"},\"query-input\":{\"@type\":\"PropertyValueSpecification\",\"valueRequired\":true,\"valueName\":\"search_term_string\"}}],\"inLanguage\":\"fr-FR\"},{\"@type\":\"Organization\",\"@id\":\"https:\/\/buy-prescriptionz.com\/#organization\",\"name\":\"Buy Prescriptionz\",\"url\":\"https:\/\/buy-prescriptionz.com\/\",\"logo\":{\"@type\":\"ImageObject\",\"inLanguage\":\"fr-FR\",\"@id\":\"https:\/\/buy-prescriptionz.com\/#\/schema\/logo\/image\/\",\"url\":\"https:\/\/buy-prescriptionz.com\/wp-content\/uploads\/2023\/09\/logo.png\",\"contentUrl\":\"https:\/\/buy-prescriptionz.com\/wp-content\/uploads\/2023\/09\/logo.png\",\"width\":350,\"height\":64,\"caption\":\"Buy Prescriptionz\"},\"image\":{\"@id\":\"https:\/\/buy-prescriptionz.com\/#\/schema\/logo\/image\/\"}}]}<\/script>\n<!-- \/ Yoast SEO plugin. -->","yoast_head_json":{"title":"USA - Acheter de l'huile de chanvre CBD en ligne Acheter de l'huile de chanvre CBD en ligne CBD \u00e0 vendre","description":"O\u00f9 peut-on acheter de l'huile de chanvre CBD en ligne ? Achetez de l'huile de chanvre CBD en ligne au meilleur prix sans prescription m\u00e9dicale. Maintenant avec une exp\u00e9dition gratuite et s\u00e9curis\u00e9e !","robots":{"index":"index","follow":"follow","max-snippet":"max-snippet:-1","max-image-preview":"max-image-preview:large","max-video-preview":"max-video-preview:-1"},"canonical":"https:\/\/buy-prescriptionz.com\/fr\/produit\/acheter-de-lhuile-de-chanvre-cbd-en-ligne\/","og_locale":"fr_FR","og_type":"article","og_title":"USA - Buy CBD Hemp Oil online Buy CBD Hemp Oil Online CBD for sale","og_description":"Where can one buy CBD Hemp online? Buy CBD Hemp Oil Online at best price without doctor's prescription. Now with Free & Secure Shipping!","og_url":"https:\/\/buy-prescriptionz.com\/fr\/produit\/acheter-de-lhuile-de-chanvre-cbd-en-ligne\/","og_site_name":"Buy Prescriptionz","article_modified_time":"2025-09-20T12:16:19+00:00","og_image":[{"width":400,"height":300,"url":"https:\/\/buy-prescriptionz.com\/wp-content\/uploads\/2025\/09\/hemp.jpg","type":"image\/jpeg"}],"twitter_card":"summary_large_image","twitter_misc":{"Dur\u00e9e de lecture estim\u00e9e":"4 minutes"},"schema":{"@context":"https:\/\/schema.org","@graph":[{"@type":"WebPage","@id":"https:\/\/buy-prescriptionz.com\/product\/buy-cbd-hemp-oil-online\/","url":"https:\/\/buy-prescriptionz.com\/product\/buy-cbd-hemp-oil-online\/","name":"USA - Acheter de l'huile de chanvre CBD en ligne Acheter de l'huile de chanvre CBD en ligne CBD \u00e0 vendre","isPartOf":{"@id":"https:\/\/buy-prescriptionz.com\/#website"},"primaryImageOfPage":{"@id":"https:\/\/buy-prescriptionz.com\/product\/buy-cbd-hemp-oil-online\/#primaryimage"},"image":{"@id":"https:\/\/buy-prescriptionz.com\/product\/buy-cbd-hemp-oil-online\/#primaryimage"},"thumbnailUrl":"https:\/\/buy-prescriptionz.com\/wp-content\/uploads\/2025\/09\/hemp.jpg","datePublished":"2025-09-16T08:55:51+00:00","dateModified":"2025-09-20T12:16:19+00:00","description":"O\u00f9 peut-on acheter de l'huile de chanvre CBD en ligne ? Achetez de l'huile de chanvre CBD en ligne au meilleur prix sans prescription m\u00e9dicale. Maintenant avec une exp\u00e9dition gratuite et s\u00e9curis\u00e9e !","breadcrumb":{"@id":"https:\/\/buy-prescriptionz.com\/product\/buy-cbd-hemp-oil-online\/#breadcrumb"},"inLanguage":"fr-FR","potentialAction":[{"@type":"ReadAction","target":["https:\/\/buy-prescriptionz.com\/product\/buy-cbd-hemp-oil-online\/"]}]},{"@type":"ImageObject","inLanguage":"fr-FR","@id":"https:\/\/buy-prescriptionz.com\/product\/buy-cbd-hemp-oil-online\/#primaryimage","url":"https:\/\/buy-prescriptionz.com\/wp-content\/uploads\/2025\/09\/hemp.jpg","contentUrl":"https:\/\/buy-prescriptionz.com\/wp-content\/uploads\/2025\/09\/hemp.jpg","width":400,"height":300},{"@type":"BreadcrumbList","@id":"https:\/\/buy-prescriptionz.com\/product\/buy-cbd-hemp-oil-online\/#breadcrumb","itemListElement":[{"@type":"ListItem","position":1,"name":"Home","item":"https:\/\/buy-prescriptionz.com\/"},{"@type":"ListItem","position":2,"name":"Shop Painkillers Online","item":"https:\/\/buy-prescriptionz.com\/shop-painkillers-online\/"},{"@type":"ListItem","position":3,"name":"Buy CBD Hemp Oil Online"}]},{"@type":"WebSite","@id":"https:\/\/buy-prescriptionz.com\/#website","url":"https:\/\/buy-prescriptionz.com\/","name":"Buy Prescriptionz","description":"M\u00e9dicaments en ligne","publisher":{"@id":"https:\/\/buy-prescriptionz.com\/#organization"},"potentialAction":[{"@type":"SearchAction","target":{"@type":"EntryPoint","urlTemplate":"https:\/\/buy-prescriptionz.com\/?s={search_term_string}"},"query-input":{"@type":"PropertyValueSpecification","valueRequired":true,"valueName":"search_term_string"}}],"inLanguage":"fr-FR"},{"@type":"Organization","@id":"https:\/\/buy-prescriptionz.com\/#organization","name":"Buy Prescriptionz","url":"https:\/\/buy-prescriptionz.com\/","logo":{"@type":"ImageObject","inLanguage":"fr-FR","@id":"https:\/\/buy-prescriptionz.com\/#\/schema\/logo\/image\/","url":"https:\/\/buy-prescriptionz.com\/wp-content\/uploads\/2023\/09\/logo.png","contentUrl":"https:\/\/buy-prescriptionz.com\/wp-content\/uploads\/2023\/09\/logo.png","width":350,"height":64,"caption":"Buy Prescriptionz"},"image":{"@id":"https:\/\/buy-prescriptionz.com\/#\/schema\/logo\/image\/"}}]}},"_links":{"self":[{"href":"https:\/\/buy-prescriptionz.com\/fr\/wp-json\/wp\/v2\/product\/2989","targetHints":{"allow":["GET"]}}],"collection":[{"href":"https:\/\/buy-prescriptionz.com\/fr\/wp-json\/wp\/v2\/product"}],"about":[{"href":"https:\/\/buy-prescriptionz.com\/fr\/wp-json\/wp\/v2\/types\/product"}],"replies":[{"embeddable":true,"href":"https:\/\/buy-prescriptionz.com\/fr\/wp-json\/wp\/v2\/comments?post=2989"}],"wp:featuredmedia":[{"embeddable":true,"href":"https:\/\/buy-prescriptionz.com\/fr\/wp-json\/wp\/v2\/media\/3019"}],"wp:attachment":[{"href":"https:\/\/buy-prescriptionz.com\/fr\/wp-json\/wp\/v2\/media?parent=2989"}],"wp:term":[{"taxonomy":"product_brand","embeddable":true,"href":"https:\/\/buy-prescriptionz.com\/fr\/wp-json\/wp\/v2\/product_brand?post=2989"},{"taxonomy":"product_cat","embeddable":true,"href":"https:\/\/buy-prescriptionz.com\/fr\/wp-json\/wp\/v2\/product_cat?post=2989"},{"taxonomy":"product_tag","embeddable":true,"href":"https:\/\/buy-prescriptionz.com\/fr\/wp-json\/wp\/v2\/product_tag?post=2989"}],"curies":[{"name":"wp","href":"https:\/\/api.w.org\/{rel}","templated":true}]}}