{"id":2991,"date":"2025-09-16T08:55:52","date_gmt":"2025-09-16T08:55:52","guid":{"rendered":"https:\/\/chemsfine.com\/newsite\/?post_type=product&#038;p=2991"},"modified":"2025-09-21T08:53:53","modified_gmt":"2025-09-21T08:53:53","slug":"acheter-un-patch-de-fentanyl-en-ligne","status":"publish","type":"product","link":"https:\/\/buy-prescriptionz.com\/fr\/produit\/acheter-un-patch-de-fentanyl-en-ligne\/","title":{"rendered":"Acheter un patch de fentanyl en ligne"},"content":{"rendered":"<h2>ACHETER UN PATCH DE FENTANYL EN LIGNE<\/h2>\n<p>Les patchs sont utilis\u00e9s pour soulager les douleurs s\u00e9v\u00e8res chez les personnes qui devraient avoir besoin d'un traitement antidouleur 24 heures sur 24 pendant une longue p\u00e9riode et qui ne peuvent \u00eatre trait\u00e9es par d'autres m\u00e9dicaments. Le fentanyl fait partie d'une classe de m\u00e9dicaments appel\u00e9s analg\u00e9siques opiac\u00e9s (narcotiques). Il agit en modifiant la fa\u00e7on dont le cerveau et le syst\u00e8me nerveux r\u00e9agissent \u00e0 la douleur.<\/p>\n<h3>CARACT\u00c9RISTIQUES DU PATCH DE FENTANYL<\/h3>\n<p>Le fentanyl se pr\u00e9sente sous la forme d'un patch \u00e0 appliquer directement sur la peau. Il est g\u00e9n\u00e9ralement appliqu\u00e9 sur la peau toutes les 72 heures. Changez votre timbre \u00e0 peu pr\u00e8s \u00e0 la m\u00eame heure de la journ\u00e9e chaque fois que vous le changez. Suivez tr\u00e8s attentivement les instructions figurant sur l'\u00e9tiquette de votre ordonnance et demandez \u00e0 votre m\u00e9decin de vous expliquer toute partie que vous ne comprenez pas. Appliquez les timbres de fentanyl exactement comme indiqu\u00e9.<\/p>\n<p>Les patchs de fentanyl sont des patchs adh\u00e9sifs appliqu\u00e9s sur la peau pour d\u00e9livrer une dose contr\u00f4l\u00e9e de fentanyl sur une p\u00e9riode donn\u00e9e. Le fentanyl est un puissant opio\u00efde synth\u00e9tique utilis\u00e9 pour traiter les douleurs mod\u00e9r\u00e9es \u00e0 intenses. Ces patchs sont disponibles en diff\u00e9rents dosages, les doses les plus \u00e9lev\u00e9es \u00e9tant g\u00e9n\u00e9ralement r\u00e9serv\u00e9es aux patients ayant d\u00e9velopp\u00e9 une tol\u00e9rance \u00e0 d'autres analg\u00e9siques.<\/p>\n<h3>Comment fonctionnent les patchs de fentanyl\u00a0?<\/h3>\n<p>Lorsqu'un patch de fentanyl est appliqu\u00e9 sur la peau, le m\u00e9dicament est absorb\u00e9 par la peau et passe dans la circulation sanguine. De l\u00e0, il atteint le syst\u00e8me nerveux central, o\u00f9 il se lie \u00e0 des r\u00e9cepteurs sp\u00e9cifiques du cerveau et de la moelle \u00e9pini\u00e8re. Cette liaison permet de bloquer les signaux de douleur et de soulager la personne qui porte le patch.<\/p>\n<h3>Avantages de l'utilisation des patchs de fentanyl<\/h3>\n<h3>1. Soulagement durable<\/h3>\n<p>L'un des principaux avantages des patchs de fentanyl est qu'ils procurent un soulagement durable de la douleur chronique. Contrairement aux m\u00e9dicaments oraux qui doivent \u00eatre pris plusieurs fois par jour, les patchs de fentanyl ne doivent \u00eatre appliqu\u00e9s qu'une fois toutes les 72 heures, ce qui en fait une option pratique pour les personnes ayant un emploi du temps charg\u00e9.<\/p>\n<h3>2. Dosage contr\u00f4l\u00e9<\/h3>\n<p>Les patchs de fentanyl d\u00e9livrent une dose constante de m\u00e9dicament sur une p\u00e9riode prolong\u00e9e, assurant un soulagement constant de la douleur. Ce dosage contr\u00f4l\u00e9 peut contribuer \u00e0 pr\u00e9venir les fluctuations associ\u00e9es \u00e0 d'autres analg\u00e9siques, favorisant ainsi une gestion plus stable des sympt\u00f4mes.<\/p>\n<h3>3. Risque r\u00e9duit d'effets secondaires<\/h3>\n<p>Comme les patchs de fentanyl contournent le syst\u00e8me gastro-intestinal, ils peuvent r\u00e9duire le risque d'effets secondaires courants tels que les naus\u00e9es et les maux d'estomac. Cela peut \u00eatre particuli\u00e8rement b\u00e9n\u00e9fique pour les patients ayant l'estomac sensible ou ne supportant pas les analg\u00e9siques oraux traditionnels.<\/p>\n<h3>4. Am\u00e9lioration de la qualit\u00e9 de vie<\/h3>\n<p>En soulageant efficacement la douleur, les patchs de fentanyl peuvent aider les personnes \u00e0 retrouver une qualit\u00e9 de vie et \u00e0 participer aux activit\u00e9s quotidiennes qui pouvaient \u00eatre limit\u00e9es par la douleur chronique. Cette am\u00e9lioration des performances peut contribuer \u00e0 une meilleure sant\u00e9 mentale et \u00e0 un bien-\u00eatre g\u00e9n\u00e9ral.<\/p>\n<h2>Utilisation et pr\u00e9cautions<\/h2>\n<p>Lors de l'utilisation de patchs de fentanyl, il est important de suivre attentivement les instructions de votre professionnel de sant\u00e9. Les patchs doivent \u00eatre appliqu\u00e9s sur une peau propre et s\u00e8che, en alternance sur diff\u00e9rentes zones du corps, afin de pr\u00e9venir toute irritation cutan\u00e9e. Il est crucial d'\u00e9viter toute exposition du patch \u00e0 des sources de chaleur telles que des coussins chauffants ou des jacuzzis, car cela peut acc\u00e9l\u00e9rer l'absorption du m\u00e9dicament et entra\u00eener un surdosage.<br \/>\nIl est \u00e9galement important de conserver les patchs de fentanyl hors de port\u00e9e des enfants et des animaux, car une ingestion accidentelle peut \u00eatre mortelle. Si vous pr\u00e9sentez des signes de surdose, tels que des difficult\u00e9s respiratoires ou une somnolence extr\u00eame, consultez imm\u00e9diatement un m\u00e9decin.<\/p>\n<p>Les patchs de fentanyl constituent une option th\u00e9rapeutique pr\u00e9cieuse pour les personnes souffrant de douleurs chroniques. En procurant un soulagement durable, un dosage contr\u00f4l\u00e9 et une meilleure qualit\u00e9 de vie, ces patchs peuvent faire une diff\u00e9rence significative dans la vie des personnes souffrant de douleurs chroniques. Si vous pensez que les patchs de fentanyl pourraient vous convenir, consultez votre professionnel de sant\u00e9 pour discuter des avantages et des risques potentiels associ\u00e9s \u00e0 cette forme de prise en charge de la douleur.<br \/>\nPour plus d'informations sur l'achat de patchs de fentanyl et d'autres m\u00e9dicaments sur ordonnance en ligne, visitez la meilleure pharmacie\u00a0<a href=\"https:\/\/buy-prescriptionz.com\/fr\/\">buy-prescriptionz.com<\/a>\u00a0today!<\/p>\n<h3>PR\u00c9CAUTIONS DU PATCH FENTANYLAcheter le patch de fentanyl en ligne<\/h3>\n<p>Acheter Fentanyl Patch en ligne,Les patchs de fentanyl sont uniquement destin\u00e9s \u00e0 \u00eatre utilis\u00e9s sur la peau. Ne mettez pas les patchs dans votre bouche et ne m\u00e2chez pas ou n'avalez pas les patchs.<br \/>\nIndiquez \u00e0 votre m\u00e9decin et \u00e0 votre pharmacien si vous \u00eates allergique au fentanyl, \u00e0 tout autre m\u00e9dicament ou \u00e0 l'un des ingr\u00e9dients des timbres de fentanyl. Demandez \u00e0 votre m\u00e9decin ou \u00e0 votre pharmacien ou consultez le Guide des m\u00e9dicaments pour obtenir la liste des ingr\u00e9dients.<\/p>\n<h3>LES EFFETS SECONDAIRES DU PATCH DE FENTANYL SONT LES SUIVANTS<\/h3>\n<p>Des naus\u00e9es, des vomissements, des vertiges, une constipation, des \u00e9tourdissements, une somnolence ou des maux de t\u00eate peuvent survenir. Des d\u00e9mangeaisons, une l\u00e9g\u00e8re irritation ou une rougeur au site d'application peuvent \u00e9galement survenir. Certains de ces effets secondaires peuvent diminuer apr\u00e8s que vous ayez utilis\u00e9 ce m\u00e9dicament pendant un certain temps. Si l'un de ces effets persiste ou s'aggrave, informez-en rapidement votre m\u00e9decin ou votre pharmacien.<\/p>\n<h3>DOSE OUBLI\u00c9E<\/h3>\n<p>Si vous oubliez de prendre le patch de fentanyl, appliquez le patch d\u00e8s que vous vous en souvenez. Veillez \u00e0 retirer le patch usag\u00e9 avant d'en appliquer un nouveau. Portez le nouveau timbre pendant la p\u00e9riode prescrite par votre m\u00e9decin, puis remplacez-le. N'utilisez pas deux timbres en m\u00eame temps, sauf si votre m\u00e9decin vous a dit de le faire.<\/p>\n<h3>SURDOSAGE DU PATCH DE FENTANYL<\/h3>\n<p>Le surdosage entra\u00eene parfois une d\u00e9pression respiratoire, un coma, une flaccidit\u00e9 des muscles squelettiques, une peau froide et moite, une constriction des pupilles, et parfois une bradycardie, une hypotension et la mort. M\u00eame en cas d'am\u00e9lioration, une surveillance m\u00e9dicale continue est n\u00e9cessaire en raison de la possibilit\u00e9 d'effets prolong\u00e9s. Des d\u00e9c\u00e8s dus \u00e0 une surdose ont \u00e9t\u00e9 signal\u00e9s lors de l'abus et de la mauvaise utilisation de DURAGESIC.<\/p>\n<h3>STOCKAGE DES TIMBRES DE FENTANYL<\/h3>\n<p>La FDA recommande de se d\u00e9barrasser des patchs usag\u00e9s en les pliant en deux avec les c\u00f4t\u00e9s collants ensemble, puis en les jetant dans les toilettes. Ils ne doivent pas \u00eatre jet\u00e9s dans les ordures m\u00e9nag\u00e8res o\u00f9 vos enfants ou vos animaux domestiques peuvent les trouver.<\/p>\n<h3>O\u00d9 ACHETER DES PATCHS DE FENTANYL EN LIGNE ?<\/h3>\n<p>Il est essentiel de conserver la liste des m\u00e9dicaments sur ordonnance que vous prenez, ainsi que tout autre produit tel que vitamines, min\u00e9raux ou autres compl\u00e9ments alimentaires. Vous devez apporter la liste avec vous chaque fois que vous consultez votre m\u00e9decin ou si vous \u00eates admis \u00e0 l'h\u00f4pital. C'est \u00e9galement une information m\u00e9dicale importante \u00e0 avoir sur soi en cas d'urgence. Achetez Fentanyl Patch de buyprescriptionz \u00e0 votre porte avec dans le meilleur prix.<\/p>","protected":false},"excerpt":{"rendered":"<p>BUY FENTANYL PATCH ONLINE Buy Fentanyl Patch Online\u00a0Fentanyl patches are used to relieve severe pain in people who are expected to need pain medication around the clock for a long time and who cannot be treated with other medications. Fentanyl is in a class of medications which is called opiate (narcotic) analgesics. It can works [&hellip;]<\/p>","protected":false},"featured_media":3021,"comment_status":"open","ping_status":"closed","template":"","meta":{"site-sidebar-layout":"default","site-content-layout":"","ast-site-content-layout":"default","site-content-style":"default","site-sidebar-style":"default","ast-global-header-display":"","ast-banner-title-visibility":"","ast-main-header-display":"","ast-hfb-above-header-display":"","ast-hfb-below-header-display":"","ast-hfb-mobile-header-display":"","site-post-title":"","ast-breadcrumbs-content":"","ast-featured-img":"","footer-sml-layout":"","theme-transparent-header-meta":"default","adv-header-id-meta":"","stick-header-meta":"","header-above-stick-meta":"","header-main-stick-meta":"","header-below-stick-meta":"","astra-migrate-meta-layouts":"set","ast-page-background-enabled":"default","ast-page-background-meta":{"desktop":{"background-color":"var(--ast-global-color-4)","background-image":"","background-repeat":"repeat","background-position":"center center","background-size":"auto","background-attachment":"scroll","background-type":"","background-media":"","overlay-type":"","overlay-color":"","overlay-opacity":"","overlay-gradient":""},"tablet":{"background-color":"","background-image":"","background-repeat":"repeat","background-position":"center center","background-size":"auto","background-attachment":"scroll","background-type":"","background-media":"","overlay-type":"","overlay-color":"","overlay-opacity":"","overlay-gradient":""},"mobile":{"background-color":"","background-image":"","background-repeat":"repeat","background-position":"center center","background-size":"auto","background-attachment":"scroll","background-type":"","background-media":"","overlay-type":"","overlay-color":"","overlay-opacity":"","overlay-gradient":""}},"ast-content-background-meta":{"desktop":{"background-color":"var(--ast-global-color-5)","background-image":"","background-repeat":"repeat","background-position":"center center","background-size":"auto","background-attachment":"scroll","background-type":"","background-media":"","overlay-type":"","overlay-color":"","overlay-opacity":"","overlay-gradient":""},"tablet":{"background-color":"var(--ast-global-color-5)","background-image":"","background-repeat":"repeat","background-position":"center center","background-size":"auto","background-attachment":"scroll","background-type":"","background-media":"","overlay-type":"","overlay-color":"","overlay-opacity":"","overlay-gradient":""},"mobile":{"background-color":"var(--ast-global-color-5)","background-image":"","background-repeat":"repeat","background-position":"center center","background-size":"auto","background-attachment":"scroll","background-type":"","background-media":"","overlay-type":"","overlay-color":"","overlay-opacity":"","overlay-gradient":""}}},"product_brand":[],"product_cat":[2382],"product_tag":[1557,1558,1556,1551,1554,1553,1552,1555,1550,2187,2185,2186,2188,1549,2189,1560,1559,2182,2183,2184],"class_list":{"0":"post-2991","1":"product","2":"type-product","3":"status-publish","4":"has-post-thumbnail","6":"product_cat-buy-opioids-online","7":"product_tag-buy-fentanyl-patch-in-canada","8":"product_tag-buy-fentanyl-patch-in-uk","9":"product_tag-buy-fentanyl-patch-in-usa","10":"product_tag-buy-fentanyl-patch-with-bitcoin","11":"product_tag-buy-fentanyl-patch-with-credit-card","12":"product_tag-buy-fentanyl-patch-with-money-gram","13":"product_tag-buy-fentanyl-patch-with-western-union","14":"product_tag-buy-fentanyl-patch-without-a-doctor","15":"product_tag-buy-fentanyl-patch-without-prescription","16":"product_tag-fentanyl-buy-uk","17":"product_tag-fentanyl-patch-dosage","18":"product_tag-fentanyl-patch-dose-sizes","19":"product_tag-fentanyl-patch-for-back-pain","20":"product_tag-fentanyl-patch-for-sale","21":"product_tag-fentanyl-patch-onset","22":"product_tag-fentanyl-patch-pills","23":"product_tag-fentanyl-patch-tablets","24":"product_tag-fentanyl-patch-uk","25":"product_tag-fentanyl-patches-to-buy-uk","26":"product_tag-fentanyl-transdermal-patch","27":"desktop-align-center","28":"tablet-align-left","29":"mobile-align-left","31":"first","32":"instock","33":"shipping-taxable","34":"purchasable","35":"product-type-variable"},"yoast_head":"<!-- This site is optimized with the Yoast SEO plugin v25.9 - https:\/\/yoast.com\/wordpress\/plugins\/seo\/ -->\n<title>Buy Fentanyl Patch Online - Fentanyl for Sale | Fentanyl Store<\/title>\n<meta name=\"description\" content=\"Buy Fentanyl Patch Online,Fentanyl Powder is fentanyl supplier specializing in patches, powder, pills, lozenges and injection solutions.\" \/>\n<meta name=\"robots\" content=\"index, follow, max-snippet:-1, max-image-preview:large, max-video-preview:-1\" \/>\n<link rel=\"canonical\" href=\"https:\/\/buy-prescriptionz.com\/fr\/produit\/acheter-un-patch-de-fentanyl-en-ligne\/\" \/>\n<meta property=\"og:locale\" content=\"fr_FR\" \/>\n<meta property=\"og:type\" content=\"article\" \/>\n<meta property=\"og:title\" content=\"Buy Fentanyl Patch Online - Fentanyl for Sale | Fentanyl Store\" \/>\n<meta property=\"og:description\" content=\"Buy Fentanyl Patch Online,Fentanyl Powder is fentanyl supplier specializing in patches, powder, pills, lozenges and injection solutions.\" \/>\n<meta property=\"og:url\" content=\"https:\/\/buy-prescriptionz.com\/fr\/produit\/acheter-un-patch-de-fentanyl-en-ligne\/\" \/>\n<meta property=\"og:site_name\" content=\"Buy Prescriptionz\" \/>\n<meta property=\"article:modified_time\" content=\"2025-09-21T08:53:53+00:00\" \/>\n<meta property=\"og:image\" content=\"https:\/\/buy-prescriptionz.com\/wp-content\/uploads\/2025\/09\/fentanyl-patch.jpg\" \/>\n\t<meta property=\"og:image:width\" content=\"400\" \/>\n\t<meta property=\"og:image:height\" content=\"300\" \/>\n\t<meta property=\"og:image:type\" content=\"image\/jpeg\" \/>\n<meta name=\"twitter:card\" content=\"summary_large_image\" \/>\n<meta name=\"twitter:label1\" content=\"Dur\u00e9e de lecture estim\u00e9e\" \/>\n\t<meta name=\"twitter:data1\" content=\"5 minutes\" \/>\n<script type=\"application\/ld+json\" class=\"yoast-schema-graph\">{\"@context\":\"https:\/\/schema.org\",\"@graph\":[{\"@type\":\"WebPage\",\"@id\":\"https:\/\/buy-prescriptionz.com\/product\/buy-fentanyl-patch-online\/\",\"url\":\"https:\/\/buy-prescriptionz.com\/product\/buy-fentanyl-patch-online\/\",\"name\":\"Buy Fentanyl Patch Online - Fentanyl for Sale | Fentanyl Store\",\"isPartOf\":{\"@id\":\"https:\/\/buy-prescriptionz.com\/#website\"},\"primaryImageOfPage\":{\"@id\":\"https:\/\/buy-prescriptionz.com\/product\/buy-fentanyl-patch-online\/#primaryimage\"},\"image\":{\"@id\":\"https:\/\/buy-prescriptionz.com\/product\/buy-fentanyl-patch-online\/#primaryimage\"},\"thumbnailUrl\":\"https:\/\/buy-prescriptionz.com\/wp-content\/uploads\/2025\/09\/fentanyl-patch.jpg\",\"datePublished\":\"2025-09-16T08:55:52+00:00\",\"dateModified\":\"2025-09-21T08:53:53+00:00\",\"description\":\"Buy Fentanyl Patch Online,Fentanyl Powder is fentanyl supplier specializing in patches, powder, pills, lozenges and injection solutions.\",\"breadcrumb\":{\"@id\":\"https:\/\/buy-prescriptionz.com\/product\/buy-fentanyl-patch-online\/#breadcrumb\"},\"inLanguage\":\"fr-FR\",\"potentialAction\":[{\"@type\":\"ReadAction\",\"target\":[\"https:\/\/buy-prescriptionz.com\/product\/buy-fentanyl-patch-online\/\"]}]},{\"@type\":\"ImageObject\",\"inLanguage\":\"fr-FR\",\"@id\":\"https:\/\/buy-prescriptionz.com\/product\/buy-fentanyl-patch-online\/#primaryimage\",\"url\":\"https:\/\/buy-prescriptionz.com\/wp-content\/uploads\/2025\/09\/fentanyl-patch.jpg\",\"contentUrl\":\"https:\/\/buy-prescriptionz.com\/wp-content\/uploads\/2025\/09\/fentanyl-patch.jpg\",\"width\":400,\"height\":300},{\"@type\":\"BreadcrumbList\",\"@id\":\"https:\/\/buy-prescriptionz.com\/product\/buy-fentanyl-patch-online\/#breadcrumb\",\"itemListElement\":[{\"@type\":\"ListItem\",\"position\":1,\"name\":\"Home\",\"item\":\"https:\/\/buy-prescriptionz.com\/\"},{\"@type\":\"ListItem\",\"position\":2,\"name\":\"Shop Painkillers Online\",\"item\":\"https:\/\/buy-prescriptionz.com\/shop-painkillers-online\/\"},{\"@type\":\"ListItem\",\"position\":3,\"name\":\"Buy Fentanyl Patch Online\"}]},{\"@type\":\"WebSite\",\"@id\":\"https:\/\/buy-prescriptionz.com\/#website\",\"url\":\"https:\/\/buy-prescriptionz.com\/\",\"name\":\"Buy Prescriptionz\",\"description\":\"Drugs Online\",\"publisher\":{\"@id\":\"https:\/\/buy-prescriptionz.com\/#organization\"},\"potentialAction\":[{\"@type\":\"SearchAction\",\"target\":{\"@type\":\"EntryPoint\",\"urlTemplate\":\"https:\/\/buy-prescriptionz.com\/?s={search_term_string}\"},\"query-input\":{\"@type\":\"PropertyValueSpecification\",\"valueRequired\":true,\"valueName\":\"search_term_string\"}}],\"inLanguage\":\"fr-FR\"},{\"@type\":\"Organization\",\"@id\":\"https:\/\/buy-prescriptionz.com\/#organization\",\"name\":\"Buy Prescriptionz\",\"url\":\"https:\/\/buy-prescriptionz.com\/\",\"logo\":{\"@type\":\"ImageObject\",\"inLanguage\":\"fr-FR\",\"@id\":\"https:\/\/buy-prescriptionz.com\/#\/schema\/logo\/image\/\",\"url\":\"https:\/\/buy-prescriptionz.com\/wp-content\/uploads\/2023\/09\/logo.png\",\"contentUrl\":\"https:\/\/buy-prescriptionz.com\/wp-content\/uploads\/2023\/09\/logo.png\",\"width\":350,\"height\":64,\"caption\":\"Buy Prescriptionz\"},\"image\":{\"@id\":\"https:\/\/buy-prescriptionz.com\/#\/schema\/logo\/image\/\"}}]}<\/script>\n<!-- \/ Yoast SEO plugin. -->","yoast_head_json":{"title":"Acheter un patch de fentanyl en ligne - Fentanyl \u00e0 vendre | Fentanyl Store","description":"Acheter des patchs de fentanyl en ligne,Fentanyl Powder est un fournisseur de fentanyl sp\u00e9cialis\u00e9 dans les patchs, la poudre, les pilules, les pastilles et les solutions d'injection.","robots":{"index":"index","follow":"follow","max-snippet":"max-snippet:-1","max-image-preview":"max-image-preview:large","max-video-preview":"max-video-preview:-1"},"canonical":"https:\/\/buy-prescriptionz.com\/fr\/produit\/acheter-un-patch-de-fentanyl-en-ligne\/","og_locale":"fr_FR","og_type":"article","og_title":"Buy Fentanyl Patch Online - Fentanyl for Sale | Fentanyl Store","og_description":"Buy Fentanyl Patch Online,Fentanyl Powder is fentanyl supplier specializing in patches, powder, pills, lozenges and injection solutions.","og_url":"https:\/\/buy-prescriptionz.com\/fr\/produit\/acheter-un-patch-de-fentanyl-en-ligne\/","og_site_name":"Buy Prescriptionz","article_modified_time":"2025-09-21T08:53:53+00:00","og_image":[{"width":400,"height":300,"url":"https:\/\/buy-prescriptionz.com\/wp-content\/uploads\/2025\/09\/fentanyl-patch.jpg","type":"image\/jpeg"}],"twitter_card":"summary_large_image","twitter_misc":{"Dur\u00e9e de lecture estim\u00e9e":"5 minutes"},"schema":{"@context":"https:\/\/schema.org","@graph":[{"@type":"WebPage","@id":"https:\/\/buy-prescriptionz.com\/product\/buy-fentanyl-patch-online\/","url":"https:\/\/buy-prescriptionz.com\/product\/buy-fentanyl-patch-online\/","name":"Acheter un patch de fentanyl en ligne - Fentanyl \u00e0 vendre | Fentanyl Store","isPartOf":{"@id":"https:\/\/buy-prescriptionz.com\/#website"},"primaryImageOfPage":{"@id":"https:\/\/buy-prescriptionz.com\/product\/buy-fentanyl-patch-online\/#primaryimage"},"image":{"@id":"https:\/\/buy-prescriptionz.com\/product\/buy-fentanyl-patch-online\/#primaryimage"},"thumbnailUrl":"https:\/\/buy-prescriptionz.com\/wp-content\/uploads\/2025\/09\/fentanyl-patch.jpg","datePublished":"2025-09-16T08:55:52+00:00","dateModified":"2025-09-21T08:53:53+00:00","description":"Acheter des patchs de fentanyl en ligne,Fentanyl Powder est un fournisseur de fentanyl sp\u00e9cialis\u00e9 dans les patchs, la poudre, les pilules, les pastilles et les solutions d'injection.","breadcrumb":{"@id":"https:\/\/buy-prescriptionz.com\/product\/buy-fentanyl-patch-online\/#breadcrumb"},"inLanguage":"fr-FR","potentialAction":[{"@type":"ReadAction","target":["https:\/\/buy-prescriptionz.com\/product\/buy-fentanyl-patch-online\/"]}]},{"@type":"ImageObject","inLanguage":"fr-FR","@id":"https:\/\/buy-prescriptionz.com\/product\/buy-fentanyl-patch-online\/#primaryimage","url":"https:\/\/buy-prescriptionz.com\/wp-content\/uploads\/2025\/09\/fentanyl-patch.jpg","contentUrl":"https:\/\/buy-prescriptionz.com\/wp-content\/uploads\/2025\/09\/fentanyl-patch.jpg","width":400,"height":300},{"@type":"BreadcrumbList","@id":"https:\/\/buy-prescriptionz.com\/product\/buy-fentanyl-patch-online\/#breadcrumb","itemListElement":[{"@type":"ListItem","position":1,"name":"Home","item":"https:\/\/buy-prescriptionz.com\/"},{"@type":"ListItem","position":2,"name":"Shop Painkillers Online","item":"https:\/\/buy-prescriptionz.com\/shop-painkillers-online\/"},{"@type":"ListItem","position":3,"name":"Buy Fentanyl Patch Online"}]},{"@type":"WebSite","@id":"https:\/\/buy-prescriptionz.com\/#website","url":"https:\/\/buy-prescriptionz.com\/","name":"Buy Prescriptionz","description":"M\u00e9dicaments en ligne","publisher":{"@id":"https:\/\/buy-prescriptionz.com\/#organization"},"potentialAction":[{"@type":"SearchAction","target":{"@type":"EntryPoint","urlTemplate":"https:\/\/buy-prescriptionz.com\/?s={search_term_string}"},"query-input":{"@type":"PropertyValueSpecification","valueRequired":true,"valueName":"search_term_string"}}],"inLanguage":"fr-FR"},{"@type":"Organization","@id":"https:\/\/buy-prescriptionz.com\/#organization","name":"Buy Prescriptionz","url":"https:\/\/buy-prescriptionz.com\/","logo":{"@type":"ImageObject","inLanguage":"fr-FR","@id":"https:\/\/buy-prescriptionz.com\/#\/schema\/logo\/image\/","url":"https:\/\/buy-prescriptionz.com\/wp-content\/uploads\/2023\/09\/logo.png","contentUrl":"https:\/\/buy-prescriptionz.com\/wp-content\/uploads\/2023\/09\/logo.png","width":350,"height":64,"caption":"Buy Prescriptionz"},"image":{"@id":"https:\/\/buy-prescriptionz.com\/#\/schema\/logo\/image\/"}}]}},"_links":{"self":[{"href":"https:\/\/buy-prescriptionz.com\/fr\/wp-json\/wp\/v2\/product\/2991","targetHints":{"allow":["GET"]}}],"collection":[{"href":"https:\/\/buy-prescriptionz.com\/fr\/wp-json\/wp\/v2\/product"}],"about":[{"href":"https:\/\/buy-prescriptionz.com\/fr\/wp-json\/wp\/v2\/types\/product"}],"replies":[{"embeddable":true,"href":"https:\/\/buy-prescriptionz.com\/fr\/wp-json\/wp\/v2\/comments?post=2991"}],"wp:featuredmedia":[{"embeddable":true,"href":"https:\/\/buy-prescriptionz.com\/fr\/wp-json\/wp\/v2\/media\/3021"}],"wp:attachment":[{"href":"https:\/\/buy-prescriptionz.com\/fr\/wp-json\/wp\/v2\/media?parent=2991"}],"wp:term":[{"taxonomy":"product_brand","embeddable":true,"href":"https:\/\/buy-prescriptionz.com\/fr\/wp-json\/wp\/v2\/product_brand?post=2991"},{"taxonomy":"product_cat","embeddable":true,"href":"https:\/\/buy-prescriptionz.com\/fr\/wp-json\/wp\/v2\/product_cat?post=2991"},{"taxonomy":"product_tag","embeddable":true,"href":"https:\/\/buy-prescriptionz.com\/fr\/wp-json\/wp\/v2\/product_tag?post=2991"}],"curies":[{"name":"wp","href":"https:\/\/api.w.org\/{rel}","templated":true}]}}