{"id":2992,"date":"2025-09-16T08:55:52","date_gmt":"2025-09-16T08:55:52","guid":{"rendered":"https:\/\/chemsfine.com\/newsite\/?post_type=product&#038;p=2992"},"modified":"2025-09-30T12:37:28","modified_gmt":"2025-09-30T12:37:28","slug":"acheter-suboxone-en-ligne","status":"publish","type":"product","link":"https:\/\/buy-prescriptionz.com\/fr\/produit\/acheter-suboxone-en-ligne\/","title":{"rendered":"Acheter Suboxone en ligne"},"content":{"rendered":"<h2>Acheter Suboxone en ligne<\/h2>\n<p>La bupr\u00e9norphine\/naloxone, commercialis\u00e9e sous le nom de Suboxone, est un m\u00e9dicament associant bupr\u00e9norphine et naloxone. Le Suboxone est destin\u00e9 au traitement des troubles de d\u00e9pendance aux drogues. Il att\u00e9nue les effets secondaires du sevrage pendant environ 24 heures. Vous pouvez acheter du Suboxone pour deux applications\u00a0: sous la langue ou dans la joue.<\/p>\n<h3>Comment acheter du Suboxone en ligne sur buy-prescriptionz.com<\/h3>\n<p>Suboxone en ligne peut soulager des sympt\u00f4mes tels que des probl\u00e8mes respiratoires, de la fatigue et une hypotension art\u00e9rielle. La naloxone est un antid\u00e9presseur qui rivalise avec d'autres narcotiques et en inhibe l'effet. La naloxone est conserv\u00e9e par voie orale et est ajout\u00e9e pour r\u00e9duire le risque d'abus par injection. L'association bupr\u00e9norphine\/naloxone est destin\u00e9e au traitement des troubles li\u00e9s aux narcotiques. Les r\u00e9sultats \u00e0 long terme sont g\u00e9n\u00e9ralement meilleurs avec l'utilisation de la bupr\u00e9norphine\/naloxone qu'avec l'utilisation de narcotiques seuls. O\u00f9 acheter Suboxone en ligne\u00a0? L'association des deux m\u00e9dicaments est privil\u00e9gi\u00e9e par rapport \u00e0 la bupr\u00e9norphine seule en traitement de soutien, car la naloxone, contenue dans la formule, contribue \u00e0 soulager les abus, notamment en cas d'utilisation intraveineuse.<\/p>\n<h3>Achetez Suboxone \u00e0 un prix avantageux de 8 mg, 4 mg ou 2 mg<\/h3>\n<p>Achetez Suboxone dans un emballage discret pour traiter la d\u00e9pendance aux narcotiques. Ce m\u00e9dicament est prescrit en premi\u00e8re intention, conform\u00e9ment aux directives de l'Institut national am\u00e9ricain sur l'abus des drogues, et b\u00e9n\u00e9ficie d'une livraison rapide et s\u00e9curis\u00e9e sur buy-prescriptionz.com. Ce m\u00e9dicament est un traitement d'entretien efficace contre la d\u00e9pendance aux drogues et pr\u00e9sente g\u00e9n\u00e9ralement une efficacit\u00e9 comparable \u00e0 celle de la m\u00e9thadone, qui est plus efficace que d'autres traitements \u00e0 base de substances.<\/p>\n<h3>Acheter Suboxone sans ordonnance\u00a0: utilisations m\u00e9dicales<\/h3>\n<p>Achetez du Suboxone sans m\u00e9decin, car il augmente les risques li\u00e9s \u00e0 cette d\u00e9pendance aux drogues. Commandez du Suboxone en ligne pour les personnes socialement stables qui ne peuvent pas obtenir leurs ordonnances au quotidien. Ce m\u00e9dicament est destin\u00e9 aux personnes souffrant d'une autre affection n\u00e9cessitant des consultations m\u00e9dicales r\u00e9guli\u00e8res, avec un service de livraison rapide et s\u00e9curis\u00e9 sur buy-prescriptionz.com. Achetez du Suboxone en ligne plut\u00f4t que de la m\u00e9thadone en cas de risque \u00e9lev\u00e9 de l\u00e9talit\u00e9, par exemple chez les personnes \u00e2g\u00e9es, celles qui prennent des doses \u00e9lev\u00e9es de benzodiaz\u00e9pines ou d'autres m\u00e9dicaments calmants, et celles qui pr\u00e9sentent un risque \u00e9lev\u00e9 de retard de l'intervalle QT.<\/p>\n<p>Avant d'explorer les avantages de l'achat de Suboxone en ligne, il est essentiel de comprendre ce qu'est Suboxone et son fonctionnement. Le meilleur Suboxone est une association m\u00e9dicamenteuse contenant de la bupr\u00e9norphine et de la naloxone. La bupr\u00e9norphine est un agoniste opio\u00efde partiel, ce qui signifie qu'elle active les r\u00e9cepteurs opio\u00efdes dans le cerveau, mais dans une moindre mesure que les agonistes opio\u00efdes complets comme l'h\u00e9ro\u00efne ou la morphine. La naloxone est ajout\u00e9e pour pr\u00e9venir l'abus du m\u00e9dicament, car elle peut bloquer les effets des opio\u00efdes et pr\u00e9cipiter les sympt\u00f4mes de sevrage en cas de prise inappropri\u00e9e. Suboxone est couramment utilis\u00e9 dans les programmes de traitement assist\u00e9 par m\u00e9dicaments (TAM) pour aider les personnes \u00e0 r\u00e9duire ou \u00e0 arr\u00eater leur consommation d'opio\u00efdes. Il peut aider \u00e0 g\u00e9rer les sympt\u00f4mes de sevrage et les envies, permettant ainsi aux personnes de se concentrer sur leur r\u00e9tablissement sans les effets physiologiques intenses du sevrage aux opio\u00efdes.<\/p>\n<h3>Traitement de la d\u00e9pendance aux opio\u00efdes<\/h3>\n<p>L'une des principales utilisations de Suboxone est le traitement de la d\u00e9pendance aux opio\u00efdes. La d\u00e9pendance aux opio\u00efdes est un probl\u00e8me grave et r\u00e9pandu qui peut avoir des effets d\u00e9vastateurs sur la sant\u00e9, les relations et la qualit\u00e9 de vie globale. Suboxone agit en r\u00e9duisant les sympt\u00f4mes de sevrage et les envies, permettant ainsi aux personnes de surmonter plus facilement leur d\u00e9pendance et de se concentrer sur leur r\u00e9tablissement.<\/p>\n<h3>Comment Suboxone aide-t-il ?<\/h3>\n<p>Pris conform\u00e9ment \u00e0 la prescription, le Suboxone peut aider les personnes \u00e0 sevrer progressivement les opio\u00efdes et \u00e0 progresser vers la sobri\u00e9t\u00e9. La bupr\u00e9norphine \u00e9tant un agoniste partiel, son risque d'abus et de d\u00e9pendance est plus faible que celui des agonistes opio\u00efdes complets. Il s'agit donc d'une alternative plus s\u00fbre pour les personnes aux prises avec une d\u00e9pendance aux opio\u00efdes et pr\u00e9sentant un risque de rechute.<\/p>\n<h2>Gestion de la douleur<\/h2>\n<p>Outre le traitement de la d\u00e9pendance aux opio\u00efdes, Suboxone peut \u00e9galement \u00eatre utilis\u00e9 pour la gestion de la douleur. La bupr\u00e9norphine, principal principe actif de Suboxone, est un analg\u00e9sique puissant, efficace contre les douleurs aigu\u00ebs et chroniques. Elle est souvent utilis\u00e9e comme alternative aux opio\u00efdes traditionnels comme la morphine ou l'oxycodone, notamment chez les personnes pr\u00e9sentant un risque de d\u00e9pendance ou de surdose.<\/p>\n<h3>Avantages de Suboxone pour la gestion de la douleur<\/h3>\n<p>L'un des principaux avantages de l'utilisation de Suboxone pour la gestion de la douleur est la r\u00e9duction du risque d'abus et de d\u00e9pendance. La bupr\u00e9norphine \u00e9tant un agoniste partiel, son effet plafond est limit\u00e9\u00a0: une dose plus importante n'entra\u00eenera pas d'effet plus marqu\u00e9. Cela peut contribuer \u00e0 r\u00e9duire le risque de surdose et d'autres effets secondaires graves associ\u00e9s aux opio\u00efdes traditionnels.<\/p>\n<h3>Traitement du double diagnostic<\/h3>\n<p>Suboxone est \u00e9galement utilis\u00e9 dans les programmes de traitement \u00e0 double diagnostic pour les personnes souffrant simultan\u00e9ment d'une d\u00e9pendance aux opio\u00efdes et de troubles mentaux. De nombreuses personnes aux prises avec une d\u00e9pendance souffrent \u00e9galement de troubles mentaux sous-jacents, tels que la d\u00e9pression, l'anxi\u00e9t\u00e9 ou le trouble bipolaire. Suboxone peut contribuer \u00e0 stabiliser leur humeur et \u00e0 am\u00e9liorer leur sant\u00e9 mentale globale, facilitant ainsi leur int\u00e9gration en th\u00e9rapie et autres traitements.<\/p>\n<h3>\u00a0Pourquoi choisir buy-prescriptionz.com ?<\/h3>\n<p>Pour ceux qui envisagent d'acheter du Suboxone en ligne, buy-prescriptionz.com est une pharmacie r\u00e9put\u00e9e et de premier ordre. Avec un site web convivial, des options de paiement s\u00e9curis\u00e9es et un emballage discret, buy-prescriptionz.com privil\u00e9gie la satisfaction et la s\u00e9curit\u00e9 de ses clients. En choisissant buy-prescriptionz.com, vous acc\u00e9dez \u00e0 du Suboxone de haute qualit\u00e9 \u00e0 des prix comp\u00e9titifs. La simplicit\u00e9 de la commande en ligne, combin\u00e9e aux avantages de la confidentialit\u00e9 et des \u00e9conomies, fait de buy-prescriptionz.com un choix de premier ordre pour ceux qui recherchent du Suboxone en ligne.<\/p>","protected":false},"excerpt":{"rendered":"<p>Buy Suboxone online Buprenorphine\/naloxone, sold under the brand name Suboxone, is a medicine that is a blend of buprenorphine and naloxone. Suboxone for sale is to treat drug dependence disorder. It diminishes withdrawal side effects for around 24 hours. Buy Suboxone for use in two unique structures, under the tongue or in the cheek. How [&hellip;]<\/p>","protected":false},"featured_media":3022,"comment_status":"open","ping_status":"closed","template":"","meta":{"site-sidebar-layout":"default","site-content-layout":"","ast-site-content-layout":"default","site-content-style":"default","site-sidebar-style":"default","ast-global-header-display":"","ast-banner-title-visibility":"","ast-main-header-display":"","ast-hfb-above-header-display":"","ast-hfb-below-header-display":"","ast-hfb-mobile-header-display":"","site-post-title":"","ast-breadcrumbs-content":"","ast-featured-img":"","footer-sml-layout":"","theme-transparent-header-meta":"default","adv-header-id-meta":"","stick-header-meta":"","header-above-stick-meta":"","header-main-stick-meta":"","header-below-stick-meta":"","astra-migrate-meta-layouts":"set","ast-page-background-enabled":"default","ast-page-background-meta":{"desktop":{"background-color":"var(--ast-global-color-4)","background-image":"","background-repeat":"repeat","background-position":"center center","background-size":"auto","background-attachment":"scroll","background-type":"","background-media":"","overlay-type":"","overlay-color":"","overlay-opacity":"","overlay-gradient":""},"tablet":{"background-color":"","background-image":"","background-repeat":"repeat","background-position":"center center","background-size":"auto","background-attachment":"scroll","background-type":"","background-media":"","overlay-type":"","overlay-color":"","overlay-opacity":"","overlay-gradient":""},"mobile":{"background-color":"","background-image":"","background-repeat":"repeat","background-position":"center center","background-size":"auto","background-attachment":"scroll","background-type":"","background-media":"","overlay-type":"","overlay-color":"","overlay-opacity":"","overlay-gradient":""}},"ast-content-background-meta":{"desktop":{"background-color":"var(--ast-global-color-5)","background-image":"","background-repeat":"repeat","background-position":"center center","background-size":"auto","background-attachment":"scroll","background-type":"","background-media":"","overlay-type":"","overlay-color":"","overlay-opacity":"","overlay-gradient":""},"tablet":{"background-color":"var(--ast-global-color-5)","background-image":"","background-repeat":"repeat","background-position":"center center","background-size":"auto","background-attachment":"scroll","background-type":"","background-media":"","overlay-type":"","overlay-color":"","overlay-opacity":"","overlay-gradient":""},"mobile":{"background-color":"var(--ast-global-color-5)","background-image":"","background-repeat":"repeat","background-position":"center center","background-size":"auto","background-attachment":"scroll","background-type":"","background-media":"","overlay-type":"","overlay-color":"","overlay-opacity":"","overlay-gradient":""}}},"product_brand":[],"product_cat":[2382],"product_tag":[1581,1582,1580,1575,1578,1577,1576,1579,1574,1583,1573],"class_list":{"0":"post-2992","1":"product","2":"type-product","3":"status-publish","4":"has-post-thumbnail","6":"product_cat-buy-opioids-online","7":"product_tag-buy-suboxone-in-canada","8":"product_tag-buy-suboxone-in-uk","9":"product_tag-buy-suboxone-in-usa","10":"product_tag-buy-suboxone-with-bitcoin","11":"product_tag-buy-suboxone-with-credit-card","12":"product_tag-buy-suboxone-with-money-gram","13":"product_tag-buy-suboxone-with-western-union","14":"product_tag-buy-suboxone-without-a-doctor","15":"product_tag-buy-suboxone-without-prescription","16":"product_tag-suboxone","17":"product_tag-suboxone-for-sale","18":"desktop-align-center","19":"tablet-align-left","20":"mobile-align-left","22":"first","23":"instock","24":"shipping-taxable","25":"purchasable","26":"product-type-variable","27":"has-default-attributes"},"yoast_head":"<!-- This site is optimized with the Yoast SEO plugin v25.9 - https:\/\/yoast.com\/wordpress\/plugins\/seo\/ -->\n<title>Buy Suboxone Online USA - Buy Suboxone Online for Sale - Buy Prescriptionz<\/title>\n<meta name=\"description\" content=\"Buyprescriptionz.com is an online pharmacy store where you can Buy Suboxone Online at best price without doctor&#039;s prescription. Buy Suboxone Online Now with Free &amp; Secure Shipping!\" \/>\n<meta name=\"robots\" content=\"index, follow, max-snippet:-1, max-image-preview:large, max-video-preview:-1\" \/>\n<link rel=\"canonical\" href=\"https:\/\/buy-prescriptionz.com\/fr\/produit\/acheter-suboxone-en-ligne\/\" \/>\n<meta property=\"og:locale\" content=\"fr_FR\" \/>\n<meta property=\"og:type\" content=\"article\" \/>\n<meta property=\"og:title\" content=\"Buy Suboxone Online USA - Buy Suboxone Online for Sale - Buy Prescriptionz\" \/>\n<meta property=\"og:description\" content=\"Buyprescriptionz.com is an online pharmacy store where you can Buy Suboxone Online at best price without doctor&#039;s prescription. Buy Suboxone Online Now with Free &amp; Secure Shipping!\" \/>\n<meta property=\"og:url\" content=\"https:\/\/buy-prescriptionz.com\/fr\/produit\/acheter-suboxone-en-ligne\/\" \/>\n<meta property=\"og:site_name\" content=\"Buy Prescriptionz\" \/>\n<meta property=\"article:modified_time\" content=\"2025-09-30T12:37:28+00:00\" \/>\n<meta property=\"og:image\" content=\"https:\/\/buy-prescriptionz.com\/wp-content\/uploads\/2025\/09\/suboxone.jpg\" \/>\n\t<meta property=\"og:image:width\" content=\"400\" \/>\n\t<meta property=\"og:image:height\" content=\"300\" \/>\n\t<meta property=\"og:image:type\" content=\"image\/jpeg\" \/>\n<meta name=\"twitter:card\" content=\"summary_large_image\" \/>\n<meta name=\"twitter:label1\" content=\"Dur\u00e9e de lecture estim\u00e9e\" \/>\n\t<meta name=\"twitter:data1\" content=\"5 minutes\" \/>\n<script type=\"application\/ld+json\" class=\"yoast-schema-graph\">{\"@context\":\"https:\/\/schema.org\",\"@graph\":[{\"@type\":\"WebPage\",\"@id\":\"https:\/\/buy-prescriptionz.com\/product\/buy-suboxone-online\/\",\"url\":\"https:\/\/buy-prescriptionz.com\/product\/buy-suboxone-online\/\",\"name\":\"Buy Suboxone Online USA - Buy Suboxone Online for Sale - Buy Prescriptionz\",\"isPartOf\":{\"@id\":\"https:\/\/buy-prescriptionz.com\/#website\"},\"primaryImageOfPage\":{\"@id\":\"https:\/\/buy-prescriptionz.com\/product\/buy-suboxone-online\/#primaryimage\"},\"image\":{\"@id\":\"https:\/\/buy-prescriptionz.com\/product\/buy-suboxone-online\/#primaryimage\"},\"thumbnailUrl\":\"https:\/\/buy-prescriptionz.com\/wp-content\/uploads\/2025\/09\/suboxone.jpg\",\"datePublished\":\"2025-09-16T08:55:52+00:00\",\"dateModified\":\"2025-09-30T12:37:28+00:00\",\"description\":\"Buyprescriptionz.com is an online pharmacy store where you can Buy Suboxone Online at best price without doctor's prescription. Buy Suboxone Online Now with Free & Secure Shipping!\",\"breadcrumb\":{\"@id\":\"https:\/\/buy-prescriptionz.com\/product\/buy-suboxone-online\/#breadcrumb\"},\"inLanguage\":\"fr-FR\",\"potentialAction\":[{\"@type\":\"ReadAction\",\"target\":[\"https:\/\/buy-prescriptionz.com\/product\/buy-suboxone-online\/\"]}]},{\"@type\":\"ImageObject\",\"inLanguage\":\"fr-FR\",\"@id\":\"https:\/\/buy-prescriptionz.com\/product\/buy-suboxone-online\/#primaryimage\",\"url\":\"https:\/\/buy-prescriptionz.com\/wp-content\/uploads\/2025\/09\/suboxone.jpg\",\"contentUrl\":\"https:\/\/buy-prescriptionz.com\/wp-content\/uploads\/2025\/09\/suboxone.jpg\",\"width\":400,\"height\":300},{\"@type\":\"BreadcrumbList\",\"@id\":\"https:\/\/buy-prescriptionz.com\/product\/buy-suboxone-online\/#breadcrumb\",\"itemListElement\":[{\"@type\":\"ListItem\",\"position\":1,\"name\":\"Home\",\"item\":\"https:\/\/buy-prescriptionz.com\/\"},{\"@type\":\"ListItem\",\"position\":2,\"name\":\"Shop Painkillers Online\",\"item\":\"https:\/\/buy-prescriptionz.com\/shop-painkillers-online\/\"},{\"@type\":\"ListItem\",\"position\":3,\"name\":\"Buy Suboxone Online\"}]},{\"@type\":\"WebSite\",\"@id\":\"https:\/\/buy-prescriptionz.com\/#website\",\"url\":\"https:\/\/buy-prescriptionz.com\/\",\"name\":\"Buy Prescriptionz\",\"description\":\"Drugs Online\",\"publisher\":{\"@id\":\"https:\/\/buy-prescriptionz.com\/#organization\"},\"potentialAction\":[{\"@type\":\"SearchAction\",\"target\":{\"@type\":\"EntryPoint\",\"urlTemplate\":\"https:\/\/buy-prescriptionz.com\/?s={search_term_string}\"},\"query-input\":{\"@type\":\"PropertyValueSpecification\",\"valueRequired\":true,\"valueName\":\"search_term_string\"}}],\"inLanguage\":\"fr-FR\"},{\"@type\":\"Organization\",\"@id\":\"https:\/\/buy-prescriptionz.com\/#organization\",\"name\":\"Buy Prescriptionz\",\"url\":\"https:\/\/buy-prescriptionz.com\/\",\"logo\":{\"@type\":\"ImageObject\",\"inLanguage\":\"fr-FR\",\"@id\":\"https:\/\/buy-prescriptionz.com\/#\/schema\/logo\/image\/\",\"url\":\"https:\/\/buy-prescriptionz.com\/wp-content\/uploads\/2023\/09\/logo.png\",\"contentUrl\":\"https:\/\/buy-prescriptionz.com\/wp-content\/uploads\/2023\/09\/logo.png\",\"width\":350,\"height\":64,\"caption\":\"Buy Prescriptionz\"},\"image\":{\"@id\":\"https:\/\/buy-prescriptionz.com\/#\/schema\/logo\/image\/\"}}]}<\/script>\n<!-- \/ Yoast SEO plugin. -->","yoast_head_json":{"title":"Acheter Suboxone en ligne aux \u00c9tats-Unis\u00a0- Acheter Suboxone en ligne \u00e0 vendre\u00a0- Acheter sur ordonnance","description":"Buyprescriptionz.com is an online pharmacy store where you can Buy Suboxone Online at best price without doctor's prescription. Buy Suboxone Online Now with Free & Secure Shipping!","robots":{"index":"index","follow":"follow","max-snippet":"max-snippet:-1","max-image-preview":"max-image-preview:large","max-video-preview":"max-video-preview:-1"},"canonical":"https:\/\/buy-prescriptionz.com\/fr\/produit\/acheter-suboxone-en-ligne\/","og_locale":"fr_FR","og_type":"article","og_title":"Buy Suboxone Online USA - Buy Suboxone Online for Sale - Buy Prescriptionz","og_description":"Buyprescriptionz.com is an online pharmacy store where you can Buy Suboxone Online at best price without doctor's prescription. Buy Suboxone Online Now with Free & Secure Shipping!","og_url":"https:\/\/buy-prescriptionz.com\/fr\/produit\/acheter-suboxone-en-ligne\/","og_site_name":"Buy Prescriptionz","article_modified_time":"2025-09-30T12:37:28+00:00","og_image":[{"width":400,"height":300,"url":"https:\/\/buy-prescriptionz.com\/wp-content\/uploads\/2025\/09\/suboxone.jpg","type":"image\/jpeg"}],"twitter_card":"summary_large_image","twitter_misc":{"Dur\u00e9e de lecture estim\u00e9e":"5 minutes"},"schema":{"@context":"https:\/\/schema.org","@graph":[{"@type":"WebPage","@id":"https:\/\/buy-prescriptionz.com\/product\/buy-suboxone-online\/","url":"https:\/\/buy-prescriptionz.com\/product\/buy-suboxone-online\/","name":"Acheter Suboxone en ligne aux \u00c9tats-Unis\u00a0- Acheter Suboxone en ligne \u00e0 vendre\u00a0- Acheter sur ordonnance","isPartOf":{"@id":"https:\/\/buy-prescriptionz.com\/#website"},"primaryImageOfPage":{"@id":"https:\/\/buy-prescriptionz.com\/product\/buy-suboxone-online\/#primaryimage"},"image":{"@id":"https:\/\/buy-prescriptionz.com\/product\/buy-suboxone-online\/#primaryimage"},"thumbnailUrl":"https:\/\/buy-prescriptionz.com\/wp-content\/uploads\/2025\/09\/suboxone.jpg","datePublished":"2025-09-16T08:55:52+00:00","dateModified":"2025-09-30T12:37:28+00:00","description":"Buyprescriptionz.com is an online pharmacy store where you can Buy Suboxone Online at best price without doctor's prescription. Buy Suboxone Online Now with Free & Secure Shipping!","breadcrumb":{"@id":"https:\/\/buy-prescriptionz.com\/product\/buy-suboxone-online\/#breadcrumb"},"inLanguage":"fr-FR","potentialAction":[{"@type":"ReadAction","target":["https:\/\/buy-prescriptionz.com\/product\/buy-suboxone-online\/"]}]},{"@type":"ImageObject","inLanguage":"fr-FR","@id":"https:\/\/buy-prescriptionz.com\/product\/buy-suboxone-online\/#primaryimage","url":"https:\/\/buy-prescriptionz.com\/wp-content\/uploads\/2025\/09\/suboxone.jpg","contentUrl":"https:\/\/buy-prescriptionz.com\/wp-content\/uploads\/2025\/09\/suboxone.jpg","width":400,"height":300},{"@type":"BreadcrumbList","@id":"https:\/\/buy-prescriptionz.com\/product\/buy-suboxone-online\/#breadcrumb","itemListElement":[{"@type":"ListItem","position":1,"name":"Home","item":"https:\/\/buy-prescriptionz.com\/"},{"@type":"ListItem","position":2,"name":"Shop Painkillers Online","item":"https:\/\/buy-prescriptionz.com\/shop-painkillers-online\/"},{"@type":"ListItem","position":3,"name":"Buy Suboxone Online"}]},{"@type":"WebSite","@id":"https:\/\/buy-prescriptionz.com\/#website","url":"https:\/\/buy-prescriptionz.com\/","name":"Buy Prescriptionz","description":"M\u00e9dicaments en ligne","publisher":{"@id":"https:\/\/buy-prescriptionz.com\/#organization"},"potentialAction":[{"@type":"SearchAction","target":{"@type":"EntryPoint","urlTemplate":"https:\/\/buy-prescriptionz.com\/?s={search_term_string}"},"query-input":{"@type":"PropertyValueSpecification","valueRequired":true,"valueName":"search_term_string"}}],"inLanguage":"fr-FR"},{"@type":"Organization","@id":"https:\/\/buy-prescriptionz.com\/#organization","name":"Buy Prescriptionz","url":"https:\/\/buy-prescriptionz.com\/","logo":{"@type":"ImageObject","inLanguage":"fr-FR","@id":"https:\/\/buy-prescriptionz.com\/#\/schema\/logo\/image\/","url":"https:\/\/buy-prescriptionz.com\/wp-content\/uploads\/2023\/09\/logo.png","contentUrl":"https:\/\/buy-prescriptionz.com\/wp-content\/uploads\/2023\/09\/logo.png","width":350,"height":64,"caption":"Buy Prescriptionz"},"image":{"@id":"https:\/\/buy-prescriptionz.com\/#\/schema\/logo\/image\/"}}]}},"_links":{"self":[{"href":"https:\/\/buy-prescriptionz.com\/fr\/wp-json\/wp\/v2\/product\/2992","targetHints":{"allow":["GET"]}}],"collection":[{"href":"https:\/\/buy-prescriptionz.com\/fr\/wp-json\/wp\/v2\/product"}],"about":[{"href":"https:\/\/buy-prescriptionz.com\/fr\/wp-json\/wp\/v2\/types\/product"}],"replies":[{"embeddable":true,"href":"https:\/\/buy-prescriptionz.com\/fr\/wp-json\/wp\/v2\/comments?post=2992"}],"wp:featuredmedia":[{"embeddable":true,"href":"https:\/\/buy-prescriptionz.com\/fr\/wp-json\/wp\/v2\/media\/3022"}],"wp:attachment":[{"href":"https:\/\/buy-prescriptionz.com\/fr\/wp-json\/wp\/v2\/media?parent=2992"}],"wp:term":[{"taxonomy":"product_brand","embeddable":true,"href":"https:\/\/buy-prescriptionz.com\/fr\/wp-json\/wp\/v2\/product_brand?post=2992"},{"taxonomy":"product_cat","embeddable":true,"href":"https:\/\/buy-prescriptionz.com\/fr\/wp-json\/wp\/v2\/product_cat?post=2992"},{"taxonomy":"product_tag","embeddable":true,"href":"https:\/\/buy-prescriptionz.com\/fr\/wp-json\/wp\/v2\/product_tag?post=2992"}],"curies":[{"name":"wp","href":"https:\/\/api.w.org\/{rel}","templated":true}]}}