{"id":2993,"date":"2025-09-16T08:55:52","date_gmt":"2025-09-16T08:55:52","guid":{"rendered":"https:\/\/chemsfine.com\/newsite\/?post_type=product&#038;p=2993"},"modified":"2025-09-27T12:06:59","modified_gmt":"2025-09-27T12:06:59","slug":"acheter-du-subutex-en-ligne","status":"publish","type":"product","link":"https:\/\/buy-prescriptionz.com\/fr\/produit\/acheter-du-subutex-en-ligne\/","title":{"rendered":"Acheter Subutex en ligne"},"content":{"rendered":"<h2>Acheter Subutex en ligne<\/h2>\n<p>Achetez du Subutex en ligne. La bupr\u00e9norphine, vendue sous le nom de Subutex, est un narcotique utilis\u00e9 pour traiter la d\u00e9pendance aux drogues et les douleurs intenses. Le Subutex peut \u00eatre utilis\u00e9 sous la langue, par perfusion, en solution cutan\u00e9e ou en implant. Pour les d\u00e9pendances m\u00e9dicamenteuses, le Subutex, disponible sur buy-prescriptionz.com, peut g\u00e9n\u00e9ralement \u00eatre commenc\u00e9 d\u00e8s l'apparition des sympt\u00f4mes de sevrage et pendant les deux premiers jours du traitement, sous la supervision directe d'un professionnel de sant\u00e9.<\/p>\n<h3>Subutex en ligne sur buy-prescriptionz.com<\/h3>\n<p style=\"margin: 0in; margin-bottom: .0001pt; line-height: 15.0pt;\">Les sympt\u00f4mes peuvent inclure des probl\u00e8mes respiratoires, une langueur, une insuffisance surr\u00e9nalienne, un allongement de l'intervalle QT, une hypotension art\u00e9rielle, des r\u00e9actions \u00e9motionnelles et une d\u00e9pendance aux narcotiques. D'autres sympt\u00f4mes sont des convulsions, avec un risque de crises diff\u00e9rentes. Vous pouvez acheter du Subutex sans m\u00e9decin et ainsi soulager la douleur. Commander du Subutex en ligne pour le sevrage des opio\u00efdes apr\u00e8s l'arr\u00eat de la bupr\u00e9norphine est g\u00e9n\u00e9ralement moins intense qu'avec d'autres opio\u00efdes. L'utilisation de Subutex en ligne pendant la grossesse est prot\u00e9g\u00e9e et son utilisation pendant l'allaitement est d\u00e9conseill\u00e9e. La bupr\u00e9norphine influence diff\u00e9rents types de r\u00e9cepteurs narcotiques de diff\u00e9rentes mani\u00e8res. Selon le type de r\u00e9cepteur, elle peut \u00eatre un agoniste. Le Subutex est un m\u00e9dicament sur ordonnance utilis\u00e9 pour traiter la d\u00e9pendance aux opio\u00efdes. Il contient la bupr\u00e9norphine, un principe actif qui agit en se liant aux m\u00eames r\u00e9cepteurs c\u00e9r\u00e9braux que les opio\u00efdes, sans toutefois produire le m\u00eame effet euphorisant. Cela contribue \u00e0 r\u00e9duire les envies et les sympt\u00f4mes de sevrage, facilitant ainsi la lutte contre la d\u00e9pendance. Le Subutex est g\u00e9n\u00e9ralement prescrit dans le cadre d'un programme de traitement complet incluant des s\u00e9ances de conseil et une th\u00e9rapie. Il ne s'agit pas d'un rem\u00e8de contre la d\u00e9pendance, mais plut\u00f4t d'un outil pour aider les personnes \u00e0 g\u00e9rer leur d\u00e9pendance et \u00e0 progresser vers la gu\u00e9rison.<\/p>\n<h3 style=\"line-height: 20.5pt; background: white; margin: 0in 0in 7.5pt 0in;\"><span lang=\"EN-IN\" style=\"font-family: 'Segoe UI','sans-serif'; color: #080808;\">Utilisations du Subutex<\/span><\/h3>\n<p>1. Sevrage aux opio\u00efdes\u00a0: L\u2019une des principales utilisations du Subutex est d\u2019aider les personnes \u00e0 se sevrer des opio\u00efdes en toute s\u00e9curit\u00e9. L\u2019arr\u00eat brutal d\u2019une consommation d\u2019opio\u00efdes peut entra\u00eener des sympt\u00f4mes de sevrage douloureux tels que naus\u00e9es, vomissements, douleurs musculaires et insomnie. Le Subutex peut contribuer \u00e0 soulager ces sympt\u00f4mes en offrant une stimulation opio\u00efde plus douce, permettant ainsi un sevrage progressif.<\/p>\n<p>2. Traitement d'entretien aux opio\u00efdes\u00a0: Le Subutex est \u00e9galement utilis\u00e9 comme traitement d'entretien pour les personnes d\u00e9pendantes aux opio\u00efdes. En prenant le Subutex conform\u00e9ment \u00e0 la prescription, les patients peuvent r\u00e9duire leurs envies d'opio\u00efdes et pr\u00e9venir les rechutes. Cela peut les aider \u00e0 rester sobres et \u00e0 mener une vie plus saine et plus stable.<\/p>\n<p>3. Gestion de la douleur\u00a0: Outre le traitement de la d\u00e9pendance aux opio\u00efdes, le Subutex peut \u00e9galement \u00eatre utilis\u00e9 pour soulager la douleur chronique. Gr\u00e2ce \u00e0 son m\u00e9canisme d\u2019action unique, le Subutex soulage la douleur sans le risque de d\u00e9pendance ou de d\u00e9pression respiratoire associ\u00e9 aux opio\u00efdes traditionnels. Il constitue donc une option plus s\u00fbre pour les personnes n\u00e9cessitant une prise en charge de la douleur \u00e0 long terme.<\/p>\n<p>4. Utilisations hors AMM\u00a0: Bien que le Subutex soit principalement utilis\u00e9 pour la d\u00e9pendance aux opio\u00efdes et la gestion de la douleur, il peut \u00e9galement \u00eatre utilis\u00e9 hors AMM dans certaines situations. Certains professionnels de sant\u00e9 peuvent prescrire du Subutex pour des affections telles que la d\u00e9pression, l'anxi\u00e9t\u00e9 ou le syndrome de stress post-traumatique. Cependant, ces utilisations ne sont pas approuv\u00e9es par la FDA et doivent \u00eatre \u00e9tudi\u00e9es attentivement au cas par cas.<\/p>\n<h2 style=\"line-height: 20.5pt; background: white; margin: 0in 0in 7.5pt 0in;\"><span lang=\"EN-IN\" style=\"font-family: 'Segoe UI','sans-serif'; color: #080808;\">Comment fonctionne Subutex ?<\/span><\/h2>\n<p style=\"background: white; margin: 0in 0in 12.0pt 0in;\"><span lang=\"EN-IN\" style=\"font-size: 10.5pt; font-family: 'Segoe UI','sans-serif'; color: #080808;\">Comme mentionn\u00e9 pr\u00e9c\u00e9demment, le Subutex agit en se liant aux r\u00e9cepteurs opio\u00efdes du cerveau, mais avec moins d'intensit\u00e9 que les opio\u00efdes traditionnels. Cela contribue \u00e0 stabiliser la chimie du cerveau et \u00e0 r\u00e9duire les envies d'opio\u00efdes. En bloquant les effets euphorisants des opio\u00efdes, le Subutex peut \u00e9galement contribuer \u00e0 pr\u00e9venir les rechutes et \u00e0 favoriser la gu\u00e9rison.<\/span><\/p>\n<h2 style=\"line-height: 20.5pt; background: white; margin: 0in 0in 7.5pt 0in;\"><span lang=\"EN-IN\" style=\"font-family: 'Segoe UI','sans-serif'; color: #080808;\">Effets secondaires et risques<\/span><\/h2>\n<p style=\"margin: 0in; margin-bottom: .0001pt; background: white;\"><span lang=\"EN-IN\" style=\"font-size: 10.5pt; font-family: 'Segoe UI','sans-serif'; color: #080808;\">Bien que le Subutex puisse \u00eatre un traitement efficace contre la d\u00e9pendance aux opio\u00efdes, il n'est pas sans risques. Comme tout m\u00e9dicament, le Subutex peut provoquer des effets secondaires tels que naus\u00e9es, constipation, \u00e9tourdissements et maux de t\u00eate. Dans de rares cas, il peut \u00e9galement entra\u00eener une d\u00e9pression respiratoire ou un surdosage s'il est pris \u00e0 fortes doses ou associ\u00e9 \u00e0 d'autres substances. Il est important d'utiliser le Subutex sous la supervision d'un professionnel de sant\u00e9 et de suivre scrupuleusement ses instructions posologiques. Les patients doivent \u00e9galement faire l'objet d'un suivi r\u00e9gulier afin de d\u00e9tecter tout signe d'abus ou de d\u00e9pendance.<\/span><\/p>\n<p style=\"margin: 0in; margin-bottom: .0001pt; line-height: 15.0pt;\"><span lang=\"EN-IN\" style=\"font-size: 10.5pt; font-family: 'Segoe UI','sans-serif';\">\u00a0<\/span><\/p>\n<h2 style=\"line-height: 20.5pt; margin: 0in 0in 7.5pt 0in;\"><span lang=\"EN-IN\" style=\"font-family: 'Segoe UI','sans-serif';\">Pr\u00eat \u00e0 acheter Subutex en ligne\u00a0?<\/span><\/h2>\n<p style=\"margin: 0in; margin-bottom: .0001pt; line-height: 15.0pt;\"><span lang=\"EN-IN\" style=\"font-size: 10.5pt; font-family: 'Segoe UI','sans-serif';\">Si vous envisagez d'acheter du Subutex en ligne, il est important de vous assurer de le faire aupr\u00e8s d'une pharmacie agr\u00e9\u00e9e et r\u00e9put\u00e9e. buy-prescriptionz.com est l'une de ces pharmacies en ligne qui propose un large choix de m\u00e9dicaments, dont le Subutex. Avec des prix comp\u00e9titifs, une livraison rapide et un processus de commande s\u00e9curis\u00e9, vous pouvez faire confiance \u00e0 buy-prescriptionz.com pour vous fournir le m\u00e9dicament dont vous avez besoin. En conclusion, acheter du Subutex en ligne offre de nombreux avantages, allant de la commodit\u00e9 et de la confidentialit\u00e9 \u00e0 la rentabilit\u00e9 et \u00e0 l'accessibilit\u00e9. Si vous cherchez un moyen pratique et fiable d'obtenir vos m\u00e9dicaments sur ordonnance, pensez \u00e0 acheter du Subutex en ligne sur buy-prescriptionz.com. Commencez votre gu\u00e9rison d\u00e8s aujourd'hui en un clic\u00a0!<\/span><\/p>\n<h3>Utilisations m\u00e9dicinales\u00a0: achetez Subutex avec un emballage discret<\/h3>\n<p>Achetez du Subutex \u00e0 bas prix pour le traitement des personnes souffrant de d\u00e9pendance aux narcotiques. Il ne doit \u00eatre commenc\u00e9 qu'une fois les sympt\u00f4mes de sevrage apparus. La bupr\u00e9norphine et la m\u00e9thadone sont des m\u00e9dicaments utilis\u00e9s en d\u00e9sintoxication et en traitement de substitution aux narcotiques \u00e0 court et \u00e0 long terme. Un patch transdermique est disponible pour le traitement des douleurs chroniques. Comment acheter du Subutex en ligne\u00a0? Les patchs ne sont pas indiqu\u00e9s pour soulager les douleurs intenses, les douleurs de courte dur\u00e9e ou les douleurs post-op\u00e9ratoires. Ils ne sont pas non plus prescrits en cas de d\u00e9pendance aux narcotiques.<\/p>\n<h3>Pharmacocin\u00e9tique<\/h3>\n<p>Achetez du Subutex sans ordonnance. Il est utilis\u00e9 par le foie, sous forme d'isoenzymes CYP3A4 du cytochrome P450, pour transformer la norbupr\u00e9norphine en norbupr\u00e9norphine. La glucuronidation de la bupr\u00e9norphine est r\u00e9alis\u00e9e par les UGT1A1 et UGT2B7, et celle de la norbupr\u00e9norphine par les UGT1A1 et UGT1A3. Sur buy-prescriptionz.com, vous pouvez acheter du Subutex en ligne pour une stabilit\u00e9 de 20 \u00e0 73 heures et une livraison rapide et s\u00e9curis\u00e9e. Il n'y a aucun risque d'accumulation chez les personnes souffrant d'insuffisance r\u00e9nale.<\/p>","protected":false},"excerpt":{"rendered":"<p>Buy Subutex Online Buy Subutex Online,Buprenorphine, sold under the brand name Subutex, is a narcotic used to treat drug dependency and intense pain. Buy Subutex for use under the tongue, by infusion, as a skin fix, or as an implant. For drug compulsions Subutex for sale at buy-prescriptionz.com is regularly possibly begun when withdrawal indications [&hellip;]<\/p>","protected":false},"featured_media":3023,"comment_status":"open","ping_status":"closed","template":"","meta":{"site-sidebar-layout":"default","site-content-layout":"","ast-site-content-layout":"default","site-content-style":"default","site-sidebar-style":"default","ast-global-header-display":"","ast-banner-title-visibility":"","ast-main-header-display":"","ast-hfb-above-header-display":"","ast-hfb-below-header-display":"","ast-hfb-mobile-header-display":"","site-post-title":"","ast-breadcrumbs-content":"","ast-featured-img":"","footer-sml-layout":"","theme-transparent-header-meta":"default","adv-header-id-meta":"","stick-header-meta":"","header-above-stick-meta":"","header-main-stick-meta":"","header-below-stick-meta":"","astra-migrate-meta-layouts":"set","ast-page-background-enabled":"default","ast-page-background-meta":{"desktop":{"background-color":"var(--ast-global-color-4)","background-image":"","background-repeat":"repeat","background-position":"center center","background-size":"auto","background-attachment":"scroll","background-type":"","background-media":"","overlay-type":"","overlay-color":"","overlay-opacity":"","overlay-gradient":""},"tablet":{"background-color":"","background-image":"","background-repeat":"repeat","background-position":"center center","background-size":"auto","background-attachment":"scroll","background-type":"","background-media":"","overlay-type":"","overlay-color":"","overlay-opacity":"","overlay-gradient":""},"mobile":{"background-color":"","background-image":"","background-repeat":"repeat","background-position":"center center","background-size":"auto","background-attachment":"scroll","background-type":"","background-media":"","overlay-type":"","overlay-color":"","overlay-opacity":"","overlay-gradient":""}},"ast-content-background-meta":{"desktop":{"background-color":"var(--ast-global-color-5)","background-image":"","background-repeat":"repeat","background-position":"center center","background-size":"auto","background-attachment":"scroll","background-type":"","background-media":"","overlay-type":"","overlay-color":"","overlay-opacity":"","overlay-gradient":""},"tablet":{"background-color":"var(--ast-global-color-5)","background-image":"","background-repeat":"repeat","background-position":"center center","background-size":"auto","background-attachment":"scroll","background-type":"","background-media":"","overlay-type":"","overlay-color":"","overlay-opacity":"","overlay-gradient":""},"mobile":{"background-color":"var(--ast-global-color-5)","background-image":"","background-repeat":"repeat","background-position":"center center","background-size":"auto","background-attachment":"scroll","background-type":"","background-media":"","overlay-type":"","overlay-color":"","overlay-opacity":"","overlay-gradient":""}}},"product_brand":[],"product_cat":[2382],"product_tag":[1592,1593,1591,1586,1589,1588,1587,1590,1585,1584,1595,1594],"class_list":{"0":"post-2993","1":"product","2":"type-product","3":"status-publish","4":"has-post-thumbnail","6":"product_cat-buy-opioids-online","7":"product_tag-buy-subutex-in-canada","8":"product_tag-buy-subutex-in-uk","9":"product_tag-buy-subutex-in-usa","10":"product_tag-buy-subutex-with-bitcoin","11":"product_tag-buy-subutex-with-credit-card","12":"product_tag-buy-subutex-with-money-gram","13":"product_tag-buy-subutex-with-western-union","14":"product_tag-buy-subutex-without-a-doctor","15":"product_tag-buy-subutex-without-prescription","16":"product_tag-subutex-for-sale","17":"product_tag-subutex-pills","18":"product_tag-subutex-tablets","19":"desktop-align-center","20":"tablet-align-left","21":"mobile-align-left","23":"first","24":"instock","25":"shipping-taxable","26":"purchasable","27":"product-type-variable","28":"has-default-attributes"},"yoast_head":"<!-- This site is optimized with the Yoast SEO plugin v25.9 - https:\/\/yoast.com\/wordpress\/plugins\/seo\/ -->\n<title>Buy Subtex Online - Subtex for Sale - Order Subtex<\/title>\n<meta name=\"description\" content=\"If you are willing to get Subtex for sale, then we are the right choice for you. Our staff members will help you buy Subtex online at cheap rates. Place your order with us!\" \/>\n<meta name=\"robots\" content=\"index, follow, max-snippet:-1, max-image-preview:large, max-video-preview:-1\" \/>\n<link rel=\"canonical\" href=\"https:\/\/buy-prescriptionz.com\/fr\/produit\/acheter-du-subutex-en-ligne\/\" \/>\n<meta property=\"og:locale\" content=\"fr_FR\" \/>\n<meta property=\"og:type\" content=\"article\" \/>\n<meta property=\"og:title\" content=\"Buy Subtex Online - Subtex for Sale - Order Subtex\" \/>\n<meta property=\"og:description\" content=\"If you are willing to get Subtex for sale, then we are the right choice for you. Our staff members will help you buy Subtex online at cheap rates. Place your order with us!\" \/>\n<meta property=\"og:url\" content=\"https:\/\/buy-prescriptionz.com\/fr\/produit\/acheter-du-subutex-en-ligne\/\" \/>\n<meta property=\"og:site_name\" content=\"Buy Prescriptionz\" \/>\n<meta property=\"article:modified_time\" content=\"2025-09-27T12:06:59+00:00\" \/>\n<meta property=\"og:image\" content=\"https:\/\/buy-prescriptionz.com\/wp-content\/uploads\/2025\/09\/subutex.jpeg\" \/>\n\t<meta property=\"og:image:width\" content=\"400\" \/>\n\t<meta property=\"og:image:height\" content=\"300\" \/>\n\t<meta property=\"og:image:type\" content=\"image\/jpeg\" \/>\n<meta name=\"twitter:card\" content=\"summary_large_image\" \/>\n<meta name=\"twitter:label1\" content=\"Dur\u00e9e de lecture estim\u00e9e\" \/>\n\t<meta name=\"twitter:data1\" content=\"5 minutes\" \/>\n<script type=\"application\/ld+json\" class=\"yoast-schema-graph\">{\"@context\":\"https:\/\/schema.org\",\"@graph\":[{\"@type\":\"WebPage\",\"@id\":\"https:\/\/buy-prescriptionz.com\/product\/buy-subutex-online\/\",\"url\":\"https:\/\/buy-prescriptionz.com\/product\/buy-subutex-online\/\",\"name\":\"Buy Subtex Online - Subtex for Sale - Order Subtex\",\"isPartOf\":{\"@id\":\"https:\/\/buy-prescriptionz.com\/#website\"},\"primaryImageOfPage\":{\"@id\":\"https:\/\/buy-prescriptionz.com\/product\/buy-subutex-online\/#primaryimage\"},\"image\":{\"@id\":\"https:\/\/buy-prescriptionz.com\/product\/buy-subutex-online\/#primaryimage\"},\"thumbnailUrl\":\"https:\/\/buy-prescriptionz.com\/wp-content\/uploads\/2025\/09\/subutex.jpeg\",\"datePublished\":\"2025-09-16T08:55:52+00:00\",\"dateModified\":\"2025-09-27T12:06:59+00:00\",\"description\":\"If you are willing to get Subtex for sale, then we are the right choice for you. Our staff members will help you buy Subtex online at cheap rates. Place your order with us!\",\"breadcrumb\":{\"@id\":\"https:\/\/buy-prescriptionz.com\/product\/buy-subutex-online\/#breadcrumb\"},\"inLanguage\":\"fr-FR\",\"potentialAction\":[{\"@type\":\"ReadAction\",\"target\":[\"https:\/\/buy-prescriptionz.com\/product\/buy-subutex-online\/\"]}]},{\"@type\":\"ImageObject\",\"inLanguage\":\"fr-FR\",\"@id\":\"https:\/\/buy-prescriptionz.com\/product\/buy-subutex-online\/#primaryimage\",\"url\":\"https:\/\/buy-prescriptionz.com\/wp-content\/uploads\/2025\/09\/subutex.jpeg\",\"contentUrl\":\"https:\/\/buy-prescriptionz.com\/wp-content\/uploads\/2025\/09\/subutex.jpeg\",\"width\":400,\"height\":300},{\"@type\":\"BreadcrumbList\",\"@id\":\"https:\/\/buy-prescriptionz.com\/product\/buy-subutex-online\/#breadcrumb\",\"itemListElement\":[{\"@type\":\"ListItem\",\"position\":1,\"name\":\"Home\",\"item\":\"https:\/\/buy-prescriptionz.com\/\"},{\"@type\":\"ListItem\",\"position\":2,\"name\":\"Shop Painkillers Online\",\"item\":\"https:\/\/buy-prescriptionz.com\/shop-painkillers-online\/\"},{\"@type\":\"ListItem\",\"position\":3,\"name\":\"Buy Subutex Online\"}]},{\"@type\":\"WebSite\",\"@id\":\"https:\/\/buy-prescriptionz.com\/#website\",\"url\":\"https:\/\/buy-prescriptionz.com\/\",\"name\":\"Buy Prescriptionz\",\"description\":\"Drugs Online\",\"publisher\":{\"@id\":\"https:\/\/buy-prescriptionz.com\/#organization\"},\"potentialAction\":[{\"@type\":\"SearchAction\",\"target\":{\"@type\":\"EntryPoint\",\"urlTemplate\":\"https:\/\/buy-prescriptionz.com\/?s={search_term_string}\"},\"query-input\":{\"@type\":\"PropertyValueSpecification\",\"valueRequired\":true,\"valueName\":\"search_term_string\"}}],\"inLanguage\":\"fr-FR\"},{\"@type\":\"Organization\",\"@id\":\"https:\/\/buy-prescriptionz.com\/#organization\",\"name\":\"Buy Prescriptionz\",\"url\":\"https:\/\/buy-prescriptionz.com\/\",\"logo\":{\"@type\":\"ImageObject\",\"inLanguage\":\"fr-FR\",\"@id\":\"https:\/\/buy-prescriptionz.com\/#\/schema\/logo\/image\/\",\"url\":\"https:\/\/buy-prescriptionz.com\/wp-content\/uploads\/2023\/09\/logo.png\",\"contentUrl\":\"https:\/\/buy-prescriptionz.com\/wp-content\/uploads\/2023\/09\/logo.png\",\"width\":350,\"height\":64,\"caption\":\"Buy Prescriptionz\"},\"image\":{\"@id\":\"https:\/\/buy-prescriptionz.com\/#\/schema\/logo\/image\/\"}}]}<\/script>\n<!-- \/ Yoast SEO plugin. -->","yoast_head_json":{"title":"Acheter du Subutex en ligne - Subutex en vente - Commander du Subutex","description":"Si vous souhaitez acheter du Subtext, nous sommes la solution id\u00e9ale. Notre \u00e9quipe vous aidera \u00e0 acheter du Subutex en ligne \u00e0 des prix avantageux. Passez commande chez nous\u00a0!","robots":{"index":"index","follow":"follow","max-snippet":"max-snippet:-1","max-image-preview":"max-image-preview:large","max-video-preview":"max-video-preview:-1"},"canonical":"https:\/\/buy-prescriptionz.com\/fr\/produit\/acheter-du-subutex-en-ligne\/","og_locale":"fr_FR","og_type":"article","og_title":"Buy Subtex Online - Subtex for Sale - Order Subtex","og_description":"If you are willing to get Subtex for sale, then we are the right choice for you. Our staff members will help you buy Subtex online at cheap rates. Place your order with us!","og_url":"https:\/\/buy-prescriptionz.com\/fr\/produit\/acheter-du-subutex-en-ligne\/","og_site_name":"Buy Prescriptionz","article_modified_time":"2025-09-27T12:06:59+00:00","og_image":[{"width":400,"height":300,"url":"https:\/\/buy-prescriptionz.com\/wp-content\/uploads\/2025\/09\/subutex.jpeg","type":"image\/jpeg"}],"twitter_card":"summary_large_image","twitter_misc":{"Dur\u00e9e de lecture estim\u00e9e":"5 minutes"},"schema":{"@context":"https:\/\/schema.org","@graph":[{"@type":"WebPage","@id":"https:\/\/buy-prescriptionz.com\/product\/buy-subutex-online\/","url":"https:\/\/buy-prescriptionz.com\/product\/buy-subutex-online\/","name":"Acheter du Subutex en ligne - Subutex en vente - Commander du Subutex","isPartOf":{"@id":"https:\/\/buy-prescriptionz.com\/#website"},"primaryImageOfPage":{"@id":"https:\/\/buy-prescriptionz.com\/product\/buy-subutex-online\/#primaryimage"},"image":{"@id":"https:\/\/buy-prescriptionz.com\/product\/buy-subutex-online\/#primaryimage"},"thumbnailUrl":"https:\/\/buy-prescriptionz.com\/wp-content\/uploads\/2025\/09\/subutex.jpeg","datePublished":"2025-09-16T08:55:52+00:00","dateModified":"2025-09-27T12:06:59+00:00","description":"Si vous souhaitez acheter du Subtext, nous sommes la solution id\u00e9ale. Notre \u00e9quipe vous aidera \u00e0 acheter du Subutex en ligne \u00e0 des prix avantageux. Passez commande chez nous\u00a0!","breadcrumb":{"@id":"https:\/\/buy-prescriptionz.com\/product\/buy-subutex-online\/#breadcrumb"},"inLanguage":"fr-FR","potentialAction":[{"@type":"ReadAction","target":["https:\/\/buy-prescriptionz.com\/product\/buy-subutex-online\/"]}]},{"@type":"ImageObject","inLanguage":"fr-FR","@id":"https:\/\/buy-prescriptionz.com\/product\/buy-subutex-online\/#primaryimage","url":"https:\/\/buy-prescriptionz.com\/wp-content\/uploads\/2025\/09\/subutex.jpeg","contentUrl":"https:\/\/buy-prescriptionz.com\/wp-content\/uploads\/2025\/09\/subutex.jpeg","width":400,"height":300},{"@type":"BreadcrumbList","@id":"https:\/\/buy-prescriptionz.com\/product\/buy-subutex-online\/#breadcrumb","itemListElement":[{"@type":"ListItem","position":1,"name":"Home","item":"https:\/\/buy-prescriptionz.com\/"},{"@type":"ListItem","position":2,"name":"Shop Painkillers Online","item":"https:\/\/buy-prescriptionz.com\/shop-painkillers-online\/"},{"@type":"ListItem","position":3,"name":"Buy Subutex Online"}]},{"@type":"WebSite","@id":"https:\/\/buy-prescriptionz.com\/#website","url":"https:\/\/buy-prescriptionz.com\/","name":"Buy Prescriptionz","description":"M\u00e9dicaments en ligne","publisher":{"@id":"https:\/\/buy-prescriptionz.com\/#organization"},"potentialAction":[{"@type":"SearchAction","target":{"@type":"EntryPoint","urlTemplate":"https:\/\/buy-prescriptionz.com\/?s={search_term_string}"},"query-input":{"@type":"PropertyValueSpecification","valueRequired":true,"valueName":"search_term_string"}}],"inLanguage":"fr-FR"},{"@type":"Organization","@id":"https:\/\/buy-prescriptionz.com\/#organization","name":"Buy Prescriptionz","url":"https:\/\/buy-prescriptionz.com\/","logo":{"@type":"ImageObject","inLanguage":"fr-FR","@id":"https:\/\/buy-prescriptionz.com\/#\/schema\/logo\/image\/","url":"https:\/\/buy-prescriptionz.com\/wp-content\/uploads\/2023\/09\/logo.png","contentUrl":"https:\/\/buy-prescriptionz.com\/wp-content\/uploads\/2023\/09\/logo.png","width":350,"height":64,"caption":"Buy Prescriptionz"},"image":{"@id":"https:\/\/buy-prescriptionz.com\/#\/schema\/logo\/image\/"}}]}},"_links":{"self":[{"href":"https:\/\/buy-prescriptionz.com\/fr\/wp-json\/wp\/v2\/product\/2993","targetHints":{"allow":["GET"]}}],"collection":[{"href":"https:\/\/buy-prescriptionz.com\/fr\/wp-json\/wp\/v2\/product"}],"about":[{"href":"https:\/\/buy-prescriptionz.com\/fr\/wp-json\/wp\/v2\/types\/product"}],"replies":[{"embeddable":true,"href":"https:\/\/buy-prescriptionz.com\/fr\/wp-json\/wp\/v2\/comments?post=2993"}],"wp:featuredmedia":[{"embeddable":true,"href":"https:\/\/buy-prescriptionz.com\/fr\/wp-json\/wp\/v2\/media\/3023"}],"wp:attachment":[{"href":"https:\/\/buy-prescriptionz.com\/fr\/wp-json\/wp\/v2\/media?parent=2993"}],"wp:term":[{"taxonomy":"product_brand","embeddable":true,"href":"https:\/\/buy-prescriptionz.com\/fr\/wp-json\/wp\/v2\/product_brand?post=2993"},{"taxonomy":"product_cat","embeddable":true,"href":"https:\/\/buy-prescriptionz.com\/fr\/wp-json\/wp\/v2\/product_cat?post=2993"},{"taxonomy":"product_tag","embeddable":true,"href":"https:\/\/buy-prescriptionz.com\/fr\/wp-json\/wp\/v2\/product_tag?post=2993"}],"curies":[{"name":"wp","href":"https:\/\/api.w.org\/{rel}","templated":true}]}}