{"id":2996,"date":"2025-09-16T08:55:53","date_gmt":"2025-09-16T08:55:53","guid":{"rendered":"https:\/\/chemsfine.com\/newsite\/?post_type=product&#038;p=2996"},"modified":"2025-09-25T07:26:18","modified_gmt":"2025-09-25T07:26:18","slug":"acheter-du-percocet-en-ligne","status":"publish","type":"product","link":"https:\/\/buy-prescriptionz.com\/fr\/produit\/acheter-du-percocet-en-ligne\/","title":{"rendered":"Acheter Percocet en ligne"},"content":{"rendered":"<h2>ACHETER DU PERCOCET EN LIGNE<\/h2>\n<p>Le Percocet, \u00e9galement connu sous le nom d'oxycodone et d'ac\u00e9taminoph\u00e8ne, est un analg\u00e9sique narcotique puissant et un antitussif semblable \u00e0 la morphine, \u00e0 la cod\u00e9ine et \u00e0 l'hydrocodone. Il est utilis\u00e9 pour traiter les douleurs mod\u00e9r\u00e9es \u00e0 s\u00e9v\u00e8res, les maux de t\u00eate, les migraines, etc. C'est un analg\u00e9sique qui fait partie d'un groupe de m\u00e9dicaments connus sous le nom de narcotiques. Bien que certains soient d\u00e9termin\u00e9s normalement, par exemple l'h\u00e9ro\u00efne ou la morphine, d'autres sont combin\u00e9s en laboratoire, notamment l'hydrocodone et l'oxycodone. Il s'agit du nom de marque d'un m\u00e9dicament qui m\u00e9lange l'oxycodone et l'ac\u00e9taminoph\u00e8ne, le nom conventionnel des m\u00e9dicaments, par exemple, le Tylenol.<br \/>\nLe Percocet peut collaborer avec d'autres m\u00e9dicaments opiac\u00e9s contre les tourments, des narcotiques, des s\u00e9datifs, des somnif\u00e8res, des relaxants musculaires, diff\u00e9rentes prescriptions qui peuvent vous rendre l\u00e9thargique ou mod\u00e9rer votre respiration, du glycopyrrolate, du mepenzolate, de l'atropine, de la benztropine, du dimenhydrinate, de la m\u00e9thscopolamine, de la scopolamine, des m\u00e9dicaments pour la vessie ou les voies urinaires, des bronchodilatateurs ou des m\u00e9dicaments pour les fractures internes. Ces opiac\u00e9s ont une structure cellulaire \u00e9quivalente. Les narcotiques, par exemple le Percocet, se verrouillent sur les r\u00e9cepteurs narcotiques dans le cerveau. Ils peuvent provoquer une sensation de ravissement et engourdir le tourment, mais ils peuvent aussi mod\u00e9rer la relaxation.<\/p>\n<h3>Acheter Percocet en ligne<\/h3>\n<p>Le Percocet est un m\u00e9dicament sur ordonnance qui associe deux principes actifs\u00a0: l'oxycodone, un analg\u00e9sique opio\u00efde, et le parac\u00e9tamol, un analg\u00e9sique non opio\u00efde. Il est principalement utilis\u00e9 pour soulager les douleurs mod\u00e9r\u00e9es \u00e0 intenses qui ne peuvent \u00eatre soulag\u00e9es par d'autres analg\u00e9siques. Voici un aper\u00e7u du Percocet et de ses bienfaits\u00a0:<\/p>\n<ul>\n<li>Composition : le meilleur Percocet contient de l'oxycodone, qui modifie la fa\u00e7on dont le cerveau per\u00e7oit la douleur, et de l'ac\u00e9taminoph\u00e8ne, qui renforce les effets analg\u00e9siques de l'oxycodone et peut r\u00e9duire la fi\u00e8vre.<\/li>\n<li>Formes : Il est disponible sous forme de comprim\u00e9s avec diff\u00e9rentes concentrations d\u2019oxycodone et d\u2019ac\u00e9taminoph\u00e8ne.<\/li>\n<li>Utilisation\u00a0: Le Percocet est prescrit pour le soulagement \u00e0 court terme des douleurs aigu\u00ebs, telles que celles cons\u00e9cutives \u00e0 une intervention chirurgicale, une blessure ou des douleurs musculaires intenses. Son utilisation prolong\u00e9e est g\u00e9n\u00e9ralement d\u00e9conseill\u00e9e en raison du risque de d\u00e9pendance et des effets secondaires potentiels.<\/li>\n<\/ul>\n<h3>Avantages<\/h3>\n<ol>\n<li>Soulagement efficace de la douleur : La combinaison d\u2019oxycodone et d\u2019ac\u00e9taminoph\u00e8ne rend le Percocet tr\u00e8s efficace pour g\u00e9rer la douleur que d\u2019autres m\u00e9dicaments pourraient ne pas contr\u00f4ler ad\u00e9quatement.<\/li>\n<li>Double action : en combinant un opio\u00efde avec un analg\u00e9sique non opio\u00efde, Percocet offre un double m\u00e9canisme de soulagement de la douleur, qui peut \u00eatre plus efficace que l\u2019utilisation de l\u2019un ou l\u2019autre composant seul.<\/li>\n<li>Am\u00e9lioration de la qualit\u00e9 de vie : une gestion efficace de la douleur avec l\u2019hydrocodone peut conduire \u00e0 des am\u00e9liorations significatives de la qualit\u00e9 de vie du patient, permettant une plus grande fonctionnalit\u00e9 et un plus grand confort dans les activit\u00e9s quotidiennes.<\/li>\n<li>Utilisation \u00e0 court terme : Pour les \u00e9pisodes de douleur aigu\u00eb, Percocet est une option pr\u00e9cieuse qui peut apporter un soulagement rapide, aidant les patients \u00e0 r\u00e9cup\u00e9rer plus confortablement pendant les p\u00e9riodes critiques de douleur.<\/li>\n<\/ol>\n<p>Le Percocet est un m\u00e9dicament puissant pour la prise en charge des douleurs mod\u00e9r\u00e9es \u00e0 intenses, offrant un soulagement efficace et rapide gr\u00e2ce \u00e0 son association d'oxycodone et de parac\u00e9tamol. Bien qu'il doive \u00eatre utilis\u00e9 sous \u00e9troite surveillance m\u00e9dicale afin d'\u00e9viter tout risque de d\u00e9pendance et d'effets secondaires, le Percocet peut am\u00e9liorer significativement la qualit\u00e9 de vie des patients souffrant de douleurs aigu\u00ebs. Assurez-vous toujours de vous procurer du Percocet aupr\u00e8s de la meilleure pharmacie, par exemple buy-prescriptionz.com, afin de garantir l'authenticit\u00e9 et la s\u00e9curit\u00e9 du m\u00e9dicament.<\/p>\n<p>Le Percocet est r\u00e9guli\u00e8rement recommand\u00e9 aux patients souffrant de tourments, qu'ils soient dus \u00e0 une c\u00e9sarienne ou \u00e0 une fracture. Les narcotiques diff\u00e8rent par le temps qui s'\u00e9coule entre le moment o\u00f9 ils sont pris et celui o\u00f9 le client ressent un effet. L'oxycodone, le narcotique contenu dans le Percocet, a une action mod\u00e9r\u00e9ment rapide. Vous pouvez acheter le Percocet en ligne sur info@buy-prescriptionz.com. Pour acheter ce m\u00e9dicament, vous n'avez pas besoin d'ordonnance, vous pouvez donc acheter du Percocet en ligne \u00e0 bas prix sans m\u00e9decin sur info@buy-prescriptionz.com.<\/p>\n<h3>Voici quelques-unes des utilisations courantes du Percocet :<\/h3>\n<p>-Douleur<br \/>\n-Douleur dans la ou les jambes<br \/>\n-migraines<br \/>\n-douleur globale du corps<br \/>\n-Douleur de rupture<br \/>\n-fibromyalgie<\/p>\n<h3><strong>FEATURES<\/strong>:<\/h3>\n<p><strong>En ce qui concerne les caract\u00e9ristiques du Percocet, il s'agit d'un m\u00e9dicament anti-douleur de premier ordre utilis\u00e9 pour.. :<\/strong><br \/>\n- Traiter les douleurs s\u00e9v\u00e8res<br \/>\n- Traiter les probl\u00e8mes de nervosit\u00e9<br \/>\n- Cr\u00e9er l'all\u00e9gresse<br \/>\n- Offrir une s\u00e9dation<br \/>\n- Cr\u00e9er des anxiolytiques et des d\u00e9sinhibitions.<\/p>\n<h3>LES EFFETS SECONDAIRES DU PERCOCET :<\/h3>\n<p><strong>En parlant des effets l\u00e9gers qui sont caus\u00e9s par cette poudre :<\/strong><br \/>\n- probl\u00e8me de sommeil<br \/>\n-constipation<br \/>\n-naus\u00e9es<br \/>\n-vomissements<br \/>\n-estomac d\u00e9rang\u00e9<\/p>\n<h3>O\u00d9 ACHETER DU PERCOCET ?<\/h3>\n<p>Acheter Percocet en ligne sur BUY PRESCRIPTIONZ, vous pouvez r\u00e9pondre \u00e0 vos besoins de formation tout en donnant une consid\u00e9ration abrit\u00e9e et r\u00e9ussie au patient. Pour toute autre question, vous pouvez \u00e9galement contacter info@buy-prescriptionz.com disponible pour \u00eatre achet\u00e9 en ligne est accessible ici, le meilleur co\u00fbt de sc\u00e9nario. Demandez les meilleurs m\u00e9dicaments d'ici \u00e0 ce point !<br \/>\nNOUS GARANTISSONS LA MEILLEURE QUALIT\u00c9 LORSQUE VOUS ACHETEZ BUY PRESCRIPTIONZ ONLINE CHEZ NOUS ET L'ARGENT EST REMBOURS\u00c9 100% S'IL N'EST PAS LIVR\u00c9 OU DE MAUVAISE QUALIT\u00c9.<\/p>\n<p><strong>VOUS POUVEZ ACHETER LE MEILLEUR PERCOCET EN LIGNE \u00c0 PLEINE ASSURANCE AVEC M\u00caME UN EMBALLAGE DISCRET DE BUY PRESCRIPTIONZ.<\/strong><\/p>\n<p>NOUS PRODUISONS DU PERCOCET DE HAUTE QUALIT\u00c9 ET AVONS UNE \u00c9NORME ZONE CIBLE INTERNATIONALE DES \u00c9TATS-UNIS, DE L'AUSTRALIE, DU CANADA ET DE NOMBREUX PAYS EUROP\u00c9ENS. NOUS SOMMES CONNUS POUR LA QUALIT\u00c9 DE NOS PRODUITS ET DE NOS SERVICES AINSI QUE POUR NOS REMISES AVANTAGEUSES.<br \/>\nNOUS FOURNISSONS UNE EXP\u00c9DITION DE HAUTE QUALIT\u00c9 ET VOUS POUVEZ PAYER EN UTILISANT BITCOINS, WESTERN UNION, MONEY GRAM, CARTE DE D\u00c9BIT ET CARTE DE CR\u00c9DIT.<br \/>\nNOUS NOUS SOUCIONS DE NOS CLIENTS, ET C'EST POURQUOI NOUS LES FOURNISSONS \u00c0 DES CO\u00dbTS BON MARCH\u00c9 ET AVEC UNE LIVRAISON RAPIDE, ET NOUS CROYONS AU MAINTIEN D'UNE RELATION COMMERCIALE SAINE \u00c0 LONG TERME.<\/p>\n<p><strong>POUR TOUTE AUTRE DEMANDE OU QUESTION, VOUS POUVEZ NOUS CONTACTER \u00c0 L'ADRESSE SUIVANTE :<\/strong><\/p>\n<p>ADRESSE : 115 FIRE ACCESS ROAD, ALBANY, NY 12223(USA)<br \/>\nEMAIL : info@buy-prescriptionz.com<br \/>\nAPPELEZ\/DEMANDEZ : +1(510)972-3097<\/p>","protected":false},"excerpt":{"rendered":"<p>BUY PERCOCET ONLINE Percocet also known as oxycodone and acetaminophen is a strong narcotic pain-reliever and cough suppressant similar to morphine, codeine, and hydrocodone. It is used to treat moderate to severe pain, headaches, migraine pain etc. It is a painkiller that is a piece of a group of medications known as narcotics. In spite [&hellip;]<\/p>","protected":false},"featured_media":3026,"comment_status":"open","ping_status":"closed","template":"","meta":{"site-sidebar-layout":"default","site-content-layout":"","ast-site-content-layout":"default","site-content-style":"default","site-sidebar-style":"default","ast-global-header-display":"","ast-banner-title-visibility":"","ast-main-header-display":"","ast-hfb-above-header-display":"","ast-hfb-below-header-display":"","ast-hfb-mobile-header-display":"","site-post-title":"","ast-breadcrumbs-content":"","ast-featured-img":"","footer-sml-layout":"","theme-transparent-header-meta":"default","adv-header-id-meta":"","stick-header-meta":"","header-above-stick-meta":"","header-main-stick-meta":"","header-below-stick-meta":"","astra-migrate-meta-layouts":"set","ast-page-background-enabled":"default","ast-page-background-meta":{"desktop":{"background-color":"var(--ast-global-color-4)","background-image":"","background-repeat":"repeat","background-position":"center center","background-size":"auto","background-attachment":"scroll","background-type":"","background-media":"","overlay-type":"","overlay-color":"","overlay-opacity":"","overlay-gradient":""},"tablet":{"background-color":"","background-image":"","background-repeat":"repeat","background-position":"center center","background-size":"auto","background-attachment":"scroll","background-type":"","background-media":"","overlay-type":"","overlay-color":"","overlay-opacity":"","overlay-gradient":""},"mobile":{"background-color":"","background-image":"","background-repeat":"repeat","background-position":"center center","background-size":"auto","background-attachment":"scroll","background-type":"","background-media":"","overlay-type":"","overlay-color":"","overlay-opacity":"","overlay-gradient":""}},"ast-content-background-meta":{"desktop":{"background-color":"var(--ast-global-color-5)","background-image":"","background-repeat":"repeat","background-position":"center center","background-size":"auto","background-attachment":"scroll","background-type":"","background-media":"","overlay-type":"","overlay-color":"","overlay-opacity":"","overlay-gradient":""},"tablet":{"background-color":"var(--ast-global-color-5)","background-image":"","background-repeat":"repeat","background-position":"center center","background-size":"auto","background-attachment":"scroll","background-type":"","background-media":"","overlay-type":"","overlay-color":"","overlay-opacity":"","overlay-gradient":""},"mobile":{"background-color":"var(--ast-global-color-5)","background-image":"","background-repeat":"repeat","background-position":"center center","background-size":"auto","background-attachment":"scroll","background-type":"","background-media":"","overlay-type":"","overlay-color":"","overlay-opacity":"","overlay-gradient":""}}},"product_brand":[],"product_cat":[2382],"product_tag":[1533,1534,1532,1527,1530,1529,1528,1531,1526,1525,1536,1535],"class_list":{"0":"post-2996","1":"product","2":"type-product","3":"status-publish","4":"has-post-thumbnail","6":"product_cat-buy-opioids-online","7":"product_tag-buy-percocet-in-canada","8":"product_tag-buy-percocet-in-uk","9":"product_tag-buy-percocet-in-usa","10":"product_tag-buy-percocet-with-bitcoin","11":"product_tag-buy-percocet-with-credit-card","12":"product_tag-buy-percocet-with-money-gram","13":"product_tag-buy-percocet-with-western-union","14":"product_tag-buy-percocet-without-a-doctor","15":"product_tag-buy-percocet-without-prescription","16":"product_tag-percocet-for-sale","17":"product_tag-percocet-pills","18":"product_tag-percocet-tablets","19":"desktop-align-center","20":"tablet-align-left","21":"mobile-align-left","23":"first","24":"instock","25":"shipping-taxable","26":"purchasable","27":"product-type-variable","28":"has-default-attributes"},"yoast_head":"<!-- This site is optimized with the Yoast SEO plugin v25.9 - https:\/\/yoast.com\/wordpress\/plugins\/seo\/ -->\n<title>Percocet for Sale - Buy Percocet Online<\/title>\n<meta name=\"description\" content=\"Buyprescriptionz.com is an online pharmacy store where you can Buy Percocet Online at best price without doctor&#039;s prescription. Buy Percocet Online Now with Free &amp; Secure Shipping!\" \/>\n<meta name=\"robots\" content=\"index, follow, max-snippet:-1, max-image-preview:large, max-video-preview:-1\" \/>\n<link rel=\"canonical\" href=\"https:\/\/buy-prescriptionz.com\/fr\/produit\/acheter-du-percocet-en-ligne\/\" \/>\n<meta property=\"og:locale\" content=\"fr_FR\" \/>\n<meta property=\"og:type\" content=\"article\" \/>\n<meta property=\"og:title\" content=\"Percocet for Sale - Buy Percocet Online\" \/>\n<meta property=\"og:description\" content=\"Buyprescriptionz.com is an online pharmacy store where you can Buy Percocet Online at best price without doctor&#039;s prescription. Buy Percocet Online Now with Free &amp; Secure Shipping!\" \/>\n<meta property=\"og:url\" content=\"https:\/\/buy-prescriptionz.com\/fr\/produit\/acheter-du-percocet-en-ligne\/\" \/>\n<meta property=\"og:site_name\" content=\"Buy Prescriptionz\" \/>\n<meta property=\"article:modified_time\" content=\"2025-09-25T07:26:18+00:00\" \/>\n<meta property=\"og:image\" content=\"https:\/\/buy-prescriptionz.com\/wp-content\/uploads\/2025\/09\/percocet.jpg\" \/>\n\t<meta property=\"og:image:width\" content=\"400\" \/>\n\t<meta property=\"og:image:height\" content=\"300\" \/>\n\t<meta property=\"og:image:type\" content=\"image\/jpeg\" \/>\n<meta name=\"twitter:card\" content=\"summary_large_image\" \/>\n<meta name=\"twitter:label1\" content=\"Dur\u00e9e de lecture estim\u00e9e\" \/>\n\t<meta name=\"twitter:data1\" content=\"5 minutes\" \/>\n<script type=\"application\/ld+json\" class=\"yoast-schema-graph\">{\"@context\":\"https:\/\/schema.org\",\"@graph\":[{\"@type\":\"WebPage\",\"@id\":\"https:\/\/buy-prescriptionz.com\/product\/buy-percocet-online\/\",\"url\":\"https:\/\/buy-prescriptionz.com\/product\/buy-percocet-online\/\",\"name\":\"Percocet for Sale - Buy Percocet Online\",\"isPartOf\":{\"@id\":\"https:\/\/buy-prescriptionz.com\/#website\"},\"primaryImageOfPage\":{\"@id\":\"https:\/\/buy-prescriptionz.com\/product\/buy-percocet-online\/#primaryimage\"},\"image\":{\"@id\":\"https:\/\/buy-prescriptionz.com\/product\/buy-percocet-online\/#primaryimage\"},\"thumbnailUrl\":\"https:\/\/buy-prescriptionz.com\/wp-content\/uploads\/2025\/09\/percocet.jpg\",\"datePublished\":\"2025-09-16T08:55:53+00:00\",\"dateModified\":\"2025-09-25T07:26:18+00:00\",\"description\":\"Buyprescriptionz.com is an online pharmacy store where you can Buy Percocet Online at best price without doctor's prescription. Buy Percocet Online Now with Free & Secure Shipping!\",\"breadcrumb\":{\"@id\":\"https:\/\/buy-prescriptionz.com\/product\/buy-percocet-online\/#breadcrumb\"},\"inLanguage\":\"fr-FR\",\"potentialAction\":[{\"@type\":\"ReadAction\",\"target\":[\"https:\/\/buy-prescriptionz.com\/product\/buy-percocet-online\/\"]}]},{\"@type\":\"ImageObject\",\"inLanguage\":\"fr-FR\",\"@id\":\"https:\/\/buy-prescriptionz.com\/product\/buy-percocet-online\/#primaryimage\",\"url\":\"https:\/\/buy-prescriptionz.com\/wp-content\/uploads\/2025\/09\/percocet.jpg\",\"contentUrl\":\"https:\/\/buy-prescriptionz.com\/wp-content\/uploads\/2025\/09\/percocet.jpg\",\"width\":400,\"height\":300},{\"@type\":\"BreadcrumbList\",\"@id\":\"https:\/\/buy-prescriptionz.com\/product\/buy-percocet-online\/#breadcrumb\",\"itemListElement\":[{\"@type\":\"ListItem\",\"position\":1,\"name\":\"Home\",\"item\":\"https:\/\/buy-prescriptionz.com\/\"},{\"@type\":\"ListItem\",\"position\":2,\"name\":\"Shop Painkillers Online\",\"item\":\"https:\/\/buy-prescriptionz.com\/shop-painkillers-online\/\"},{\"@type\":\"ListItem\",\"position\":3,\"name\":\"Buy Percocet Online\"}]},{\"@type\":\"WebSite\",\"@id\":\"https:\/\/buy-prescriptionz.com\/#website\",\"url\":\"https:\/\/buy-prescriptionz.com\/\",\"name\":\"Buy Prescriptionz\",\"description\":\"Drugs Online\",\"publisher\":{\"@id\":\"https:\/\/buy-prescriptionz.com\/#organization\"},\"potentialAction\":[{\"@type\":\"SearchAction\",\"target\":{\"@type\":\"EntryPoint\",\"urlTemplate\":\"https:\/\/buy-prescriptionz.com\/?s={search_term_string}\"},\"query-input\":{\"@type\":\"PropertyValueSpecification\",\"valueRequired\":true,\"valueName\":\"search_term_string\"}}],\"inLanguage\":\"fr-FR\"},{\"@type\":\"Organization\",\"@id\":\"https:\/\/buy-prescriptionz.com\/#organization\",\"name\":\"Buy Prescriptionz\",\"url\":\"https:\/\/buy-prescriptionz.com\/\",\"logo\":{\"@type\":\"ImageObject\",\"inLanguage\":\"fr-FR\",\"@id\":\"https:\/\/buy-prescriptionz.com\/#\/schema\/logo\/image\/\",\"url\":\"https:\/\/buy-prescriptionz.com\/wp-content\/uploads\/2023\/09\/logo.png\",\"contentUrl\":\"https:\/\/buy-prescriptionz.com\/wp-content\/uploads\/2023\/09\/logo.png\",\"width\":350,\"height\":64,\"caption\":\"Buy Prescriptionz\"},\"image\":{\"@id\":\"https:\/\/buy-prescriptionz.com\/#\/schema\/logo\/image\/\"}}]}<\/script>\n<!-- \/ Yoast SEO plugin. -->","yoast_head_json":{"title":"Percocet \u00e0 vendre - Achetez du Percocet en ligne","description":"Buyprescriptionz.com est une pharmacie en ligne o\u00f9 vous pouvez acheter Percocet en ligne au meilleur prix sans ordonnance m\u00e9dicale. Achetez Percocet en ligne maintenant avec une livraison gratuite et s\u00e9curis\u00e9e !","robots":{"index":"index","follow":"follow","max-snippet":"max-snippet:-1","max-image-preview":"max-image-preview:large","max-video-preview":"max-video-preview:-1"},"canonical":"https:\/\/buy-prescriptionz.com\/fr\/produit\/acheter-du-percocet-en-ligne\/","og_locale":"fr_FR","og_type":"article","og_title":"Percocet for Sale - Buy Percocet Online","og_description":"Buyprescriptionz.com is an online pharmacy store where you can Buy Percocet Online at best price without doctor's prescription. Buy Percocet Online Now with Free & Secure Shipping!","og_url":"https:\/\/buy-prescriptionz.com\/fr\/produit\/acheter-du-percocet-en-ligne\/","og_site_name":"Buy Prescriptionz","article_modified_time":"2025-09-25T07:26:18+00:00","og_image":[{"width":400,"height":300,"url":"https:\/\/buy-prescriptionz.com\/wp-content\/uploads\/2025\/09\/percocet.jpg","type":"image\/jpeg"}],"twitter_card":"summary_large_image","twitter_misc":{"Dur\u00e9e de lecture estim\u00e9e":"5 minutes"},"schema":{"@context":"https:\/\/schema.org","@graph":[{"@type":"WebPage","@id":"https:\/\/buy-prescriptionz.com\/product\/buy-percocet-online\/","url":"https:\/\/buy-prescriptionz.com\/product\/buy-percocet-online\/","name":"Percocet \u00e0 vendre - Achetez du Percocet en ligne","isPartOf":{"@id":"https:\/\/buy-prescriptionz.com\/#website"},"primaryImageOfPage":{"@id":"https:\/\/buy-prescriptionz.com\/product\/buy-percocet-online\/#primaryimage"},"image":{"@id":"https:\/\/buy-prescriptionz.com\/product\/buy-percocet-online\/#primaryimage"},"thumbnailUrl":"https:\/\/buy-prescriptionz.com\/wp-content\/uploads\/2025\/09\/percocet.jpg","datePublished":"2025-09-16T08:55:53+00:00","dateModified":"2025-09-25T07:26:18+00:00","description":"Buyprescriptionz.com est une pharmacie en ligne o\u00f9 vous pouvez acheter Percocet en ligne au meilleur prix sans ordonnance m\u00e9dicale. Achetez Percocet en ligne maintenant avec une livraison gratuite et s\u00e9curis\u00e9e !","breadcrumb":{"@id":"https:\/\/buy-prescriptionz.com\/product\/buy-percocet-online\/#breadcrumb"},"inLanguage":"fr-FR","potentialAction":[{"@type":"ReadAction","target":["https:\/\/buy-prescriptionz.com\/product\/buy-percocet-online\/"]}]},{"@type":"ImageObject","inLanguage":"fr-FR","@id":"https:\/\/buy-prescriptionz.com\/product\/buy-percocet-online\/#primaryimage","url":"https:\/\/buy-prescriptionz.com\/wp-content\/uploads\/2025\/09\/percocet.jpg","contentUrl":"https:\/\/buy-prescriptionz.com\/wp-content\/uploads\/2025\/09\/percocet.jpg","width":400,"height":300},{"@type":"BreadcrumbList","@id":"https:\/\/buy-prescriptionz.com\/product\/buy-percocet-online\/#breadcrumb","itemListElement":[{"@type":"ListItem","position":1,"name":"Home","item":"https:\/\/buy-prescriptionz.com\/"},{"@type":"ListItem","position":2,"name":"Shop Painkillers Online","item":"https:\/\/buy-prescriptionz.com\/shop-painkillers-online\/"},{"@type":"ListItem","position":3,"name":"Buy Percocet Online"}]},{"@type":"WebSite","@id":"https:\/\/buy-prescriptionz.com\/#website","url":"https:\/\/buy-prescriptionz.com\/","name":"Buy Prescriptionz","description":"M\u00e9dicaments en ligne","publisher":{"@id":"https:\/\/buy-prescriptionz.com\/#organization"},"potentialAction":[{"@type":"SearchAction","target":{"@type":"EntryPoint","urlTemplate":"https:\/\/buy-prescriptionz.com\/?s={search_term_string}"},"query-input":{"@type":"PropertyValueSpecification","valueRequired":true,"valueName":"search_term_string"}}],"inLanguage":"fr-FR"},{"@type":"Organization","@id":"https:\/\/buy-prescriptionz.com\/#organization","name":"Buy Prescriptionz","url":"https:\/\/buy-prescriptionz.com\/","logo":{"@type":"ImageObject","inLanguage":"fr-FR","@id":"https:\/\/buy-prescriptionz.com\/#\/schema\/logo\/image\/","url":"https:\/\/buy-prescriptionz.com\/wp-content\/uploads\/2023\/09\/logo.png","contentUrl":"https:\/\/buy-prescriptionz.com\/wp-content\/uploads\/2023\/09\/logo.png","width":350,"height":64,"caption":"Buy Prescriptionz"},"image":{"@id":"https:\/\/buy-prescriptionz.com\/#\/schema\/logo\/image\/"}}]}},"_links":{"self":[{"href":"https:\/\/buy-prescriptionz.com\/fr\/wp-json\/wp\/v2\/product\/2996","targetHints":{"allow":["GET"]}}],"collection":[{"href":"https:\/\/buy-prescriptionz.com\/fr\/wp-json\/wp\/v2\/product"}],"about":[{"href":"https:\/\/buy-prescriptionz.com\/fr\/wp-json\/wp\/v2\/types\/product"}],"replies":[{"embeddable":true,"href":"https:\/\/buy-prescriptionz.com\/fr\/wp-json\/wp\/v2\/comments?post=2996"}],"wp:featuredmedia":[{"embeddable":true,"href":"https:\/\/buy-prescriptionz.com\/fr\/wp-json\/wp\/v2\/media\/3026"}],"wp:attachment":[{"href":"https:\/\/buy-prescriptionz.com\/fr\/wp-json\/wp\/v2\/media?parent=2996"}],"wp:term":[{"taxonomy":"product_brand","embeddable":true,"href":"https:\/\/buy-prescriptionz.com\/fr\/wp-json\/wp\/v2\/product_brand?post=2996"},{"taxonomy":"product_cat","embeddable":true,"href":"https:\/\/buy-prescriptionz.com\/fr\/wp-json\/wp\/v2\/product_cat?post=2996"},{"taxonomy":"product_tag","embeddable":true,"href":"https:\/\/buy-prescriptionz.com\/fr\/wp-json\/wp\/v2\/product_tag?post=2996"}],"curies":[{"name":"wp","href":"https:\/\/api.w.org\/{rel}","templated":true}]}}