{"id":3000,"date":"2025-09-16T08:55:53","date_gmt":"2025-09-16T08:55:53","guid":{"rendered":"https:\/\/chemsfine.com\/newsite\/?post_type=product&#038;p=3000"},"modified":"2025-09-26T15:41:04","modified_gmt":"2025-09-26T15:41:04","slug":"acheter-tylenol-avec-codeine-en-ligne","status":"publish","type":"product","link":"https:\/\/buy-prescriptionz.com\/fr\/produit\/acheter-tylenol-avec-codeine-en-ligne\/","title":{"rendered":"Acheter Tylenol avec cod\u00e9ine en ligne"},"content":{"rendered":"<h2>Achetez du Tylenol avec cod\u00e9ine en ligne<\/h2>\n<p>Buy Tylenol In The Online UK ,Tylenol est une marque de m\u00e9dicaments promus pour le traitement des douleurs extr\u00eames, la fi\u00e8vre, et l'apaisement des indications d'hypersensibilit\u00e9s, de rhume, de douleurs c\u00e9r\u00e9brales, et de grippe.<br \/>\nAchetez du Tylenol avec cod\u00e9ine et profitez d'une livraison rapide et s\u00e9curis\u00e9e gr\u00e2ce \u00e0 ses formules uniques, notamment le parac\u00e9tamol, analg\u00e9sique et antipyr\u00e9tique. Le Tylenol est d\u00e9riv\u00e9 d'une substance appel\u00e9e N-ac\u00e9tyle-para-aminoph\u00e9nyl\u00e9ne.<\/p>\n<h3>Acheter Tylenol avec cod\u00e9ine en ligne<\/h3>\n<ol>\n<li>Soulagement efficace de la douleur : le meilleur Tylenol est efficace pour soulager divers types de douleur, notamment les maux de t\u00eate, les douleurs musculaires, l\u2019arthrite, les maux de dos, les maux de dents et les crampes menstruelles.<\/li>\n<li>R\u00e9duction de la fi\u00e8vre : Il aide \u00e0 abaisser la temp\u00e9rature corporelle en cas de fi\u00e8vre, procurant ainsi du confort en cas de maladie.<\/li>\n<li>Doux pour l\u2019estomac : contrairement aux AINS (par exemple, l\u2019ibuprof\u00e8ne ou l\u2019aspirine), le Tylenol est moins susceptible de provoquer une irritation ou des saignements gastro-intestinaux, ce qui le rend adapt\u00e9 aux personnes ayant l\u2019estomac sensible ou des ulc\u00e8res.<\/li>\n<li>Sans danger pour diverses populations : il est g\u00e9n\u00e9ralement sans danger pour les enfants et les adultes, ainsi que pour les personnes qui doivent \u00e9viter les AINS en raison d\u2019allergies, de probl\u00e8mes de sant\u00e9 ou d\u2019autres m\u00e9dicaments.<\/li>\n<li>Propri\u00e9t\u00e9s anti-inflammatoires minimales : Bien qu\u2019il n\u2019ait pas d\u2019effets anti-inflammatoires significatifs, cet aspect r\u00e9duit le risque de probl\u00e8mes gastro-intestinaux courants avec l\u2019utilisation \u00e0 long terme d\u2019AINS.<\/li>\n<li>Pratique et accessible : la disponibilit\u00e9 du Tylenol sous de multiples formes et son statut de m\u00e9dicament en vente libre en font une option pratique pour g\u00e9rer la douleur et la fi\u00e8vre.<\/li>\n<\/ol>\n<h3>Consid\u00e9rations d'utilisation\u00a0:<\/h3>\n<ul>\n<li>Surveillance m\u00e9dicale : Suivez toujours les instructions de dosage sur l\u2019\u00e9tiquette ou telles que prescrites par un professionnel de la sant\u00e9 pour \u00e9viter d\u2019\u00e9ventuels dommages au foie dus \u00e0 une utilisation excessive.<\/li>\n<li>Sources fiables : achetez du Tylenol aupr\u00e8s de sources fiables comme buy-prescriptionz.com pour vous assurer d'obtenir des m\u00e9dicaments de haute qualit\u00e9 et authentiques.<\/li>\n<\/ul>\n<p>Le Tylenol est un m\u00e9dicament fiable et polyvalent pour la gestion de la douleur et de la fi\u00e8vre, adapt\u00e9 \u00e0 un large \u00e9ventail de personnes. Son action douce sur l'estomac et sa grande accessibilit\u00e9 en font un choix privil\u00e9gi\u00e9 pour de nombreuses personnes. Utilisez-le toujours comme indiqu\u00e9 et consultez un professionnel de sant\u00e9 en cas de doute ou de question concernant son utilisation. Pour un Tylenol authentique et de haute qualit\u00e9, achetez-le dans une pharmacie r\u00e9put\u00e9e et de qualit\u00e9, comme buy-prescriptionz.com.<\/p>\n<h3>Tylenol avec cod\u00e9ine en ligne pour usage m\u00e9dical et r\u00e9cr\u00e9atif<\/h3>\n<p>Le Tylenol est du parac\u00e9tamol, un analg\u00e9sique et un antipyr\u00e9tique largement utilis\u00e9 en vente libre. Le Tylenol avec cod\u00e9ine en vente sous forme de co-codamol, de dextrom\u00e9thorphane, de m\u00e9thocarbamol, de guaif\u00e9n\u00e9sine, de pseudo\u00e9ph\u00e9drine, de caf\u00e9ine, de diph\u00e9nhydramine, de chlorph\u00e9niramine et de ph\u00e9nyl\u00e9phrine.Acheter du Tylenol en ligne au Royaume-Uni<\/p>\n<p>Il n'est pas dit mais utilise le Tylenol pr\u00e9cis\u00e9ment comme prescrit, ou comme recommand\u00e9 par votre sp\u00e9cialiste. Ce m\u00e9dicament est mortel s'il est pris sans connaissance de son action sur le corps et l'esprit.<\/p>\n<h3>Les d\u00e9tails pour commander du Tylenol avec cod\u00e9ine en ligne<\/h3>\n<p>Les adultes et les adolescents qui ne p\u00e8sent pas moins de 50 kilogrammes (110 livres) devraient commencer par une prise de 50 mg. Vous ne devez pas prendre plus de 1000 milligrammes (mg) en une seule fois. Essayez de ne pas prendre plus de 4000 mg en 24 heures. Vous pouvez acheter du Tylenol avec cod\u00e9ine dans un emballage discret comme maintenant.<\/p>\n<p>Les personnes qui ach\u00e8tent ce m\u00e9dicament en ont souvent besoin en cas d'urgence. Sur buy-prescriptionz.com, vous apprendrez comment acheter du Tylenol avec cod\u00e9ine en ligne et o\u00f9 acheter du Tylenol avec cod\u00e9ine en ligne.<\/p>\n<p>Les jeunes de plus de 12 ans : Ne prenez pas plus de 5 doses d'ac\u00e9taminoph\u00e8ne en 24 heures. Utilisez uniquement la quantit\u00e9 de milligrammes par portion qui est prescrite en fonction du poids et de l'\u00e2ge.<\/p>\n<h3>Achetez Tylenol avec cod\u00e9ine sans ordonnance \u00e0 buy-prescriptionz.com<\/h3>\n<p>Il est conseill\u00e9 d'\u00e9viter d'acheter du Tylenol avec cod\u00e9ine en ligne avec d'autres ordonnances contenant du parac\u00e9tamol, au risque de surdose mortelle. Sur buy-prescriptionz.com, profitez d'un service de livraison rapide et s\u00e9curis\u00e9. Il est important de comprendre que ce m\u00e9dicament contient de la cod\u00e9ine et qu'il n'y a rien d'autre \u00e0 ajouter \u00e0 sa formule.<\/p>\n<h3>Acheter Tylenol avec cod\u00e9ine sans m\u00e9decin 100 mg, 50 mg et 25 mg<\/h3>\n<p>Achetez Tylenol avec cod\u00e9ine \u00e0 bas prix pour les douleurs c\u00e9r\u00e9brales, les p\u00e9riodes menstruelles, les maux de dents, les douleurs de la colonne vert\u00e9brale, l'arthrose, ou le rhume\/la grippe une douleur lancinante et pour diminuer la fi\u00e8vre.<\/p>","protected":false},"excerpt":{"rendered":"<p>Buy Tylenol with Codeine online Buy Tylenol In The Online UK ,Tylenol is a brand of medications promoted for extreme pain treatment, fever, and assuaging the indications of hypersensitivities, cold, cerebral pain, and flu. Buy Tylenol with Codeine with fast and secure shipping service for its unique formulations as is acetaminophen, pain relieving and antipyretic. [&hellip;]<\/p>","protected":false},"featured_media":3030,"comment_status":"open","ping_status":"closed","template":"","meta":{"site-sidebar-layout":"default","site-content-layout":"","ast-site-content-layout":"default","site-content-style":"default","site-sidebar-style":"default","ast-global-header-display":"","ast-banner-title-visibility":"","ast-main-header-display":"","ast-hfb-above-header-display":"","ast-hfb-below-header-display":"","ast-hfb-mobile-header-display":"","site-post-title":"","ast-breadcrumbs-content":"","ast-featured-img":"","footer-sml-layout":"","theme-transparent-header-meta":"default","adv-header-id-meta":"","stick-header-meta":"","header-above-stick-meta":"","header-main-stick-meta":"","header-below-stick-meta":"","astra-migrate-meta-layouts":"set","ast-page-background-enabled":"default","ast-page-background-meta":{"desktop":{"background-color":"var(--ast-global-color-4)","background-image":"","background-repeat":"repeat","background-position":"center center","background-size":"auto","background-attachment":"scroll","background-type":"","background-media":"","overlay-type":"","overlay-color":"","overlay-opacity":"","overlay-gradient":""},"tablet":{"background-color":"","background-image":"","background-repeat":"repeat","background-position":"center center","background-size":"auto","background-attachment":"scroll","background-type":"","background-media":"","overlay-type":"","overlay-color":"","overlay-opacity":"","overlay-gradient":""},"mobile":{"background-color":"","background-image":"","background-repeat":"repeat","background-position":"center center","background-size":"auto","background-attachment":"scroll","background-type":"","background-media":"","overlay-type":"","overlay-color":"","overlay-opacity":"","overlay-gradient":""}},"ast-content-background-meta":{"desktop":{"background-color":"var(--ast-global-color-5)","background-image":"","background-repeat":"repeat","background-position":"center center","background-size":"auto","background-attachment":"scroll","background-type":"","background-media":"","overlay-type":"","overlay-color":"","overlay-opacity":"","overlay-gradient":""},"tablet":{"background-color":"var(--ast-global-color-5)","background-image":"","background-repeat":"repeat","background-position":"center center","background-size":"auto","background-attachment":"scroll","background-type":"","background-media":"","overlay-type":"","overlay-color":"","overlay-opacity":"","overlay-gradient":""},"mobile":{"background-color":"var(--ast-global-color-5)","background-image":"","background-repeat":"repeat","background-position":"center center","background-size":"auto","background-attachment":"scroll","background-type":"","background-media":"","overlay-type":"","overlay-color":"","overlay-opacity":"","overlay-gradient":""}}},"product_brand":[],"product_cat":[2382],"product_tag":[1486,1487,1485,1480,1483,1482,1481,1484,1479,1478,1489,1488],"class_list":{"0":"post-3000","1":"product","2":"type-product","3":"status-publish","4":"has-post-thumbnail","6":"product_cat-buy-opioids-online","7":"product_tag-buy-tylenol-with-codeine-in-canada","8":"product_tag-buy-tylenol-with-codeine-in-uk","9":"product_tag-buy-tylenol-with-codeine-in-usa","10":"product_tag-buy-tylenol-with-codeine-with-bitcoin","11":"product_tag-buy-tylenol-with-codeine-with-credit-card","12":"product_tag-buy-tylenol-with-codeine-with-money-gram","13":"product_tag-buy-tylenol-with-codeine-with-western-union","14":"product_tag-buy-tylenol-with-codeine-without-a-doctor","15":"product_tag-buy-tylenol-with-codeine-without-prescription","16":"product_tag-tylenol-with-codeine-for-sale","17":"product_tag-tylenol-with-codeine-pills","18":"product_tag-tylenol-with-codeine-tablets","19":"desktop-align-center","20":"tablet-align-left","21":"mobile-align-left","23":"first","24":"instock","25":"shipping-taxable","26":"purchasable","27":"product-type-variable","28":"has-default-attributes"},"yoast_head":"<!-- This site is optimized with the Yoast SEO plugin v25.9 - https:\/\/yoast.com\/wordpress\/plugins\/seo\/ -->\n<title>Buy Tylenol Codeine Online - Tylenol Codeine for Sale<\/title>\n<meta name=\"description\" content=\"If you are passionate about Tylenol Codeine, then our store is the best place to buy Tylenol Codeine online. You can have Tylenol Codeine for sale at the lowest price. Order now and receive it shortly!\" \/>\n<meta name=\"robots\" content=\"index, follow, max-snippet:-1, max-image-preview:large, max-video-preview:-1\" \/>\n<link rel=\"canonical\" href=\"https:\/\/buy-prescriptionz.com\/fr\/produit\/acheter-tylenol-avec-codeine-en-ligne\/\" \/>\n<meta property=\"og:locale\" content=\"fr_FR\" \/>\n<meta property=\"og:type\" content=\"article\" \/>\n<meta property=\"og:title\" content=\"Buy Tylenol Codeine Online - Tylenol Codeine for Sale\" \/>\n<meta property=\"og:description\" content=\"If you are passionate about Tylenol Codeine, then our store is the best place to buy Tylenol Codeine online. You can have Tylenol Codeine for sale at the lowest price. Order now and receive it shortly!\" \/>\n<meta property=\"og:url\" content=\"https:\/\/buy-prescriptionz.com\/fr\/produit\/acheter-tylenol-avec-codeine-en-ligne\/\" \/>\n<meta property=\"og:site_name\" content=\"Buy Prescriptionz\" \/>\n<meta property=\"article:modified_time\" content=\"2025-09-26T15:41:04+00:00\" \/>\n<meta property=\"og:image\" content=\"https:\/\/buy-prescriptionz.com\/wp-content\/uploads\/2025\/09\/tylenol-with-codeine.jpg\" \/>\n\t<meta property=\"og:image:width\" content=\"400\" \/>\n\t<meta property=\"og:image:height\" content=\"300\" \/>\n\t<meta property=\"og:image:type\" content=\"image\/jpeg\" \/>\n<meta name=\"twitter:card\" content=\"summary_large_image\" \/>\n<meta name=\"twitter:label1\" content=\"Dur\u00e9e de lecture estim\u00e9e\" \/>\n\t<meta name=\"twitter:data1\" content=\"3 minutes\" \/>\n<script type=\"application\/ld+json\" class=\"yoast-schema-graph\">{\"@context\":\"https:\/\/schema.org\",\"@graph\":[{\"@type\":\"WebPage\",\"@id\":\"https:\/\/buy-prescriptionz.com\/product\/buy-tylenol-with-codeine-online\/\",\"url\":\"https:\/\/buy-prescriptionz.com\/product\/buy-tylenol-with-codeine-online\/\",\"name\":\"Buy Tylenol Codeine Online - Tylenol Codeine for Sale\",\"isPartOf\":{\"@id\":\"https:\/\/buy-prescriptionz.com\/#website\"},\"primaryImageOfPage\":{\"@id\":\"https:\/\/buy-prescriptionz.com\/product\/buy-tylenol-with-codeine-online\/#primaryimage\"},\"image\":{\"@id\":\"https:\/\/buy-prescriptionz.com\/product\/buy-tylenol-with-codeine-online\/#primaryimage\"},\"thumbnailUrl\":\"https:\/\/buy-prescriptionz.com\/wp-content\/uploads\/2025\/09\/tylenol-with-codeine.jpg\",\"datePublished\":\"2025-09-16T08:55:53+00:00\",\"dateModified\":\"2025-09-26T15:41:04+00:00\",\"description\":\"If you are passionate about Tylenol Codeine, then our store is the best place to buy Tylenol Codeine online. You can have Tylenol Codeine for sale at the lowest price. Order now and receive it shortly!\",\"breadcrumb\":{\"@id\":\"https:\/\/buy-prescriptionz.com\/product\/buy-tylenol-with-codeine-online\/#breadcrumb\"},\"inLanguage\":\"fr-FR\",\"potentialAction\":[{\"@type\":\"ReadAction\",\"target\":[\"https:\/\/buy-prescriptionz.com\/product\/buy-tylenol-with-codeine-online\/\"]}]},{\"@type\":\"ImageObject\",\"inLanguage\":\"fr-FR\",\"@id\":\"https:\/\/buy-prescriptionz.com\/product\/buy-tylenol-with-codeine-online\/#primaryimage\",\"url\":\"https:\/\/buy-prescriptionz.com\/wp-content\/uploads\/2025\/09\/tylenol-with-codeine.jpg\",\"contentUrl\":\"https:\/\/buy-prescriptionz.com\/wp-content\/uploads\/2025\/09\/tylenol-with-codeine.jpg\",\"width\":400,\"height\":300},{\"@type\":\"BreadcrumbList\",\"@id\":\"https:\/\/buy-prescriptionz.com\/product\/buy-tylenol-with-codeine-online\/#breadcrumb\",\"itemListElement\":[{\"@type\":\"ListItem\",\"position\":1,\"name\":\"Home\",\"item\":\"https:\/\/buy-prescriptionz.com\/\"},{\"@type\":\"ListItem\",\"position\":2,\"name\":\"Shop Painkillers Online\",\"item\":\"https:\/\/buy-prescriptionz.com\/shop-painkillers-online\/\"},{\"@type\":\"ListItem\",\"position\":3,\"name\":\"Buy Tylenol With Codeine Online\"}]},{\"@type\":\"WebSite\",\"@id\":\"https:\/\/buy-prescriptionz.com\/#website\",\"url\":\"https:\/\/buy-prescriptionz.com\/\",\"name\":\"Buy Prescriptionz\",\"description\":\"Drugs Online\",\"publisher\":{\"@id\":\"https:\/\/buy-prescriptionz.com\/#organization\"},\"potentialAction\":[{\"@type\":\"SearchAction\",\"target\":{\"@type\":\"EntryPoint\",\"urlTemplate\":\"https:\/\/buy-prescriptionz.com\/?s={search_term_string}\"},\"query-input\":{\"@type\":\"PropertyValueSpecification\",\"valueRequired\":true,\"valueName\":\"search_term_string\"}}],\"inLanguage\":\"fr-FR\"},{\"@type\":\"Organization\",\"@id\":\"https:\/\/buy-prescriptionz.com\/#organization\",\"name\":\"Buy Prescriptionz\",\"url\":\"https:\/\/buy-prescriptionz.com\/\",\"logo\":{\"@type\":\"ImageObject\",\"inLanguage\":\"fr-FR\",\"@id\":\"https:\/\/buy-prescriptionz.com\/#\/schema\/logo\/image\/\",\"url\":\"https:\/\/buy-prescriptionz.com\/wp-content\/uploads\/2023\/09\/logo.png\",\"contentUrl\":\"https:\/\/buy-prescriptionz.com\/wp-content\/uploads\/2023\/09\/logo.png\",\"width\":350,\"height\":64,\"caption\":\"Buy Prescriptionz\"},\"image\":{\"@id\":\"https:\/\/buy-prescriptionz.com\/#\/schema\/logo\/image\/\"}}]}<\/script>\n<!-- \/ Yoast SEO plugin. -->","yoast_head_json":{"title":"Achetez du Tylenol cod\u00e9ine en ligne\u00a0\u2013\u00a0Tylenol cod\u00e9ine \u00e0 vendre","description":"Si vous \u00eates passionn\u00e9 par le Tylenol Cod\u00e9ine, notre boutique est le meilleur endroit pour acheter du Tylenol Cod\u00e9ine en ligne. Vous pouvez le trouver au meilleur prix. Commandez d\u00e8s maintenant et recevez-le rapidement\u00a0!","robots":{"index":"index","follow":"follow","max-snippet":"max-snippet:-1","max-image-preview":"max-image-preview:large","max-video-preview":"max-video-preview:-1"},"canonical":"https:\/\/buy-prescriptionz.com\/fr\/produit\/acheter-tylenol-avec-codeine-en-ligne\/","og_locale":"fr_FR","og_type":"article","og_title":"Buy Tylenol Codeine Online - Tylenol Codeine for Sale","og_description":"If you are passionate about Tylenol Codeine, then our store is the best place to buy Tylenol Codeine online. You can have Tylenol Codeine for sale at the lowest price. Order now and receive it shortly!","og_url":"https:\/\/buy-prescriptionz.com\/fr\/produit\/acheter-tylenol-avec-codeine-en-ligne\/","og_site_name":"Buy Prescriptionz","article_modified_time":"2025-09-26T15:41:04+00:00","og_image":[{"width":400,"height":300,"url":"https:\/\/buy-prescriptionz.com\/wp-content\/uploads\/2025\/09\/tylenol-with-codeine.jpg","type":"image\/jpeg"}],"twitter_card":"summary_large_image","twitter_misc":{"Dur\u00e9e de lecture estim\u00e9e":"3 minutes"},"schema":{"@context":"https:\/\/schema.org","@graph":[{"@type":"WebPage","@id":"https:\/\/buy-prescriptionz.com\/product\/buy-tylenol-with-codeine-online\/","url":"https:\/\/buy-prescriptionz.com\/product\/buy-tylenol-with-codeine-online\/","name":"Achetez du Tylenol cod\u00e9ine en ligne\u00a0\u2013\u00a0Tylenol cod\u00e9ine \u00e0 vendre","isPartOf":{"@id":"https:\/\/buy-prescriptionz.com\/#website"},"primaryImageOfPage":{"@id":"https:\/\/buy-prescriptionz.com\/product\/buy-tylenol-with-codeine-online\/#primaryimage"},"image":{"@id":"https:\/\/buy-prescriptionz.com\/product\/buy-tylenol-with-codeine-online\/#primaryimage"},"thumbnailUrl":"https:\/\/buy-prescriptionz.com\/wp-content\/uploads\/2025\/09\/tylenol-with-codeine.jpg","datePublished":"2025-09-16T08:55:53+00:00","dateModified":"2025-09-26T15:41:04+00:00","description":"Si vous \u00eates passionn\u00e9 par le Tylenol Cod\u00e9ine, notre boutique est le meilleur endroit pour acheter du Tylenol Cod\u00e9ine en ligne. Vous pouvez le trouver au meilleur prix. Commandez d\u00e8s maintenant et recevez-le rapidement\u00a0!","breadcrumb":{"@id":"https:\/\/buy-prescriptionz.com\/product\/buy-tylenol-with-codeine-online\/#breadcrumb"},"inLanguage":"fr-FR","potentialAction":[{"@type":"ReadAction","target":["https:\/\/buy-prescriptionz.com\/product\/buy-tylenol-with-codeine-online\/"]}]},{"@type":"ImageObject","inLanguage":"fr-FR","@id":"https:\/\/buy-prescriptionz.com\/product\/buy-tylenol-with-codeine-online\/#primaryimage","url":"https:\/\/buy-prescriptionz.com\/wp-content\/uploads\/2025\/09\/tylenol-with-codeine.jpg","contentUrl":"https:\/\/buy-prescriptionz.com\/wp-content\/uploads\/2025\/09\/tylenol-with-codeine.jpg","width":400,"height":300},{"@type":"BreadcrumbList","@id":"https:\/\/buy-prescriptionz.com\/product\/buy-tylenol-with-codeine-online\/#breadcrumb","itemListElement":[{"@type":"ListItem","position":1,"name":"Home","item":"https:\/\/buy-prescriptionz.com\/"},{"@type":"ListItem","position":2,"name":"Shop Painkillers Online","item":"https:\/\/buy-prescriptionz.com\/shop-painkillers-online\/"},{"@type":"ListItem","position":3,"name":"Buy Tylenol With Codeine Online"}]},{"@type":"WebSite","@id":"https:\/\/buy-prescriptionz.com\/#website","url":"https:\/\/buy-prescriptionz.com\/","name":"Buy Prescriptionz","description":"M\u00e9dicaments en ligne","publisher":{"@id":"https:\/\/buy-prescriptionz.com\/#organization"},"potentialAction":[{"@type":"SearchAction","target":{"@type":"EntryPoint","urlTemplate":"https:\/\/buy-prescriptionz.com\/?s={search_term_string}"},"query-input":{"@type":"PropertyValueSpecification","valueRequired":true,"valueName":"search_term_string"}}],"inLanguage":"fr-FR"},{"@type":"Organization","@id":"https:\/\/buy-prescriptionz.com\/#organization","name":"Buy Prescriptionz","url":"https:\/\/buy-prescriptionz.com\/","logo":{"@type":"ImageObject","inLanguage":"fr-FR","@id":"https:\/\/buy-prescriptionz.com\/#\/schema\/logo\/image\/","url":"https:\/\/buy-prescriptionz.com\/wp-content\/uploads\/2023\/09\/logo.png","contentUrl":"https:\/\/buy-prescriptionz.com\/wp-content\/uploads\/2023\/09\/logo.png","width":350,"height":64,"caption":"Buy Prescriptionz"},"image":{"@id":"https:\/\/buy-prescriptionz.com\/#\/schema\/logo\/image\/"}}]}},"_links":{"self":[{"href":"https:\/\/buy-prescriptionz.com\/fr\/wp-json\/wp\/v2\/product\/3000","targetHints":{"allow":["GET"]}}],"collection":[{"href":"https:\/\/buy-prescriptionz.com\/fr\/wp-json\/wp\/v2\/product"}],"about":[{"href":"https:\/\/buy-prescriptionz.com\/fr\/wp-json\/wp\/v2\/types\/product"}],"replies":[{"embeddable":true,"href":"https:\/\/buy-prescriptionz.com\/fr\/wp-json\/wp\/v2\/comments?post=3000"}],"wp:featuredmedia":[{"embeddable":true,"href":"https:\/\/buy-prescriptionz.com\/fr\/wp-json\/wp\/v2\/media\/3030"}],"wp:attachment":[{"href":"https:\/\/buy-prescriptionz.com\/fr\/wp-json\/wp\/v2\/media?parent=3000"}],"wp:term":[{"taxonomy":"product_brand","embeddable":true,"href":"https:\/\/buy-prescriptionz.com\/fr\/wp-json\/wp\/v2\/product_brand?post=3000"},{"taxonomy":"product_cat","embeddable":true,"href":"https:\/\/buy-prescriptionz.com\/fr\/wp-json\/wp\/v2\/product_cat?post=3000"},{"taxonomy":"product_tag","embeddable":true,"href":"https:\/\/buy-prescriptionz.com\/fr\/wp-json\/wp\/v2\/product_tag?post=3000"}],"curies":[{"name":"wp","href":"https:\/\/api.w.org\/{rel}","templated":true}]}}