{"id":3001,"date":"2025-09-16T08:55:53","date_gmt":"2025-09-16T08:55:53","guid":{"rendered":"https:\/\/chemsfine.com\/newsite\/?post_type=product&#038;p=3001"},"modified":"2025-09-19T13:33:38","modified_gmt":"2025-09-19T13:33:38","slug":"acheter-actavis-promethazine-sirop-en-ligne","status":"publish","type":"product","link":"https:\/\/buy-prescriptionz.com\/fr\/produit\/acheter-actavis-promethazine-sirop-en-ligne\/","title":{"rendered":"Acheter Actavis Promethazine Syrup en ligne"},"content":{"rendered":"<h2 style=\"text-align: justify;\">ACHETER ACTAVIS PROMETHAZINE SYRUP EN LIGNE<\/h2>\n<p style=\"text-align: justify;\">Acheter Actavis <a href=\"https:\/\/buy-prescriptionz.com\/fr\/produit\/biphetamine\/\">Prom\u00e9thazine<\/a> Sirop en ligne, Actavis promethazine sirop est utilis\u00e9 pour traiter les sympt\u00f4mes caus\u00e9s par le rhume, la grippe, les allergies et d'autres maladies respiratoires. Il contient 6,25 mg de chlorhydrate de prom\u00e9thazine et 10 mg de phosphate de cod\u00e9ine dans une base de sirop aromatis\u00e9 dont le pH est compris entre 4,8 et 5,4, Alcool 7%.<\/p>\n<h3 style=\"text-align: justify;\">FEATURES<\/h3>\n<p style=\"text-align: justify;\">Il agit en diminuant les effets de l'histamine, un compos\u00e9 que le corps lib\u00e8re en r\u00e9ponse \u00e0 certains irritants. Le Ph\u00e9nergan est \u00e9galement utilis\u00e9 comme s\u00e9datif et aide au sommeil pour tous les types de patients et pour pr\u00e9venir ou contr\u00f4ler les naus\u00e9es et les vomissements, traiter le mal des transports. Vous pouvez l'utiliser avec d'autres m\u00e9dicaments pour soulager la douleur apr\u00e8s une intervention chirurgicale.<\/p>\n<h3 style=\"text-align: justify;\">PR\u00c9CAUTIONS<\/h3>\n<p style=\"text-align: justify;\">Contactez imm\u00e9diatement votre m\u00e9decin si vous ressentez une somnolence extr\u00eame, une confusion ou une respiration superficielle. Des analyses de sang peuvent parfois \u00eatre n\u00e9cessaires pour v\u00e9rifier les effets ind\u00e9sirables.<\/p>\n<p style=\"text-align: justify;\"><strong>Ne pas donner ce m\u00e9dicament \u00e0 :<\/strong><\/p>\n<p style=\"text-align: justify;\">- Les enfants de moins de 12 ans.<br \/>\n- Les enfants \u00e2g\u00e9s de moins de 18 ans ont subi une ablation chirurgicale des amygdales ou des ad\u00e9no\u00efdes.<br \/>\n- Les enfants \u00e2g\u00e9s de 12 \u00e0 18 ans qui pr\u00e9sentent un risque \u00e9lev\u00e9 de probl\u00e8mes respiratoires (par ex, <a href=\"https:\/\/de.wikipedia.org\/w\/index.php?sort=relevance&amp;search=Promethazine&amp;title=Spezial%3ASuche&amp;profile=advanced&amp;fulltext=1&amp;advancedSearch-current=%7B%7D&amp;ns0=1\">obstructive<\/a> apn\u00e9e du sommeil, ob\u00e9sit\u00e9, maladies pulmonaires).<\/p>\n<h3 style=\"text-align: justify;\">EFFETS SECONDAIRES<\/h3>\n<p style=\"text-align: justify;\">Ce m\u00e9dicament peut cr\u00e9er une accoutumance. Si vous avez l'impression qu'il n'agit pas aussi bien, n'utilisez pas plus que la dose prescrite. Appelez votre m\u00e9decin pour obtenir des instructions.<\/p>\n<p style=\"text-align: justify;\">La prom\u00e9thazine peut augmenter votre risque de convulsions (crises d'\u00e9pilepsie). Elle peut \u00e9galement provoquer une dystonie (trouble du mouvement). Cela est plus probable chez les enfants malades souffrant de diarrh\u00e9e.<\/p>\n<p>Il rend votre peau plus sensible \u00e0 la lumi\u00e8re du soleil. Utilisez un \u00e9cran solaire lorsque vous \u00eates \u00e0 l'ext\u00e9rieur. \u00c9vitez les lampes solaires et les lits de bronzage.<\/p>\n<p style=\"text-align: justify;\">Ne prenez pas d'autres m\u00e9dicaments sans en avoir discut\u00e9 avec votre m\u00e9decin. Il s'agit de m\u00e9dicaments sur ordonnance ou en vente libre et de suppl\u00e9ments \u00e0 base de plantes ou de vitamines.<\/p>\n<p style=\"text-align: justify;\">Contactez imm\u00e9diatement votre m\u00e9decin si vous avez des inqui\u00e9tudes.<\/p>\n<h3>Pr\u00e9sentation du sirop de prom\u00e9thazine Actavis<\/h3>\n<p>Le sirop de prom\u00e9thazine Actavis est un m\u00e9dicament sur ordonnance utilis\u00e9 pour traiter les sympt\u00f4mes des allergies, du rhume et de la toux. Il contient une combinaison de prom\u00e9thazine (un antihistaminique) et de cod\u00e9ine (un antitussif narcotique), qui agissent ensemble pour soulager la toux, les \u00e9ternuements, l'\u00e9coulement nasal et d'autres sympt\u00f4mes associ\u00e9s aux affections respiratoires.<\/p>\n<h3>Comment fonctionne le sirop de prom\u00e9thazine Actavis<\/h3>\n<p>La prom\u00e9thazine agit en bloquant les effets de l'histamine, une substance naturellement lib\u00e9r\u00e9e par l'organisme lors de r\u00e9actions allergiques. En bloquant l'histamine, la prom\u00e9thazine contribue \u00e0 r\u00e9duire les sympt\u00f4mes tels que les d\u00e9mangeaisons, les \u00e9ternuements et le larmoiement. La cod\u00e9ine agit sur le cerveau pour supprimer le r\u00e9flexe de toux, facilitant ainsi la respiration et r\u00e9duisant l'envie de tousser.<\/p>\n<h3>Avantages du sirop de prom\u00e9thazine Actavis<\/h3>\n<ol>\n<li><strong>Soulagement efficace des sympt\u00f4mes<\/strong>:Le meilleur sirop de prom\u00e9thazine Actavis procure un soulagement rapide et efficace des sympt\u00f4mes tels que la toux, les \u00e9ternuements et la congestion, permettant aux utilisateurs de se sentir plus \u00e0 l'aise et de respirer plus facilement.<\/li>\n<li><strong>Combinaison de m\u00e9dicaments<\/strong>:La combinaison de prom\u00e9thazine et de cod\u00e9ine dans le sirop de prom\u00e9thazine Actavis offre une approche globale du traitement des sympt\u00f4mes respiratoires, ciblant \u00e0 la fois la cause sous-jacente des allergies et du rhume ainsi que la toux associ\u00e9e.<\/li>\n<li><strong>Force de prescription<\/strong>:Le sirop de prom\u00e9thazine Actavis est un m\u00e9dicament sur ordonnance, ce qui signifie qu'il est formul\u00e9 avec des concentrations plus \u00e9lev\u00e9es d'ingr\u00e9dients actifs, offrant un soulagement des sympt\u00f4mes plus puissant par rapport aux rem\u00e8des en vente libre.<\/li>\n<li><strong>Traitement polyvalent<\/strong>:En plus des allergies et des rhumes, le sirop de prom\u00e9thazine Actavis peut \u00e9galement \u00eatre utilis\u00e9 pour traiter d\u2019autres affections telles que la bronchite, la sinusite et d\u2019autres infections respiratoires.<\/li>\n<li><strong>Dosage personnalisable<\/strong>:Le sirop de prom\u00e9thazine Actavis est disponible en diff\u00e9rentes concentrations, permettant aux professionnels de la sant\u00e9 d\u2019adapter le dosage aux besoins sp\u00e9cifiques de chaque individu pour un soulagement optimal des sympt\u00f4mes.<\/li>\n<\/ol>\n<h3>Le sirop de prom\u00e9thazine Actavis est-il fait pour vous\u00a0?<\/h3>\n<p>Avant de commencer \u00e0 prendre Actavis Prom\u00e9thazine, il est important de consulter un professionnel de sant\u00e9 afin de d\u00e9terminer si ce traitement est adapt\u00e9 \u00e0 votre situation. Votre professionnel de sant\u00e9 prendra en compte des facteurs tels que vos ant\u00e9c\u00e9dents m\u00e9dicaux, vos m\u00e9dicaments actuels et la gravit\u00e9 de vos sympt\u00f4mes pour d\u00e9terminer si Actavis Prom\u00e9thazine vous convient.<\/p>\n<h3>O\u00f9 acheter le sirop de prom\u00e9thazine Actavis<\/h3>\n<p>Si le sirop de prom\u00e9thazine Actavis vous a \u00e9t\u00e9 prescrit et que vous vous demandez o\u00f9 l'acheter, vous pouvez acheter vos m\u00e9dicaments sur ordonnance en ligne dans les meilleures pharmacies comme buy-prescriptionz.com. Acheter des m\u00e9dicaments sur ordonnance en ligne est pratique et confidentiel, vous permettant d'obtenir le traitement dont vous avez besoin sans avoir \u00e0 vous rendre en pharmacie.<\/p>\n<h3 style=\"text-align: justify;\">DOSE OUBLI\u00c9E<\/h3>\n<p style=\"text-align: justify;\">Si vous oubliez une dose du m\u00e9dicament, prenez-la d\u00e8s que possible. Cependant, s'il est presque l'heure de la dose suivante, sautez la dose oubli\u00e9e et reprenez simplement votre programme de dosage habituel. Ne doublez pas les doses.<\/p>\n<h3 style=\"text-align: justify;\">SURDOSAGE<\/h3>\n<p style=\"text-align: justify;\">Les sympt\u00f4mes d'une surdose de Phenergan peuvent \u00eatre les suivants :<\/p>\n<p style=\"text-align: justify;\">Ce m\u00e9dicament peut provoquer chez certaines personnes des \u00e9tourdissements, une somnolence, des pupilles dilat\u00e9es, des bouff\u00e9es de chaleur, des naus\u00e9es, des vomissements, une respiration superficielle et des \u00e9vanouissements. Si vous ressentez l'un de ces sympt\u00f4mes, contactez imm\u00e9diatement votre m\u00e9decin.<\/p>\n<h3 style=\"text-align: justify;\">STOCKAGE<\/h3>\n<p style=\"text-align: justify;\">Conservez-le \u00e0 temp\u00e9rature ambiante dans un r\u00e9cipient ferm\u00e9, \u00e0 l'abri de la chaleur, de l'humidit\u00e9 et de la lumi\u00e8re directe. \u00c9vitez qu'il ne g\u00e8le. Gardez-le \u00e9galement hors de la port\u00e9e des enfants.<\/p>\n<h3 style=\"text-align: justify;\">O\u00d9 ACHETER ACTAVIS PROMETHAZINE SYRUP EN LIGNE ?<\/h3>\n<p style=\"text-align: justify;\">Achetez Actavis Promethazine Syrup en ligne chez nous (Buyprescriptionz.com) \u00e0 votre porte avec le meilleur prix. Soyez toujours en bonne sant\u00e9. Commandez maintenant !<\/p>","protected":false},"excerpt":{"rendered":"<p>BUY ACTAVIS PROMETHAZINE SYRUP ONLINE Buy Actavis Promethazine Syrup Online, Actavis promethazine syrup is used to treat symptoms caused by the common cold, flu, allergies, and other breathing illnesses. It contains Promethazine hydrochloride 6.25 mg and codeine phosphate 10 mg in a flavored syrup base with a pH between 4.8 and 5.4, Alcohol 7%. FEATURES [&hellip;]<\/p>","protected":false},"featured_media":3031,"comment_status":"open","ping_status":"closed","template":"","meta":{"site-sidebar-layout":"default","site-content-layout":"","ast-site-content-layout":"default","site-content-style":"default","site-sidebar-style":"default","ast-global-header-display":"","ast-banner-title-visibility":"","ast-main-header-display":"","ast-hfb-above-header-display":"","ast-hfb-below-header-display":"","ast-hfb-mobile-header-display":"","site-post-title":"","ast-breadcrumbs-content":"","ast-featured-img":"","footer-sml-layout":"","theme-transparent-header-meta":"default","adv-header-id-meta":"","stick-header-meta":"","header-above-stick-meta":"","header-main-stick-meta":"","header-below-stick-meta":"","astra-migrate-meta-layouts":"set","ast-page-background-enabled":"default","ast-page-background-meta":{"desktop":{"background-color":"var(--ast-global-color-4)","background-image":"","background-repeat":"repeat","background-position":"center center","background-size":"auto","background-attachment":"scroll","background-type":"","background-media":"","overlay-type":"","overlay-color":"","overlay-opacity":"","overlay-gradient":""},"tablet":{"background-color":"","background-image":"","background-repeat":"repeat","background-position":"center center","background-size":"auto","background-attachment":"scroll","background-type":"","background-media":"","overlay-type":"","overlay-color":"","overlay-opacity":"","overlay-gradient":""},"mobile":{"background-color":"","background-image":"","background-repeat":"repeat","background-position":"center center","background-size":"auto","background-attachment":"scroll","background-type":"","background-media":"","overlay-type":"","overlay-color":"","overlay-opacity":"","overlay-gradient":""}},"ast-content-background-meta":{"desktop":{"background-color":"var(--ast-global-color-5)","background-image":"","background-repeat":"repeat","background-position":"center center","background-size":"auto","background-attachment":"scroll","background-type":"","background-media":"","overlay-type":"","overlay-color":"","overlay-opacity":"","overlay-gradient":""},"tablet":{"background-color":"var(--ast-global-color-5)","background-image":"","background-repeat":"repeat","background-position":"center center","background-size":"auto","background-attachment":"scroll","background-type":"","background-media":"","overlay-type":"","overlay-color":"","overlay-opacity":"","overlay-gradient":""},"mobile":{"background-color":"var(--ast-global-color-5)","background-image":"","background-repeat":"repeat","background-position":"center center","background-size":"auto","background-attachment":"scroll","background-type":"","background-media":"","overlay-type":"","overlay-color":"","overlay-opacity":"","overlay-gradient":""}}},"product_brand":[],"product_cat":[2382],"product_tag":[],"class_list":{"0":"post-3001","1":"product","2":"type-product","3":"status-publish","4":"has-post-thumbnail","6":"product_cat-buy-opioids-online","7":"desktop-align-center","8":"tablet-align-left","9":"mobile-align-left","11":"first","12":"instock","13":"shipping-taxable","14":"purchasable","15":"product-type-variable","16":"has-default-attributes"},"yoast_head":"<!-- This site is optimized with the Yoast SEO plugin v25.9 - https:\/\/yoast.com\/wordpress\/plugins\/seo\/ -->\n<title>Actavis Promethazine Syrup for Sale - Buy Actavis Promethazine Syrup Online<\/title>\n<meta name=\"description\" content=\"You can now get Actavis Promethazine Syrup for sale from our top Chems store. Our staff will assist you to buy Actavis Promethazine Syrup online at the best prices. Order Actavis Promethazine Syrup online today with worldwide shipping!\" \/>\n<meta name=\"robots\" content=\"index, follow, max-snippet:-1, max-image-preview:large, max-video-preview:-1\" \/>\n<link rel=\"canonical\" href=\"https:\/\/buy-prescriptionz.com\/fr\/produit\/acheter-actavis-promethazine-sirop-en-ligne\/\" \/>\n<meta property=\"og:locale\" content=\"fr_FR\" \/>\n<meta property=\"og:type\" content=\"article\" \/>\n<meta property=\"og:title\" content=\"Actavis Promethazine Syrup for Sale - Buy Actavis Promethazine Syrup Online\" \/>\n<meta property=\"og:description\" content=\"You can now get Actavis Promethazine Syrup for sale from our top Chems store. Our staff will assist you to buy Actavis Promethazine Syrup online at the best prices. Order Actavis Promethazine Syrup online today with worldwide shipping!\" \/>\n<meta property=\"og:url\" content=\"https:\/\/buy-prescriptionz.com\/fr\/produit\/acheter-actavis-promethazine-sirop-en-ligne\/\" \/>\n<meta property=\"og:site_name\" content=\"Buy Prescriptionz\" \/>\n<meta property=\"article:modified_time\" content=\"2025-09-19T13:33:38+00:00\" \/>\n<meta property=\"og:image\" content=\"https:\/\/buy-prescriptionz.com\/wp-content\/uploads\/2025\/09\/actavis-promathazine-syrup.jpg\" \/>\n\t<meta property=\"og:image:width\" content=\"400\" \/>\n\t<meta property=\"og:image:height\" content=\"300\" \/>\n\t<meta property=\"og:image:type\" content=\"image\/jpeg\" \/>\n<meta name=\"twitter:card\" content=\"summary_large_image\" \/>\n<meta name=\"twitter:label1\" content=\"Dur\u00e9e de lecture estim\u00e9e\" \/>\n\t<meta name=\"twitter:data1\" content=\"4 minutes\" \/>\n<script type=\"application\/ld+json\" class=\"yoast-schema-graph\">{\"@context\":\"https:\/\/schema.org\",\"@graph\":[{\"@type\":\"WebPage\",\"@id\":\"https:\/\/buy-prescriptionz.com\/cs\/produkt\/koupit-actavis-promethazin-sirup-online\/\",\"url\":\"https:\/\/buy-prescriptionz.com\/cs\/produkt\/koupit-actavis-promethazin-sirup-online\/\",\"name\":\"Actavis Promethazine Syrup for Sale - Buy Actavis Promethazine Syrup Online\",\"isPartOf\":{\"@id\":\"https:\/\/buy-prescriptionz.com\/#website\"},\"primaryImageOfPage\":{\"@id\":\"https:\/\/buy-prescriptionz.com\/cs\/produkt\/koupit-actavis-promethazin-sirup-online\/#primaryimage\"},\"image\":{\"@id\":\"https:\/\/buy-prescriptionz.com\/cs\/produkt\/koupit-actavis-promethazin-sirup-online\/#primaryimage\"},\"thumbnailUrl\":\"https:\/\/buy-prescriptionz.com\/wp-content\/uploads\/2025\/09\/actavis-promathazine-syrup.jpg\",\"datePublished\":\"2025-09-16T08:55:53+00:00\",\"dateModified\":\"2025-09-19T13:33:38+00:00\",\"description\":\"You can now get Actavis Promethazine Syrup for sale from our top Chems store. Our staff will assist you to buy Actavis Promethazine Syrup online at the best prices. Order Actavis Promethazine Syrup online today with worldwide shipping!\",\"breadcrumb\":{\"@id\":\"https:\/\/buy-prescriptionz.com\/cs\/produkt\/koupit-actavis-promethazin-sirup-online\/#breadcrumb\"},\"inLanguage\":\"fr-FR\",\"potentialAction\":[{\"@type\":\"ReadAction\",\"target\":[\"https:\/\/buy-prescriptionz.com\/cs\/produkt\/koupit-actavis-promethazin-sirup-online\/\"]}]},{\"@type\":\"ImageObject\",\"inLanguage\":\"fr-FR\",\"@id\":\"https:\/\/buy-prescriptionz.com\/cs\/produkt\/koupit-actavis-promethazin-sirup-online\/#primaryimage\",\"url\":\"https:\/\/buy-prescriptionz.com\/wp-content\/uploads\/2025\/09\/actavis-promathazine-syrup.jpg\",\"contentUrl\":\"https:\/\/buy-prescriptionz.com\/wp-content\/uploads\/2025\/09\/actavis-promathazine-syrup.jpg\",\"width\":400,\"height\":300},{\"@type\":\"BreadcrumbList\",\"@id\":\"https:\/\/buy-prescriptionz.com\/cs\/produkt\/koupit-actavis-promethazin-sirup-online\/#breadcrumb\",\"itemListElement\":[{\"@type\":\"ListItem\",\"position\":1,\"name\":\"Home\",\"item\":\"https:\/\/buy-prescriptionz.com\/\"},{\"@type\":\"ListItem\",\"position\":2,\"name\":\"Shop Painkillers Online\",\"item\":\"https:\/\/buy-prescriptionz.com\/shop-painkillers-online\/\"},{\"@type\":\"ListItem\",\"position\":3,\"name\":\"Buy Actavis Promethazine Syrup Online\"}]},{\"@type\":\"WebSite\",\"@id\":\"https:\/\/buy-prescriptionz.com\/#website\",\"url\":\"https:\/\/buy-prescriptionz.com\/\",\"name\":\"Buy Prescriptionz\",\"description\":\"Drugs Online\",\"publisher\":{\"@id\":\"https:\/\/buy-prescriptionz.com\/#organization\"},\"potentialAction\":[{\"@type\":\"SearchAction\",\"target\":{\"@type\":\"EntryPoint\",\"urlTemplate\":\"https:\/\/buy-prescriptionz.com\/?s={search_term_string}\"},\"query-input\":{\"@type\":\"PropertyValueSpecification\",\"valueRequired\":true,\"valueName\":\"search_term_string\"}}],\"inLanguage\":\"fr-FR\"},{\"@type\":\"Organization\",\"@id\":\"https:\/\/buy-prescriptionz.com\/#organization\",\"name\":\"Buy Prescriptionz\",\"url\":\"https:\/\/buy-prescriptionz.com\/\",\"logo\":{\"@type\":\"ImageObject\",\"inLanguage\":\"fr-FR\",\"@id\":\"https:\/\/buy-prescriptionz.com\/#\/schema\/logo\/image\/\",\"url\":\"https:\/\/buy-prescriptionz.com\/wp-content\/uploads\/2023\/09\/logo.png\",\"contentUrl\":\"https:\/\/buy-prescriptionz.com\/wp-content\/uploads\/2023\/09\/logo.png\",\"width\":350,\"height\":64,\"caption\":\"Buy Prescriptionz\"},\"image\":{\"@id\":\"https:\/\/buy-prescriptionz.com\/#\/schema\/logo\/image\/\"}}]}<\/script>\n<!-- \/ Yoast SEO plugin. -->","yoast_head_json":{"title":"Sirop de prom\u00e9thazine Actavis \u00e0 vendre - Achetez du sirop de prom\u00e9thazine Actavis en ligne","description":"Vous pouvez d\u00e9sormais acheter du sirop de prom\u00e9thazine Actavis dans notre magasin de produits chimiques. Notre \u00e9quipe vous aidera \u00e0 acheter du sirop de prom\u00e9thazine Actavis en ligne au meilleur prix. Commandez votre sirop de prom\u00e9thazine Actavis en ligne d\u00e8s aujourd'hui et b\u00e9n\u00e9ficiez d'une livraison internationale\u00a0!","robots":{"index":"index","follow":"follow","max-snippet":"max-snippet:-1","max-image-preview":"max-image-preview:large","max-video-preview":"max-video-preview:-1"},"canonical":"https:\/\/buy-prescriptionz.com\/fr\/produit\/acheter-actavis-promethazine-sirop-en-ligne\/","og_locale":"fr_FR","og_type":"article","og_title":"Actavis Promethazine Syrup for Sale - Buy Actavis Promethazine Syrup Online","og_description":"You can now get Actavis Promethazine Syrup for sale from our top Chems store. Our staff will assist you to buy Actavis Promethazine Syrup online at the best prices. Order Actavis Promethazine Syrup online today with worldwide shipping!","og_url":"https:\/\/buy-prescriptionz.com\/fr\/produit\/acheter-actavis-promethazine-sirop-en-ligne\/","og_site_name":"Buy Prescriptionz","article_modified_time":"2025-09-19T13:33:38+00:00","og_image":[{"width":400,"height":300,"url":"https:\/\/buy-prescriptionz.com\/wp-content\/uploads\/2025\/09\/actavis-promathazine-syrup.jpg","type":"image\/jpeg"}],"twitter_card":"summary_large_image","twitter_misc":{"Dur\u00e9e de lecture estim\u00e9e":"4 minutes"},"schema":{"@context":"https:\/\/schema.org","@graph":[{"@type":"WebPage","@id":"https:\/\/buy-prescriptionz.com\/cs\/produkt\/koupit-actavis-promethazin-sirup-online\/","url":"https:\/\/buy-prescriptionz.com\/cs\/produkt\/koupit-actavis-promethazin-sirup-online\/","name":"Sirop de prom\u00e9thazine Actavis \u00e0 vendre - Achetez du sirop de prom\u00e9thazine Actavis en ligne","isPartOf":{"@id":"https:\/\/buy-prescriptionz.com\/#website"},"primaryImageOfPage":{"@id":"https:\/\/buy-prescriptionz.com\/cs\/produkt\/koupit-actavis-promethazin-sirup-online\/#primaryimage"},"image":{"@id":"https:\/\/buy-prescriptionz.com\/cs\/produkt\/koupit-actavis-promethazin-sirup-online\/#primaryimage"},"thumbnailUrl":"https:\/\/buy-prescriptionz.com\/wp-content\/uploads\/2025\/09\/actavis-promathazine-syrup.jpg","datePublished":"2025-09-16T08:55:53+00:00","dateModified":"2025-09-19T13:33:38+00:00","description":"Vous pouvez d\u00e9sormais acheter du sirop de prom\u00e9thazine Actavis dans notre magasin de produits chimiques. Notre \u00e9quipe vous aidera \u00e0 acheter du sirop de prom\u00e9thazine Actavis en ligne au meilleur prix. Commandez votre sirop de prom\u00e9thazine Actavis en ligne d\u00e8s aujourd'hui et b\u00e9n\u00e9ficiez d'une livraison internationale\u00a0!","breadcrumb":{"@id":"https:\/\/buy-prescriptionz.com\/cs\/produkt\/koupit-actavis-promethazin-sirup-online\/#breadcrumb"},"inLanguage":"fr-FR","potentialAction":[{"@type":"ReadAction","target":["https:\/\/buy-prescriptionz.com\/cs\/produkt\/koupit-actavis-promethazin-sirup-online\/"]}]},{"@type":"ImageObject","inLanguage":"fr-FR","@id":"https:\/\/buy-prescriptionz.com\/cs\/produkt\/koupit-actavis-promethazin-sirup-online\/#primaryimage","url":"https:\/\/buy-prescriptionz.com\/wp-content\/uploads\/2025\/09\/actavis-promathazine-syrup.jpg","contentUrl":"https:\/\/buy-prescriptionz.com\/wp-content\/uploads\/2025\/09\/actavis-promathazine-syrup.jpg","width":400,"height":300},{"@type":"BreadcrumbList","@id":"https:\/\/buy-prescriptionz.com\/cs\/produkt\/koupit-actavis-promethazin-sirup-online\/#breadcrumb","itemListElement":[{"@type":"ListItem","position":1,"name":"Home","item":"https:\/\/buy-prescriptionz.com\/"},{"@type":"ListItem","position":2,"name":"Shop Painkillers Online","item":"https:\/\/buy-prescriptionz.com\/shop-painkillers-online\/"},{"@type":"ListItem","position":3,"name":"Buy Actavis Promethazine Syrup Online"}]},{"@type":"WebSite","@id":"https:\/\/buy-prescriptionz.com\/#website","url":"https:\/\/buy-prescriptionz.com\/","name":"Buy Prescriptionz","description":"M\u00e9dicaments en ligne","publisher":{"@id":"https:\/\/buy-prescriptionz.com\/#organization"},"potentialAction":[{"@type":"SearchAction","target":{"@type":"EntryPoint","urlTemplate":"https:\/\/buy-prescriptionz.com\/?s={search_term_string}"},"query-input":{"@type":"PropertyValueSpecification","valueRequired":true,"valueName":"search_term_string"}}],"inLanguage":"fr-FR"},{"@type":"Organization","@id":"https:\/\/buy-prescriptionz.com\/#organization","name":"Buy Prescriptionz","url":"https:\/\/buy-prescriptionz.com\/","logo":{"@type":"ImageObject","inLanguage":"fr-FR","@id":"https:\/\/buy-prescriptionz.com\/#\/schema\/logo\/image\/","url":"https:\/\/buy-prescriptionz.com\/wp-content\/uploads\/2023\/09\/logo.png","contentUrl":"https:\/\/buy-prescriptionz.com\/wp-content\/uploads\/2023\/09\/logo.png","width":350,"height":64,"caption":"Buy Prescriptionz"},"image":{"@id":"https:\/\/buy-prescriptionz.com\/#\/schema\/logo\/image\/"}}]}},"_links":{"self":[{"href":"https:\/\/buy-prescriptionz.com\/fr\/wp-json\/wp\/v2\/product\/3001","targetHints":{"allow":["GET"]}}],"collection":[{"href":"https:\/\/buy-prescriptionz.com\/fr\/wp-json\/wp\/v2\/product"}],"about":[{"href":"https:\/\/buy-prescriptionz.com\/fr\/wp-json\/wp\/v2\/types\/product"}],"replies":[{"embeddable":true,"href":"https:\/\/buy-prescriptionz.com\/fr\/wp-json\/wp\/v2\/comments?post=3001"}],"wp:featuredmedia":[{"embeddable":true,"href":"https:\/\/buy-prescriptionz.com\/fr\/wp-json\/wp\/v2\/media\/3031"}],"wp:attachment":[{"href":"https:\/\/buy-prescriptionz.com\/fr\/wp-json\/wp\/v2\/media?parent=3001"}],"wp:term":[{"taxonomy":"product_brand","embeddable":true,"href":"https:\/\/buy-prescriptionz.com\/fr\/wp-json\/wp\/v2\/product_brand?post=3001"},{"taxonomy":"product_cat","embeddable":true,"href":"https:\/\/buy-prescriptionz.com\/fr\/wp-json\/wp\/v2\/product_cat?post=3001"},{"taxonomy":"product_tag","embeddable":true,"href":"https:\/\/buy-prescriptionz.com\/fr\/wp-json\/wp\/v2\/product_tag?post=3001"}],"curies":[{"name":"wp","href":"https:\/\/api.w.org\/{rel}","templated":true}]}}