{"id":3002,"date":"2025-09-16T08:55:53","date_gmt":"2025-09-16T08:55:53","guid":{"rendered":"https:\/\/chemsfine.com\/newsite\/?post_type=product&#038;p=3002"},"modified":"2025-09-26T14:33:40","modified_gmt":"2025-09-26T14:33:40","slug":"morphine","status":"publish","type":"product","link":"https:\/\/buy-prescriptionz.com\/fr\/produit\/morphine\/","title":{"rendered":"Morphine"},"content":{"rendered":"<h2>ACHETER DE LA MORPHINE EN LIGNE<\/h2>\n<p>En ligne, la morphine est utilis\u00e9e pour soulager la douleur mod\u00e9r\u00e9e \u00e0 s\u00e9v\u00e8re. Les g\u00e9lules de morphine ne sont utilis\u00e9es que pour soulager la douleur intense (24 heures sur 24) qui ne peut \u00eatre contr\u00f4l\u00e9e par l'utilisation d'autres analg\u00e9siques. La morphine ne doit pas \u00eatre utilis\u00e9e pour traiter la douleur qui peut \u00eatre contr\u00f4l\u00e9e par des m\u00e9dicaments pris au besoin. La morphine est une classe de m\u00e9dicaments appel\u00e9s analg\u00e9siques opiac\u00e9s.<\/p>\n<h3>CARACT\u00c9RISTIQUES DE LA MORPHINE<\/h3>\n<p>Les comprim\u00e9s de morphine sont indiqu\u00e9s pour le traitement de la douleur suffisamment intense pour n\u00e9cessiter un traitement quotidien, 24 heures sur 24 et \u00e0 long terme. <a href=\"https:\/\/de.wikipedia.org\/w\/index.php?sort=relevance&amp;search=drungs&amp;title=Spezial%3ASuche&amp;profile=advanced&amp;fulltext=1&amp;advancedSearch-current=%7B%7D&amp;ns0=1\">opio\u00efde<\/a> et pour lesquels les options de traitement alternatives sont inad\u00e9quates.<\/p>\n<h3>EFFETS SECONDAIRES<\/h3>\n<p><strong>La morphine peut provoquer des effets secondaires. Si l'un de ces sympt\u00f4mes est grave ou ne dispara\u00eet pas, parlez-en \u00e0 votre m\u00e9decin :<\/strong><br \/>\nDouleurs et crampes d'estomac<br \/>\nSomnolence<br \/>\nS\u00e9cheresse buccale<br \/>\nNervosit\u00e9<br \/>\nMaux de t\u00eate<br \/>\nChangements d'humeur<\/p>\n<h3><strong>Morphine\u00a0: aper\u00e7u et avantages pour une gestion efficace de la douleur (buy-prescriptionz.com)<\/strong><\/h3>\n<p>La morphine, disponible en ligne comme buy-prescriptionz.com, est l'un des m\u00e9dicaments les plus efficaces pour soulager les douleurs intenses. Elle est couramment utilis\u00e9e chez les patients souffrant de douleurs chroniques, postop\u00e9ratoires ou li\u00e9es au cancer. La meilleure morphine est une option tr\u00e8s efficace pour soulager les douleurs intenses.<\/p>\n<p>La morphine offre plusieurs avantages cl\u00e9s :<\/p>\n<ol>\n<li>Soulagement efficace de la douleur : l\u2019hydrocodone est tr\u00e8s efficace pour soulager la douleur mod\u00e9r\u00e9e \u00e0 s\u00e9v\u00e8re, ce qui la rend adapt\u00e9e aux patients qui ont besoin d\u2019une gestion efficace de la douleur.<\/li>\n<li>D\u00e9but d\u2019action rapide : le m\u00e9dicament commence \u00e0 agir rapidement, procurant un soulagement rapide des \u00e9pisodes de douleur aigu\u00eb.<\/li>\n<li>Formules polyvalentes : La morphine est disponible sous diverses formes, notamment orales, injectables et en comprim\u00e9s \u00e0 lib\u00e9ration prolong\u00e9e, permettant une administration flexible adapt\u00e9e aux besoins du patient.<\/li>\n<li>Am\u00e9lioration de la qualit\u00e9 de vie : Pour les personnes souffrant de douleurs chroniques, la morphine peut am\u00e9liorer consid\u00e9rablement le fonctionnement quotidien et la qualit\u00e9 de vie globale en r\u00e9duisant les niveaux de douleur.<\/li>\n<\/ol>\n<p>Cependant, en raison de sa puissance, la morphine doit \u00eatre utilis\u00e9e sous stricte surveillance m\u00e9dicale. Les patients doivent suivre scrupuleusement les instructions de leur professionnel de sant\u00e9 afin de minimiser le risque de d\u00e9pendance et d'autres effets secondaires, tels que la d\u00e9pression respiratoire, la constipation et la somnolence. Procur\u00e9e dans une pharmacie de qualit\u00e9 comme buy-prescriptionz.com et utilis\u00e9e de mani\u00e8re responsable sous surveillance m\u00e9dicale, elle peut \u00eatre tr\u00e8s b\u00e9n\u00e9fique pour les personnes souffrant de douleurs chroniques, am\u00e9liorant leur qualit\u00e9 de vie et leur bien-\u00eatre g\u00e9n\u00e9ral. Consultez toujours un professionnel de sant\u00e9 pour garantir une utilisation s\u00fbre et appropri\u00e9e de la morphine.<\/p>\n<h3>PR\u00c9CAUTIONS \u00c0 PRENDRE AVEC LA MORPHINE<\/h3>\n<p>La morphine se pr\u00e9sente sous forme de solution, de comprim\u00e9 \u00e0 lib\u00e9ration prolong\u00e9e et de g\u00e9lule \u00e0 lib\u00e9ration prolong\u00e9e (\u00e0 action prolong\u00e9e) \u00e0 prendre par voie orale. La solution orale est g\u00e9n\u00e9ralement prise toutes les 4 heures en cas de douleur. Certaines marques sont des comprim\u00e9s \u00e0 lib\u00e9ration prolong\u00e9e qui sont g\u00e9n\u00e9ralement pris toutes les 8 ou 12 heures. Suivez attentivement les instructions figurant sur l'\u00e9tiquette de la prescription m\u00e9dicale et demandez \u00e0 votre m\u00e9decin de vous expliquer toute partie que vous ne comprenez pas.<br \/>\nAssurez-vous de savoir combien de millilitres de liquide vous devez prendre. Demandez \u00e0 votre m\u00e9decin si vous avez des questions sur la dose de ce m\u00e9dicament que vous devez prendre ou sur la fa\u00e7on d'utiliser le gobelet doseur ou la seringue.<br \/>\nSi vous prenez des g\u00e9lules \u00e0 lib\u00e9ration prolong\u00e9e de marque et que vous avez une sonde de gastrostomie (sonde d'alimentation ins\u00e9r\u00e9e chirurgicalement), demandez \u00e0 votre m\u00e9decin ou \u00e0 votre pharmacien comment administrer le m\u00e9dicament par la sonde.<\/p>\n<h3>DOSE OUBLI\u00c9E<\/h3>\n<p>Si vous prenez de la morphine, votre m\u00e9decin vous dira probablement de prendre le m\u00e9dicament selon vos besoins.<br \/>\nSi on vous a dit de prendre des doses r\u00e9guli\u00e8res du produit \u00e0 lib\u00e9ration prolong\u00e9e, prenez la dose oubli\u00e9e d\u00e8s que vous vous en souvenez, et ne prenez pas la dose suivante \u00e0 l'heure habituelle. Laissez plut\u00f4t s'\u00e9couler le m\u00eame temps que celui que vous laissez habituellement s'\u00e9couler entre les doses avant de prendre la prochaine dose. Si vous vous rappelez qu'il est presque l'heure de la dose suivante, sautez la dose oubli\u00e9e et continuez \u00e0 prendre votre dose habituelle. Ne prenez pas deux doses pour une dose oubli\u00e9e.<\/p>\n<h3>SURDOSAGE<\/h3>\n<p><strong>Les sympt\u00f4mes d'un surdosage peuvent \u00eatre les suivants :<\/strong><\/p>\n<p>une respiration lente, superficielle ou irr\u00e9guli\u00e8re<br \/>\nsomnolence<br \/>\nperte de conscience<br \/>\nmuscles mous<br \/>\npeau froide et moite<br \/>\npetits \u00e9l\u00e8ves<br \/>\nrythme cardiaque lent<br \/>\nune vision floue<br \/>\nnaus\u00e9es<br \/>\n\u00e9vanouissement<\/p>\n<h3>STOCKAGE DE LA MORPHINE<\/h3>\n<p>Il est important de garder ce m\u00e9dicament hors de la vue et de la port\u00e9e des enfants et de le conserver \u00e0 temp\u00e9rature ambiante.Pour prot\u00e9ger les enfants d'un empoisonnement, verrouillez les bouchons de s\u00e9curit\u00e9 et placez le m\u00e9dicament dans un endroit s\u00fbr.<\/p>\n<h3>O\u00d9 ACHETER LA MEILLEURE MORPHINE EN LIGNE ?<\/h3>\n<p>Achetez de la morphine \u00e0 votre porte avec des \u00e9tapes simples et faciles de buprescriptionz en ligne avec dans le meilleur prix et obtenir le soulagement de la douleur.<\/p>","protected":false},"excerpt":{"rendered":"<p>BUY MORPHINE ONLINE Buy Morphine Online, Morphine is used for relief moderate to severe pain. Morphine capsules are only used to relieve severe (around-the-clock) pain that cannot be controlled by the use of other pain medications. Morphine should not be used to treat pain that can be controlled by medication that is taken as needed. [&hellip;]<\/p>","protected":false},"featured_media":3032,"comment_status":"open","ping_status":"closed","template":"","meta":{"site-sidebar-layout":"default","site-content-layout":"","ast-site-content-layout":"default","site-content-style":"default","site-sidebar-style":"default","ast-global-header-display":"","ast-banner-title-visibility":"","ast-main-header-display":"","ast-hfb-above-header-display":"","ast-hfb-below-header-display":"","ast-hfb-mobile-header-display":"","site-post-title":"","ast-breadcrumbs-content":"","ast-featured-img":"","footer-sml-layout":"","theme-transparent-header-meta":"default","adv-header-id-meta":"","stick-header-meta":"","header-above-stick-meta":"","header-main-stick-meta":"","header-below-stick-meta":"","astra-migrate-meta-layouts":"set","ast-page-background-enabled":"default","ast-page-background-meta":{"desktop":{"background-color":"var(--ast-global-color-4)","background-image":"","background-repeat":"repeat","background-position":"center center","background-size":"auto","background-attachment":"scroll","background-type":"","background-media":"","overlay-type":"","overlay-color":"","overlay-opacity":"","overlay-gradient":""},"tablet":{"background-color":"","background-image":"","background-repeat":"repeat","background-position":"center center","background-size":"auto","background-attachment":"scroll","background-type":"","background-media":"","overlay-type":"","overlay-color":"","overlay-opacity":"","overlay-gradient":""},"mobile":{"background-color":"","background-image":"","background-repeat":"repeat","background-position":"center center","background-size":"auto","background-attachment":"scroll","background-type":"","background-media":"","overlay-type":"","overlay-color":"","overlay-opacity":"","overlay-gradient":""}},"ast-content-background-meta":{"desktop":{"background-color":"var(--ast-global-color-5)","background-image":"","background-repeat":"repeat","background-position":"center center","background-size":"auto","background-attachment":"scroll","background-type":"","background-media":"","overlay-type":"","overlay-color":"","overlay-opacity":"","overlay-gradient":""},"tablet":{"background-color":"var(--ast-global-color-5)","background-image":"","background-repeat":"repeat","background-position":"center center","background-size":"auto","background-attachment":"scroll","background-type":"","background-media":"","overlay-type":"","overlay-color":"","overlay-opacity":"","overlay-gradient":""},"mobile":{"background-color":"var(--ast-global-color-5)","background-image":"","background-repeat":"repeat","background-position":"center center","background-size":"auto","background-attachment":"scroll","background-type":"","background-media":"","overlay-type":"","overlay-color":"","overlay-opacity":"","overlay-gradient":""}}},"product_brand":[],"product_cat":[2382],"product_tag":[2175,2177,2176,2178,2180,2179,2181],"class_list":{"0":"post-3002","1":"product","2":"type-product","3":"status-publish","4":"has-post-thumbnail","6":"product_cat-buy-opioids-online","7":"product_tag-best-of-morphine","8":"product_tag-buy-morphine-30mg-online","9":"product_tag-buy-morphine-online","10":"product_tag-buy-morphine-online-without-prescription","11":"product_tag-buy-pain-relief-tablets","12":"product_tag-morphine","13":"product_tag-morphine-sulfate","14":"desktop-align-center","15":"tablet-align-left","16":"mobile-align-left","18":"first","19":"instock","20":"shipping-taxable","21":"purchasable","22":"product-type-variable","23":"has-default-attributes"},"yoast_head":"<!-- This site is optimized with the Yoast SEO plugin v25.9 - https:\/\/yoast.com\/wordpress\/plugins\/seo\/ -->\n<title>Buy Morphine Online - Buy Pain Relief Tablets &amp; Treatments Online AU<\/title>\n<meta name=\"description\" content=\"Buy Morphine Online is an online pharmacy store where you can Morphine at best price without doctor&#039;s prescription. Morphine\" \/>\n<meta name=\"robots\" content=\"index, follow, max-snippet:-1, max-image-preview:large, max-video-preview:-1\" \/>\n<link rel=\"canonical\" href=\"https:\/\/buy-prescriptionz.com\/fr\/produit\/morphine\/\" \/>\n<meta property=\"og:locale\" content=\"fr_FR\" \/>\n<meta property=\"og:type\" content=\"article\" \/>\n<meta property=\"og:title\" content=\"Buy Morphine Online - Buy Pain Relief Tablets &amp; Treatments Online AU\" \/>\n<meta property=\"og:description\" content=\"Buy Morphine Online is an online pharmacy store where you can Morphine at best price without doctor&#039;s prescription. Morphine\" \/>\n<meta property=\"og:url\" content=\"https:\/\/buy-prescriptionz.com\/fr\/produit\/morphine\/\" \/>\n<meta property=\"og:site_name\" content=\"Buy Prescriptionz\" \/>\n<meta property=\"article:modified_time\" content=\"2025-09-26T14:33:40+00:00\" \/>\n<meta property=\"og:image\" content=\"https:\/\/buy-prescriptionz.com\/wp-content\/uploads\/2025\/09\/morphine.jpg\" \/>\n\t<meta property=\"og:image:width\" content=\"400\" \/>\n\t<meta property=\"og:image:height\" content=\"300\" \/>\n\t<meta property=\"og:image:type\" content=\"image\/jpeg\" \/>\n<meta name=\"twitter:card\" content=\"summary_large_image\" \/>\n<meta name=\"twitter:label1\" content=\"Dur\u00e9e de lecture estim\u00e9e\" \/>\n\t<meta name=\"twitter:data1\" content=\"4 minutes\" \/>\n<script type=\"application\/ld+json\" class=\"yoast-schema-graph\">{\"@context\":\"https:\/\/schema.org\",\"@graph\":[{\"@type\":\"WebPage\",\"@id\":\"https:\/\/buy-prescriptionz.com\/product\/morphine\/\",\"url\":\"https:\/\/buy-prescriptionz.com\/product\/morphine\/\",\"name\":\"Buy Morphine Online - Buy Pain Relief Tablets & Treatments Online AU\",\"isPartOf\":{\"@id\":\"https:\/\/buy-prescriptionz.com\/#website\"},\"primaryImageOfPage\":{\"@id\":\"https:\/\/buy-prescriptionz.com\/product\/morphine\/#primaryimage\"},\"image\":{\"@id\":\"https:\/\/buy-prescriptionz.com\/product\/morphine\/#primaryimage\"},\"thumbnailUrl\":\"https:\/\/buy-prescriptionz.com\/wp-content\/uploads\/2025\/09\/morphine.jpg\",\"datePublished\":\"2025-09-16T08:55:53+00:00\",\"dateModified\":\"2025-09-26T14:33:40+00:00\",\"description\":\"Buy Morphine Online is an online pharmacy store where you can Morphine at best price without doctor's prescription. Morphine\",\"breadcrumb\":{\"@id\":\"https:\/\/buy-prescriptionz.com\/product\/morphine\/#breadcrumb\"},\"inLanguage\":\"fr-FR\",\"potentialAction\":[{\"@type\":\"ReadAction\",\"target\":[\"https:\/\/buy-prescriptionz.com\/product\/morphine\/\"]}]},{\"@type\":\"ImageObject\",\"inLanguage\":\"fr-FR\",\"@id\":\"https:\/\/buy-prescriptionz.com\/product\/morphine\/#primaryimage\",\"url\":\"https:\/\/buy-prescriptionz.com\/wp-content\/uploads\/2025\/09\/morphine.jpg\",\"contentUrl\":\"https:\/\/buy-prescriptionz.com\/wp-content\/uploads\/2025\/09\/morphine.jpg\",\"width\":400,\"height\":300},{\"@type\":\"BreadcrumbList\",\"@id\":\"https:\/\/buy-prescriptionz.com\/product\/morphine\/#breadcrumb\",\"itemListElement\":[{\"@type\":\"ListItem\",\"position\":1,\"name\":\"Home\",\"item\":\"https:\/\/buy-prescriptionz.com\/\"},{\"@type\":\"ListItem\",\"position\":2,\"name\":\"Shop Painkillers Online\",\"item\":\"https:\/\/buy-prescriptionz.com\/shop-painkillers-online\/\"},{\"@type\":\"ListItem\",\"position\":3,\"name\":\"Morphine\"}]},{\"@type\":\"WebSite\",\"@id\":\"https:\/\/buy-prescriptionz.com\/#website\",\"url\":\"https:\/\/buy-prescriptionz.com\/\",\"name\":\"Buy Prescriptionz\",\"description\":\"Drugs Online\",\"publisher\":{\"@id\":\"https:\/\/buy-prescriptionz.com\/#organization\"},\"potentialAction\":[{\"@type\":\"SearchAction\",\"target\":{\"@type\":\"EntryPoint\",\"urlTemplate\":\"https:\/\/buy-prescriptionz.com\/?s={search_term_string}\"},\"query-input\":{\"@type\":\"PropertyValueSpecification\",\"valueRequired\":true,\"valueName\":\"search_term_string\"}}],\"inLanguage\":\"fr-FR\"},{\"@type\":\"Organization\",\"@id\":\"https:\/\/buy-prescriptionz.com\/#organization\",\"name\":\"Buy Prescriptionz\",\"url\":\"https:\/\/buy-prescriptionz.com\/\",\"logo\":{\"@type\":\"ImageObject\",\"inLanguage\":\"fr-FR\",\"@id\":\"https:\/\/buy-prescriptionz.com\/#\/schema\/logo\/image\/\",\"url\":\"https:\/\/buy-prescriptionz.com\/wp-content\/uploads\/2023\/09\/logo.png\",\"contentUrl\":\"https:\/\/buy-prescriptionz.com\/wp-content\/uploads\/2023\/09\/logo.png\",\"width\":350,\"height\":64,\"caption\":\"Buy Prescriptionz\"},\"image\":{\"@id\":\"https:\/\/buy-prescriptionz.com\/#\/schema\/logo\/image\/\"}}]}<\/script>\n<!-- \/ Yoast SEO plugin. -->","yoast_head_json":{"title":"Acheter de la morphine en ligne - Acheter des comprim\u00e9s et traitements antidouleur en ligne AU","description":"Buy Morphine Online est une pharmacie en ligne o\u00f9 vous pouvez acheter de la morphine au meilleur prix sans ordonnance m\u00e9dicale. Morphine","robots":{"index":"index","follow":"follow","max-snippet":"max-snippet:-1","max-image-preview":"max-image-preview:large","max-video-preview":"max-video-preview:-1"},"canonical":"https:\/\/buy-prescriptionz.com\/fr\/produit\/morphine\/","og_locale":"fr_FR","og_type":"article","og_title":"Buy Morphine Online - Buy Pain Relief Tablets & Treatments Online AU","og_description":"Buy Morphine Online is an online pharmacy store where you can Morphine at best price without doctor's prescription. Morphine","og_url":"https:\/\/buy-prescriptionz.com\/fr\/produit\/morphine\/","og_site_name":"Buy Prescriptionz","article_modified_time":"2025-09-26T14:33:40+00:00","og_image":[{"width":400,"height":300,"url":"https:\/\/buy-prescriptionz.com\/wp-content\/uploads\/2025\/09\/morphine.jpg","type":"image\/jpeg"}],"twitter_card":"summary_large_image","twitter_misc":{"Dur\u00e9e de lecture estim\u00e9e":"4 minutes"},"schema":{"@context":"https:\/\/schema.org","@graph":[{"@type":"WebPage","@id":"https:\/\/buy-prescriptionz.com\/product\/morphine\/","url":"https:\/\/buy-prescriptionz.com\/product\/morphine\/","name":"Acheter de la morphine en ligne - Acheter des comprim\u00e9s et traitements antidouleur en ligne AU","isPartOf":{"@id":"https:\/\/buy-prescriptionz.com\/#website"},"primaryImageOfPage":{"@id":"https:\/\/buy-prescriptionz.com\/product\/morphine\/#primaryimage"},"image":{"@id":"https:\/\/buy-prescriptionz.com\/product\/morphine\/#primaryimage"},"thumbnailUrl":"https:\/\/buy-prescriptionz.com\/wp-content\/uploads\/2025\/09\/morphine.jpg","datePublished":"2025-09-16T08:55:53+00:00","dateModified":"2025-09-26T14:33:40+00:00","description":"Buy Morphine Online est une pharmacie en ligne o\u00f9 vous pouvez acheter de la morphine au meilleur prix sans ordonnance m\u00e9dicale. Morphine","breadcrumb":{"@id":"https:\/\/buy-prescriptionz.com\/product\/morphine\/#breadcrumb"},"inLanguage":"fr-FR","potentialAction":[{"@type":"ReadAction","target":["https:\/\/buy-prescriptionz.com\/product\/morphine\/"]}]},{"@type":"ImageObject","inLanguage":"fr-FR","@id":"https:\/\/buy-prescriptionz.com\/product\/morphine\/#primaryimage","url":"https:\/\/buy-prescriptionz.com\/wp-content\/uploads\/2025\/09\/morphine.jpg","contentUrl":"https:\/\/buy-prescriptionz.com\/wp-content\/uploads\/2025\/09\/morphine.jpg","width":400,"height":300},{"@type":"BreadcrumbList","@id":"https:\/\/buy-prescriptionz.com\/product\/morphine\/#breadcrumb","itemListElement":[{"@type":"ListItem","position":1,"name":"Home","item":"https:\/\/buy-prescriptionz.com\/"},{"@type":"ListItem","position":2,"name":"Shop Painkillers Online","item":"https:\/\/buy-prescriptionz.com\/shop-painkillers-online\/"},{"@type":"ListItem","position":3,"name":"Morphine"}]},{"@type":"WebSite","@id":"https:\/\/buy-prescriptionz.com\/#website","url":"https:\/\/buy-prescriptionz.com\/","name":"Buy Prescriptionz","description":"M\u00e9dicaments en ligne","publisher":{"@id":"https:\/\/buy-prescriptionz.com\/#organization"},"potentialAction":[{"@type":"SearchAction","target":{"@type":"EntryPoint","urlTemplate":"https:\/\/buy-prescriptionz.com\/?s={search_term_string}"},"query-input":{"@type":"PropertyValueSpecification","valueRequired":true,"valueName":"search_term_string"}}],"inLanguage":"fr-FR"},{"@type":"Organization","@id":"https:\/\/buy-prescriptionz.com\/#organization","name":"Buy Prescriptionz","url":"https:\/\/buy-prescriptionz.com\/","logo":{"@type":"ImageObject","inLanguage":"fr-FR","@id":"https:\/\/buy-prescriptionz.com\/#\/schema\/logo\/image\/","url":"https:\/\/buy-prescriptionz.com\/wp-content\/uploads\/2023\/09\/logo.png","contentUrl":"https:\/\/buy-prescriptionz.com\/wp-content\/uploads\/2023\/09\/logo.png","width":350,"height":64,"caption":"Buy Prescriptionz"},"image":{"@id":"https:\/\/buy-prescriptionz.com\/#\/schema\/logo\/image\/"}}]}},"_links":{"self":[{"href":"https:\/\/buy-prescriptionz.com\/fr\/wp-json\/wp\/v2\/product\/3002","targetHints":{"allow":["GET"]}}],"collection":[{"href":"https:\/\/buy-prescriptionz.com\/fr\/wp-json\/wp\/v2\/product"}],"about":[{"href":"https:\/\/buy-prescriptionz.com\/fr\/wp-json\/wp\/v2\/types\/product"}],"replies":[{"embeddable":true,"href":"https:\/\/buy-prescriptionz.com\/fr\/wp-json\/wp\/v2\/comments?post=3002"}],"wp:featuredmedia":[{"embeddable":true,"href":"https:\/\/buy-prescriptionz.com\/fr\/wp-json\/wp\/v2\/media\/3032"}],"wp:attachment":[{"href":"https:\/\/buy-prescriptionz.com\/fr\/wp-json\/wp\/v2\/media?parent=3002"}],"wp:term":[{"taxonomy":"product_brand","embeddable":true,"href":"https:\/\/buy-prescriptionz.com\/fr\/wp-json\/wp\/v2\/product_brand?post=3002"},{"taxonomy":"product_cat","embeddable":true,"href":"https:\/\/buy-prescriptionz.com\/fr\/wp-json\/wp\/v2\/product_cat?post=3002"},{"taxonomy":"product_tag","embeddable":true,"href":"https:\/\/buy-prescriptionz.com\/fr\/wp-json\/wp\/v2\/product_tag?post=3002"}],"curies":[{"name":"wp","href":"https:\/\/api.w.org\/{rel}","templated":true}]}}