{"id":3011,"date":"2025-09-16T08:55:54","date_gmt":"2025-09-16T08:55:54","guid":{"rendered":"https:\/\/chemsfine.com\/newsite\/?post_type=product&#038;p=3011"},"modified":"2025-09-26T17:49:58","modified_gmt":"2025-09-26T17:49:58","slug":"acheter-winstrol-en-ligne","status":"publish","type":"product","link":"https:\/\/buy-prescriptionz.com\/fr\/produit\/acheter-winstrol-en-ligne\/","title":{"rendered":"Acheter du Winstrol en ligne"},"content":{"rendered":"<h2>Acheter du Winstrol en ligne<\/h2>\n<p>Le stanozolol, ou Winstrol, est un androg\u00e8ne et un st\u00e9ro\u00efde anabolisant (SAA) sur ordonnance, d\u00e9riv\u00e9 de la dihydrotestost\u00e9rone. Il a \u00e9t\u00e9 cr\u00e9\u00e9 par l'entreprise pharmaceutique am\u00e9ricaine Winthrop Laboratories (Sterling Drug) en 1962 et est en circulation depuis. Vous pouvez acheter du Winstrol en ligne sur buy-prescriptionz.com avec un service de livraison rapide et s\u00e9curis\u00e9.<\/p>\n<h3>Achetez du Winstrol pour usage animal et humain sous forme orale ou injectable<\/h3>\n<p>Le stanozolol, ou Winstrol en ligne, est destin\u00e9 au traitement des probl\u00e8mes veineux. Il agit sur la fibrinolyse sanguine et est indiqu\u00e9 pour le traitement des modifications cutan\u00e9es li\u00e9es aux maladies veineuses, comme la lipodermatoscl\u00e9rose. Achetez du Winstrol sans ordonnance pour les courses hippiques et les usages r\u00e9cr\u00e9atifs. Winstrol est disponible sur buy-prescriptionz.com pour le d\u00e9ficit androg\u00e9nique. Des \u00e9tudes pr\u00e9liminaires ont constat\u00e9 une am\u00e9lioration de la lipodermatoscl\u00e9rose, une diminution de l'\u00e9paisseur de la peau et potentiellement des taux de gu\u00e9rison des ulc\u00e8res avec le stanozolol. Nous traiterons votre commande avec notre service de livraison rapide et s\u00e9curis\u00e9. Le stanozolol pr\u00e9sente une biodisponibilit\u00e9 orale \u00e9lev\u00e9e gr\u00e2ce \u00e0 son m\u00e9lange d'alkyles en C17\u03b1 et \u00e0 la protection qu'il procure contre la digestion gastro-intestinale et h\u00e9patique. Vous ne savez pas comment acheter du Winstrol en ligne sur buy-prescriptionz.com\u00a0? Essayez notre service de chat en ligne pour toute question.<\/p>\n<h3>Achetez Winstrol sans m\u00e9decin ni autre prescription<\/h3>\n<p>Commandez du Winstrol en ligne pour une utilisation h\u00e9patique sous forme de glucuronoconjugu\u00e9s et de sulfates. Sa biodisponibilit\u00e9 est estim\u00e9e \u00e0 9 heures par voie orale et \u00e0 24 heures par injection sous forme de suspension aqueuse. Comme les autres AAS injectables, le stanozolol n'est pas est\u00e9rifi\u00e9 et est vendu sous forme de suspension aqueuse ou de comprim\u00e9s. Sa biodisponibilit\u00e9 orale est \u00e9lev\u00e9e gr\u00e2ce \u00e0 une alkylation en C17\u03b1 qui permet \u00e0 l'hormone de persister dans la digestion h\u00e9patique apr\u00e8s ingestion.<\/p>\n<h3>Achetez Winstrol \u00e0 bas prix<\/h3>\n<p>Le stanozolol est un antid\u00e9presseur aliphatique (AAS) utilis\u00e9 pour am\u00e9liorer les performances. Son utilisation est interdite lors des comp\u00e9titions parrain\u00e9es par l'Association internationale des f\u00e9d\u00e9rations d'athl\u00e9tisme (IAAF) et d'autres organismes sportifs. Cependant, vous pouvez acheter du Winstrol en ligne sur buy-prescriptionz.com.<\/p>\n<p><strong>D\u00e9couvrir Winstrol (Stanozolol)\u00a0: avantages, risques et disponibilit\u00e9 en ligne<\/strong><\/p>\n<p>Le Winstrol, \u00e9galement connu sous son nom g\u00e9n\u00e9rique de Stanozolol, est un st\u00e9ro\u00efde anabolisant largement utilis\u00e9 en m\u00e9decine et en sport. Initialement d\u00e9velopp\u00e9 pour traiter des affections comme l'angio-\u0153d\u00e8me et l'an\u00e9mie, il a gagn\u00e9 en popularit\u00e9 dans le sport gr\u00e2ce \u00e0 sa capacit\u00e9 \u00e0 am\u00e9liorer les performances physiques et la croissance musculaire. Le Winstrol est disponible sous forme orale et injectable, chacune ayant ses propres caract\u00e9ristiques et modes d'administration.<\/p>\n<h3>Avantages du Winstrol<\/h3>\n<ol>\n<li>Croissance musculaire\u00a0: Winstrol favorise la croissance musculaire en augmentant la synth\u00e8se prot\u00e9ique et la r\u00e9tention d'azote dans les muscles. Cela aide les athl\u00e8tes et les culturistes \u00e0 obtenir une silhouette plus d\u00e9finie et muscl\u00e9e.<\/li>\n<li>Force am\u00e9lior\u00e9e : Il am\u00e9liore la force et l'endurance, ce qui le rend pr\u00e9cieux pour les athl\u00e8tes qui cherchent \u00e0 am\u00e9liorer leurs performances pendant les entra\u00eenements et les comp\u00e9titions.<\/li>\n<li>Perte de graisse : Winstrol aide \u00e0 br\u00fbler les graisses tout en pr\u00e9servant la masse musculaire maigre, ce qui est b\u00e9n\u00e9fique pour obtenir une composition corporelle plus mince et plus sculpt\u00e9e.<\/li>\n<li>Vascularisation am\u00e9lior\u00e9e : Il am\u00e9liore la vascularisation en r\u00e9duisant la r\u00e9tention d\u2019eau et en favorisant une apparence s\u00e8che et vasculaire.<\/li>\n<li>Utilisations m\u00e9dicales : Dans les milieux m\u00e9dicaux, Winstrol est utilis\u00e9 pour traiter des affections telles que l\u2019\u0153d\u00e8me de Quincke h\u00e9r\u00e9ditaire et pour favoriser la gu\u00e9rison des br\u00fblures graves.<\/li>\n<\/ol>\n<h3>Effets secondaires du Winstrol<\/h3>\n<p>Bien que le meilleur Winstrol offre plusieurs avantages, il comporte \u00e9galement des effets secondaires potentiels, en particulier lorsqu'il est utilis\u00e9 de mani\u00e8re incorrecte ou \u00e0 fortes doses :<\/p>\n<ol>\n<li>Toxicit\u00e9 h\u00e9patique\u00a0: Le Winstrol peut \u00eatre h\u00e9patotoxique, ce qui signifie qu'il peut endommager le foie. Ce risque est plus \u00e9lev\u00e9 avec les formes orales qu'avec les formes injectables.<\/li>\n<li>Probl\u00e8mes cardiovasculaires : Cela peut avoir un impact n\u00e9gatif sur le taux de cholest\u00e9rol, augmentant le risque de probl\u00e8mes cardiovasculaires tels que les maladies cardiaques et les accidents vasculaires c\u00e9r\u00e9braux.<\/li>\n<li>Effets androg\u00e8nes : Winstrol peut provoquer des effets secondaires androg\u00e8nes tels que l\u2019acn\u00e9, la perte de cheveux et l\u2019approfondissement de la voix chez les femmes.<\/li>\n<li>D\u00e9s\u00e9quilibre hormonal : l\u2019utilisation prolong\u00e9e de Winstrol peut perturber la production naturelle d\u2019hormones, entra\u00eenant des probl\u00e8mes tels que l\u2019infertilit\u00e9 et les sautes d\u2019humeur.<\/li>\n<li>Virilisation (chez les femmes) : les utilisatrices peuvent ressentir des effets masculinisants tels qu'une croissance des poils du visage et des irr\u00e9gularit\u00e9s menstruelles.<\/li>\n<\/ol>\n<p>Pour un achat de Winstrol s\u00fbr et pratique, rendez-vous sur buy-prescriptionz.com, la meilleure pharmacie en ligne. Cette plateforme en ligne fiable propose des produits authentiques, une livraison discr\u00e8te et des prix comp\u00e9titifs. Il est essentiel d'utiliser Winstrol de mani\u00e8re responsable et sous surveillance m\u00e9dicale afin de limiter les effets secondaires potentiels et d'optimiser ses bienfaits en toute s\u00e9curit\u00e9. Consultez un professionnel de sant\u00e9 avant de commencer tout nouveau compl\u00e9ment ou traitement m\u00e9dicamenteux afin de vous assurer qu'il est adapt\u00e9 \u00e0 vos objectifs de sant\u00e9 et de forme physique.<\/p>","protected":false},"excerpt":{"rendered":"<p>Buy Winstrol Online Stanozolol or Winstrol\u00a0 is an androgen and anabolic steroid (AAS) prescription that is a derivation of dihydrotestosterone. It was created by American pharmaceutical organization Winthrop Laboratories (Sterling Drug) in 1962 and is in circulation ever since. You can buy Winstrol online at buy-prescriptionz.com with fast and secure shipping service. Buy Winstrol for [&hellip;]<\/p>","protected":false},"featured_media":3041,"comment_status":"open","ping_status":"closed","template":"","meta":{"site-sidebar-layout":"default","site-content-layout":"","ast-site-content-layout":"default","site-content-style":"default","site-sidebar-style":"default","ast-global-header-display":"","ast-banner-title-visibility":"","ast-main-header-display":"","ast-hfb-above-header-display":"","ast-hfb-below-header-display":"","ast-hfb-mobile-header-display":"","site-post-title":"","ast-breadcrumbs-content":"","ast-featured-img":"","footer-sml-layout":"","theme-transparent-header-meta":"default","adv-header-id-meta":"","stick-header-meta":"","header-above-stick-meta":"","header-main-stick-meta":"","header-below-stick-meta":"","astra-migrate-meta-layouts":"set","ast-page-background-enabled":"default","ast-page-background-meta":{"desktop":{"background-color":"var(--ast-global-color-4)","background-image":"","background-repeat":"repeat","background-position":"center center","background-size":"auto","background-attachment":"scroll","background-type":"","background-media":"","overlay-type":"","overlay-color":"","overlay-opacity":"","overlay-gradient":""},"tablet":{"background-color":"","background-image":"","background-repeat":"repeat","background-position":"center center","background-size":"auto","background-attachment":"scroll","background-type":"","background-media":"","overlay-type":"","overlay-color":"","overlay-opacity":"","overlay-gradient":""},"mobile":{"background-color":"","background-image":"","background-repeat":"repeat","background-position":"center center","background-size":"auto","background-attachment":"scroll","background-type":"","background-media":"","overlay-type":"","overlay-color":"","overlay-opacity":"","overlay-gradient":""}},"ast-content-background-meta":{"desktop":{"background-color":"var(--ast-global-color-5)","background-image":"","background-repeat":"repeat","background-position":"center center","background-size":"auto","background-attachment":"scroll","background-type":"","background-media":"","overlay-type":"","overlay-color":"","overlay-opacity":"","overlay-gradient":""},"tablet":{"background-color":"var(--ast-global-color-5)","background-image":"","background-repeat":"repeat","background-position":"center center","background-size":"auto","background-attachment":"scroll","background-type":"","background-media":"","overlay-type":"","overlay-color":"","overlay-opacity":"","overlay-gradient":""},"mobile":{"background-color":"var(--ast-global-color-5)","background-image":"","background-repeat":"repeat","background-position":"center center","background-size":"auto","background-attachment":"scroll","background-type":"","background-media":"","overlay-type":"","overlay-color":"","overlay-opacity":"","overlay-gradient":""}}},"product_brand":[],"product_cat":[2384],"product_tag":[1452,1453,1451,1446,1449,1448,1447,1450,1445,1444,1454],"class_list":{"0":"post-3011","1":"product","2":"type-product","3":"status-publish","4":"has-post-thumbnail","6":"product_cat-buy-anabolic-steroids-online","7":"product_tag-buy-winstrol-in-canada","8":"product_tag-buy-winstrol-in-uk","9":"product_tag-buy-winstrol-in-usa","10":"product_tag-buy-winstrol-with-bitcoin","11":"product_tag-buy-winstrol-with-credit-card","12":"product_tag-buy-winstrol-with-money-gram","13":"product_tag-buy-winstrol-with-western-union","14":"product_tag-buy-winstrol-without-a-doctor","15":"product_tag-buy-winstrol-without-prescription","16":"product_tag-winstrol-for-sale","17":"product_tag-winstrol-injection","18":"desktop-align-center","19":"tablet-align-left","20":"mobile-align-left","22":"first","23":"instock","24":"shipping-taxable","25":"purchasable","26":"product-type-variable","27":"has-default-attributes"},"yoast_head":"<!-- This site is optimized with the Yoast SEO plugin v25.9 - https:\/\/yoast.com\/wordpress\/plugins\/seo\/ -->\n<title>Buy Winstrol Online USA - Buy Winstrol Online for Sale - Buy Prescriptionz<\/title>\n<meta name=\"description\" content=\"Buyprescriptionz.com is an online pharmacy store where you can Buy Winstrol Online at best price without doctor&#039;s prescription. Buy Winstrol Online Now with Free &amp; Secure Shipping!\" \/>\n<meta name=\"robots\" content=\"index, follow, max-snippet:-1, max-image-preview:large, max-video-preview:-1\" \/>\n<link rel=\"canonical\" href=\"https:\/\/buy-prescriptionz.com\/fr\/produit\/acheter-winstrol-en-ligne\/\" \/>\n<meta property=\"og:locale\" content=\"fr_FR\" \/>\n<meta property=\"og:type\" content=\"article\" \/>\n<meta property=\"og:title\" content=\"Buy Winstrol Online USA - Buy Winstrol Online for Sale - Buy Prescriptionz\" \/>\n<meta property=\"og:description\" content=\"Buyprescriptionz.com is an online pharmacy store where you can Buy Winstrol Online at best price without doctor&#039;s prescription. Buy Winstrol Online Now with Free &amp; Secure Shipping!\" \/>\n<meta property=\"og:url\" content=\"https:\/\/buy-prescriptionz.com\/fr\/produit\/acheter-winstrol-en-ligne\/\" \/>\n<meta property=\"og:site_name\" content=\"Buy Prescriptionz\" \/>\n<meta property=\"article:modified_time\" content=\"2025-09-26T17:49:58+00:00\" \/>\n<meta property=\"og:image\" content=\"https:\/\/buy-prescriptionz.com\/wp-content\/uploads\/2025\/09\/winstrol.jpg\" \/>\n\t<meta property=\"og:image:width\" content=\"400\" \/>\n\t<meta property=\"og:image:height\" content=\"300\" \/>\n\t<meta property=\"og:image:type\" content=\"image\/jpeg\" \/>\n<meta name=\"twitter:card\" content=\"summary_large_image\" \/>\n<meta name=\"twitter:label1\" content=\"Dur\u00e9e de lecture estim\u00e9e\" \/>\n\t<meta name=\"twitter:data1\" content=\"4 minutes\" \/>\n<script type=\"application\/ld+json\" class=\"yoast-schema-graph\">{\"@context\":\"https:\/\/schema.org\",\"@graph\":[{\"@type\":\"WebPage\",\"@id\":\"https:\/\/buy-prescriptionz.com\/product\/buy-winstrol-online\/\",\"url\":\"https:\/\/buy-prescriptionz.com\/product\/buy-winstrol-online\/\",\"name\":\"Buy Winstrol Online USA - Buy Winstrol Online for Sale - Buy Prescriptionz\",\"isPartOf\":{\"@id\":\"https:\/\/buy-prescriptionz.com\/#website\"},\"primaryImageOfPage\":{\"@id\":\"https:\/\/buy-prescriptionz.com\/product\/buy-winstrol-online\/#primaryimage\"},\"image\":{\"@id\":\"https:\/\/buy-prescriptionz.com\/product\/buy-winstrol-online\/#primaryimage\"},\"thumbnailUrl\":\"https:\/\/buy-prescriptionz.com\/wp-content\/uploads\/2025\/09\/winstrol.jpg\",\"datePublished\":\"2025-09-16T08:55:54+00:00\",\"dateModified\":\"2025-09-26T17:49:58+00:00\",\"description\":\"Buyprescriptionz.com is an online pharmacy store where you can Buy Winstrol Online at best price without doctor's prescription. Buy Winstrol Online Now with Free & Secure Shipping!\",\"breadcrumb\":{\"@id\":\"https:\/\/buy-prescriptionz.com\/product\/buy-winstrol-online\/#breadcrumb\"},\"inLanguage\":\"fr-FR\",\"potentialAction\":[{\"@type\":\"ReadAction\",\"target\":[\"https:\/\/buy-prescriptionz.com\/product\/buy-winstrol-online\/\"]}]},{\"@type\":\"ImageObject\",\"inLanguage\":\"fr-FR\",\"@id\":\"https:\/\/buy-prescriptionz.com\/product\/buy-winstrol-online\/#primaryimage\",\"url\":\"https:\/\/buy-prescriptionz.com\/wp-content\/uploads\/2025\/09\/winstrol.jpg\",\"contentUrl\":\"https:\/\/buy-prescriptionz.com\/wp-content\/uploads\/2025\/09\/winstrol.jpg\",\"width\":400,\"height\":300},{\"@type\":\"BreadcrumbList\",\"@id\":\"https:\/\/buy-prescriptionz.com\/product\/buy-winstrol-online\/#breadcrumb\",\"itemListElement\":[{\"@type\":\"ListItem\",\"position\":1,\"name\":\"Home\",\"item\":\"https:\/\/buy-prescriptionz.com\/\"},{\"@type\":\"ListItem\",\"position\":2,\"name\":\"Shop Painkillers Online\",\"item\":\"https:\/\/buy-prescriptionz.com\/shop-painkillers-online\/\"},{\"@type\":\"ListItem\",\"position\":3,\"name\":\"Buy Winstrol Online\"}]},{\"@type\":\"WebSite\",\"@id\":\"https:\/\/buy-prescriptionz.com\/#website\",\"url\":\"https:\/\/buy-prescriptionz.com\/\",\"name\":\"Buy Prescriptionz\",\"description\":\"Drugs Online\",\"publisher\":{\"@id\":\"https:\/\/buy-prescriptionz.com\/#organization\"},\"potentialAction\":[{\"@type\":\"SearchAction\",\"target\":{\"@type\":\"EntryPoint\",\"urlTemplate\":\"https:\/\/buy-prescriptionz.com\/?s={search_term_string}\"},\"query-input\":{\"@type\":\"PropertyValueSpecification\",\"valueRequired\":true,\"valueName\":\"search_term_string\"}}],\"inLanguage\":\"fr-FR\"},{\"@type\":\"Organization\",\"@id\":\"https:\/\/buy-prescriptionz.com\/#organization\",\"name\":\"Buy Prescriptionz\",\"url\":\"https:\/\/buy-prescriptionz.com\/\",\"logo\":{\"@type\":\"ImageObject\",\"inLanguage\":\"fr-FR\",\"@id\":\"https:\/\/buy-prescriptionz.com\/#\/schema\/logo\/image\/\",\"url\":\"https:\/\/buy-prescriptionz.com\/wp-content\/uploads\/2023\/09\/logo.png\",\"contentUrl\":\"https:\/\/buy-prescriptionz.com\/wp-content\/uploads\/2023\/09\/logo.png\",\"width\":350,\"height\":64,\"caption\":\"Buy Prescriptionz\"},\"image\":{\"@id\":\"https:\/\/buy-prescriptionz.com\/#\/schema\/logo\/image\/\"}}]}<\/script>\n<!-- \/ Yoast SEO plugin. -->","yoast_head_json":{"title":"Acheter du Winstrol en ligne aux \u00c9tats-Unis\u00a0- Acheter du Winstrol en ligne \u00e0 vendre\u00a0- Acheter sur ordonnance","description":"Buyprescriptionz.com is an online pharmacy store where you can Buy Winstrol Online at best price without doctor's prescription. Buy Winstrol Online Now with Free & Secure Shipping!","robots":{"index":"index","follow":"follow","max-snippet":"max-snippet:-1","max-image-preview":"max-image-preview:large","max-video-preview":"max-video-preview:-1"},"canonical":"https:\/\/buy-prescriptionz.com\/fr\/produit\/acheter-winstrol-en-ligne\/","og_locale":"fr_FR","og_type":"article","og_title":"Buy Winstrol Online USA - Buy Winstrol Online for Sale - Buy Prescriptionz","og_description":"Buyprescriptionz.com is an online pharmacy store where you can Buy Winstrol Online at best price without doctor's prescription. Buy Winstrol Online Now with Free & Secure Shipping!","og_url":"https:\/\/buy-prescriptionz.com\/fr\/produit\/acheter-winstrol-en-ligne\/","og_site_name":"Buy Prescriptionz","article_modified_time":"2025-09-26T17:49:58+00:00","og_image":[{"width":400,"height":300,"url":"https:\/\/buy-prescriptionz.com\/wp-content\/uploads\/2025\/09\/winstrol.jpg","type":"image\/jpeg"}],"twitter_card":"summary_large_image","twitter_misc":{"Dur\u00e9e de lecture estim\u00e9e":"4 minutes"},"schema":{"@context":"https:\/\/schema.org","@graph":[{"@type":"WebPage","@id":"https:\/\/buy-prescriptionz.com\/product\/buy-winstrol-online\/","url":"https:\/\/buy-prescriptionz.com\/product\/buy-winstrol-online\/","name":"Acheter du Winstrol en ligne aux \u00c9tats-Unis\u00a0- Acheter du Winstrol en ligne \u00e0 vendre\u00a0- Acheter sur ordonnance","isPartOf":{"@id":"https:\/\/buy-prescriptionz.com\/#website"},"primaryImageOfPage":{"@id":"https:\/\/buy-prescriptionz.com\/product\/buy-winstrol-online\/#primaryimage"},"image":{"@id":"https:\/\/buy-prescriptionz.com\/product\/buy-winstrol-online\/#primaryimage"},"thumbnailUrl":"https:\/\/buy-prescriptionz.com\/wp-content\/uploads\/2025\/09\/winstrol.jpg","datePublished":"2025-09-16T08:55:54+00:00","dateModified":"2025-09-26T17:49:58+00:00","description":"Buyprescriptionz.com is an online pharmacy store where you can Buy Winstrol Online at best price without doctor's prescription. Buy Winstrol Online Now with Free & Secure Shipping!","breadcrumb":{"@id":"https:\/\/buy-prescriptionz.com\/product\/buy-winstrol-online\/#breadcrumb"},"inLanguage":"fr-FR","potentialAction":[{"@type":"ReadAction","target":["https:\/\/buy-prescriptionz.com\/product\/buy-winstrol-online\/"]}]},{"@type":"ImageObject","inLanguage":"fr-FR","@id":"https:\/\/buy-prescriptionz.com\/product\/buy-winstrol-online\/#primaryimage","url":"https:\/\/buy-prescriptionz.com\/wp-content\/uploads\/2025\/09\/winstrol.jpg","contentUrl":"https:\/\/buy-prescriptionz.com\/wp-content\/uploads\/2025\/09\/winstrol.jpg","width":400,"height":300},{"@type":"BreadcrumbList","@id":"https:\/\/buy-prescriptionz.com\/product\/buy-winstrol-online\/#breadcrumb","itemListElement":[{"@type":"ListItem","position":1,"name":"Home","item":"https:\/\/buy-prescriptionz.com\/"},{"@type":"ListItem","position":2,"name":"Shop Painkillers Online","item":"https:\/\/buy-prescriptionz.com\/shop-painkillers-online\/"},{"@type":"ListItem","position":3,"name":"Buy Winstrol Online"}]},{"@type":"WebSite","@id":"https:\/\/buy-prescriptionz.com\/#website","url":"https:\/\/buy-prescriptionz.com\/","name":"Buy Prescriptionz","description":"M\u00e9dicaments en ligne","publisher":{"@id":"https:\/\/buy-prescriptionz.com\/#organization"},"potentialAction":[{"@type":"SearchAction","target":{"@type":"EntryPoint","urlTemplate":"https:\/\/buy-prescriptionz.com\/?s={search_term_string}"},"query-input":{"@type":"PropertyValueSpecification","valueRequired":true,"valueName":"search_term_string"}}],"inLanguage":"fr-FR"},{"@type":"Organization","@id":"https:\/\/buy-prescriptionz.com\/#organization","name":"Buy Prescriptionz","url":"https:\/\/buy-prescriptionz.com\/","logo":{"@type":"ImageObject","inLanguage":"fr-FR","@id":"https:\/\/buy-prescriptionz.com\/#\/schema\/logo\/image\/","url":"https:\/\/buy-prescriptionz.com\/wp-content\/uploads\/2023\/09\/logo.png","contentUrl":"https:\/\/buy-prescriptionz.com\/wp-content\/uploads\/2023\/09\/logo.png","width":350,"height":64,"caption":"Buy Prescriptionz"},"image":{"@id":"https:\/\/buy-prescriptionz.com\/#\/schema\/logo\/image\/"}}]}},"_links":{"self":[{"href":"https:\/\/buy-prescriptionz.com\/fr\/wp-json\/wp\/v2\/product\/3011","targetHints":{"allow":["GET"]}}],"collection":[{"href":"https:\/\/buy-prescriptionz.com\/fr\/wp-json\/wp\/v2\/product"}],"about":[{"href":"https:\/\/buy-prescriptionz.com\/fr\/wp-json\/wp\/v2\/types\/product"}],"replies":[{"embeddable":true,"href":"https:\/\/buy-prescriptionz.com\/fr\/wp-json\/wp\/v2\/comments?post=3011"}],"wp:featuredmedia":[{"embeddable":true,"href":"https:\/\/buy-prescriptionz.com\/fr\/wp-json\/wp\/v2\/media\/3041"}],"wp:attachment":[{"href":"https:\/\/buy-prescriptionz.com\/fr\/wp-json\/wp\/v2\/media?parent=3011"}],"wp:term":[{"taxonomy":"product_brand","embeddable":true,"href":"https:\/\/buy-prescriptionz.com\/fr\/wp-json\/wp\/v2\/product_brand?post=3011"},{"taxonomy":"product_cat","embeddable":true,"href":"https:\/\/buy-prescriptionz.com\/fr\/wp-json\/wp\/v2\/product_cat?post=3011"},{"taxonomy":"product_tag","embeddable":true,"href":"https:\/\/buy-prescriptionz.com\/fr\/wp-json\/wp\/v2\/product_tag?post=3011"}],"curies":[{"name":"wp","href":"https:\/\/api.w.org\/{rel}","templated":true}]}}