{"id":3042,"date":"2025-09-16T08:56:08","date_gmt":"2025-09-16T08:56:08","guid":{"rendered":"https:\/\/chemsfine.com\/newsite\/?post_type=product&#038;p=3042"},"modified":"2025-09-26T15:37:45","modified_gmt":"2025-09-26T15:37:45","slug":"acheter-trenbolone-en-ligne","status":"publish","type":"product","link":"https:\/\/buy-prescriptionz.com\/fr\/produit\/acheter-trenbolone-en-ligne\/","title":{"rendered":"Acheter Trenbolone en ligne"},"content":{"rendered":"<h2>Acheter Trenbolone en ligne<\/h2>\n<p>Acheter Trenbolone en ligne Trenbolone est un androg\u00e8ne et un st\u00e9ro\u00efde anabolisant de la classe des nandrolones. Achetez Trenbolone 10 ml en ligne pour usage v\u00e9t\u00e9rinaire et clinique.<\/p>\n<h3>Trenbolone\u00a0: aper\u00e7u et avantages<\/h3>\n<p>Le trenbolone est un puissant st\u00e9ro\u00efde anabolisant reconnu pour ses propri\u00e9t\u00e9s de d\u00e9veloppement musculaire et largement utilis\u00e9 en musculation et en fitness. Il appartient \u00e0 la cat\u00e9gorie des st\u00e9ro\u00efdes synth\u00e9tiques d\u00e9riv\u00e9s de la testost\u00e9rone, connus pour leurs effets anabolisants et androg\u00e8nes importants. Le trenbolone n'est pas approuv\u00e9 pour un usage m\u00e9dical chez l'homme, mais il est populaire aupr\u00e8s des athl\u00e8tes et des culturistes pour sa capacit\u00e9 \u00e0 favoriser la croissance musculaire, \u00e0 augmenter la force et \u00e0 am\u00e9liorer les performances sportives. Il agit en se liant aux r\u00e9cepteurs androg\u00e8nes de l'organisme, favorisant ainsi la synth\u00e8se prot\u00e9ique et la r\u00e9tention d'azote, essentielles \u00e0 la croissance et \u00e0 la r\u00e9cup\u00e9ration musculaires.<\/p>\n<h4>Avantages du Trenbolone<\/h4>\n<ol>\n<li>Croissance musculaire : Le meilleur Trenbolone favorise des gains musculaires importants en am\u00e9liorant la synth\u00e8se des prot\u00e9ines, conduisant \u00e0 une croissance musculaire rapide et \u00e0 des gains de force.<\/li>\n<li>Force am\u00e9lior\u00e9e : les utilisateurs constatent souvent une augmentation spectaculaire de leur force, permettant des entra\u00eenements plus intenses et des performances am\u00e9lior\u00e9es.<\/li>\n<li>Perte de graisse : il aide \u00e0 br\u00fbler les graisses en augmentant le m\u00e9tabolisme et en favorisant un physique plus mince.<\/li>\n<li>R\u00e9cup\u00e9ration am\u00e9lior\u00e9e : le trenbolone acc\u00e9l\u00e8re les temps de r\u00e9cup\u00e9ration entre les s\u00e9ances d\u2019entra\u00eenement, permettant des s\u00e9ances d\u2019entra\u00eenement plus fr\u00e9quentes et plus intenses.<\/li>\n<\/ol>\n<p>En raison de sa puissance, le trenbolone peut entra\u00eener des effets secondaires importants et est d\u00e9conseill\u00e9 aux utilisateurs occasionnels ou inexp\u00e9riment\u00e9s. Son utilisation doit \u00eatre r\u00e9serv\u00e9e \u00e0 un suivi m\u00e9dical ou \u00e0 des personnes exp\u00e9riment\u00e9es qui en comprennent les risques et les avantages. Si vous envisagez de prendre du trenbolone, assurez-vous de l'acheter dans une pharmacie r\u00e9put\u00e9e et de qualit\u00e9, comme buy-prescriptionz.com, afin de garantir l'authenticit\u00e9 et la qualit\u00e9 du produit.<\/p>\n<h3>Acheter Trenbolone 10 ml pour injection ou usage oral<\/h3>\n<p>Achetez du Trenbolone en ligne. Le Trenbolone 10 ml en ligne a des effets \u00e0 la fois anabolisants et androg\u00e8nes. Le Trenbolone a pour effet d'augmenter l'absorption des particules d'ammonium par les muscles, ce qui entra\u00eene une augmentation du taux de prot\u00e9ines.<br \/>\nVous pouvez acheter du Trenbolone 10 ml sans l'aide d'un m\u00e9decin, et il pourrait avoir les effets auxiliaires de revigorer l'envie et de diminuer le taux de catabolisme, comme tous les st\u00e9ro\u00efdes anabolisants sont accept\u00e9s.<br \/>\nMaintenant disponible, Trenbolone 10 ml en vente chez buy-prescriptionz.com. La trenbolone peut provoquer une expansion des qualit\u00e9s sexuelles facultatives masculines sans qu'il soit n\u00e9cessaire de passer \u00e0 un androg\u00e8ne progressivement puissant dans le corps.<\/p>\n<h4>Avec Trenbolone 10 ml \u00e0 prix r\u00e9duit<\/h4>\n<p>Acheter du trenbolone en ligne. Le trenbolone a une intensit\u00e9 plusieurs fois sup\u00e9rieure \u00e0 celle de la testost\u00e9rone. Il est fortement li\u00e9 au r\u00e9cepteur de la progest\u00e9rone et aux r\u00e9cepteurs des glucocortico\u00efdes.<br \/>\nEssayez d'acheter Trenbolone 10 ml avec un emballage discret sur buy-prescriptionz.com avec un service de livraison rapide et s\u00e9curis\u00e9.<\/p>\n<p>La trenbolone et la 17-\u00e9pitrenbolone sont toutes deux lib\u00e9r\u00e9es dans l'urine sous forme de conjugu\u00e9s qui peuvent \u00eatre hydrolys\u00e9s par la b\u00eata-glucuronidase. Cela sugg\u00e8re que la trenbolone quitte l'organisme sous forme de b\u00eata-glucuronides ou de sulfates. Ce m\u00e9dicament quitte le corps en 24 heures apr\u00e8s la prise.<br \/>\nComment acheter Trenbolone 10 ml, ce n'est plus difficile. Sur buy-prescriptionz.com, vous pouvez acheter la quantit\u00e9 ou la qualit\u00e9 dont vous avez besoin de ce m\u00e9dicament partout dans le monde dans un environnement s\u00fbr et test\u00e9. Vous vous demandez toujours o\u00f9 acheter Trenbolone 10 ml ?<br \/>\nLa trenbolone est dirig\u00e9e en tant que prom\u00e9dicament sous forme de conjugu\u00e9 ester, par exemple, d\u00e9riv\u00e9 de l'acide ac\u00e9tique de la trenbolone, \u00e9nanthate, ou hexahydrobenzylcarbonate de trenbolone.<\/p>\n<p>&nbsp;<\/p>\n<h5>Acheter des st\u00e9ro\u00efdes anabolisants Ac\u00e9tate de trenbolone (Tern A) USA, UE, Mondial<\/h5>\n<p>Si la raison pour laquelle vous \u00eates sur cette page est le d\u00e9sir d'acheter de l'ac\u00e9tate de trenbolone, nous vous recommandons de le faire avec nous. Notre avantage est la qualit\u00e9 du fabricant ZPHC. Par cons\u00e9quent, vous n'avez pas \u00e0 passer du temps suppl\u00e9mentaire pour r\u00e9aliser votre r\u00eave d'un corps parfait. Nous offrons \u00e9galement un excellent service d'exp\u00e9dition, \u00e0 la fois aux \u00c9tats-Unis, en Europe et dans le monde entier. Notre \u00e9quipe vous souhaite \u00e9galement beaucoup de succ\u00e8s et de nouvelles r\u00e9ussites sportives.<\/p>","protected":false},"excerpt":{"rendered":"<p>Buy Trenbolone Online Buy Trenbolone Online Trenbolone is an androgen and anabolic steroid of the nandrolone class. Buy Trenbolone 10 ml online for veterinary and clinical use. Trenbolone: Overview and Benefits Trenbolone is a potent anabolic steroid renowned for its muscle-building properties and is widely used in the bodybuilding and fitness community. It belongs to [&hellip;]<\/p>","protected":false},"featured_media":3072,"comment_status":"open","ping_status":"closed","template":"","meta":{"site-sidebar-layout":"default","site-content-layout":"","ast-site-content-layout":"default","site-content-style":"default","site-sidebar-style":"default","ast-global-header-display":"","ast-banner-title-visibility":"","ast-main-header-display":"","ast-hfb-above-header-display":"","ast-hfb-below-header-display":"","ast-hfb-mobile-header-display":"","site-post-title":"","ast-breadcrumbs-content":"","ast-featured-img":"","footer-sml-layout":"","theme-transparent-header-meta":"default","adv-header-id-meta":"","stick-header-meta":"","header-above-stick-meta":"","header-main-stick-meta":"","header-below-stick-meta":"","astra-migrate-meta-layouts":"set","ast-page-background-enabled":"default","ast-page-background-meta":{"desktop":{"background-color":"var(--ast-global-color-4)","background-image":"","background-repeat":"repeat","background-position":"center center","background-size":"auto","background-attachment":"scroll","background-type":"","background-media":"","overlay-type":"","overlay-color":"","overlay-opacity":"","overlay-gradient":""},"tablet":{"background-color":"","background-image":"","background-repeat":"repeat","background-position":"center center","background-size":"auto","background-attachment":"scroll","background-type":"","background-media":"","overlay-type":"","overlay-color":"","overlay-opacity":"","overlay-gradient":""},"mobile":{"background-color":"","background-image":"","background-repeat":"repeat","background-position":"center center","background-size":"auto","background-attachment":"scroll","background-type":"","background-media":"","overlay-type":"","overlay-color":"","overlay-opacity":"","overlay-gradient":""}},"ast-content-background-meta":{"desktop":{"background-color":"var(--ast-global-color-5)","background-image":"","background-repeat":"repeat","background-position":"center center","background-size":"auto","background-attachment":"scroll","background-type":"","background-media":"","overlay-type":"","overlay-color":"","overlay-opacity":"","overlay-gradient":""},"tablet":{"background-color":"var(--ast-global-color-5)","background-image":"","background-repeat":"repeat","background-position":"center center","background-size":"auto","background-attachment":"scroll","background-type":"","background-media":"","overlay-type":"","overlay-color":"","overlay-opacity":"","overlay-gradient":""},"mobile":{"background-color":"var(--ast-global-color-5)","background-image":"","background-repeat":"repeat","background-position":"center center","background-size":"auto","background-attachment":"scroll","background-type":"","background-media":"","overlay-type":"","overlay-color":"","overlay-opacity":"","overlay-gradient":""}}},"product_brand":[],"product_cat":[2384],"product_tag":[1324,1325,1323,1318,1321,1320,1319,1322,1317,1316,1326],"class_list":{"0":"post-3042","1":"product","2":"type-product","3":"status-publish","4":"has-post-thumbnail","6":"product_cat-buy-anabolic-steroids-online","7":"product_tag-buy-trenbolone-in-canada","8":"product_tag-buy-trenbolone-in-uk","9":"product_tag-buy-trenbolone-in-usa","10":"product_tag-buy-trenbolone-with-bitcoin","11":"product_tag-buy-trenbolone-with-credit-card","12":"product_tag-buy-trenbolone-with-money-gram","13":"product_tag-buy-trenbolone-with-western-union","14":"product_tag-buy-trenbolone-without-a-doctor","15":"product_tag-buy-trenbolone-without-prescription","16":"product_tag-trenbolone-for-sale","17":"product_tag-trenbolone-injection","18":"desktop-align-center","19":"tablet-align-left","20":"mobile-align-left","22":"first","23":"instock","24":"shipping-taxable","25":"purchasable","26":"product-type-variable","27":"has-default-attributes"},"yoast_head":"<!-- This site is optimized with the Yoast SEO plugin v25.9 - https:\/\/yoast.com\/wordpress\/plugins\/seo\/ -->\n<title>Buy Trenbolone Online-buy trenbolone acetate injectable online<\/title>\n<meta name=\"description\" content=\"Buy Trenbolone Online,buy trenbolone acetate injectable onlinewhere can i buy trenbolonetrenbolone acetate for salebuy trenbolone acetate online\" \/>\n<meta name=\"robots\" content=\"index, follow, max-snippet:-1, max-image-preview:large, max-video-preview:-1\" \/>\n<link rel=\"canonical\" href=\"https:\/\/buy-prescriptionz.com\/fr\/produit\/acheter-trenbolone-en-ligne\/\" \/>\n<meta property=\"og:locale\" content=\"fr_FR\" \/>\n<meta property=\"og:type\" content=\"article\" \/>\n<meta property=\"og:title\" content=\"Buy Trenbolone Online-buy trenbolone acetate injectable online\" \/>\n<meta property=\"og:description\" content=\"Buy Trenbolone Online,buy trenbolone acetate injectable onlinewhere can i buy trenbolonetrenbolone acetate for salebuy trenbolone acetate online\" \/>\n<meta property=\"og:url\" content=\"https:\/\/buy-prescriptionz.com\/fr\/produit\/acheter-trenbolone-en-ligne\/\" \/>\n<meta property=\"og:site_name\" content=\"Buy Prescriptionz\" \/>\n<meta property=\"article:modified_time\" content=\"2025-09-26T15:37:45+00:00\" \/>\n<meta property=\"og:image\" content=\"https:\/\/buy-prescriptionz.com\/wp-content\/uploads\/2025\/09\/trenbolone.jpg\" \/>\n\t<meta property=\"og:image:width\" content=\"400\" \/>\n\t<meta property=\"og:image:height\" content=\"300\" \/>\n\t<meta property=\"og:image:type\" content=\"image\/jpeg\" \/>\n<meta name=\"twitter:card\" content=\"summary_large_image\" \/>\n<meta name=\"twitter:label1\" content=\"Dur\u00e9e de lecture estim\u00e9e\" \/>\n\t<meta name=\"twitter:data1\" content=\"3 minutes\" \/>\n<script type=\"application\/ld+json\" class=\"yoast-schema-graph\">{\"@context\":\"https:\/\/schema.org\",\"@graph\":[{\"@type\":\"WebPage\",\"@id\":\"https:\/\/buy-prescriptionz.com\/product\/buy-trenbolone-online\/\",\"url\":\"https:\/\/buy-prescriptionz.com\/product\/buy-trenbolone-online\/\",\"name\":\"Buy Trenbolone Online-buy trenbolone acetate injectable online\",\"isPartOf\":{\"@id\":\"https:\/\/buy-prescriptionz.com\/#website\"},\"primaryImageOfPage\":{\"@id\":\"https:\/\/buy-prescriptionz.com\/product\/buy-trenbolone-online\/#primaryimage\"},\"image\":{\"@id\":\"https:\/\/buy-prescriptionz.com\/product\/buy-trenbolone-online\/#primaryimage\"},\"thumbnailUrl\":\"https:\/\/buy-prescriptionz.com\/wp-content\/uploads\/2025\/09\/trenbolone.jpg\",\"datePublished\":\"2025-09-16T08:56:08+00:00\",\"dateModified\":\"2025-09-26T15:37:45+00:00\",\"description\":\"Buy Trenbolone Online,buy trenbolone acetate injectable onlinewhere can i buy trenbolonetrenbolone acetate for salebuy trenbolone acetate online\",\"breadcrumb\":{\"@id\":\"https:\/\/buy-prescriptionz.com\/product\/buy-trenbolone-online\/#breadcrumb\"},\"inLanguage\":\"fr-FR\",\"potentialAction\":[{\"@type\":\"ReadAction\",\"target\":[\"https:\/\/buy-prescriptionz.com\/product\/buy-trenbolone-online\/\"]}]},{\"@type\":\"ImageObject\",\"inLanguage\":\"fr-FR\",\"@id\":\"https:\/\/buy-prescriptionz.com\/product\/buy-trenbolone-online\/#primaryimage\",\"url\":\"https:\/\/buy-prescriptionz.com\/wp-content\/uploads\/2025\/09\/trenbolone.jpg\",\"contentUrl\":\"https:\/\/buy-prescriptionz.com\/wp-content\/uploads\/2025\/09\/trenbolone.jpg\",\"width\":400,\"height\":300},{\"@type\":\"BreadcrumbList\",\"@id\":\"https:\/\/buy-prescriptionz.com\/product\/buy-trenbolone-online\/#breadcrumb\",\"itemListElement\":[{\"@type\":\"ListItem\",\"position\":1,\"name\":\"Home\",\"item\":\"https:\/\/buy-prescriptionz.com\/\"},{\"@type\":\"ListItem\",\"position\":2,\"name\":\"Shop Painkillers Online\",\"item\":\"https:\/\/buy-prescriptionz.com\/shop-painkillers-online\/\"},{\"@type\":\"ListItem\",\"position\":3,\"name\":\"Buy Trenbolone Online\"}]},{\"@type\":\"WebSite\",\"@id\":\"https:\/\/buy-prescriptionz.com\/#website\",\"url\":\"https:\/\/buy-prescriptionz.com\/\",\"name\":\"Buy Prescriptionz\",\"description\":\"Drugs Online\",\"publisher\":{\"@id\":\"https:\/\/buy-prescriptionz.com\/#organization\"},\"potentialAction\":[{\"@type\":\"SearchAction\",\"target\":{\"@type\":\"EntryPoint\",\"urlTemplate\":\"https:\/\/buy-prescriptionz.com\/?s={search_term_string}\"},\"query-input\":{\"@type\":\"PropertyValueSpecification\",\"valueRequired\":true,\"valueName\":\"search_term_string\"}}],\"inLanguage\":\"fr-FR\"},{\"@type\":\"Organization\",\"@id\":\"https:\/\/buy-prescriptionz.com\/#organization\",\"name\":\"Buy Prescriptionz\",\"url\":\"https:\/\/buy-prescriptionz.com\/\",\"logo\":{\"@type\":\"ImageObject\",\"inLanguage\":\"fr-FR\",\"@id\":\"https:\/\/buy-prescriptionz.com\/#\/schema\/logo\/image\/\",\"url\":\"https:\/\/buy-prescriptionz.com\/wp-content\/uploads\/2023\/09\/logo.png\",\"contentUrl\":\"https:\/\/buy-prescriptionz.com\/wp-content\/uploads\/2023\/09\/logo.png\",\"width\":350,\"height\":64,\"caption\":\"Buy Prescriptionz\"},\"image\":{\"@id\":\"https:\/\/buy-prescriptionz.com\/#\/schema\/logo\/image\/\"}}]}<\/script>\n<!-- \/ Yoast SEO plugin. -->","yoast_head_json":{"title":"Buy Trenbolone Online-buy trenbolone acetate injectable online","description":"Buy Trenbolone Online,buy trenbolone acetate injectable onlinewhere can i buy trenbolonetrenbolone acetate for salebuy trenbolone acetate online","robots":{"index":"index","follow":"follow","max-snippet":"max-snippet:-1","max-image-preview":"max-image-preview:large","max-video-preview":"max-video-preview:-1"},"canonical":"https:\/\/buy-prescriptionz.com\/fr\/produit\/acheter-trenbolone-en-ligne\/","og_locale":"fr_FR","og_type":"article","og_title":"Buy Trenbolone Online-buy trenbolone acetate injectable online","og_description":"Buy Trenbolone Online,buy trenbolone acetate injectable onlinewhere can i buy trenbolonetrenbolone acetate for salebuy trenbolone acetate online","og_url":"https:\/\/buy-prescriptionz.com\/fr\/produit\/acheter-trenbolone-en-ligne\/","og_site_name":"Buy Prescriptionz","article_modified_time":"2025-09-26T15:37:45+00:00","og_image":[{"width":400,"height":300,"url":"https:\/\/buy-prescriptionz.com\/wp-content\/uploads\/2025\/09\/trenbolone.jpg","type":"image\/jpeg"}],"twitter_card":"summary_large_image","twitter_misc":{"Dur\u00e9e de lecture estim\u00e9e":"3 minutes"},"schema":{"@context":"https:\/\/schema.org","@graph":[{"@type":"WebPage","@id":"https:\/\/buy-prescriptionz.com\/product\/buy-trenbolone-online\/","url":"https:\/\/buy-prescriptionz.com\/product\/buy-trenbolone-online\/","name":"Buy Trenbolone Online-buy trenbolone acetate injectable online","isPartOf":{"@id":"https:\/\/buy-prescriptionz.com\/#website"},"primaryImageOfPage":{"@id":"https:\/\/buy-prescriptionz.com\/product\/buy-trenbolone-online\/#primaryimage"},"image":{"@id":"https:\/\/buy-prescriptionz.com\/product\/buy-trenbolone-online\/#primaryimage"},"thumbnailUrl":"https:\/\/buy-prescriptionz.com\/wp-content\/uploads\/2025\/09\/trenbolone.jpg","datePublished":"2025-09-16T08:56:08+00:00","dateModified":"2025-09-26T15:37:45+00:00","description":"Buy Trenbolone Online,buy trenbolone acetate injectable onlinewhere can i buy trenbolonetrenbolone acetate for salebuy trenbolone acetate online","breadcrumb":{"@id":"https:\/\/buy-prescriptionz.com\/product\/buy-trenbolone-online\/#breadcrumb"},"inLanguage":"fr-FR","potentialAction":[{"@type":"ReadAction","target":["https:\/\/buy-prescriptionz.com\/product\/buy-trenbolone-online\/"]}]},{"@type":"ImageObject","inLanguage":"fr-FR","@id":"https:\/\/buy-prescriptionz.com\/product\/buy-trenbolone-online\/#primaryimage","url":"https:\/\/buy-prescriptionz.com\/wp-content\/uploads\/2025\/09\/trenbolone.jpg","contentUrl":"https:\/\/buy-prescriptionz.com\/wp-content\/uploads\/2025\/09\/trenbolone.jpg","width":400,"height":300},{"@type":"BreadcrumbList","@id":"https:\/\/buy-prescriptionz.com\/product\/buy-trenbolone-online\/#breadcrumb","itemListElement":[{"@type":"ListItem","position":1,"name":"Home","item":"https:\/\/buy-prescriptionz.com\/"},{"@type":"ListItem","position":2,"name":"Shop Painkillers Online","item":"https:\/\/buy-prescriptionz.com\/shop-painkillers-online\/"},{"@type":"ListItem","position":3,"name":"Buy Trenbolone Online"}]},{"@type":"WebSite","@id":"https:\/\/buy-prescriptionz.com\/#website","url":"https:\/\/buy-prescriptionz.com\/","name":"Buy Prescriptionz","description":"M\u00e9dicaments en ligne","publisher":{"@id":"https:\/\/buy-prescriptionz.com\/#organization"},"potentialAction":[{"@type":"SearchAction","target":{"@type":"EntryPoint","urlTemplate":"https:\/\/buy-prescriptionz.com\/?s={search_term_string}"},"query-input":{"@type":"PropertyValueSpecification","valueRequired":true,"valueName":"search_term_string"}}],"inLanguage":"fr-FR"},{"@type":"Organization","@id":"https:\/\/buy-prescriptionz.com\/#organization","name":"Buy Prescriptionz","url":"https:\/\/buy-prescriptionz.com\/","logo":{"@type":"ImageObject","inLanguage":"fr-FR","@id":"https:\/\/buy-prescriptionz.com\/#\/schema\/logo\/image\/","url":"https:\/\/buy-prescriptionz.com\/wp-content\/uploads\/2023\/09\/logo.png","contentUrl":"https:\/\/buy-prescriptionz.com\/wp-content\/uploads\/2023\/09\/logo.png","width":350,"height":64,"caption":"Buy Prescriptionz"},"image":{"@id":"https:\/\/buy-prescriptionz.com\/#\/schema\/logo\/image\/"}}]}},"_links":{"self":[{"href":"https:\/\/buy-prescriptionz.com\/fr\/wp-json\/wp\/v2\/product\/3042","targetHints":{"allow":["GET"]}}],"collection":[{"href":"https:\/\/buy-prescriptionz.com\/fr\/wp-json\/wp\/v2\/product"}],"about":[{"href":"https:\/\/buy-prescriptionz.com\/fr\/wp-json\/wp\/v2\/types\/product"}],"replies":[{"embeddable":true,"href":"https:\/\/buy-prescriptionz.com\/fr\/wp-json\/wp\/v2\/comments?post=3042"}],"wp:featuredmedia":[{"embeddable":true,"href":"https:\/\/buy-prescriptionz.com\/fr\/wp-json\/wp\/v2\/media\/3072"}],"wp:attachment":[{"href":"https:\/\/buy-prescriptionz.com\/fr\/wp-json\/wp\/v2\/media?parent=3042"}],"wp:term":[{"taxonomy":"product_brand","embeddable":true,"href":"https:\/\/buy-prescriptionz.com\/fr\/wp-json\/wp\/v2\/product_brand?post=3042"},{"taxonomy":"product_cat","embeddable":true,"href":"https:\/\/buy-prescriptionz.com\/fr\/wp-json\/wp\/v2\/product_cat?post=3042"},{"taxonomy":"product_tag","embeddable":true,"href":"https:\/\/buy-prescriptionz.com\/fr\/wp-json\/wp\/v2\/product_tag?post=3042"}],"curies":[{"name":"wp","href":"https:\/\/api.w.org\/{rel}","templated":true}]}}