{"id":3043,"date":"2025-09-16T08:56:08","date_gmt":"2025-09-16T08:56:08","guid":{"rendered":"https:\/\/chemsfine.com\/newsite\/?post_type=product&#038;p=3043"},"modified":"2025-09-27T11:46:54","modified_gmt":"2025-09-27T11:46:54","slug":"acheter-du-propionate-en-ligne","status":"publish","type":"product","link":"https:\/\/buy-prescriptionz.com\/fr\/produit\/acheter-du-propionate-en-ligne\/","title":{"rendered":"Acheter du Propionate en ligne"},"content":{"rendered":"<h2>Acheter du Propionate en ligne<\/h2>\n<p>Achetez du propionate en ligne. Le propionate de testost\u00e9rone est un androg\u00e8ne et un st\u00e9ro\u00efde anabolisant sur ordonnance pour le traitement des faibles taux de testost\u00e9rone chez l'homme. Achetez du propionate 100 mg pour traiter le cancer du sein chez la femme sur buy-prescriptionz.com.<\/p>\n<h3>Propionate 100 mg en ligne pour augmenter la testost\u00e9rone dans le corps<\/h3>\n<p>Le propionate 100 mg est un ester de testost\u00e9rone \u00e0 action prolong\u00e9e, comme l'\u00e9nanthate, le cypionate et l'und\u00e9canoate de testost\u00e9rone. Ce m\u00e9dicament a \u00e9t\u00e9 commercialis\u00e9 \u00e0 partir des ann\u00e9es 1950. Vous cherchez \u00e0 savoir comment acheter du propionate 100 mg en ligne et vous ne l'avez pas encore trouv\u00e9 sur buy-prescriptionz.com\u00a0? Vous savez maintenant o\u00f9 acheter du propionate 100 mg en ligne. Organisez votre vie et stockez vos m\u00e9dicaments partout aux \u00c9tats-Unis.<\/p>\n<h3>Acheter du propionate 100 mg sans ordonnance<\/h3>\n<p>Ce m\u00e9dicament est un androg\u00e8ne et un st\u00e9ro\u00efde anabolisant fabriqu\u00e9 en laboratoire. Il est agoniste du r\u00e9cepteur des androg\u00e8nes, la mol\u00e9cule organique des androg\u00e8nes comme la testost\u00e9rone et la dihydrotestost\u00e9rone. Sur buy-prescriptionz.com, vous pouvez acheter du propionate 100 mg sans m\u00e9decin, avec une livraison rapide et s\u00e9curis\u00e9e. Le propionate de testost\u00e9rone est utilis\u00e9 dans le traitement de substitution androg\u00e9nique. Il est indiqu\u00e9 pour le traitement de l'hypogonadisme chez l'homme, du cancer du sein, de la baisse de libido, de la pubert\u00e9 tardive chez l'homme jeune et des sympt\u00f4mes de la m\u00e9nopause chez la femme. Achetez du propionate 100 mg \u00e0 bas prix, pour les femmes comme pour les hommes.<\/p>\n<h3>Acheter du propionate en ligne\u00a0: aper\u00e7u, avantages et effets secondaires<\/h3>\n<p>Le propionate est une forme de testost\u00e9rone utilis\u00e9e dans le traitement hormonal substitutif (THS) chez les hommes pr\u00e9sentant un faible taux de testost\u00e9rone. Il est \u00e9galement utilis\u00e9 par les culturistes et les athl\u00e8tes pour d\u00e9velopper leur masse musculaire et leurs performances gr\u00e2ce \u00e0 son action rapide.<\/p>\n<h4>Avantages du propionate<\/h4>\n<ol>\n<li>Remplacement de la testost\u00e9rone : le meilleur propionate aide \u00e0 restaurer les niveaux de testost\u00e9rone chez les hommes souffrant d'hypogonadisme ou d'autres probl\u00e8mes de carence en testost\u00e9rone, am\u00e9liorant la libido, les niveaux d'\u00e9nergie et le bien-\u00eatre g\u00e9n\u00e9ral.<\/li>\n<li>Croissance musculaire : Il favorise la croissance et le d\u00e9veloppement musculaire en am\u00e9liorant la synth\u00e8se des prot\u00e9ines et la r\u00e9tention d'azote dans les muscles, facilitant une r\u00e9cup\u00e9ration plus rapide et une r\u00e9paration musculaire apr\u00e8s les entra\u00eenements.<\/li>\n<li>Force accrue : les utilisateurs ressentent souvent une force et une endurance accrues, permettant des s\u00e9ances d\u2019entra\u00eenement plus intenses et plus productives.<\/li>\n<li>Densit\u00e9 osseuse am\u00e9lior\u00e9e : la testost\u00e9rone, y compris le propionate, aide \u00e0 maintenir la densit\u00e9 osseuse, r\u00e9duisant ainsi le risque d\u2019ost\u00e9oporose et de fractures.<\/li>\n<\/ol>\n<h4>Effets secondaires du propionate<\/h4>\n<ol>\n<li>Effets androg\u00e8nes : Le propionate peut provoquer des effets secondaires androg\u00e8nes tels que l\u2019acn\u00e9, la peau grasse et une augmentation de la croissance des poils du visage et du corps.<\/li>\n<li>Probl\u00e8mes cardiovasculaires : Cela peut avoir un impact n\u00e9gatif sur le taux de cholest\u00e9rol, augmentant le risque de probl\u00e8mes cardiovasculaires tels que les maladies cardiaques et les accidents vasculaires c\u00e9r\u00e9braux.<\/li>\n<li>Suppression de la testost\u00e9rone naturelle : L\u2019utilisation \u00e0 long terme du propionate peut supprimer la production naturelle de testost\u00e9rone du corps, entra\u00eenant une d\u00e9pendance \u00e0 la testost\u00e9rone externe.<\/li>\n<li>Changements d\u2019humeur : certains utilisateurs peuvent ressentir des sautes d\u2019humeur, de l\u2019irritabilit\u00e9 ou de l\u2019agressivit\u00e9.<\/li>\n<li>Potentiel d\u2019abus : Comme tous les d\u00e9riv\u00e9s de la testost\u00e9rone, le propionate pr\u00e9sente un potentiel d\u2019abus et de mauvaise utilisation, entra\u00eenant de graves cons\u00e9quences pour la sant\u00e9.<\/li>\n<\/ol>\n<p>Le propionate doit \u00eatre utilis\u00e9 sous surveillance m\u00e9dicale, avec des dosages adapt\u00e9s aux besoins et \u00e0 l'\u00e9tat de sant\u00e9 de chacun. Il est essentiel de surveiller r\u00e9guli\u00e8rement les taux de testost\u00e9rone, l'h\u00e9matocrite et le profil lipidique pendant le traitement. Pour trouver des sources fiables et authentiques de propionate, consultez buy-prescriptionz.com, l'une des meilleures pharmacies. Elles garantissent la qualit\u00e9 et la s\u00e9curit\u00e9 des m\u00e9dicaments.<\/p>\n<h3>Achetez du propionate 100 mg dans un emballage discret<\/h3>\n<p>Commandez du propionate 100 mg en ligne pour ses effets androg\u00e8nes et anaboliques mod\u00e9r\u00e9s, ce qui le rend pr\u00e9cieux pour favoriser la masculinisation et adapt\u00e9 aux th\u00e9rapies de substitution androg\u00e9nique. Le propionate de testost\u00e9rone est un ester de testost\u00e9rone et un prom\u00e9dicament \u00e0 courte dur\u00e9e d'action. Achetez du propionate 100 mg en ligne \u00e0 la dose n\u00e9cessaire pour votre traitement ou pour augmenter votre libido. Ce m\u00e9dicament traitera vos troubles sexuels, vos probl\u00e8mes d'\u00e9rection et vos relations sexuelles psychologiques. Le propionate de testost\u00e9rone est disponible avec un service de livraison rapide et s\u00e9curis\u00e9 sur buy-prescriptionz.com, sous forme d'huile, par injection intramusculaire, comme indiqu\u00e9. Son action est relativement courte (0,8 jour et 1,5 jour). Son action est br\u00e8ve et n\u00e9cessite une prise r\u00e9guli\u00e8re plusieurs fois par semaine.<\/p>","protected":false},"excerpt":{"rendered":"<p>Buy Propionate Online Buy Propionate Online,Testosterone Propionate or Propionate is an androgen and anabolic steroid prescription for the treatment of low testosterone levels in men. Buy Propionate 100 mg to treat breast cancer growth in women at buy-prescriptionz.com. Propionate 100 mg online to increase testosterone in the body Propionate 100 mg for sale as a [&hellip;]<\/p>","protected":false},"featured_media":3073,"comment_status":"open","ping_status":"closed","template":"","meta":{"site-sidebar-layout":"default","site-content-layout":"","ast-site-content-layout":"default","site-content-style":"default","site-sidebar-style":"default","ast-global-header-display":"","ast-banner-title-visibility":"","ast-main-header-display":"","ast-hfb-above-header-display":"","ast-hfb-below-header-display":"","ast-hfb-mobile-header-display":"","site-post-title":"","ast-breadcrumbs-content":"","ast-featured-img":"","footer-sml-layout":"","theme-transparent-header-meta":"default","adv-header-id-meta":"","stick-header-meta":"","header-above-stick-meta":"","header-main-stick-meta":"","header-below-stick-meta":"","astra-migrate-meta-layouts":"set","ast-page-background-enabled":"default","ast-page-background-meta":{"desktop":{"background-color":"var(--ast-global-color-4)","background-image":"","background-repeat":"repeat","background-position":"center center","background-size":"auto","background-attachment":"scroll","background-type":"","background-media":"","overlay-type":"","overlay-color":"","overlay-opacity":"","overlay-gradient":""},"tablet":{"background-color":"","background-image":"","background-repeat":"repeat","background-position":"center center","background-size":"auto","background-attachment":"scroll","background-type":"","background-media":"","overlay-type":"","overlay-color":"","overlay-opacity":"","overlay-gradient":""},"mobile":{"background-color":"","background-image":"","background-repeat":"repeat","background-position":"center center","background-size":"auto","background-attachment":"scroll","background-type":"","background-media":"","overlay-type":"","overlay-color":"","overlay-opacity":"","overlay-gradient":""}},"ast-content-background-meta":{"desktop":{"background-color":"var(--ast-global-color-5)","background-image":"","background-repeat":"repeat","background-position":"center center","background-size":"auto","background-attachment":"scroll","background-type":"","background-media":"","overlay-type":"","overlay-color":"","overlay-opacity":"","overlay-gradient":""},"tablet":{"background-color":"var(--ast-global-color-5)","background-image":"","background-repeat":"repeat","background-position":"center center","background-size":"auto","background-attachment":"scroll","background-type":"","background-media":"","overlay-type":"","overlay-color":"","overlay-opacity":"","overlay-gradient":""},"mobile":{"background-color":"var(--ast-global-color-5)","background-image":"","background-repeat":"repeat","background-position":"center center","background-size":"auto","background-attachment":"scroll","background-type":"","background-media":"","overlay-type":"","overlay-color":"","overlay-opacity":"","overlay-gradient":""}}},"product_brand":[],"product_cat":[2384],"product_tag":[1313,1314,1312,1307,1310,1309,1308,1311,1306,1305,1315],"class_list":{"0":"post-3043","1":"product","2":"type-product","3":"status-publish","4":"has-post-thumbnail","6":"product_cat-buy-anabolic-steroids-online","7":"product_tag-buy-propionate-in-canada","8":"product_tag-buy-propionate-in-uk","9":"product_tag-buy-propionate-in-usa","10":"product_tag-buy-propionate-with-bitcoin","11":"product_tag-buy-propionate-with-credit-card","12":"product_tag-buy-propionate-with-money-gram","13":"product_tag-buy-propionate-with-western-union","14":"product_tag-buy-propionate-without-a-doctor","15":"product_tag-buy-propionate-without-prescription","16":"product_tag-propionate-for-sale","17":"product_tag-propionate-injection","18":"desktop-align-center","19":"tablet-align-left","20":"mobile-align-left","22":"first","23":"instock","24":"shipping-taxable","25":"purchasable","26":"product-type-variable","27":"has-default-attributes"},"yoast_head":"<!-- This site is optimized with the Yoast SEO plugin v25.9 - https:\/\/yoast.com\/wordpress\/plugins\/seo\/ -->\n<title>Buy Propionate Online - Propionate for Sale<\/title>\n<meta name=\"description\" content=\"Our store has the top quality Propionate for sale. You can never get over the quality of our products. If you need then, You can buy Propionate online right away. Order now!\" \/>\n<meta name=\"robots\" content=\"index, follow, max-snippet:-1, max-image-preview:large, max-video-preview:-1\" \/>\n<link rel=\"canonical\" href=\"https:\/\/buy-prescriptionz.com\/fr\/produit\/acheter-du-propionate-en-ligne\/\" \/>\n<meta property=\"og:locale\" content=\"fr_FR\" \/>\n<meta property=\"og:type\" content=\"article\" \/>\n<meta property=\"og:title\" content=\"Buy Propionate Online - Propionate for Sale\" \/>\n<meta property=\"og:description\" content=\"Our store has the top quality Propionate for sale. You can never get over the quality of our products. If you need then, You can buy Propionate online right away. Order now!\" \/>\n<meta property=\"og:url\" content=\"https:\/\/buy-prescriptionz.com\/fr\/produit\/acheter-du-propionate-en-ligne\/\" \/>\n<meta property=\"og:site_name\" content=\"Buy Prescriptionz\" \/>\n<meta property=\"article:modified_time\" content=\"2025-09-27T11:46:54+00:00\" \/>\n<meta property=\"og:image\" content=\"https:\/\/buy-prescriptionz.com\/wp-content\/uploads\/2025\/09\/propionate.jpg\" \/>\n\t<meta property=\"og:image:width\" content=\"400\" \/>\n\t<meta property=\"og:image:height\" content=\"300\" \/>\n\t<meta property=\"og:image:type\" content=\"image\/jpeg\" \/>\n<meta name=\"twitter:card\" content=\"summary_large_image\" \/>\n<meta name=\"twitter:label1\" content=\"Dur\u00e9e de lecture estim\u00e9e\" \/>\n\t<meta name=\"twitter:data1\" content=\"3 minutes\" \/>\n<script type=\"application\/ld+json\" class=\"yoast-schema-graph\">{\"@context\":\"https:\/\/schema.org\",\"@graph\":[{\"@type\":\"WebPage\",\"@id\":\"https:\/\/buy-prescriptionz.com\/product\/buy-propionate-online\/\",\"url\":\"https:\/\/buy-prescriptionz.com\/product\/buy-propionate-online\/\",\"name\":\"Buy Propionate Online - Propionate for Sale\",\"isPartOf\":{\"@id\":\"https:\/\/buy-prescriptionz.com\/#website\"},\"primaryImageOfPage\":{\"@id\":\"https:\/\/buy-prescriptionz.com\/product\/buy-propionate-online\/#primaryimage\"},\"image\":{\"@id\":\"https:\/\/buy-prescriptionz.com\/product\/buy-propionate-online\/#primaryimage\"},\"thumbnailUrl\":\"https:\/\/buy-prescriptionz.com\/wp-content\/uploads\/2025\/09\/propionate.jpg\",\"datePublished\":\"2025-09-16T08:56:08+00:00\",\"dateModified\":\"2025-09-27T11:46:54+00:00\",\"description\":\"Our store has the top quality Propionate for sale. You can never get over the quality of our products. If you need then, You can buy Propionate online right away. Order now!\",\"breadcrumb\":{\"@id\":\"https:\/\/buy-prescriptionz.com\/product\/buy-propionate-online\/#breadcrumb\"},\"inLanguage\":\"fr-FR\",\"potentialAction\":[{\"@type\":\"ReadAction\",\"target\":[\"https:\/\/buy-prescriptionz.com\/product\/buy-propionate-online\/\"]}]},{\"@type\":\"ImageObject\",\"inLanguage\":\"fr-FR\",\"@id\":\"https:\/\/buy-prescriptionz.com\/product\/buy-propionate-online\/#primaryimage\",\"url\":\"https:\/\/buy-prescriptionz.com\/wp-content\/uploads\/2025\/09\/propionate.jpg\",\"contentUrl\":\"https:\/\/buy-prescriptionz.com\/wp-content\/uploads\/2025\/09\/propionate.jpg\",\"width\":400,\"height\":300},{\"@type\":\"BreadcrumbList\",\"@id\":\"https:\/\/buy-prescriptionz.com\/product\/buy-propionate-online\/#breadcrumb\",\"itemListElement\":[{\"@type\":\"ListItem\",\"position\":1,\"name\":\"Home\",\"item\":\"https:\/\/buy-prescriptionz.com\/\"},{\"@type\":\"ListItem\",\"position\":2,\"name\":\"Shop Painkillers Online\",\"item\":\"https:\/\/buy-prescriptionz.com\/shop-painkillers-online\/\"},{\"@type\":\"ListItem\",\"position\":3,\"name\":\"Buy Propionate Online\"}]},{\"@type\":\"WebSite\",\"@id\":\"https:\/\/buy-prescriptionz.com\/#website\",\"url\":\"https:\/\/buy-prescriptionz.com\/\",\"name\":\"Buy Prescriptionz\",\"description\":\"Drugs Online\",\"publisher\":{\"@id\":\"https:\/\/buy-prescriptionz.com\/#organization\"},\"potentialAction\":[{\"@type\":\"SearchAction\",\"target\":{\"@type\":\"EntryPoint\",\"urlTemplate\":\"https:\/\/buy-prescriptionz.com\/?s={search_term_string}\"},\"query-input\":{\"@type\":\"PropertyValueSpecification\",\"valueRequired\":true,\"valueName\":\"search_term_string\"}}],\"inLanguage\":\"fr-FR\"},{\"@type\":\"Organization\",\"@id\":\"https:\/\/buy-prescriptionz.com\/#organization\",\"name\":\"Buy Prescriptionz\",\"url\":\"https:\/\/buy-prescriptionz.com\/\",\"logo\":{\"@type\":\"ImageObject\",\"inLanguage\":\"fr-FR\",\"@id\":\"https:\/\/buy-prescriptionz.com\/#\/schema\/logo\/image\/\",\"url\":\"https:\/\/buy-prescriptionz.com\/wp-content\/uploads\/2023\/09\/logo.png\",\"contentUrl\":\"https:\/\/buy-prescriptionz.com\/wp-content\/uploads\/2023\/09\/logo.png\",\"width\":350,\"height\":64,\"caption\":\"Buy Prescriptionz\"},\"image\":{\"@id\":\"https:\/\/buy-prescriptionz.com\/#\/schema\/logo\/image\/\"}}]}<\/script>\n<!-- \/ Yoast SEO plugin. -->","yoast_head_json":{"title":"Acheter du propionate en ligne\u00a0\u2013\u00a0Propionate \u00e0 vendre","description":"Notre magasin propose du propionate de qualit\u00e9 sup\u00e9rieure. La qualit\u00e9 de nos produits est irr\u00e9prochable. Si vous en avez besoin, vous pouvez acheter du propionate en ligne d\u00e8s maintenant. Commandez d\u00e8s maintenant\u00a0!","robots":{"index":"index","follow":"follow","max-snippet":"max-snippet:-1","max-image-preview":"max-image-preview:large","max-video-preview":"max-video-preview:-1"},"canonical":"https:\/\/buy-prescriptionz.com\/fr\/produit\/acheter-du-propionate-en-ligne\/","og_locale":"fr_FR","og_type":"article","og_title":"Buy Propionate Online - Propionate for Sale","og_description":"Our store has the top quality Propionate for sale. You can never get over the quality of our products. If you need then, You can buy Propionate online right away. Order now!","og_url":"https:\/\/buy-prescriptionz.com\/fr\/produit\/acheter-du-propionate-en-ligne\/","og_site_name":"Buy Prescriptionz","article_modified_time":"2025-09-27T11:46:54+00:00","og_image":[{"width":400,"height":300,"url":"https:\/\/buy-prescriptionz.com\/wp-content\/uploads\/2025\/09\/propionate.jpg","type":"image\/jpeg"}],"twitter_card":"summary_large_image","twitter_misc":{"Dur\u00e9e de lecture estim\u00e9e":"3 minutes"},"schema":{"@context":"https:\/\/schema.org","@graph":[{"@type":"WebPage","@id":"https:\/\/buy-prescriptionz.com\/product\/buy-propionate-online\/","url":"https:\/\/buy-prescriptionz.com\/product\/buy-propionate-online\/","name":"Acheter du propionate en ligne\u00a0\u2013\u00a0Propionate \u00e0 vendre","isPartOf":{"@id":"https:\/\/buy-prescriptionz.com\/#website"},"primaryImageOfPage":{"@id":"https:\/\/buy-prescriptionz.com\/product\/buy-propionate-online\/#primaryimage"},"image":{"@id":"https:\/\/buy-prescriptionz.com\/product\/buy-propionate-online\/#primaryimage"},"thumbnailUrl":"https:\/\/buy-prescriptionz.com\/wp-content\/uploads\/2025\/09\/propionate.jpg","datePublished":"2025-09-16T08:56:08+00:00","dateModified":"2025-09-27T11:46:54+00:00","description":"Notre magasin propose du propionate de qualit\u00e9 sup\u00e9rieure. La qualit\u00e9 de nos produits est irr\u00e9prochable. Si vous en avez besoin, vous pouvez acheter du propionate en ligne d\u00e8s maintenant. Commandez d\u00e8s maintenant\u00a0!","breadcrumb":{"@id":"https:\/\/buy-prescriptionz.com\/product\/buy-propionate-online\/#breadcrumb"},"inLanguage":"fr-FR","potentialAction":[{"@type":"ReadAction","target":["https:\/\/buy-prescriptionz.com\/product\/buy-propionate-online\/"]}]},{"@type":"ImageObject","inLanguage":"fr-FR","@id":"https:\/\/buy-prescriptionz.com\/product\/buy-propionate-online\/#primaryimage","url":"https:\/\/buy-prescriptionz.com\/wp-content\/uploads\/2025\/09\/propionate.jpg","contentUrl":"https:\/\/buy-prescriptionz.com\/wp-content\/uploads\/2025\/09\/propionate.jpg","width":400,"height":300},{"@type":"BreadcrumbList","@id":"https:\/\/buy-prescriptionz.com\/product\/buy-propionate-online\/#breadcrumb","itemListElement":[{"@type":"ListItem","position":1,"name":"Home","item":"https:\/\/buy-prescriptionz.com\/"},{"@type":"ListItem","position":2,"name":"Shop Painkillers Online","item":"https:\/\/buy-prescriptionz.com\/shop-painkillers-online\/"},{"@type":"ListItem","position":3,"name":"Buy Propionate Online"}]},{"@type":"WebSite","@id":"https:\/\/buy-prescriptionz.com\/#website","url":"https:\/\/buy-prescriptionz.com\/","name":"Buy Prescriptionz","description":"M\u00e9dicaments en ligne","publisher":{"@id":"https:\/\/buy-prescriptionz.com\/#organization"},"potentialAction":[{"@type":"SearchAction","target":{"@type":"EntryPoint","urlTemplate":"https:\/\/buy-prescriptionz.com\/?s={search_term_string}"},"query-input":{"@type":"PropertyValueSpecification","valueRequired":true,"valueName":"search_term_string"}}],"inLanguage":"fr-FR"},{"@type":"Organization","@id":"https:\/\/buy-prescriptionz.com\/#organization","name":"Buy Prescriptionz","url":"https:\/\/buy-prescriptionz.com\/","logo":{"@type":"ImageObject","inLanguage":"fr-FR","@id":"https:\/\/buy-prescriptionz.com\/#\/schema\/logo\/image\/","url":"https:\/\/buy-prescriptionz.com\/wp-content\/uploads\/2023\/09\/logo.png","contentUrl":"https:\/\/buy-prescriptionz.com\/wp-content\/uploads\/2023\/09\/logo.png","width":350,"height":64,"caption":"Buy Prescriptionz"},"image":{"@id":"https:\/\/buy-prescriptionz.com\/#\/schema\/logo\/image\/"}}]}},"_links":{"self":[{"href":"https:\/\/buy-prescriptionz.com\/fr\/wp-json\/wp\/v2\/product\/3043","targetHints":{"allow":["GET"]}}],"collection":[{"href":"https:\/\/buy-prescriptionz.com\/fr\/wp-json\/wp\/v2\/product"}],"about":[{"href":"https:\/\/buy-prescriptionz.com\/fr\/wp-json\/wp\/v2\/types\/product"}],"replies":[{"embeddable":true,"href":"https:\/\/buy-prescriptionz.com\/fr\/wp-json\/wp\/v2\/comments?post=3043"}],"wp:featuredmedia":[{"embeddable":true,"href":"https:\/\/buy-prescriptionz.com\/fr\/wp-json\/wp\/v2\/media\/3073"}],"wp:attachment":[{"href":"https:\/\/buy-prescriptionz.com\/fr\/wp-json\/wp\/v2\/media?parent=3043"}],"wp:term":[{"taxonomy":"product_brand","embeddable":true,"href":"https:\/\/buy-prescriptionz.com\/fr\/wp-json\/wp\/v2\/product_brand?post=3043"},{"taxonomy":"product_cat","embeddable":true,"href":"https:\/\/buy-prescriptionz.com\/fr\/wp-json\/wp\/v2\/product_cat?post=3043"},{"taxonomy":"product_tag","embeddable":true,"href":"https:\/\/buy-prescriptionz.com\/fr\/wp-json\/wp\/v2\/product_tag?post=3043"}],"curies":[{"name":"wp","href":"https:\/\/api.w.org\/{rel}","templated":true}]}}