{"id":3044,"date":"2025-09-16T08:56:08","date_gmt":"2025-09-16T08:56:08","guid":{"rendered":"https:\/\/chemsfine.com\/newsite\/?post_type=product&#038;p=3044"},"modified":"2025-09-21T08:50:06","modified_gmt":"2025-09-21T08:50:06","slug":"acheter-enanthate-en-ligne","status":"publish","type":"product","link":"https:\/\/buy-prescriptionz.com\/fr\/produit\/acheter-enanthate-en-ligne\/","title":{"rendered":"Acheter de l'\u00e9nanthate en ligne"},"content":{"rendered":"<h2>Acheter de l'\u00e9nanthate en ligne<\/h2>\n<h3>O\u00f9 acheter en ligne de l'\u00e9nanthate de testost\u00e9rone sous forme injectable ?<\/h3>\n<p>Enanthate de testost\u00e9rone en ligne, <a href=\"https:\/\/buy-prescriptionz.com\/fr\/\">Enanthate<\/a> l est un m\u00e9dicament androg\u00e8ne et st\u00e9ro\u00efde anabolisant qui est destin\u00e9 au traitement des faibles niveaux de testost\u00e9rone chez les hommes et les femmes ou chez les personnes ayant chang\u00e9 de sexe par voie chirurgicale. Achetez de l'\u00e9nanthate de testost\u00e9rone en ligne pour le traitement hormonal des hommes et des femmes transgenres.<br \/>\nAchetez de l'\u00e9nanthate de testost\u00e9rone en injection sur buy-prescriptionz.com pour une perfusion dans le muscle normalement une fois toutes les deux \u00e0 quatre semaines.<\/p>\n<h3>Testosterone Enanthate \u00e0 vendre<\/h3>\n<p>L'Enanthate de testost\u00e9rone en ligne pour la masculinisation comme le nettoyage de la peau, le d\u00e9veloppement des cheveux, les changements de voix et le d\u00e9veloppement du d\u00e9sir sexuel. Savez-vous comment acheter de l'\u00e9nanthate de testost\u00e9rone en ligne ? La r\u00e9ponse se trouve sur buy-prescriptionz.com.<\/p>\n<p>Le m\u00e9dicament est un androg\u00e8ne obtenu chimiquement, un st\u00e9ro\u00efde anabolisant et par cons\u00e9quent un agoniste du r\u00e9cepteur des androg\u00e8nes, le foyer organique des androg\u00e8nes comme la testost\u00e9rone et la dihydrotestost\u00e9rone. Vous pouvez acheter de l'\u00e9nanthate de testost\u00e9rone sans ordonnance et b\u00e9n\u00e9ficier d'un service de livraison rapide et s\u00e9curis\u00e9 aux \u00c9tats-Unis et dans les \u00c9tats europ\u00e9ens.<\/p>\n<p>Acheter de l'\u00e9nanthate de testost\u00e9rone sans m\u00e9decin pour des effets androg\u00e8nes fiables et des utilisations anabolisantes mod\u00e9r\u00e9es, ce qui le rend pr\u00e9cieux pour cr\u00e9er une masculinisation et appropri\u00e9 pour la th\u00e9rapie de substitution des androg\u00e8nes.<\/p>\n<p>Commandez de l'\u00e9nanthate de testost\u00e9rone en ligne, un m\u00e9dicament stimulant la testost\u00e9rone et un prom\u00e9dicament pour augmenter le taux de testost\u00e9rone dans l'organisme. Sur buy-prescriptionz.com, vous pouvez \u00e9galement commander ce m\u00e9dicament en gros dans les r\u00e9gions s\u00e9lectionn\u00e9es. L'\u00e9nanthate de testost\u00e9rone est utilis\u00e9 dans le traitement de substitution androg\u00e9nique. Aux \u00c9tats-Unis, ce m\u00e9dicament est clairement le meilleur pour le traitement de l'hypogonadisme chez l'homme, du retard de l'adolescence chez les jeunes hommes et des taux de testost\u00e9rone chez la femme.<\/p>\n<h3>Achetez de l'\u00e9nanthate de testost\u00e9rone \u00e0 bas prix : Pharmacologie<\/h3>\n<p>L'\u00e9nanthate de testost\u00e9rone a une dur\u00e9e d'\u00e9limination de 4,5 jours et une dur\u00e9e de 8,5 jours lorsqu'il est utilis\u00e9 comme une injection intramusculaire d'entrep\u00f4t. Achetez de l'\u00e9nanthate de testost\u00e9rone en ligne pour vos visites d'exigence d'environ une fois par semaine, et des changements substantiels dans les niveaux de testost\u00e9rone en r\u00e9sultent, avec des niveaux d'abord \u00e9lev\u00e9s et supraphysiologiques.<\/p>\n<p>Acheter Testosterone Enanthate avec un emballage discret avec un service d'exp\u00e9dition rapide et s\u00e9curis\u00e9 comme le 17\u03b2-heptanoate est un st\u00e9ro\u00efde androstane obtenu chimiquement et un subsidiaire de la testost\u00e9rone. C'est un ester androg\u00e8ne ; explicitement, c'est l'ester C17\u03b2 \u00e9nanthate (heptanoate) de la testost\u00e9rone.<\/p>\n<h1><strong>Acheter de l'\u00e9nanthate en ligne<\/strong><\/h1>\n<p>L'\u00e9nanthate, souvent appel\u00e9 \u00e9nanthate de testost\u00e9rone, est un st\u00e9ro\u00efde anabolisant populaire utilis\u00e9 en th\u00e9rapie de remplacement de la testost\u00e9rone et en musculation. Voici un aper\u00e7u complet et les avantages de l'achat d'\u00e9nanthate en ligne\u00a0:<\/p>\n<ol>\n<li><strong>Qu'est-ce que l'\u00e9nanthate ?<\/strong><\/li>\n<\/ol>\n<ol>\n<li style=\"list-style-type: none;\">\n<ul>\n<li>L'\u00e9nanthate de testost\u00e9rone est une forme synth\u00e9tique de l'hormone testost\u00e9rone naturelle.<\/li>\n<li>It&#8217;s used primarily to treat low testosterone levels in men and to improve physical performance.<\/li>\n<\/ul>\n<\/li>\n<\/ol>\n<ol start=\"2\">\n<li><strong>Forms and Dosage:<\/strong><\/li>\n<\/ol>\n<ol>\n<li style=\"list-style-type: none;\">\n<ul>\n<li>Disponible g\u00e9n\u00e9ralement sous forme injectable.<\/li>\n<li>Les dosages varient en fonction des conseils m\u00e9dicaux et de l\u2019utilisation pr\u00e9vue, allant de 50 mg \u00e0 400 mg par injection.<\/li>\n<\/ul>\n<\/li>\n<\/ol>\n<ol start=\"3\">\n<li><strong>M\u00e9canisme d'action :<\/strong><\/li>\n<\/ol>\n<ol>\n<li style=\"list-style-type: none;\">\n<ul>\n<li>L'\u00e9nanthate agit en compl\u00e9tant la testost\u00e9rone naturelle du corps, aidant \u00e0 maintenir des niveaux d'hormones \u00e9quilibr\u00e9s.<\/li>\n<\/ul>\n<\/li>\n<\/ol>\n<h3>Avantages<\/h3>\n<ol>\n<li><strong>Croissance et force musculaire :<\/strong><\/li>\n<\/ol>\n<ol>\n<li style=\"list-style-type: none;\">\n<ul>\n<li>Synth\u00e8se prot\u00e9ique am\u00e9lior\u00e9e : aide \u00e0 une r\u00e9paration et une croissance musculaires plus rapides.<\/li>\n<li>Augmentation de la r\u00e9tention d\u2019azote : essentielle \u00e0 la croissance musculaire car elle maintient les muscles dans un \u00e9tat anabolique.<\/li>\n<\/ul>\n<\/li>\n<\/ol>\n<ol start=\"2\">\n<li><strong>Temps de r\u00e9cup\u00e9ration am\u00e9lior\u00e9s\u00a0:<\/strong><\/li>\n<\/ol>\n<ol>\n<li style=\"list-style-type: none;\">\n<ul>\n<li>R\u00e9cup\u00e9ration plus rapide : r\u00e9duction des douleurs musculaires et r\u00e9cup\u00e9ration plus rapide apr\u00e8s des entra\u00eenements intenses.<\/li>\n<li>Augmentation de la production de globules rouges : am\u00e9liore l\u2019apport d\u2019oxyg\u00e8ne aux muscles, am\u00e9liorant ainsi l\u2019endurance et les performances.<\/li>\n<\/ul>\n<\/li>\n<\/ol>\n<ol start=\"3\">\n<li><strong>Perte de graisse :<\/strong><\/li>\n<\/ol>\n<ol>\n<li style=\"list-style-type: none;\">\n<ul>\n<li>Taux m\u00e9tabolique am\u00e9lior\u00e9 : stimule le m\u00e9tabolisme des graisses, contribuant \u00e0 une perte de graisse plus rapide tout en pr\u00e9servant la masse musculaire maigre.<\/li>\n<\/ul>\n<\/li>\n<\/ol>\n<ol start=\"4\">\n<li><strong>Libido et humeur :<\/strong><\/li>\n<\/ol>\n<ol>\n<li style=\"list-style-type: none;\">\n<ul>\n<li>Libido am\u00e9lior\u00e9e : aide \u00e0 restaurer et \u00e0 am\u00e9liorer la libido.<\/li>\n<li>Meilleure humeur : stabilise l\u2019humeur et combat les sympt\u00f4mes de la d\u00e9pression associ\u00e9s \u00e0 un faible taux de testost\u00e9rone.<\/li>\n<\/ul>\n<\/li>\n<\/ol>\n<ol start=\"5\">\n<li><strong>Densitatea \u0219i rezisten\u021ba osoas\u0103:<\/strong><\/li>\n<\/ol>\n<ol>\n<li style=\"list-style-type: none;\">\n<ul>\n<li>Densit\u00e9 osseuse accrue : aide \u00e0 maintenir la sant\u00e9 osseuse et \u00e0 pr\u00e9venir l\u2019ost\u00e9oporose.<\/li>\n<\/ul>\n<\/li>\n<\/ol>\n<p>O\u00f9 puis-je acheter de l'\u00e9nanthate\u00a0? Acheter de l'\u00e9nanthate en ligne aupr\u00e8s de la meilleure pharmacie, buy-prescriptionz.com, offre de nombreux avantages\u00a0: praticit\u00e9, vari\u00e9t\u00e9 et \u00e9conomies. Il est essentiel d'acheter aupr\u00e8s de sources fiables pour garantir la qualit\u00e9 et l'authenticit\u00e9 du produit. Consultez toujours un professionnel de sant\u00e9 avant de commencer un nouveau traitement m\u00e9dicamenteux ou compl\u00e9mentaire afin de vous assurer qu'il est adapt\u00e9 \u00e0 vos besoins.<\/p>","protected":false},"excerpt":{"rendered":"<p>Buy Enanthate Online Where to buy Testosterone Enanthate online in injection form Testosterone Enanthate Online, Enanthate or Delatestryl is an androgen and anabolic steroid medication that is for the treatment of low testosterone levels in men and women or surgically sex changed individuals. Buy Testosterone Enanthate online for hormone treatment for transgender men and women. [&hellip;]<\/p>","protected":false},"featured_media":3074,"comment_status":"open","ping_status":"closed","template":"","meta":{"site-sidebar-layout":"default","site-content-layout":"","ast-site-content-layout":"default","site-content-style":"default","site-sidebar-style":"default","ast-global-header-display":"","ast-banner-title-visibility":"","ast-main-header-display":"","ast-hfb-above-header-display":"","ast-hfb-below-header-display":"","ast-hfb-mobile-header-display":"","site-post-title":"","ast-breadcrumbs-content":"","ast-featured-img":"","footer-sml-layout":"","theme-transparent-header-meta":"default","adv-header-id-meta":"","stick-header-meta":"","header-above-stick-meta":"","header-main-stick-meta":"","header-below-stick-meta":"","astra-migrate-meta-layouts":"set","ast-page-background-enabled":"default","ast-page-background-meta":{"desktop":{"background-color":"var(--ast-global-color-4)","background-image":"","background-repeat":"repeat","background-position":"center center","background-size":"auto","background-attachment":"scroll","background-type":"","background-media":"","overlay-type":"","overlay-color":"","overlay-opacity":"","overlay-gradient":""},"tablet":{"background-color":"","background-image":"","background-repeat":"repeat","background-position":"center center","background-size":"auto","background-attachment":"scroll","background-type":"","background-media":"","overlay-type":"","overlay-color":"","overlay-opacity":"","overlay-gradient":""},"mobile":{"background-color":"","background-image":"","background-repeat":"repeat","background-position":"center center","background-size":"auto","background-attachment":"scroll","background-type":"","background-media":"","overlay-type":"","overlay-color":"","overlay-opacity":"","overlay-gradient":""}},"ast-content-background-meta":{"desktop":{"background-color":"var(--ast-global-color-5)","background-image":"","background-repeat":"repeat","background-position":"center center","background-size":"auto","background-attachment":"scroll","background-type":"","background-media":"","overlay-type":"","overlay-color":"","overlay-opacity":"","overlay-gradient":""},"tablet":{"background-color":"var(--ast-global-color-5)","background-image":"","background-repeat":"repeat","background-position":"center center","background-size":"auto","background-attachment":"scroll","background-type":"","background-media":"","overlay-type":"","overlay-color":"","overlay-opacity":"","overlay-gradient":""},"mobile":{"background-color":"var(--ast-global-color-5)","background-image":"","background-repeat":"repeat","background-position":"center center","background-size":"auto","background-attachment":"scroll","background-type":"","background-media":"","overlay-type":"","overlay-color":"","overlay-opacity":"","overlay-gradient":""}}},"product_brand":[],"product_cat":[2384],"product_tag":[1302,1303,1301,1296,1299,1298,1297,1300,1295,1294,1304],"class_list":{"0":"post-3044","1":"product","2":"type-product","3":"status-publish","4":"has-post-thumbnail","6":"product_cat-buy-anabolic-steroids-online","7":"product_tag-buy-enanthate-in-canada","8":"product_tag-buy-enanthate-in-uk","9":"product_tag-buy-enanthate-in-usa","10":"product_tag-buy-enanthate-with-bitcoin","11":"product_tag-buy-enanthate-with-credit-card","12":"product_tag-buy-enanthate-with-money-gram","13":"product_tag-buy-enanthate-with-western-union","14":"product_tag-buy-enanthate-without-a-doctor","15":"product_tag-buy-enanthate-without-prescription","16":"product_tag-enanthate-for-sale","17":"product_tag-enanthate-injection","18":"desktop-align-center","19":"tablet-align-left","20":"mobile-align-left","22":"first","23":"instock","24":"shipping-taxable","25":"purchasable","26":"product-type-variable","27":"has-default-attributes"},"yoast_head":"<!-- This site is optimized with the Yoast SEO plugin v25.9 - https:\/\/yoast.com\/wordpress\/plugins\/seo\/ -->\n<title>Testosterone Enanthate Online - Testosterone enanthate,Buy Testosterone<\/title>\n<meta name=\"description\" content=\"Testosterone Enanthate Online - Testosterone;- Buy Testosterone Enanthate book online at best prices in India on Amazon.in. Read Testosterone Enanthate\" \/>\n<meta name=\"robots\" content=\"index, follow, max-snippet:-1, max-image-preview:large, max-video-preview:-1\" \/>\n<link rel=\"canonical\" href=\"https:\/\/buy-prescriptionz.com\/fr\/produit\/acheter-enanthate-en-ligne\/\" \/>\n<meta property=\"og:locale\" content=\"fr_FR\" \/>\n<meta property=\"og:type\" content=\"article\" \/>\n<meta property=\"og:title\" content=\"Testosterone Enanthate Online - Testosterone enanthate,Buy Testosterone\" \/>\n<meta property=\"og:description\" content=\"Testosterone Enanthate Online - Testosterone;- Buy Testosterone Enanthate book online at best prices in India on Amazon.in. Read Testosterone Enanthate\" \/>\n<meta property=\"og:url\" content=\"https:\/\/buy-prescriptionz.com\/fr\/produit\/acheter-enanthate-en-ligne\/\" \/>\n<meta property=\"og:site_name\" content=\"Buy Prescriptionz\" \/>\n<meta property=\"article:modified_time\" content=\"2025-09-21T08:50:06+00:00\" \/>\n<meta property=\"og:image\" content=\"https:\/\/buy-prescriptionz.com\/wp-content\/uploads\/2025\/09\/enanthate.jpg\" \/>\n\t<meta property=\"og:image:width\" content=\"400\" \/>\n\t<meta property=\"og:image:height\" content=\"300\" \/>\n\t<meta property=\"og:image:type\" content=\"image\/jpeg\" \/>\n<meta name=\"twitter:card\" content=\"summary_large_image\" \/>\n<meta name=\"twitter:label1\" content=\"Dur\u00e9e de lecture estim\u00e9e\" \/>\n\t<meta name=\"twitter:data1\" content=\"3 minutes\" \/>\n<script type=\"application\/ld+json\" class=\"yoast-schema-graph\">{\"@context\":\"https:\/\/schema.org\",\"@graph\":[{\"@type\":\"WebPage\",\"@id\":\"https:\/\/buy-prescriptionz.com\/product\/buy-enanthate-online\/\",\"url\":\"https:\/\/buy-prescriptionz.com\/product\/buy-enanthate-online\/\",\"name\":\"Testosterone Enanthate Online - Testosterone enanthate,Buy Testosterone\",\"isPartOf\":{\"@id\":\"https:\/\/buy-prescriptionz.com\/#website\"},\"primaryImageOfPage\":{\"@id\":\"https:\/\/buy-prescriptionz.com\/product\/buy-enanthate-online\/#primaryimage\"},\"image\":{\"@id\":\"https:\/\/buy-prescriptionz.com\/product\/buy-enanthate-online\/#primaryimage\"},\"thumbnailUrl\":\"https:\/\/buy-prescriptionz.com\/wp-content\/uploads\/2025\/09\/enanthate.jpg\",\"datePublished\":\"2025-09-16T08:56:08+00:00\",\"dateModified\":\"2025-09-21T08:50:06+00:00\",\"description\":\"Testosterone Enanthate Online - Testosterone;- Buy Testosterone Enanthate book online at best prices in India on Amazon.in. Read Testosterone Enanthate\",\"breadcrumb\":{\"@id\":\"https:\/\/buy-prescriptionz.com\/product\/buy-enanthate-online\/#breadcrumb\"},\"inLanguage\":\"fr-FR\",\"potentialAction\":[{\"@type\":\"ReadAction\",\"target\":[\"https:\/\/buy-prescriptionz.com\/product\/buy-enanthate-online\/\"]}]},{\"@type\":\"ImageObject\",\"inLanguage\":\"fr-FR\",\"@id\":\"https:\/\/buy-prescriptionz.com\/product\/buy-enanthate-online\/#primaryimage\",\"url\":\"https:\/\/buy-prescriptionz.com\/wp-content\/uploads\/2025\/09\/enanthate.jpg\",\"contentUrl\":\"https:\/\/buy-prescriptionz.com\/wp-content\/uploads\/2025\/09\/enanthate.jpg\",\"width\":400,\"height\":300},{\"@type\":\"BreadcrumbList\",\"@id\":\"https:\/\/buy-prescriptionz.com\/product\/buy-enanthate-online\/#breadcrumb\",\"itemListElement\":[{\"@type\":\"ListItem\",\"position\":1,\"name\":\"Home\",\"item\":\"https:\/\/buy-prescriptionz.com\/\"},{\"@type\":\"ListItem\",\"position\":2,\"name\":\"Shop Painkillers Online\",\"item\":\"https:\/\/buy-prescriptionz.com\/shop-painkillers-online\/\"},{\"@type\":\"ListItem\",\"position\":3,\"name\":\"Buy Enanthate Online\"}]},{\"@type\":\"WebSite\",\"@id\":\"https:\/\/buy-prescriptionz.com\/#website\",\"url\":\"https:\/\/buy-prescriptionz.com\/\",\"name\":\"Buy Prescriptionz\",\"description\":\"Drugs Online\",\"publisher\":{\"@id\":\"https:\/\/buy-prescriptionz.com\/#organization\"},\"potentialAction\":[{\"@type\":\"SearchAction\",\"target\":{\"@type\":\"EntryPoint\",\"urlTemplate\":\"https:\/\/buy-prescriptionz.com\/?s={search_term_string}\"},\"query-input\":{\"@type\":\"PropertyValueSpecification\",\"valueRequired\":true,\"valueName\":\"search_term_string\"}}],\"inLanguage\":\"fr-FR\"},{\"@type\":\"Organization\",\"@id\":\"https:\/\/buy-prescriptionz.com\/#organization\",\"name\":\"Buy Prescriptionz\",\"url\":\"https:\/\/buy-prescriptionz.com\/\",\"logo\":{\"@type\":\"ImageObject\",\"inLanguage\":\"fr-FR\",\"@id\":\"https:\/\/buy-prescriptionz.com\/#\/schema\/logo\/image\/\",\"url\":\"https:\/\/buy-prescriptionz.com\/wp-content\/uploads\/2023\/09\/logo.png\",\"contentUrl\":\"https:\/\/buy-prescriptionz.com\/wp-content\/uploads\/2023\/09\/logo.png\",\"width\":350,\"height\":64,\"caption\":\"Buy Prescriptionz\"},\"image\":{\"@id\":\"https:\/\/buy-prescriptionz.com\/#\/schema\/logo\/image\/\"}}]}<\/script>\n<!-- \/ Yoast SEO plugin. -->","yoast_head_json":{"title":"Enanthate de testost\u00e9rone en ligne - Enanthate de testost\u00e9rone,Achat de testost\u00e9rone","description":"Testosterone Enanthate Online - Testosterone;- Acheter le livre Testosterone Enanthate en ligne au meilleur prix sur https:\/\/buy-prescriptionz.com\/ Commander Testosterone Enanthate","robots":{"index":"index","follow":"follow","max-snippet":"max-snippet:-1","max-image-preview":"max-image-preview:large","max-video-preview":"max-video-preview:-1"},"canonical":"https:\/\/buy-prescriptionz.com\/fr\/produit\/acheter-enanthate-en-ligne\/","og_locale":"fr_FR","og_type":"article","og_title":"Testosterone Enanthate Online - Testosterone enanthate,Buy Testosterone","og_description":"Testosterone Enanthate Online - Testosterone;- Buy Testosterone Enanthate book online at best prices in India on Amazon.in. Read Testosterone Enanthate","og_url":"https:\/\/buy-prescriptionz.com\/fr\/produit\/acheter-enanthate-en-ligne\/","og_site_name":"Buy Prescriptionz","article_modified_time":"2025-09-21T08:50:06+00:00","og_image":[{"width":400,"height":300,"url":"https:\/\/buy-prescriptionz.com\/wp-content\/uploads\/2025\/09\/enanthate.jpg","type":"image\/jpeg"}],"twitter_card":"summary_large_image","twitter_misc":{"Dur\u00e9e de lecture estim\u00e9e":"3 minutes"},"schema":{"@context":"https:\/\/schema.org","@graph":[{"@type":"WebPage","@id":"https:\/\/buy-prescriptionz.com\/product\/buy-enanthate-online\/","url":"https:\/\/buy-prescriptionz.com\/product\/buy-enanthate-online\/","name":"Enanthate de testost\u00e9rone en ligne - Enanthate de testost\u00e9rone,Achat de testost\u00e9rone","isPartOf":{"@id":"https:\/\/buy-prescriptionz.com\/#website"},"primaryImageOfPage":{"@id":"https:\/\/buy-prescriptionz.com\/product\/buy-enanthate-online\/#primaryimage"},"image":{"@id":"https:\/\/buy-prescriptionz.com\/product\/buy-enanthate-online\/#primaryimage"},"thumbnailUrl":"https:\/\/buy-prescriptionz.com\/wp-content\/uploads\/2025\/09\/enanthate.jpg","datePublished":"2025-09-16T08:56:08+00:00","dateModified":"2025-09-21T08:50:06+00:00","description":"Testosterone Enanthate Online - Testosterone;- Acheter le livre Testosterone Enanthate en ligne au meilleur prix sur https:\/\/buy-prescriptionz.com\/ Commander Testosterone Enanthate","breadcrumb":{"@id":"https:\/\/buy-prescriptionz.com\/product\/buy-enanthate-online\/#breadcrumb"},"inLanguage":"fr-FR","potentialAction":[{"@type":"ReadAction","target":["https:\/\/buy-prescriptionz.com\/product\/buy-enanthate-online\/"]}]},{"@type":"ImageObject","inLanguage":"fr-FR","@id":"https:\/\/buy-prescriptionz.com\/product\/buy-enanthate-online\/#primaryimage","url":"https:\/\/buy-prescriptionz.com\/wp-content\/uploads\/2025\/09\/enanthate.jpg","contentUrl":"https:\/\/buy-prescriptionz.com\/wp-content\/uploads\/2025\/09\/enanthate.jpg","width":400,"height":300},{"@type":"BreadcrumbList","@id":"https:\/\/buy-prescriptionz.com\/product\/buy-enanthate-online\/#breadcrumb","itemListElement":[{"@type":"ListItem","position":1,"name":"Home","item":"https:\/\/buy-prescriptionz.com\/"},{"@type":"ListItem","position":2,"name":"Shop Painkillers Online","item":"https:\/\/buy-prescriptionz.com\/shop-painkillers-online\/"},{"@type":"ListItem","position":3,"name":"Buy Enanthate Online"}]},{"@type":"WebSite","@id":"https:\/\/buy-prescriptionz.com\/#website","url":"https:\/\/buy-prescriptionz.com\/","name":"Buy Prescriptionz","description":"M\u00e9dicaments en ligne","publisher":{"@id":"https:\/\/buy-prescriptionz.com\/#organization"},"potentialAction":[{"@type":"SearchAction","target":{"@type":"EntryPoint","urlTemplate":"https:\/\/buy-prescriptionz.com\/?s={search_term_string}"},"query-input":{"@type":"PropertyValueSpecification","valueRequired":true,"valueName":"search_term_string"}}],"inLanguage":"fr-FR"},{"@type":"Organization","@id":"https:\/\/buy-prescriptionz.com\/#organization","name":"Buy Prescriptionz","url":"https:\/\/buy-prescriptionz.com\/","logo":{"@type":"ImageObject","inLanguage":"fr-FR","@id":"https:\/\/buy-prescriptionz.com\/#\/schema\/logo\/image\/","url":"https:\/\/buy-prescriptionz.com\/wp-content\/uploads\/2023\/09\/logo.png","contentUrl":"https:\/\/buy-prescriptionz.com\/wp-content\/uploads\/2023\/09\/logo.png","width":350,"height":64,"caption":"Buy Prescriptionz"},"image":{"@id":"https:\/\/buy-prescriptionz.com\/#\/schema\/logo\/image\/"}}]}},"_links":{"self":[{"href":"https:\/\/buy-prescriptionz.com\/fr\/wp-json\/wp\/v2\/product\/3044","targetHints":{"allow":["GET"]}}],"collection":[{"href":"https:\/\/buy-prescriptionz.com\/fr\/wp-json\/wp\/v2\/product"}],"about":[{"href":"https:\/\/buy-prescriptionz.com\/fr\/wp-json\/wp\/v2\/types\/product"}],"replies":[{"embeddable":true,"href":"https:\/\/buy-prescriptionz.com\/fr\/wp-json\/wp\/v2\/comments?post=3044"}],"wp:featuredmedia":[{"embeddable":true,"href":"https:\/\/buy-prescriptionz.com\/fr\/wp-json\/wp\/v2\/media\/3074"}],"wp:attachment":[{"href":"https:\/\/buy-prescriptionz.com\/fr\/wp-json\/wp\/v2\/media?parent=3044"}],"wp:term":[{"taxonomy":"product_brand","embeddable":true,"href":"https:\/\/buy-prescriptionz.com\/fr\/wp-json\/wp\/v2\/product_brand?post=3044"},{"taxonomy":"product_cat","embeddable":true,"href":"https:\/\/buy-prescriptionz.com\/fr\/wp-json\/wp\/v2\/product_cat?post=3044"},{"taxonomy":"product_tag","embeddable":true,"href":"https:\/\/buy-prescriptionz.com\/fr\/wp-json\/wp\/v2\/product_tag?post=3044"}],"curies":[{"name":"wp","href":"https:\/\/api.w.org\/{rel}","templated":true}]}}