{"id":3045,"date":"2025-09-16T08:56:09","date_gmt":"2025-09-16T08:56:09","guid":{"rendered":"https:\/\/chemsfine.com\/newsite\/?post_type=product&#038;p=3045"},"modified":"2025-09-16T08:56:35","modified_gmt":"2025-09-16T08:56:35","slug":"acheter-cypionate-en-ligne","status":"publish","type":"product","link":"https:\/\/buy-prescriptionz.com\/fr\/produit\/acheter-cypionate-en-ligne\/","title":{"rendered":"Acheter Cypionate en ligne"},"content":{"rendered":"<h2>Acheter Cypionate en ligne<\/h2>\n<h3>Testost\u00e9rone Cypionate en ligne sur buy-prescriptionz.com<\/h3>\n<p>Achetez du Cypionate en ligne, ou D\u00e9po-Testost\u00e9rone, un st\u00e9ro\u00efde androg\u00e8ne et anabolisant qui augmente le taux de testost\u00e9rone. Achetez du Cypionate en ligne pour traiter les faibles taux de testost\u00e9rone chez les hommes et les femmes.<\/p>\n<h3>Achetez de la cypionate de testost\u00e9rone en quantit\u00e9 de 100 mg et 200 mg aux \u00c9tats-Unis.<\/h3>\n<p>Cypionate de testost\u00e9rone disponible en vente, \u00e0 administrer par voie intramusculaire ou mensuellement, selon l'indication clinique. Chaque dosage est disponible en injection et par voie orale sur buy-prescriptionz.com.<\/p>\n<p>Les r\u00e9ponses du cypionate de testost\u00e9rone rejoignent les signes de masculinisation comme l'aggravation de la peau, l'avancement des cheveux, les changements de voix et le d\u00e9sir sexuel prolong\u00e9.<br \/>\nAcheter Testosterone Cypionate sans ordonnance, un androg\u00e8ne con\u00e7u, et un st\u00e9ro\u00efde anabolisant et est un agoniste du r\u00e9cepteur d'androg\u00e8ne, les androg\u00e8nes comme la testost\u00e9rone et la dihydrotestost\u00e9rone.<\/p>\n<p>Achetez du cypionate de testost\u00e9rone \u00e0 un prix bon march\u00e9 pour ses effets androg\u00e8nes forts et ses effets anabolisants moyens, qui le rendent rentable pour la masculinisation et appropri\u00e9 pour la th\u00e9rapie de substitution androg\u00e9nique.<\/p>\n<h3>Achetez du cypionate de testost\u00e9rone dans un emballage discret aux \u00c9tats-Unis et en Allemagne.<\/h3>\n<p><strong>un service de livraison rapide et s\u00e9curis\u00e9<\/strong><\/p>\n<p>Le cypionate de testost\u00e9rone est un ester de testost\u00e9rone et une prodrogue r\u00e9sistante de la testost\u00e9rone dans l'organisme. Pour cette raison, il est consid\u00e9r\u00e9 comme une marque d\u00e9pos\u00e9e et une sorte bioidentique de testost\u00e9rone. Sur buy-prescriptionz.com, vous pouvez passer commande et b\u00e9n\u00e9ficier d'un service d'exp\u00e9dition rapide et s\u00e9curis\u00e9.<\/p>\n<h3>Commandez du cypionate de testost\u00e9rone en ligne : Pharmacocin\u00e9tique<\/h3>\n<p>Le cypionate de testost\u00e9rone est le booster d'imbuement intramusculaire, y compris son terme d'action de transfert, est indiscernable \u00e0 et \u00e0 partir de ce moment essentiellement proportionnel \u00e0 ceux de la testost\u00e9rone \u00e9nanthate. Comment acheter le cypionate de testost\u00e9rone en ligne est \u00e9galement sur la fa\u00e7on dont vous avez besoin de le livrer \u00e0 votre place par buy-prescriptionz.com.<\/p>\n<p>Acheter du cypionate de testost\u00e9rone sans m\u00e9decin est \u00e0 toutes fins utiles aussi interchangeable que les m\u00e9dicaments. Il en r\u00e9sulte de grands changements dans les niveaux de testost\u00e9rone, les niveaux \u00e9tant d'abord \u00e9lev\u00e9s et supraphysiologiques.<\/p>\n<p>Achetez du cypionate de testost\u00e9rone en ligne pour un traitement de substitution androg\u00e9nique. Il est approuv\u00e9 par la FDA pour le traitement de l'hypogonadisme essentiel ou hypogonadotrope.<br \/>\nIl n'est pas indiqu\u00e9 pour la croissance du p\u00e9nis, les probl\u00e8mes de p\u00e9nis et l'adolescence retard\u00e9e chez les jeunes hommes, l'oligospermie, le traitement hormonal de substitution chez les hommes transgenres et l'ost\u00e9oporose. Apprenez \u00e0 savoir o\u00f9 acheter Testosterone Cypionate en ligne sur buy-prescriptionz.com.<\/p>","protected":false},"excerpt":{"rendered":"<p>Buy Cypionate Online Testosterone Cypionate online on buy-prescriptionz.com Buy Cypionate Online,Testosterone Cypionate or Depo-Testosterone, it is an androgen and anabolic steroid to increase testosterone levels in the human body. Buy Testosterone Cypionate online for the treatment of low testosterone levels in men and women. Buy Testosterone Cypionate of 100 mg and 200 mg Quantity in [&hellip;]<\/p>","protected":false},"featured_media":3075,"comment_status":"open","ping_status":"closed","template":"","meta":{"site-sidebar-layout":"","site-content-layout":"","ast-site-content-layout":"","site-content-style":"","site-sidebar-style":"","ast-global-header-display":"","ast-banner-title-visibility":"","ast-main-header-display":"","ast-hfb-above-header-display":"","ast-hfb-below-header-display":"","ast-hfb-mobile-header-display":"","site-post-title":"","ast-breadcrumbs-content":"","ast-featured-img":"","footer-sml-layout":"","theme-transparent-header-meta":"","adv-header-id-meta":"","stick-header-meta":"","header-above-stick-meta":"","header-main-stick-meta":"","header-below-stick-meta":"","astra-migrate-meta-layouts":"","ast-page-background-enabled":"default","ast-page-background-meta":{"desktop":{"background-color":"var(--ast-global-color-4)","background-image":"","background-repeat":"repeat","background-position":"center center","background-size":"auto","background-attachment":"scroll","background-type":"","background-media":"","overlay-type":"","overlay-color":"","overlay-opacity":"","overlay-gradient":""},"tablet":{"background-color":"","background-image":"","background-repeat":"repeat","background-position":"center center","background-size":"auto","background-attachment":"scroll","background-type":"","background-media":"","overlay-type":"","overlay-color":"","overlay-opacity":"","overlay-gradient":""},"mobile":{"background-color":"","background-image":"","background-repeat":"repeat","background-position":"center center","background-size":"auto","background-attachment":"scroll","background-type":"","background-media":"","overlay-type":"","overlay-color":"","overlay-opacity":"","overlay-gradient":""}},"ast-content-background-meta":{"desktop":{"background-color":"var(--ast-global-color-5)","background-image":"","background-repeat":"repeat","background-position":"center center","background-size":"auto","background-attachment":"scroll","background-type":"","background-media":"","overlay-type":"","overlay-color":"","overlay-opacity":"","overlay-gradient":""},"tablet":{"background-color":"var(--ast-global-color-5)","background-image":"","background-repeat":"repeat","background-position":"center center","background-size":"auto","background-attachment":"scroll","background-type":"","background-media":"","overlay-type":"","overlay-color":"","overlay-opacity":"","overlay-gradient":""},"mobile":{"background-color":"var(--ast-global-color-5)","background-image":"","background-repeat":"repeat","background-position":"center center","background-size":"auto","background-attachment":"scroll","background-type":"","background-media":"","overlay-type":"","overlay-color":"","overlay-opacity":"","overlay-gradient":""}}},"product_brand":[],"product_cat":[2384],"product_tag":[1369,1370,1368,1363,1366,1365,1364,1367,1362,1361,1371],"class_list":{"0":"post-3045","1":"product","2":"type-product","3":"status-publish","4":"has-post-thumbnail","6":"product_cat-buy-anabolic-steroids-online","7":"product_tag-buy-cypionate-in-canada","8":"product_tag-buy-cypionate-in-uk","9":"product_tag-buy-cypionate-in-usa","10":"product_tag-buy-cypionate-with-bitcoin","11":"product_tag-buy-cypionate-with-credit-card","12":"product_tag-buy-cypionate-with-money-gram","13":"product_tag-buy-cypionate-with-western-union","14":"product_tag-buy-cypionate-without-a-doctor","15":"product_tag-buy-cypionate-without-prescription","16":"product_tag-cypionate-for-sale","17":"product_tag-cypionate-injection","18":"desktop-align-center","19":"tablet-align-left","20":"mobile-align-left","22":"first","23":"instock","24":"shipping-taxable","25":"purchasable","26":"product-type-variable","27":"has-default-attributes"},"yoast_head":"<!-- This site is optimized with the Yoast SEO plugin v25.9 - https:\/\/yoast.com\/wordpress\/plugins\/seo\/ -->\n<title>Buy Cypionate Online - Cypionate for Sale Online<\/title>\n<meta name=\"description\" content=\"Here is the chance to grab Cypionate for sale at cheap prices. Our online Buy-Prescriptionz store is selling worldwide. Order to buy Cypionate online soon.\" \/>\n<meta name=\"robots\" content=\"index, follow, max-snippet:-1, max-image-preview:large, max-video-preview:-1\" \/>\n<link rel=\"canonical\" href=\"https:\/\/buy-prescriptionz.com\/fr\/produit\/acheter-cypionate-en-ligne\/\" \/>\n<meta property=\"og:locale\" content=\"fr_FR\" \/>\n<meta property=\"og:type\" content=\"article\" \/>\n<meta property=\"og:title\" content=\"Buy Cypionate Online - Cypionate for Sale Online\" \/>\n<meta property=\"og:description\" content=\"Here is the chance to grab Cypionate for sale at cheap prices. Our online Buy-Prescriptionz store is selling worldwide. Order to buy Cypionate online soon.\" \/>\n<meta property=\"og:url\" content=\"https:\/\/buy-prescriptionz.com\/fr\/produit\/acheter-cypionate-en-ligne\/\" \/>\n<meta property=\"og:site_name\" content=\"Buy Prescriptionz\" \/>\n<meta property=\"article:modified_time\" content=\"2025-09-16T08:56:35+00:00\" \/>\n<meta property=\"og:image\" content=\"https:\/\/buy-prescriptionz.com\/wp-content\/uploads\/2025\/09\/cypionate.jpg\" \/>\n\t<meta property=\"og:image:width\" content=\"400\" \/>\n\t<meta property=\"og:image:height\" content=\"300\" \/>\n\t<meta property=\"og:image:type\" content=\"image\/jpeg\" \/>\n<meta name=\"twitter:card\" content=\"summary_large_image\" \/>\n<meta name=\"twitter:label1\" content=\"Dur\u00e9e de lecture estim\u00e9e\" \/>\n\t<meta name=\"twitter:data1\" content=\"2 minutes\" \/>\n<script type=\"application\/ld+json\" class=\"yoast-schema-graph\">{\"@context\":\"https:\/\/schema.org\",\"@graph\":[{\"@type\":\"WebPage\",\"@id\":\"https:\/\/buy-prescriptionz.com\/cs\/produkt\/koupit-cypionat-online\/\",\"url\":\"https:\/\/buy-prescriptionz.com\/cs\/produkt\/koupit-cypionat-online\/\",\"name\":\"Buy Cypionate Online - Cypionate for Sale Online\",\"isPartOf\":{\"@id\":\"https:\/\/buy-prescriptionz.com\/#website\"},\"primaryImageOfPage\":{\"@id\":\"https:\/\/buy-prescriptionz.com\/cs\/produkt\/koupit-cypionat-online\/#primaryimage\"},\"image\":{\"@id\":\"https:\/\/buy-prescriptionz.com\/cs\/produkt\/koupit-cypionat-online\/#primaryimage\"},\"thumbnailUrl\":\"https:\/\/buy-prescriptionz.com\/wp-content\/uploads\/2025\/09\/cypionate.jpg\",\"datePublished\":\"2025-09-16T08:56:09+00:00\",\"dateModified\":\"2025-09-16T08:56:35+00:00\",\"description\":\"Here is the chance to grab Cypionate for sale at cheap prices. Our online Buy-Prescriptionz store is selling worldwide. Order to buy Cypionate online soon.\",\"breadcrumb\":{\"@id\":\"https:\/\/buy-prescriptionz.com\/cs\/produkt\/koupit-cypionat-online\/#breadcrumb\"},\"inLanguage\":\"fr-FR\",\"potentialAction\":[{\"@type\":\"ReadAction\",\"target\":[\"https:\/\/buy-prescriptionz.com\/cs\/produkt\/koupit-cypionat-online\/\"]}]},{\"@type\":\"ImageObject\",\"inLanguage\":\"fr-FR\",\"@id\":\"https:\/\/buy-prescriptionz.com\/cs\/produkt\/koupit-cypionat-online\/#primaryimage\",\"url\":\"https:\/\/buy-prescriptionz.com\/wp-content\/uploads\/2025\/09\/cypionate.jpg\",\"contentUrl\":\"https:\/\/buy-prescriptionz.com\/wp-content\/uploads\/2025\/09\/cypionate.jpg\",\"width\":400,\"height\":300},{\"@type\":\"BreadcrumbList\",\"@id\":\"https:\/\/buy-prescriptionz.com\/cs\/produkt\/koupit-cypionat-online\/#breadcrumb\",\"itemListElement\":[{\"@type\":\"ListItem\",\"position\":1,\"name\":\"Home\",\"item\":\"https:\/\/buy-prescriptionz.com\/\"},{\"@type\":\"ListItem\",\"position\":2,\"name\":\"Shop Painkillers Online\",\"item\":\"https:\/\/buy-prescriptionz.com\/shop-painkillers-online\/\"},{\"@type\":\"ListItem\",\"position\":3,\"name\":\"Buy Cypionate Online\"}]},{\"@type\":\"WebSite\",\"@id\":\"https:\/\/buy-prescriptionz.com\/#website\",\"url\":\"https:\/\/buy-prescriptionz.com\/\",\"name\":\"Buy Prescriptionz\",\"description\":\"Drugs Online\",\"publisher\":{\"@id\":\"https:\/\/buy-prescriptionz.com\/#organization\"},\"potentialAction\":[{\"@type\":\"SearchAction\",\"target\":{\"@type\":\"EntryPoint\",\"urlTemplate\":\"https:\/\/buy-prescriptionz.com\/?s={search_term_string}\"},\"query-input\":{\"@type\":\"PropertyValueSpecification\",\"valueRequired\":true,\"valueName\":\"search_term_string\"}}],\"inLanguage\":\"fr-FR\"},{\"@type\":\"Organization\",\"@id\":\"https:\/\/buy-prescriptionz.com\/#organization\",\"name\":\"Buy Prescriptionz\",\"url\":\"https:\/\/buy-prescriptionz.com\/\",\"logo\":{\"@type\":\"ImageObject\",\"inLanguage\":\"fr-FR\",\"@id\":\"https:\/\/buy-prescriptionz.com\/#\/schema\/logo\/image\/\",\"url\":\"https:\/\/buy-prescriptionz.com\/wp-content\/uploads\/2023\/09\/logo.png\",\"contentUrl\":\"https:\/\/buy-prescriptionz.com\/wp-content\/uploads\/2023\/09\/logo.png\",\"width\":350,\"height\":64,\"caption\":\"Buy Prescriptionz\"},\"image\":{\"@id\":\"https:\/\/buy-prescriptionz.com\/#\/schema\/logo\/image\/\"}}]}<\/script>\n<!-- \/ Yoast SEO plugin. -->","yoast_head_json":{"title":"Acheter du cypionate en ligne\u00a0\u2013\u00a0Vente en ligne","description":"Profitez de l'occasion pour acheter du Cypionate \u00e0 prix r\u00e9duit. Notre boutique en ligne Buy-Prescriptionz vend dans le monde entier. Commandez du Cypionate en ligne prochainement.","robots":{"index":"index","follow":"follow","max-snippet":"max-snippet:-1","max-image-preview":"max-image-preview:large","max-video-preview":"max-video-preview:-1"},"canonical":"https:\/\/buy-prescriptionz.com\/fr\/produit\/acheter-cypionate-en-ligne\/","og_locale":"fr_FR","og_type":"article","og_title":"Buy Cypionate Online - Cypionate for Sale Online","og_description":"Here is the chance to grab Cypionate for sale at cheap prices. Our online Buy-Prescriptionz store is selling worldwide. Order to buy Cypionate online soon.","og_url":"https:\/\/buy-prescriptionz.com\/fr\/produit\/acheter-cypionate-en-ligne\/","og_site_name":"Buy Prescriptionz","article_modified_time":"2025-09-16T08:56:35+00:00","og_image":[{"width":400,"height":300,"url":"https:\/\/buy-prescriptionz.com\/wp-content\/uploads\/2025\/09\/cypionate.jpg","type":"image\/jpeg"}],"twitter_card":"summary_large_image","twitter_misc":{"Dur\u00e9e de lecture estim\u00e9e":"2 minutes"},"schema":{"@context":"https:\/\/schema.org","@graph":[{"@type":"WebPage","@id":"https:\/\/buy-prescriptionz.com\/cs\/produkt\/koupit-cypionat-online\/","url":"https:\/\/buy-prescriptionz.com\/cs\/produkt\/koupit-cypionat-online\/","name":"Acheter du cypionate en ligne\u00a0\u2013\u00a0Vente en ligne","isPartOf":{"@id":"https:\/\/buy-prescriptionz.com\/#website"},"primaryImageOfPage":{"@id":"https:\/\/buy-prescriptionz.com\/cs\/produkt\/koupit-cypionat-online\/#primaryimage"},"image":{"@id":"https:\/\/buy-prescriptionz.com\/cs\/produkt\/koupit-cypionat-online\/#primaryimage"},"thumbnailUrl":"https:\/\/buy-prescriptionz.com\/wp-content\/uploads\/2025\/09\/cypionate.jpg","datePublished":"2025-09-16T08:56:09+00:00","dateModified":"2025-09-16T08:56:35+00:00","description":"Profitez de l'occasion pour acheter du Cypionate \u00e0 prix r\u00e9duit. Notre boutique en ligne Buy-Prescriptionz vend dans le monde entier. Commandez du Cypionate en ligne prochainement.","breadcrumb":{"@id":"https:\/\/buy-prescriptionz.com\/cs\/produkt\/koupit-cypionat-online\/#breadcrumb"},"inLanguage":"fr-FR","potentialAction":[{"@type":"ReadAction","target":["https:\/\/buy-prescriptionz.com\/cs\/produkt\/koupit-cypionat-online\/"]}]},{"@type":"ImageObject","inLanguage":"fr-FR","@id":"https:\/\/buy-prescriptionz.com\/cs\/produkt\/koupit-cypionat-online\/#primaryimage","url":"https:\/\/buy-prescriptionz.com\/wp-content\/uploads\/2025\/09\/cypionate.jpg","contentUrl":"https:\/\/buy-prescriptionz.com\/wp-content\/uploads\/2025\/09\/cypionate.jpg","width":400,"height":300},{"@type":"BreadcrumbList","@id":"https:\/\/buy-prescriptionz.com\/cs\/produkt\/koupit-cypionat-online\/#breadcrumb","itemListElement":[{"@type":"ListItem","position":1,"name":"Home","item":"https:\/\/buy-prescriptionz.com\/"},{"@type":"ListItem","position":2,"name":"Shop Painkillers Online","item":"https:\/\/buy-prescriptionz.com\/shop-painkillers-online\/"},{"@type":"ListItem","position":3,"name":"Buy Cypionate Online"}]},{"@type":"WebSite","@id":"https:\/\/buy-prescriptionz.com\/#website","url":"https:\/\/buy-prescriptionz.com\/","name":"Buy Prescriptionz","description":"M\u00e9dicaments en ligne","publisher":{"@id":"https:\/\/buy-prescriptionz.com\/#organization"},"potentialAction":[{"@type":"SearchAction","target":{"@type":"EntryPoint","urlTemplate":"https:\/\/buy-prescriptionz.com\/?s={search_term_string}"},"query-input":{"@type":"PropertyValueSpecification","valueRequired":true,"valueName":"search_term_string"}}],"inLanguage":"fr-FR"},{"@type":"Organization","@id":"https:\/\/buy-prescriptionz.com\/#organization","name":"Buy Prescriptionz","url":"https:\/\/buy-prescriptionz.com\/","logo":{"@type":"ImageObject","inLanguage":"fr-FR","@id":"https:\/\/buy-prescriptionz.com\/#\/schema\/logo\/image\/","url":"https:\/\/buy-prescriptionz.com\/wp-content\/uploads\/2023\/09\/logo.png","contentUrl":"https:\/\/buy-prescriptionz.com\/wp-content\/uploads\/2023\/09\/logo.png","width":350,"height":64,"caption":"Buy Prescriptionz"},"image":{"@id":"https:\/\/buy-prescriptionz.com\/#\/schema\/logo\/image\/"}}]}},"_links":{"self":[{"href":"https:\/\/buy-prescriptionz.com\/fr\/wp-json\/wp\/v2\/product\/3045","targetHints":{"allow":["GET"]}}],"collection":[{"href":"https:\/\/buy-prescriptionz.com\/fr\/wp-json\/wp\/v2\/product"}],"about":[{"href":"https:\/\/buy-prescriptionz.com\/fr\/wp-json\/wp\/v2\/types\/product"}],"replies":[{"embeddable":true,"href":"https:\/\/buy-prescriptionz.com\/fr\/wp-json\/wp\/v2\/comments?post=3045"}],"wp:featuredmedia":[{"embeddable":true,"href":"https:\/\/buy-prescriptionz.com\/fr\/wp-json\/wp\/v2\/media\/3075"}],"wp:attachment":[{"href":"https:\/\/buy-prescriptionz.com\/fr\/wp-json\/wp\/v2\/media?parent=3045"}],"wp:term":[{"taxonomy":"product_brand","embeddable":true,"href":"https:\/\/buy-prescriptionz.com\/fr\/wp-json\/wp\/v2\/product_brand?post=3045"},{"taxonomy":"product_cat","embeddable":true,"href":"https:\/\/buy-prescriptionz.com\/fr\/wp-json\/wp\/v2\/product_cat?post=3045"},{"taxonomy":"product_tag","embeddable":true,"href":"https:\/\/buy-prescriptionz.com\/fr\/wp-json\/wp\/v2\/product_tag?post=3045"}],"curies":[{"name":"wp","href":"https:\/\/api.w.org\/{rel}","templated":true}]}}