{"id":3048,"date":"2025-09-16T08:56:09","date_gmt":"2025-09-16T08:56:09","guid":{"rendered":"https:\/\/chemsfine.com\/newsite\/?post_type=product&#038;p=3048"},"modified":"2025-09-24T11:10:48","modified_gmt":"2025-09-24T11:10:48","slug":"acheter-omnadren-en-ligne","status":"publish","type":"product","link":"https:\/\/buy-prescriptionz.com\/fr\/produit\/acheter-omnadren-en-ligne\/","title":{"rendered":"Acheter Omnadren en ligne"},"content":{"rendered":"<h2>Acheter Omnadren en ligne<\/h2>\n<h3>Omnadren 250 (Sustanon) de Elfa | M\u00e9lange de testost\u00e9rone<\/h3>\n<p>Omnadren 250 est disponible \u00e0 la vente. Il augmente l'endurance musculaire. Apr\u00e8s l'avoir achet\u00e9 en ligne, vous pouvez l'utiliser et constater la diff\u00e9rence. C'est le st\u00e9ro\u00efde id\u00e9al pour tous les athl\u00e8tes, utilis\u00e9s partout dans le monde. Omnadren 250 est un anabolisant injectable compos\u00e9 de 30 mg de propionate de testost\u00e9rone, 60 mg de ph\u00e9nylpropionate de testost\u00e9rone, 60 mg d'isohexanoate de testost\u00e9rone et 100 mg d'hexanoate de testost\u00e9rone. Ce compos\u00e9 poss\u00e8de des effets androg\u00e8nes importants\u00a0: il acc\u00e9l\u00e8re la croissance musculaire et augmente la force, ainsi qu'une sensation de bien-\u00eatre g\u00e9n\u00e9ral et une augmentation de la libido. Omnadren pr\u00e9vient les blessures gr\u00e2ce \u00e0 sa lubrification des articulations en stockant du liquide dans les tissus conjonctifs. Il est consid\u00e9r\u00e9 comme un compos\u00e9 anticatabolique efficace. Sa dur\u00e9e d'action est d'environ 18 jours.<\/p>\n<p>L'Omnadren 250 s'injecte g\u00e9n\u00e9ralement au moins une fois par semaine, \u00e0 une dose de 400 \u00e0 1\u00a0200 mg par semaine pour les hommes. Les athl\u00e8tes f\u00e9minines doivent utiliser des doses beaucoup plus faibles, voire \u00e9viter compl\u00e8tement son utilisation. L'Omnadren 250 peut \u00eatre associ\u00e9 \u00e0 de l'\u00c9quipoise, du D\u00e9ca-Durabolin ou \u00e0 des st\u00e9ro\u00efdes oraux comme l'Anadrol ou l'Anabol pour obtenir un effet gainant. L'utilisation d'Omnadren 250 diminue la production naturelle de testost\u00e9rone. Il est conseill\u00e9 de l'utiliser en fin de cycle, en association avec du Nolvadex, de l'HCG et du Clomid, pendant environ 3 semaines, pour une r\u00e9g\u00e9n\u00e9ration efficace du corps. Les femmes peuvent ressentir des effets virilisants typiques lors de la prise d'Omnadren, tandis que les athl\u00e8tes masculins peuvent ressentir des \u00e9rections p\u00e9niennes douloureuses, des vomissements, des naus\u00e9es, une augmentation de la tension art\u00e9rielle et du cholest\u00e9rol s\u00e9rique, des sautes d'humeur et de l'agressivit\u00e9.<\/p>\n<p>Utilisations \u2013 Th\u00e9rapie de remplacement de la testost\u00e9rone (TRT)<\/p>\n<p>Effets secondaires \u2013 Fatigue cardiaque, peau grasse, probl\u00e8mes de foie, acn\u00e9<\/p>\n<p>Cump\u0103ra\u021bi Omnadren online f\u0103r\u0103 prescrip\u021bie medical\u0103 \u0219i utiliza\u021bi-l pentru a cre\u0219te nivelul de testosteron, astfel \u00eenc\u00e2t acesta s\u0103 ating\u0103 valorile normale, ca \u00een TRT. De asemenea, pute\u021bi cump\u0103ra Omnadren pentru a v\u0103 bucura de beneficiile terapeutice. De multe ori, ve\u021bi putea g\u0103si Omnadren de v\u00e2nzare, ceea ce v\u0103 va u\u0219ura sarcina.<\/p>\n<h3>Aper\u00e7u et avantages de l'achat d'Omnadren en ligne<\/h3>\n<p>Omnadren est un m\u00e9lange de quatre esters de testost\u00e9rone diff\u00e9rents, offrant des effets rapides et durables, ce qui en fait un choix privil\u00e9gi\u00e9 pour le traitement substitutif \u00e0 la testost\u00e9rone et l'am\u00e9lioration des performances en musculation. Ce st\u00e9ro\u00efde anabolisant offre de nombreux avantages, notamment un taux de testost\u00e9rone stable, une am\u00e9lioration de l'humeur et du bien-\u00eatre, une croissance musculaire et une force significatives, de meilleures performances sportives, une r\u00e9cup\u00e9ration plus rapide, un m\u00e9tabolisme acc\u00e9l\u00e9r\u00e9 pour la perte de graisse, ainsi qu'une am\u00e9lioration de la libido et de la sant\u00e9 sexuelle.<\/p>\n<p>Le m\u00e9lange assure des niveaux hormonaux \u00e9quilibr\u00e9s, stimule la synth\u00e8se des prot\u00e9ines musculaires, retient l'azote dans les muscles, am\u00e9liore la production de globules rouges et soutient la recomposition globale du corps en favorisant la croissance musculaire et la perte de graisse simultan\u00e9ment.<\/p>\n<h3>Effets secondaires d'Omnadren<\/h3>\n<p>Bien qu'Omnadren offre de nombreux avantages, il est important d'\u00eatre conscient des effets secondaires potentiels. Les effets secondaires courants incluent l'acn\u00e9, la perte de cheveux et l'augmentation de la pilosit\u00e9 due \u00e0 ses propri\u00e9t\u00e9s androg\u00e8nes. Certains utilisateurs peuvent souffrir de r\u00e9tention d'eau et de ballonnements, pouvant entra\u00eener de l'hypertension. Une gyn\u00e9comastie, ou d\u00e9veloppement de tissu mammaire chez l'homme, peut survenir en raison d'une augmentation du taux d'\u0153strog\u00e8nes. De plus, Omnadren peut avoir un impact n\u00e9gatif sur le taux de cholest\u00e9rol, augmentant ainsi le risque de probl\u00e8mes cardiovasculaires. Une utilisation prolong\u00e9e ou \u00e0 fortes doses peut inhiber la production naturelle de testost\u00e9rone, entra\u00eenant une atrophie testiculaire. La toxicit\u00e9 h\u00e9patique est g\u00e9n\u00e9ralement faible avec les formes injectables, mais une surveillance de la fonction h\u00e9patique est recommand\u00e9e. Pour att\u00e9nuer ces risques, il est essentiel d'utiliser Omnadren sous surveillance m\u00e9dicale, de respecter la posologie recommand\u00e9e et d'effectuer des bilans de sant\u00e9 r\u00e9guliers.<\/p>\n<p>Vous pouvez acheter du Nolvadex sur un site web fiable et facile \u00e0 utiliser, comme buy-prescriptionz.com, la meilleure pharmacie en ligne. Cette plateforme est r\u00e9put\u00e9e pour l'authenticit\u00e9 de ses produits, la discr\u00e9tion de ses m\u00e9thodes de livraison, ses prix comp\u00e9titifs et bien d'autres avantages. Vous pouvez consulter les avis clients sur leur site et utiliser les services de prescription pour garantir la bonne utilisation de votre m\u00e9dicament. Procurez-vous du Nolvadex sur buy-prescriptionz.com et ressentez ses bienfaits, tout en profitant de la commodit\u00e9 et de la s\u00e9curit\u00e9 des achats en ligne.<\/p>","protected":false},"excerpt":{"rendered":"<p>Buy Omnadren Online Omnadren 250 (Sustanon) by Jelfa | Testosterone Blend Omnadren 250 for Sale, Omnadren increases muscular endurance and once you would have bought omnadren online, you can use it for yourself and experience the difference. It is the perfect steroid for all athletes, used by them all over the world.Omnadren 250 is an [&hellip;]<\/p>","protected":false},"featured_media":3078,"comment_status":"open","ping_status":"closed","template":"","meta":{"site-sidebar-layout":"default","site-content-layout":"","ast-site-content-layout":"default","site-content-style":"default","site-sidebar-style":"default","ast-global-header-display":"","ast-banner-title-visibility":"","ast-main-header-display":"","ast-hfb-above-header-display":"","ast-hfb-below-header-display":"","ast-hfb-mobile-header-display":"","site-post-title":"","ast-breadcrumbs-content":"","ast-featured-img":"","footer-sml-layout":"","theme-transparent-header-meta":"default","adv-header-id-meta":"","stick-header-meta":"","header-above-stick-meta":"","header-main-stick-meta":"","header-below-stick-meta":"","astra-migrate-meta-layouts":"set","ast-page-background-enabled":"default","ast-page-background-meta":{"desktop":{"background-color":"var(--ast-global-color-4)","background-image":"","background-repeat":"repeat","background-position":"center center","background-size":"auto","background-attachment":"scroll","background-type":"","background-media":"","overlay-type":"","overlay-color":"","overlay-opacity":"","overlay-gradient":""},"tablet":{"background-color":"","background-image":"","background-repeat":"repeat","background-position":"center center","background-size":"auto","background-attachment":"scroll","background-type":"","background-media":"","overlay-type":"","overlay-color":"","overlay-opacity":"","overlay-gradient":""},"mobile":{"background-color":"","background-image":"","background-repeat":"repeat","background-position":"center center","background-size":"auto","background-attachment":"scroll","background-type":"","background-media":"","overlay-type":"","overlay-color":"","overlay-opacity":"","overlay-gradient":""}},"ast-content-background-meta":{"desktop":{"background-color":"var(--ast-global-color-5)","background-image":"","background-repeat":"repeat","background-position":"center center","background-size":"auto","background-attachment":"scroll","background-type":"","background-media":"","overlay-type":"","overlay-color":"","overlay-opacity":"","overlay-gradient":""},"tablet":{"background-color":"var(--ast-global-color-5)","background-image":"","background-repeat":"repeat","background-position":"center center","background-size":"auto","background-attachment":"scroll","background-type":"","background-media":"","overlay-type":"","overlay-color":"","overlay-opacity":"","overlay-gradient":""},"mobile":{"background-color":"var(--ast-global-color-5)","background-image":"","background-repeat":"repeat","background-position":"center center","background-size":"auto","background-attachment":"scroll","background-type":"","background-media":"","overlay-type":"","overlay-color":"","overlay-opacity":"","overlay-gradient":""}}},"product_brand":[],"product_cat":[2384],"product_tag":[1335,1336,1334,1329,1332,1331,1330,1333,1328,1327,1338,1337],"class_list":{"0":"post-3048","1":"product","2":"type-product","3":"status-publish","4":"has-post-thumbnail","6":"product_cat-buy-anabolic-steroids-online","7":"product_tag-buy-omnadren-in-canada","8":"product_tag-buy-omnadren-in-uk","9":"product_tag-buy-omnadren-in-usa","10":"product_tag-buy-omnadren-with-bitcoin","11":"product_tag-buy-omnadren-with-credit-card","12":"product_tag-buy-omnadren-with-money-gram","13":"product_tag-buy-omnadren-with-western-union","14":"product_tag-buy-omnadren-without-a-doctor","15":"product_tag-buy-omnadren-without-prescription","16":"product_tag-omnadren-for-sale","17":"product_tag-omnadren-pills","18":"product_tag-omnadren-tablets","19":"desktop-align-center","20":"tablet-align-left","21":"mobile-align-left","23":"first","24":"instock","25":"shipping-taxable","26":"purchasable","27":"product-type-variable","28":"has-default-attributes"},"yoast_head":"<!-- This site is optimized with the Yoast SEO plugin v25.9 - https:\/\/yoast.com\/wordpress\/plugins\/seo\/ -->\n<title>Buy Omnadren 250 Online - Omnadren 250 for Sale<\/title>\n<meta name=\"description\" content=\"If you wish to buy Omnadren 250 online so our Buy-prescriptionz store can help. We have Omnadren 250 for sale at the best rates here. Place your order now!\" \/>\n<meta name=\"robots\" content=\"index, follow, max-snippet:-1, max-image-preview:large, max-video-preview:-1\" \/>\n<link rel=\"canonical\" href=\"https:\/\/buy-prescriptionz.com\/fr\/produit\/acheter-omnadren-en-ligne\/\" \/>\n<meta property=\"og:locale\" content=\"fr_FR\" \/>\n<meta property=\"og:type\" content=\"article\" \/>\n<meta property=\"og:title\" content=\"Buy Omnadren 250 Online - Omnadren 250 for Sale\" \/>\n<meta property=\"og:description\" content=\"If you wish to buy Omnadren 250 online so our Buy-prescriptionz store can help. We have Omnadren 250 for sale at the best rates here. Place your order now!\" \/>\n<meta property=\"og:url\" content=\"https:\/\/buy-prescriptionz.com\/fr\/produit\/acheter-omnadren-en-ligne\/\" \/>\n<meta property=\"og:site_name\" content=\"Buy Prescriptionz\" \/>\n<meta property=\"article:modified_time\" content=\"2025-09-24T11:10:48+00:00\" \/>\n<meta property=\"og:image\" content=\"https:\/\/buy-prescriptionz.com\/wp-content\/uploads\/2025\/09\/omnadren.jpg\" \/>\n\t<meta property=\"og:image:width\" content=\"400\" \/>\n\t<meta property=\"og:image:height\" content=\"300\" \/>\n\t<meta property=\"og:image:type\" content=\"image\/jpeg\" \/>\n<meta name=\"twitter:card\" content=\"summary_large_image\" \/>\n<meta name=\"twitter:label1\" content=\"Dur\u00e9e de lecture estim\u00e9e\" \/>\n\t<meta name=\"twitter:data1\" content=\"3 minutes\" \/>\n<script type=\"application\/ld+json\" class=\"yoast-schema-graph\">{\"@context\":\"https:\/\/schema.org\",\"@graph\":[{\"@type\":\"WebPage\",\"@id\":\"https:\/\/buy-prescriptionz.com\/product\/buy-omnadren-online\/\",\"url\":\"https:\/\/buy-prescriptionz.com\/product\/buy-omnadren-online\/\",\"name\":\"Buy Omnadren 250 Online - Omnadren 250 for Sale\",\"isPartOf\":{\"@id\":\"https:\/\/buy-prescriptionz.com\/#website\"},\"primaryImageOfPage\":{\"@id\":\"https:\/\/buy-prescriptionz.com\/product\/buy-omnadren-online\/#primaryimage\"},\"image\":{\"@id\":\"https:\/\/buy-prescriptionz.com\/product\/buy-omnadren-online\/#primaryimage\"},\"thumbnailUrl\":\"https:\/\/buy-prescriptionz.com\/wp-content\/uploads\/2025\/09\/omnadren.jpg\",\"datePublished\":\"2025-09-16T08:56:09+00:00\",\"dateModified\":\"2025-09-24T11:10:48+00:00\",\"description\":\"If you wish to buy Omnadren 250 online so our Buy-prescriptionz store can help. We have Omnadren 250 for sale at the best rates here. Place your order now!\",\"breadcrumb\":{\"@id\":\"https:\/\/buy-prescriptionz.com\/product\/buy-omnadren-online\/#breadcrumb\"},\"inLanguage\":\"fr-FR\",\"potentialAction\":[{\"@type\":\"ReadAction\",\"target\":[\"https:\/\/buy-prescriptionz.com\/product\/buy-omnadren-online\/\"]}]},{\"@type\":\"ImageObject\",\"inLanguage\":\"fr-FR\",\"@id\":\"https:\/\/buy-prescriptionz.com\/product\/buy-omnadren-online\/#primaryimage\",\"url\":\"https:\/\/buy-prescriptionz.com\/wp-content\/uploads\/2025\/09\/omnadren.jpg\",\"contentUrl\":\"https:\/\/buy-prescriptionz.com\/wp-content\/uploads\/2025\/09\/omnadren.jpg\",\"width\":400,\"height\":300},{\"@type\":\"BreadcrumbList\",\"@id\":\"https:\/\/buy-prescriptionz.com\/product\/buy-omnadren-online\/#breadcrumb\",\"itemListElement\":[{\"@type\":\"ListItem\",\"position\":1,\"name\":\"Home\",\"item\":\"https:\/\/buy-prescriptionz.com\/\"},{\"@type\":\"ListItem\",\"position\":2,\"name\":\"Shop Painkillers Online\",\"item\":\"https:\/\/buy-prescriptionz.com\/shop-painkillers-online\/\"},{\"@type\":\"ListItem\",\"position\":3,\"name\":\"Buy Omnadren Online\"}]},{\"@type\":\"WebSite\",\"@id\":\"https:\/\/buy-prescriptionz.com\/#website\",\"url\":\"https:\/\/buy-prescriptionz.com\/\",\"name\":\"Buy Prescriptionz\",\"description\":\"Drugs Online\",\"publisher\":{\"@id\":\"https:\/\/buy-prescriptionz.com\/#organization\"},\"potentialAction\":[{\"@type\":\"SearchAction\",\"target\":{\"@type\":\"EntryPoint\",\"urlTemplate\":\"https:\/\/buy-prescriptionz.com\/?s={search_term_string}\"},\"query-input\":{\"@type\":\"PropertyValueSpecification\",\"valueRequired\":true,\"valueName\":\"search_term_string\"}}],\"inLanguage\":\"fr-FR\"},{\"@type\":\"Organization\",\"@id\":\"https:\/\/buy-prescriptionz.com\/#organization\",\"name\":\"Buy Prescriptionz\",\"url\":\"https:\/\/buy-prescriptionz.com\/\",\"logo\":{\"@type\":\"ImageObject\",\"inLanguage\":\"fr-FR\",\"@id\":\"https:\/\/buy-prescriptionz.com\/#\/schema\/logo\/image\/\",\"url\":\"https:\/\/buy-prescriptionz.com\/wp-content\/uploads\/2023\/09\/logo.png\",\"contentUrl\":\"https:\/\/buy-prescriptionz.com\/wp-content\/uploads\/2023\/09\/logo.png\",\"width\":350,\"height\":64,\"caption\":\"Buy Prescriptionz\"},\"image\":{\"@id\":\"https:\/\/buy-prescriptionz.com\/#\/schema\/logo\/image\/\"}}]}<\/script>\n<!-- \/ Yoast SEO plugin. -->","yoast_head_json":{"title":"Achetez Omnadren 250 en ligne\u00a0- Omnadren 250 \u00e0 vendre","description":"Si vous souhaitez acheter de l'Omnadren 250 en ligne, notre boutique Buy-prescriptionz peut vous aider. Nous proposons de l'Omnadren 250 aux meilleurs prix ici. Commandez d\u00e8s maintenant\u00a0!","robots":{"index":"index","follow":"follow","max-snippet":"max-snippet:-1","max-image-preview":"max-image-preview:large","max-video-preview":"max-video-preview:-1"},"canonical":"https:\/\/buy-prescriptionz.com\/fr\/produit\/acheter-omnadren-en-ligne\/","og_locale":"fr_FR","og_type":"article","og_title":"Buy Omnadren 250 Online - Omnadren 250 for Sale","og_description":"If you wish to buy Omnadren 250 online so our Buy-prescriptionz store can help. We have Omnadren 250 for sale at the best rates here. Place your order now!","og_url":"https:\/\/buy-prescriptionz.com\/fr\/produit\/acheter-omnadren-en-ligne\/","og_site_name":"Buy Prescriptionz","article_modified_time":"2025-09-24T11:10:48+00:00","og_image":[{"width":400,"height":300,"url":"https:\/\/buy-prescriptionz.com\/wp-content\/uploads\/2025\/09\/omnadren.jpg","type":"image\/jpeg"}],"twitter_card":"summary_large_image","twitter_misc":{"Dur\u00e9e de lecture estim\u00e9e":"3 minutes"},"schema":{"@context":"https:\/\/schema.org","@graph":[{"@type":"WebPage","@id":"https:\/\/buy-prescriptionz.com\/product\/buy-omnadren-online\/","url":"https:\/\/buy-prescriptionz.com\/product\/buy-omnadren-online\/","name":"Achetez Omnadren 250 en ligne\u00a0- Omnadren 250 \u00e0 vendre","isPartOf":{"@id":"https:\/\/buy-prescriptionz.com\/#website"},"primaryImageOfPage":{"@id":"https:\/\/buy-prescriptionz.com\/product\/buy-omnadren-online\/#primaryimage"},"image":{"@id":"https:\/\/buy-prescriptionz.com\/product\/buy-omnadren-online\/#primaryimage"},"thumbnailUrl":"https:\/\/buy-prescriptionz.com\/wp-content\/uploads\/2025\/09\/omnadren.jpg","datePublished":"2025-09-16T08:56:09+00:00","dateModified":"2025-09-24T11:10:48+00:00","description":"Si vous souhaitez acheter de l'Omnadren 250 en ligne, notre boutique Buy-prescriptionz peut vous aider. Nous proposons de l'Omnadren 250 aux meilleurs prix ici. Commandez d\u00e8s maintenant\u00a0!","breadcrumb":{"@id":"https:\/\/buy-prescriptionz.com\/product\/buy-omnadren-online\/#breadcrumb"},"inLanguage":"fr-FR","potentialAction":[{"@type":"ReadAction","target":["https:\/\/buy-prescriptionz.com\/product\/buy-omnadren-online\/"]}]},{"@type":"ImageObject","inLanguage":"fr-FR","@id":"https:\/\/buy-prescriptionz.com\/product\/buy-omnadren-online\/#primaryimage","url":"https:\/\/buy-prescriptionz.com\/wp-content\/uploads\/2025\/09\/omnadren.jpg","contentUrl":"https:\/\/buy-prescriptionz.com\/wp-content\/uploads\/2025\/09\/omnadren.jpg","width":400,"height":300},{"@type":"BreadcrumbList","@id":"https:\/\/buy-prescriptionz.com\/product\/buy-omnadren-online\/#breadcrumb","itemListElement":[{"@type":"ListItem","position":1,"name":"Home","item":"https:\/\/buy-prescriptionz.com\/"},{"@type":"ListItem","position":2,"name":"Shop Painkillers Online","item":"https:\/\/buy-prescriptionz.com\/shop-painkillers-online\/"},{"@type":"ListItem","position":3,"name":"Buy Omnadren Online"}]},{"@type":"WebSite","@id":"https:\/\/buy-prescriptionz.com\/#website","url":"https:\/\/buy-prescriptionz.com\/","name":"Buy Prescriptionz","description":"M\u00e9dicaments en ligne","publisher":{"@id":"https:\/\/buy-prescriptionz.com\/#organization"},"potentialAction":[{"@type":"SearchAction","target":{"@type":"EntryPoint","urlTemplate":"https:\/\/buy-prescriptionz.com\/?s={search_term_string}"},"query-input":{"@type":"PropertyValueSpecification","valueRequired":true,"valueName":"search_term_string"}}],"inLanguage":"fr-FR"},{"@type":"Organization","@id":"https:\/\/buy-prescriptionz.com\/#organization","name":"Buy Prescriptionz","url":"https:\/\/buy-prescriptionz.com\/","logo":{"@type":"ImageObject","inLanguage":"fr-FR","@id":"https:\/\/buy-prescriptionz.com\/#\/schema\/logo\/image\/","url":"https:\/\/buy-prescriptionz.com\/wp-content\/uploads\/2023\/09\/logo.png","contentUrl":"https:\/\/buy-prescriptionz.com\/wp-content\/uploads\/2023\/09\/logo.png","width":350,"height":64,"caption":"Buy Prescriptionz"},"image":{"@id":"https:\/\/buy-prescriptionz.com\/#\/schema\/logo\/image\/"}}]}},"_links":{"self":[{"href":"https:\/\/buy-prescriptionz.com\/fr\/wp-json\/wp\/v2\/product\/3048","targetHints":{"allow":["GET"]}}],"collection":[{"href":"https:\/\/buy-prescriptionz.com\/fr\/wp-json\/wp\/v2\/product"}],"about":[{"href":"https:\/\/buy-prescriptionz.com\/fr\/wp-json\/wp\/v2\/types\/product"}],"replies":[{"embeddable":true,"href":"https:\/\/buy-prescriptionz.com\/fr\/wp-json\/wp\/v2\/comments?post=3048"}],"wp:featuredmedia":[{"embeddable":true,"href":"https:\/\/buy-prescriptionz.com\/fr\/wp-json\/wp\/v2\/media\/3078"}],"wp:attachment":[{"href":"https:\/\/buy-prescriptionz.com\/fr\/wp-json\/wp\/v2\/media?parent=3048"}],"wp:term":[{"taxonomy":"product_brand","embeddable":true,"href":"https:\/\/buy-prescriptionz.com\/fr\/wp-json\/wp\/v2\/product_brand?post=3048"},{"taxonomy":"product_cat","embeddable":true,"href":"https:\/\/buy-prescriptionz.com\/fr\/wp-json\/wp\/v2\/product_cat?post=3048"},{"taxonomy":"product_tag","embeddable":true,"href":"https:\/\/buy-prescriptionz.com\/fr\/wp-json\/wp\/v2\/product_tag?post=3048"}],"curies":[{"name":"wp","href":"https:\/\/api.w.org\/{rel}","templated":true}]}}