{"id":3051,"date":"2025-09-16T08:56:09","date_gmt":"2025-09-16T08:56:09","guid":{"rendered":"https:\/\/chemsfine.com\/newsite\/?post_type=product&#038;p=3051"},"modified":"2025-09-22T05:26:12","modified_gmt":"2025-09-22T05:26:12","slug":"acheter-lasix-en-ligne","status":"publish","type":"product","link":"https:\/\/buy-prescriptionz.com\/fr\/produit\/acheter-lasix-en-ligne\/","title":{"rendered":"Acheter Lasix en ligne"},"content":{"rendered":"<h2>Acheter Lasix en ligne<\/h2>\n<h3>Achetez du Lasix 40 mg en ligne sur buy-prescriptionz.com pour l'hypertension.<\/h3>\n<p>Acheter Lasix 40 mg en ligne sur buy-prescriptionz.com pour l'hypertension Acheter Lasix en ligne,Le furos\u00e9mide ou Lasix est un m\u00e9dicament pour traiter l'excr\u00e9tion de liquide en raison de naus\u00e9es, de probl\u00e8mes de foie ou de maladie r\u00e9nale. Achetez Lasix 40 mg pour le traitement de l'hypertension art\u00e9rielle \u00e9galement. Lasix 40 mg en ligne est disponible pour une perfusion dans une veine ou par voie orale. ...<\/p>\n<h3>Acheter du Lasix en ligne\u00a0: avantages, effets secondaires et aper\u00e7u<\/h3>\n<p>Le Lasix, \u00e9galement connu sous le nom de furos\u00e9mide, est un puissant diur\u00e9tique principalement utilis\u00e9 pour traiter la r\u00e9tention d'eau (\u0153d\u00e8me) associ\u00e9e \u00e0 l'insuffisance cardiaque congestive, aux maladies du foie et aux troubles r\u00e9naux. Il est \u00e9galement utilis\u00e9 pour g\u00e9rer l'hypertension art\u00e9rielle. Le Lasix agit en emp\u00eachant l'organisme d'absorber trop de sel, ce qui permet \u00e0 ce dernier d'\u00eatre \u00e9limin\u00e9 dans les urines.<\/p>\n<h4>Avantages du Lasix<\/h4>\n<ol>\n<li>R\u00e9duit la r\u00e9tention d\u2019eau : Lasix r\u00e9duit efficacement l\u2019enflure et l\u2019accumulation de liquide dans le corps, ce qui permet aux patients souffrant de probl\u00e8mes cardiaques, h\u00e9patiques ou r\u00e9naux de respirer et de bouger plus confortablement.<\/li>\n<li>G\u00e8re l\u2019hypertension : en favorisant l\u2019\u00e9limination de l\u2019exc\u00e8s de liquide, Lasix aide \u00e0 r\u00e9duire l\u2019hypertension art\u00e9rielle, r\u00e9duisant ainsi le risque d\u2019accident vasculaire c\u00e9r\u00e9bral et de crise cardiaque.<\/li>\n<li>Pr\u00e9vient les complications : En r\u00e9duisant l\u2019\u0153d\u00e8me, Lasix aide \u00e0 pr\u00e9venir les complications associ\u00e9es \u00e0 une r\u00e9tention d\u2019eau s\u00e9v\u00e8re, telles que l\u2019\u0153d\u00e8me pulmonaire (liquide dans les poumons) et l\u2019hypertension art\u00e9rielle s\u00e9v\u00e8re.<\/li>\n<li>Action rapide : Lasix agit rapidement, procurant un soulagement rapide des sympt\u00f4mes de r\u00e9tention d\u2019eau et d\u2019hypertension, ce qui peut \u00eatre crucial pour les patients en d\u00e9tresse aigu\u00eb.<\/li>\n<\/ol>\n<h4>Effets secondaires du Lasix<\/h4>\n<ol>\n<li>D\u00e9s\u00e9quilibre \u00e9lectrolytique : les effets secondaires courants comprennent de faibles niveaux de potassium, de sodium et de magn\u00e9sium dans le sang, ce qui peut provoquer des sympt\u00f4mes tels que des crampes musculaires, une faiblesse et un rythme cardiaque irr\u00e9gulier.<\/li>\n<li>D\u00e9shydratation : une perte excessive de liquide peut entra\u00eener une d\u00e9shydratation, provoquant des \u00e9tourdissements, une s\u00e9cheresse de la bouche et une diminution du d\u00e9bit urinaire.<\/li>\n<li>Hypotension : Lasix peut provoquer une baisse significative de la pression art\u00e9rielle, entra\u00eenant des \u00e9tourdissements ou des \u00e9vanouissements, en particulier lors du passage rapide \u00e0 la verticale.<\/li>\n<li>Probl\u00e8mes d\u2019audition : des doses \u00e9lev\u00e9es ou une administration intraveineuse rapide de Lasix peuvent entra\u00eener une perte auditive temporaire ou permanente.<\/li>\n<li>R\u00e9actions allergiques : Certains patients peuvent pr\u00e9senter des r\u00e9actions allergiques, notamment des \u00e9ruptions cutan\u00e9es, des d\u00e9mangeaisons ou des difficult\u00e9s respiratoires.<\/li>\n<\/ol>\n<p>Il est pr\u00e9f\u00e9rable de prendre le Lasix sous surveillance m\u00e9dicale en raison de ses effets importants et de ses possibles effets ind\u00e9sirables. Respecter la dose recommand\u00e9e et planifier des examens de routine est essentiel pour surveiller la fonction r\u00e9nale et les \u00e9lectrolytes. Pour obtenir du Lasix et plus d'informations, rendez-vous sur buy-prescriptionz.com, la meilleure pharmacie.<\/p>\n<h3>Lasix 40 mg en vente \u00e0 des prix incroyables<\/h3>\n<p>Ne vous souciez plus de savoir comment acheter du Lasix 40 mg en ligne pour le traitement des \u0153d\u00e8mes et de l'hypertension. Commandez \u00e9galement du Lasix 40 mg en ligne pour la cirrhose du foie, l'imp\u00e9dance r\u00e9nale, les troubles n\u00e9phrotiques, le traitement du gonflement des veines ou des poumons n\u00e9cessitant une diur\u00e8se rapide, et le traitement de l'hypercalc\u00e9mie s\u00e9v\u00e8re.<\/p>\n<p>Le Lasix est lib\u00e9r\u00e9 par \u00e9mission cylindrique dans le rein. Des doses plus faibles sont prescrites chez les patients plus \u00e2g\u00e9s afin de limiter les sympt\u00f4mes, et des doses plus \u00e9lev\u00e9es sont n\u00e9cessaires en cas d'insuffisance r\u00e9nale. Une consommation excessive peut entra\u00eener des l\u00e9sions r\u00e9nales.<\/p>\n<h3>O\u00f9 acheter du Lasix 40 mg en ligne pour les patients am\u00e9ricains<\/h3>\n<p>Achetez du Lasix 40 mg sans ordonnance. Il agit en 1 heure apr\u00e8s la prise orale et, apr\u00e8s perfusion intraveineuse, en 30 minutes environ. Commandez d\u00e8s maintenant sur buy-prescriptionz.com pour une livraison rapide et s\u00e9curis\u00e9e. Une diur\u00e8se est ressentie pendant 6 \u00e0 8 heures apr\u00e8s l'injection orale en cas d'urgence. Le furos\u00e9mide est un inhibiteur non comp\u00e9titif des r\u00e9cepteurs GABA-A. Il a \u00e9t\u00e9 associ\u00e9 \u00e0 des flux r\u00e9versibles induits par le GABA des r\u00e9cepteurs \u03b16\u03b22\u03b32 \u00e0 une concentration \u00b5M, mais pas des r\u00e9cepteurs \u03b11\u03b22\u03b32. Achetez du Lasix 40 mg \u00e0 bas prix pour les commandes en gros sur buy-prescriptionz.com.<\/p>\n<h3>Acheter Lasix 40 mg en ligne<\/h3>\n<p>L'activit\u00e9 sur les tubules distaux est ind\u00e9pendante de tout effet inhibiteur sur l'anhydrase carbonique ou l'aldost\u00e9rone\u00a0; elle inhibe le processus osmotique corticom\u00e9dullaire et la capacit\u00e9 de r\u00e9tention d'eau libre, tant n\u00e9gative que positive. Achetez d\u00e8s maintenant du Lasix 40\u00a0mg sans m\u00e9decin gr\u00e2ce \u00e0 une livraison rapide et s\u00e9curis\u00e9e sur buy-prescriptionz.com.<\/p>\n<p>Achetez Lasix 40 mg avec un emballage discret comme les autres diur\u00e9tiques, agit en restreignant le cotransporteur luminal Na-K-Cl dans l'appendice en faisant autorit\u00e9 sur le canal chlorure, provoquant une perte de sodium, de chlorure et de potassium dans l'urine.<\/p>","protected":false},"excerpt":{"rendered":"<p>Buy Lasix Online Buy Lasix 40 mg online at buy-prescriptionz.com for Hypertension Buy Lasix Online,Furosemide or Lasix is a drug for treating liquid excretion because of nausea, liver issues, or kidney disease. Buy Lasix 40 mg for the treatment of high blood pressure also. Lasix 40 mg online is available for infusion into a vein [&hellip;]<\/p>","protected":false},"featured_media":3081,"comment_status":"open","ping_status":"closed","template":"","meta":{"site-sidebar-layout":"default","site-content-layout":"","ast-site-content-layout":"default","site-content-style":"default","site-sidebar-style":"default","ast-global-header-display":"","ast-banner-title-visibility":"","ast-main-header-display":"","ast-hfb-above-header-display":"","ast-hfb-below-header-display":"","ast-hfb-mobile-header-display":"","site-post-title":"","ast-breadcrumbs-content":"","ast-featured-img":"","footer-sml-layout":"","theme-transparent-header-meta":"default","adv-header-id-meta":"","stick-header-meta":"","header-above-stick-meta":"","header-main-stick-meta":"","header-below-stick-meta":"","astra-migrate-meta-layouts":"set","ast-page-background-enabled":"default","ast-page-background-meta":{"desktop":{"background-color":"var(--ast-global-color-4)","background-image":"","background-repeat":"repeat","background-position":"center center","background-size":"auto","background-attachment":"scroll","background-type":"","background-media":"","overlay-type":"","overlay-color":"","overlay-opacity":"","overlay-gradient":""},"tablet":{"background-color":"","background-image":"","background-repeat":"repeat","background-position":"center center","background-size":"auto","background-attachment":"scroll","background-type":"","background-media":"","overlay-type":"","overlay-color":"","overlay-opacity":"","overlay-gradient":""},"mobile":{"background-color":"","background-image":"","background-repeat":"repeat","background-position":"center center","background-size":"auto","background-attachment":"scroll","background-type":"","background-media":"","overlay-type":"","overlay-color":"","overlay-opacity":"","overlay-gradient":""}},"ast-content-background-meta":{"desktop":{"background-color":"var(--ast-global-color-5)","background-image":"","background-repeat":"repeat","background-position":"center center","background-size":"auto","background-attachment":"scroll","background-type":"","background-media":"","overlay-type":"","overlay-color":"","overlay-opacity":"","overlay-gradient":""},"tablet":{"background-color":"var(--ast-global-color-5)","background-image":"","background-repeat":"repeat","background-position":"center center","background-size":"auto","background-attachment":"scroll","background-type":"","background-media":"","overlay-type":"","overlay-color":"","overlay-opacity":"","overlay-gradient":""},"mobile":{"background-color":"var(--ast-global-color-5)","background-image":"","background-repeat":"repeat","background-position":"center center","background-size":"auto","background-attachment":"scroll","background-type":"","background-media":"","overlay-type":"","overlay-color":"","overlay-opacity":"","overlay-gradient":""}}},"product_brand":[],"product_cat":[2384],"product_tag":[1278,1279,1277,1272,1275,1274,1273,1276,1271,1270,1281,1280],"class_list":{"0":"post-3051","1":"product","2":"type-product","3":"status-publish","4":"has-post-thumbnail","6":"product_cat-buy-anabolic-steroids-online","7":"product_tag-buy-lasix-in-canada","8":"product_tag-buy-lasix-in-uk","9":"product_tag-buy-lasix-in-usa","10":"product_tag-buy-lasix-with-bitcoin","11":"product_tag-buy-lasix-with-credit-card","12":"product_tag-buy-lasix-with-money-gram","13":"product_tag-buy-lasix-with-western-union","14":"product_tag-buy-lasix-without-a-doctor","15":"product_tag-buy-lasix-without-prescription","16":"product_tag-lasix-for-sale","17":"product_tag-lasix-pills","18":"product_tag-lasix-tablets","19":"desktop-align-center","20":"tablet-align-left","21":"mobile-align-left","23":"first","24":"instock","25":"shipping-taxable","26":"purchasable","27":"product-type-variable","28":"has-default-attributes"},"yoast_head":"<!-- This site is optimized with the Yoast SEO plugin v25.9 - https:\/\/yoast.com\/wordpress\/plugins\/seo\/ -->\n<title>Buy Lasix Online - Lasix for Sale | Buy-Prescriptionz<\/title>\n<meta name=\"description\" content=\"Get Lasix for sale at pocket-friendly prices from our Buy-Prescriptionz store. We will help you buy lasix online. Accept your order and deliver it to you soon!\" \/>\n<meta name=\"robots\" content=\"index, follow, max-snippet:-1, max-image-preview:large, max-video-preview:-1\" \/>\n<link rel=\"canonical\" href=\"https:\/\/buy-prescriptionz.com\/fr\/produit\/acheter-lasix-en-ligne\/\" \/>\n<meta property=\"og:locale\" content=\"fr_FR\" \/>\n<meta property=\"og:type\" content=\"article\" \/>\n<meta property=\"og:title\" content=\"Buy Lasix Online - Lasix for Sale | Buy-Prescriptionz\" \/>\n<meta property=\"og:description\" content=\"Get Lasix for sale at pocket-friendly prices from our Buy-Prescriptionz store. We will help you buy lasix online. Accept your order and deliver it to you soon!\" \/>\n<meta property=\"og:url\" content=\"https:\/\/buy-prescriptionz.com\/fr\/produit\/acheter-lasix-en-ligne\/\" \/>\n<meta property=\"og:site_name\" content=\"Buy Prescriptionz\" \/>\n<meta property=\"article:modified_time\" content=\"2025-09-22T05:26:12+00:00\" \/>\n<meta property=\"og:image\" content=\"https:\/\/buy-prescriptionz.com\/wp-content\/uploads\/2025\/09\/lasix.jpg\" \/>\n\t<meta property=\"og:image:width\" content=\"400\" \/>\n\t<meta property=\"og:image:height\" content=\"300\" \/>\n\t<meta property=\"og:image:type\" content=\"image\/jpeg\" \/>\n<meta name=\"twitter:card\" content=\"summary_large_image\" \/>\n<meta name=\"twitter:label1\" content=\"Dur\u00e9e de lecture estim\u00e9e\" \/>\n\t<meta name=\"twitter:data1\" content=\"4 minutes\" \/>\n<script type=\"application\/ld+json\" class=\"yoast-schema-graph\">{\"@context\":\"https:\/\/schema.org\",\"@graph\":[{\"@type\":\"WebPage\",\"@id\":\"https:\/\/buy-prescriptionz.com\/product\/buy-lasix-online\/\",\"url\":\"https:\/\/buy-prescriptionz.com\/product\/buy-lasix-online\/\",\"name\":\"Buy Lasix Online - Lasix for Sale | Buy-Prescriptionz\",\"isPartOf\":{\"@id\":\"https:\/\/buy-prescriptionz.com\/#website\"},\"primaryImageOfPage\":{\"@id\":\"https:\/\/buy-prescriptionz.com\/product\/buy-lasix-online\/#primaryimage\"},\"image\":{\"@id\":\"https:\/\/buy-prescriptionz.com\/product\/buy-lasix-online\/#primaryimage\"},\"thumbnailUrl\":\"https:\/\/buy-prescriptionz.com\/wp-content\/uploads\/2025\/09\/lasix.jpg\",\"datePublished\":\"2025-09-16T08:56:09+00:00\",\"dateModified\":\"2025-09-22T05:26:12+00:00\",\"description\":\"Get Lasix for sale at pocket-friendly prices from our Buy-Prescriptionz store. We will help you buy lasix online. Accept your order and deliver it to you soon!\",\"breadcrumb\":{\"@id\":\"https:\/\/buy-prescriptionz.com\/product\/buy-lasix-online\/#breadcrumb\"},\"inLanguage\":\"fr-FR\",\"potentialAction\":[{\"@type\":\"ReadAction\",\"target\":[\"https:\/\/buy-prescriptionz.com\/product\/buy-lasix-online\/\"]}]},{\"@type\":\"ImageObject\",\"inLanguage\":\"fr-FR\",\"@id\":\"https:\/\/buy-prescriptionz.com\/product\/buy-lasix-online\/#primaryimage\",\"url\":\"https:\/\/buy-prescriptionz.com\/wp-content\/uploads\/2025\/09\/lasix.jpg\",\"contentUrl\":\"https:\/\/buy-prescriptionz.com\/wp-content\/uploads\/2025\/09\/lasix.jpg\",\"width\":400,\"height\":300},{\"@type\":\"BreadcrumbList\",\"@id\":\"https:\/\/buy-prescriptionz.com\/product\/buy-lasix-online\/#breadcrumb\",\"itemListElement\":[{\"@type\":\"ListItem\",\"position\":1,\"name\":\"Home\",\"item\":\"https:\/\/buy-prescriptionz.com\/\"},{\"@type\":\"ListItem\",\"position\":2,\"name\":\"Shop Painkillers Online\",\"item\":\"https:\/\/buy-prescriptionz.com\/shop-painkillers-online\/\"},{\"@type\":\"ListItem\",\"position\":3,\"name\":\"Buy Lasix Online\"}]},{\"@type\":\"WebSite\",\"@id\":\"https:\/\/buy-prescriptionz.com\/#website\",\"url\":\"https:\/\/buy-prescriptionz.com\/\",\"name\":\"Buy Prescriptionz\",\"description\":\"Drugs Online\",\"publisher\":{\"@id\":\"https:\/\/buy-prescriptionz.com\/#organization\"},\"potentialAction\":[{\"@type\":\"SearchAction\",\"target\":{\"@type\":\"EntryPoint\",\"urlTemplate\":\"https:\/\/buy-prescriptionz.com\/?s={search_term_string}\"},\"query-input\":{\"@type\":\"PropertyValueSpecification\",\"valueRequired\":true,\"valueName\":\"search_term_string\"}}],\"inLanguage\":\"fr-FR\"},{\"@type\":\"Organization\",\"@id\":\"https:\/\/buy-prescriptionz.com\/#organization\",\"name\":\"Buy Prescriptionz\",\"url\":\"https:\/\/buy-prescriptionz.com\/\",\"logo\":{\"@type\":\"ImageObject\",\"inLanguage\":\"fr-FR\",\"@id\":\"https:\/\/buy-prescriptionz.com\/#\/schema\/logo\/image\/\",\"url\":\"https:\/\/buy-prescriptionz.com\/wp-content\/uploads\/2023\/09\/logo.png\",\"contentUrl\":\"https:\/\/buy-prescriptionz.com\/wp-content\/uploads\/2023\/09\/logo.png\",\"width\":350,\"height\":64,\"caption\":\"Buy Prescriptionz\"},\"image\":{\"@id\":\"https:\/\/buy-prescriptionz.com\/#\/schema\/logo\/image\/\"}}]}<\/script>\n<!-- \/ Yoast SEO plugin. -->","yoast_head_json":{"title":"Acheter du Lasix en ligne - Lasix \u00e0 vendre | Buy-Prescriptionz","description":"Achetez du Lasix \u00e0 prix abordables sur notre boutique Buy-Prescriptionz. Nous vous aidons \u00e0 acheter du Lasix en ligne. Acceptez votre commande et recevez-la chez vous rapidement\u00a0!","robots":{"index":"index","follow":"follow","max-snippet":"max-snippet:-1","max-image-preview":"max-image-preview:large","max-video-preview":"max-video-preview:-1"},"canonical":"https:\/\/buy-prescriptionz.com\/fr\/produit\/acheter-lasix-en-ligne\/","og_locale":"fr_FR","og_type":"article","og_title":"Buy Lasix Online - Lasix for Sale | Buy-Prescriptionz","og_description":"Get Lasix for sale at pocket-friendly prices from our Buy-Prescriptionz store. We will help you buy lasix online. Accept your order and deliver it to you soon!","og_url":"https:\/\/buy-prescriptionz.com\/fr\/produit\/acheter-lasix-en-ligne\/","og_site_name":"Buy Prescriptionz","article_modified_time":"2025-09-22T05:26:12+00:00","og_image":[{"width":400,"height":300,"url":"https:\/\/buy-prescriptionz.com\/wp-content\/uploads\/2025\/09\/lasix.jpg","type":"image\/jpeg"}],"twitter_card":"summary_large_image","twitter_misc":{"Dur\u00e9e de lecture estim\u00e9e":"4 minutes"},"schema":{"@context":"https:\/\/schema.org","@graph":[{"@type":"WebPage","@id":"https:\/\/buy-prescriptionz.com\/product\/buy-lasix-online\/","url":"https:\/\/buy-prescriptionz.com\/product\/buy-lasix-online\/","name":"Acheter du Lasix en ligne - Lasix \u00e0 vendre | Buy-Prescriptionz","isPartOf":{"@id":"https:\/\/buy-prescriptionz.com\/#website"},"primaryImageOfPage":{"@id":"https:\/\/buy-prescriptionz.com\/product\/buy-lasix-online\/#primaryimage"},"image":{"@id":"https:\/\/buy-prescriptionz.com\/product\/buy-lasix-online\/#primaryimage"},"thumbnailUrl":"https:\/\/buy-prescriptionz.com\/wp-content\/uploads\/2025\/09\/lasix.jpg","datePublished":"2025-09-16T08:56:09+00:00","dateModified":"2025-09-22T05:26:12+00:00","description":"Achetez du Lasix \u00e0 prix abordables sur notre boutique Buy-Prescriptionz. Nous vous aidons \u00e0 acheter du Lasix en ligne. Acceptez votre commande et recevez-la chez vous rapidement\u00a0!","breadcrumb":{"@id":"https:\/\/buy-prescriptionz.com\/product\/buy-lasix-online\/#breadcrumb"},"inLanguage":"fr-FR","potentialAction":[{"@type":"ReadAction","target":["https:\/\/buy-prescriptionz.com\/product\/buy-lasix-online\/"]}]},{"@type":"ImageObject","inLanguage":"fr-FR","@id":"https:\/\/buy-prescriptionz.com\/product\/buy-lasix-online\/#primaryimage","url":"https:\/\/buy-prescriptionz.com\/wp-content\/uploads\/2025\/09\/lasix.jpg","contentUrl":"https:\/\/buy-prescriptionz.com\/wp-content\/uploads\/2025\/09\/lasix.jpg","width":400,"height":300},{"@type":"BreadcrumbList","@id":"https:\/\/buy-prescriptionz.com\/product\/buy-lasix-online\/#breadcrumb","itemListElement":[{"@type":"ListItem","position":1,"name":"Home","item":"https:\/\/buy-prescriptionz.com\/"},{"@type":"ListItem","position":2,"name":"Shop Painkillers Online","item":"https:\/\/buy-prescriptionz.com\/shop-painkillers-online\/"},{"@type":"ListItem","position":3,"name":"Buy Lasix Online"}]},{"@type":"WebSite","@id":"https:\/\/buy-prescriptionz.com\/#website","url":"https:\/\/buy-prescriptionz.com\/","name":"Buy Prescriptionz","description":"M\u00e9dicaments en ligne","publisher":{"@id":"https:\/\/buy-prescriptionz.com\/#organization"},"potentialAction":[{"@type":"SearchAction","target":{"@type":"EntryPoint","urlTemplate":"https:\/\/buy-prescriptionz.com\/?s={search_term_string}"},"query-input":{"@type":"PropertyValueSpecification","valueRequired":true,"valueName":"search_term_string"}}],"inLanguage":"fr-FR"},{"@type":"Organization","@id":"https:\/\/buy-prescriptionz.com\/#organization","name":"Buy Prescriptionz","url":"https:\/\/buy-prescriptionz.com\/","logo":{"@type":"ImageObject","inLanguage":"fr-FR","@id":"https:\/\/buy-prescriptionz.com\/#\/schema\/logo\/image\/","url":"https:\/\/buy-prescriptionz.com\/wp-content\/uploads\/2023\/09\/logo.png","contentUrl":"https:\/\/buy-prescriptionz.com\/wp-content\/uploads\/2023\/09\/logo.png","width":350,"height":64,"caption":"Buy Prescriptionz"},"image":{"@id":"https:\/\/buy-prescriptionz.com\/#\/schema\/logo\/image\/"}}]}},"_links":{"self":[{"href":"https:\/\/buy-prescriptionz.com\/fr\/wp-json\/wp\/v2\/product\/3051","targetHints":{"allow":["GET"]}}],"collection":[{"href":"https:\/\/buy-prescriptionz.com\/fr\/wp-json\/wp\/v2\/product"}],"about":[{"href":"https:\/\/buy-prescriptionz.com\/fr\/wp-json\/wp\/v2\/types\/product"}],"replies":[{"embeddable":true,"href":"https:\/\/buy-prescriptionz.com\/fr\/wp-json\/wp\/v2\/comments?post=3051"}],"wp:featuredmedia":[{"embeddable":true,"href":"https:\/\/buy-prescriptionz.com\/fr\/wp-json\/wp\/v2\/media\/3081"}],"wp:attachment":[{"href":"https:\/\/buy-prescriptionz.com\/fr\/wp-json\/wp\/v2\/media?parent=3051"}],"wp:term":[{"taxonomy":"product_brand","embeddable":true,"href":"https:\/\/buy-prescriptionz.com\/fr\/wp-json\/wp\/v2\/product_brand?post=3051"},{"taxonomy":"product_cat","embeddable":true,"href":"https:\/\/buy-prescriptionz.com\/fr\/wp-json\/wp\/v2\/product_cat?post=3051"},{"taxonomy":"product_tag","embeddable":true,"href":"https:\/\/buy-prescriptionz.com\/fr\/wp-json\/wp\/v2\/product_tag?post=3051"}],"curies":[{"name":"wp","href":"https:\/\/api.w.org\/{rel}","templated":true}]}}