{"id":3052,"date":"2025-09-16T08:56:09","date_gmt":"2025-09-16T08:56:09","guid":{"rendered":"https:\/\/chemsfine.com\/newsite\/?post_type=product&#038;p=3052"},"modified":"2025-09-22T11:15:45","modified_gmt":"2025-09-22T11:15:45","slug":"acheter-de-linsuline-en-ligne","status":"publish","type":"product","link":"https:\/\/buy-prescriptionz.com\/fr\/produit\/acheter-de-linsuline-en-ligne\/","title":{"rendered":"Acheter de l'insuline en ligne"},"content":{"rendered":"<h1>Achetez de l'insuline en ligne de 100 mg, 150 mg et 50 mg<\/h1>\n<p>Acheter<a href=\"https:\/\/en.wikipedia.org\/wiki\/Insulin\"> Insulin<\/a> L'insuline en ligne est une hormone peptidique produite par les cellules b\u00eata des \u00eelots pancr\u00e9atiques\u00a0; c'est l'hormone anabolique fondamentale de l'organisme. O\u00f9 acheter de l'insuline en ligne sur buy-prescriptionz.com\u00a0? Elle r\u00e9gule la digestion des f\u00e9culents, des lipides et des prot\u00e9ines en favorisant l'absorption des sucres et du glucose du sang par les cellules h\u00e9patiques, adipeuses et musculaires squelettiques.<\/p>\n<p>L'insuline est une hormone essentielle \u00e0 la r\u00e9gulation de la glyc\u00e9mie et \u00e0 la gestion du diab\u00e8te. Elle aide l'organisme \u00e0 utiliser efficacement le glucose, pr\u00e9venant ainsi les complications li\u00e9es \u00e0 l'hyperglyc\u00e9mie ou \u00e0 l'hypoglyc\u00e9mie. Pour un achat d'insuline pratique et fiable, rendez-vous sur Buy-prescriptionz.com, la meilleure pharmacie du pays. Elle propose un large choix d'insuline, vous permettant d'obtenir rapidement et en toute s\u00e9curit\u00e9 le m\u00e9dicament dont vous avez besoin.<\/p>\n<h2>Achetez de l'insuline en ligne. Sur buy-prescriptionz.com pour les \u00c9tats-Unis et l'Europe.<\/h2>\n<p>Le glucose assimil\u00e9 est transform\u00e9 soit en glycog\u00e8ne par glycog\u00e9n\u00e8se, soit en graisses (triglyc\u00e9rides) par lipog\u00e9n\u00e8se, ou, dans le foie, en les deux. Glucose L'insuline circulante influence l'amalgamation des prot\u00e9ines dans diff\u00e9rents tissus.<\/p>\n<p><a href=\"https:\/\/buy-prescriptionz.com\/fr\/produit\/dormicum\/\">Insulin<\/a> Disponible sur buy-prescriptionz.com pour les patients diab\u00e9tiques, cette hormone anabolique favorise la lib\u00e9ration et la transformation des particules dans le sang. Un faible taux d'insuline dans le sang a l'effet inverse\u00a0: il favorise un catabolisme important, notamment au niveau du rapport muscle\/graisse. Trouver o\u00f9 acheter de l'insuline en ligne est simple\u00a0: sur prescriptionz.com, vous pouvez en acheter la qualit\u00e9 souhait\u00e9e, \u00e0 tout moment et o\u00f9 que vous soyez. Dormicum en ligne<\/p>\n<h3>Avantages<\/h3>\n<ul>\n<li>Commodit\u00e9\u00a0: Vous pouvez facilement commander la meilleure insuline depuis chez vous, sans avoir \u00e0 vous rendre en pharmacie. C'est particuli\u00e8rement avantageux pour les personnes \u00e0 mobilit\u00e9 r\u00e9duite ou ayant un emploi du temps charg\u00e9.<\/li>\n<li>\u00c9conomies\u00a0: Les pharmacies en ligne proposent souvent des prix plus comp\u00e9titifs que les pharmacies locales. Vous pouvez \u00e9galement b\u00e9n\u00e9ficier de r\u00e9ductions et d'options d'achat en gros.<\/li>\n<li>Confidentialit\u00e9 : L\u2019achat d\u2019insuline en ligne permet un processus discret, ce qui peut \u00eatre important pour ceux qui pr\u00e9f\u00e8rent garder leurs probl\u00e8mes de sant\u00e9 priv\u00e9s.<\/li>\n<\/ul>\n<h3>Utilisations<\/h3>\n<ul>\n<li>R\u00e9guler la glyc\u00e9mie : l\u2019insuline est essentielle pour g\u00e9rer le diab\u00e8te de type 1 et de type 2, en aidant \u00e0 maintenir une glyc\u00e9mie normale.<\/li>\n<li>Contr\u00f4ler l\u2019hyperglyc\u00e9mie : en abaissant le taux de sucre dans le sang, l\u2019insuline pr\u00e9vient les complications associ\u00e9es \u00e0 une glyc\u00e9mie \u00e9lev\u00e9e, telles que les l\u00e9sions nerveuses et les probl\u00e8mes cardiovasculaires.<\/li>\n<li>Soutenir le m\u00e9tabolisme : l\u2019insuline aide le corps \u00e0 utiliser efficacement le glucose, ce qui est essentiel \u00e0 la production d\u2019\u00e9nergie et \u00e0 la fonction m\u00e9tabolique globale.<\/li>\n<\/ul>\n<h3>Effets secondaires<\/h3>\n<ul>\n<li>Hypoglyc\u00e9mie : l\u2019hypoglyc\u00e9mie est un effet secondaire courant de l\u2019insuline, caract\u00e9ris\u00e9 par des sympt\u00f4mes tels que des \u00e9tourdissements, des sueurs et de la confusion.<\/li>\n<li>Prise de poids : l\u2019utilisation \u00e0 long terme de l\u2019insuline peut entra\u00eener une prise de poids, car elle favorise le stockage du glucose sous forme de graisse.<\/li>\n<li>R\u00e9actions allergiques : Certains patients peuvent pr\u00e9senter des r\u00e9actions allergiques, notamment des \u00e9ruptions cutan\u00e9es, des d\u00e9mangeaisons ou des difficult\u00e9s respiratoires.<\/li>\n<li>Probl\u00e8mes au site d\u2019injection : les injections r\u00e9p\u00e9t\u00e9es d\u2019insuline peuvent provoquer des probl\u00e8mes localis\u00e9s tels que des rougeurs, un gonflement ou une lipodystrophie (r\u00e9partition anormale des graisses).<\/li>\n<\/ul>\n<h3>\u00a0Insuline sans ordonnance et service d'exp\u00e9dition rapide et s\u00e9curis\u00e9<\/h3>\n<p>D\u00e9couvrez comment acheter de l'insuline en ligne sur prescriptionz.com, car les cellules b\u00eata sont sensibles \u00e0 la production de glucose, appel\u00e9e glyc\u00e9mie. Si la glyc\u00e9mie est \u00e9lev\u00e9e, les cellules b\u00eata lib\u00e8rent de l'insuline dans le sang\u00a0; si la glyc\u00e9mie est basse, la lib\u00e9ration d'insuline est inhib\u00e9e. Le glucagon, pr\u00e9sent dans le foie, lib\u00e8re le glucose par glycog\u00e9nolyse et n\u00e9oglucogen\u00e8se, ce qui a l'effet inverse de celui de l'insuline. Vous pouvez acheter de l'insuline en ligne \u00e0 un prix avantageux.<\/p>\n<p>Obtenez de l'insuline sans ordonnance, comme les insulines \u00e0 action rapide qui ne n\u00e9cessitent pas la perfusion interm\u00e9diaire prescrite pour l'insuline humaine et animale. L'insuline \u00e0 action prolong\u00e9e\u00a0; la premi\u00e8re d'entre elles \u00e9tait Lantus (insuline glargine). Commandez ce produit qui a un effet constant pendant une p\u00e9riode globale de 18 \u00e0 24\u00a0heures. Levemir est une autre insuline \u00e0 lib\u00e9ration prolong\u00e9e qui utilise une approche d'acylation des graisses insatur\u00e9es. Achetez \u00e9galement de l'insuline dans un emballage discret sur buy-prescriptionz.com avec un service de livraison rapide et s\u00e9curis\u00e9 aux \u00c9tats-Unis et dans certains \u00c9tats europ\u00e9ens.<\/p>","protected":false},"excerpt":{"rendered":"<p>Buy Insulin Online of 100 mg, 150 mg, and 50 mg Buy Insulin Online is a peptide hormone produced by beta cells of the pancreatic islets; it is the fundamental anabolic hormone of the body. Where to Buy Insulin online at buy-prescriptionz.com that directs the digestion of starches, fats, and protein by helping the ingestion [&hellip;]<\/p>","protected":false},"featured_media":3082,"comment_status":"open","ping_status":"closed","template":"","meta":{"site-sidebar-layout":"default","site-content-layout":"","ast-site-content-layout":"default","site-content-style":"default","site-sidebar-style":"default","ast-global-header-display":"","ast-banner-title-visibility":"","ast-main-header-display":"","ast-hfb-above-header-display":"","ast-hfb-below-header-display":"","ast-hfb-mobile-header-display":"","site-post-title":"","ast-breadcrumbs-content":"","ast-featured-img":"","footer-sml-layout":"","theme-transparent-header-meta":"default","adv-header-id-meta":"","stick-header-meta":"","header-above-stick-meta":"","header-main-stick-meta":"","header-below-stick-meta":"","astra-migrate-meta-layouts":"set","ast-page-background-enabled":"default","ast-page-background-meta":{"desktop":{"background-color":"var(--ast-global-color-4)","background-image":"","background-repeat":"repeat","background-position":"center center","background-size":"auto","background-attachment":"scroll","background-type":"","background-media":"","overlay-type":"","overlay-color":"","overlay-opacity":"","overlay-gradient":""},"tablet":{"background-color":"","background-image":"","background-repeat":"repeat","background-position":"center center","background-size":"auto","background-attachment":"scroll","background-type":"","background-media":"","overlay-type":"","overlay-color":"","overlay-opacity":"","overlay-gradient":""},"mobile":{"background-color":"","background-image":"","background-repeat":"repeat","background-position":"center center","background-size":"auto","background-attachment":"scroll","background-type":"","background-media":"","overlay-type":"","overlay-color":"","overlay-opacity":"","overlay-gradient":""}},"ast-content-background-meta":{"desktop":{"background-color":"var(--ast-global-color-5)","background-image":"","background-repeat":"repeat","background-position":"center center","background-size":"auto","background-attachment":"scroll","background-type":"","background-media":"","overlay-type":"","overlay-color":"","overlay-opacity":"","overlay-gradient":""},"tablet":{"background-color":"var(--ast-global-color-5)","background-image":"","background-repeat":"repeat","background-position":"center center","background-size":"auto","background-attachment":"scroll","background-type":"","background-media":"","overlay-type":"","overlay-color":"","overlay-opacity":"","overlay-gradient":""},"mobile":{"background-color":"var(--ast-global-color-5)","background-image":"","background-repeat":"repeat","background-position":"center center","background-size":"auto","background-attachment":"scroll","background-type":"","background-media":"","overlay-type":"","overlay-color":"","overlay-opacity":"","overlay-gradient":""}}},"product_brand":[],"product_cat":[2384],"product_tag":[],"class_list":{"0":"post-3052","1":"product","2":"type-product","3":"status-publish","4":"has-post-thumbnail","6":"product_cat-buy-anabolic-steroids-online","7":"desktop-align-center","8":"tablet-align-left","9":"mobile-align-left","11":"first","12":"instock","13":"shipping-taxable","14":"purchasable","15":"product-type-variable","16":"has-default-attributes"},"yoast_head":"<!-- This site is optimized with the Yoast SEO plugin v25.9 - https:\/\/yoast.com\/wordpress\/plugins\/seo\/ -->\n<title>Buy Insulin Online - buy insulin online from walmart,insulin for sale online<\/title>\n<meta name=\"description\" content=\"Buy Insulin Online.where to buy insulin cheap,Buy Lantus insulin online works by controlling blood over the counter insulin walmart\" \/>\n<meta name=\"robots\" content=\"index, follow, max-snippet:-1, max-image-preview:large, max-video-preview:-1\" \/>\n<link rel=\"canonical\" href=\"https:\/\/buy-prescriptionz.com\/fr\/produit\/acheter-de-linsuline-en-ligne\/\" \/>\n<meta property=\"og:locale\" content=\"fr_FR\" \/>\n<meta property=\"og:type\" content=\"article\" \/>\n<meta property=\"og:title\" content=\"Buy Insulin Online - buy insulin online from walmart,insulin for sale online\" \/>\n<meta property=\"og:description\" content=\"Buy Insulin Online.where to buy insulin cheap,Buy Lantus insulin online works by controlling blood over the counter insulin walmart\" \/>\n<meta property=\"og:url\" content=\"https:\/\/buy-prescriptionz.com\/fr\/produit\/acheter-de-linsuline-en-ligne\/\" \/>\n<meta property=\"og:site_name\" content=\"Buy Prescriptionz\" \/>\n<meta property=\"article:modified_time\" content=\"2025-09-22T11:15:45+00:00\" \/>\n<meta property=\"og:image\" content=\"https:\/\/buy-prescriptionz.com\/wp-content\/uploads\/2025\/09\/insulin.jpg\" \/>\n\t<meta property=\"og:image:width\" content=\"400\" \/>\n\t<meta property=\"og:image:height\" content=\"300\" \/>\n\t<meta property=\"og:image:type\" content=\"image\/jpeg\" \/>\n<meta name=\"twitter:card\" content=\"summary_large_image\" \/>\n<meta name=\"twitter:label1\" content=\"Dur\u00e9e de lecture estim\u00e9e\" \/>\n\t<meta name=\"twitter:data1\" content=\"4 minutes\" \/>\n<script type=\"application\/ld+json\" class=\"yoast-schema-graph\">{\"@context\":\"https:\/\/schema.org\",\"@graph\":[{\"@type\":\"WebPage\",\"@id\":\"https:\/\/buy-prescriptionz.com\/product\/buy-insulin-online\/\",\"url\":\"https:\/\/buy-prescriptionz.com\/product\/buy-insulin-online\/\",\"name\":\"Buy Insulin Online - buy insulin online from walmart,insulin for sale online\",\"isPartOf\":{\"@id\":\"https:\/\/buy-prescriptionz.com\/#website\"},\"primaryImageOfPage\":{\"@id\":\"https:\/\/buy-prescriptionz.com\/product\/buy-insulin-online\/#primaryimage\"},\"image\":{\"@id\":\"https:\/\/buy-prescriptionz.com\/product\/buy-insulin-online\/#primaryimage\"},\"thumbnailUrl\":\"https:\/\/buy-prescriptionz.com\/wp-content\/uploads\/2025\/09\/insulin.jpg\",\"datePublished\":\"2025-09-16T08:56:09+00:00\",\"dateModified\":\"2025-09-22T11:15:45+00:00\",\"description\":\"Buy Insulin Online.where to buy insulin cheap,Buy Lantus insulin online works by controlling blood over the counter insulin walmart\",\"breadcrumb\":{\"@id\":\"https:\/\/buy-prescriptionz.com\/product\/buy-insulin-online\/#breadcrumb\"},\"inLanguage\":\"fr-FR\",\"potentialAction\":[{\"@type\":\"ReadAction\",\"target\":[\"https:\/\/buy-prescriptionz.com\/product\/buy-insulin-online\/\"]}]},{\"@type\":\"ImageObject\",\"inLanguage\":\"fr-FR\",\"@id\":\"https:\/\/buy-prescriptionz.com\/product\/buy-insulin-online\/#primaryimage\",\"url\":\"https:\/\/buy-prescriptionz.com\/wp-content\/uploads\/2025\/09\/insulin.jpg\",\"contentUrl\":\"https:\/\/buy-prescriptionz.com\/wp-content\/uploads\/2025\/09\/insulin.jpg\",\"width\":400,\"height\":300},{\"@type\":\"BreadcrumbList\",\"@id\":\"https:\/\/buy-prescriptionz.com\/product\/buy-insulin-online\/#breadcrumb\",\"itemListElement\":[{\"@type\":\"ListItem\",\"position\":1,\"name\":\"Home\",\"item\":\"https:\/\/buy-prescriptionz.com\/\"},{\"@type\":\"ListItem\",\"position\":2,\"name\":\"Shop Painkillers Online\",\"item\":\"https:\/\/buy-prescriptionz.com\/shop-painkillers-online\/\"},{\"@type\":\"ListItem\",\"position\":3,\"name\":\"Buy Insulin Online\"}]},{\"@type\":\"WebSite\",\"@id\":\"https:\/\/buy-prescriptionz.com\/#website\",\"url\":\"https:\/\/buy-prescriptionz.com\/\",\"name\":\"Buy Prescriptionz\",\"description\":\"Drugs Online\",\"publisher\":{\"@id\":\"https:\/\/buy-prescriptionz.com\/#organization\"},\"potentialAction\":[{\"@type\":\"SearchAction\",\"target\":{\"@type\":\"EntryPoint\",\"urlTemplate\":\"https:\/\/buy-prescriptionz.com\/?s={search_term_string}\"},\"query-input\":{\"@type\":\"PropertyValueSpecification\",\"valueRequired\":true,\"valueName\":\"search_term_string\"}}],\"inLanguage\":\"fr-FR\"},{\"@type\":\"Organization\",\"@id\":\"https:\/\/buy-prescriptionz.com\/#organization\",\"name\":\"Buy Prescriptionz\",\"url\":\"https:\/\/buy-prescriptionz.com\/\",\"logo\":{\"@type\":\"ImageObject\",\"inLanguage\":\"fr-FR\",\"@id\":\"https:\/\/buy-prescriptionz.com\/#\/schema\/logo\/image\/\",\"url\":\"https:\/\/buy-prescriptionz.com\/wp-content\/uploads\/2023\/09\/logo.png\",\"contentUrl\":\"https:\/\/buy-prescriptionz.com\/wp-content\/uploads\/2023\/09\/logo.png\",\"width\":350,\"height\":64,\"caption\":\"Buy Prescriptionz\"},\"image\":{\"@id\":\"https:\/\/buy-prescriptionz.com\/#\/schema\/logo\/image\/\"}}]}<\/script>\n<!-- \/ Yoast SEO plugin. -->","yoast_head_json":{"title":"Acheter de l'insuline en ligne - acheter de l'insuline en ligne chez Walmart, insuline en vente en ligne","description":"Achetez de l'insuline en ligne. O\u00f9 acheter de l'insuline \u00e0 bas prix\u00a0? Achetez de l'insuline Lantus en ligne. Elle agit en contr\u00f4lant la pression art\u00e9rielle. L'insuline est disponible en vente libre chez Walmart.","robots":{"index":"index","follow":"follow","max-snippet":"max-snippet:-1","max-image-preview":"max-image-preview:large","max-video-preview":"max-video-preview:-1"},"canonical":"https:\/\/buy-prescriptionz.com\/fr\/produit\/acheter-de-linsuline-en-ligne\/","og_locale":"fr_FR","og_type":"article","og_title":"Buy Insulin Online - buy insulin online from walmart,insulin for sale online","og_description":"Buy Insulin Online.where to buy insulin cheap,Buy Lantus insulin online works by controlling blood over the counter insulin walmart","og_url":"https:\/\/buy-prescriptionz.com\/fr\/produit\/acheter-de-linsuline-en-ligne\/","og_site_name":"Buy Prescriptionz","article_modified_time":"2025-09-22T11:15:45+00:00","og_image":[{"width":400,"height":300,"url":"https:\/\/buy-prescriptionz.com\/wp-content\/uploads\/2025\/09\/insulin.jpg","type":"image\/jpeg"}],"twitter_card":"summary_large_image","twitter_misc":{"Dur\u00e9e de lecture estim\u00e9e":"4 minutes"},"schema":{"@context":"https:\/\/schema.org","@graph":[{"@type":"WebPage","@id":"https:\/\/buy-prescriptionz.com\/product\/buy-insulin-online\/","url":"https:\/\/buy-prescriptionz.com\/product\/buy-insulin-online\/","name":"Acheter de l'insuline en ligne - acheter de l'insuline en ligne chez Walmart, insuline en vente en ligne","isPartOf":{"@id":"https:\/\/buy-prescriptionz.com\/#website"},"primaryImageOfPage":{"@id":"https:\/\/buy-prescriptionz.com\/product\/buy-insulin-online\/#primaryimage"},"image":{"@id":"https:\/\/buy-prescriptionz.com\/product\/buy-insulin-online\/#primaryimage"},"thumbnailUrl":"https:\/\/buy-prescriptionz.com\/wp-content\/uploads\/2025\/09\/insulin.jpg","datePublished":"2025-09-16T08:56:09+00:00","dateModified":"2025-09-22T11:15:45+00:00","description":"Achetez de l'insuline en ligne. O\u00f9 acheter de l'insuline \u00e0 bas prix\u00a0? Achetez de l'insuline Lantus en ligne. Elle agit en contr\u00f4lant la pression art\u00e9rielle. L'insuline est disponible en vente libre chez Walmart.","breadcrumb":{"@id":"https:\/\/buy-prescriptionz.com\/product\/buy-insulin-online\/#breadcrumb"},"inLanguage":"fr-FR","potentialAction":[{"@type":"ReadAction","target":["https:\/\/buy-prescriptionz.com\/product\/buy-insulin-online\/"]}]},{"@type":"ImageObject","inLanguage":"fr-FR","@id":"https:\/\/buy-prescriptionz.com\/product\/buy-insulin-online\/#primaryimage","url":"https:\/\/buy-prescriptionz.com\/wp-content\/uploads\/2025\/09\/insulin.jpg","contentUrl":"https:\/\/buy-prescriptionz.com\/wp-content\/uploads\/2025\/09\/insulin.jpg","width":400,"height":300},{"@type":"BreadcrumbList","@id":"https:\/\/buy-prescriptionz.com\/product\/buy-insulin-online\/#breadcrumb","itemListElement":[{"@type":"ListItem","position":1,"name":"Home","item":"https:\/\/buy-prescriptionz.com\/"},{"@type":"ListItem","position":2,"name":"Shop Painkillers Online","item":"https:\/\/buy-prescriptionz.com\/shop-painkillers-online\/"},{"@type":"ListItem","position":3,"name":"Buy Insulin Online"}]},{"@type":"WebSite","@id":"https:\/\/buy-prescriptionz.com\/#website","url":"https:\/\/buy-prescriptionz.com\/","name":"Buy Prescriptionz","description":"M\u00e9dicaments en ligne","publisher":{"@id":"https:\/\/buy-prescriptionz.com\/#organization"},"potentialAction":[{"@type":"SearchAction","target":{"@type":"EntryPoint","urlTemplate":"https:\/\/buy-prescriptionz.com\/?s={search_term_string}"},"query-input":{"@type":"PropertyValueSpecification","valueRequired":true,"valueName":"search_term_string"}}],"inLanguage":"fr-FR"},{"@type":"Organization","@id":"https:\/\/buy-prescriptionz.com\/#organization","name":"Buy Prescriptionz","url":"https:\/\/buy-prescriptionz.com\/","logo":{"@type":"ImageObject","inLanguage":"fr-FR","@id":"https:\/\/buy-prescriptionz.com\/#\/schema\/logo\/image\/","url":"https:\/\/buy-prescriptionz.com\/wp-content\/uploads\/2023\/09\/logo.png","contentUrl":"https:\/\/buy-prescriptionz.com\/wp-content\/uploads\/2023\/09\/logo.png","width":350,"height":64,"caption":"Buy Prescriptionz"},"image":{"@id":"https:\/\/buy-prescriptionz.com\/#\/schema\/logo\/image\/"}}]}},"_links":{"self":[{"href":"https:\/\/buy-prescriptionz.com\/fr\/wp-json\/wp\/v2\/product\/3052","targetHints":{"allow":["GET"]}}],"collection":[{"href":"https:\/\/buy-prescriptionz.com\/fr\/wp-json\/wp\/v2\/product"}],"about":[{"href":"https:\/\/buy-prescriptionz.com\/fr\/wp-json\/wp\/v2\/types\/product"}],"replies":[{"embeddable":true,"href":"https:\/\/buy-prescriptionz.com\/fr\/wp-json\/wp\/v2\/comments?post=3052"}],"wp:featuredmedia":[{"embeddable":true,"href":"https:\/\/buy-prescriptionz.com\/fr\/wp-json\/wp\/v2\/media\/3082"}],"wp:attachment":[{"href":"https:\/\/buy-prescriptionz.com\/fr\/wp-json\/wp\/v2\/media?parent=3052"}],"wp:term":[{"taxonomy":"product_brand","embeddable":true,"href":"https:\/\/buy-prescriptionz.com\/fr\/wp-json\/wp\/v2\/product_brand?post=3052"},{"taxonomy":"product_cat","embeddable":true,"href":"https:\/\/buy-prescriptionz.com\/fr\/wp-json\/wp\/v2\/product_cat?post=3052"},{"taxonomy":"product_tag","embeddable":true,"href":"https:\/\/buy-prescriptionz.com\/fr\/wp-json\/wp\/v2\/product_tag?post=3052"}],"curies":[{"name":"wp","href":"https:\/\/api.w.org\/{rel}","templated":true}]}}