{"id":3055,"date":"2025-09-16T08:56:09","date_gmt":"2025-09-16T08:56:09","guid":{"rendered":"https:\/\/chemsfine.com\/newsite\/?post_type=product&#038;p=3055"},"modified":"2025-09-27T09:36:07","modified_gmt":"2025-09-27T09:36:07","slug":"soma-generique","status":"publish","type":"product","link":"https:\/\/buy-prescriptionz.com\/fr\/produit\/soma-generique\/","title":{"rendered":"Soma G\u00e9n\u00e9rique"},"content":{"rendered":"<h2>Acheter Soma g\u00e9n\u00e9rique en ligne<\/h2>\n<p>Achetez Soma en ligne. Soma est un analg\u00e9sique utilis\u00e9 dans le traitement continu des douleurs ou l\u00e9sions des muscles squelettiques. Les patients doivent utiliser ce m\u00e9dicament comme relaxant musculaire, en compl\u00e9ment d'un repos complet et de physioth\u00e9rapie, pour traiter les douleurs musculaires. Ce m\u00e9dicament agit en att\u00e9nuant les sensations de douleur dans le cerveau et les nerfs. Une utilisation abusive peut entra\u00eener des probl\u00e8mes de surdosage\u00a0; il est donc recommand\u00e9 de se renseigner avant d'acheter Soma en ligne. Soma est un relaxant musculaire qui emp\u00eache le cerveau de recevoir les signaux de douleur provenant des nerfs. Soma est utilis\u00e9 pour traiter les troubles des muscles squelettiques, notamment la douleur ou les l\u00e9sions, en association avec le repos et la physioth\u00e9rapie. La plupart des l\u00e9sions des muscles squelettiques \u00e9tant de courte dur\u00e9e, Soma ne doit \u00eatre administr\u00e9 que sur de courtes p\u00e9riodes (jusqu'\u00e0 deux ou trois semaines), car son efficacit\u00e9 est peu prouv\u00e9e en cas d'utilisation prolong\u00e9e.<\/p>\n<h3>D\u00e9tails de dosage<\/h3>\n<p>250 \u00e0 350 mg pris trois fois par jour, y compris avant le coucher. Le traitement peut durer jusqu\u2019\u00e0 deux ou trois semaines.<\/p>\n<p>Remarques : - Ce m\u00e9dicament ne doit \u00eatre pris que pendant de courtes dur\u00e9es (jusqu'\u00e0 2 ou 3 semaines) car les preuves d'une utilisation plus longue sont insuffisantes et les troubles musculo-squelettiques aigus et douloureux disparaissent souvent rapidement.<\/p>\n<p>Utilisation : Pour soulager la douleur et la souffrance provoqu\u00e9es par des troubles musculo-squelettiques graves et atroces<br \/>\n<strong><br \/>\nEffets secondaires du soma<\/strong><\/p>\n<p>Si vous pr\u00e9sentez l'un des sympt\u00f4mes suivants d'une allergie au Soma\u00a0: urticaire\u00a0; difficult\u00e9s respiratoires\u00a0; gonflement du visage, des l\u00e8vres, de la langue ou de la gorge, consultez imm\u00e9diatement un m\u00e9decin. Si vous pr\u00e9sentez l'un des sympt\u00f4mes suivants, arr\u00eatez de prendre ce m\u00e9dicament et contactez imm\u00e9diatement votre m\u00e9decin\u00a0:<\/p>\n<p>des convulsions lors d'une crise; ou des niveaux \u00e9lev\u00e9s de s\u00e9rotonine dans le corps peuvent provoquer de l'agitation, des d\u00e9lires, de la fi\u00e8vre, des sueurs, des frissons, des contractions musculaires, un manque de coordination, des naus\u00e9es, des vomissements et de la diarrh\u00e9e.<\/p>\n<p>\u00c9tourdissements ou maux de t\u00eate. Le Soma G\u00e9n\u00e9rique est une solution fiable pour soulager les douleurs musculaires. Pour un achat pratique et fiable, rendez-vous d\u00e8s aujourd'hui sur Buy-prescriptionz.com, la meilleure pharmacie du pays.<\/p>\n<h3>Subtilit\u00e9s de la prescription :<\/h3>\n<p>Les personnes souffrant d\u00e9j\u00e0 de porphyrie, de maladies h\u00e9patiques et r\u00e9nales, de troubles respiratoires comme l'asthme, de BPCO, d'\u00e9pilepsie, de convulsions, d'une perforation ou d'une d\u00e9chirure de l'estomac, d'une occlusion digestive, d'une hypersensibilit\u00e9 \u00e0 l'ibuprof\u00e8ne, etc. Ce m\u00e9dicament ne doit jamais \u00eatre utilis\u00e9 par les femmes enceintes et allaitantes, ni par les enfants de moins de 16 ans, car il peut entra\u00eener une grave d\u00e9pendance ou un syndrome de sevrage chez les enfants en d\u00e9veloppement. Ce m\u00e9dicament peut entra\u00eener de nombreux effets ind\u00e9sirables li\u00e9s \u00e0 la consommation d'alcool, provoquant une somnolence accrue et des crises cardiaques mortelles en raison de mauvaises interactions m\u00e9dicamenteuses. Ce m\u00e9dicament peut provoquer une l\u00e9g\u00e8re somnolence, c'est pourquoi il est d\u00e9conseill\u00e9 aux personnes qui l'utilisent d'effectuer des activit\u00e9s n\u00e9cessitant une concentration, comme conduire un v\u00e9hicule ou utiliser des machines.<\/p>\n<h3>Impacts et pr\u00e9cautions :<\/h3>\n<p>Lorsqu'une personne ach\u00e8te du Soma en ligne et commence \u00e0 l'utiliser, elle peut ressentir certains des sympt\u00f4mes courants rencontr\u00e9s par la plupart des d\u00e9butants, tels que des \u00e9tourdissements, des douleurs c\u00e9r\u00e9brales, de la paresse, des naus\u00e9es, des r\u00e9gurgitations, des douleurs abdominales, une perte d'app\u00e9tit, des rougeurs cutan\u00e9es et des troubles du sommeil. Les effets ind\u00e9sirables graves li\u00e9s \u00e0 l'utilisation de ce m\u00e9dicament sont des r\u00e9actions d'hypersensibilit\u00e9 avec urticaire, des difficult\u00e9s respiratoires et un gonflement du visage, des l\u00e8vres, de la gorge ou de la langue\u00a0; un trouble s\u00e9rotoninergique caus\u00e9 par l'utilisation concomitante d'opiac\u00e9s, de narcotiques ou de s\u00e9datifs, ce qui entra\u00eene divers effets secondaires tels que agitation, r\u00eaves illusoires, confusion, perte de coordination, fi\u00e8vre, transpiration, frissons et battements de c\u0153ur. Il est imp\u00e9ratif d'interrompre le traitement et de consulter un sp\u00e9cialiste si l'un de ces sympt\u00f4mes appara\u00eet. Ce m\u00e9dicament doit \u00eatre plac\u00e9 dans un endroit priv\u00e9, uniquement ouvert \u00e0 la personne qui utilise ce m\u00e9dicament et hors de port\u00e9e des enfants, des animaux domestiques et des personnes souffrant de probl\u00e8mes chroniques de toxicomanie ou de d\u00e9pendance \u00e0 l'alcool.<\/p>\n<h3>Informations posologiques :<\/h3>\n<p>Achetez Soma en ligne. Soma est un analg\u00e9sique utilis\u00e9 dans le traitement continu des douleurs ou l\u00e9sions des muscles squelettiques. Les patients doivent utiliser ce m\u00e9dicament comme relaxant musculaire, en compl\u00e9ment d'un repos complet et de physioth\u00e9rapie, pour traiter les douleurs musculaires. Ce m\u00e9dicament agit en att\u00e9nuant les sensations de douleur dans le cerveau et les nerfs. Une utilisation abusive peut entra\u00eener des probl\u00e8mes de surdosage\u00a0; il est donc recommand\u00e9 de se renseigner avant d'acheter Soma en ligne. Soma est un relaxant musculaire qui emp\u00eache le cerveau de recevoir les signaux de douleur provenant des nerfs. Soma est utilis\u00e9 pour traiter les troubles des muscles squelettiques, notamment la douleur ou les l\u00e9sions, en association avec le repos et la physioth\u00e9rapie. La plupart des l\u00e9sions des muscles squelettiques \u00e9tant de courte dur\u00e9e, Soma ne doit \u00eatre administr\u00e9 que sur de courtes p\u00e9riodes (jusqu'\u00e0 deux ou trois semaines), car son efficacit\u00e9 est peu prouv\u00e9e en cas d'utilisation prolong\u00e9e.<\/p>\n<h3>Signes de Soma<\/h3>\n<p>Nous avons d\u00e9j\u00e0 \u00e9voqu\u00e9 le nom de Soma pour le carisoprodol, un m\u00e9dicament g\u00e9n\u00e9ralement recommand\u00e9 comme relaxant musculaire. Cependant, ce qui pourrait vous surprendre le plus, c'est qu'il est class\u00e9 comme substance r\u00e9glement\u00e9e de l'annexe IV de la loi de 1970 sur les substances contr\u00f4l\u00e9es. Cela signifie que ce m\u00e9dicament est moins sujet \u00e0 l'abus et \u00e0 l'abus de m\u00e9dicaments, \u00e0 condition que vous commandiez Soma en ligne et qu'il vous soit prouv\u00e9 qu'il est pris pour soulager les douleurs li\u00e9es aux troubles musculo-squelettiques, en compl\u00e9ment d'un repos et d'une activit\u00e9 physique ad\u00e9quats. Cependant, ce m\u00e9dicament est recommand\u00e9 pour le traitement transitoire des douleurs li\u00e9es aux troubles musculo-squelettiques et doit \u00eatre utilis\u00e9 \u00e0 long terme.<\/p>\n<h3>Associations Soma<\/h3>\n<p>Si vous imaginez que si vous demandez du Soma en ligne et commencez \u00e0 le prendre avec n\u2019importe quel m\u00e9dicament dont vous avez besoin, je suppose que vous vous trompez, car l\u2019interaction du m\u00e9dicament avec un autre m\u00e9dicament augmente le risque de d\u00e9veloppement de sympt\u00f4mes r\u00e9els.<\/p>\n<p><strong>Une partie des collaborations m\u00e9dicamenteuses qui peuvent \u00eatre nocives pour la personne qui prend le m\u00e9dicament sont\u00a0:<\/strong><\/p>\n<p>Alcool<\/p>\n<p>Diphenhydramine<\/p>\n<p>Alprazolam<\/p>\n<p>Codeine<\/p>\n<p>M\u00e9dicament qui traite l'hypersensibilit\u00e9 ou le rhume et la grippe<\/p>\n<p>En termes simples, avant d'acheter le m\u00e9dicament ou m\u00eame avant de commencer son admission, assurez-vous de conseiller un professionnel de la sant\u00e9 sur les communications qui ont \u00e9t\u00e9 enregistr\u00e9es afin que vous puissiez savoir si le m\u00e9dicament s'av\u00e9rera utile lorsqu'il sera pris avec les prescriptions r\u00e9f\u00e9renc\u00e9es pr\u00e9c\u00e9demment.<\/p>\n<h3>Impacts d\u00e9favorables<\/h3>\n<p>G\u00e9n\u00e9ralement, lors de l'achat d'un m\u00e9dicament, on vous informe \u00e0 l'avance de son utilisation et de ses effets nocifs potentiels en cas de prise prolong\u00e9e. Cependant, certaines personnes agissent ainsi, simplement pour en ressentir les effets \u00e0 r\u00e9p\u00e9tition. Elles d\u00e9veloppent alors une d\u00e9pendance et finissent par avoir l'impression de ne plus pouvoir s'en passer. Il en va de m\u00eame pour les personnes qui ach\u00e8tent du Soma g\u00e9n\u00e9rique en ligne pour traiter des troubles musculo-squelettiques et qui commencent \u00e0 prendre le m\u00e9dicament de fa\u00e7on continue. Ainsi, elles augmentent non seulement le risque d'effets ind\u00e9sirables, mais elles s'exposent \u00e9galement \u00e0 des effets secondaires plus graves. Voici quelques-uns des effets ind\u00e9sirables pouvant nuire \u00e0 la personne qui prend ce m\u00e9dicament\u00a0:<\/p>\n<p>Envie de dormir<\/p>\n<p>h\u00e9b\u00e9tude,<\/p>\n<p>vision<\/p>\n<p>.douleur c\u00e9r\u00e9brale<\/p>\n<p>Perte d'\u00e9quilibre ou de coordination<\/p>\n<p>Seizures<\/p>\n<h3>Comment Soma influence votre cadre<\/h3>\n<p>Le Soma est souvent command\u00e9 en ligne car il agit g\u00e9n\u00e9ralement comme un relaxant musculaire et aide \u00e9galement \u00e0 soulager la douleur. Il est disponible sous forme de comprim\u00e9s et de pr\u00e9parations combin\u00e9es contenant de l'ibuprof\u00e8ne ou de la cod\u00e9ine et un anti-c\u00e9phal\u00e9e. Il est recommand\u00e9 de le prendre plusieurs fois par jour. Il agit en agissant sur la communication entre les nerfs du syst\u00e8me nerveux central (SNC), ce qui favorise la relaxation musculaire et soulage la douleur. Le m\u00e9dicament est g\u00e9n\u00e9ralement excr\u00e9t\u00e9 dans l'urine et peut \u00eatre absorb\u00e9 pendant plusieurs jours apr\u00e8s l'administration. Acheter Soma en ligne<\/p>\n<h3>Garanties avec Soma<\/h3>\n<p>Avant de commander du Soma en ligne aux \u00c9tats-Unis, il est important de bien conna\u00eetre ce m\u00e9dicament. Pour \u00e9viter les sympt\u00f4mes et les complications, assurez-vous de parler \u00e0 votre m\u00e9decin des m\u00e9dicaments que vous prenez ou envisagez de prendre. Votre assiduit\u00e9 au Soma peut \u00eatre affect\u00e9e par une maladie du foie ou des reins. Si vous \u00eates enceinte, allaitez ou envisagez de devenir m\u00e8re, consultez votre m\u00e9decin pour conna\u00eetre les cons\u00e9quences de la prise de ce m\u00e9dicament dans les cas mentionn\u00e9s ci-dessus. Ce m\u00e9dicament peut provoquer de la fatigue\u00a0; il est donc essentiel d'\u00e9viter tout risque potentiel lors de la conduite ou de l'utilisation d'un appareil. Les effets ind\u00e9sirables incluent des douleurs c\u00e9r\u00e9brales, une acc\u00e9l\u00e9ration du rythme cardiaque, de la langueur, de la confusion, des troubles du langage, des maux de dos, des maux d'estomac, des \u00e9ruptions cutan\u00e9es et des mouvements lents.<\/p>\n<p><strong>\u00c9vitez les sympt\u00f4mes extr\u00eames avec Soma<\/strong><\/p>\n<p>Lorsque vous achetez du Soma en ligne, respectez scrupuleusement les recommandations. Pour \u00e9viter l'apparition de sympt\u00f4mes, ne d\u00e9passez pas la dose recommand\u00e9e ni la fr\u00e9quence indiqu\u00e9e dans le m\u00e9dicament. Voici quelques-uns des sympt\u00f4mes graves du m\u00e9dicament\u00a0:<\/p>\n<p>Si vous achetez du Soma g\u00e9n\u00e9rique en ligne et que vous cessez brutalement de prendre du Soma apr\u00e8s un certain temps, vous pourriez ressentir de l\u00e9gers effets secondaires de sevrage, qui peuvent persister pendant 12 \u00e0 48 heures. Cependant, si vous prenez un produit combin\u00e9 contenant de la cod\u00e9ine, le m\u00e9dicament sera alors d\u00e9pist\u00e9. Assurez-vous de signaler les ordonnances que vous prenez au laboratoire o\u00f9 vous \u00eates test\u00e9 afin qu'il puisse analyser les r\u00e9sultats du test. Achetez du Soma en ligne.<\/p>","protected":false},"excerpt":{"rendered":"<p>Buy Soma Generic Online Buy Soma online, Soma is a painkiller medication utilized in the nonstop treatment of agony or damage in skeletal muscle. Patients need to utilize this medication as a muscle relaxant alongside complete rest and physiotherapy for treatment of torment conditions in the muscles. This medication works by hindering the torment sensations [&hellip;]<\/p>","protected":false},"featured_media":3085,"comment_status":"open","ping_status":"closed","template":"","meta":{"site-sidebar-layout":"default","site-content-layout":"","ast-site-content-layout":"default","site-content-style":"default","site-sidebar-style":"default","ast-global-header-display":"","ast-banner-title-visibility":"","ast-main-header-display":"","ast-hfb-above-header-display":"","ast-hfb-below-header-display":"","ast-hfb-mobile-header-display":"","site-post-title":"","ast-breadcrumbs-content":"","ast-featured-img":"","footer-sml-layout":"","theme-transparent-header-meta":"default","adv-header-id-meta":"","stick-header-meta":"","header-above-stick-meta":"","header-main-stick-meta":"","header-below-stick-meta":"","astra-migrate-meta-layouts":"set","ast-page-background-enabled":"default","ast-page-background-meta":{"desktop":{"background-color":"var(--ast-global-color-4)","background-image":"","background-repeat":"repeat","background-position":"center center","background-size":"auto","background-attachment":"scroll","background-type":"","background-media":"","overlay-type":"","overlay-color":"","overlay-opacity":"","overlay-gradient":""},"tablet":{"background-color":"","background-image":"","background-repeat":"repeat","background-position":"center center","background-size":"auto","background-attachment":"scroll","background-type":"","background-media":"","overlay-type":"","overlay-color":"","overlay-opacity":"","overlay-gradient":""},"mobile":{"background-color":"","background-image":"","background-repeat":"repeat","background-position":"center center","background-size":"auto","background-attachment":"scroll","background-type":"","background-media":"","overlay-type":"","overlay-color":"","overlay-opacity":"","overlay-gradient":""}},"ast-content-background-meta":{"desktop":{"background-color":"var(--ast-global-color-5)","background-image":"","background-repeat":"repeat","background-position":"center center","background-size":"auto","background-attachment":"scroll","background-type":"","background-media":"","overlay-type":"","overlay-color":"","overlay-opacity":"","overlay-gradient":""},"tablet":{"background-color":"var(--ast-global-color-5)","background-image":"","background-repeat":"repeat","background-position":"center center","background-size":"auto","background-attachment":"scroll","background-type":"","background-media":"","overlay-type":"","overlay-color":"","overlay-opacity":"","overlay-gradient":""},"mobile":{"background-color":"var(--ast-global-color-5)","background-image":"","background-repeat":"repeat","background-position":"center center","background-size":"auto","background-attachment":"scroll","background-type":"","background-media":"","overlay-type":"","overlay-color":"","overlay-opacity":"","overlay-gradient":""}}},"product_brand":[],"product_cat":[2385],"product_tag":[1254,1255,1253,1248,1251,1250,1249,1252,1247,1246,1257,1256],"class_list":{"0":"post-3055","1":"product","2":"type-product","3":"status-publish","4":"has-post-thumbnail","6":"product_cat-buy-pain-killer-pills-online","7":"product_tag-buy-soma-generic-in-canada","8":"product_tag-buy-soma-generic-in-uk","9":"product_tag-buy-soma-generic-in-usa","10":"product_tag-buy-soma-generic-with-bitcoin","11":"product_tag-buy-soma-generic-with-credit-card","12":"product_tag-buy-soma-generic-with-money-gram","13":"product_tag-buy-soma-generic-with-western-union","14":"product_tag-buy-soma-generic-without-a-doctor","15":"product_tag-buy-soma-generic-without-prescription","16":"product_tag-soma-generic-for-sale","17":"product_tag-soma-generic-pills","18":"product_tag-soma-generic-tablets","19":"desktop-align-center","20":"tablet-align-left","21":"mobile-align-left","23":"first","24":"instock","25":"shipping-taxable","26":"purchasable","27":"product-type-variable","28":"has-default-attributes"},"yoast_head":"<!-- This site is optimized with the Yoast SEO plugin v25.9 - https:\/\/yoast.com\/wordpress\/plugins\/seo\/ -->\n<title>Buy Soma online - Cheapest generic soma 350mg - Carisoprodol Online<\/title>\n<meta name=\"description\" content=\"Buy Soma online,- Buy Soma, Online P h a r m a c y Information on Soma. Click here to buy Soma online! Buy Soma online Buy Cheap Soma\" \/>\n<meta name=\"robots\" content=\"index, follow, max-snippet:-1, max-image-preview:large, max-video-preview:-1\" \/>\n<link rel=\"canonical\" href=\"https:\/\/buy-prescriptionz.com\/fr\/produit\/soma-generique\/\" \/>\n<meta property=\"og:locale\" content=\"fr_FR\" \/>\n<meta property=\"og:type\" content=\"article\" \/>\n<meta property=\"og:title\" content=\"Buy Soma online - Cheapest generic soma 350mg - Carisoprodol Online\" \/>\n<meta property=\"og:description\" content=\"Buy Soma online,- Buy Soma, Online P h a r m a c y Information on Soma. Click here to buy Soma online! Buy Soma online Buy Cheap Soma\" \/>\n<meta property=\"og:url\" content=\"https:\/\/buy-prescriptionz.com\/fr\/produit\/soma-generique\/\" \/>\n<meta property=\"og:site_name\" content=\"Buy Prescriptionz\" \/>\n<meta property=\"article:modified_time\" content=\"2025-09-27T09:36:07+00:00\" \/>\n<meta property=\"og:image\" content=\"https:\/\/buy-prescriptionz.com\/wp-content\/uploads\/2025\/09\/soma-generic.jpg\" \/>\n\t<meta property=\"og:image:width\" content=\"400\" \/>\n\t<meta property=\"og:image:height\" content=\"300\" \/>\n\t<meta property=\"og:image:type\" content=\"image\/jpeg\" \/>\n<meta name=\"twitter:card\" content=\"summary_large_image\" \/>\n<meta name=\"twitter:label1\" content=\"Dur\u00e9e de lecture estim\u00e9e\" \/>\n\t<meta name=\"twitter:data1\" content=\"8 minutes\" \/>\n<script type=\"application\/ld+json\" class=\"yoast-schema-graph\">{\"@context\":\"https:\/\/schema.org\",\"@graph\":[{\"@type\":\"WebPage\",\"@id\":\"https:\/\/buy-prescriptionz.com\/product\/soma-generic\/\",\"url\":\"https:\/\/buy-prescriptionz.com\/product\/soma-generic\/\",\"name\":\"Buy Soma online - Cheapest generic soma 350mg - Carisoprodol Online\",\"isPartOf\":{\"@id\":\"https:\/\/buy-prescriptionz.com\/#website\"},\"primaryImageOfPage\":{\"@id\":\"https:\/\/buy-prescriptionz.com\/product\/soma-generic\/#primaryimage\"},\"image\":{\"@id\":\"https:\/\/buy-prescriptionz.com\/product\/soma-generic\/#primaryimage\"},\"thumbnailUrl\":\"https:\/\/buy-prescriptionz.com\/wp-content\/uploads\/2025\/09\/soma-generic.jpg\",\"datePublished\":\"2025-09-16T08:56:09+00:00\",\"dateModified\":\"2025-09-27T09:36:07+00:00\",\"description\":\"Buy Soma online,- Buy Soma, Online P h a r m a c y Information on Soma. Click here to buy Soma online! Buy Soma online Buy Cheap Soma\",\"breadcrumb\":{\"@id\":\"https:\/\/buy-prescriptionz.com\/product\/soma-generic\/#breadcrumb\"},\"inLanguage\":\"fr-FR\",\"potentialAction\":[{\"@type\":\"ReadAction\",\"target\":[\"https:\/\/buy-prescriptionz.com\/product\/soma-generic\/\"]}]},{\"@type\":\"ImageObject\",\"inLanguage\":\"fr-FR\",\"@id\":\"https:\/\/buy-prescriptionz.com\/product\/soma-generic\/#primaryimage\",\"url\":\"https:\/\/buy-prescriptionz.com\/wp-content\/uploads\/2025\/09\/soma-generic.jpg\",\"contentUrl\":\"https:\/\/buy-prescriptionz.com\/wp-content\/uploads\/2025\/09\/soma-generic.jpg\",\"width\":400,\"height\":300},{\"@type\":\"BreadcrumbList\",\"@id\":\"https:\/\/buy-prescriptionz.com\/product\/soma-generic\/#breadcrumb\",\"itemListElement\":[{\"@type\":\"ListItem\",\"position\":1,\"name\":\"Home\",\"item\":\"https:\/\/buy-prescriptionz.com\/\"},{\"@type\":\"ListItem\",\"position\":2,\"name\":\"Shop Painkillers Online\",\"item\":\"https:\/\/buy-prescriptionz.com\/shop-painkillers-online\/\"},{\"@type\":\"ListItem\",\"position\":3,\"name\":\"Soma Generic\"}]},{\"@type\":\"WebSite\",\"@id\":\"https:\/\/buy-prescriptionz.com\/#website\",\"url\":\"https:\/\/buy-prescriptionz.com\/\",\"name\":\"Buy Prescriptionz\",\"description\":\"Drugs Online\",\"publisher\":{\"@id\":\"https:\/\/buy-prescriptionz.com\/#organization\"},\"potentialAction\":[{\"@type\":\"SearchAction\",\"target\":{\"@type\":\"EntryPoint\",\"urlTemplate\":\"https:\/\/buy-prescriptionz.com\/?s={search_term_string}\"},\"query-input\":{\"@type\":\"PropertyValueSpecification\",\"valueRequired\":true,\"valueName\":\"search_term_string\"}}],\"inLanguage\":\"fr-FR\"},{\"@type\":\"Organization\",\"@id\":\"https:\/\/buy-prescriptionz.com\/#organization\",\"name\":\"Buy Prescriptionz\",\"url\":\"https:\/\/buy-prescriptionz.com\/\",\"logo\":{\"@type\":\"ImageObject\",\"inLanguage\":\"fr-FR\",\"@id\":\"https:\/\/buy-prescriptionz.com\/#\/schema\/logo\/image\/\",\"url\":\"https:\/\/buy-prescriptionz.com\/wp-content\/uploads\/2023\/09\/logo.png\",\"contentUrl\":\"https:\/\/buy-prescriptionz.com\/wp-content\/uploads\/2023\/09\/logo.png\",\"width\":350,\"height\":64,\"caption\":\"Buy Prescriptionz\"},\"image\":{\"@id\":\"https:\/\/buy-prescriptionz.com\/#\/schema\/logo\/image\/\"}}]}<\/script>\n<!-- \/ Yoast SEO plugin. -->","yoast_head_json":{"title":"Acheter du Soma en ligne - Soma g\u00e9n\u00e9rique 350 mg le moins cher - Carisoprodol en ligne","description":"Achetez du Soma en ligne\u00a0! Informations sur la pharmacie en ligne. Cliquez ici pour acheter du Soma en ligne\u00a0! Achetez du Soma en ligne. Achetez du Soma \u00e0 bas prix.","robots":{"index":"index","follow":"follow","max-snippet":"max-snippet:-1","max-image-preview":"max-image-preview:large","max-video-preview":"max-video-preview:-1"},"canonical":"https:\/\/buy-prescriptionz.com\/fr\/produit\/soma-generique\/","og_locale":"fr_FR","og_type":"article","og_title":"Buy Soma online - Cheapest generic soma 350mg - Carisoprodol Online","og_description":"Buy Soma online,- Buy Soma, Online P h a r m a c y Information on Soma. Click here to buy Soma online! Buy Soma online Buy Cheap Soma","og_url":"https:\/\/buy-prescriptionz.com\/fr\/produit\/soma-generique\/","og_site_name":"Buy Prescriptionz","article_modified_time":"2025-09-27T09:36:07+00:00","og_image":[{"width":400,"height":300,"url":"https:\/\/buy-prescriptionz.com\/wp-content\/uploads\/2025\/09\/soma-generic.jpg","type":"image\/jpeg"}],"twitter_card":"summary_large_image","twitter_misc":{"Dur\u00e9e de lecture estim\u00e9e":"8 minutes"},"schema":{"@context":"https:\/\/schema.org","@graph":[{"@type":"WebPage","@id":"https:\/\/buy-prescriptionz.com\/product\/soma-generic\/","url":"https:\/\/buy-prescriptionz.com\/product\/soma-generic\/","name":"Acheter du Soma en ligne - Soma g\u00e9n\u00e9rique 350 mg le moins cher - Carisoprodol en ligne","isPartOf":{"@id":"https:\/\/buy-prescriptionz.com\/#website"},"primaryImageOfPage":{"@id":"https:\/\/buy-prescriptionz.com\/product\/soma-generic\/#primaryimage"},"image":{"@id":"https:\/\/buy-prescriptionz.com\/product\/soma-generic\/#primaryimage"},"thumbnailUrl":"https:\/\/buy-prescriptionz.com\/wp-content\/uploads\/2025\/09\/soma-generic.jpg","datePublished":"2025-09-16T08:56:09+00:00","dateModified":"2025-09-27T09:36:07+00:00","description":"Achetez du Soma en ligne\u00a0! Informations sur la pharmacie en ligne. Cliquez ici pour acheter du Soma en ligne\u00a0! Achetez du Soma en ligne. Achetez du Soma \u00e0 bas prix.","breadcrumb":{"@id":"https:\/\/buy-prescriptionz.com\/product\/soma-generic\/#breadcrumb"},"inLanguage":"fr-FR","potentialAction":[{"@type":"ReadAction","target":["https:\/\/buy-prescriptionz.com\/product\/soma-generic\/"]}]},{"@type":"ImageObject","inLanguage":"fr-FR","@id":"https:\/\/buy-prescriptionz.com\/product\/soma-generic\/#primaryimage","url":"https:\/\/buy-prescriptionz.com\/wp-content\/uploads\/2025\/09\/soma-generic.jpg","contentUrl":"https:\/\/buy-prescriptionz.com\/wp-content\/uploads\/2025\/09\/soma-generic.jpg","width":400,"height":300},{"@type":"BreadcrumbList","@id":"https:\/\/buy-prescriptionz.com\/product\/soma-generic\/#breadcrumb","itemListElement":[{"@type":"ListItem","position":1,"name":"Home","item":"https:\/\/buy-prescriptionz.com\/"},{"@type":"ListItem","position":2,"name":"Shop Painkillers Online","item":"https:\/\/buy-prescriptionz.com\/shop-painkillers-online\/"},{"@type":"ListItem","position":3,"name":"Soma Generic"}]},{"@type":"WebSite","@id":"https:\/\/buy-prescriptionz.com\/#website","url":"https:\/\/buy-prescriptionz.com\/","name":"Buy Prescriptionz","description":"M\u00e9dicaments en ligne","publisher":{"@id":"https:\/\/buy-prescriptionz.com\/#organization"},"potentialAction":[{"@type":"SearchAction","target":{"@type":"EntryPoint","urlTemplate":"https:\/\/buy-prescriptionz.com\/?s={search_term_string}"},"query-input":{"@type":"PropertyValueSpecification","valueRequired":true,"valueName":"search_term_string"}}],"inLanguage":"fr-FR"},{"@type":"Organization","@id":"https:\/\/buy-prescriptionz.com\/#organization","name":"Buy Prescriptionz","url":"https:\/\/buy-prescriptionz.com\/","logo":{"@type":"ImageObject","inLanguage":"fr-FR","@id":"https:\/\/buy-prescriptionz.com\/#\/schema\/logo\/image\/","url":"https:\/\/buy-prescriptionz.com\/wp-content\/uploads\/2023\/09\/logo.png","contentUrl":"https:\/\/buy-prescriptionz.com\/wp-content\/uploads\/2023\/09\/logo.png","width":350,"height":64,"caption":"Buy Prescriptionz"},"image":{"@id":"https:\/\/buy-prescriptionz.com\/#\/schema\/logo\/image\/"}}]}},"_links":{"self":[{"href":"https:\/\/buy-prescriptionz.com\/fr\/wp-json\/wp\/v2\/product\/3055","targetHints":{"allow":["GET"]}}],"collection":[{"href":"https:\/\/buy-prescriptionz.com\/fr\/wp-json\/wp\/v2\/product"}],"about":[{"href":"https:\/\/buy-prescriptionz.com\/fr\/wp-json\/wp\/v2\/types\/product"}],"replies":[{"embeddable":true,"href":"https:\/\/buy-prescriptionz.com\/fr\/wp-json\/wp\/v2\/comments?post=3055"}],"wp:featuredmedia":[{"embeddable":true,"href":"https:\/\/buy-prescriptionz.com\/fr\/wp-json\/wp\/v2\/media\/3085"}],"wp:attachment":[{"href":"https:\/\/buy-prescriptionz.com\/fr\/wp-json\/wp\/v2\/media?parent=3055"}],"wp:term":[{"taxonomy":"product_brand","embeddable":true,"href":"https:\/\/buy-prescriptionz.com\/fr\/wp-json\/wp\/v2\/product_brand?post=3055"},{"taxonomy":"product_cat","embeddable":true,"href":"https:\/\/buy-prescriptionz.com\/fr\/wp-json\/wp\/v2\/product_cat?post=3055"},{"taxonomy":"product_tag","embeddable":true,"href":"https:\/\/buy-prescriptionz.com\/fr\/wp-json\/wp\/v2\/product_tag?post=3055"}],"curies":[{"name":"wp","href":"https:\/\/api.w.org\/{rel}","templated":true}]}}