{"id":3057,"date":"2025-09-16T08:56:10","date_gmt":"2025-09-16T08:56:10","guid":{"rendered":"https:\/\/chemsfine.com\/newsite\/?post_type=product&#038;p=3057"},"modified":"2025-09-30T05:34:03","modified_gmt":"2025-09-30T05:34:03","slug":"acheter-roxicodone-en-ligne","status":"publish","type":"product","link":"https:\/\/buy-prescriptionz.com\/fr\/produit\/acheter-roxicodone-en-ligne\/","title":{"rendered":"Acheter de la Roxicodone en ligne"},"content":{"rendered":"<h2>Acheter de la Roxicodone en ligne<\/h2>\n<p>Achat de Roxicodone en ligne Achat de Roxicodone en ligne.La Roxicodone est une ordonnance utilis\u00e9e pour diriger vers les tourments extr\u00eames. Il s'agit d'une marque d'oxycodone \u00e0 d\u00e9charge planifi\u00e9e qui agit pendant une dur\u00e9e pouvant atteindre 12 heures. La roxicodone contient de l'oxycodone, un fixateur dynamique, qui fait partie d'un groupe de m\u00e9dicaments appel\u00e9s analg\u00e9siques solides ou \"antidouleurs\". En cons\u00e9quence, c'est un ...<\/p>\n<h3>Pr\u00e9sentation de la roxicodone\u00a0: avantages et guide d'achat<\/h3>\n<p>Roxicodone est le nom commercial de l'oxycodone, un puissant analg\u00e9sique opio\u00efde. Il est principalement prescrit pour soulager les douleurs mod\u00e9r\u00e9es \u00e0 intenses, notamment lorsque les autres m\u00e9thodes de soulagement de la douleur sont inefficaces. La roxicodone agit en modifiant la perception c\u00e9r\u00e9brale de la douleur, procurant un soulagement significatif aux patients souffrant de douleurs chroniques, post-op\u00e9ratoires ou li\u00e9es \u00e0 des blessures graves. Elle est reconnue pour son action rapide, ce qui la rend efficace pour un soulagement rapide de la douleur. En raison de sa puissance et de son potentiel d'abus, la roxicodone ne doit \u00eatre utilis\u00e9e que sous stricte surveillance m\u00e9dicale et est g\u00e9n\u00e9ralement prescrite pour une utilisation \u00e0 court terme. Pour plus d'informations, consultez la meilleure pharmacie\u00a0: buy-prescriptionz.com.<\/p>\n<h4>Avantages de la Roxicodone<\/h4>\n<ol>\n<li>Soulagement efficace de la douleur : La meilleure Roxicodone est tr\u00e8s efficace pour g\u00e9rer la douleur mod\u00e9r\u00e9e \u00e0 s\u00e9v\u00e8re.<\/li>\n<li>Action rapide : il agit rapidement, procurant un soulagement rapide de la douleur.<\/li>\n<li>Am\u00e9lioration de la qualit\u00e9 de vie : En soulageant la douleur, la Roxicodone contribue \u00e0 am\u00e9liorer la qualit\u00e9 de vie des personnes atteintes de maladies chroniques.<\/li>\n<li>Utilisation polyvalente : il peut \u00eatre utilis\u00e9 pour diff\u00e9rents types de douleurs, y compris les douleurs post-chirurgicales et li\u00e9es \u00e0 des blessures.<\/li>\n<li>Dosage flexible : disponible en diff\u00e9rentes concentrations, permettant une gestion personnalis\u00e9e de la douleur.<\/li>\n<\/ol>\n<h4>Acheter de la roxicodone en ligne<\/h4>\n<p>Acheter de la Roxicodone en ligne peut \u00eatre pratique, avec la livraison \u00e0 domicile et des prix souvent comp\u00e9titifs. Cependant, il est crucial d'acheter aupr\u00e8s de sources fiables pour garantir la s\u00e9curit\u00e9 et l'authenticit\u00e9 du m\u00e9dicament. Pour plus d'informations et pour acheter de la Roxicodone, contactez la meilleure pharmacie\u00a0: buy-prescriptionz.com.<\/p>\n<h3>Dosage de la Roxicodone<\/h3>\n<p>Acheter de la Roxicodone en ligne Acceptez ce m\u00e9dicament en suivant pr\u00e9cis\u00e9ment les recommandations de votre PCP. De m\u00eame, suivez prudemment les rubriques de votre marque de m\u00e9dicaments. Votre m\u00e9decin traitant d\u00e9cidera de la meilleure portion pour vous. La dose de Roxicodone doit \u00eatre individualis\u00e9e. Les doses normales de ce m\u00e9dicament pour les adultes souffrant de tourments sont les suivantes :<\/p>\n<h3>Dose d'introduction :<\/h3>\n<p>La dose initiale standard pour les comprim\u00e9s \u00e0 d\u00e9charge rapide est de 5 \u00e0 30 mg toutes les 4 \u00e0 6 heures. Les patients qui n'ont jamais pris de narcotiques doivent commencer par 5 \u00e0 15 mg toutes les 4 \u00e0 6 heures. De m\u00eame, quelques patients peuvent avoir besoin de 30 mg ou plus comme d'habitude.<\/p>\n<h3>Dose d'entretien :<\/h3>\n<p>Structure de d\u00e9charge rapide : 10 mg \u00e0 30 mg, comme une horloge. Lorsque vous prenez ces comprim\u00e9s, ne les mordez pas, ne les cassez pas, ne les divisez pas, ne les pulv\u00e9risez pas et ne les d\u00e9sagr\u00e8gez pas, mais acceptez-les dans leur int\u00e9gralit\u00e9. Le fait de briser, de piler ou de mordre les comprim\u00e9s peut provoquer une ingestion rapide du m\u00e9dicament et des degr\u00e9s dangereux d'oxycodone.<\/p>\n<h3>Mesures de s\u00e9curit\u00e9<\/h3>\n<p>Avant de prendre la Roxicodone, dites \u00e0 votre m\u00e9decin si vous y \u00eates hypersensible ou si vous \u00eates sensible \u00e0 d'autres narcotiques (par exemple, l'oxymorphone) ou si vous avez d'autres sensibilit\u00e9s. Cet article peut contenir des fixations latentes, qui peuvent provoquer des r\u00e9actions d'hypersensibilit\u00e9 ou d'autres probl\u00e8mes. En outre, vous pouvez consulter votre sp\u00e9cialiste des m\u00e9dicaments pour plus de d\u00e9tails.<\/p>\n<h3>Sympt\u00f4mes<\/h3>\n<p>Les effets secondaires les plus fr\u00e9quents de la roxicodone sont\u00a0: \u00e9tourdissements, s\u00e9dation, naus\u00e9es, vomissements, maux de t\u00eate, \u00e9ruptions cutan\u00e9es, constipation, s\u00e9cheresse buccale et transpiration. D'autres effets secondaires incluent\u00a0: \u00e9vanouissements, crise cardiaque, \u00e9ruptions cutan\u00e9es, d\u00e9mangeaisons, d\u00e9pression et pouls anormal. Ce m\u00e9dicament peut g\u00eaner la respiration et est utilis\u00e9 avec prudence chez les patients \u00e2g\u00e9s, affaiblis et atteints d'une maladie pulmonaire grave. Il peut \u00e9galement alt\u00e9rer la capacit\u00e9 de raisonnement et les capacit\u00e9s physiques n\u00e9cessaires \u00e0 la conduite ou \u00e0 l'utilisation d'\u00e9quipement. La roxicodone est un mod\u00e9rateur d'addiction. De ce fait, une d\u00e9pendance physique et mentale peut survenir, mais elle est peu probable lorsqu'elle est utilis\u00e9e pour un soulagement temporaire de la douleur. L'arr\u00eat brutal de ce m\u00e9dicament apr\u00e8s une utilisation prolong\u00e9e peut entra\u00eener des effets secondaires de sevrage. Par cons\u00e9quent, la dose d'oxycodone doit \u00eatre progressivement r\u00e9duite afin d'\u00e9viter les sympt\u00f4mes de sevrage.<\/p>","protected":false},"excerpt":{"rendered":"<p>Buy Roxicodone Online Buy Roxicodone Online. Roxicodone is a prescription used to direct to extreme torment. It is a brand of planned discharge oxycodone that works for as long as 12 hours. Roxicodone contains the dynamic fixing oxycodone, which has a place with a gathering of meds called solid analgesics or &#8216;painkillers. Accordingly, it is [&hellip;]<\/p>","protected":false},"featured_media":3087,"comment_status":"open","ping_status":"closed","template":"","meta":{"site-sidebar-layout":"default","site-content-layout":"","ast-site-content-layout":"default","site-content-style":"default","site-sidebar-style":"default","ast-global-header-display":"","ast-banner-title-visibility":"","ast-main-header-display":"","ast-hfb-above-header-display":"","ast-hfb-below-header-display":"","ast-hfb-mobile-header-display":"","site-post-title":"","ast-breadcrumbs-content":"","ast-featured-img":"","footer-sml-layout":"","theme-transparent-header-meta":"default","adv-header-id-meta":"","stick-header-meta":"","header-above-stick-meta":"","header-main-stick-meta":"","header-below-stick-meta":"","astra-migrate-meta-layouts":"set","ast-page-background-enabled":"default","ast-page-background-meta":{"desktop":{"background-color":"var(--ast-global-color-4)","background-image":"","background-repeat":"repeat","background-position":"center center","background-size":"auto","background-attachment":"scroll","background-type":"","background-media":"","overlay-type":"","overlay-color":"","overlay-opacity":"","overlay-gradient":""},"tablet":{"background-color":"","background-image":"","background-repeat":"repeat","background-position":"center center","background-size":"auto","background-attachment":"scroll","background-type":"","background-media":"","overlay-type":"","overlay-color":"","overlay-opacity":"","overlay-gradient":""},"mobile":{"background-color":"","background-image":"","background-repeat":"repeat","background-position":"center center","background-size":"auto","background-attachment":"scroll","background-type":"","background-media":"","overlay-type":"","overlay-color":"","overlay-opacity":"","overlay-gradient":""}},"ast-content-background-meta":{"desktop":{"background-color":"var(--ast-global-color-5)","background-image":"","background-repeat":"repeat","background-position":"center center","background-size":"auto","background-attachment":"scroll","background-type":"","background-media":"","overlay-type":"","overlay-color":"","overlay-opacity":"","overlay-gradient":""},"tablet":{"background-color":"var(--ast-global-color-5)","background-image":"","background-repeat":"repeat","background-position":"center center","background-size":"auto","background-attachment":"scroll","background-type":"","background-media":"","overlay-type":"","overlay-color":"","overlay-opacity":"","overlay-gradient":""},"mobile":{"background-color":"var(--ast-global-color-5)","background-image":"","background-repeat":"repeat","background-position":"center center","background-size":"auto","background-attachment":"scroll","background-type":"","background-media":"","overlay-type":"","overlay-color":"","overlay-opacity":"","overlay-gradient":""}}},"product_brand":[],"product_cat":[2385],"product_tag":[1218,1219,1217,1212,1215,1214,1213,1216,1211,1210,1221,1220],"class_list":{"0":"post-3057","1":"product","2":"type-product","3":"status-publish","4":"has-post-thumbnail","6":"product_cat-buy-pain-killer-pills-online","7":"product_tag-buy-roxicodone-in-canada","8":"product_tag-buy-roxicodone-in-uk","9":"product_tag-buy-roxicodone-in-usa","10":"product_tag-buy-roxicodone-with-bitcoin","11":"product_tag-buy-roxicodone-with-credit-card","12":"product_tag-buy-roxicodone-with-money-gram","13":"product_tag-buy-roxicodone-with-western-union","14":"product_tag-buy-roxicodone-without-a-doctor","15":"product_tag-buy-roxicodone-without-prescription","16":"product_tag-roxicodone-for-sale","17":"product_tag-roxicodone-pills","18":"product_tag-roxicodone-tablets","19":"desktop-align-center","20":"tablet-align-left","21":"mobile-align-left","23":"first","24":"instock","25":"shipping-taxable","26":"purchasable","27":"product-type-variable","28":"has-default-attributes"},"yoast_head":"<!-- This site is optimized with the Yoast SEO plugin v25.9 - https:\/\/yoast.com\/wordpress\/plugins\/seo\/ -->\n<title>Buy Roxicodone Online - Roxicodone for Sale - Order Roxicodone<\/title>\n<meta name=\"description\" content=\"It is the best time to visit our online store and buy Roxicodone online. We have high-quality Roxicodone for sale here at most affordable price. Meet us online and place your order today.\" \/>\n<meta name=\"robots\" content=\"index, follow, max-snippet:-1, max-image-preview:large, max-video-preview:-1\" \/>\n<link rel=\"canonical\" href=\"https:\/\/buy-prescriptionz.com\/fr\/produit\/acheter-roxicodone-en-ligne\/\" \/>\n<meta property=\"og:locale\" content=\"fr_FR\" \/>\n<meta property=\"og:type\" content=\"article\" \/>\n<meta property=\"og:title\" content=\"Buy Roxicodone Online - Roxicodone for Sale - Order Roxicodone\" \/>\n<meta property=\"og:description\" content=\"It is the best time to visit our online store and buy Roxicodone online. We have high-quality Roxicodone for sale here at most affordable price. Meet us online and place your order today.\" \/>\n<meta property=\"og:url\" content=\"https:\/\/buy-prescriptionz.com\/fr\/produit\/acheter-roxicodone-en-ligne\/\" \/>\n<meta property=\"og:site_name\" content=\"Buy Prescriptionz\" \/>\n<meta property=\"article:modified_time\" content=\"2025-09-30T05:34:03+00:00\" \/>\n<meta property=\"og:image\" content=\"https:\/\/buy-prescriptionz.com\/wp-content\/uploads\/2025\/09\/roxicodone.jpg\" \/>\n\t<meta property=\"og:image:width\" content=\"400\" \/>\n\t<meta property=\"og:image:height\" content=\"300\" \/>\n\t<meta property=\"og:image:type\" content=\"image\/jpeg\" \/>\n<meta name=\"twitter:card\" content=\"summary_large_image\" \/>\n<meta name=\"twitter:label1\" content=\"Dur\u00e9e de lecture estim\u00e9e\" \/>\n\t<meta name=\"twitter:data1\" content=\"4 minutes\" \/>\n<script type=\"application\/ld+json\" class=\"yoast-schema-graph\">{\"@context\":\"https:\/\/schema.org\",\"@graph\":[{\"@type\":\"WebPage\",\"@id\":\"https:\/\/buy-prescriptionz.com\/product\/buy-roxicodone-online\/\",\"url\":\"https:\/\/buy-prescriptionz.com\/product\/buy-roxicodone-online\/\",\"name\":\"Buy Roxicodone Online - Roxicodone for Sale - Order Roxicodone\",\"isPartOf\":{\"@id\":\"https:\/\/buy-prescriptionz.com\/#website\"},\"primaryImageOfPage\":{\"@id\":\"https:\/\/buy-prescriptionz.com\/product\/buy-roxicodone-online\/#primaryimage\"},\"image\":{\"@id\":\"https:\/\/buy-prescriptionz.com\/product\/buy-roxicodone-online\/#primaryimage\"},\"thumbnailUrl\":\"https:\/\/buy-prescriptionz.com\/wp-content\/uploads\/2025\/09\/roxicodone.jpg\",\"datePublished\":\"2025-09-16T08:56:10+00:00\",\"dateModified\":\"2025-09-30T05:34:03+00:00\",\"description\":\"It is the best time to visit our online store and buy Roxicodone online. We have high-quality Roxicodone for sale here at most affordable price. Meet us online and place your order today.\",\"breadcrumb\":{\"@id\":\"https:\/\/buy-prescriptionz.com\/product\/buy-roxicodone-online\/#breadcrumb\"},\"inLanguage\":\"fr-FR\",\"potentialAction\":[{\"@type\":\"ReadAction\",\"target\":[\"https:\/\/buy-prescriptionz.com\/product\/buy-roxicodone-online\/\"]}]},{\"@type\":\"ImageObject\",\"inLanguage\":\"fr-FR\",\"@id\":\"https:\/\/buy-prescriptionz.com\/product\/buy-roxicodone-online\/#primaryimage\",\"url\":\"https:\/\/buy-prescriptionz.com\/wp-content\/uploads\/2025\/09\/roxicodone.jpg\",\"contentUrl\":\"https:\/\/buy-prescriptionz.com\/wp-content\/uploads\/2025\/09\/roxicodone.jpg\",\"width\":400,\"height\":300},{\"@type\":\"BreadcrumbList\",\"@id\":\"https:\/\/buy-prescriptionz.com\/product\/buy-roxicodone-online\/#breadcrumb\",\"itemListElement\":[{\"@type\":\"ListItem\",\"position\":1,\"name\":\"Home\",\"item\":\"https:\/\/buy-prescriptionz.com\/\"},{\"@type\":\"ListItem\",\"position\":2,\"name\":\"Shop Painkillers Online\",\"item\":\"https:\/\/buy-prescriptionz.com\/shop-painkillers-online\/\"},{\"@type\":\"ListItem\",\"position\":3,\"name\":\"Buy Roxicodone Online\"}]},{\"@type\":\"WebSite\",\"@id\":\"https:\/\/buy-prescriptionz.com\/#website\",\"url\":\"https:\/\/buy-prescriptionz.com\/\",\"name\":\"Buy Prescriptionz\",\"description\":\"Drugs Online\",\"publisher\":{\"@id\":\"https:\/\/buy-prescriptionz.com\/#organization\"},\"potentialAction\":[{\"@type\":\"SearchAction\",\"target\":{\"@type\":\"EntryPoint\",\"urlTemplate\":\"https:\/\/buy-prescriptionz.com\/?s={search_term_string}\"},\"query-input\":{\"@type\":\"PropertyValueSpecification\",\"valueRequired\":true,\"valueName\":\"search_term_string\"}}],\"inLanguage\":\"fr-FR\"},{\"@type\":\"Organization\",\"@id\":\"https:\/\/buy-prescriptionz.com\/#organization\",\"name\":\"Buy Prescriptionz\",\"url\":\"https:\/\/buy-prescriptionz.com\/\",\"logo\":{\"@type\":\"ImageObject\",\"inLanguage\":\"fr-FR\",\"@id\":\"https:\/\/buy-prescriptionz.com\/#\/schema\/logo\/image\/\",\"url\":\"https:\/\/buy-prescriptionz.com\/wp-content\/uploads\/2023\/09\/logo.png\",\"contentUrl\":\"https:\/\/buy-prescriptionz.com\/wp-content\/uploads\/2023\/09\/logo.png\",\"width\":350,\"height\":64,\"caption\":\"Buy Prescriptionz\"},\"image\":{\"@id\":\"https:\/\/buy-prescriptionz.com\/#\/schema\/logo\/image\/\"}}]}<\/script>\n<!-- \/ Yoast SEO plugin. -->","yoast_head_json":{"title":"Acheter de la roxicodone en ligne\u00a0\u2013\u00a0Vente de roxicodone\u00a0\u2013\u00a0Commander de la roxicodone","description":"C'est le moment id\u00e9al pour visiter notre boutique en ligne et acheter de la Roxicodone. Nous proposons de la Roxicodone de haute qualit\u00e9 \u00e0 un prix tr\u00e8s abordable. Rendez-vous en ligne et commandez d\u00e8s aujourd'hui.","robots":{"index":"index","follow":"follow","max-snippet":"max-snippet:-1","max-image-preview":"max-image-preview:large","max-video-preview":"max-video-preview:-1"},"canonical":"https:\/\/buy-prescriptionz.com\/fr\/produit\/acheter-roxicodone-en-ligne\/","og_locale":"fr_FR","og_type":"article","og_title":"Buy Roxicodone Online - Roxicodone for Sale - Order Roxicodone","og_description":"It is the best time to visit our online store and buy Roxicodone online. We have high-quality Roxicodone for sale here at most affordable price. Meet us online and place your order today.","og_url":"https:\/\/buy-prescriptionz.com\/fr\/produit\/acheter-roxicodone-en-ligne\/","og_site_name":"Buy Prescriptionz","article_modified_time":"2025-09-30T05:34:03+00:00","og_image":[{"width":400,"height":300,"url":"https:\/\/buy-prescriptionz.com\/wp-content\/uploads\/2025\/09\/roxicodone.jpg","type":"image\/jpeg"}],"twitter_card":"summary_large_image","twitter_misc":{"Dur\u00e9e de lecture estim\u00e9e":"4 minutes"},"schema":{"@context":"https:\/\/schema.org","@graph":[{"@type":"WebPage","@id":"https:\/\/buy-prescriptionz.com\/product\/buy-roxicodone-online\/","url":"https:\/\/buy-prescriptionz.com\/product\/buy-roxicodone-online\/","name":"Acheter de la roxicodone en ligne\u00a0\u2013\u00a0Vente de roxicodone\u00a0\u2013\u00a0Commander de la roxicodone","isPartOf":{"@id":"https:\/\/buy-prescriptionz.com\/#website"},"primaryImageOfPage":{"@id":"https:\/\/buy-prescriptionz.com\/product\/buy-roxicodone-online\/#primaryimage"},"image":{"@id":"https:\/\/buy-prescriptionz.com\/product\/buy-roxicodone-online\/#primaryimage"},"thumbnailUrl":"https:\/\/buy-prescriptionz.com\/wp-content\/uploads\/2025\/09\/roxicodone.jpg","datePublished":"2025-09-16T08:56:10+00:00","dateModified":"2025-09-30T05:34:03+00:00","description":"C'est le moment id\u00e9al pour visiter notre boutique en ligne et acheter de la Roxicodone. Nous proposons de la Roxicodone de haute qualit\u00e9 \u00e0 un prix tr\u00e8s abordable. Rendez-vous en ligne et commandez d\u00e8s aujourd'hui.","breadcrumb":{"@id":"https:\/\/buy-prescriptionz.com\/product\/buy-roxicodone-online\/#breadcrumb"},"inLanguage":"fr-FR","potentialAction":[{"@type":"ReadAction","target":["https:\/\/buy-prescriptionz.com\/product\/buy-roxicodone-online\/"]}]},{"@type":"ImageObject","inLanguage":"fr-FR","@id":"https:\/\/buy-prescriptionz.com\/product\/buy-roxicodone-online\/#primaryimage","url":"https:\/\/buy-prescriptionz.com\/wp-content\/uploads\/2025\/09\/roxicodone.jpg","contentUrl":"https:\/\/buy-prescriptionz.com\/wp-content\/uploads\/2025\/09\/roxicodone.jpg","width":400,"height":300},{"@type":"BreadcrumbList","@id":"https:\/\/buy-prescriptionz.com\/product\/buy-roxicodone-online\/#breadcrumb","itemListElement":[{"@type":"ListItem","position":1,"name":"Home","item":"https:\/\/buy-prescriptionz.com\/"},{"@type":"ListItem","position":2,"name":"Shop Painkillers Online","item":"https:\/\/buy-prescriptionz.com\/shop-painkillers-online\/"},{"@type":"ListItem","position":3,"name":"Buy Roxicodone Online"}]},{"@type":"WebSite","@id":"https:\/\/buy-prescriptionz.com\/#website","url":"https:\/\/buy-prescriptionz.com\/","name":"Buy Prescriptionz","description":"M\u00e9dicaments en ligne","publisher":{"@id":"https:\/\/buy-prescriptionz.com\/#organization"},"potentialAction":[{"@type":"SearchAction","target":{"@type":"EntryPoint","urlTemplate":"https:\/\/buy-prescriptionz.com\/?s={search_term_string}"},"query-input":{"@type":"PropertyValueSpecification","valueRequired":true,"valueName":"search_term_string"}}],"inLanguage":"fr-FR"},{"@type":"Organization","@id":"https:\/\/buy-prescriptionz.com\/#organization","name":"Buy Prescriptionz","url":"https:\/\/buy-prescriptionz.com\/","logo":{"@type":"ImageObject","inLanguage":"fr-FR","@id":"https:\/\/buy-prescriptionz.com\/#\/schema\/logo\/image\/","url":"https:\/\/buy-prescriptionz.com\/wp-content\/uploads\/2023\/09\/logo.png","contentUrl":"https:\/\/buy-prescriptionz.com\/wp-content\/uploads\/2023\/09\/logo.png","width":350,"height":64,"caption":"Buy Prescriptionz"},"image":{"@id":"https:\/\/buy-prescriptionz.com\/#\/schema\/logo\/image\/"}}]}},"_links":{"self":[{"href":"https:\/\/buy-prescriptionz.com\/fr\/wp-json\/wp\/v2\/product\/3057","targetHints":{"allow":["GET"]}}],"collection":[{"href":"https:\/\/buy-prescriptionz.com\/fr\/wp-json\/wp\/v2\/product"}],"about":[{"href":"https:\/\/buy-prescriptionz.com\/fr\/wp-json\/wp\/v2\/types\/product"}],"replies":[{"embeddable":true,"href":"https:\/\/buy-prescriptionz.com\/fr\/wp-json\/wp\/v2\/comments?post=3057"}],"wp:featuredmedia":[{"embeddable":true,"href":"https:\/\/buy-prescriptionz.com\/fr\/wp-json\/wp\/v2\/media\/3087"}],"wp:attachment":[{"href":"https:\/\/buy-prescriptionz.com\/fr\/wp-json\/wp\/v2\/media?parent=3057"}],"wp:term":[{"taxonomy":"product_brand","embeddable":true,"href":"https:\/\/buy-prescriptionz.com\/fr\/wp-json\/wp\/v2\/product_brand?post=3057"},{"taxonomy":"product_cat","embeddable":true,"href":"https:\/\/buy-prescriptionz.com\/fr\/wp-json\/wp\/v2\/product_cat?post=3057"},{"taxonomy":"product_tag","embeddable":true,"href":"https:\/\/buy-prescriptionz.com\/fr\/wp-json\/wp\/v2\/product_tag?post=3057"}],"curies":[{"name":"wp","href":"https:\/\/api.w.org\/{rel}","templated":true}]}}