{"id":3058,"date":"2025-09-16T08:56:10","date_gmt":"2025-09-16T08:56:10","guid":{"rendered":"https:\/\/chemsfine.com\/newsite\/?post_type=product&#038;p=3058"},"modified":"2025-09-25T12:45:43","modified_gmt":"2025-09-25T12:45:43","slug":"acheter-ritalin-online-3","status":"publish","type":"product","link":"https:\/\/buy-prescriptionz.com\/fr\/produit\/acheter-ritalin-online-3\/","title":{"rendered":"Acheter du Ritalin en ligne"},"content":{"rendered":"<h2>Acheter du Ritalin en ligne<\/h2>\n<h3>Acheter du Ritalin en ligne sans ordonnance<\/h3>\n<p>Achat<a href=\"https:\/\/buy-prescriptionz.com\/fr\/\"> Ritalin<\/a> En ligne sans ordonnance. Pour commencer, le Ritalin (m\u00e9thylph\u00e9nidate) est un stimulant du syst\u00e8me sensoriel focal. Il influe \u00e9galement sur les substances synth\u00e9tiques pr\u00e9sentes dans l'esprit et les nerfs qui favorisent l'hyperactivit\u00e9 et le contr\u00f4le de la conduite. De m\u00eame, des m\u00e9ta-examens et des audits m\u00e9thodiques d'\u00e9tudes d'imagerie par r\u00e9verb\u00e9ration s\u00e9duisante indiquent que le traitement \u00e0 long terme par des stimulants du TDAH (explicitement, l'amph\u00e9tamine et le m\u00e9thylph\u00e9nidate) diminue les variations par rapport \u00e0 la norme de la structure et de la capacit\u00e9 de l'esprit chez les personnes atteintes du TDAH. En outre, des audits de la recherche clinique sur les stimulants ont \u00e9tabli la s\u00e9curit\u00e9 et l'ad\u00e9quation de l'utilisation \u00e0 long terme des stimulants du TDAH pour les personnes atteintes du TDAH. N\u00e9anmoins, l'ampleur exacte de l'am\u00e9lioration des indications du TDAH et de la satisfaction personnelle apport\u00e9e par le traitement au m\u00e9thylph\u00e9nidate reste incertaine. En fin de compte, achetez Ritalin en ligne sans solution chez Butterfly Medication Shop.<\/p>\n<h3>Emplois<\/h3>\n<p>La Ritaline est utilis\u00e9e pour traiter le probl\u00e8me du manque de capacit\u00e9 \u00e0 se concentrer de fa\u00e7on constante (TDA), le probl\u00e8me de l'hyperactivit\u00e9 li\u00e9e \u00e0 l'insuffisance de consid\u00e9ration (TDAH) et la narcolepsie.<\/p>\n<h3>O\u00f9 obtenir du Ritalin en ligne<\/h3>\n<p>O\u00f9 obtenir Ritalin en ligne ; Vous pouvez obtenir Ritalin en ligne de Buyprescriptionz. Demandez Ritalin en ligne de Buyprescriptionz en entrant simplement dans notre boutique en ligne sur notre site et en incluant Ritalin dans votre panier. En tout cas, quand vous l'incluez dans votre camion de livraison, et apr\u00e8s cela, vous pouvez continuer \u00e0 regarder et en outre s'assurer de remplir vos donn\u00e9es de transport sans bavures. De plus, nous disposons \u00e9galement de techniques d'installation simples pour simplifier la t\u00e2che de nos patients. Achetez de la Ritaline en ligne sur notre boutique en ligne et utilisez les techniques d'installation les plus simples ainsi qu'un transport rapide et discret. Nous venons d'aborder le sujet \"O\u00f9 obtenir du Ritalin\".<\/p>\n<h3>Acheter du Ritalin en ligne\u00a0: avantages et effets secondaires<\/h3>\n<ol>\n<li>Concentration am\u00e9lior\u00e9e : le Ritalin aide \u00e0 augmenter la concentration et l\u2019attention, particuli\u00e8rement b\u00e9n\u00e9fique pour les personnes atteintes de TDAH.<\/li>\n<li>Fonction cognitive am\u00e9lior\u00e9e : il peut am\u00e9liorer les fonctions cognitives telles que la m\u00e9moire et la capacit\u00e9 d\u2019apprentissage.<\/li>\n<li>Stabilisation de l\u2019humeur : le Ritalin peut aider \u00e0 stabiliser les sautes d\u2019humeur, rendant les t\u00e2ches quotidiennes plus faciles \u00e0 g\u00e9rer.<\/li>\n<li>Productivit\u00e9 accrue : en r\u00e9duisant les sympt\u00f4mes du TDAH, le Ritalin aide les utilisateurs \u00e0 devenir plus productifs dans leur travail ou leurs \u00e9tudes.<\/li>\n<li>Commodit\u00e9 : Acheter du Ritalin en ligne peut \u00eatre pratique, faire gagner du temps et offrir une livraison \u00e0 domicile.<\/li>\n<\/ol>\n<p>Acheter de la Ritaline en ligne est pratique et confidentiel. Cela permet d'acc\u00e9der \u00e0 ses m\u00e9dicaments sans avoir \u00e0 se rendre en pharmacie. Les pharmacies en ligne fournissent souvent des informations d\u00e9taill\u00e9es sur le m\u00e9dicament, aidant ainsi les utilisateurs \u00e0 prendre des d\u00e9cisions \u00e9clair\u00e9es. Cependant, il est crucial de s'assurer que la source en ligne est fiable et qu'elle n\u00e9cessite une ordonnance, car cela garantit l'authenticit\u00e9 et la s\u00e9curit\u00e9 du m\u00e9dicament.<\/p>\n<h4>Effets secondaires du Ritalin<\/h4>\n<ol>\n<li>Insomnie : la difficult\u00e9 \u00e0 s\u2019endormir ou \u00e0 rester endormi est un effet secondaire courant.<\/li>\n<li>Perte d\u2019app\u00e9tit : le Ritalin peut diminuer l\u2019app\u00e9tit, entra\u00eenant une perte de poids.<\/li>\n<\/ol>\n<p>La Ritaline offre des bienfaits significatifs aux personnes atteintes de TDAH, am\u00e9liorant la concentration et la productivit\u00e9. Cependant, elle peut entra\u00eener des effets secondaires comme l'insomnie et la perte d'app\u00e9tit. Achetez toujours aupr\u00e8s de sources fiables. Pour plus d'informations, consultez le site buy-prescriptionz.com.<\/p>\n<h3>Achat de Ritaline (EFFETS SECONDAIRES)<\/h3>\n<p>Achetez de la Ritaline sur Buyprescriptionz pour le traitement du trouble d\u00e9ficitaire de l'attention avec hyperactivit\u00e9 de votre SNC : hyperactivit\u00e9, trouble du sommeil, ardeur, tremblements, influences sociales d\u00e9stabilisantes, d\u00e9sorganisation, fantasmes, douleur c\u00e9r\u00e9brale, crampes, folie, probl\u00e8me de pens\u00e9e.<\/p>\n<h3>Mesures et administration<\/h3>\n<p>Achetez Ritalin en ligne sur notre boutique m\u00e9dicale en ligne et suivez nos mesures et notre organisation donn\u00e9es ici . Organisation de la dose Ritalin LA\u00ae (chlorhydrate de m\u00e9thylph\u00e9nidate) cas de d\u00e9charge \u00e9largi est pour l'organisation orale une fois par jour dans la premi\u00e8re partie de la journ\u00e9e.<\/p>\n<p>Le Ritalin LA ainsi que sa substance ne doivent pas \u00eatre \u00e9cras\u00e9s, mordus ou s\u00e9par\u00e9s. En outre, les r\u00e9cipients peuvent \u00eatre ouverts avec pr\u00e9caution et les globules saupoudr\u00e9s sur une cuiller\u00e9e de pur\u00e9e de fruits.<\/p>\n<p>De plus, la pur\u00e9e de fruits ne doit pas \u00eatre chaude car cela pourrait influencer les propri\u00e9t\u00e9s de d\u00e9charge ajust\u00e9es de ce r\u00e9gime. Le m\u00e9lange de m\u00e9dicaments et de pur\u00e9e de fruits doit \u00eatre consomm\u00e9 rapidement et compl\u00e8tement. Le m\u00e9lange de m\u00e9dicaments et de pur\u00e9e de fruits ne doit pas \u00eatre conserv\u00e9 pour une p\u00e9riode ult\u00e9rieure. Les patients doivent \u00eatre encourag\u00e9s \u00e0 se tenir \u00e0 une distance strat\u00e9gique des produits suivants<\/p>\n<h3>CONTRE-INDICATIONS<\/h3>\n<p>D\u00e9stabilisant : Ritalin LA (chlorhydrate de m\u00e9thylph\u00e9nidate) expans\u00e9 dans des contenants de d\u00e9charge est contre-indiqu\u00e9 en cas de malaise, de pression et de perturbation estampill\u00e9s, car le m\u00e9dicament peut exasp\u00e9rer ces indications.<\/p>\n<p>Glaucome : Il est contre-indiqu\u00e9 chez les patients atteints de glaucome.<\/p>\n<p>Tics : Il est contre-indiqu\u00e9 chez les patients pr\u00e9sentant des tics moteurs ou ayant une ascendance familiale ou une conclusion de trouble de la Tourette.<\/p>","protected":false},"excerpt":{"rendered":"<p>Buy Ritalin Online Purchase Ritalin Online Without Prescription Purchase Ritalin Online Without Prescription. To start, Ritalin (methylphenidate) is a focal sensory system stimulant. Also, It influences synthetics in mind and nerves that add to hyperactivity and drive control. Further, It creates such impacts as expanding or looking after sharpness, battling exhaustion, and improving attention.\u200c Likewise, [&hellip;]<\/p>","protected":false},"featured_media":3088,"comment_status":"open","ping_status":"closed","template":"","meta":{"site-sidebar-layout":"default","site-content-layout":"","ast-site-content-layout":"default","site-content-style":"default","site-sidebar-style":"default","ast-global-header-display":"","ast-banner-title-visibility":"","ast-main-header-display":"","ast-hfb-above-header-display":"","ast-hfb-below-header-display":"","ast-hfb-mobile-header-display":"","site-post-title":"","ast-breadcrumbs-content":"","ast-featured-img":"","footer-sml-layout":"","theme-transparent-header-meta":"default","adv-header-id-meta":"","stick-header-meta":"","header-above-stick-meta":"","header-main-stick-meta":"","header-below-stick-meta":"","astra-migrate-meta-layouts":"set","ast-page-background-enabled":"default","ast-page-background-meta":{"desktop":{"background-color":"var(--ast-global-color-4)","background-image":"","background-repeat":"repeat","background-position":"center center","background-size":"auto","background-attachment":"scroll","background-type":"","background-media":"","overlay-type":"","overlay-color":"","overlay-opacity":"","overlay-gradient":""},"tablet":{"background-color":"","background-image":"","background-repeat":"repeat","background-position":"center center","background-size":"auto","background-attachment":"scroll","background-type":"","background-media":"","overlay-type":"","overlay-color":"","overlay-opacity":"","overlay-gradient":""},"mobile":{"background-color":"","background-image":"","background-repeat":"repeat","background-position":"center center","background-size":"auto","background-attachment":"scroll","background-type":"","background-media":"","overlay-type":"","overlay-color":"","overlay-opacity":"","overlay-gradient":""}},"ast-content-background-meta":{"desktop":{"background-color":"var(--ast-global-color-5)","background-image":"","background-repeat":"repeat","background-position":"center center","background-size":"auto","background-attachment":"scroll","background-type":"","background-media":"","overlay-type":"","overlay-color":"","overlay-opacity":"","overlay-gradient":""},"tablet":{"background-color":"var(--ast-global-color-5)","background-image":"","background-repeat":"repeat","background-position":"center center","background-size":"auto","background-attachment":"scroll","background-type":"","background-media":"","overlay-type":"","overlay-color":"","overlay-opacity":"","overlay-gradient":""},"mobile":{"background-color":"var(--ast-global-color-5)","background-image":"","background-repeat":"repeat","background-position":"center center","background-size":"auto","background-attachment":"scroll","background-type":"","background-media":"","overlay-type":"","overlay-color":"","overlay-opacity":"","overlay-gradient":""}}},"product_brand":[],"product_cat":[2385],"product_tag":[1242,1243,1241,1236,1239,1238,1237,1240,1235,1234,1245,1244],"class_list":{"0":"post-3058","1":"product","2":"type-product","3":"status-publish","4":"has-post-thumbnail","6":"product_cat-buy-pain-killer-pills-online","7":"product_tag-buy-ritalin-in-canada","8":"product_tag-buy-ritalin-in-uk","9":"product_tag-buy-ritalin-in-usa","10":"product_tag-buy-ritalin-with-bitcoin","11":"product_tag-buy-ritalin-with-credit-card","12":"product_tag-buy-ritalin-with-money-gram","13":"product_tag-buy-ritalin-with-western-union","14":"product_tag-buy-ritalin-without-a-doctor","15":"product_tag-buy-ritalin-without-prescription","16":"product_tag-ritalin-for-sale","17":"product_tag-ritalin-pills","18":"product_tag-ritalin-tablets","19":"desktop-align-center","20":"tablet-align-left","21":"mobile-align-left","23":"first","24":"instock","25":"shipping-taxable","26":"purchasable","27":"product-type-variable","28":"has-default-attributes"},"yoast_head":"<!-- This site is optimized with the Yoast SEO plugin v25.9 - https:\/\/yoast.com\/wordpress\/plugins\/seo\/ -->\n<title>Buy Ritalin Online for Sale @ Best Price - Buy Ritalin 10mg Online<\/title>\n<meta name=\"description\" content=\"Buy Ritalin Online, buy Ritalin (Methylphenidate) 10mg online without any prescription, If this is the question where to buy Ritalin online\" \/>\n<meta name=\"robots\" content=\"index, follow, max-snippet:-1, max-image-preview:large, max-video-preview:-1\" \/>\n<link rel=\"canonical\" href=\"https:\/\/buy-prescriptionz.com\/fr\/produit\/acheter-ritalin-online-3\/\" \/>\n<meta property=\"og:locale\" content=\"fr_FR\" \/>\n<meta property=\"og:type\" content=\"article\" \/>\n<meta property=\"og:title\" content=\"Buy Ritalin Online for Sale @ Best Price - Buy Ritalin 10mg Online\" \/>\n<meta property=\"og:description\" content=\"Buy Ritalin Online, buy Ritalin (Methylphenidate) 10mg online without any prescription, If this is the question where to buy Ritalin online\" \/>\n<meta property=\"og:url\" content=\"https:\/\/buy-prescriptionz.com\/fr\/produit\/acheter-ritalin-online-3\/\" \/>\n<meta property=\"og:site_name\" content=\"Buy Prescriptionz\" \/>\n<meta property=\"article:modified_time\" content=\"2025-09-25T12:45:43+00:00\" \/>\n<meta property=\"og:image\" content=\"https:\/\/buy-prescriptionz.com\/wp-content\/uploads\/2025\/09\/ritalin.jpg\" \/>\n\t<meta property=\"og:image:width\" content=\"400\" \/>\n\t<meta property=\"og:image:height\" content=\"300\" \/>\n\t<meta property=\"og:image:type\" content=\"image\/jpeg\" \/>\n<meta name=\"twitter:card\" content=\"summary_large_image\" \/>\n<meta name=\"twitter:label1\" content=\"Dur\u00e9e de lecture estim\u00e9e\" \/>\n\t<meta name=\"twitter:data1\" content=\"4 minutes\" \/>\n<script type=\"application\/ld+json\" class=\"yoast-schema-graph\">{\"@context\":\"https:\/\/schema.org\",\"@graph\":[{\"@type\":\"WebPage\",\"@id\":\"https:\/\/buy-prescriptionz.com\/product\/buy-ritalin-online\/\",\"url\":\"https:\/\/buy-prescriptionz.com\/product\/buy-ritalin-online\/\",\"name\":\"Buy Ritalin Online for Sale @ Best Price - Buy Ritalin 10mg Online\",\"isPartOf\":{\"@id\":\"https:\/\/buy-prescriptionz.com\/#website\"},\"primaryImageOfPage\":{\"@id\":\"https:\/\/buy-prescriptionz.com\/product\/buy-ritalin-online\/#primaryimage\"},\"image\":{\"@id\":\"https:\/\/buy-prescriptionz.com\/product\/buy-ritalin-online\/#primaryimage\"},\"thumbnailUrl\":\"https:\/\/buy-prescriptionz.com\/wp-content\/uploads\/2025\/09\/ritalin.jpg\",\"datePublished\":\"2025-09-16T08:56:10+00:00\",\"dateModified\":\"2025-09-25T12:45:43+00:00\",\"description\":\"Buy Ritalin Online, buy Ritalin (Methylphenidate) 10mg online without any prescription, If this is the question where to buy Ritalin online\",\"breadcrumb\":{\"@id\":\"https:\/\/buy-prescriptionz.com\/product\/buy-ritalin-online\/#breadcrumb\"},\"inLanguage\":\"fr-FR\",\"potentialAction\":[{\"@type\":\"ReadAction\",\"target\":[\"https:\/\/buy-prescriptionz.com\/product\/buy-ritalin-online\/\"]}]},{\"@type\":\"ImageObject\",\"inLanguage\":\"fr-FR\",\"@id\":\"https:\/\/buy-prescriptionz.com\/product\/buy-ritalin-online\/#primaryimage\",\"url\":\"https:\/\/buy-prescriptionz.com\/wp-content\/uploads\/2025\/09\/ritalin.jpg\",\"contentUrl\":\"https:\/\/buy-prescriptionz.com\/wp-content\/uploads\/2025\/09\/ritalin.jpg\",\"width\":400,\"height\":300},{\"@type\":\"BreadcrumbList\",\"@id\":\"https:\/\/buy-prescriptionz.com\/product\/buy-ritalin-online\/#breadcrumb\",\"itemListElement\":[{\"@type\":\"ListItem\",\"position\":1,\"name\":\"Home\",\"item\":\"https:\/\/buy-prescriptionz.com\/\"},{\"@type\":\"ListItem\",\"position\":2,\"name\":\"Shop Painkillers Online\",\"item\":\"https:\/\/buy-prescriptionz.com\/shop-painkillers-online\/\"},{\"@type\":\"ListItem\",\"position\":3,\"name\":\"Buy Ritalin Online\"}]},{\"@type\":\"WebSite\",\"@id\":\"https:\/\/buy-prescriptionz.com\/#website\",\"url\":\"https:\/\/buy-prescriptionz.com\/\",\"name\":\"Buy Prescriptionz\",\"description\":\"Drugs Online\",\"publisher\":{\"@id\":\"https:\/\/buy-prescriptionz.com\/#organization\"},\"potentialAction\":[{\"@type\":\"SearchAction\",\"target\":{\"@type\":\"EntryPoint\",\"urlTemplate\":\"https:\/\/buy-prescriptionz.com\/?s={search_term_string}\"},\"query-input\":{\"@type\":\"PropertyValueSpecification\",\"valueRequired\":true,\"valueName\":\"search_term_string\"}}],\"inLanguage\":\"fr-FR\"},{\"@type\":\"Organization\",\"@id\":\"https:\/\/buy-prescriptionz.com\/#organization\",\"name\":\"Buy Prescriptionz\",\"url\":\"https:\/\/buy-prescriptionz.com\/\",\"logo\":{\"@type\":\"ImageObject\",\"inLanguage\":\"fr-FR\",\"@id\":\"https:\/\/buy-prescriptionz.com\/#\/schema\/logo\/image\/\",\"url\":\"https:\/\/buy-prescriptionz.com\/wp-content\/uploads\/2023\/09\/logo.png\",\"contentUrl\":\"https:\/\/buy-prescriptionz.com\/wp-content\/uploads\/2023\/09\/logo.png\",\"width\":350,\"height\":64,\"caption\":\"Buy Prescriptionz\"},\"image\":{\"@id\":\"https:\/\/buy-prescriptionz.com\/#\/schema\/logo\/image\/\"}}]}<\/script>\n<!-- \/ Yoast SEO plugin. -->","yoast_head_json":{"title":"Achat de Ritalin en ligne \u00e0 vendre au meilleur prix - Achat de Ritalin 10mg en ligne","description":"Acheter Ritalin en ligne, acheter Ritalin (Methylphenidate) 10mg en ligne sans ordonnance, Si c'est la question o\u00f9 acheter Ritalin en ligne","robots":{"index":"index","follow":"follow","max-snippet":"max-snippet:-1","max-image-preview":"max-image-preview:large","max-video-preview":"max-video-preview:-1"},"canonical":"https:\/\/buy-prescriptionz.com\/fr\/produit\/acheter-ritalin-online-3\/","og_locale":"fr_FR","og_type":"article","og_title":"Buy Ritalin Online for Sale @ Best Price - Buy Ritalin 10mg Online","og_description":"Buy Ritalin Online, buy Ritalin (Methylphenidate) 10mg online without any prescription, If this is the question where to buy Ritalin online","og_url":"https:\/\/buy-prescriptionz.com\/fr\/produit\/acheter-ritalin-online-3\/","og_site_name":"Buy Prescriptionz","article_modified_time":"2025-09-25T12:45:43+00:00","og_image":[{"width":400,"height":300,"url":"https:\/\/buy-prescriptionz.com\/wp-content\/uploads\/2025\/09\/ritalin.jpg","type":"image\/jpeg"}],"twitter_card":"summary_large_image","twitter_misc":{"Dur\u00e9e de lecture estim\u00e9e":"4 minutes"},"schema":{"@context":"https:\/\/schema.org","@graph":[{"@type":"WebPage","@id":"https:\/\/buy-prescriptionz.com\/product\/buy-ritalin-online\/","url":"https:\/\/buy-prescriptionz.com\/product\/buy-ritalin-online\/","name":"Achat de Ritalin en ligne \u00e0 vendre au meilleur prix - Achat de Ritalin 10mg en ligne","isPartOf":{"@id":"https:\/\/buy-prescriptionz.com\/#website"},"primaryImageOfPage":{"@id":"https:\/\/buy-prescriptionz.com\/product\/buy-ritalin-online\/#primaryimage"},"image":{"@id":"https:\/\/buy-prescriptionz.com\/product\/buy-ritalin-online\/#primaryimage"},"thumbnailUrl":"https:\/\/buy-prescriptionz.com\/wp-content\/uploads\/2025\/09\/ritalin.jpg","datePublished":"2025-09-16T08:56:10+00:00","dateModified":"2025-09-25T12:45:43+00:00","description":"Acheter Ritalin en ligne, acheter Ritalin (Methylphenidate) 10mg en ligne sans ordonnance, Si c'est la question o\u00f9 acheter Ritalin en ligne","breadcrumb":{"@id":"https:\/\/buy-prescriptionz.com\/product\/buy-ritalin-online\/#breadcrumb"},"inLanguage":"fr-FR","potentialAction":[{"@type":"ReadAction","target":["https:\/\/buy-prescriptionz.com\/product\/buy-ritalin-online\/"]}]},{"@type":"ImageObject","inLanguage":"fr-FR","@id":"https:\/\/buy-prescriptionz.com\/product\/buy-ritalin-online\/#primaryimage","url":"https:\/\/buy-prescriptionz.com\/wp-content\/uploads\/2025\/09\/ritalin.jpg","contentUrl":"https:\/\/buy-prescriptionz.com\/wp-content\/uploads\/2025\/09\/ritalin.jpg","width":400,"height":300},{"@type":"BreadcrumbList","@id":"https:\/\/buy-prescriptionz.com\/product\/buy-ritalin-online\/#breadcrumb","itemListElement":[{"@type":"ListItem","position":1,"name":"Home","item":"https:\/\/buy-prescriptionz.com\/"},{"@type":"ListItem","position":2,"name":"Shop Painkillers Online","item":"https:\/\/buy-prescriptionz.com\/shop-painkillers-online\/"},{"@type":"ListItem","position":3,"name":"Buy Ritalin Online"}]},{"@type":"WebSite","@id":"https:\/\/buy-prescriptionz.com\/#website","url":"https:\/\/buy-prescriptionz.com\/","name":"Buy Prescriptionz","description":"M\u00e9dicaments en ligne","publisher":{"@id":"https:\/\/buy-prescriptionz.com\/#organization"},"potentialAction":[{"@type":"SearchAction","target":{"@type":"EntryPoint","urlTemplate":"https:\/\/buy-prescriptionz.com\/?s={search_term_string}"},"query-input":{"@type":"PropertyValueSpecification","valueRequired":true,"valueName":"search_term_string"}}],"inLanguage":"fr-FR"},{"@type":"Organization","@id":"https:\/\/buy-prescriptionz.com\/#organization","name":"Buy Prescriptionz","url":"https:\/\/buy-prescriptionz.com\/","logo":{"@type":"ImageObject","inLanguage":"fr-FR","@id":"https:\/\/buy-prescriptionz.com\/#\/schema\/logo\/image\/","url":"https:\/\/buy-prescriptionz.com\/wp-content\/uploads\/2023\/09\/logo.png","contentUrl":"https:\/\/buy-prescriptionz.com\/wp-content\/uploads\/2023\/09\/logo.png","width":350,"height":64,"caption":"Buy Prescriptionz"},"image":{"@id":"https:\/\/buy-prescriptionz.com\/#\/schema\/logo\/image\/"}}]}},"_links":{"self":[{"href":"https:\/\/buy-prescriptionz.com\/fr\/wp-json\/wp\/v2\/product\/3058","targetHints":{"allow":["GET"]}}],"collection":[{"href":"https:\/\/buy-prescriptionz.com\/fr\/wp-json\/wp\/v2\/product"}],"about":[{"href":"https:\/\/buy-prescriptionz.com\/fr\/wp-json\/wp\/v2\/types\/product"}],"replies":[{"embeddable":true,"href":"https:\/\/buy-prescriptionz.com\/fr\/wp-json\/wp\/v2\/comments?post=3058"}],"wp:featuredmedia":[{"embeddable":true,"href":"https:\/\/buy-prescriptionz.com\/fr\/wp-json\/wp\/v2\/media\/3088"}],"wp:attachment":[{"href":"https:\/\/buy-prescriptionz.com\/fr\/wp-json\/wp\/v2\/media?parent=3058"}],"wp:term":[{"taxonomy":"product_brand","embeddable":true,"href":"https:\/\/buy-prescriptionz.com\/fr\/wp-json\/wp\/v2\/product_brand?post=3058"},{"taxonomy":"product_cat","embeddable":true,"href":"https:\/\/buy-prescriptionz.com\/fr\/wp-json\/wp\/v2\/product_cat?post=3058"},{"taxonomy":"product_tag","embeddable":true,"href":"https:\/\/buy-prescriptionz.com\/fr\/wp-json\/wp\/v2\/product_tag?post=3058"}],"curies":[{"name":"wp","href":"https:\/\/api.w.org\/{rel}","templated":true}]}}